{"id":96167,"date":"2025-06-16T13:30:30","date_gmt":"2025-06-16T11:30:30","guid":{"rendered":"https:\/\/cannoni-conrad.com\/?post_type=product&#038;p=96167"},"modified":"2026-01-07T12:01:43","modified_gmt":"2026-01-07T11:01:43","slug":"station-autonome-39","status":"publish","type":"product","link":"https:\/\/cannoni-conrad.com\/fr\/abbattimento-polveri\/stazioni-autonome\/stazione-autonoma-39\/","title":{"rendered":"Station autonome #39"},"content":{"rendered":"<div data-elementor-type=\"product-post\" data-elementor-id=\"96167\" class=\"elementor elementor-96167\" data-elementor-post-type=\"product\">\n\t\t\t\t<div class=\"elementor-element elementor-element-711c0ac e-grid e-con-boxed e-con e-child\" data-id=\"711c0ac\" data-element_type=\"container\" data-e-type=\"container\">\n\t\t\t\t\t<div class=\"e-con-inner\">\n\t\t<div class=\"elementor-element elementor-element-d14262f e-con-full e-flex e-con e-child\" data-id=\"d14262f\" data-element_type=\"container\" data-e-type=\"container\" data-settings=\"{&quot;background_background&quot;:&quot;classic&quot;}\">\n\t\t\t\t<div class=\"elementor-element elementor-element-1eab237 elementor-widget elementor-widget-image\" data-id=\"1eab237\" data-element_type=\"widget\" data-e-type=\"widget\" data-widget_type=\"image.default\">\n\t\t\t\t<div class=\"elementor-widget-container\">\n\t\t\t\t\t\t\t\t\t\t\t\t\t\t\t<img decoding=\"async\" width=\"1600\" height=\"1200\" src=\"https:\/\/cannoni-conrad.com\/wp-content\/uploads\/2024\/04\/collaudo-Garc-876-03-24_3.jpg\" class=\"attachment-full size-full wp-image-93507\" alt=\"\" srcset=\"https:\/\/cannoni-conrad.com\/wp-content\/uploads\/2024\/04\/collaudo-Garc-876-03-24_3.jpg 1600w, https:\/\/cannoni-conrad.com\/wp-content\/uploads\/2024\/04\/collaudo-Garc-876-03-24_3-768x576.jpg 768w, https:\/\/cannoni-conrad.com\/wp-content\/uploads\/2024\/04\/collaudo-Garc-876-03-24_3-1536x1152.jpg 1536w, https:\/\/cannoni-conrad.com\/wp-content\/uploads\/2024\/04\/collaudo-Garc-876-03-24_3-16x12.jpg 16w, https:\/\/cannoni-conrad.com\/wp-content\/uploads\/2024\/04\/collaudo-Garc-876-03-24_3-800x600.jpg 800w\" sizes=\"(max-width: 1600px) 100vw, 1600px\" \/>\t\t\t\t\t\t\t\t\t\t\t\t\t\t\t<\/div>\n\t\t\t\t<\/div>\n\t\t\t\t<div class=\"elementor-element elementor-element-f4736c7 elementor-widget elementor-widget-heading\" data-id=\"f4736c7\" data-element_type=\"widget\" data-e-type=\"widget\" data-widget_type=\"heading.default\">\n\t\t\t\t<div class=\"elementor-widget-container\">\n\t\t\t\t\t<h2 class=\"elementor-heading-title elementor-size-default\">Mise en place<\/h2>\t\t\t\t<\/div>\n\t\t\t\t<\/div>\n\t\t\t\t<div class=\"elementor-element elementor-element-d1cdd07 elementor-widget elementor-widget-text-editor\" data-id=\"d1cdd07\" data-element_type=\"widget\" data-e-type=\"widget\" data-widget_type=\"text-editor.default\">\n\t\t\t\t<div class=\"elementor-widget-container\">\n\t\t\t\t\t\t\t\t\t<p>Station autonome compl\u00e8te avec :<\/p><ul><li><a href=\"http:\/\/cannoni-conrad.com\/fr\/suppression-des-poussieres\/systemes-electroniques-2\/conrad-c32\/\">CANON CONRAD C32<\/a><\/li><li>BRAS ARTICUL\u00c9<\/li><li>-PLC INT\u00c9GR\u00c9\u00a0<\/li><li>-R\u00c9SERVOIR EN ACIER 5000 L. FABRIQU\u00c9 AU TALON<\/li><li>-GROUPE \u00c9LECTROG\u00c8NE DIESEL<\/li><li>-SELLE PERSONNALIS\u00c9E DE 4,40 M\u00c8TRES POUR LES CAMIONS \u00c9QUIP\u00c9S D'UN ATTELAGE DE REMORQUE<\/li><li>-T\u00c9L\u00c9COMMANDE \u00c0 12 TOUCHES<\/li><li>-KIT INDUSTRIE 4.0<\/li><\/ul>\t\t\t\t\t\t\t\t<\/div>\n\t\t\t\t<\/div>\n\t\t\t\t<\/div>\n\t\t<div class=\"elementor-element elementor-element-017c8e4 e-con-full e-flex e-con e-child\" data-id=\"017c8e4\" data-element_type=\"container\" data-e-type=\"container\" data-settings=\"{&quot;background_background&quot;:&quot;classic&quot;}\">\n\t\t\t\t<div class=\"elementor-element elementor-element-adc9f4f elementor-widget elementor-widget-image\" data-id=\"adc9f4f\" data-element_type=\"widget\" data-e-type=\"widget\" data-widget_type=\"image.default\">\n\t\t\t\t<div class=\"elementor-widget-container\">\n\t\t\t\t\t\t\t\t\t\t\t\t\t\t\t<img decoding=\"async\" width=\"800\" height=\"651\" src=\"https:\/\/cannoni-conrad.com\/wp-content\/uploads\/2024\/04\/collaudo-Garc-876-03-24_4-cut_.jpg\" class=\"attachment-large size-large wp-image-93530\" alt=\"\" srcset=\"https:\/\/cannoni-conrad.com\/wp-content\/uploads\/2024\/04\/collaudo-Garc-876-03-24_4-cut_.jpg 1285w, https:\/\/cannoni-conrad.com\/wp-content\/uploads\/2024\/04\/collaudo-Garc-876-03-24_4-cut_-768x625.jpg 768w, https:\/\/cannoni-conrad.com\/wp-content\/uploads\/2024\/04\/collaudo-Garc-876-03-24_4-cut_-15x12.jpg 15w, https:\/\/cannoni-conrad.com\/wp-content\/uploads\/2024\/04\/collaudo-Garc-876-03-24_4-cut_-800x651.jpg 800w\" sizes=\"(max-width: 800px) 100vw, 800px\" \/>\t\t\t\t\t\t\t\t\t\t\t\t\t\t\t<\/div>\n\t\t\t\t<\/div>\n\t\t\t\t<div class=\"elementor-element elementor-element-cf7b40c elementor-widget elementor-widget-heading\" data-id=\"cf7b40c\" data-element_type=\"widget\" data-e-type=\"widget\" data-widget_type=\"heading.default\">\n\t\t\t\t<div class=\"elementor-widget-container\">\n\t\t\t\t\t<h2 class=\"elementor-heading-title elementor-size-default\">LA SELLE D\u00c9CHARG\u00c9E<\/h2>\t\t\t\t<\/div>\n\t\t\t\t<\/div>\n\t\t\t\t<div class=\"elementor-element elementor-element-775c962 elementor-widget elementor-widget-text-editor\" data-id=\"775c962\" data-element_type=\"widget\" data-e-type=\"widget\" data-widget_type=\"text-editor.default\">\n\t\t\t\t<div class=\"elementor-widget-container\">\n\t\t\t\t\t\t\t\t\t<p>La selle est con\u00e7ue sur mesure pour le camion sur lequel elle doit \u00eatre charg\u00e9e. Dans ce cas, la conception a \u00e9t\u00e9 bas\u00e9e sur une selle de 4,40 m\u00e8tres de long, car le camion \u00e0 \u00e9quiper \u00e9tait un camion \u00e0 deux essieux.<\/p><p>La selle a \u00e9t\u00e9 \u00e9quip\u00e9e du canon de d\u00e9poussi\u00e9rage C32, d'un PLC complet pour g\u00e9rer tous les automatismes, du g\u00e9n\u00e9rateur diesel et d'un r\u00e9servoir en acier d'une capacit\u00e9 de 5000 litres fabriqu\u00e9 sur mesure pour respecter les dimensions de la selle.<\/p>\t\t\t\t\t\t\t\t<\/div>\n\t\t\t\t<\/div>\n\t\t\t\t<\/div>\n\t\t<div class=\"elementor-element elementor-element-5d765fc e-con-full e-flex e-con e-child\" data-id=\"5d765fc\" data-element_type=\"container\" data-e-type=\"container\" data-settings=\"{&quot;background_background&quot;:&quot;classic&quot;}\">\n\t\t\t\t<div class=\"elementor-element elementor-element-e4c5a99 elementor-widget elementor-widget-image\" data-id=\"e4c5a99\" data-element_type=\"widget\" data-e-type=\"widget\" data-widget_type=\"image.default\">\n\t\t\t\t<div class=\"elementor-widget-container\">\n\t\t\t\t\t\t\t\t\t\t\t\t\t\t\t<img decoding=\"async\" width=\"468\" height=\"337\" src=\"https:\/\/cannoni-conrad.com\/wp-content\/uploads\/2020\/12\/plc-cannoni.jpg\" class=\"attachment-full size-full wp-image-93353\" alt=\"\" srcset=\"https:\/\/cannoni-conrad.com\/wp-content\/uploads\/2020\/12\/plc-cannoni.jpg 468w, https:\/\/cannoni-conrad.com\/wp-content\/uploads\/2020\/12\/plc-cannoni-18x12.jpg 18w\" sizes=\"(max-width: 468px) 100vw, 468px\" \/>\t\t\t\t\t\t\t\t\t\t\t\t\t\t\t<\/div>\n\t\t\t\t<\/div>\n\t\t\t\t<div class=\"elementor-element elementor-element-a3bd123 elementor-widget elementor-widget-heading\" data-id=\"a3bd123\" data-element_type=\"widget\" data-e-type=\"widget\" data-widget_type=\"heading.default\">\n\t\t\t\t<div class=\"elementor-widget-container\">\n\t\t\t\t\t<h2 class=\"elementor-heading-title elementor-size-default\">LE PLC<\/h2>\t\t\t\t<\/div>\n\t\t\t\t<\/div>\n\t\t\t\t<div class=\"elementor-element elementor-element-281a78d elementor-widget elementor-widget-text-editor\" data-id=\"281a78d\" data-element_type=\"widget\" data-e-type=\"widget\" data-widget_type=\"text-editor.default\">\n\t\t\t\t<div class=\"elementor-widget-container\">\n\t\t\t\t\t\t\t\t\t<p>L'automate install\u00e9 sur cette machine est le plus performant car il permet de g\u00e9rer tous les automatismes de la machine.<\/p><p>Mise en marche et arr\u00eat du ventilateur<\/p><p>Activation des \u00e9lectrovannes et s\u00e9lection des buses de travail (32+32)<\/p><p>Activation du chauffage de la couronne pour les temp\u00e9ratures n\u00e9gatives<\/p><p>R\u00e9glage de la rotation de 0\u00b0 \u00e0 340*.<\/p><p>R\u00e9glage de l'inclinaison verticale du canon<\/p><p>Mouvement du bras articul\u00e9<\/p><p>Minuterie de pause au travail<\/p><p>Programmation hebdomadaire et journali\u00e8re avec des plages horaires<\/p><p>\u00a0<\/p>\t\t\t\t\t\t\t\t<\/div>\n\t\t\t\t<\/div>\n\t\t\t\t<\/div>\n\t\t\t\t\t<\/div>\n\t\t\t\t<\/div>\n\t\t<div class=\"elementor-element elementor-element-6a1496d e-flex e-con-boxed e-con e-parent\" data-id=\"6a1496d\" data-element_type=\"container\" data-e-type=\"container\" data-settings=\"{&quot;background_background&quot;:&quot;classic&quot;}\">\n\t\t\t\t\t<div class=\"e-con-inner\">\n\t\t\t\t<div class=\"elementor-element elementor-element-2d3a8bd elementor-widget elementor-widget-heading\" data-id=\"2d3a8bd\" data-element_type=\"widget\" data-e-type=\"widget\" data-widget_type=\"heading.default\">\n\t\t\t\t<div class=\"elementor-widget-container\">\n\t\t\t\t\t<h3 class=\"elementor-heading-title elementor-size-default\">DOMAINES D'UTILISATION<\/h3>\t\t\t\t<\/div>\n\t\t\t\t<\/div>\n\t\t\t\t<div class=\"elementor-element elementor-element-35d34ca elementor-widget elementor-widget-text-editor\" data-id=\"35d34ca\" data-element_type=\"widget\" data-e-type=\"widget\" data-widget_type=\"text-editor.default\">\n\t\t\t\t<div class=\"elementor-widget-container\">\n\t\t\t\t\t\t\t\t\t<p>Cette station d'abattement est une excellente solution dans le domaine de la d\u00e9molition, adapt\u00e9e aux excavateurs \u00e9quip\u00e9s d'un grappin de d\u00e9molition. La fl\u00e8che articul\u00e9e qui s'\u00e9l\u00e8ve \u00e0 plus de 7 m\u00e8tres (5,5 m\u00e8tres + la hauteur de la benne du camion) permet au canon d'intercepter la poussi\u00e8re par le haut, en la ramenant plus rapidement au sol.<\/p>\t\t\t\t\t\t\t\t<\/div>\n\t\t\t\t<\/div>\n\t\t\t\t<div class=\"elementor-element elementor-element-63a3812 elementor-widget elementor-widget-video\" data-id=\"63a3812\" data-element_type=\"widget\" data-e-type=\"widget\" data-settings=\"{&quot;youtube_url&quot;:&quot;https:\\\/\\\/www.youtube.com\\\/watch?v=COmqCGBjKa0&quot;,&quot;video_type&quot;:&quot;youtube&quot;,&quot;controls&quot;:&quot;yes&quot;}\" data-widget_type=\"video.default\">\n\t\t\t\t<div class=\"elementor-widget-container\">\n\t\t\t\t\t\t\t<div class=\"elementor-wrapper elementor-open-inline\">\n\t\t\t<div class=\"elementor-video\"><\/div>\t\t<\/div>\n\t\t\t\t\t\t<\/div>\n\t\t\t\t<\/div>\n\t\t\t\t\t<\/div>\n\t\t\t\t<\/div>\n\t\t\t\t<\/div>","protected":false},"excerpt":{"rendered":"<p>La station autonome #39 est une solution compl\u00e8te et autonome de suppression des poussi\u00e8res, avec un pistolet de pulv\u00e9risation, un r\u00e9servoir de 5 000 litres et un g\u00e9n\u00e9rateur diesel. La station est install\u00e9e sur une selle de camion personnalis\u00e9e avec un attelage de remorque et dispose d'un automate programmable avanc\u00e9 pour g\u00e9rer l'automatisation et la programmation.<\/p>","protected":false},"featured_media":96168,"template":"","meta":{"_acf_changed":false},"product_brand":[],"product_cat":[947],"product_tag":[1294],"class_list":{"0":"post-96167","1":"product","2":"type-product","3":"status-publish","4":"has-post-thumbnail","6":"product_cat-stazioni-autonome","7":"product_tag-cannone-nebulizzatore-30-metri","9":"first","10":"instock","11":"taxable","12":"shipping-taxable","13":"product-type-simple"},"acf":[],"_links":{"self":[{"href":"https:\/\/cannoni-conrad.com\/fr\/wp-json\/wp\/v2\/product\/96167","targetHints":{"allow":["GET"]}}],"collection":[{"href":"https:\/\/cannoni-conrad.com\/fr\/wp-json\/wp\/v2\/product"}],"about":[{"href":"https:\/\/cannoni-conrad.com\/fr\/wp-json\/wp\/v2\/types\/product"}],"version-history":[{"count":0,"href":"https:\/\/cannoni-conrad.com\/fr\/wp-json\/wp\/v2\/product\/96167\/revisions"}],"wp:featuredmedia":[{"embeddable":true,"href":"https:\/\/cannoni-conrad.com\/fr\/wp-json\/wp\/v2\/media\/96168"}],"wp:attachment":[{"href":"https:\/\/cannoni-conrad.com\/fr\/wp-json\/wp\/v2\/media?parent=96167"}],"wp:term":[{"taxonomy":"product_brand","embeddable":true,"href":"https:\/\/cannoni-conrad.com\/fr\/wp-json\/wp\/v2\/product_brand?post=96167"},{"taxonomy":"product_cat","embeddable":true,"href":"https:\/\/cannoni-conrad.com\/fr\/wp-json\/wp\/v2\/product_cat?post=96167"},{"taxonomy":"product_tag","embeddable":true,"href":"https:\/\/cannoni-conrad.com\/fr\/wp-json\/wp\/v2\/product_tag?post=96167"}],"curies":[{"name":"wp","href":"https:\/\/api.w.org\/{rel}","templated":true}]}}