{"id":96156,"date":"2025-06-16T13:05:04","date_gmt":"2025-06-16T11:05:04","guid":{"rendered":"https:\/\/cannoni-conrad.com\/?post_type=product&#038;p=96156"},"modified":"2025-06-16T13:20:46","modified_gmt":"2025-06-16T11:20:46","slug":"station-autonome-37","status":"publish","type":"product","link":"https:\/\/cannoni-conrad.com\/fr\/abbattimento-polveri\/stazioni-autonome\/stazione-autonoma-37\/","title":{"rendered":"Station autonome #37"},"content":{"rendered":"<div data-elementor-type=\"product-post\" data-elementor-id=\"96156\" class=\"elementor elementor-96156\" data-elementor-post-type=\"product\">\n\t\t\t\t<div class=\"elementor-element elementor-element-6a1496d e-flex e-con-boxed e-con e-parent\" data-id=\"6a1496d\" data-element_type=\"container\" data-e-type=\"container\">\n\t\t\t\t\t<div class=\"e-con-inner\">\n\t\t<div class=\"elementor-element elementor-element-02ef626 e-grid e-con-full e-con e-child\" data-id=\"02ef626\" data-element_type=\"container\" data-e-type=\"container\">\n\t\t<div class=\"elementor-element elementor-element-082e5b3 e-flex e-con-boxed e-con e-child\" data-id=\"082e5b3\" data-element_type=\"container\" data-e-type=\"container\" data-settings=\"{&quot;background_background&quot;:&quot;classic&quot;}\">\n\t\t\t\t\t<div class=\"e-con-inner\">\n\t\t\t\t<div class=\"elementor-element elementor-element-61c6fc8 elementor-widget elementor-widget-image\" data-id=\"61c6fc8\" data-element_type=\"widget\" data-e-type=\"widget\" data-widget_type=\"image.default\">\n\t\t\t\t<div class=\"elementor-widget-container\">\n\t\t\t\t\t\t\t\t\t\t\t\t\t\t\t<img decoding=\"async\" width=\"650\" height=\"488\" src=\"https:\/\/cannoni-conrad.com\/wp-content\/uploads\/2022\/04\/C42-promisa-Media.jpg\" class=\"attachment-medium size-medium wp-image-89300\" alt=\"\" srcset=\"https:\/\/cannoni-conrad.com\/wp-content\/uploads\/2022\/04\/C42-promisa-Media.jpg 1024w, https:\/\/cannoni-conrad.com\/wp-content\/uploads\/2022\/04\/C42-promisa-Media-800x600.jpg 800w, https:\/\/cannoni-conrad.com\/wp-content\/uploads\/2022\/04\/C42-promisa-Media-768x576.jpg 768w, https:\/\/cannoni-conrad.com\/wp-content\/uploads\/2022\/04\/C42-promisa-Media-16x12.jpg 16w\" sizes=\"(max-width: 650px) 100vw, 650px\" \/>\t\t\t\t\t\t\t\t\t\t\t\t\t\t\t<\/div>\n\t\t\t\t<\/div>\n\t\t\t\t<div class=\"elementor-element elementor-element-f148532 elementor-widget elementor-widget-heading\" data-id=\"f148532\" data-element_type=\"widget\" data-e-type=\"widget\" data-widget_type=\"heading.default\">\n\t\t\t\t<div class=\"elementor-widget-container\">\n\t\t\t\t\t<h2 class=\"elementor-heading-title elementor-size-default\">\u00c0 CHAQUE EMPLOI SA STATION DE CONRAD<\/h2>\t\t\t\t<\/div>\n\t\t\t\t<\/div>\n\t\t\t\t<div class=\"elementor-element elementor-element-7425363 elementor-widget elementor-widget-text-editor\" data-id=\"7425363\" data-element_type=\"widget\" data-e-type=\"widget\" data-widget_type=\"text-editor.default\">\n\t\t\t\t<div class=\"elementor-widget-container\">\n\t\t\t\t\t\t\t\t\t<p>La station de d\u00e9poussi\u00e9rage Conrad, install\u00e9e sur une base mobile, est une solution autonome pour le d\u00e9poussi\u00e9rage professionnel avec <strong>raccords sur mesure<\/strong> et con\u00e7u en collaboration avec le client.\u00a0<\/p><p>La version pour chariot \u00e9l\u00e9vateur convient dans les contextes o\u00f9 le point d'origine des poussi\u00e8res ou des odeurs est connu et concentr\u00e9, comme les machines fixes et les zones de stockage de mat\u00e9riaux d\u00e9finies.<\/p>\t\t\t\t\t\t\t\t<\/div>\n\t\t\t\t<\/div>\n\t\t\t\t\t<\/div>\n\t\t\t\t<\/div>\n\t\t<div class=\"elementor-element elementor-element-c2bc299 e-flex e-con-boxed e-con e-child\" data-id=\"c2bc299\" data-element_type=\"container\" data-e-type=\"container\" data-settings=\"{&quot;background_background&quot;:&quot;classic&quot;}\">\n\t\t\t\t\t<div class=\"e-con-inner\">\n\t\t\t\t<div class=\"elementor-element elementor-element-82c21ef elementor-widget elementor-widget-image\" data-id=\"82c21ef\" data-element_type=\"widget\" data-e-type=\"widget\" data-widget_type=\"image.default\">\n\t\t\t\t<div class=\"elementor-widget-container\">\n\t\t\t\t\t\t\t\t\t\t\t\t\t\t\t<img decoding=\"async\" width=\"650\" height=\"488\" src=\"https:\/\/cannoni-conrad.com\/wp-content\/uploads\/2023\/05\/C32-AS-braccio-aricolato-Media.jpg\" class=\"attachment-medium size-medium wp-image-92171\" alt=\"\" srcset=\"https:\/\/cannoni-conrad.com\/wp-content\/uploads\/2023\/05\/C32-AS-braccio-aricolato-Media.jpg 1024w, https:\/\/cannoni-conrad.com\/wp-content\/uploads\/2023\/05\/C32-AS-braccio-aricolato-Media-800x600.jpg 800w, https:\/\/cannoni-conrad.com\/wp-content\/uploads\/2023\/05\/C32-AS-braccio-aricolato-Media-768x576.jpg 768w, https:\/\/cannoni-conrad.com\/wp-content\/uploads\/2023\/05\/C32-AS-braccio-aricolato-Media-16x12.jpg 16w\" sizes=\"(max-width: 650px) 100vw, 650px\" \/>\t\t\t\t\t\t\t\t\t\t\t\t\t\t\t<\/div>\n\t\t\t\t<\/div>\n\t\t\t\t<div class=\"elementor-element elementor-element-5330ecd elementor-widget elementor-widget-heading\" data-id=\"5330ecd\" data-element_type=\"widget\" data-e-type=\"widget\" data-widget_type=\"heading.default\">\n\t\t\t\t<div class=\"elementor-widget-container\">\n\t\t\t\t\t<h2 class=\"elementor-heading-title elementor-size-default\">BRAS ARTICUL\u00c9<\/h2>\t\t\t\t<\/div>\n\t\t\t\t<\/div>\n\t\t\t\t<div class=\"elementor-element elementor-element-5e7c139 elementor-widget elementor-widget-text-editor\" data-id=\"5e7c139\" data-element_type=\"widget\" data-e-type=\"widget\" data-widget_type=\"text-editor.default\">\n\t\t\t\t<div class=\"elementor-widget-container\">\n\t\t\t\t\t\t\t\t\t<p>Notre installation de pulv\u00e9risation \u00e0 rampe articul\u00e9e est l'une des mieux \u00e9quip\u00e9es du secteur. Sa port\u00e9e permet \u00e0 la turbine d'atteindre une hauteur d'environ 5,5 m\u00e8tres. Au sommet, la couronne d'orientation g\u00e8re la rotation pour orienter le jet avec pr\u00e9cision et le moteur d'inclinaison permet d'incliner le jet de -10\u00b0 \u00e0 + 45\u00b0.\u00a0\u00a0<\/p><p>L'\u00e9quipement pr\u00e9vu du pulv\u00e9risateur sur un bras articul\u00e9\/pantographe permet au pistolet de s'\u00e9lever au-dessus des machines telles que les cribles, les broyeurs, les bandes transporteuses et les tr\u00e9mies de d\u00e9chargement qui g\u00e9n\u00e8rent des poussi\u00e8res et des odeurs, agissant du haut vers le bas et r\u00e9duisant encore plus facilement les \u00e9missions qui doivent \u00eatre contr\u00f4l\u00e9es et r\u00e9duites.<\/p>\t\t\t\t\t\t\t\t<\/div>\n\t\t\t\t<\/div>\n\t\t\t\t\t<\/div>\n\t\t\t\t<\/div>\n\t\t<div class=\"elementor-element elementor-element-79d86ce e-flex e-con-boxed e-con e-child\" data-id=\"79d86ce\" data-element_type=\"container\" data-e-type=\"container\" data-settings=\"{&quot;background_background&quot;:&quot;classic&quot;}\">\n\t\t\t\t\t<div class=\"e-con-inner\">\n\t\t\t\t<div class=\"elementor-element elementor-element-bd51ad6 elementor-widget elementor-widget-image\" data-id=\"bd51ad6\" data-element_type=\"widget\" data-e-type=\"widget\" data-widget_type=\"image.default\">\n\t\t\t\t<div class=\"elementor-widget-container\">\n\t\t\t\t\t\t\t\t\t\t\t\t\t\t\t<img decoding=\"async\" width=\"650\" height=\"488\" src=\"https:\/\/cannoni-conrad.com\/wp-content\/uploads\/2021\/11\/IMG_20171010_165746-Medium.jpg\" class=\"attachment-medium size-medium wp-image-87918\" alt=\"\" srcset=\"https:\/\/cannoni-conrad.com\/wp-content\/uploads\/2021\/11\/IMG_20171010_165746-Medium.jpg 1024w, https:\/\/cannoni-conrad.com\/wp-content\/uploads\/2021\/11\/IMG_20171010_165746-Medium-800x600.jpg 800w, https:\/\/cannoni-conrad.com\/wp-content\/uploads\/2021\/11\/IMG_20171010_165746-Medium-768x576.jpg 768w, https:\/\/cannoni-conrad.com\/wp-content\/uploads\/2021\/11\/IMG_20171010_165746-Medium-16x12.jpg 16w\" sizes=\"(max-width: 650px) 100vw, 650px\" \/>\t\t\t\t\t\t\t\t\t\t\t\t\t\t\t<\/div>\n\t\t\t\t<\/div>\n\t\t\t\t<div class=\"elementor-element elementor-element-6d96c49 elementor-widget elementor-widget-heading\" data-id=\"6d96c49\" data-element_type=\"widget\" data-e-type=\"widget\" data-widget_type=\"heading.default\">\n\t\t\t\t<div class=\"elementor-widget-container\">\n\t\t\t\t\t<h2 class=\"elementor-heading-title elementor-size-default\">Automate int\u00e9gr\u00e9<\/h2>\t\t\t\t<\/div>\n\t\t\t\t<\/div>\n\t\t\t\t<div class=\"elementor-element elementor-element-c9fc17b elementor-widget elementor-widget-text-editor\" data-id=\"c9fc17b\" data-element_type=\"widget\" data-e-type=\"widget\" data-widget_type=\"text-editor.default\">\n\t\t\t\t<div class=\"elementor-widget-container\">\n\t\t\t\t\t\t\t\t\t<ul><li>Contr\u00f4le de la rotation de 0\u00b0 \u00e0 340<\/li><li>Contr\u00f4le de l'inclinaison de -20\u00b0 \u00e0 + 45\u00b0.<\/li><li>Mouvement de haut en bas dans le mod\u00e8le \u00e0 bras articul\u00e9<\/li><li>R\u00e9glage de l'angle de travail D\u00e9marrage<\/li><li>Alimentation en eau du Fan Start (pompe moteur\/ \u00e9lectrovannes)<\/li><li>Planification hebdomadaire du travail (3 cycles quotidiens de marche\/arr\u00eat)<\/li><li>S\u00e9lection active de la buse<\/li><li>Allumer ou \u00e9teindre le chauffage de la couronne<\/li><li>Allumer ou \u00e9teindre le chauffage du phare<\/li><li>Mise en marche ou arr\u00eat du chauffage de la radiocommande<\/li><\/ul>\t\t\t\t\t\t\t\t<\/div>\n\t\t\t\t<\/div>\n\t\t\t\t\t<\/div>\n\t\t\t\t<\/div>\n\t\t\t\t<\/div>\n\t\t\t\t\t<\/div>\n\t\t\t\t<\/div>\n\t\t\t\t<\/div>","protected":false},"excerpt":{"rendered":"<p class=\"p1\"><b>Station autonome de d\u00e9poussi\u00e9rage, mont\u00e9e sur un patin autoport\u00e9 avec pistolet de pulv\u00e9risation, r\u00e9servoir d'eau et g\u00e9n\u00e9rateur diesel.<\/b><b><\/b><\/p>\n<p class=\"p3\">Personnalisable avec des accessoires tels que la radiocommande, la pompe de r\u00e9duction des odeurs et le kit Industrie 4.0.<\/p>\n<p class=\"p3\">Id\u00e9al pour le contr\u00f4le des poussi\u00e8res et des odeurs dans les usines de compostage et de gestion des d\u00e9chets non dangereux.<\/p>","protected":false},"featured_media":96018,"template":"","meta":{"_acf_changed":false},"product_brand":[],"product_cat":[947],"product_tag":[1294],"class_list":{"0":"post-96156","1":"product","2":"type-product","3":"status-publish","4":"has-post-thumbnail","6":"product_cat-stazioni-autonome","7":"product_tag-cannone-nebulizzatore-30-metri","9":"first","10":"instock","11":"taxable","12":"shipping-taxable","13":"product-type-simple"},"acf":[],"_links":{"self":[{"href":"https:\/\/cannoni-conrad.com\/fr\/wp-json\/wp\/v2\/product\/96156","targetHints":{"allow":["GET"]}}],"collection":[{"href":"https:\/\/cannoni-conrad.com\/fr\/wp-json\/wp\/v2\/product"}],"about":[{"href":"https:\/\/cannoni-conrad.com\/fr\/wp-json\/wp\/v2\/types\/product"}],"version-history":[{"count":0,"href":"https:\/\/cannoni-conrad.com\/fr\/wp-json\/wp\/v2\/product\/96156\/revisions"}],"wp:featuredmedia":[{"embeddable":true,"href":"https:\/\/cannoni-conrad.com\/fr\/wp-json\/wp\/v2\/media\/96018"}],"wp:attachment":[{"href":"https:\/\/cannoni-conrad.com\/fr\/wp-json\/wp\/v2\/media?parent=96156"}],"wp:term":[{"taxonomy":"product_brand","embeddable":true,"href":"https:\/\/cannoni-conrad.com\/fr\/wp-json\/wp\/v2\/product_brand?post=96156"},{"taxonomy":"product_cat","embeddable":true,"href":"https:\/\/cannoni-conrad.com\/fr\/wp-json\/wp\/v2\/product_cat?post=96156"},{"taxonomy":"product_tag","embeddable":true,"href":"https:\/\/cannoni-conrad.com\/fr\/wp-json\/wp\/v2\/product_tag?post=96156"}],"curies":[{"name":"wp","href":"https:\/\/api.w.org\/{rel}","templated":true}]}}