{"id":96038,"date":"2025-06-15T16:15:03","date_gmt":"2025-06-15T14:15:03","guid":{"rendered":"https:\/\/cannoni-conrad.com\/?post_type=product&#038;p=96038"},"modified":"2025-06-15T16:27:23","modified_gmt":"2025-06-15T14:27:23","slug":"station-autonome-21","status":"publish","type":"product","link":"https:\/\/cannoni-conrad.com\/fr\/abbattimento-polveri\/stazioni-autonome\/stazione-autonoma-21\/","title":{"rendered":"Station autonome #21"},"content":{"rendered":"<div data-elementor-type=\"product-post\" data-elementor-id=\"96038\" class=\"elementor elementor-96038\" data-elementor-post-type=\"product\">\n\t\t\t\t<div class=\"elementor-element elementor-element-727fb0e e-flex e-con-boxed e-con e-parent\" data-id=\"727fb0e\" data-element_type=\"container\" data-e-type=\"container\">\n\t\t\t\t\t<div class=\"e-con-inner\">\n\t\t<div class=\"elementor-element elementor-element-5bd167d e-grid e-con-full e-con e-child\" data-id=\"5bd167d\" data-element_type=\"container\" data-e-type=\"container\">\n\t\t<div class=\"elementor-element elementor-element-dc4c288 e-flex e-con-boxed e-con e-child\" data-id=\"dc4c288\" data-element_type=\"container\" data-e-type=\"container\" data-settings=\"{&quot;background_background&quot;:&quot;classic&quot;}\">\n\t\t\t\t\t<div class=\"e-con-inner\">\n\t\t\t\t<div class=\"elementor-element elementor-element-acb0ec5 elementor-widget elementor-widget-heading\" data-id=\"acb0ec5\" data-element_type=\"widget\" data-e-type=\"widget\" data-widget_type=\"heading.default\">\n\t\t\t\t<div class=\"elementor-widget-container\">\n\t\t\t\t\t<h2 class=\"elementor-heading-title elementor-size-default\">DOMAINES D'UTILISATION<\/h2>\t\t\t\t<\/div>\n\t\t\t\t<\/div>\n\t\t\t\t<div class=\"elementor-element elementor-element-162c42c elementor-widget elementor-widget-text-editor\" data-id=\"162c42c\" data-element_type=\"widget\" data-e-type=\"widget\" data-widget_type=\"text-editor.default\">\n\t\t\t\t<div class=\"elementor-widget-container\">\n\t\t\t\t\t\t\t\t\t<p>Les secteurs les plus demand\u00e9s sont certainement la d\u00e9molition, la gestion des d\u00e9chets et l'assainissement des sols.<\/p><p>Dans ces r\u00e9gions, il est essentiel d'\u00eatre autonome en eau et en \u00e9lectricit\u00e9 pour r\u00e9duire les pertes de temps et de ressources.<\/p>\t\t\t\t\t\t\t\t<\/div>\n\t\t\t\t<\/div>\n\t\t\t\t\t<\/div>\n\t\t\t\t<\/div>\n\t\t<div class=\"elementor-element elementor-element-2274d13 e-flex e-con-boxed e-con e-child\" data-id=\"2274d13\" data-element_type=\"container\" data-e-type=\"container\" data-settings=\"{&quot;background_background&quot;:&quot;classic&quot;}\">\n\t\t\t\t\t<div class=\"e-con-inner\">\n\t\t\t\t<div class=\"elementor-element elementor-element-8a0bb97 elementor-widget elementor-widget-heading\" data-id=\"8a0bb97\" data-element_type=\"widget\" data-e-type=\"widget\" data-widget_type=\"heading.default\">\n\t\t\t\t<div class=\"elementor-widget-container\">\n\t\t\t\t\t<h2 class=\"elementor-heading-title elementor-size-default\">La selle inchargeable<\/h2>\t\t\t\t<\/div>\n\t\t\t\t<\/div>\n\t\t\t\t<div class=\"elementor-element elementor-element-38370d2 elementor-widget elementor-widget-text-editor\" data-id=\"38370d2\" data-element_type=\"widget\" data-e-type=\"widget\" data-widget_type=\"text-editor.default\">\n\t\t\t\t<div class=\"elementor-widget-container\">\n\t\t\t\t\t\t\t\t\t<p>La selle est faite sur mesure pour le camion sur lequel elle doit \u00eatre charg\u00e9e.<\/p><p>La selle sera \u00e9quip\u00e9e du canon anti-poussi\u00e8re, du g\u00e9n\u00e9rateur d'\u00e9nergie et du r\u00e9servoir en acier enti\u00e8rement transportable.<\/p>\t\t\t\t\t\t\t\t<\/div>\n\t\t\t\t<\/div>\n\t\t\t\t\t<\/div>\n\t\t\t\t<\/div>\n\t\t<div class=\"elementor-element elementor-element-a5c59e2 e-flex e-con-boxed e-con e-child\" data-id=\"a5c59e2\" data-element_type=\"container\" data-e-type=\"container\" data-settings=\"{&quot;background_background&quot;:&quot;classic&quot;}\">\n\t\t\t\t\t<div class=\"e-con-inner\">\n\t\t\t\t<div class=\"elementor-element elementor-element-76b05bd elementor-widget elementor-widget-heading\" data-id=\"76b05bd\" data-element_type=\"widget\" data-e-type=\"widget\" data-widget_type=\"heading.default\">\n\t\t\t\t<div class=\"elementor-widget-container\">\n\t\t\t\t\t<h2 class=\"elementor-heading-title elementor-size-default\">PLC<\/h2>\t\t\t\t<\/div>\n\t\t\t\t<\/div>\n\t\t\t\t<div class=\"elementor-element elementor-element-358285c elementor-widget elementor-widget-text-editor\" data-id=\"358285c\" data-element_type=\"widget\" data-e-type=\"widget\" data-widget_type=\"text-editor.default\">\n\t\t\t\t<div class=\"elementor-widget-container\">\n\t\t\t\t\t\t\t\t\t<ul>\n \t<li>Contr\u00f4le de la rotation de 0\u00b0 \u00e0 340<\/li>\n \t<li>Contr\u00f4le de l'inclinaison de -20\u00b0 \u00e0 + 45\u00b0.<\/li>\n \t<li>Mouvement de haut en bas dans le mod\u00e8le \u00e0 bras articul\u00e9<\/li>\n \t<li>R\u00e9glage de l'angle de travail D\u00e9marrage<\/li>\n \t<li>Alimentation en eau du Fan Start (pompe moteur\/ \u00e9lectrovannes)<\/li>\n \t<li>Planification hebdomadaire du travail (3 cycles quotidiens de marche\/arr\u00eat)<\/li>\n \t<li>S\u00e9lection active de la buse<\/li>\n \t<li>Allumer ou \u00e9teindre le chauffage de la couronne<\/li>\n \t<li>Allumer ou \u00e9teindre la lumi\u00e8re<\/li>\n \t<li>Mise en marche ou arr\u00eat de la radiocommande<\/li>\n<\/ul>\t\t\t\t\t\t\t\t<\/div>\n\t\t\t\t<\/div>\n\t\t\t\t\t<\/div>\n\t\t\t\t<\/div>\n\t\t\t\t<\/div>\n\t\t\t\t\t<\/div>\n\t\t\t\t<\/div>\n\t\t<div class=\"elementor-element elementor-element-1848a71 e-flex e-con-boxed e-con e-parent\" data-id=\"1848a71\" data-element_type=\"container\" data-e-type=\"container\" data-settings=\"{&quot;background_background&quot;:&quot;classic&quot;}\">\n\t\t\t\t\t<div class=\"e-con-inner\">\n\t\t\t\t<div class=\"elementor-element elementor-element-7cc4961 elementor-widget elementor-widget-heading\" data-id=\"7cc4961\" data-element_type=\"widget\" data-e-type=\"widget\" data-widget_type=\"heading.default\">\n\t\t\t\t<div class=\"elementor-widget-container\">\n\t\t\t\t\t<h3 class=\"elementor-heading-title elementor-size-default\">La station autonome en action<\/h3>\t\t\t\t<\/div>\n\t\t\t\t<\/div>\n\t\t\t\t<div class=\"elementor-element elementor-element-cdb4f4c elementor-widget elementor-widget-video\" data-id=\"cdb4f4c\" data-element_type=\"widget\" data-e-type=\"widget\" data-settings=\"{&quot;youtube_url&quot;:&quot;https:\\\/\\\/www.youtube.com\\\/watch?v=noxs9WSSzFQ&quot;,&quot;loop&quot;:&quot;yes&quot;,&quot;video_type&quot;:&quot;youtube&quot;,&quot;controls&quot;:&quot;yes&quot;}\" data-widget_type=\"video.default\">\n\t\t\t\t<div class=\"elementor-widget-container\">\n\t\t\t\t\t\t\t<div class=\"elementor-wrapper elementor-open-inline\">\n\t\t\t<div class=\"elementor-video\"><\/div>\t\t<\/div>\n\t\t\t\t\t\t<\/div>\n\t\t\t\t<\/div>\n\t\t\t\t\t<\/div>\n\t\t\t\t<\/div>\n\t\t\t\t<\/div>","protected":false},"excerpt":{"rendered":"<p>Cette station autonome sur sellette est la plus grande de sa cat\u00e9gorie, avec un r\u00e9servoir en acier de 8 000 litres, un g\u00e9n\u00e9rateur diesel et un pistolet de pulv\u00e9risation C62 avec une rampe articul\u00e9e.<\/p>\n<p>Une installation sur mesure sp\u00e9cifiquement demand\u00e9e par l'entreprise pour traiter les poussi\u00e8res provenant de l'exploitation des carri\u00e8res.<\/p>","protected":false},"featured_media":96016,"template":"","meta":{"_acf_changed":false},"product_brand":[],"product_cat":[947],"product_tag":[],"class_list":{"0":"post-96038","1":"product","2":"type-product","3":"status-publish","4":"has-post-thumbnail","6":"product_cat-stazioni-autonome","8":"first","9":"instock","10":"taxable","11":"shipping-taxable","12":"product-type-simple"},"acf":[],"_links":{"self":[{"href":"https:\/\/cannoni-conrad.com\/fr\/wp-json\/wp\/v2\/product\/96038","targetHints":{"allow":["GET"]}}],"collection":[{"href":"https:\/\/cannoni-conrad.com\/fr\/wp-json\/wp\/v2\/product"}],"about":[{"href":"https:\/\/cannoni-conrad.com\/fr\/wp-json\/wp\/v2\/types\/product"}],"version-history":[{"count":0,"href":"https:\/\/cannoni-conrad.com\/fr\/wp-json\/wp\/v2\/product\/96038\/revisions"}],"wp:featuredmedia":[{"embeddable":true,"href":"https:\/\/cannoni-conrad.com\/fr\/wp-json\/wp\/v2\/media\/96016"}],"wp:attachment":[{"href":"https:\/\/cannoni-conrad.com\/fr\/wp-json\/wp\/v2\/media?parent=96038"}],"wp:term":[{"taxonomy":"product_brand","embeddable":true,"href":"https:\/\/cannoni-conrad.com\/fr\/wp-json\/wp\/v2\/product_brand?post=96038"},{"taxonomy":"product_cat","embeddable":true,"href":"https:\/\/cannoni-conrad.com\/fr\/wp-json\/wp\/v2\/product_cat?post=96038"},{"taxonomy":"product_tag","embeddable":true,"href":"https:\/\/cannoni-conrad.com\/fr\/wp-json\/wp\/v2\/product_tag?post=96038"}],"curies":[{"name":"wp","href":"https:\/\/api.w.org\/{rel}","templated":true}]}}