{"id":96028,"date":"2025-06-15T15:58:04","date_gmt":"2025-06-15T13:58:04","guid":{"rendered":"https:\/\/cannoni-conrad.com\/?post_type=product&#038;p=96028"},"modified":"2025-06-15T16:10:53","modified_gmt":"2025-06-15T14:10:53","slug":"station-autonome-18","status":"publish","type":"product","link":"https:\/\/cannoni-conrad.com\/fr\/abbattimento-polveri\/stazioni-autonome\/stazione-autonoma-18\/","title":{"rendered":"Station autonome #18"},"content":{"rendered":"<div data-elementor-type=\"product-post\" data-elementor-id=\"96028\" class=\"elementor elementor-96028\" data-elementor-post-type=\"product\">\n\t\t\t\t<div class=\"elementor-element elementor-element-9495278 e-grid e-con-boxed e-con e-parent\" data-id=\"9495278\" data-element_type=\"container\" data-e-type=\"container\" data-settings=\"{&quot;background_background&quot;:&quot;classic&quot;}\">\n\t\t\t\t\t<div class=\"e-con-inner\">\n\t\t\t\t<div class=\"elementor-element elementor-element-4f9a4e0 elementor-widget elementor-widget-image\" data-id=\"4f9a4e0\" data-element_type=\"widget\" data-e-type=\"widget\" data-widget_type=\"image.default\">\n\t\t\t\t<div class=\"elementor-widget-container\">\n\t\t\t\t\t\t\t\t\t\t\t\t\t\t\t<img decoding=\"async\" width=\"800\" height=\"600\" src=\"https:\/\/cannoni-conrad.com\/wp-content\/uploads\/2022\/05\/Belvedere-terza-macchina-apr-2.jpg\" class=\"attachment-large size-large wp-image-89268\" alt=\"\" srcset=\"https:\/\/cannoni-conrad.com\/wp-content\/uploads\/2022\/05\/Belvedere-terza-macchina-apr-2.jpg 2048w, https:\/\/cannoni-conrad.com\/wp-content\/uploads\/2022\/05\/Belvedere-terza-macchina-apr-2-800x600.jpg 800w, https:\/\/cannoni-conrad.com\/wp-content\/uploads\/2022\/05\/Belvedere-terza-macchina-apr-2-768x576.jpg 768w, https:\/\/cannoni-conrad.com\/wp-content\/uploads\/2022\/05\/Belvedere-terza-macchina-apr-2-1536x1152.jpg 1536w, https:\/\/cannoni-conrad.com\/wp-content\/uploads\/2022\/05\/Belvedere-terza-macchina-apr-2-16x12.jpg 16w\" sizes=\"(max-width: 800px) 100vw, 800px\" \/>\t\t\t\t\t\t\t\t\t\t\t\t\t\t\t<\/div>\n\t\t\t\t<\/div>\n\t\t\t\t<div class=\"elementor-element elementor-element-816174f elementor-widget elementor-widget-image\" data-id=\"816174f\" data-element_type=\"widget\" data-e-type=\"widget\" data-widget_type=\"image.default\">\n\t\t\t\t<div class=\"elementor-widget-container\">\n\t\t\t\t\t\t\t\t\t\t\t\t\t\t\t<img decoding=\"async\" width=\"800\" height=\"600\" src=\"https:\/\/cannoni-conrad.com\/wp-content\/uploads\/2020\/12\/Belvedere-terza-macchina-apr-1.jpg\" class=\"attachment-large size-large wp-image-92990\" alt=\"\" srcset=\"https:\/\/cannoni-conrad.com\/wp-content\/uploads\/2020\/12\/Belvedere-terza-macchina-apr-1.jpg 2048w, https:\/\/cannoni-conrad.com\/wp-content\/uploads\/2020\/12\/Belvedere-terza-macchina-apr-1-800x600.jpg 800w, https:\/\/cannoni-conrad.com\/wp-content\/uploads\/2020\/12\/Belvedere-terza-macchina-apr-1-768x576.jpg 768w, https:\/\/cannoni-conrad.com\/wp-content\/uploads\/2020\/12\/Belvedere-terza-macchina-apr-1-1536x1152.jpg 1536w, https:\/\/cannoni-conrad.com\/wp-content\/uploads\/2020\/12\/Belvedere-terza-macchina-apr-1-16x12.jpg 16w\" sizes=\"(max-width: 800px) 100vw, 800px\" \/>\t\t\t\t\t\t\t\t\t\t\t\t\t\t\t<\/div>\n\t\t\t\t<\/div>\n\t\t\t\t\t<\/div>\n\t\t\t\t<\/div>\n\t\t\t\t<\/div>","protected":false},"excerpt":{"rendered":"<p>Le Conrad C50 est un pistolet de pulv\u00e9risation d'une port\u00e9e de 50 m\u00e8tres, con\u00e7u pour r\u00e9soudre le probl\u00e8me de la production de poussi\u00e8re sur les chantiers de construction, les carri\u00e8res, les aci\u00e9ries et les cimenteries.<\/p>\n<p>\u00c9quip\u00e9 d'une pompe doseuse, il est un alli\u00e9 pr\u00e9cieux pour la r\u00e9duction des odeurs dans les d\u00e9charges, les sites de digestion ana\u00e9robie, les tas de compost et le secteur des d\u00e9chets en g\u00e9n\u00e9ral.<\/p>","protected":false},"featured_media":96015,"template":"","meta":{"_acf_changed":false},"product_brand":[],"product_cat":[947],"product_tag":[],"class_list":{"0":"post-96028","1":"product","2":"type-product","3":"status-publish","4":"has-post-thumbnail","6":"product_cat-stazioni-autonome","8":"first","9":"instock","10":"taxable","11":"shipping-taxable","12":"product-type-simple"},"acf":[],"_links":{"self":[{"href":"https:\/\/cannoni-conrad.com\/fr\/wp-json\/wp\/v2\/product\/96028","targetHints":{"allow":["GET"]}}],"collection":[{"href":"https:\/\/cannoni-conrad.com\/fr\/wp-json\/wp\/v2\/product"}],"about":[{"href":"https:\/\/cannoni-conrad.com\/fr\/wp-json\/wp\/v2\/types\/product"}],"version-history":[{"count":0,"href":"https:\/\/cannoni-conrad.com\/fr\/wp-json\/wp\/v2\/product\/96028\/revisions"}],"wp:featuredmedia":[{"embeddable":true,"href":"https:\/\/cannoni-conrad.com\/fr\/wp-json\/wp\/v2\/media\/96015"}],"wp:attachment":[{"href":"https:\/\/cannoni-conrad.com\/fr\/wp-json\/wp\/v2\/media?parent=96028"}],"wp:term":[{"taxonomy":"product_brand","embeddable":true,"href":"https:\/\/cannoni-conrad.com\/fr\/wp-json\/wp\/v2\/product_brand?post=96028"},{"taxonomy":"product_cat","embeddable":true,"href":"https:\/\/cannoni-conrad.com\/fr\/wp-json\/wp\/v2\/product_cat?post=96028"},{"taxonomy":"product_tag","embeddable":true,"href":"https:\/\/cannoni-conrad.com\/fr\/wp-json\/wp\/v2\/product_tag?post=96028"}],"curies":[{"name":"wp","href":"https:\/\/api.w.org\/{rel}","templated":true}]}}