{"id":96013,"date":"2025-06-15T15:19:11","date_gmt":"2025-06-15T13:19:11","guid":{"rendered":"https:\/\/cannoni-conrad.com\/?post_type=product&#038;p=96013"},"modified":"2025-06-15T15:53:24","modified_gmt":"2025-06-15T13:53:24","slug":"station-autonome-15","status":"publish","type":"product","link":"https:\/\/cannoni-conrad.com\/fr\/abbattimento-polveri\/stazioni-autonome\/stazione-autonoma-15\/","title":{"rendered":"Station autonome #15"},"content":{"rendered":"<div data-elementor-type=\"product-post\" data-elementor-id=\"96013\" class=\"elementor elementor-96013\" data-elementor-post-type=\"product\">\n\t\t\t\t<div class=\"elementor-element elementor-element-b39d362 e-flex e-con-boxed e-con e-parent\" data-id=\"b39d362\" data-element_type=\"container\" data-e-type=\"container\" data-settings=\"{&quot;background_background&quot;:&quot;classic&quot;}\">\n\t\t\t\t\t<div class=\"e-con-inner\">\n\t\t\t\t<div class=\"elementor-element elementor-element-132b238 elementor-widget elementor-widget-image\" data-id=\"132b238\" data-element_type=\"widget\" data-e-type=\"widget\" data-widget_type=\"image.default\">\n\t\t\t\t<div class=\"elementor-widget-container\">\n\t\t\t\t\t\t\t\t\t\t\t\t\t\t\t<img decoding=\"async\" width=\"1024\" height=\"768\" src=\"https:\/\/cannoni-conrad.com\/wp-content\/uploads\/2022\/04\/C42-promisa-Media.jpg\" class=\"attachment-full size-full wp-image-89300\" alt=\"\" srcset=\"https:\/\/cannoni-conrad.com\/wp-content\/uploads\/2022\/04\/C42-promisa-Media.jpg 1024w, https:\/\/cannoni-conrad.com\/wp-content\/uploads\/2022\/04\/C42-promisa-Media-800x600.jpg 800w, https:\/\/cannoni-conrad.com\/wp-content\/uploads\/2022\/04\/C42-promisa-Media-768x576.jpg 768w, https:\/\/cannoni-conrad.com\/wp-content\/uploads\/2022\/04\/C42-promisa-Media-16x12.jpg 16w\" sizes=\"(max-width: 1024px) 100vw, 1024px\" \/>\t\t\t\t\t\t\t\t\t\t\t\t\t\t\t<\/div>\n\t\t\t\t<\/div>\n\t\t\t\t<div class=\"elementor-element elementor-element-cd0ef88 elementor-widget elementor-widget-heading\" data-id=\"cd0ef88\" data-element_type=\"widget\" data-e-type=\"widget\" data-widget_type=\"heading.default\">\n\t\t\t\t<div class=\"elementor-widget-container\">\n\t\t\t\t\t<h3 class=\"elementor-heading-title elementor-size-default\">STATION DE D\u00c9POUSSI\u00c9RAGE SUR MESURE<\/h3>\t\t\t\t<\/div>\n\t\t\t\t<\/div>\n\t\t\t\t<div class=\"elementor-element elementor-element-eaf5349 elementor-widget elementor-widget-text-editor\" data-id=\"eaf5349\" data-element_type=\"widget\" data-e-type=\"widget\" data-widget_type=\"text-editor.default\">\n\t\t\t\t<div class=\"elementor-widget-container\">\n\t\t\t\t\t\t\t\t\t<p>Les stations de d\u00e9poussi\u00e9rage CONRAD mont\u00e9es sur des patins galvanis\u00e9s sont des syst\u00e8mes avanc\u00e9s de contr\u00f4le des poussi\u00e8res capables de r\u00e9soudre les probl\u00e8mes d'\u00e9missions poussi\u00e9reuses et d'odeurs d\u00e9sagr\u00e9ables sur les chantiers de construction, les d\u00e9charges, les zones de r\u00e9cup\u00e9ration, les d\u00e9charges de d\u00e9chets et les sites de compostage.<\/p><p>La station de d\u00e9poussi\u00e9rage autonome pour chariots \u00e9l\u00e9vateurs peut \u00eatre facilement transport\u00e9e gr\u00e2ce aux poches pour chariots \u00e9l\u00e9vateurs.<\/p>\t\t\t\t\t\t\t\t<\/div>\n\t\t\t\t<\/div>\n\t\t<div class=\"elementor-element elementor-element-663d943 e-grid e-con-full e-con e-child\" data-id=\"663d943\" data-element_type=\"container\" data-e-type=\"container\">\n\t\t<div class=\"elementor-element elementor-element-cd79c53 e-flex e-con-boxed e-con e-child\" data-id=\"cd79c53\" data-element_type=\"container\" data-e-type=\"container\" data-settings=\"{&quot;background_background&quot;:&quot;classic&quot;}\">\n\t\t\t\t\t<div class=\"e-con-inner\">\n\t\t\t\t<div class=\"elementor-element elementor-element-21a56ed elementor-widget elementor-widget-image\" data-id=\"21a56ed\" data-element_type=\"widget\" data-e-type=\"widget\" data-widget_type=\"image.default\">\n\t\t\t\t<div class=\"elementor-widget-container\">\n\t\t\t\t\t\t\t\t\t\t\t\t\t\t\t<img decoding=\"async\" width=\"650\" height=\"488\" src=\"https:\/\/cannoni-conrad.com\/wp-content\/uploads\/2021\/11\/IMG_20171010_165746-Medium.jpg\" class=\"attachment-medium size-medium wp-image-87918\" alt=\"\" srcset=\"https:\/\/cannoni-conrad.com\/wp-content\/uploads\/2021\/11\/IMG_20171010_165746-Medium.jpg 1024w, https:\/\/cannoni-conrad.com\/wp-content\/uploads\/2021\/11\/IMG_20171010_165746-Medium-800x600.jpg 800w, https:\/\/cannoni-conrad.com\/wp-content\/uploads\/2021\/11\/IMG_20171010_165746-Medium-768x576.jpg 768w, https:\/\/cannoni-conrad.com\/wp-content\/uploads\/2021\/11\/IMG_20171010_165746-Medium-16x12.jpg 16w\" sizes=\"(max-width: 650px) 100vw, 650px\" \/>\t\t\t\t\t\t\t\t\t\t\t\t\t\t\t<\/div>\n\t\t\t\t<\/div>\n\t\t\t\t<div class=\"elementor-element elementor-element-3bf5c63 elementor-widget elementor-widget-heading\" data-id=\"3bf5c63\" data-element_type=\"widget\" data-e-type=\"widget\" data-widget_type=\"heading.default\">\n\t\t\t\t<div class=\"elementor-widget-container\">\n\t\t\t\t\t<h2 class=\"elementor-heading-title elementor-size-default\">PISTOLET DE PULV\u00c9RISATION COMMAND\u00c9 PAR AUTOMATE<\/h2>\t\t\t\t<\/div>\n\t\t\t\t<\/div>\n\t\t\t\t<div class=\"elementor-element elementor-element-d6b2c24 elementor-widget elementor-widget-text-editor\" data-id=\"d6b2c24\" data-element_type=\"widget\" data-e-type=\"widget\" data-widget_type=\"text-editor.default\">\n\t\t\t\t<div class=\"elementor-widget-container\">\n\t\t\t\t\t\t\t\t\t<ul>\n \t<li>Contr\u00f4le de la rotation de 0\u00b0 \u00e0 340<\/li>\n \t<li>Contr\u00f4le de l'inclinaison de -20\u00b0 \u00e0 + 45\u00b0.<\/li>\n \t<li>Mouvement de haut en bas dans le mod\u00e8le \u00e0 bras articul\u00e9<\/li>\n \t<li>R\u00e9glage de l'angle de travail D\u00e9marrage<\/li>\n \t<li>Alimentation en eau du Fan Start (pompe moteur\/ \u00e9lectrovannes)<\/li>\n \t<li>Planification hebdomadaire du travail (3 cycles quotidiens de marche\/arr\u00eat)<\/li>\n \t<li>S\u00e9lection active de la buse<\/li>\n \t<li>Allumer ou \u00e9teindre le chauffage de la couronne<\/li>\n \t<li>Allumer ou \u00e9teindre le chauffage du phare<\/li>\n \t<li>Mise en marche ou arr\u00eat du chauffage de la radiocommande<\/li>\n<\/ul>\t\t\t\t\t\t\t\t<\/div>\n\t\t\t\t<\/div>\n\t\t\t\t\t<\/div>\n\t\t\t\t<\/div>\n\t\t<div class=\"elementor-element elementor-element-5885cf6 e-flex e-con-boxed e-con e-child\" data-id=\"5885cf6\" data-element_type=\"container\" data-e-type=\"container\" data-settings=\"{&quot;background_background&quot;:&quot;classic&quot;}\">\n\t\t\t\t\t<div class=\"e-con-inner\">\n\t\t\t\t<div class=\"elementor-element elementor-element-8c741e6 elementor-widget elementor-widget-image\" data-id=\"8c741e6\" data-element_type=\"widget\" data-e-type=\"widget\" data-widget_type=\"image.default\">\n\t\t\t\t<div class=\"elementor-widget-container\">\n\t\t\t\t\t\t\t\t\t\t\t\t\t\t\t<img decoding=\"async\" width=\"600\" height=\"600\" src=\"https:\/\/cannoni-conrad.com\/wp-content\/uploads\/2022\/04\/c42-stazione-abbattimento-polveri-Promisa.jpg\" class=\"attachment-large size-large wp-image-92190\" alt=\"\" srcset=\"https:\/\/cannoni-conrad.com\/wp-content\/uploads\/2022\/04\/c42-stazione-abbattimento-polveri-Promisa.jpg 600w, https:\/\/cannoni-conrad.com\/wp-content\/uploads\/2022\/04\/c42-stazione-abbattimento-polveri-Promisa-500x500.jpg 500w, https:\/\/cannoni-conrad.com\/wp-content\/uploads\/2022\/04\/c42-stazione-abbattimento-polveri-Promisa-100x100.jpg 100w, https:\/\/cannoni-conrad.com\/wp-content\/uploads\/2022\/04\/c42-stazione-abbattimento-polveri-Promisa-12x12.jpg 12w\" sizes=\"(max-width: 600px) 100vw, 600px\" \/>\t\t\t\t\t\t\t\t\t\t\t\t\t\t\t<\/div>\n\t\t\t\t<\/div>\n\t\t\t\t<div class=\"elementor-element elementor-element-6148bdd elementor-widget elementor-widget-heading\" data-id=\"6148bdd\" data-element_type=\"widget\" data-e-type=\"widget\" data-widget_type=\"heading.default\">\n\t\t\t\t<div class=\"elementor-widget-container\">\n\t\t\t\t\t<h2 class=\"elementor-heading-title elementor-size-default\">CANON CONRAD AVEC BRAS ARTICUL\u00c9<\/h2>\t\t\t\t<\/div>\n\t\t\t\t<\/div>\n\t\t\t\t<div class=\"elementor-element elementor-element-8cd0a16 elementor-widget elementor-widget-text-editor\" data-id=\"8cd0a16\" data-element_type=\"widget\" data-e-type=\"widget\" data-widget_type=\"text-editor.default\">\n\t\t\t\t<div class=\"elementor-widget-container\">\n\t\t\t\t\t\t\t\t\t<p>Notre installation de pulv\u00e9risation \u00e0 rampe articul\u00e9e est l'une des mieux \u00e9quip\u00e9es du secteur. Sa port\u00e9e permet \u00e0 la turbine d'atteindre une hauteur d'environ 5,5 m\u00e8tres. Au sommet, la couronne d'orientation g\u00e8re la rotation pour orienter le jet avec pr\u00e9cision et le moteur d'inclinaison permet d'incliner le jet de -10\u00b0 \u00e0 + 45\u00b0.\u00a0\u00a0<\/p><p>L'\u00e9quipement pr\u00e9vu du pulv\u00e9risateur sur un bras articul\u00e9\/pantographe permet au pistolet de s'\u00e9lever au-dessus des machines telles que les cribles, les broyeurs, les bandes transporteuses et les tr\u00e9mies de d\u00e9chargement qui g\u00e9n\u00e8rent des poussi\u00e8res et des odeurs, agissant du haut vers le bas et r\u00e9duisant encore plus facilement les \u00e9missions qui doivent \u00eatre contr\u00f4l\u00e9es et r\u00e9duites.<\/p>\t\t\t\t\t\t\t\t<\/div>\n\t\t\t\t<\/div>\n\t\t\t\t\t<\/div>\n\t\t\t\t<\/div>\n\t\t\t\t<\/div>\n\t\t\t\t\t<\/div>\n\t\t\t\t<\/div>\n\t\t<div class=\"elementor-element elementor-element-6a0d97b e-flex e-con-boxed e-con e-parent\" data-id=\"6a0d97b\" data-element_type=\"container\" data-e-type=\"container\" data-settings=\"{&quot;background_background&quot;:&quot;classic&quot;}\">\n\t\t\t\t\t<div class=\"e-con-inner\">\n\t\t\t\t<div class=\"elementor-element elementor-element-2c8947d elementor-widget elementor-widget-heading\" data-id=\"2c8947d\" data-element_type=\"widget\" data-e-type=\"widget\" data-widget_type=\"heading.default\">\n\t\t\t\t<div class=\"elementor-widget-container\">\n\t\t\t\t\t<h2 class=\"elementor-heading-title elementor-size-default\">La station en action :<\/h2>\t\t\t\t<\/div>\n\t\t\t\t<\/div>\n\t\t\t\t<div class=\"elementor-element elementor-element-2bad00f elementor-widget elementor-widget-video\" data-id=\"2bad00f\" data-element_type=\"widget\" data-e-type=\"widget\" data-settings=\"{&quot;youtube_url&quot;:&quot;https:\\\/\\\/www.youtube.com\\\/watch?v=y_rrKamXhLo&quot;,&quot;video_type&quot;:&quot;youtube&quot;,&quot;controls&quot;:&quot;yes&quot;}\" data-widget_type=\"video.default\">\n\t\t\t\t<div class=\"elementor-widget-container\">\n\t\t\t\t\t\t\t<div class=\"elementor-wrapper elementor-open-inline\">\n\t\t\t<div class=\"elementor-video\"><\/div>\t\t<\/div>\n\t\t\t\t\t\t<\/div>\n\t\t\t\t<\/div>\n\t\t\t\t\t<\/div>\n\t\t\t\t<\/div>\n\t\t\t\t<\/div>","protected":false},"excerpt":{"rendered":"<p>La meilleure solution pour supprimer les poussi\u00e8res et les odeurs dans les d\u00e9charges et les sites de recyclage des d\u00e9chets, en minimisant la consommation d'eau.<\/p>\n<p>Plus de 40 m de jet aliment\u00e9s par une pompe haute pression de haute qualit\u00e9.<\/p>","protected":false},"featured_media":96019,"template":"","meta":{"_acf_changed":false},"product_brand":[],"product_cat":[947],"product_tag":[],"class_list":{"0":"post-96013","1":"product","2":"type-product","3":"status-publish","4":"has-post-thumbnail","6":"product_cat-stazioni-autonome","8":"first","9":"instock","10":"taxable","11":"shipping-taxable","12":"product-type-simple"},"acf":[],"_links":{"self":[{"href":"https:\/\/cannoni-conrad.com\/fr\/wp-json\/wp\/v2\/product\/96013","targetHints":{"allow":["GET"]}}],"collection":[{"href":"https:\/\/cannoni-conrad.com\/fr\/wp-json\/wp\/v2\/product"}],"about":[{"href":"https:\/\/cannoni-conrad.com\/fr\/wp-json\/wp\/v2\/types\/product"}],"version-history":[{"count":0,"href":"https:\/\/cannoni-conrad.com\/fr\/wp-json\/wp\/v2\/product\/96013\/revisions"}],"wp:featuredmedia":[{"embeddable":true,"href":"https:\/\/cannoni-conrad.com\/fr\/wp-json\/wp\/v2\/media\/96019"}],"wp:attachment":[{"href":"https:\/\/cannoni-conrad.com\/fr\/wp-json\/wp\/v2\/media?parent=96013"}],"wp:term":[{"taxonomy":"product_brand","embeddable":true,"href":"https:\/\/cannoni-conrad.com\/fr\/wp-json\/wp\/v2\/product_brand?post=96013"},{"taxonomy":"product_cat","embeddable":true,"href":"https:\/\/cannoni-conrad.com\/fr\/wp-json\/wp\/v2\/product_cat?post=96013"},{"taxonomy":"product_tag","embeddable":true,"href":"https:\/\/cannoni-conrad.com\/fr\/wp-json\/wp\/v2\/product_tag?post=96013"}],"curies":[{"name":"wp","href":"https:\/\/api.w.org\/{rel}","templated":true}]}}