{"id":95977,"date":"2025-06-15T10:20:16","date_gmt":"2025-06-15T08:20:16","guid":{"rendered":"https:\/\/cannoni-conrad.com\/?post_type=product&#038;p=95977"},"modified":"2025-06-15T10:31:08","modified_gmt":"2025-06-15T08:31:08","slug":"station-autonome-07","status":"publish","type":"product","link":"https:\/\/cannoni-conrad.com\/fr\/abbattimento-polveri\/stazioni-autonome\/stazione-autonoma-07\/","title":{"rendered":"Station autonome #07"},"content":{"rendered":"<div data-elementor-type=\"product-post\" data-elementor-id=\"95977\" class=\"elementor elementor-95977\" data-elementor-post-type=\"product\">\n\t\t\t\t<div class=\"elementor-element elementor-element-ec8d868 e-flex e-con-boxed e-con e-parent\" data-id=\"ec8d868\" data-element_type=\"container\" data-e-type=\"container\" data-settings=\"{&quot;background_background&quot;:&quot;classic&quot;}\">\n\t\t\t\t\t<div class=\"e-con-inner\">\n\t\t\t\t<div class=\"elementor-element elementor-element-3a0a46a animated-fast elementor-invisible elementor-widget elementor-widget-heading\" data-id=\"3a0a46a\" data-element_type=\"widget\" data-e-type=\"widget\" data-settings=\"{&quot;_animation&quot;:&quot;fadeInLeft&quot;,&quot;_animation_delay&quot;:200}\" data-widget_type=\"heading.default\">\n\t\t\t\t<div class=\"elementor-widget-container\">\n\t\t\t\t\t<h2 class=\"elementor-heading-title elementor-size-default\">Configurations<\/h2>\t\t\t\t<\/div>\n\t\t\t\t<\/div>\n\t\t<div class=\"elementor-element elementor-element-25317d2 e-grid e-con-full e-con e-child\" data-id=\"25317d2\" data-element_type=\"container\" data-e-type=\"container\">\n\t\t<div class=\"elementor-element elementor-element-b88c244 e-flex e-con-boxed e-con e-child\" data-id=\"b88c244\" data-element_type=\"container\" data-e-type=\"container\" data-settings=\"{&quot;background_background&quot;:&quot;classic&quot;}\">\n\t\t\t\t\t<div class=\"e-con-inner\">\n\t\t\t\t<div class=\"elementor-element elementor-element-9181bc6 elementor-widget elementor-widget-image\" data-id=\"9181bc6\" data-element_type=\"widget\" data-e-type=\"widget\" data-widget_type=\"image.default\">\n\t\t\t\t<div class=\"elementor-widget-container\">\n\t\t\t\t\t\t\t\t\t\t\t\t\t\t\t<img decoding=\"async\" width=\"600\" height=\"600\" src=\"https:\/\/cannoni-conrad.com\/wp-content\/uploads\/2020\/07\/c62-su-palo-scontorno.jpg\" class=\"attachment-medium size-medium wp-image-85094\" alt=\"\" srcset=\"https:\/\/cannoni-conrad.com\/wp-content\/uploads\/2020\/07\/c62-su-palo-scontorno.jpg 600w, https:\/\/cannoni-conrad.com\/wp-content\/uploads\/2020\/07\/c62-su-palo-scontorno-500x500.jpg 500w, https:\/\/cannoni-conrad.com\/wp-content\/uploads\/2020\/07\/c62-su-palo-scontorno-100x100.jpg 100w, https:\/\/cannoni-conrad.com\/wp-content\/uploads\/2020\/07\/c62-su-palo-scontorno-12x12.jpg 12w\" sizes=\"(max-width: 600px) 100vw, 600px\" \/>\t\t\t\t\t\t\t\t\t\t\t\t\t\t\t<\/div>\n\t\t\t\t<\/div>\n\t\t\t\t<div class=\"elementor-element elementor-element-6eb3408 elementor-widget elementor-widget-heading\" data-id=\"6eb3408\" data-element_type=\"widget\" data-e-type=\"widget\" data-widget_type=\"heading.default\">\n\t\t\t\t<div class=\"elementor-widget-container\">\n\t\t\t\t\t<h4 class=\"elementor-heading-title elementor-size-large\">SUR POTEAU GALVANIS\u00c9<\/h4>\t\t\t\t<\/div>\n\t\t\t\t<\/div>\n\t\t\t\t<div class=\"elementor-element elementor-element-e668fa3 elementor-widget elementor-widget-text-editor\" data-id=\"e668fa3\" data-element_type=\"widget\" data-e-type=\"widget\" data-widget_type=\"text-editor.default\">\n\t\t\t\t<div class=\"elementor-widget-container\">\n\t\t\t\t\t\t\t\t\t<p>Le pulv\u00e9risateur CONRAD C62 mont\u00e9 sur un poteau galvanis\u00e9 avec couronne d'orientation motoris\u00e9e \u00e0 r\u00e9glage programmable par automate, convient pour les travaux de d\u00e9poussi\u00e9rage sur des sites fixes et\/ou \u00e0 long terme.\u00a0<\/p><p>Dans cette version, le canon peut \u00e9galement \u00eatre s\u00e9par\u00e9 afin d'\u00eatre plac\u00e9 sur des socles pr\u00e9existants, sur des barri\u00e8res ou fix\u00e9 \u00e0 l'aide de pinces sur des murs. L'unit\u00e9 de commande sera install\u00e9e dans une zone accessible au personnel de contr\u00f4le.<\/p><p><strong>Dimensions<\/strong>150 x 120 x 220 cm<\/p><p><strong>Poids :<\/strong> 450 kg<\/p>\t\t\t\t\t\t\t\t<\/div>\n\t\t\t\t<\/div>\n\t\t\t\t\t<\/div>\n\t\t\t\t<\/div>\n\t\t<div class=\"elementor-element elementor-element-c6112e9 e-flex e-con-boxed e-con e-child\" data-id=\"c6112e9\" data-element_type=\"container\" data-e-type=\"container\" data-settings=\"{&quot;background_background&quot;:&quot;classic&quot;}\">\n\t\t\t\t\t<div class=\"e-con-inner\">\n\t\t\t\t<div class=\"elementor-element elementor-element-401b60c elementor-widget elementor-widget-image\" data-id=\"401b60c\" data-element_type=\"widget\" data-e-type=\"widget\" data-widget_type=\"image.default\">\n\t\t\t\t<div class=\"elementor-widget-container\">\n\t\t\t\t\t\t\t\t\t\t\t\t\t\t\t<img decoding=\"async\" width=\"600\" height=\"600\" src=\"https:\/\/cannoni-conrad.com\/wp-content\/uploads\/2020\/07\/c62-su-carrello-scontorno.jpg\" class=\"attachment-medium size-medium wp-image-85096\" alt=\"\" srcset=\"https:\/\/cannoni-conrad.com\/wp-content\/uploads\/2020\/07\/c62-su-carrello-scontorno.jpg 600w, https:\/\/cannoni-conrad.com\/wp-content\/uploads\/2020\/07\/c62-su-carrello-scontorno-500x500.jpg 500w, https:\/\/cannoni-conrad.com\/wp-content\/uploads\/2020\/07\/c62-su-carrello-scontorno-100x100.jpg 100w, https:\/\/cannoni-conrad.com\/wp-content\/uploads\/2020\/07\/c62-su-carrello-scontorno-12x12.jpg 12w\" sizes=\"(max-width: 600px) 100vw, 600px\" \/>\t\t\t\t\t\t\t\t\t\t\t\t\t\t\t<\/div>\n\t\t\t\t<\/div>\n\t\t\t\t<div class=\"elementor-element elementor-element-2f61475 elementor-widget elementor-widget-heading\" data-id=\"2f61475\" data-element_type=\"widget\" data-e-type=\"widget\" data-widget_type=\"heading.default\">\n\t\t\t\t<div class=\"elementor-widget-container\">\n\t\t\t\t\t<h4 class=\"elementor-heading-title elementor-size-large\">SUR LE CART<\/h4>\t\t\t\t<\/div>\n\t\t\t\t<\/div>\n\t\t\t\t<div class=\"elementor-element elementor-element-ac475f8 elementor-widget elementor-widget-text-editor\" data-id=\"ac475f8\" data-element_type=\"widget\" data-e-type=\"widget\" data-widget_type=\"text-editor.default\">\n\t\t\t\t<div class=\"elementor-widget-container\">\n\t\t\t\t\t\t\t\t\t<p>Le syst\u00e8me de d\u00e9poussi\u00e9rage sur roues CONRAD C62 convient aux situations o\u00f9 le lieu d'origine de la poussi\u00e8re est variable, par exemple dans les travaux de d\u00e9molition, les carri\u00e8res, les tunnels. Les pulv\u00e9risateurs sur roues sont parmi les plus populaires dans les parcs de location. Cannons Conrad propose deux mod\u00e8les disponibles avec 2 ou 3 roues pneumatiques, et dans les deux cas, il y a toujours des poches pour le levage avec un chariot \u00e9l\u00e9vateur.<\/p><p><strong>Dimensions compactes du chariot :<\/strong> 155 x 210 x 240 cm - kg 620<\/p><p><strong>Dimensions du chariot large :<\/strong> 325 x 210 x 240 cm - kg 620<\/p>\t\t\t\t\t\t\t\t<\/div>\n\t\t\t\t<\/div>\n\t\t\t\t\t<\/div>\n\t\t\t\t<\/div>\n\t\t<div class=\"elementor-element elementor-element-833bac0 e-flex e-con-boxed e-con e-child\" data-id=\"833bac0\" data-element_type=\"container\" data-e-type=\"container\" data-settings=\"{&quot;background_background&quot;:&quot;classic&quot;}\">\n\t\t\t\t\t<div class=\"e-con-inner\">\n\t\t\t\t<div class=\"elementor-element elementor-element-9bba2d6 elementor-widget elementor-widget-image\" data-id=\"9bba2d6\" data-element_type=\"widget\" data-e-type=\"widget\" data-widget_type=\"image.default\">\n\t\t\t\t<div class=\"elementor-widget-container\">\n\t\t\t\t\t\t\t\t\t\t\t\t\t\t\t<img decoding=\"async\" width=\"650\" height=\"488\" src=\"https:\/\/cannoni-conrad.com\/wp-content\/uploads\/2020\/12\/C62-articolato-scontorno.jpg\" class=\"attachment-medium size-medium wp-image-87856\" alt=\"\" srcset=\"https:\/\/cannoni-conrad.com\/wp-content\/uploads\/2020\/12\/C62-articolato-scontorno.jpg 1600w, https:\/\/cannoni-conrad.com\/wp-content\/uploads\/2020\/12\/C62-articolato-scontorno-800x600.jpg 800w, https:\/\/cannoni-conrad.com\/wp-content\/uploads\/2020\/12\/C62-articolato-scontorno-768x576.jpg 768w, https:\/\/cannoni-conrad.com\/wp-content\/uploads\/2020\/12\/C62-articolato-scontorno-1536x1152.jpg 1536w, https:\/\/cannoni-conrad.com\/wp-content\/uploads\/2020\/12\/C62-articolato-scontorno-16x12.jpg 16w\" sizes=\"(max-width: 650px) 100vw, 650px\" \/>\t\t\t\t\t\t\t\t\t\t\t\t\t\t\t<\/div>\n\t\t\t\t<\/div>\n\t\t\t\t<div class=\"elementor-element elementor-element-b4f5b75 elementor-widget elementor-widget-heading\" data-id=\"b4f5b75\" data-element_type=\"widget\" data-e-type=\"widget\" data-widget_type=\"heading.default\">\n\t\t\t\t<div class=\"elementor-widget-container\">\n\t\t\t\t\t<h4 class=\"elementor-heading-title elementor-size-large\">SUR BRAS ARTICUL\u00c9<\/h4>\t\t\t\t<\/div>\n\t\t\t\t<\/div>\n\t\t\t\t<div class=\"elementor-element elementor-element-67c7e69 elementor-widget elementor-widget-text-editor\" data-id=\"67c7e69\" data-element_type=\"widget\" data-e-type=\"widget\" data-widget_type=\"text-editor.default\">\n\t\t\t\t<div class=\"elementor-widget-container\">\n\t\t\t\t\t\t\t\t\t<p>Le pistolet CONRAD C62 est \u00e9galement mont\u00e9 sur un bras articul\u00e9 et est capable d'atteindre jusqu'\u00e0 5,5 m\u00e8tres de hauteur, de sorte qu'il se trouve dans une position favorable par rapport au point d'origine de la poussi\u00e8re, la frappant par le haut et la faisant tomber rapidement.<\/p><p><strong>Dimensions :<\/strong> 120 x 260 x 212 cm - 700 kg<\/p>\t\t\t\t\t\t\t\t<\/div>\n\t\t\t\t<\/div>\n\t\t\t\t\t<\/div>\n\t\t\t\t<\/div>\n\t\t\t\t<\/div>\n\t\t\t\t\t<\/div>\n\t\t\t\t<\/div>\n\t\t<div class=\"elementor-element elementor-element-727fb0e e-flex e-con-boxed e-con e-parent\" data-id=\"727fb0e\" data-element_type=\"container\" data-e-type=\"container\">\n\t\t\t\t\t<div class=\"e-con-inner\">\n\t\t\t\t<div class=\"elementor-element elementor-element-c423229 elementor-widget elementor-widget-heading\" data-id=\"c423229\" data-element_type=\"widget\" data-e-type=\"widget\" data-widget_type=\"heading.default\">\n\t\t\t\t<div class=\"elementor-widget-container\">\n\t\t\t\t\t<h3 class=\"elementor-heading-title elementor-size-default\">Automatisations et options<\/h3>\t\t\t\t<\/div>\n\t\t\t\t<\/div>\n\t\t<div class=\"elementor-element elementor-element-5bd167d e-grid e-con-full e-con e-child\" data-id=\"5bd167d\" data-element_type=\"container\" data-e-type=\"container\">\n\t\t<div class=\"elementor-element elementor-element-dc4c288 e-flex e-con-boxed e-con e-child\" data-id=\"dc4c288\" data-element_type=\"container\" data-e-type=\"container\" data-settings=\"{&quot;background_background&quot;:&quot;classic&quot;}\">\n\t\t\t\t\t<div class=\"e-con-inner\">\n\t\t\t\t<div class=\"elementor-element elementor-element-acb0ec5 elementor-widget elementor-widget-heading\" data-id=\"acb0ec5\" data-element_type=\"widget\" data-e-type=\"widget\" data-widget_type=\"heading.default\">\n\t\t\t\t<div class=\"elementor-widget-container\">\n\t\t\t\t\t<h2 class=\"elementor-heading-title elementor-size-default\">Automatismes<\/h2>\t\t\t\t<\/div>\n\t\t\t\t<\/div>\n\t\t\t\t<div class=\"elementor-element elementor-element-162c42c elementor-widget elementor-widget-text-editor\" data-id=\"162c42c\" data-element_type=\"widget\" data-e-type=\"widget\" data-widget_type=\"text-editor.default\">\n\t\t\t\t<div class=\"elementor-widget-container\">\n\t\t\t\t\t\t\t\t\t<ul><li><strong>Pignon en aluminium chauff\u00e9<\/strong> avec r\u00e9sistance \u00e9lectrique pour un fonctionnement en dessous de z\u00e9ro.<\/li><li><b>Panneau PLC int\u00e9gr\u00e9 avec \u00e9cran tactile<\/b><ul><li>contr\u00f4le de la rotation de 0\u00b0 \u00e0 340\u00b0 ;<\/li><li>angle de travail de -20\u00b0 \u00e0 + 45\u00b0 ;<\/li><li>Buses actives s\u00e9lectionnables ;<\/li><li>bras articul\u00e9 avec mouvement haut\/bas ;<\/li><li>Planification hebdomadaire du travail (3 cycles quotidiens de marche\/arr\u00eat)<\/li><\/ul><\/li><li><strong>Vidange automatique de l'eau<\/strong> (fonction exclue)<\/li><li><strong>Type d'atomisation<\/strong><ul><li>pulv\u00e9risation fine \u00e0 haute pression (pour la poussi\u00e8re de bois ou similaire)<\/li><li>un spray plus \u00e9pais (parfait pour la d\u00e9molition)<\/li><\/ul><\/li><\/ul>\t\t\t\t\t\t\t\t<\/div>\n\t\t\t\t<\/div>\n\t\t\t\t\t<\/div>\n\t\t\t\t<\/div>\n\t\t<div class=\"elementor-element elementor-element-2274d13 e-flex e-con-boxed e-con e-child\" data-id=\"2274d13\" data-element_type=\"container\" data-e-type=\"container\" data-settings=\"{&quot;background_background&quot;:&quot;classic&quot;}\">\n\t\t\t\t\t<div class=\"e-con-inner\">\n\t\t\t\t<div class=\"elementor-element elementor-element-8a0bb97 elementor-widget elementor-widget-heading\" data-id=\"8a0bb97\" data-element_type=\"widget\" data-e-type=\"widget\" data-widget_type=\"heading.default\">\n\t\t\t\t<div class=\"elementor-widget-container\">\n\t\t\t\t\t<h2 class=\"elementor-heading-title elementor-size-default\">Canons Conrad et eau<\/h2>\t\t\t\t<\/div>\n\t\t\t\t<\/div>\n\t\t\t\t<div class=\"elementor-element elementor-element-38370d2 elementor-widget elementor-widget-text-editor\" data-id=\"38370d2\" data-element_type=\"widget\" data-e-type=\"widget\" data-widget_type=\"text-editor.default\">\n\t\t\t\t<div class=\"elementor-widget-container\">\n\t\t\t\t\t\t\t\t\t<ul><li><p id=\"tw-target-text\" dir=\"ltr\" data-placeholder=\"Traduzione\">Le syst\u00e8me de filtration CONRAD pour l'eau entrante est le meilleur du march\u00e9 et utilise une\u00a0<strong class=\"rich-node rich-node1\" data-toggle=\"tooltip\" data-placement=\"top\" data-original-title=\"Mark up: strong\"><span class=\"rich-node rich-node2\" data-toggle=\"tooltip\" data-placement=\"top\" data-original-title=\"Mark up: span\">Cartouche filtrante en acier inoxydable, longueur 500 mm x diam\u00e8tre 80 mm. Filtre inspectable \u00e0 triple maille en acier inoxydable.<\/span><\/strong><\/p><p dir=\"ltr\" data-placeholder=\"Traduzione\"><span lang=\"en\">Cela vous permet d'utiliser n'importe quel type d'eau pour alimenter le canon : industrielle, puits, anneau VVF, \u00e9purateur, aqueduc, collecte de pluie...<\/span><\/p><p dir=\"ltr\" data-placeholder=\"Traduzione\"><span lang=\"en\">Tous les canons CONRAD sont \u00e9quip\u00e9s d'une pompe verticale et auto-amor\u00e7ante pour l'alimentation par gravit\u00e9, ce qui fait qu'aucune pression d'entr\u00e9e d'eau n'est n\u00e9cessaire.<\/span><\/p><\/li><\/ul>\t\t\t\t\t\t\t\t<\/div>\n\t\t\t\t<\/div>\n\t\t\t\t\t<\/div>\n\t\t\t\t<\/div>\n\t\t<div class=\"elementor-element elementor-element-a5c59e2 e-flex e-con-boxed e-con e-child\" data-id=\"a5c59e2\" data-element_type=\"container\" data-e-type=\"container\" data-settings=\"{&quot;background_background&quot;:&quot;classic&quot;}\">\n\t\t\t\t\t<div class=\"e-con-inner\">\n\t\t\t\t<div class=\"elementor-element elementor-element-76b05bd elementor-widget elementor-widget-heading\" data-id=\"76b05bd\" data-element_type=\"widget\" data-e-type=\"widget\" data-widget_type=\"heading.default\">\n\t\t\t\t<div class=\"elementor-widget-container\">\n\t\t\t\t\t<h2 class=\"elementor-heading-title elementor-size-default\">En option<\/h2>\t\t\t\t<\/div>\n\t\t\t\t<\/div>\n\t\t\t\t<div class=\"elementor-element elementor-element-358285c elementor-widget elementor-widget-text-editor\" data-id=\"358285c\" data-element_type=\"widget\" data-e-type=\"widget\" data-widget_type=\"text-editor.default\">\n\t\t\t\t<div class=\"elementor-widget-container\">\n\t\t\t\t\t\t\t\t\t<ul><li><strong>Suppression des odeurs<\/strong>: pompe doseuse \u00e9lectrique pour m\u00e9langer le produit chimique de contr\u00f4le des odeurs (produit chimique non inclus)<\/li><li><strong>T\u00e9l\u00e9commande radio ON-OFF<\/strong> avec 12 touches de fonction, chargeur de batterie. Port\u00e9e de 100 m.<\/li><li>An\u00e9mom\u00e8tre int\u00e9gr\u00e9 avec PLC.<\/li><li><strong>Couleur de turbine personnalis\u00e9e.<\/strong><\/li><li><strong>Composants Atex sur demande selon le niveau requis.<\/strong><\/li><\/ul>\t\t\t\t\t\t\t\t<\/div>\n\t\t\t\t<\/div>\n\t\t\t\t\t<\/div>\n\t\t\t\t<\/div>\n\t\t\t\t<\/div>\n\t\t\t\t\t<\/div>\n\t\t\t\t<\/div>\n\t\t<div class=\"elementor-element elementor-element-376f98c e-flex e-con-boxed e-con e-parent\" data-id=\"376f98c\" data-element_type=\"container\" data-e-type=\"container\">\n\t\t\t\t\t<div class=\"e-con-inner\">\n\t\t\t\t<div class=\"elementor-element elementor-element-a32946f elementor-widget elementor-widget-heading\" data-id=\"a32946f\" data-element_type=\"widget\" data-e-type=\"widget\" data-widget_type=\"heading.default\">\n\t\t\t\t<div class=\"elementor-widget-container\">\n\t\t\t\t\t<h3 class=\"elementor-heading-title elementor-size-default\">Applications r\u00e9elles\n<\/h3>\t\t\t\t<\/div>\n\t\t\t\t<\/div>\n\t\t\t\t<div class=\"elementor-element elementor-element-e8b880f elementor-posts--align-left elementor-grid-widescreen-4 elementor-grid-3 elementor-grid-tablet-2 elementor-grid-mobile-1 elementor-posts--thumbnail-top elementor-widget elementor-widget-posts\" data-id=\"e8b880f\" data-element_type=\"widget\" data-e-type=\"widget\" data-settings=\"{&quot;classic_row_gap&quot;:{&quot;unit&quot;:&quot;px&quot;,&quot;size&quot;:20,&quot;sizes&quot;:[]},&quot;classic_columns_widescreen&quot;:&quot;4&quot;,&quot;classic_columns&quot;:&quot;3&quot;,&quot;classic_columns_tablet&quot;:&quot;2&quot;,&quot;classic_columns_mobile&quot;:&quot;1&quot;,&quot;classic_row_gap_widescreen&quot;:{&quot;unit&quot;:&quot;px&quot;,&quot;size&quot;:&quot;&quot;,&quot;sizes&quot;:[]},&quot;classic_row_gap_tablet&quot;:{&quot;unit&quot;:&quot;px&quot;,&quot;size&quot;:&quot;&quot;,&quot;sizes&quot;:[]},&quot;classic_row_gap_mobile&quot;:{&quot;unit&quot;:&quot;px&quot;,&quot;size&quot;:&quot;&quot;,&quot;sizes&quot;:[]}}\" data-widget_type=\"posts.classic\">\n\t\t\t\t<div class=\"elementor-widget-container\">\n\t\t\t\t\t\t\t<div class=\"elementor-posts-container elementor-posts elementor-posts--skin-classic elementor-grid\" role=\"list\">\n\t\t\t\t<article class=\"elementor-post elementor-grid-item post-86532 post type-post status-publish format-standard has-post-thumbnail hentry category-conrad-c62 category-sistemi-elettronici\" role=\"listitem\">\n\t\t\t\t<a class=\"elementor-post__thumbnail__link\" href=\"https:\/\/cannoni-conrad.com\/fr\/stories\/lavorazione-del-legno-con-conrad-c62-urbania\/\" tabindex=\"-1\" >\n\t\t\t<div class=\"elementor-post__thumbnail\"><img decoding=\"async\" width=\"927\" height=\"620\" src=\"https:\/\/cannoni-conrad.com\/wp-content\/uploads\/2020\/12\/Lavorazione-del-Legno-con-CONRAD-C62---Urbania.jpg\" class=\"attachment-full size-full wp-image-86546\" alt=\"\" srcset=\"\" sizes=\"(max-width: 927px) 100vw, 927px\" data-srcset=\"\" \/><\/div>\n\t\t<\/a>\n\t\t\t\t<div class=\"elementor-post__text\">\n\t\t\t\t<h2 class=\"elementor-post__title\">\n\t\t\t<a href=\"https:\/\/cannoni-conrad.com\/fr\/stories\/lavorazione-del-legno-con-conrad-c62-urbania\/\" >\n\t\t\t\tTravailler le bois avec CONRAD C62 - Urbania\t\t\t<\/a>\n\t\t<\/h2>\n\t\t\t\t<\/div>\n\t\t\t\t<\/article>\n\t\t\t\t<article class=\"elementor-post elementor-grid-item post-86516 post type-post status-publish format-standard has-post-thumbnail hentry category-conrad-c62 category-sistemi-elettronici\" role=\"listitem\">\n\t\t\t\t<a class=\"elementor-post__thumbnail__link\" href=\"https:\/\/cannoni-conrad.com\/fr\/stories\/gestione-dei-rifiuti-a-ferrara-con-conrad-c62\/\" tabindex=\"-1\" >\n\t\t\t<div class=\"elementor-post__thumbnail\"><img decoding=\"async\" width=\"1101\" height=\"607\" src=\"https:\/\/cannoni-conrad.com\/wp-content\/uploads\/2020\/12\/Gestione-dei-Rifiuti-a-Ferrara-con-CONRAD-C62.jpg\" class=\"attachment-full size-full wp-image-86524\" alt=\"\" srcset=\"https:\/\/cannoni-conrad.com\/wp-content\/uploads\/2020\/12\/Gestione-dei-Rifiuti-a-Ferrara-con-CONRAD-C62.jpg 1101w, https:\/\/cannoni-conrad.com\/wp-content\/uploads\/2020\/12\/Gestione-dei-Rifiuti-a-Ferrara-con-CONRAD-C62-800x441.jpg 800w, https:\/\/cannoni-conrad.com\/wp-content\/uploads\/2020\/12\/Gestione-dei-Rifiuti-a-Ferrara-con-CONRAD-C62-768x423.jpg 768w, https:\/\/cannoni-conrad.com\/wp-content\/uploads\/2020\/12\/Gestione-dei-Rifiuti-a-Ferrara-con-CONRAD-C62-18x10.jpg 18w\" sizes=\"(max-width: 1101px) 100vw, 1101px\" \/><\/div>\n\t\t<\/a>\n\t\t\t\t<div class=\"elementor-post__text\">\n\t\t\t\t<h2 class=\"elementor-post__title\">\n\t\t\t<a href=\"https:\/\/cannoni-conrad.com\/fr\/stories\/gestione-dei-rifiuti-a-ferrara-con-conrad-c62\/\" >\n\t\t\t\tGestion des d\u00e9chets \u00e0 Ferrare avec CONRAD C62\t\t\t<\/a>\n\t\t<\/h2>\n\t\t\t\t<\/div>\n\t\t\t\t<\/article>\n\t\t\t\t<article class=\"elementor-post elementor-grid-item post-86493 post type-post status-publish format-standard has-post-thumbnail hentry category-conrad-c62 category-sistemi-elettronici tag-abbattimento-polvere tag-c62 tag-discarica tag-prato\" role=\"listitem\">\n\t\t\t\t<a class=\"elementor-post__thumbnail__link\" href=\"https:\/\/cannoni-conrad.com\/fr\/stories\/conrad-c62-in-discarica-a-prato-italia\/\" tabindex=\"-1\" >\n\t\t\t<div class=\"elementor-post__thumbnail\"><img decoding=\"async\" width=\"1093\" height=\"617\" src=\"https:\/\/cannoni-conrad.com\/wp-content\/uploads\/2020\/12\/C62-in-discarica-a-PRATO.png\" class=\"attachment-full size-full wp-image-86507\" alt=\"\" srcset=\"https:\/\/cannoni-conrad.com\/wp-content\/uploads\/2020\/12\/C62-in-discarica-a-PRATO.png 1093w, https:\/\/cannoni-conrad.com\/wp-content\/uploads\/2020\/12\/C62-in-discarica-a-PRATO-800x452.png 800w, https:\/\/cannoni-conrad.com\/wp-content\/uploads\/2020\/12\/C62-in-discarica-a-PRATO-768x434.png 768w, https:\/\/cannoni-conrad.com\/wp-content\/uploads\/2020\/12\/C62-in-discarica-a-PRATO-18x10.png 18w\" sizes=\"(max-width: 1093px) 100vw, 1093px\" \/><\/div>\n\t\t<\/a>\n\t\t\t\t<div class=\"elementor-post__text\">\n\t\t\t\t<h2 class=\"elementor-post__title\">\n\t\t\t<a href=\"https:\/\/cannoni-conrad.com\/fr\/stories\/conrad-c62-in-discarica-a-prato-italia\/\" >\n\t\t\t\tCONRAD C62 dans une d\u00e9charge \u00e0 Prato - Italie\t\t\t<\/a>\n\t\t<\/h2>\n\t\t\t\t<\/div>\n\t\t\t\t<\/article>\n\t\t\t\t<article class=\"elementor-post elementor-grid-item post-84532 post type-post status-publish format-standard hentry category-conrad-c62 category-esperienza category-sistemi-elettronici\" role=\"listitem\">\n\t\t\t\t<div class=\"elementor-post__text\">\n\t\t\t\t<h2 class=\"elementor-post__title\">\n\t\t\t<a href=\"https:\/\/cannoni-conrad.com\/fr\/stories\/cannoni-conrad-promotes-a-new-independent-system\/\" >\n\t\t\t\tCANNONI-CONRAD promeut un syst\u00e8me de pulv\u00e9risation ind\u00e9pendant\t\t\t<\/a>\n\t\t<\/h2>\n\t\t\t\t<\/div>\n\t\t\t\t<\/article>\n\t\t\t\t<\/div>\n\t\t\n\t\t\t\t\t\t<\/div>\n\t\t\t\t<\/div>\n\t\t\t\t\t<\/div>\n\t\t\t\t<\/div>\n\t\t\t\t<\/div>","protected":false},"excerpt":{"rendered":"<p>Le pistolet de pulv\u00e9risation Conrad C62 peut supprimer sans difficult\u00e9 les poussi\u00e8res et les odeurs dans toutes sortes d'environnements hostiles.<\/p>\n<p>Le d\u00e9poussi\u00e9reur Conrad C62 offre la possibilit\u00e9 de s\u00e9lectionner le nombre de buses actives, en fonction du type d'intensit\u00e9 de pulv\u00e9risation souhait\u00e9.<\/p>","protected":false},"featured_media":95980,"template":"","meta":{"_acf_changed":false},"product_brand":[],"product_cat":[947],"product_tag":[],"class_list":{"0":"post-95977","1":"product","2":"type-product","3":"status-publish","4":"has-post-thumbnail","6":"product_cat-stazioni-autonome","8":"first","9":"instock","10":"taxable","11":"shipping-taxable","12":"product-type-simple"},"acf":[],"_links":{"self":[{"href":"https:\/\/cannoni-conrad.com\/fr\/wp-json\/wp\/v2\/product\/95977","targetHints":{"allow":["GET"]}}],"collection":[{"href":"https:\/\/cannoni-conrad.com\/fr\/wp-json\/wp\/v2\/product"}],"about":[{"href":"https:\/\/cannoni-conrad.com\/fr\/wp-json\/wp\/v2\/types\/product"}],"version-history":[{"count":0,"href":"https:\/\/cannoni-conrad.com\/fr\/wp-json\/wp\/v2\/product\/95977\/revisions"}],"wp:featuredmedia":[{"embeddable":true,"href":"https:\/\/cannoni-conrad.com\/fr\/wp-json\/wp\/v2\/media\/95980"}],"wp:attachment":[{"href":"https:\/\/cannoni-conrad.com\/fr\/wp-json\/wp\/v2\/media?parent=95977"}],"wp:term":[{"taxonomy":"product_brand","embeddable":true,"href":"https:\/\/cannoni-conrad.com\/fr\/wp-json\/wp\/v2\/product_brand?post=95977"},{"taxonomy":"product_cat","embeddable":true,"href":"https:\/\/cannoni-conrad.com\/fr\/wp-json\/wp\/v2\/product_cat?post=95977"},{"taxonomy":"product_tag","embeddable":true,"href":"https:\/\/cannoni-conrad.com\/fr\/wp-json\/wp\/v2\/product_tag?post=95977"}],"curies":[{"name":"wp","href":"https:\/\/api.w.org\/{rel}","templated":true}]}}