{"id":94480,"date":"2024-11-14T15:37:44","date_gmt":"2024-11-14T14:37:44","guid":{"rendered":"http:\/\/cannoni-conrad.com\/?post_type=product&#038;p=94480"},"modified":"2026-01-21T13:58:55","modified_gmt":"2026-01-21T12:58:55","slug":"station-autonome-conrad-phoenix-3","status":"publish","type":"product","link":"https:\/\/cannoni-conrad.com\/fr\/abbattimento-polveri\/stazioni-autonome\/stazione-autonoma-conrad-hydra\/","title":{"rendered":"Station autonome HYDRA"},"content":{"rendered":"<div data-elementor-type=\"product-post\" data-elementor-id=\"94480\" class=\"elementor elementor-94480\" data-elementor-post-type=\"product\">\n\t\t\t\t<div class=\"elementor-element elementor-element-ce3ea0b e-flex e-con-boxed e-con e-parent\" data-id=\"ce3ea0b\" data-element_type=\"container\" data-e-type=\"container\">\n\t\t\t\t\t<div class=\"e-con-inner\">\n\t\t\t\t<div class=\"elementor-element elementor-element-d8a6c8b elementor-widget elementor-widget-heading\" data-id=\"d8a6c8b\" data-element_type=\"widget\" data-e-type=\"widget\" data-widget_type=\"heading.default\">\n\t\t\t\t<div class=\"elementor-widget-container\">\n\t\t\t\t\t<h2 class=\"elementor-heading-title elementor-size-default\">L'HYDRA AU TRAVAIL<\/h2>\t\t\t\t<\/div>\n\t\t\t\t<\/div>\n\t\t\t\t<div class=\"elementor-element elementor-element-54987b2 elementor-widget elementor-widget-video\" data-id=\"54987b2\" data-element_type=\"widget\" data-e-type=\"widget\" data-settings=\"{&quot;youtube_url&quot;:&quot;https:\\\/\\\/youtu.be\\\/w7jj_uYwHFg&quot;,&quot;video_type&quot;:&quot;youtube&quot;,&quot;controls&quot;:&quot;yes&quot;}\" data-widget_type=\"video.default\">\n\t\t\t\t<div class=\"elementor-widget-container\">\n\t\t\t\t\t\t\t<div class=\"elementor-wrapper elementor-open-inline\">\n\t\t\t<div class=\"elementor-video\"><\/div>\t\t<\/div>\n\t\t\t\t\t\t<\/div>\n\t\t\t\t<\/div>\n\t\t<div class=\"elementor-element elementor-element-38cce2c e-grid e-con-full e-con e-child\" data-id=\"38cce2c\" data-element_type=\"container\" data-e-type=\"container\">\n\t\t\t\t<div class=\"elementor-element elementor-element-ee45849 elementor-widget elementor-widget-video\" data-id=\"ee45849\" data-element_type=\"widget\" data-e-type=\"widget\" data-settings=\"{&quot;youtube_url&quot;:&quot;https:\\\/\\\/www.youtube.com\\\/watch?v=-GOix0hmvps&quot;,&quot;video_type&quot;:&quot;youtube&quot;,&quot;controls&quot;:&quot;yes&quot;}\" data-widget_type=\"video.default\">\n\t\t\t\t<div class=\"elementor-widget-container\">\n\t\t\t\t\t\t\t<div class=\"elementor-wrapper elementor-open-inline\">\n\t\t\t<div class=\"elementor-video\"><\/div>\t\t<\/div>\n\t\t\t\t\t\t<\/div>\n\t\t\t\t<\/div>\n\t\t\t\t<div class=\"elementor-element elementor-element-6fb1524 elementor-widget elementor-widget-video\" data-id=\"6fb1524\" data-element_type=\"widget\" data-e-type=\"widget\" data-settings=\"{&quot;youtube_url&quot;:&quot;https:\\\/\\\/www.youtube.com\\\/watch?v=tt0CAYUlWVs&quot;,&quot;video_type&quot;:&quot;youtube&quot;,&quot;controls&quot;:&quot;yes&quot;}\" data-widget_type=\"video.default\">\n\t\t\t\t<div class=\"elementor-widget-container\">\n\t\t\t\t\t\t\t<div class=\"elementor-wrapper elementor-open-inline\">\n\t\t\t<div class=\"elementor-video\"><\/div>\t\t<\/div>\n\t\t\t\t\t\t<\/div>\n\t\t\t\t<\/div>\n\t\t\t\t<\/div>\n\t\t\t\t\t<\/div>\n\t\t\t\t<\/div>\n\t\t<div class=\"elementor-element elementor-element-601045c e-flex e-con-boxed e-con e-parent\" data-id=\"601045c\" data-element_type=\"container\" data-e-type=\"container\">\n\t\t\t\t\t<div class=\"e-con-inner\">\n\t\t\t\t<div class=\"elementor-element elementor-element-baa10bb elementor-widget elementor-widget-heading\" data-id=\"baa10bb\" data-element_type=\"widget\" data-e-type=\"widget\" data-widget_type=\"heading.default\">\n\t\t\t\t<div class=\"elementor-widget-container\">\n\t\t\t\t\t<h2 class=\"elementor-heading-title elementor-size-default\">FOCUS <\/h2>\t\t\t\t<\/div>\n\t\t\t\t<\/div>\n\t\t\t\t<div class=\"elementor-element elementor-element-46e4adf elementor-widget elementor-widget-video\" data-id=\"46e4adf\" data-element_type=\"widget\" data-e-type=\"widget\" data-settings=\"{&quot;youtube_url&quot;:&quot;https:\\\/\\\/www.youtube.com\\\/watch?v=LsPSd2LIDD4&quot;,&quot;video_type&quot;:&quot;youtube&quot;,&quot;controls&quot;:&quot;yes&quot;}\" data-widget_type=\"video.default\">\n\t\t\t\t<div class=\"elementor-widget-container\">\n\t\t\t\t\t\t\t<div class=\"elementor-wrapper elementor-open-inline\">\n\t\t\t<div class=\"elementor-video\"><\/div>\t\t<\/div>\n\t\t\t\t\t\t<\/div>\n\t\t\t\t<\/div>\n\t\t\t\t<div class=\"elementor-element elementor-element-71458c7 elementor-widget elementor-widget-heading\" data-id=\"71458c7\" data-element_type=\"widget\" data-e-type=\"widget\" data-widget_type=\"heading.default\">\n\t\t\t\t<div class=\"elementor-widget-container\">\n\t\t\t\t\t<h2 class=\"elementor-heading-title elementor-size-default\"> ECOMONDO 24<\/h2>\t\t\t\t<\/div>\n\t\t\t\t<\/div>\n\t\t\t\t<div class=\"elementor-element elementor-element-666a3fe elementor-widget elementor-widget-video\" data-id=\"666a3fe\" data-element_type=\"widget\" data-e-type=\"widget\" data-settings=\"{&quot;youtube_url&quot;:&quot;https:\\\/\\\/youtu.be\\\/RvAi5LyjeHk&quot;,&quot;video_type&quot;:&quot;youtube&quot;,&quot;controls&quot;:&quot;yes&quot;}\" data-widget_type=\"video.default\">\n\t\t\t\t<div class=\"elementor-widget-container\">\n\t\t\t\t\t\t\t<div class=\"elementor-wrapper elementor-open-inline\">\n\t\t\t<div class=\"elementor-video\"><\/div>\t\t<\/div>\n\t\t\t\t\t\t<\/div>\n\t\t\t\t<\/div>\n\t\t\t\t\t<\/div>\n\t\t\t\t<\/div>\n\t\t\t\t<\/div>","protected":false},"excerpt":{"rendered":"<p>Voici le nouveau <strong>station autonome de d\u00e9poussi\u00e9rage<\/strong> pour avoir tout ce dont vous avez besoin sur votre chantier en un seul mouvement, un pistolet de pulv\u00e9risation avec de l'eau et de l'\u00e9lectricit\u00e9 sur un seul patin qui peut \u00eatre pivot\u00e9 ou soulev\u00e9 \u00e0 l'aide de crochets.<\/p>\n<p>Am\u00e9lior\u00e9 parce qu'il est \u00e9quip\u00e9 d'un <strong>tour t\u00e9lescopique avec extension jusqu'\u00e0 5 m\u00e8tres<\/strong> de toucher la poussi\u00e8re de plus pr\u00e8s et d'atteindre plus facilement le point o\u00f9 la poussi\u00e8re est g\u00e9n\u00e9r\u00e9e.<\/p>\n<p><strong>La port\u00e9e du jet est de plus de 40 m\u00e8tres<\/strong> et le moteur du ventilateur est \u00e9quip\u00e9 d'un potentiom\u00e8tre permettant de r\u00e9gler la longueur du jet, une fonction tr\u00e8s utile pour \u00e9viter les interf\u00e9rences dans la cour et les intrusions.<\/p>\n<p>Le site <strong>la consommation d'eau est tr\u00e8s faible<\/strong> et permet un fonctionnement non-stop pendant 2,5 heures, gr\u00e2ce \u00e0 la pompe \u00e0 haute pression qui permet une utilisation durable de la r\u00e9serve d'eau.<\/p>\n<p>Le canon dispose \u00e9galement d'un <strong>Projecteur LED IP67 pour \u00e9clairer le jet<\/strong> dans des conditions de faible \u00e9clairage ou lors de travaux de d\u00e9molition de nuit.<\/p>","protected":false},"featured_media":95954,"template":"","meta":{"_acf_changed":false},"product_brand":[],"product_cat":[947],"product_tag":[993,994,975,992,991],"class_list":{"0":"post-94480","1":"product","2":"type-product","3":"status-publish","4":"has-post-thumbnail","6":"product_cat-stazioni-autonome","7":"product_tag-cannone-abbattimento-polveri-con-serbatoio","8":"product_tag-cannone-acqua-con-serbatoio-e-generatore","9":"product_tag-cannone-nebulizzatore-smart-per-demolizioni","10":"product_tag-piccola-stazione-abbattimento-polveri","11":"product_tag-stazione-autonoma-abbattimento-polveri","13":"first","14":"instock","15":"taxable","16":"shipping-taxable","17":"product-type-simple"},"acf":[],"_links":{"self":[{"href":"https:\/\/cannoni-conrad.com\/fr\/wp-json\/wp\/v2\/product\/94480","targetHints":{"allow":["GET"]}}],"collection":[{"href":"https:\/\/cannoni-conrad.com\/fr\/wp-json\/wp\/v2\/product"}],"about":[{"href":"https:\/\/cannoni-conrad.com\/fr\/wp-json\/wp\/v2\/types\/product"}],"version-history":[{"count":0,"href":"https:\/\/cannoni-conrad.com\/fr\/wp-json\/wp\/v2\/product\/94480\/revisions"}],"wp:featuredmedia":[{"embeddable":true,"href":"https:\/\/cannoni-conrad.com\/fr\/wp-json\/wp\/v2\/media\/95954"}],"wp:attachment":[{"href":"https:\/\/cannoni-conrad.com\/fr\/wp-json\/wp\/v2\/media?parent=94480"}],"wp:term":[{"taxonomy":"product_brand","embeddable":true,"href":"https:\/\/cannoni-conrad.com\/fr\/wp-json\/wp\/v2\/product_brand?post=94480"},{"taxonomy":"product_cat","embeddable":true,"href":"https:\/\/cannoni-conrad.com\/fr\/wp-json\/wp\/v2\/product_cat?post=94480"},{"taxonomy":"product_tag","embeddable":true,"href":"https:\/\/cannoni-conrad.com\/fr\/wp-json\/wp\/v2\/product_tag?post=94480"}],"curies":[{"name":"wp","href":"https:\/\/api.w.org\/{rel}","templated":true}]}}