{"id":87868,"date":"2021-11-12T11:59:22","date_gmt":"2021-11-12T10:59:22","guid":{"rendered":"http:\/\/cannoni-conrad.com\/?post_type=product&#038;p=87868"},"modified":"2025-06-15T12:00:17","modified_gmt":"2025-06-15T10:00:17","slug":"station-autonome-01","status":"publish","type":"product","link":"https:\/\/cannoni-conrad.com\/fr\/abbattimento-polveri\/stazioni-autonome\/stazione-autonoma-01\/","title":{"rendered":"Station autonome #01"},"content":{"rendered":"<div data-elementor-type=\"product-post\" data-elementor-id=\"87868\" class=\"elementor elementor-87868\" data-elementor-post-type=\"product\">\n\t\t\t\t<div class=\"elementor-element elementor-element-70c6be8 e-flex e-con-boxed e-con e-parent\" data-id=\"70c6be8\" data-element_type=\"container\" data-e-type=\"container\" data-settings=\"{&quot;background_background&quot;:&quot;classic&quot;}\">\n\t\t\t\t\t<div class=\"e-con-inner\">\n\t\t\t\t<div class=\"elementor-element elementor-element-4faec0f elementor-widget elementor-widget-heading\" data-id=\"4faec0f\" data-element_type=\"widget\" data-e-type=\"widget\" data-widget_type=\"heading.default\">\n\t\t\t\t<div class=\"elementor-widget-container\">\n\t\t\t\t\t<h3 class=\"elementor-heading-title elementor-size-default\">Automatisations et options<\/h3>\t\t\t\t<\/div>\n\t\t\t\t<\/div>\n\t\t<div class=\"elementor-element elementor-element-0b0f6e6 e-grid e-con-full e-con e-child\" data-id=\"0b0f6e6\" data-element_type=\"container\" data-e-type=\"container\">\n\t\t<div class=\"elementor-element elementor-element-b72d63e e-flex e-con-boxed e-con e-child\" data-id=\"b72d63e\" data-element_type=\"container\" data-e-type=\"container\" data-settings=\"{&quot;background_background&quot;:&quot;classic&quot;}\">\n\t\t\t\t\t<div class=\"e-con-inner\">\n\t\t\t\t<div class=\"elementor-element elementor-element-72fc339 elementor-widget elementor-widget-heading\" data-id=\"72fc339\" data-element_type=\"widget\" data-e-type=\"widget\" data-widget_type=\"heading.default\">\n\t\t\t\t<div class=\"elementor-widget-container\">\n\t\t\t\t\t<h2 class=\"elementor-heading-title elementor-size-default\">Mise en place<\/h2>\t\t\t\t<\/div>\n\t\t\t\t<\/div>\n\t\t\t\t<div class=\"elementor-element elementor-element-ec63985 elementor-widget elementor-widget-text-editor\" data-id=\"ec63985\" data-element_type=\"widget\" data-e-type=\"widget\" data-widget_type=\"text-editor.default\">\n\t\t\t\t<div class=\"elementor-widget-container\">\n\t\t\t\t\t\t\t\t\t<ul><li><strong>Conrad Phoenix Cannon<\/strong>\u00a0 d'une port\u00e9e de 20 m\u00e8tres.<\/li><li><strong>Pompe haute pression<\/strong> jusqu'\u00e0 60 bars.<\/li><li><strong>Sellette d'attelage<\/strong> pour la rotation du canon.<\/li><li><strong>PLC<\/strong> int\u00e9gr\u00e9 pour le r\u00e9glage de la rotation automatique et des cycles de travail hebdomadaires et quotidiens.<\/li><li><strong>R\u00e9servoir d'eau<\/strong> 1000 litres.<\/li><li><strong>Groupe \u00e9lectrog\u00e8ne.<\/strong><\/li><li><strong>Patin enjambeur<\/strong> avec un chariot \u00e9l\u00e9vateur ou soulevable \u00e0 l'aide de crochets.<\/li><\/ul>\t\t\t\t\t\t\t\t<\/div>\n\t\t\t\t<\/div>\n\t\t\t\t\t<\/div>\n\t\t\t\t<\/div>\n\t\t<div class=\"elementor-element elementor-element-bf663ce e-flex e-con-boxed e-con e-child\" data-id=\"bf663ce\" data-element_type=\"container\" data-e-type=\"container\" data-settings=\"{&quot;background_background&quot;:&quot;classic&quot;}\">\n\t\t\t\t\t<div class=\"e-con-inner\">\n\t\t\t\t<div class=\"elementor-element elementor-element-c260101 elementor-widget elementor-widget-heading\" data-id=\"c260101\" data-element_type=\"widget\" data-e-type=\"widget\" data-widget_type=\"heading.default\">\n\t\t\t\t<div class=\"elementor-widget-container\">\n\t\t\t\t\t<h2 class=\"elementor-heading-title elementor-size-default\">En option<\/h2>\t\t\t\t<\/div>\n\t\t\t\t<\/div>\n\t\t\t\t<div class=\"elementor-element elementor-element-52dac85 elementor-widget elementor-widget-text-editor\" data-id=\"52dac85\" data-element_type=\"widget\" data-e-type=\"widget\" data-widget_type=\"text-editor.default\">\n\t\t\t\t<div class=\"elementor-widget-container\">\n\t\t\t\t\t\t\t\t\t<ul>\n \t<li>Lance de nettoyage<\/li>\n \t<li>Pompe doseuse pour les substances r\u00e9duisant les odeurs<\/li>\n \t<li><a href=\"http:\/\/cannoni-conrad.com\/fr\/nouvelles\/industrie-4-0-pour-un-systeme-abattement-poussiere-avec-canons-vous-pouvez\/\">Kit industrie 4.0<\/a><\/li>\n \t<li>Radiocommande<\/li>\n<\/ul>\t\t\t\t\t\t\t\t<\/div>\n\t\t\t\t<\/div>\n\t\t\t\t<div class=\"elementor-element elementor-element-24716cc elementor-widget elementor-widget-heading\" data-id=\"24716cc\" data-element_type=\"widget\" data-e-type=\"widget\" data-widget_type=\"heading.default\">\n\t\t\t\t<div class=\"elementor-widget-container\">\n\t\t\t\t\t<h2 class=\"elementor-heading-title elementor-size-default\">Industrie 4.0\n<\/h2>\t\t\t\t<\/div>\n\t\t\t\t<\/div>\n\t\t\t\t<div class=\"elementor-element elementor-element-62ca862 elementor-widget elementor-widget-text-editor\" data-id=\"62ca862\" data-element_type=\"widget\" data-e-type=\"widget\" data-widget_type=\"text-editor.default\">\n\t\t\t\t<div class=\"elementor-widget-container\">\n\t\t\t\t\t\t\t\t\t<p>Notre offre comprend toujours : un appareil avec \u00e9cran int\u00e9gr\u00e9, 5 ans de connectivit\u00e9 inclus et l'acc\u00e8s au portail de gestion, mais surtout, nous nous occupons de tout !\u00a0<\/p><p><strong>Nous effectuons l'installation de l'appareil <\/strong>et vous accompagner dans l'activation de votre compte aupr\u00e8s du centre op\u00e9rationnel.<\/p>\t\t\t\t\t\t\t\t<\/div>\n\t\t\t\t<\/div>\n\t\t\t\t\t<\/div>\n\t\t\t\t<\/div>\n\t\t\t\t<\/div>\n\t\t\t\t\t<\/div>\n\t\t\t\t<\/div>\n\t\t<div class=\"elementor-element elementor-element-139f100 e-flex e-con-boxed e-con e-parent\" data-id=\"139f100\" data-element_type=\"container\" data-e-type=\"container\" data-settings=\"{&quot;background_background&quot;:&quot;classic&quot;}\">\n\t\t\t\t\t<div class=\"e-con-inner\">\n\t\t\t\t<div class=\"elementor-element elementor-element-c2cf924 elementor-widget elementor-widget-heading\" data-id=\"c2cf924\" data-element_type=\"widget\" data-e-type=\"widget\" data-widget_type=\"heading.default\">\n\t\t\t\t<div class=\"elementor-widget-container\">\n\t\t\t\t\t<h3 class=\"elementor-heading-title elementor-size-default\">La station en action<\/h3>\t\t\t\t<\/div>\n\t\t\t\t<\/div>\n\t\t\t\t<div class=\"elementor-element elementor-element-dbb5eb9 elementor-widget elementor-widget-text-editor\" data-id=\"dbb5eb9\" data-element_type=\"widget\" data-e-type=\"widget\" data-widget_type=\"text-editor.default\">\n\t\t\t\t<div class=\"elementor-widget-container\">\n\t\t\t\t\t\t\t\t\t<p>Vous trouverez ci-dessous quelques vid\u00e9os des essais de la station autonome Phoenix et des premi\u00e8res livraisons sur place.<\/p><p><strong>Elimination des agr\u00e9gats \u00e0 Mod\u00e8ne et \u00e9limination des d\u00e9chets \u00e0 Cr\u00e9mone<\/strong><\/p>\t\t\t\t\t\t\t\t<\/div>\n\t\t\t\t<\/div>\n\t\t<div class=\"elementor-element elementor-element-e604b71 e-grid e-con-full e-con e-child\" data-id=\"e604b71\" data-element_type=\"container\" data-e-type=\"container\">\n\t\t\t\t<div class=\"elementor-element elementor-element-182c3a3 elementor-widget elementor-widget-video\" data-id=\"182c3a3\" data-element_type=\"widget\" data-e-type=\"widget\" data-settings=\"{&quot;youtube_url&quot;:&quot;https:\\\/\\\/www.youtube.com\\\/watch?v=th5KBjsXHgE&quot;,&quot;autoplay&quot;:&quot;yes&quot;,&quot;play_on_mobile&quot;:&quot;yes&quot;,&quot;mute&quot;:&quot;yes&quot;,&quot;loop&quot;:&quot;yes&quot;,&quot;yt_privacy&quot;:&quot;yes&quot;,&quot;video_type&quot;:&quot;youtube&quot;,&quot;controls&quot;:&quot;yes&quot;}\" data-widget_type=\"video.default\">\n\t\t\t\t<div class=\"elementor-widget-container\">\n\t\t\t\t\t\t\t<div class=\"elementor-wrapper elementor-open-inline\">\n\t\t\t<div class=\"elementor-video\"><\/div>\t\t<\/div>\n\t\t\t\t\t\t<\/div>\n\t\t\t\t<\/div>\n\t\t\t\t<div class=\"elementor-element elementor-element-794a550 elementor-widget elementor-widget-video\" data-id=\"794a550\" data-element_type=\"widget\" data-e-type=\"widget\" data-settings=\"{&quot;youtube_url&quot;:&quot;https:\\\/\\\/www.youtube.com\\\/watch?v=IWiQd6g0cs0&quot;,&quot;autoplay&quot;:&quot;yes&quot;,&quot;play_on_mobile&quot;:&quot;yes&quot;,&quot;mute&quot;:&quot;yes&quot;,&quot;loop&quot;:&quot;yes&quot;,&quot;video_type&quot;:&quot;youtube&quot;,&quot;controls&quot;:&quot;yes&quot;}\" data-widget_type=\"video.default\">\n\t\t\t\t<div class=\"elementor-widget-container\">\n\t\t\t\t\t\t\t<div class=\"elementor-wrapper elementor-open-inline\">\n\t\t\t<div class=\"elementor-video\"><\/div>\t\t<\/div>\n\t\t\t\t\t\t<\/div>\n\t\t\t\t<\/div>\n\t\t\t\t<div class=\"elementor-element elementor-element-4ef2ae5 elementor-widget elementor-widget-video\" data-id=\"4ef2ae5\" data-element_type=\"widget\" data-e-type=\"widget\" data-settings=\"{&quot;youtube_url&quot;:&quot;https:\\\/\\\/www.youtube.com\\\/watch?v=YklAxMLPJKo&quot;,&quot;autoplay&quot;:&quot;yes&quot;,&quot;play_on_mobile&quot;:&quot;yes&quot;,&quot;mute&quot;:&quot;yes&quot;,&quot;loop&quot;:&quot;yes&quot;,&quot;video_type&quot;:&quot;youtube&quot;,&quot;controls&quot;:&quot;yes&quot;}\" data-widget_type=\"video.default\">\n\t\t\t\t<div class=\"elementor-widget-container\">\n\t\t\t\t\t\t\t<div class=\"elementor-wrapper elementor-open-inline\">\n\t\t\t<div class=\"elementor-video\"><\/div>\t\t<\/div>\n\t\t\t\t\t\t<\/div>\n\t\t\t\t<\/div>\n\t\t\t\t<div class=\"elementor-element elementor-element-24ad042 elementor-widget elementor-widget-video\" data-id=\"24ad042\" data-element_type=\"widget\" data-e-type=\"widget\" data-settings=\"{&quot;youtube_url&quot;:&quot;https:\\\/\\\/youtu.be\\\/15GYgI_EtMg&quot;,&quot;autoplay&quot;:&quot;yes&quot;,&quot;play_on_mobile&quot;:&quot;yes&quot;,&quot;mute&quot;:&quot;yes&quot;,&quot;loop&quot;:&quot;yes&quot;,&quot;video_type&quot;:&quot;youtube&quot;,&quot;controls&quot;:&quot;yes&quot;}\" data-widget_type=\"video.default\">\n\t\t\t\t<div class=\"elementor-widget-container\">\n\t\t\t\t\t\t\t<div class=\"elementor-wrapper elementor-open-inline\">\n\t\t\t<div class=\"elementor-video\"><\/div>\t\t<\/div>\n\t\t\t\t\t\t<\/div>\n\t\t\t\t<\/div>\n\t\t\t\t<\/div>\n\t\t\t\t\t<\/div>\n\t\t\t\t<\/div>\n\t\t<div class=\"elementor-element elementor-element-30529b1 e-flex e-con-boxed e-con e-parent\" data-id=\"30529b1\" data-element_type=\"container\" data-e-type=\"container\">\n\t\t\t\t\t<div class=\"e-con-inner\">\n\t\t\t\t<div class=\"elementor-element elementor-element-4834fc8 elementor-widget elementor-widget-heading\" data-id=\"4834fc8\" data-element_type=\"widget\" data-e-type=\"widget\" data-widget_type=\"heading.default\">\n\t\t\t\t<div class=\"elementor-widget-container\">\n\t\t\t\t\t<h2 class=\"elementor-heading-title elementor-size-default\">Applications r\u00e9elles<\/h2>\t\t\t\t<\/div>\n\t\t\t\t<\/div>\n\t\t\t\t<div class=\"elementor-element elementor-element-80ef611 elementor-posts--align-left elementor-grid-widescreen-4 elementor-grid-3 elementor-grid-tablet-2 elementor-grid-mobile-1 elementor-posts--thumbnail-top elementor-widget elementor-widget-posts\" data-id=\"80ef611\" data-element_type=\"widget\" data-e-type=\"widget\" data-settings=\"{&quot;classic_row_gap&quot;:{&quot;unit&quot;:&quot;px&quot;,&quot;size&quot;:20,&quot;sizes&quot;:[]},&quot;classic_columns_widescreen&quot;:&quot;4&quot;,&quot;classic_columns&quot;:&quot;3&quot;,&quot;classic_columns_tablet&quot;:&quot;2&quot;,&quot;classic_columns_mobile&quot;:&quot;1&quot;,&quot;classic_row_gap_widescreen&quot;:{&quot;unit&quot;:&quot;px&quot;,&quot;size&quot;:&quot;&quot;,&quot;sizes&quot;:[]},&quot;classic_row_gap_tablet&quot;:{&quot;unit&quot;:&quot;px&quot;,&quot;size&quot;:&quot;&quot;,&quot;sizes&quot;:[]},&quot;classic_row_gap_mobile&quot;:{&quot;unit&quot;:&quot;px&quot;,&quot;size&quot;:&quot;&quot;,&quot;sizes&quot;:[]}}\" data-widget_type=\"posts.classic\">\n\t\t\t\t<div class=\"elementor-widget-container\">\n\t\t\t\t\t\t\t<div class=\"elementor-posts-container elementor-posts elementor-posts--skin-classic elementor-grid\" role=\"list\">\n\t\t\t\t<article class=\"elementor-post elementor-grid-item post-96318 post type-post status-publish format-standard has-post-thumbnail hentry category-conrad-c72 category-conrad-phoenix category-esperienza tag-abbattimento-odori tag-abbattimento-polvere tag-giubileo-dei-giovani-2025 tag-nebulizzazione tag-raffrescamento-eventi tag-sistema-abbattimento-polveri tag-sistema-di-fraffrescamento tag-sistema-di-nebulizzazione\" role=\"listitem\">\n\t\t\t\t<a class=\"elementor-post__thumbnail__link\" href=\"https:\/\/cannoni-conrad.com\/fr\/stories\/sos-roma-soccorso-sceglie-conrad-per-raffrescare-il-percorso-dei-fedeli-a-tor-vergata\/\" tabindex=\"-1\" >\n\t\t\t<div class=\"elementor-post__thumbnail\"><img decoding=\"async\" width=\"1313\" height=\"690\" src=\"https:\/\/cannoni-conrad.com\/wp-content\/uploads\/2025\/08\/giubileo-phoenix.jpg\" class=\"attachment-full size-full wp-image-96328\" alt=\"\" srcset=\"https:\/\/cannoni-conrad.com\/wp-content\/uploads\/2025\/08\/giubileo-phoenix.jpg 1313w, https:\/\/cannoni-conrad.com\/wp-content\/uploads\/2025\/08\/giubileo-phoenix-650x342.jpg 650w, https:\/\/cannoni-conrad.com\/wp-content\/uploads\/2025\/08\/giubileo-phoenix-1200x631.jpg 1200w, https:\/\/cannoni-conrad.com\/wp-content\/uploads\/2025\/08\/giubileo-phoenix-768x404.jpg 768w, https:\/\/cannoni-conrad.com\/wp-content\/uploads\/2025\/08\/giubileo-phoenix-18x9.jpg 18w, https:\/\/cannoni-conrad.com\/wp-content\/uploads\/2025\/08\/giubileo-phoenix-800x420.jpg 800w\" sizes=\"(max-width: 1313px) 100vw, 1313px\" \/><\/div>\n\t\t<\/a>\n\t\t\t\t<div class=\"elementor-post__text\">\n\t\t\t\t<h2 class=\"elementor-post__title\">\n\t\t\t<a href=\"https:\/\/cannoni-conrad.com\/fr\/stories\/sos-roma-soccorso-sceglie-conrad-per-raffrescare-il-percorso-dei-fedeli-a-tor-vergata\/\" >\n\t\t\t\tSOS Roma Soccorso nous a choisi pour refroidir le Jubil\u00e9 de la Jeunesse 2025\t\t\t<\/a>\n\t\t<\/h2>\n\t\t\t\t<\/div>\n\t\t\t\t<\/article>\n\t\t\t\t<article class=\"elementor-post elementor-grid-item post-94559 post type-post status-publish format-standard has-post-thumbnail hentry category-conrad-phoenix category-esperienza tag-abbattimento-odori tag-abbattimento-polvere tag-consegna-e-formazione-di-un-cannone-abbattimento-polveri tag-nebulizzazione tag-phoenix-plus tag-sistema-abbattimento-polveri\" role=\"listitem\">\n\t\t\t\t<a class=\"elementor-post__thumbnail__link\" href=\"https:\/\/cannoni-conrad.com\/fr\/stories\/cannoni-conrad-in-azione-la-consegna-che-fa-la-differenza\/\" tabindex=\"-1\" >\n\t\t\t<div class=\"elementor-post__thumbnail\"><img decoding=\"async\" width=\"838\" height=\"768\" src=\"https:\/\/cannoni-conrad.com\/wp-content\/uploads\/2025\/01\/formazione-Phoenix-plus-Media.jpg\" class=\"attachment-full size-full wp-image-94562\" alt=\"\" srcset=\"https:\/\/cannoni-conrad.com\/wp-content\/uploads\/2025\/01\/formazione-Phoenix-plus-Media.jpg 838w, https:\/\/cannoni-conrad.com\/wp-content\/uploads\/2025\/01\/formazione-Phoenix-plus-Media-768x704.jpg 768w, https:\/\/cannoni-conrad.com\/wp-content\/uploads\/2025\/01\/formazione-Phoenix-plus-Media-13x12.jpg 13w, https:\/\/cannoni-conrad.com\/wp-content\/uploads\/2025\/01\/formazione-Phoenix-plus-Media-800x733.jpg 800w\" sizes=\"(max-width: 838px) 100vw, 838px\" \/><\/div>\n\t\t<\/a>\n\t\t\t\t<div class=\"elementor-post__text\">\n\t\t\t\t<h2 class=\"elementor-post__title\">\n\t\t\t<a href=\"https:\/\/cannoni-conrad.com\/fr\/stories\/cannoni-conrad-in-azione-la-consegna-che-fa-la-differenza\/\" >\n\t\t\t\tLa livraison qui fait la diff\u00e9rence !\t\t\t<\/a>\n\t\t<\/h2>\n\t\t\t\t<\/div>\n\t\t\t\t<\/article>\n\t\t\t\t<article class=\"elementor-post elementor-grid-item post-94576 post type-post status-publish format-standard has-post-thumbnail hentry category-conrad-phoenix category-esperienza tag-abbattimento-polvere tag-abbattimento-polveri-in-area-residenziale tag-cannone-nebulizzatore tag-sistema-abbattimento-polveri\" role=\"listitem\">\n\t\t\t\t<a class=\"elementor-post__thumbnail__link\" href=\"https:\/\/cannoni-conrad.com\/fr\/stories\/phoenix-plus-in-azione-inviaci-il-tuo-video-e-raccontaci-la-tua-storia\/\" tabindex=\"-1\" >\n\t\t\t<div class=\"elementor-post__thumbnail\"><img decoding=\"async\" width=\"896\" height=\"495\" src=\"https:\/\/cannoni-conrad.com\/wp-content\/uploads\/2025\/01\/phoenix-plus.jpg\" class=\"attachment-full size-full wp-image-94581\" alt=\"\" srcset=\"https:\/\/cannoni-conrad.com\/wp-content\/uploads\/2025\/01\/phoenix-plus.jpg 896w, https:\/\/cannoni-conrad.com\/wp-content\/uploads\/2025\/01\/phoenix-plus-768x424.jpg 768w, https:\/\/cannoni-conrad.com\/wp-content\/uploads\/2025\/01\/phoenix-plus-18x10.jpg 18w, https:\/\/cannoni-conrad.com\/wp-content\/uploads\/2025\/01\/phoenix-plus-800x442.jpg 800w\" sizes=\"(max-width: 896px) 100vw, 896px\" \/><\/div>\n\t\t<\/a>\n\t\t\t\t<div class=\"elementor-post__text\">\n\t\t\t\t<h2 class=\"elementor-post__title\">\n\t\t\t<a href=\"https:\/\/cannoni-conrad.com\/fr\/stories\/phoenix-plus-in-azione-inviaci-il-tuo-video-e-raccontaci-la-tua-storia\/\" >\n\t\t\t\tEnvoyez-nous votre vid\u00e9o et racontez-nous votre histoire !\t\t\t<\/a>\n\t\t<\/h2>\n\t\t\t\t<\/div>\n\t\t\t\t<\/article>\n\t\t\t\t<article class=\"elementor-post elementor-grid-item post-94566 post type-post status-publish format-standard has-post-thumbnail hentry category-conrad-phoenix category-esperienza tag-abbattimento-polvere tag-nebulizzazione tag-sistema-abbattimento-polveri tag-video-di-un-cliente-mentre-utilizza-phoenix-plus-durante-una-demolizione\" role=\"listitem\">\n\t\t\t\t<a class=\"elementor-post__thumbnail__link\" href=\"https:\/\/cannoni-conrad.com\/fr\/stories\/il-tuo-cantiere-protagonista-guarda-come-un-cliente-usa-il-nostro-nebulizzatore-in-demolizione\/\" tabindex=\"-1\" >\n\t\t\t<div class=\"elementor-post__thumbnail\"><img decoding=\"async\" width=\"1600\" height=\"1200\" src=\"https:\/\/cannoni-conrad.com\/wp-content\/uploads\/2025\/01\/Immagine-WhatsApp-2024-12-09-ore-12.39.52_66360444.jpg\" class=\"attachment-full size-full wp-image-94571\" alt=\"\" srcset=\"https:\/\/cannoni-conrad.com\/wp-content\/uploads\/2025\/01\/Immagine-WhatsApp-2024-12-09-ore-12.39.52_66360444.jpg 1600w, https:\/\/cannoni-conrad.com\/wp-content\/uploads\/2025\/01\/Immagine-WhatsApp-2024-12-09-ore-12.39.52_66360444-768x576.jpg 768w, https:\/\/cannoni-conrad.com\/wp-content\/uploads\/2025\/01\/Immagine-WhatsApp-2024-12-09-ore-12.39.52_66360444-1536x1152.jpg 1536w, https:\/\/cannoni-conrad.com\/wp-content\/uploads\/2025\/01\/Immagine-WhatsApp-2024-12-09-ore-12.39.52_66360444-16x12.jpg 16w, https:\/\/cannoni-conrad.com\/wp-content\/uploads\/2025\/01\/Immagine-WhatsApp-2024-12-09-ore-12.39.52_66360444-800x600.jpg 800w\" sizes=\"(max-width: 1600px) 100vw, 1600px\" \/><\/div>\n\t\t<\/a>\n\t\t\t\t<div class=\"elementor-post__text\">\n\t\t\t\t<h2 class=\"elementor-post__title\">\n\t\t\t<a href=\"https:\/\/cannoni-conrad.com\/fr\/stories\/il-tuo-cantiere-protagonista-guarda-come-un-cliente-usa-il-nostro-nebulizzatore-in-demolizione\/\" >\n\t\t\t\tVotre Protagoniste Yard !\t\t\t<\/a>\n\t\t<\/h2>\n\t\t\t\t<\/div>\n\t\t\t\t<\/article>\n\t\t\t\t<article class=\"elementor-post elementor-grid-item post-94265 post type-post status-publish format-standard has-post-thumbnail hentry category-conrad-lc30r category-conrad-phoenix category-esperienza\" role=\"listitem\">\n\t\t\t\t<a class=\"elementor-post__thumbnail__link\" href=\"https:\/\/cannoni-conrad.com\/fr\/stories\/abbattimento-polveri-in-area-di-carico-materiale\/\" tabindex=\"-1\" >\n\t\t\t<div class=\"elementor-post__thumbnail\"><img decoding=\"async\" width=\"904\" height=\"768\" src=\"https:\/\/cannoni-conrad.com\/wp-content\/uploads\/2024\/11\/phoenix-str-Media.jpg\" class=\"attachment-full size-full wp-image-94267\" alt=\"\" srcset=\"https:\/\/cannoni-conrad.com\/wp-content\/uploads\/2024\/11\/phoenix-str-Media.jpg 904w, https:\/\/cannoni-conrad.com\/wp-content\/uploads\/2024\/11\/phoenix-str-Media-768x652.jpg 768w, https:\/\/cannoni-conrad.com\/wp-content\/uploads\/2024\/11\/phoenix-str-Media-14x12.jpg 14w, https:\/\/cannoni-conrad.com\/wp-content\/uploads\/2024\/11\/phoenix-str-Media-800x680.jpg 800w\" sizes=\"(max-width: 904px) 100vw, 904px\" \/><\/div>\n\t\t<\/a>\n\t\t\t\t<div class=\"elementor-post__text\">\n\t\t\t\t<h2 class=\"elementor-post__title\">\n\t\t\t<a href=\"https:\/\/cannoni-conrad.com\/fr\/stories\/abbattimento-polveri-in-area-di-carico-materiale\/\" >\n\t\t\t\tSuppression des poussi\u00e8res dans la zone de chargement des mat\u00e9riaux\t\t\t<\/a>\n\t\t<\/h2>\n\t\t\t\t<\/div>\n\t\t\t\t<\/article>\n\t\t\t\t<article class=\"elementor-post elementor-grid-item post-93623 post type-post status-publish format-standard has-post-thumbnail hentry category-conrad-phoenix category-esperienza tag-abbattimento-polvere tag-illuminazione-per-il-cantiere tag-sistema-abbattimento-polveri\" role=\"listitem\">\n\t\t\t\t<a class=\"elementor-post__thumbnail__link\" href=\"https:\/\/cannoni-conrad.com\/fr\/stories\/nebulizza-e-illumina\/\" tabindex=\"-1\" >\n\t\t\t<div class=\"elementor-post__thumbnail\"><img decoding=\"async\" width=\"1024\" height=\"768\" src=\"https:\/\/cannoni-conrad.com\/wp-content\/uploads\/2024\/06\/IMG20240521141034-Media.jpg\" class=\"attachment-full size-full wp-image-93624\" alt=\"\" srcset=\"https:\/\/cannoni-conrad.com\/wp-content\/uploads\/2024\/06\/IMG20240521141034-Media.jpg 1024w, https:\/\/cannoni-conrad.com\/wp-content\/uploads\/2024\/06\/IMG20240521141034-Media-768x576.jpg 768w, https:\/\/cannoni-conrad.com\/wp-content\/uploads\/2024\/06\/IMG20240521141034-Media-16x12.jpg 16w, https:\/\/cannoni-conrad.com\/wp-content\/uploads\/2024\/06\/IMG20240521141034-Media-800x600.jpg 800w\" sizes=\"(max-width: 1024px) 100vw, 1024px\" \/><\/div>\n\t\t<\/a>\n\t\t\t\t<div class=\"elementor-post__text\">\n\t\t\t\t<h2 class=\"elementor-post__title\">\n\t\t\t<a href=\"https:\/\/cannoni-conrad.com\/fr\/stories\/nebulizza-e-illumina\/\" >\n\t\t\t\tBrumisez et illuminez\t\t\t<\/a>\n\t\t<\/h2>\n\t\t\t\t<\/div>\n\t\t\t\t<\/article>\n\t\t\t\t<\/div>\n\t\t\n\t\t\t\t\t\t<\/div>\n\t\t\t\t<\/div>\n\t\t\t\t\t<\/div>\n\t\t\t\t<\/div>\n\t\t\t\t<\/div>","protected":false},"excerpt":{"rendered":"<p>Station autonome de d\u00e9poussi\u00e9rage pour disposer en un seul geste de tout ce dont vous avez besoin sur votre chantier.<\/p>\n<p>La station CONRAD Phoenix est en effet \u00e9quip\u00e9e de : Canon Conrad Phoenix \u00e9quip\u00e9 d'un PLC pour le r\u00e9glage de la rotation, d'un groupe \u00e9lectrog\u00e8ne et d'un r\u00e9servoir de 1000 litres.<\/p>\n<p>&nbsp;<\/p>","protected":false},"featured_media":95956,"template":"","meta":{"_acf_changed":false},"product_brand":[],"product_cat":[947],"product_tag":[993,994,975,992,991],"class_list":{"0":"post-87868","1":"product","2":"type-product","3":"status-publish","4":"has-post-thumbnail","6":"product_cat-stazioni-autonome","7":"product_tag-cannone-abbattimento-polveri-con-serbatoio","8":"product_tag-cannone-acqua-con-serbatoio-e-generatore","9":"product_tag-cannone-nebulizzatore-smart-per-demolizioni","10":"product_tag-piccola-stazione-abbattimento-polveri","11":"product_tag-stazione-autonoma-abbattimento-polveri","13":"first","14":"instock","15":"taxable","16":"shipping-taxable","17":"product-type-simple"},"acf":[],"_links":{"self":[{"href":"https:\/\/cannoni-conrad.com\/fr\/wp-json\/wp\/v2\/product\/87868","targetHints":{"allow":["GET"]}}],"collection":[{"href":"https:\/\/cannoni-conrad.com\/fr\/wp-json\/wp\/v2\/product"}],"about":[{"href":"https:\/\/cannoni-conrad.com\/fr\/wp-json\/wp\/v2\/types\/product"}],"version-history":[{"count":0,"href":"https:\/\/cannoni-conrad.com\/fr\/wp-json\/wp\/v2\/product\/87868\/revisions"}],"wp:featuredmedia":[{"embeddable":true,"href":"https:\/\/cannoni-conrad.com\/fr\/wp-json\/wp\/v2\/media\/95956"}],"wp:attachment":[{"href":"https:\/\/cannoni-conrad.com\/fr\/wp-json\/wp\/v2\/media?parent=87868"}],"wp:term":[{"taxonomy":"product_brand","embeddable":true,"href":"https:\/\/cannoni-conrad.com\/fr\/wp-json\/wp\/v2\/product_brand?post=87868"},{"taxonomy":"product_cat","embeddable":true,"href":"https:\/\/cannoni-conrad.com\/fr\/wp-json\/wp\/v2\/product_cat?post=87868"},{"taxonomy":"product_tag","embeddable":true,"href":"https:\/\/cannoni-conrad.com\/fr\/wp-json\/wp\/v2\/product_tag?post=87868"}],"curies":[{"name":"wp","href":"https:\/\/api.w.org\/{rel}","templated":true}]}}