{"id":86384,"date":"2020-12-11T11:00:28","date_gmt":"2020-12-11T10:00:28","guid":{"rendered":"http:\/\/cannoni-conrad.com\/?post_type=product&#038;p=86384"},"modified":"2025-06-16T18:55:25","modified_gmt":"2025-06-16T16:55:25","slug":"conrad-c42","status":"publish","type":"product","link":"https:\/\/cannoni-conrad.com\/fr\/abbattimento-polveri\/cannoni-nebulizzatori\/gamma-automatica\/conrad-c42\/","title":{"rendered":"Conrad C42"},"content":{"rendered":"<div data-elementor-type=\"product-post\" data-elementor-id=\"86384\" class=\"elementor elementor-86384\" data-elementor-post-type=\"product\">\n\t\t\t\t<div class=\"elementor-element elementor-element-0cbc6f1 e-flex e-con-boxed e-con e-parent\" data-id=\"0cbc6f1\" data-element_type=\"container\" data-e-type=\"container\" data-settings=\"{&quot;background_background&quot;:&quot;classic&quot;}\">\n\t\t\t\t\t<div class=\"e-con-inner\">\n\t\t<div class=\"elementor-element elementor-element-fbfe133 e-grid e-con-full e-con e-child\" data-id=\"fbfe133\" data-element_type=\"container\" data-e-type=\"container\">\n\t\t\t\t<div class=\"elementor-element elementor-element-59d7875 elementor-position-top elementor-widget elementor-widget-image-box\" data-id=\"59d7875\" data-element_type=\"widget\" data-e-type=\"widget\" data-widget_type=\"image-box.default\">\n\t\t\t\t<div class=\"elementor-widget-container\">\n\t\t\t\t\t<div class=\"elementor-image-box-wrapper\"><figure class=\"elementor-image-box-img\"><img decoding=\"async\" width=\"600\" height=\"600\" src=\"https:\/\/cannoni-conrad.com\/wp-content\/uploads\/2020\/07\/C32-SU-carrelo-SCONTORNO.jpg\" class=\"attachment-full size-full wp-image-90209\" alt=\"\" srcset=\"https:\/\/cannoni-conrad.com\/wp-content\/uploads\/2020\/07\/C32-SU-carrelo-SCONTORNO.jpg 600w, https:\/\/cannoni-conrad.com\/wp-content\/uploads\/2020\/07\/C32-SU-carrelo-SCONTORNO-500x500.jpg 500w, https:\/\/cannoni-conrad.com\/wp-content\/uploads\/2020\/07\/C32-SU-carrelo-SCONTORNO-100x100.jpg 100w, https:\/\/cannoni-conrad.com\/wp-content\/uploads\/2020\/07\/C32-SU-carrelo-SCONTORNO-12x12.jpg 12w\" sizes=\"(max-width: 600px) 100vw, 600px\" \/><\/figure><div class=\"elementor-image-box-content\"><h3 class=\"elementor-image-box-title\">Mise en place sur un chariot \u00e0 trois roues<\/h3><p class=\"elementor-image-box-description\">Le canon pulv\u00e9risateur mobile CONRAD C42, mont\u00e9 sur un CHARIOT, permet de supprimer les poussi\u00e8res sur les chantiers temporaires ou dans les lieux d'activit\u00e9 o\u00f9 l'origine des poussi\u00e8res peut varier dans le temps.<br>\n<br>\nLe canon Conrad C42 a une port\u00e9e de 40 m\u00e8tres et sa configuration sur chariot en fait un produit id\u00e9al pour la location de moyenne et longue dur\u00e9e.<br>\n<br><\/p><\/div><\/div>\t\t\t\t<\/div>\n\t\t\t\t<\/div>\n\t\t\t\t<div class=\"elementor-element elementor-element-39ee5d3 elementor-position-top elementor-widget elementor-widget-image-box\" data-id=\"39ee5d3\" data-element_type=\"widget\" data-e-type=\"widget\" data-widget_type=\"image-box.default\">\n\t\t\t\t<div class=\"elementor-widget-container\">\n\t\t\t\t\t<div class=\"elementor-image-box-wrapper\"><figure class=\"elementor-image-box-img\"><img decoding=\"async\" width=\"600\" height=\"600\" src=\"https:\/\/cannoni-conrad.com\/wp-content\/uploads\/2020\/07\/c32-su-braccio-articolato-scontorno.jpg\" class=\"attachment-full size-full wp-image-90210\" alt=\"\" srcset=\"https:\/\/cannoni-conrad.com\/wp-content\/uploads\/2020\/07\/c32-su-braccio-articolato-scontorno.jpg 600w, https:\/\/cannoni-conrad.com\/wp-content\/uploads\/2020\/07\/c32-su-braccio-articolato-scontorno-500x500.jpg 500w, https:\/\/cannoni-conrad.com\/wp-content\/uploads\/2020\/07\/c32-su-braccio-articolato-scontorno-100x100.jpg 100w, https:\/\/cannoni-conrad.com\/wp-content\/uploads\/2020\/07\/c32-su-braccio-articolato-scontorno-12x12.jpg 12w\" sizes=\"(max-width: 600px) 100vw, 600px\" \/><\/figure><div class=\"elementor-image-box-content\"><h3 class=\"elementor-image-box-title\">\u00c9quipement sur le bras articul\u00e9<\/h3><p class=\"elementor-image-box-description\">Le pistolet CONRAD C42 est certainement le fleuron de notre gamme car le bras pantographe permet au pulv\u00e9risateur d'atteindre des points pr\u00e9cis pour un d\u00e9poussi\u00e9rage efficace.\u00a0<br>\n<br>\nParfait dans n'importe quelle situation, mais certainement adapt\u00e9 pour : les d\u00e9charges et la r\u00e9cup\u00e9ration.<br>\n<\/p><\/div><\/div>\t\t\t\t<\/div>\n\t\t\t\t<\/div>\n\t\t\t\t<div class=\"elementor-element elementor-element-d366676 elementor-position-top elementor-widget elementor-widget-image-box\" data-id=\"d366676\" data-element_type=\"widget\" data-e-type=\"widget\" data-widget_type=\"image-box.default\">\n\t\t\t\t<div class=\"elementor-widget-container\">\n\t\t\t\t\t<div class=\"elementor-image-box-wrapper\"><figure class=\"elementor-image-box-img\"><img decoding=\"async\" width=\"600\" height=\"600\" src=\"https:\/\/cannoni-conrad.com\/wp-content\/uploads\/2020\/07\/c32-su-braccio-articolato-scontorno.jpg\" class=\"attachment-full size-full wp-image-90210\" alt=\"\" srcset=\"https:\/\/cannoni-conrad.com\/wp-content\/uploads\/2020\/07\/c32-su-braccio-articolato-scontorno.jpg 600w, https:\/\/cannoni-conrad.com\/wp-content\/uploads\/2020\/07\/c32-su-braccio-articolato-scontorno-500x500.jpg 500w, https:\/\/cannoni-conrad.com\/wp-content\/uploads\/2020\/07\/c32-su-braccio-articolato-scontorno-100x100.jpg 100w, https:\/\/cannoni-conrad.com\/wp-content\/uploads\/2020\/07\/c32-su-braccio-articolato-scontorno-12x12.jpg 12w\" sizes=\"(max-width: 600px) 100vw, 600px\" \/><\/figure><div class=\"elementor-image-box-content\"><h3 class=\"elementor-image-box-title\">Mise en place sur un poteau fixe<\/h3><p class=\"elementor-image-box-description\">Le canon de pulv\u00e9risation CONRAD C42 convient aux chantiers de construction et aux sites de travail fixes, o\u00f9 le soul\u00e8vement des poussi\u00e8res est localis\u00e9 dans des zones pr\u00e9cises, telles que le chargement et le d\u00e9chargement des agr\u00e9gats.\n<br>\nLe mod\u00e8le mont\u00e9 sur tour est \u00e9quip\u00e9 de compartiments permettant de le soulever \u00e0 l'aide d'un chariot \u00e9l\u00e9vateur, de sorte qu'il est facilement transportable en cas de changement d'emplacement de la production de poudre.\n<\/p><\/div><\/div>\t\t\t\t<\/div>\n\t\t\t\t<\/div>\n\t\t\t\t<\/div>\n\t\t\t\t\t<\/div>\n\t\t\t\t<\/div>\n\t\t<div class=\"elementor-element elementor-element-b39d362 e-flex e-con-boxed e-con e-parent\" data-id=\"b39d362\" data-element_type=\"container\" data-e-type=\"container\" data-settings=\"{&quot;background_background&quot;:&quot;classic&quot;}\">\n\t\t\t\t\t<div class=\"e-con-inner\">\n\t\t\t\t<div class=\"elementor-element elementor-element-cd0ef88 elementor-widget elementor-widget-heading\" data-id=\"cd0ef88\" data-element_type=\"widget\" data-e-type=\"widget\" data-widget_type=\"heading.default\">\n\t\t\t\t<div class=\"elementor-widget-container\">\n\t\t\t\t\t<h3 class=\"elementor-heading-title elementor-size-default\">Automatisations et options<\/h3>\t\t\t\t<\/div>\n\t\t\t\t<\/div>\n\t\t<div class=\"elementor-element elementor-element-663d943 e-grid e-con-full e-con e-child\" data-id=\"663d943\" data-element_type=\"container\" data-e-type=\"container\">\n\t\t<div class=\"elementor-element elementor-element-19bbf76 e-flex e-con-boxed e-con e-child\" data-id=\"19bbf76\" data-element_type=\"container\" data-e-type=\"container\" data-settings=\"{&quot;background_background&quot;:&quot;classic&quot;}\">\n\t\t\t\t\t<div class=\"e-con-inner\">\n\t\t\t\t<div class=\"elementor-element elementor-element-b8506d8 elementor-widget elementor-widget-heading\" data-id=\"b8506d8\" data-element_type=\"widget\" data-e-type=\"widget\" data-widget_type=\"heading.default\">\n\t\t\t\t<div class=\"elementor-widget-container\">\n\t\t\t\t\t<h2 class=\"elementor-heading-title elementor-size-default\">Automatismes<\/h2>\t\t\t\t<\/div>\n\t\t\t\t<\/div>\n\t\t\t\t<div class=\"elementor-element elementor-element-eaf5349 elementor-widget elementor-widget-text-editor\" data-id=\"eaf5349\" data-element_type=\"widget\" data-e-type=\"widget\" data-widget_type=\"text-editor.default\">\n\t\t\t\t<div class=\"elementor-widget-container\">\n\t\t\t\t\t\t\t\t\t<ul><li><strong>Pignon en aluminium chauff\u00e9<\/strong> avec r\u00e9sistance \u00e9lectrique pour un fonctionnement en dessous de z\u00e9ro.<\/li><li><b>Panneau PLC int\u00e9gr\u00e9 avec \u00e9cran tactile<\/b><ul><li>contr\u00f4le de la rotation de 0\u00b0 \u00e0 340\u00b0 ;<\/li><li>angle de travail de -20\u00b0 \u00e0 + 45\u00b0 ;<\/li><li>Buses actives s\u00e9lectionnables ;<\/li><li>bras articul\u00e9 avec mouvement haut\/bas ;<\/li><li>Planification hebdomadaire du travail (3 cycles quotidiens de marche\/arr\u00eat)<\/li><\/ul><\/li><li><strong>Vidange automatique de l'eau<\/strong> (fonction exclue)<\/li><li><strong>Type d'atomisation<\/strong><ul><li>pulv\u00e9risation fine \u00e0 haute pression (pour la poussi\u00e8re de bois ou similaire)<\/li><li>un spray plus \u00e9pais (parfait pour la d\u00e9molition)<\/li><\/ul><\/li><\/ul>\t\t\t\t\t\t\t\t<\/div>\n\t\t\t\t<\/div>\n\t\t\t\t\t<\/div>\n\t\t\t\t<\/div>\n\t\t<div class=\"elementor-element elementor-element-cd79c53 e-flex e-con-boxed e-con e-child\" data-id=\"cd79c53\" data-element_type=\"container\" data-e-type=\"container\" data-settings=\"{&quot;background_background&quot;:&quot;classic&quot;}\">\n\t\t\t\t\t<div class=\"e-con-inner\">\n\t\t\t\t<div class=\"elementor-element elementor-element-3bf5c63 elementor-widget elementor-widget-heading\" data-id=\"3bf5c63\" data-element_type=\"widget\" data-e-type=\"widget\" data-widget_type=\"heading.default\">\n\t\t\t\t<div class=\"elementor-widget-container\">\n\t\t\t\t\t<h2 class=\"elementor-heading-title elementor-size-default\">Canons Conrad et eau<\/h2>\t\t\t\t<\/div>\n\t\t\t\t<\/div>\n\t\t\t\t<div class=\"elementor-element elementor-element-d6b2c24 elementor-widget elementor-widget-text-editor\" data-id=\"d6b2c24\" data-element_type=\"widget\" data-e-type=\"widget\" data-widget_type=\"text-editor.default\">\n\t\t\t\t<div class=\"elementor-widget-container\">\n\t\t\t\t\t\t\t\t\t<ul><li><p id=\"tw-target-text\" dir=\"ltr\" data-placeholder=\"Traduzione\">Le syst\u00e8me de filtration CONRAD pour l'eau entrante est le meilleur du march\u00e9 et utilise une\u00a0<strong class=\"rich-node rich-node1\" data-toggle=\"tooltip\" data-placement=\"top\" data-original-title=\"Mark up: strong\"><span class=\"rich-node rich-node2\" data-toggle=\"tooltip\" data-placement=\"top\" data-original-title=\"Mark up: span\">Cartouche filtrante en acier inoxydable, longueur 500 mm x diam\u00e8tre 80 mm. Filtre inspectable \u00e0 triple maille en acier inoxydable.<\/span><\/strong><\/p><p dir=\"ltr\" data-placeholder=\"Traduzione\"><span lang=\"en\">Cela vous permet d'utiliser n'importe quel type d'eau pour alimenter le canon : industrielle, puits, anneau VVF, \u00e9purateur, aqueduc, collecte de pluie...<\/span><\/p><p dir=\"ltr\" data-placeholder=\"Traduzione\"><span lang=\"en\">Tous les canons CONRAD sont \u00e9quip\u00e9s d'une pompe verticale et auto-amor\u00e7ante pour l'alimentation par gravit\u00e9, ce qui fait qu'aucune pression d'entr\u00e9e d'eau n'est n\u00e9cessaire.<\/span><\/p><\/li><\/ul>\t\t\t\t\t\t\t\t<\/div>\n\t\t\t\t<\/div>\n\t\t\t\t\t<\/div>\n\t\t\t\t<\/div>\n\t\t<div class=\"elementor-element elementor-element-5885cf6 e-flex e-con-boxed e-con e-child\" data-id=\"5885cf6\" data-element_type=\"container\" data-e-type=\"container\" data-settings=\"{&quot;background_background&quot;:&quot;classic&quot;}\">\n\t\t\t\t\t<div class=\"e-con-inner\">\n\t\t\t\t<div class=\"elementor-element elementor-element-6148bdd elementor-widget elementor-widget-heading\" data-id=\"6148bdd\" data-element_type=\"widget\" data-e-type=\"widget\" data-widget_type=\"heading.default\">\n\t\t\t\t<div class=\"elementor-widget-container\">\n\t\t\t\t\t<h2 class=\"elementor-heading-title elementor-size-default\">En option<\/h2>\t\t\t\t<\/div>\n\t\t\t\t<\/div>\n\t\t\t\t<div class=\"elementor-element elementor-element-8cd0a16 elementor-widget elementor-widget-text-editor\" data-id=\"8cd0a16\" data-element_type=\"widget\" data-e-type=\"widget\" data-widget_type=\"text-editor.default\">\n\t\t\t\t<div class=\"elementor-widget-container\">\n\t\t\t\t\t\t\t\t\t<ul><li><strong>Suppression des odeurs<\/strong>: pompe doseuse \u00e9lectrique pour m\u00e9langer le produit chimique de contr\u00f4le des odeurs (produit chimique non inclus)<\/li><li><strong>T\u00e9l\u00e9commande radio ON-OFF<\/strong> avec 12 touches de fonction, chargeur de batterie. Port\u00e9e de 100 m.<\/li><li>An\u00e9mom\u00e8tre int\u00e9gr\u00e9 avec PLC.<\/li><li><strong>Couleur de turbine personnalis\u00e9e.<\/strong><\/li><li><strong>Composants Atex sur demande selon le niveau requis.<\/strong><\/li><\/ul>\t\t\t\t\t\t\t\t<\/div>\n\t\t\t\t<\/div>\n\t\t\t\t\t<\/div>\n\t\t\t\t<\/div>\n\t\t\t\t<\/div>\n\t\t\t\t\t<\/div>\n\t\t\t\t<\/div>\n\t\t<div class=\"elementor-element elementor-element-86b988a e-flex e-con-boxed e-con e-parent\" data-id=\"86b988a\" data-element_type=\"container\" data-e-type=\"container\">\n\t\t\t\t\t<div class=\"e-con-inner\">\n\t\t\t\t<div class=\"elementor-element elementor-element-621dbde elementor-widget elementor-widget-heading\" data-id=\"621dbde\" data-element_type=\"widget\" data-e-type=\"widget\" data-widget_type=\"heading.default\">\n\t\t\t\t<div class=\"elementor-widget-container\">\n\t\t\t\t\t<h3 class=\"elementor-heading-title elementor-size-default\">Applications r\u00e9elles\n<\/h3>\t\t\t\t<\/div>\n\t\t\t\t<\/div>\n\t\t\t\t<div class=\"elementor-element elementor-element-0ba77dd elementor-posts--align-left elementor-grid-widescreen-4 elementor-grid-3 elementor-grid-tablet-2 elementor-grid-mobile-1 elementor-posts--thumbnail-top elementor-widget elementor-widget-posts\" data-id=\"0ba77dd\" data-element_type=\"widget\" data-e-type=\"widget\" data-settings=\"{&quot;classic_row_gap&quot;:{&quot;unit&quot;:&quot;px&quot;,&quot;size&quot;:20,&quot;sizes&quot;:[]},&quot;classic_columns_widescreen&quot;:&quot;4&quot;,&quot;classic_columns&quot;:&quot;3&quot;,&quot;classic_columns_tablet&quot;:&quot;2&quot;,&quot;classic_columns_mobile&quot;:&quot;1&quot;,&quot;classic_row_gap_widescreen&quot;:{&quot;unit&quot;:&quot;px&quot;,&quot;size&quot;:&quot;&quot;,&quot;sizes&quot;:[]},&quot;classic_row_gap_tablet&quot;:{&quot;unit&quot;:&quot;px&quot;,&quot;size&quot;:&quot;&quot;,&quot;sizes&quot;:[]},&quot;classic_row_gap_mobile&quot;:{&quot;unit&quot;:&quot;px&quot;,&quot;size&quot;:&quot;&quot;,&quot;sizes&quot;:[]}}\" data-widget_type=\"posts.classic\">\n\t\t\t\t<div class=\"elementor-widget-container\">\n\t\t\t\t\t\t\t<div class=\"elementor-posts-container elementor-posts elementor-posts--skin-classic elementor-grid\" role=\"list\">\n\t\t\t\t<article class=\"elementor-post elementor-grid-item post-91352 post type-post status-publish format-standard has-post-thumbnail hentry category-conrad-c42 category-esperienza tag-abbattimento-odori tag-abbattimento-polvere tag-discarica tag-sistema-abbattimento-polveri\" role=\"listitem\">\n\t\t\t\t<a class=\"elementor-post__thumbnail__link\" href=\"https:\/\/cannoni-conrad.com\/fr\/stories\/cannone-conrad-c42-applicato-al-soffitto\/\" tabindex=\"-1\" >\n\t\t\t<div class=\"elementor-post__thumbnail\"><img decoding=\"async\" width=\"2048\" height=\"1152\" src=\"https:\/\/cannoni-conrad.com\/wp-content\/uploads\/2022\/11\/applicazione-C42-Ecosystem.jpg\" class=\"attachment-full size-full wp-image-91353\" alt=\"\" srcset=\"https:\/\/cannoni-conrad.com\/wp-content\/uploads\/2022\/11\/applicazione-C42-Ecosystem.jpg 2048w, https:\/\/cannoni-conrad.com\/wp-content\/uploads\/2022\/11\/applicazione-C42-Ecosystem-800x450.jpg 800w, https:\/\/cannoni-conrad.com\/wp-content\/uploads\/2022\/11\/applicazione-C42-Ecosystem-768x432.jpg 768w, https:\/\/cannoni-conrad.com\/wp-content\/uploads\/2022\/11\/applicazione-C42-Ecosystem-1536x864.jpg 1536w, https:\/\/cannoni-conrad.com\/wp-content\/uploads\/2022\/11\/applicazione-C42-Ecosystem-18x10.jpg 18w\" sizes=\"(max-width: 2048px) 100vw, 2048px\" \/><\/div>\n\t\t<\/a>\n\t\t\t\t<div class=\"elementor-post__text\">\n\t\t\t\t<h2 class=\"elementor-post__title\">\n\t\t\t<a href=\"https:\/\/cannoni-conrad.com\/fr\/stories\/cannone-conrad-c42-applicato-al-soffitto\/\" >\n\t\t\t\tCanon CONRAD C42 mont\u00e9 au plafond\t\t\t<\/a>\n\t\t<\/h2>\n\t\t\t\t<\/div>\n\t\t\t\t<\/article>\n\t\t\t\t<article class=\"elementor-post elementor-grid-item post-86742 post type-post status-publish format-standard has-post-thumbnail hentry category-conrad-c42 category-sistemi-elettronici\" role=\"listitem\">\n\t\t\t\t<a class=\"elementor-post__thumbnail__link\" href=\"https:\/\/cannoni-conrad.com\/fr\/stories\/conrad-c42-installato-in-un-sito-di-riciclaggio\/\" tabindex=\"-1\" >\n\t\t\t<div class=\"elementor-post__thumbnail\"><img decoding=\"async\" width=\"1277\" height=\"725\" src=\"https:\/\/cannoni-conrad.com\/wp-content\/uploads\/2020\/12\/2020-12-15-19_15_25-CONRAD-C42-abbattimento-polveri-a-Novate-Milanese-MI-YouTube.png\" class=\"attachment-full size-full wp-image-86740\" alt=\"\" srcset=\"https:\/\/cannoni-conrad.com\/wp-content\/uploads\/2020\/12\/2020-12-15-19_15_25-CONRAD-C42-abbattimento-polveri-a-Novate-Milanese-MI-YouTube.png 1277w, https:\/\/cannoni-conrad.com\/wp-content\/uploads\/2020\/12\/2020-12-15-19_15_25-CONRAD-C42-abbattimento-polveri-a-Novate-Milanese-MI-YouTube-800x454.png 800w, https:\/\/cannoni-conrad.com\/wp-content\/uploads\/2020\/12\/2020-12-15-19_15_25-CONRAD-C42-abbattimento-polveri-a-Novate-Milanese-MI-YouTube-768x436.png 768w, https:\/\/cannoni-conrad.com\/wp-content\/uploads\/2020\/12\/2020-12-15-19_15_25-CONRAD-C42-abbattimento-polveri-a-Novate-Milanese-MI-YouTube-18x10.png 18w\" sizes=\"(max-width: 1277px) 100vw, 1277px\" \/><\/div>\n\t\t<\/a>\n\t\t\t\t<div class=\"elementor-post__text\">\n\t\t\t\t<h2 class=\"elementor-post__title\">\n\t\t\t<a href=\"https:\/\/cannoni-conrad.com\/fr\/stories\/conrad-c42-installato-in-un-sito-di-riciclaggio\/\" >\n\t\t\t\tConrad C42 install\u00e9 sur un site de recyclage\t\t\t<\/a>\n\t\t<\/h2>\n\t\t\t\t<\/div>\n\t\t\t\t<\/article>\n\t\t\t\t<article class=\"elementor-post elementor-grid-item post-86726 post type-post status-publish format-standard has-post-thumbnail hentry category-conrad-c42 category-sistemi-elettronici\" role=\"listitem\">\n\t\t\t\t<a class=\"elementor-post__thumbnail__link\" href=\"https:\/\/cannoni-conrad.com\/fr\/stories\/conrad-c42-installato-in-uno-stabilimento-di-ceramica-a-modena\/\" tabindex=\"-1\" >\n\t\t\t<div class=\"elementor-post__thumbnail\"><img decoding=\"async\" width=\"1279\" height=\"718\" src=\"https:\/\/cannoni-conrad.com\/wp-content\/uploads\/2020\/12\/CONRAD-C42-ad-alta-pressione-per-le-polveri-del-settore-ceramica-YouTube-2.png\" class=\"attachment-full size-full wp-image-86739\" alt=\"\" srcset=\"https:\/\/cannoni-conrad.com\/wp-content\/uploads\/2020\/12\/CONRAD-C42-ad-alta-pressione-per-le-polveri-del-settore-ceramica-YouTube-2.png 1279w, https:\/\/cannoni-conrad.com\/wp-content\/uploads\/2020\/12\/CONRAD-C42-ad-alta-pressione-per-le-polveri-del-settore-ceramica-YouTube-2-800x449.png 800w, https:\/\/cannoni-conrad.com\/wp-content\/uploads\/2020\/12\/CONRAD-C42-ad-alta-pressione-per-le-polveri-del-settore-ceramica-YouTube-2-768x431.png 768w, https:\/\/cannoni-conrad.com\/wp-content\/uploads\/2020\/12\/CONRAD-C42-ad-alta-pressione-per-le-polveri-del-settore-ceramica-YouTube-2-18x10.png 18w\" sizes=\"(max-width: 1279px) 100vw, 1279px\" \/><\/div>\n\t\t<\/a>\n\t\t\t\t<div class=\"elementor-post__text\">\n\t\t\t\t<h2 class=\"elementor-post__title\">\n\t\t\t<a href=\"https:\/\/cannoni-conrad.com\/fr\/stories\/conrad-c42-installato-in-uno-stabilimento-di-ceramica-a-modena\/\" >\n\t\t\t\tConrad C42 install\u00e9 dans un Modena Ceramic Works\t\t\t<\/a>\n\t\t<\/h2>\n\t\t\t\t<\/div>\n\t\t\t\t<\/article>\n\t\t\t\t<article class=\"elementor-post elementor-grid-item post-86718 post type-post status-publish format-standard has-post-thumbnail hentry category-conrad-c42 category-sistemi-elettronici\" role=\"listitem\">\n\t\t\t\t<a class=\"elementor-post__thumbnail__link\" href=\"https:\/\/cannoni-conrad.com\/fr\/stories\/conrad-c42-installato-in-un-tunnel-in-svizzera\/\" tabindex=\"-1\" >\n\t\t\t<div class=\"elementor-post__thumbnail\"><img decoding=\"async\" width=\"1278\" height=\"703\" src=\"https:\/\/cannoni-conrad.com\/wp-content\/uploads\/2020\/12\/CONRAD-C42-abbattimento-polveri-in-galleria-Losanna-Svizzera-YouTube.png\" class=\"attachment-full size-full wp-image-86723\" alt=\"\" srcset=\"https:\/\/cannoni-conrad.com\/wp-content\/uploads\/2020\/12\/CONRAD-C42-abbattimento-polveri-in-galleria-Losanna-Svizzera-YouTube.png 1278w, https:\/\/cannoni-conrad.com\/wp-content\/uploads\/2020\/12\/CONRAD-C42-abbattimento-polveri-in-galleria-Losanna-Svizzera-YouTube-800x440.png 800w, https:\/\/cannoni-conrad.com\/wp-content\/uploads\/2020\/12\/CONRAD-C42-abbattimento-polveri-in-galleria-Losanna-Svizzera-YouTube-768x422.png 768w, https:\/\/cannoni-conrad.com\/wp-content\/uploads\/2020\/12\/CONRAD-C42-abbattimento-polveri-in-galleria-Losanna-Svizzera-YouTube-18x10.png 18w\" sizes=\"(max-width: 1278px) 100vw, 1278px\" \/><\/div>\n\t\t<\/a>\n\t\t\t\t<div class=\"elementor-post__text\">\n\t\t\t\t<h2 class=\"elementor-post__title\">\n\t\t\t<a href=\"https:\/\/cannoni-conrad.com\/fr\/stories\/conrad-c42-installato-in-un-tunnel-in-svizzera\/\" >\n\t\t\t\tConrad C42 install\u00e9 dans un tunnel en Suisse\t\t\t<\/a>\n\t\t<\/h2>\n\t\t\t\t<\/div>\n\t\t\t\t<\/article>\n\t\t\t\t<\/div>\n\t\t\n\t\t\t\t\t\t<\/div>\n\t\t\t\t<\/div>\n\t\t\t\t\t<\/div>\n\t\t\t\t<\/div>\n\t\t\t\t<\/div>","protected":false},"excerpt":{"rendered":"<p>La meilleure solution pour supprimer les poussi\u00e8res et les odeurs dans les d\u00e9charges et les sites de recyclage des d\u00e9chets, en minimisant la consommation d'eau.<\/p>\n<p>Plus de 40 m de jet aliment\u00e9s par une pompe haute pression de haute qualit\u00e9.<\/p>\n<p>&nbsp;<\/p>","protected":false},"featured_media":96235,"template":"","meta":{"_acf_changed":false},"product_brand":[],"product_cat":[1341,946],"product_tag":[],"class_list":{"0":"post-86384","1":"product","2":"type-product","3":"status-publish","4":"has-post-thumbnail","6":"product_cat-cannoni-nebulizzatori","7":"product_cat-gamma-automatica","9":"first","10":"instock","11":"taxable","12":"shipping-taxable","13":"product-type-simple"},"acf":[],"_links":{"self":[{"href":"https:\/\/cannoni-conrad.com\/fr\/wp-json\/wp\/v2\/product\/86384","targetHints":{"allow":["GET"]}}],"collection":[{"href":"https:\/\/cannoni-conrad.com\/fr\/wp-json\/wp\/v2\/product"}],"about":[{"href":"https:\/\/cannoni-conrad.com\/fr\/wp-json\/wp\/v2\/types\/product"}],"version-history":[{"count":0,"href":"https:\/\/cannoni-conrad.com\/fr\/wp-json\/wp\/v2\/product\/86384\/revisions"}],"wp:featuredmedia":[{"embeddable":true,"href":"https:\/\/cannoni-conrad.com\/fr\/wp-json\/wp\/v2\/media\/96235"}],"wp:attachment":[{"href":"https:\/\/cannoni-conrad.com\/fr\/wp-json\/wp\/v2\/media?parent=86384"}],"wp:term":[{"taxonomy":"product_brand","embeddable":true,"href":"https:\/\/cannoni-conrad.com\/fr\/wp-json\/wp\/v2\/product_brand?post=86384"},{"taxonomy":"product_cat","embeddable":true,"href":"https:\/\/cannoni-conrad.com\/fr\/wp-json\/wp\/v2\/product_cat?post=86384"},{"taxonomy":"product_tag","embeddable":true,"href":"https:\/\/cannoni-conrad.com\/fr\/wp-json\/wp\/v2\/product_tag?post=86384"}],"curies":[{"name":"wp","href":"https:\/\/api.w.org\/{rel}","templated":true}]}}