{"id":86289,"date":"2020-12-07T09:53:09","date_gmt":"2020-12-07T08:53:09","guid":{"rendered":"http:\/\/cannoni-conrad.com\/?post_type=product&#038;p=86289"},"modified":"2025-06-16T18:53:22","modified_gmt":"2025-06-16T16:53:22","slug":"conrad-c50","status":"publish","type":"product","link":"https:\/\/cannoni-conrad.com\/fr\/abbattimento-polveri\/cannoni-nebulizzatori\/gamma-automatica\/conrad-c50\/","title":{"rendered":"Conrad C50"},"content":{"rendered":"<div data-elementor-type=\"product-post\" data-elementor-id=\"86289\" class=\"elementor elementor-86289\" data-elementor-post-type=\"product\">\n\t\t\t\t<div class=\"elementor-element elementor-element-4551547 e-flex e-con-boxed e-con e-parent\" data-id=\"4551547\" data-element_type=\"container\" data-e-type=\"container\" data-settings=\"{&quot;background_background&quot;:&quot;classic&quot;}\">\n\t\t\t\t\t<div class=\"e-con-inner\">\n\t\t\t\t<div class=\"elementor-element elementor-element-a3f1dce elementor-widget elementor-widget-heading\" data-id=\"a3f1dce\" data-element_type=\"widget\" data-e-type=\"widget\" data-widget_type=\"heading.default\">\n\t\t\t\t<div class=\"elementor-widget-container\">\n\t\t\t\t\t<h2 class=\"elementor-heading-title elementor-size-default\">Configurations<\/h2>\t\t\t\t<\/div>\n\t\t\t\t<\/div>\n\t\t<div class=\"elementor-element elementor-element-5d687b5 e-grid e-con-full e-con e-child\" data-id=\"5d687b5\" data-element_type=\"container\" data-e-type=\"container\">\n\t\t<div class=\"elementor-element elementor-element-66a1f85 e-flex e-con-boxed e-con e-child\" data-id=\"66a1f85\" data-element_type=\"container\" data-e-type=\"container\" data-settings=\"{&quot;background_background&quot;:&quot;classic&quot;}\">\n\t\t\t\t\t<div class=\"e-con-inner\">\n\t\t\t\t<div class=\"elementor-element elementor-element-ba8f5c9 elementor-widget elementor-widget-image\" data-id=\"ba8f5c9\" data-element_type=\"widget\" data-e-type=\"widget\" data-widget_type=\"image.default\">\n\t\t\t\t<div class=\"elementor-widget-container\">\n\t\t\t\t\t\t\t\t\t\t\t\t\t\t\t<img decoding=\"async\" width=\"600\" height=\"600\" src=\"https:\/\/cannoni-conrad.com\/wp-content\/uploads\/2020\/07\/CONRAD-C50-SU-PALO.jpg\" class=\"attachment-large size-large wp-image-85085\" alt=\"\" srcset=\"https:\/\/cannoni-conrad.com\/wp-content\/uploads\/2020\/07\/CONRAD-C50-SU-PALO.jpg 600w, https:\/\/cannoni-conrad.com\/wp-content\/uploads\/2020\/07\/CONRAD-C50-SU-PALO-500x500.jpg 500w, https:\/\/cannoni-conrad.com\/wp-content\/uploads\/2020\/07\/CONRAD-C50-SU-PALO-100x100.jpg 100w, https:\/\/cannoni-conrad.com\/wp-content\/uploads\/2020\/07\/CONRAD-C50-SU-PALO-12x12.jpg 12w\" sizes=\"(max-width: 600px) 100vw, 600px\" \/>\t\t\t\t\t\t\t\t\t\t\t\t\t\t\t<\/div>\n\t\t\t\t<\/div>\n\t\t\t\t<div class=\"elementor-element elementor-element-65a7a57 elementor-widget elementor-widget-text-editor\" data-id=\"65a7a57\" data-element_type=\"widget\" data-e-type=\"widget\" data-widget_type=\"text-editor.default\">\n\t\t\t\t<div class=\"elementor-widget-container\">\n\t\t\t\t\t\t\t\t\t<p>CONRAD C50 \u00e9quip\u00e9 sur un poteau galvanis\u00e9, aliment\u00e9 par une pompe haute pression.<\/p>\t\t\t\t\t\t\t\t<\/div>\n\t\t\t\t<\/div>\n\t\t\t\t\t<\/div>\n\t\t\t\t<\/div>\n\t\t<div class=\"elementor-element elementor-element-cef6702 e-flex e-con-boxed e-con e-child\" data-id=\"cef6702\" data-element_type=\"container\" data-e-type=\"container\" data-settings=\"{&quot;background_background&quot;:&quot;classic&quot;}\">\n\t\t\t\t\t<div class=\"e-con-inner\">\n\t\t\t\t<div class=\"elementor-element elementor-element-556c75f elementor-widget elementor-widget-image\" data-id=\"556c75f\" data-element_type=\"widget\" data-e-type=\"widget\" data-widget_type=\"image.default\">\n\t\t\t\t<div class=\"elementor-widget-container\">\n\t\t\t\t\t\t\t\t\t\t\t\t\t\t\t<img decoding=\"async\" width=\"600\" height=\"600\" src=\"https:\/\/cannoni-conrad.com\/wp-content\/uploads\/2020\/07\/CONRAD-C50-BRACCIO-ARTICOLATO.jpg\" class=\"attachment-large size-large wp-image-85086\" alt=\"\" srcset=\"https:\/\/cannoni-conrad.com\/wp-content\/uploads\/2020\/07\/CONRAD-C50-BRACCIO-ARTICOLATO.jpg 600w, https:\/\/cannoni-conrad.com\/wp-content\/uploads\/2020\/07\/CONRAD-C50-BRACCIO-ARTICOLATO-500x500.jpg 500w, https:\/\/cannoni-conrad.com\/wp-content\/uploads\/2020\/07\/CONRAD-C50-BRACCIO-ARTICOLATO-100x100.jpg 100w, https:\/\/cannoni-conrad.com\/wp-content\/uploads\/2020\/07\/CONRAD-C50-BRACCIO-ARTICOLATO-12x12.jpg 12w\" sizes=\"(max-width: 600px) 100vw, 600px\" \/>\t\t\t\t\t\t\t\t\t\t\t\t\t\t\t<\/div>\n\t\t\t\t<\/div>\n\t\t\t\t<div class=\"elementor-element elementor-element-8e37542 elementor-widget elementor-widget-text-editor\" data-id=\"8e37542\" data-element_type=\"widget\" data-e-type=\"widget\" data-widget_type=\"text-editor.default\">\n\t\t\t\t<div class=\"elementor-widget-container\">\n\t\t\t\t\t\t\t\t\t<p>CONRAD C50 sur un bras articul\u00e9 install\u00e9 sur un syst\u00e8me autonome de suppression des poussi\u00e8res.<\/p>\t\t\t\t\t\t\t\t<\/div>\n\t\t\t\t<\/div>\n\t\t\t\t\t<\/div>\n\t\t\t\t<\/div>\n\t\t<div class=\"elementor-element elementor-element-198b998 e-flex e-con-boxed e-con e-child\" data-id=\"198b998\" data-element_type=\"container\" data-e-type=\"container\" data-settings=\"{&quot;background_background&quot;:&quot;classic&quot;}\">\n\t\t\t\t\t<div class=\"e-con-inner\">\n\t\t\t\t<div class=\"elementor-element elementor-element-17e6210 elementor-widget elementor-widget-image\" data-id=\"17e6210\" data-element_type=\"widget\" data-e-type=\"widget\" data-widget_type=\"image.default\">\n\t\t\t\t<div class=\"elementor-widget-container\">\n\t\t\t\t\t\t\t\t\t\t\t\t\t\t\t<img decoding=\"async\" width=\"600\" height=\"600\" src=\"https:\/\/cannoni-conrad.com\/wp-content\/uploads\/2020\/07\/CORAD-C50-SU-BRACCIO-ARTICOLATO-2.jpg\" class=\"attachment-large size-large wp-image-85087\" alt=\"\" srcset=\"https:\/\/cannoni-conrad.com\/wp-content\/uploads\/2020\/07\/CORAD-C50-SU-BRACCIO-ARTICOLATO-2.jpg 600w, https:\/\/cannoni-conrad.com\/wp-content\/uploads\/2020\/07\/CORAD-C50-SU-BRACCIO-ARTICOLATO-2-500x500.jpg 500w, https:\/\/cannoni-conrad.com\/wp-content\/uploads\/2020\/07\/CORAD-C50-SU-BRACCIO-ARTICOLATO-2-100x100.jpg 100w, https:\/\/cannoni-conrad.com\/wp-content\/uploads\/2020\/07\/CORAD-C50-SU-BRACCIO-ARTICOLATO-2-12x12.jpg 12w\" sizes=\"(max-width: 600px) 100vw, 600px\" \/>\t\t\t\t\t\t\t\t\t\t\t\t\t\t\t<\/div>\n\t\t\t\t<\/div>\n\t\t\t\t<div class=\"elementor-element elementor-element-564b24b elementor-widget elementor-widget-text-editor\" data-id=\"564b24b\" data-element_type=\"widget\" data-e-type=\"widget\" data-widget_type=\"text-editor.default\">\n\t\t\t\t<div class=\"elementor-widget-container\">\n\t\t\t\t\t\t\t\t\t<p>CONRAD C50 sur fl\u00e8che articul\u00e9e : hauteur de travail r\u00e9alisable jusqu'\u00e0 550 cm<\/p>\t\t\t\t\t\t\t\t<\/div>\n\t\t\t\t<\/div>\n\t\t\t\t\t<\/div>\n\t\t\t\t<\/div>\n\t\t\t\t<\/div>\n\t\t\t\t\t<\/div>\n\t\t\t\t<\/div>\n\t\t<div class=\"elementor-element elementor-element-4edb981 e-flex e-con-boxed e-con e-parent\" data-id=\"4edb981\" data-element_type=\"container\" data-e-type=\"container\" data-settings=\"{&quot;background_background&quot;:&quot;classic&quot;}\">\n\t\t\t\t\t<div class=\"e-con-inner\">\n\t\t\t\t<div class=\"elementor-element elementor-element-69d3073 elementor-widget elementor-widget-heading\" data-id=\"69d3073\" data-element_type=\"widget\" data-e-type=\"widget\" data-widget_type=\"heading.default\">\n\t\t\t\t<div class=\"elementor-widget-container\">\n\t\t\t\t\t<h3 class=\"elementor-heading-title elementor-size-default\">Automatisations et options<\/h3>\t\t\t\t<\/div>\n\t\t\t\t<\/div>\n\t\t<div class=\"elementor-element elementor-element-1005c86 e-grid e-con-full e-con e-child\" data-id=\"1005c86\" data-element_type=\"container\" data-e-type=\"container\">\n\t\t<div class=\"elementor-element elementor-element-26569eb e-flex e-con-boxed e-con e-child\" data-id=\"26569eb\" data-element_type=\"container\" data-e-type=\"container\" data-settings=\"{&quot;background_background&quot;:&quot;classic&quot;}\">\n\t\t\t\t\t<div class=\"e-con-inner\">\n\t\t\t\t<div class=\"elementor-element elementor-element-efa98bb elementor-widget elementor-widget-heading\" data-id=\"efa98bb\" data-element_type=\"widget\" data-e-type=\"widget\" data-widget_type=\"heading.default\">\n\t\t\t\t<div class=\"elementor-widget-container\">\n\t\t\t\t\t<h2 class=\"elementor-heading-title elementor-size-default\">Automatismes<\/h2>\t\t\t\t<\/div>\n\t\t\t\t<\/div>\n\t\t\t\t<div class=\"elementor-element elementor-element-22ed99d elementor-widget elementor-widget-text-editor\" data-id=\"22ed99d\" data-element_type=\"widget\" data-e-type=\"widget\" data-widget_type=\"text-editor.default\">\n\t\t\t\t<div class=\"elementor-widget-container\">\n\t\t\t\t\t\t\t\t\t<ul><li><strong>Pignon en aluminium chauff\u00e9<\/strong> avec r\u00e9sistance \u00e9lectrique pour un fonctionnement en dessous de z\u00e9ro.<\/li><li><b>Panneau PLC int\u00e9gr\u00e9 avec \u00e9cran tactile<\/b><ul><li>contr\u00f4le de la rotation de 0\u00b0 \u00e0 340\u00b0 ;<\/li><li>angle de travail de -20\u00b0 \u00e0 + 45\u00b0 ;<\/li><li>Buses actives s\u00e9lectionnables ;<\/li><li>bras articul\u00e9 avec mouvement haut\/bas ;<\/li><li>Planification hebdomadaire du travail (3 cycles quotidiens de marche\/arr\u00eat)<\/li><\/ul><\/li><li><strong>Vidange automatique de l'eau<\/strong> (fonction exclue)<\/li><li><strong>Type d'atomisation<\/strong><ul><li>pulv\u00e9risation fine \u00e0 haute pression (pour la poussi\u00e8re de bois ou similaire)<\/li><li>un spray plus \u00e9pais (parfait pour la d\u00e9molition)<\/li><\/ul><\/li><\/ul>\t\t\t\t\t\t\t\t<\/div>\n\t\t\t\t<\/div>\n\t\t\t\t\t<\/div>\n\t\t\t\t<\/div>\n\t\t<div class=\"elementor-element elementor-element-f38a5a7 e-flex e-con-boxed e-con e-child\" data-id=\"f38a5a7\" data-element_type=\"container\" data-e-type=\"container\" data-settings=\"{&quot;background_background&quot;:&quot;classic&quot;}\">\n\t\t\t\t\t<div class=\"e-con-inner\">\n\t\t\t\t<div class=\"elementor-element elementor-element-230fafe elementor-widget elementor-widget-heading\" data-id=\"230fafe\" data-element_type=\"widget\" data-e-type=\"widget\" data-widget_type=\"heading.default\">\n\t\t\t\t<div class=\"elementor-widget-container\">\n\t\t\t\t\t<h2 class=\"elementor-heading-title elementor-size-default\">Canons Conrad et eau<\/h2>\t\t\t\t<\/div>\n\t\t\t\t<\/div>\n\t\t\t\t<div class=\"elementor-element elementor-element-960b368 elementor-widget elementor-widget-text-editor\" data-id=\"960b368\" data-element_type=\"widget\" data-e-type=\"widget\" data-widget_type=\"text-editor.default\">\n\t\t\t\t<div class=\"elementor-widget-container\">\n\t\t\t\t\t\t\t\t\t<ul><li><p id=\"tw-target-text\" dir=\"ltr\" data-placeholder=\"Traduzione\">Le syst\u00e8me de filtration CONRAD pour l'eau entrante est le meilleur du march\u00e9 et utilise une\u00a0<strong class=\"rich-node rich-node1\" data-toggle=\"tooltip\" data-placement=\"top\" data-original-title=\"Mark up: strong\"><span class=\"rich-node rich-node2\" data-toggle=\"tooltip\" data-placement=\"top\" data-original-title=\"Mark up: span\">Cartouche filtrante en acier inoxydable, longueur 500 mm x diam\u00e8tre 80 mm. Filtre inspectable \u00e0 triple maille en acier inoxydable.<\/span><\/strong><\/p><p dir=\"ltr\" data-placeholder=\"Traduzione\"><span lang=\"en\">Cela vous permet d'utiliser n'importe quel type d'eau pour alimenter le canon : industrielle, puits, anneau VVF, \u00e9purateur, aqueduc, collecte de pluie...<\/span><\/p><p dir=\"ltr\" data-placeholder=\"Traduzione\"><span lang=\"en\">Tous les canons CONRAD sont \u00e9quip\u00e9s d'une pompe verticale et auto-amor\u00e7ante pour l'alimentation par gravit\u00e9, ce qui fait qu'aucune pression d'entr\u00e9e d'eau n'est n\u00e9cessaire.<\/span><\/p><\/li><\/ul>\t\t\t\t\t\t\t\t<\/div>\n\t\t\t\t<\/div>\n\t\t\t\t\t<\/div>\n\t\t\t\t<\/div>\n\t\t<div class=\"elementor-element elementor-element-300df90 e-flex e-con-boxed e-con e-child\" data-id=\"300df90\" data-element_type=\"container\" data-e-type=\"container\" data-settings=\"{&quot;background_background&quot;:&quot;classic&quot;}\">\n\t\t\t\t\t<div class=\"e-con-inner\">\n\t\t\t\t<div class=\"elementor-element elementor-element-b7f5902 elementor-widget elementor-widget-heading\" data-id=\"b7f5902\" data-element_type=\"widget\" data-e-type=\"widget\" data-widget_type=\"heading.default\">\n\t\t\t\t<div class=\"elementor-widget-container\">\n\t\t\t\t\t<h2 class=\"elementor-heading-title elementor-size-default\">En option<\/h2>\t\t\t\t<\/div>\n\t\t\t\t<\/div>\n\t\t\t\t<div class=\"elementor-element elementor-element-cd8ad09 elementor-widget elementor-widget-text-editor\" data-id=\"cd8ad09\" data-element_type=\"widget\" data-e-type=\"widget\" data-widget_type=\"text-editor.default\">\n\t\t\t\t<div class=\"elementor-widget-container\">\n\t\t\t\t\t\t\t\t\t<ul><li><strong>Suppression des odeurs<\/strong>: pompe doseuse \u00e9lectrique pour m\u00e9langer le produit chimique de contr\u00f4le des odeurs (produit chimique non inclus)<\/li><li><strong>T\u00e9l\u00e9commande radio ON-OFF<\/strong> avec 12 touches de fonction, chargeur de batterie. Port\u00e9e de 100 m.<\/li><li>An\u00e9mom\u00e8tre int\u00e9gr\u00e9 avec PLC.<\/li><li><strong>Couleur de turbine personnalis\u00e9e.<\/strong><\/li><li><strong>Composants Atex sur demande selon le niveau requis.<\/strong><\/li><\/ul>\t\t\t\t\t\t\t\t<\/div>\n\t\t\t\t<\/div>\n\t\t\t\t\t<\/div>\n\t\t\t\t<\/div>\n\t\t\t\t<\/div>\n\t\t\t\t\t<\/div>\n\t\t\t\t<\/div>\n\t\t<div class=\"elementor-element elementor-element-dc3983e e-flex e-con-boxed e-con e-parent\" data-id=\"dc3983e\" data-element_type=\"container\" data-e-type=\"container\">\n\t\t\t\t\t<div class=\"e-con-inner\">\n\t\t\t\t<div class=\"elementor-element elementor-element-bf46d79 elementor-widget elementor-widget-heading\" data-id=\"bf46d79\" data-element_type=\"widget\" data-e-type=\"widget\" data-widget_type=\"heading.default\">\n\t\t\t\t<div class=\"elementor-widget-container\">\n\t\t\t\t\t<h3 class=\"elementor-heading-title elementor-size-default\">Applications r\u00e9elles\n<\/h3>\t\t\t\t<\/div>\n\t\t\t\t<\/div>\n\t\t\t\t<div class=\"elementor-element elementor-element-853b11c elementor-posts--align-left elementor-grid-widescreen-4 elementor-grid-3 elementor-grid-tablet-2 elementor-grid-mobile-1 elementor-posts--thumbnail-top elementor-widget elementor-widget-posts\" data-id=\"853b11c\" data-element_type=\"widget\" data-e-type=\"widget\" data-settings=\"{&quot;classic_row_gap&quot;:{&quot;unit&quot;:&quot;px&quot;,&quot;size&quot;:20,&quot;sizes&quot;:[]},&quot;classic_columns_widescreen&quot;:&quot;4&quot;,&quot;classic_columns&quot;:&quot;3&quot;,&quot;classic_columns_tablet&quot;:&quot;2&quot;,&quot;classic_columns_mobile&quot;:&quot;1&quot;,&quot;classic_row_gap_widescreen&quot;:{&quot;unit&quot;:&quot;px&quot;,&quot;size&quot;:&quot;&quot;,&quot;sizes&quot;:[]},&quot;classic_row_gap_tablet&quot;:{&quot;unit&quot;:&quot;px&quot;,&quot;size&quot;:&quot;&quot;,&quot;sizes&quot;:[]},&quot;classic_row_gap_mobile&quot;:{&quot;unit&quot;:&quot;px&quot;,&quot;size&quot;:&quot;&quot;,&quot;sizes&quot;:[]}}\" data-widget_type=\"posts.classic\">\n\t\t\t\t<div class=\"elementor-widget-container\">\n\t\t\t\t\t\t\t<div class=\"elementor-posts-container elementor-posts elementor-posts--skin-classic elementor-grid\" role=\"list\">\n\t\t\t\t<article class=\"elementor-post elementor-grid-item post-86771 post type-post status-publish format-standard has-post-thumbnail hentry category-conrad-c50 category-sistemi-elettronici\" role=\"listitem\">\n\t\t\t\t<a class=\"elementor-post__thumbnail__link\" href=\"https:\/\/cannoni-conrad.com\/fr\/stories\/conrad-c50-riduce-le-polvere-di-una-demolizione-a-roma\/\" tabindex=\"-1\" >\n\t\t\t<div class=\"elementor-post__thumbnail\"><img decoding=\"async\" width=\"1279\" height=\"704\" src=\"https:\/\/cannoni-conrad.com\/wp-content\/uploads\/2020\/12\/2020-12-15-19_38_49-2-Conrad-C50-in-uso-per-labbattimento-polveri-da-demolizione-YouTube.png\" class=\"attachment-full size-full wp-image-86783\" alt=\"\" srcset=\"https:\/\/cannoni-conrad.com\/wp-content\/uploads\/2020\/12\/2020-12-15-19_38_49-2-Conrad-C50-in-uso-per-labbattimento-polveri-da-demolizione-YouTube.png 1279w, https:\/\/cannoni-conrad.com\/wp-content\/uploads\/2020\/12\/2020-12-15-19_38_49-2-Conrad-C50-in-uso-per-labbattimento-polveri-da-demolizione-YouTube-800x440.png 800w, https:\/\/cannoni-conrad.com\/wp-content\/uploads\/2020\/12\/2020-12-15-19_38_49-2-Conrad-C50-in-uso-per-labbattimento-polveri-da-demolizione-YouTube-768x423.png 768w, https:\/\/cannoni-conrad.com\/wp-content\/uploads\/2020\/12\/2020-12-15-19_38_49-2-Conrad-C50-in-uso-per-labbattimento-polveri-da-demolizione-YouTube-18x10.png 18w\" sizes=\"(max-width: 1279px) 100vw, 1279px\" \/><\/div>\n\t\t<\/a>\n\t\t\t\t<div class=\"elementor-post__text\">\n\t\t\t\t<h2 class=\"elementor-post__title\">\n\t\t\t<a href=\"https:\/\/cannoni-conrad.com\/fr\/stories\/conrad-c50-riduce-le-polvere-di-una-demolizione-a-roma\/\" >\n\t\t\t\tLe Conrad C50 r\u00e9duit la poussi\u00e8re de d\u00e9molition \u00e0 Rome\t\t\t<\/a>\n\t\t<\/h2>\n\t\t\t\t<\/div>\n\t\t\t\t<\/article>\n\t\t\t\t<\/div>\n\t\t\n\t\t\t\t\t\t<\/div>\n\t\t\t\t<\/div>\n\t\t\t\t\t<\/div>\n\t\t\t\t<\/div>\n\t\t\t\t<\/div>","protected":false},"excerpt":{"rendered":"<p>Le Conrad C50 est un pistolet de pulv\u00e9risation d'une port\u00e9e de 50 m\u00e8tres, con\u00e7u pour r\u00e9soudre le probl\u00e8me de la production de poussi\u00e8re sur les chantiers de construction, les carri\u00e8res, les aci\u00e9ries et les cimenteries.<\/p>\n<p>\u00c9quip\u00e9 d'une pompe doseuse, il est un alli\u00e9 pr\u00e9cieux pour la r\u00e9duction des odeurs dans les d\u00e9charges, les sites de digestion ana\u00e9robie, les tas de compost et le secteur des d\u00e9chets en g\u00e9n\u00e9ral.<\/p>","protected":false},"featured_media":96234,"template":"","meta":{"_acf_changed":false},"product_brand":[],"product_cat":[1341,946],"product_tag":[],"class_list":{"0":"post-86289","1":"product","2":"type-product","3":"status-publish","4":"has-post-thumbnail","6":"product_cat-cannoni-nebulizzatori","7":"product_cat-gamma-automatica","9":"first","10":"instock","11":"taxable","12":"shipping-taxable","13":"product-type-simple"},"acf":[],"_links":{"self":[{"href":"https:\/\/cannoni-conrad.com\/fr\/wp-json\/wp\/v2\/product\/86289","targetHints":{"allow":["GET"]}}],"collection":[{"href":"https:\/\/cannoni-conrad.com\/fr\/wp-json\/wp\/v2\/product"}],"about":[{"href":"https:\/\/cannoni-conrad.com\/fr\/wp-json\/wp\/v2\/types\/product"}],"version-history":[{"count":0,"href":"https:\/\/cannoni-conrad.com\/fr\/wp-json\/wp\/v2\/product\/86289\/revisions"}],"wp:featuredmedia":[{"embeddable":true,"href":"https:\/\/cannoni-conrad.com\/fr\/wp-json\/wp\/v2\/media\/96234"}],"wp:attachment":[{"href":"https:\/\/cannoni-conrad.com\/fr\/wp-json\/wp\/v2\/media?parent=86289"}],"wp:term":[{"taxonomy":"product_brand","embeddable":true,"href":"https:\/\/cannoni-conrad.com\/fr\/wp-json\/wp\/v2\/product_brand?post=86289"},{"taxonomy":"product_cat","embeddable":true,"href":"https:\/\/cannoni-conrad.com\/fr\/wp-json\/wp\/v2\/product_cat?post=86289"},{"taxonomy":"product_tag","embeddable":true,"href":"https:\/\/cannoni-conrad.com\/fr\/wp-json\/wp\/v2\/product_tag?post=86289"}],"curies":[{"name":"wp","href":"https:\/\/api.w.org\/{rel}","templated":true}]}}