{"id":86234,"date":"2020-12-04T17:25:31","date_gmt":"2020-12-04T16:25:31","guid":{"rendered":"http:\/\/cannoni-conrad.com\/?post_type=product&#038;p=86234"},"modified":"2025-06-15T08:36:57","modified_gmt":"2025-06-15T06:36:57","slug":"conrad-lc30-r","status":"publish","type":"product","link":"https:\/\/cannoni-conrad.com\/fr\/abbattimento-polveri\/cannoni-nebulizzatori\/gamma-semi-automatica\/conrad-lc30-r\/","title":{"rendered":"Conrad LC30R"},"content":{"rendered":"<div data-elementor-type=\"product-post\" data-elementor-id=\"86234\" class=\"elementor elementor-86234\" data-elementor-post-type=\"product\">\n\t\t\t\t<div class=\"elementor-element elementor-element-6395456 e-flex e-con-boxed e-con e-parent\" data-id=\"6395456\" data-element_type=\"container\" data-e-type=\"container\" data-settings=\"{&quot;background_background&quot;:&quot;classic&quot;}\">\n\t\t\t\t\t<div class=\"e-con-inner\">\n\t\t\t\t<div class=\"elementor-element elementor-element-d7312e7 elementor-widget elementor-widget-video\" data-id=\"d7312e7\" data-element_type=\"widget\" data-e-type=\"widget\" data-settings=\"{&quot;youtube_url&quot;:&quot;https:\\\/\\\/www.youtube.com\\\/watch?v=tisVnvZvnC8&quot;,&quot;video_type&quot;:&quot;youtube&quot;,&quot;controls&quot;:&quot;yes&quot;}\" data-widget_type=\"video.default\">\n\t\t\t\t<div class=\"elementor-widget-container\">\n\t\t\t\t\t\t\t<div class=\"elementor-wrapper elementor-open-inline\">\n\t\t\t<div class=\"elementor-video\"><\/div>\t\t<\/div>\n\t\t\t\t\t\t<\/div>\n\t\t\t\t<\/div>\n\t\t\t\t<div class=\"elementor-element elementor-element-ef4da72 elementor-widget__width-inherit elementor-widget elementor-widget-heading\" data-id=\"ef4da72\" data-element_type=\"widget\" data-e-type=\"widget\" data-widget_type=\"heading.default\">\n\t\t\t\t<div class=\"elementor-widget-container\">\n\t\t\t\t\t<h2 class=\"elementor-heading-title elementor-size-default\">Facile et semi-automatique<\/h2>\t\t\t\t<\/div>\n\t\t\t\t<\/div>\n\t\t\t\t<div class=\"elementor-element elementor-element-0bb2c3f elementor-widget elementor-widget-text-editor\" data-id=\"0bb2c3f\" data-element_type=\"widget\" data-e-type=\"widget\" data-widget_type=\"text-editor.default\">\n\t\t\t\t<div class=\"elementor-widget-container\">\n\t\t\t\t\t\t\t\t\t<p>Le Conrad LC30R est con\u00e7u pour \u00eatre facilement install\u00e9 sur un chariot pour accueillir le groupe \u00e9lectrog\u00e8ne.<\/p><ul><li>facile \u00e0 utiliser<\/li><li>facile \u00e0 d\u00e9placer<\/li><li>autonome<\/li><li>rel\u00e8ve des contributions <strong>Industrie 4.0<\/strong><\/li><\/ul>\t\t\t\t\t\t\t\t<\/div>\n\t\t\t\t<\/div>\n\t\t\t\t<div class=\"elementor-element elementor-element-c854305 elementor-widget elementor-widget-text-editor\" data-id=\"c854305\" data-element_type=\"widget\" data-e-type=\"widget\" data-widget_type=\"text-editor.default\">\n\t\t\t\t<div class=\"elementor-widget-container\">\n\t\t\t\t\t\t\t\t\t<ul><li>30 buses<\/li><li>Port\u00e9e de 30 m\u00e8tres<\/li><li><span class=\"rich-node rich-node1\" data-toggle=\"tooltip\" data-placement=\"top\" data-original-title=\"Mark up: span\"><strong class=\"rich-node rich-node2\" data-toggle=\"tooltip\" data-placement=\"top\" data-original-title=\"Mark up: strong\">ROTATION AUTOMATIQUE<\/strong><\/span> de 340\u00b0 avec PLC int\u00e9gr\u00e9<\/li><li>PLC : Ventilateur ON\/OFF - Pompe ON\/OFF - Rotation programmable<\/li><li>Sur tour pivotante galvanis\u00e9e<\/li><li>Filtre \u00e0 eau lavable<\/li><li>Montages disponibles : sur une base de chariot, sur un chariot, sur des stations autonomes.<\/li><\/ul>\t\t\t\t\t\t\t\t<\/div>\n\t\t\t\t<\/div>\n\t\t\t\t\t<\/div>\n\t\t\t\t<\/div>\n\t\t<div class=\"elementor-element elementor-element-b575936 e-flex e-con-boxed e-con e-parent\" data-id=\"b575936\" data-element_type=\"container\" data-e-type=\"container\">\n\t\t\t\t\t<div class=\"e-con-inner\">\n\t\t\t\t<div class=\"elementor-element elementor-element-55c7753 elementor-widget__width-inherit elementor-widget elementor-widget-heading\" data-id=\"55c7753\" data-element_type=\"widget\" data-e-type=\"widget\" data-widget_type=\"heading.default\">\n\t\t\t\t<div class=\"elementor-widget-container\">\n\t\t\t\t\t<h2 class=\"elementor-heading-title elementor-size-default\">Accessoires\n<\/h2>\t\t\t\t<\/div>\n\t\t\t\t<\/div>\n\t\t<div class=\"elementor-element elementor-element-243bb00 e-grid e-con-full e-con e-child\" data-id=\"243bb00\" data-element_type=\"container\" data-e-type=\"container\">\n\t\t\t\t<div class=\"elementor-element elementor-element-19a3bb8 elementor-position-top elementor-widget elementor-widget-image-box\" data-id=\"19a3bb8\" data-element_type=\"widget\" data-e-type=\"widget\" data-widget_type=\"image-box.default\">\n\t\t\t\t<div class=\"elementor-widget-container\">\n\t\t\t\t\t<div class=\"elementor-image-box-wrapper\"><figure class=\"elementor-image-box-img\"><img decoding=\"async\" width=\"640\" height=\"480\" src=\"https:\/\/cannoni-conrad.com\/wp-content\/uploads\/2020\/12\/IMG20201019084200-Piccola.jpg\" class=\"attachment-full size-full wp-image-90455\" alt=\"\" srcset=\"https:\/\/cannoni-conrad.com\/wp-content\/uploads\/2020\/12\/IMG20201019084200-Piccola.jpg 640w, https:\/\/cannoni-conrad.com\/wp-content\/uploads\/2020\/12\/IMG20201019084200-Piccola-16x12.jpg 16w\" sizes=\"(max-width: 640px) 100vw, 640px\" \/><\/figure><div class=\"elementor-image-box-content\"><h3 class=\"elementor-image-box-title\">PLC<\/h3><p class=\"elementor-image-box-description\">Le pulv\u00e9risateur d'eau Conrad LC30R est \u00e9quip\u00e9 d'un syst\u00e8me \u00e9lectronique PLC \u00e0 \u00e9cran tactile facile \u00e0 utiliser.<br>\n<br>\nL'utilisation du PLC est indispensable pour r\u00e9gler avec pr\u00e9cision la rotation de 0\u00b0 \u00e0 340\u00b0 du canon afin d'exploiter au mieux la port\u00e9e du jet et d'agir plus pr\u00e9cis\u00e9ment sur les zones \u00e0 traiter.<br>\n<br>\nAvec le KIT INDUSTRIA 4.0 de CANNONI-CONRAD, le pistolet de d\u00e9poussi\u00e9rage b\u00e9n\u00e9ficiera d'une contribution 40% sous la forme d'un cr\u00e9dit d'imp\u00f4t.<\/p><\/div><\/div>\t\t\t\t<\/div>\n\t\t\t\t<\/div>\n\t\t\t\t<div class=\"elementor-element elementor-element-25637c1 elementor-position-top elementor-widget elementor-widget-image-box\" data-id=\"25637c1\" data-element_type=\"widget\" data-e-type=\"widget\" data-widget_type=\"image-box.default\">\n\t\t\t\t<div class=\"elementor-widget-container\">\n\t\t\t\t\t<div class=\"elementor-image-box-wrapper\"><figure class=\"elementor-image-box-img\"><img decoding=\"async\" width=\"600\" height=\"600\" src=\"https:\/\/cannoni-conrad.com\/wp-content\/uploads\/2020\/12\/LC30-R-MARK.jpg\" class=\"attachment-full size-full wp-image-88601\" alt=\"\" srcset=\"https:\/\/cannoni-conrad.com\/wp-content\/uploads\/2020\/12\/LC30-R-MARK.jpg 600w, https:\/\/cannoni-conrad.com\/wp-content\/uploads\/2020\/12\/LC30-R-MARK-500x500.jpg 500w, https:\/\/cannoni-conrad.com\/wp-content\/uploads\/2020\/12\/LC30-R-MARK-100x100.jpg 100w, https:\/\/cannoni-conrad.com\/wp-content\/uploads\/2020\/12\/LC30-R-MARK-12x12.jpg 12w\" sizes=\"(max-width: 600px) 100vw, 600px\" \/><\/figure><div class=\"elementor-image-box-content\"><h3 class=\"elementor-image-box-title\">LE CHARIOT<\/h3><p class=\"elementor-image-box-description\">Le canon de d\u00e9poussi\u00e9rage Conrad LC30R peut \u00e9galement \u00eatre install\u00e9 sur un chariot et offre d'excellentes performances pour les chantiers de construction et les carri\u00e8res.<br>\n<br>\nCompos\u00e9 d'une base galvanis\u00e9e robuste avec 3 roues pneumatiques, 2 stabilisateurs et un timon avant qui facilitent le remorquage, m\u00eame \u00e0 la main, il est extr\u00eamement maniable.<br><\/p><\/div><\/div>\t\t\t\t<\/div>\n\t\t\t\t<\/div>\n\t\t\t\t<div class=\"elementor-element elementor-element-e5b7343 elementor-position-top elementor-widget elementor-widget-image-box\" data-id=\"e5b7343\" data-element_type=\"widget\" data-e-type=\"widget\" data-widget_type=\"image-box.default\">\n\t\t\t\t<div class=\"elementor-widget-container\">\n\t\t\t\t\t<div class=\"elementor-image-box-wrapper\"><figure class=\"elementor-image-box-img\"><img decoding=\"async\" width=\"600\" height=\"600\" src=\"https:\/\/cannoni-conrad.com\/wp-content\/uploads\/2020\/12\/LC30R-su-torre-nuova-misura.jpg\" class=\"attachment-full size-full wp-image-88641\" alt=\"\" srcset=\"https:\/\/cannoni-conrad.com\/wp-content\/uploads\/2020\/12\/LC30R-su-torre-nuova-misura.jpg 600w, https:\/\/cannoni-conrad.com\/wp-content\/uploads\/2020\/12\/LC30R-su-torre-nuova-misura-500x500.jpg 500w, https:\/\/cannoni-conrad.com\/wp-content\/uploads\/2020\/12\/LC30R-su-torre-nuova-misura-100x100.jpg 100w, https:\/\/cannoni-conrad.com\/wp-content\/uploads\/2020\/12\/LC30R-su-torre-nuova-misura-12x12.jpg 12w\" sizes=\"(max-width: 600px) 100vw, 600px\" \/><\/figure><div class=\"elementor-image-box-content\"><h3 class=\"elementor-image-box-title\">Extra<\/h3><p class=\"elementor-image-box-description\">Le Conrad LC30R est con\u00e7u pour \u00eatre facilement install\u00e9 sur un chariot afin d'accueillir l'unit\u00e9 de puissance.\n\nfacile \u00e0 utiliser\nfacile \u00e0 d\u00e9placer\nautonome\ns'inscrit dans les contributions de l'industrie 4.0<\/p><\/div><\/div>\t\t\t\t<\/div>\n\t\t\t\t<\/div>\n\t\t\t\t<\/div>\n\t\t\t\t\t<\/div>\n\t\t\t\t<\/div>\n\t\t<div class=\"elementor-element elementor-element-3dc17a0 e-flex e-con-boxed e-con e-parent\" data-id=\"3dc17a0\" data-element_type=\"container\" data-e-type=\"container\" data-settings=\"{&quot;background_background&quot;:&quot;classic&quot;}\">\n\t\t\t\t\t<div class=\"e-con-inner\">\n\t\t\t\t<div class=\"elementor-element elementor-element-ac7de97 elementor-widget elementor-widget-heading\" data-id=\"ac7de97\" data-element_type=\"widget\" data-e-type=\"widget\" data-widget_type=\"heading.default\">\n\t\t\t\t<div class=\"elementor-widget-container\">\n\t\t\t\t\t<h2 class=\"elementor-heading-title elementor-size-default\">Applications r\u00e9elles<\/h2>\t\t\t\t<\/div>\n\t\t\t\t<\/div>\n\t\t\t\t<div class=\"elementor-element elementor-element-7063fc1 elementor-grid-widescreen-6 elementor-posts--align-left elementor-grid-3 elementor-grid-tablet-2 elementor-grid-mobile-1 elementor-posts--thumbnail-top elementor-widget elementor-widget-posts\" data-id=\"7063fc1\" data-element_type=\"widget\" data-e-type=\"widget\" data-settings=\"{&quot;classic_columns_widescreen&quot;:&quot;6&quot;,&quot;classic_row_gap&quot;:{&quot;unit&quot;:&quot;px&quot;,&quot;size&quot;:20,&quot;sizes&quot;:[]},&quot;classic_columns&quot;:&quot;3&quot;,&quot;classic_columns_tablet&quot;:&quot;2&quot;,&quot;classic_columns_mobile&quot;:&quot;1&quot;,&quot;classic_row_gap_widescreen&quot;:{&quot;unit&quot;:&quot;px&quot;,&quot;size&quot;:&quot;&quot;,&quot;sizes&quot;:[]},&quot;classic_row_gap_tablet&quot;:{&quot;unit&quot;:&quot;px&quot;,&quot;size&quot;:&quot;&quot;,&quot;sizes&quot;:[]},&quot;classic_row_gap_mobile&quot;:{&quot;unit&quot;:&quot;px&quot;,&quot;size&quot;:&quot;&quot;,&quot;sizes&quot;:[]}}\" data-widget_type=\"posts.classic\">\n\t\t\t\t<div class=\"elementor-widget-container\">\n\t\t\t\t\t\t\t<div class=\"elementor-posts-container elementor-posts elementor-posts--skin-classic elementor-grid\" role=\"list\">\n\t\t\t\t<article class=\"elementor-post elementor-grid-item post-96536 post type-post status-publish format-standard has-post-thumbnail hentry category-conrad-lc30r category-esperienza tag-abbattimento-polveri-nei-siti-di-stoccaggio tag-cannone-lc30r-gittata-30-metri tag-cannone-nebulizzatore-per-rifiuti tag-configurazione-bikini-cannone-nebulizzatore tag-contenimento-emissioni-diffuse tag-controllo-polveri-in-siti-adiacenti-ad-autostrada tag-controllo-polveri-industriali tag-gestione-polveri-in-impianti-multiutility tag-impianti-a-servizio-di-aziende-come-gruppo-hera tag-impianti-ambientali-area-bologna tag-impianti-di-nebulizzazione-industriale tag-sistemi-automatici-per-abbattimento-polveri tag-soluzioni-per-multiutility-italiane tag-stoccaggio-rifiuti-di-legno tag-trattamento-terre-da-spazzamento\" role=\"listitem\">\n\t\t\t\t<a class=\"elementor-post__thumbnail__link\" href=\"https:\/\/cannoni-conrad.com\/fr\/stories\/controllo-polveri-su-baie-di-stoccaggio-rifiuti-con-conrad-lc30r-bikini\/\" tabindex=\"-1\" >\n\t\t\t<div class=\"elementor-post__thumbnail\"><img decoding=\"async\" width=\"768\" height=\"1024\" src=\"https:\/\/cannoni-conrad.com\/wp-content\/uploads\/2026\/03\/WhatsApp-Image-2026-02-25-at-15.47.39-Media.jpeg\" class=\"attachment-1536x1536 size-1536x1536 wp-image-96538\" alt=\"\" srcset=\"https:\/\/cannoni-conrad.com\/wp-content\/uploads\/2026\/03\/WhatsApp-Image-2026-02-25-at-15.47.39-Media.jpeg 768w, https:\/\/cannoni-conrad.com\/wp-content\/uploads\/2026\/03\/WhatsApp-Image-2026-02-25-at-15.47.39-Media-488x650.jpeg 488w, https:\/\/cannoni-conrad.com\/wp-content\/uploads\/2026\/03\/WhatsApp-Image-2026-02-25-at-15.47.39-Media-9x12.jpeg 9w\" sizes=\"(max-width: 768px) 100vw, 768px\" \/><\/div>\n\t\t<\/a>\n\t\t\t\t<div class=\"elementor-post__text\">\n\t\t\t\t<h3 class=\"elementor-post__title\">\n\t\t\t<a href=\"https:\/\/cannoni-conrad.com\/fr\/stories\/controllo-polveri-su-baie-di-stoccaggio-rifiuti-con-conrad-lc30r-bikini\/\" >\n\t\t\t\tContr\u00f4le des poussi\u00e8res sur les aires de stockage des d\u00e9chets avec Conrad LC30R-Bikini\t\t\t<\/a>\n\t\t<\/h3>\n\t\t\t\t<div class=\"elementor-post__meta-data\">\n\t\t\t\t\t<span class=\"elementor-post-date\">\n\t\t\t3 mars 2026\t\t<\/span>\n\t\t\t\t<\/div>\n\t\t\t\t<\/div>\n\t\t\t\t<\/article>\n\t\t\t\t<article class=\"elementor-post elementor-grid-item post-94265 post type-post status-publish format-standard has-post-thumbnail hentry category-conrad-lc30r category-conrad-phoenix category-esperienza\" role=\"listitem\">\n\t\t\t\t<a class=\"elementor-post__thumbnail__link\" href=\"https:\/\/cannoni-conrad.com\/fr\/stories\/abbattimento-polveri-in-area-di-carico-materiale\/\" tabindex=\"-1\" >\n\t\t\t<div class=\"elementor-post__thumbnail\"><img decoding=\"async\" width=\"904\" height=\"768\" src=\"https:\/\/cannoni-conrad.com\/wp-content\/uploads\/2024\/11\/phoenix-str-Media.jpg\" class=\"attachment-1536x1536 size-1536x1536 wp-image-94267\" alt=\"\" srcset=\"https:\/\/cannoni-conrad.com\/wp-content\/uploads\/2024\/11\/phoenix-str-Media.jpg 904w, https:\/\/cannoni-conrad.com\/wp-content\/uploads\/2024\/11\/phoenix-str-Media-768x652.jpg 768w, https:\/\/cannoni-conrad.com\/wp-content\/uploads\/2024\/11\/phoenix-str-Media-14x12.jpg 14w, https:\/\/cannoni-conrad.com\/wp-content\/uploads\/2024\/11\/phoenix-str-Media-800x680.jpg 800w\" sizes=\"(max-width: 904px) 100vw, 904px\" \/><\/div>\n\t\t<\/a>\n\t\t\t\t<div class=\"elementor-post__text\">\n\t\t\t\t<h3 class=\"elementor-post__title\">\n\t\t\t<a href=\"https:\/\/cannoni-conrad.com\/fr\/stories\/abbattimento-polveri-in-area-di-carico-materiale\/\" >\n\t\t\t\tSuppression des poussi\u00e8res dans la zone de chargement des mat\u00e9riaux\t\t\t<\/a>\n\t\t<\/h3>\n\t\t\t\t<div class=\"elementor-post__meta-data\">\n\t\t\t\t\t<span class=\"elementor-post-date\">\n\t\t\t4 novembre 2024\t\t<\/span>\n\t\t\t\t<\/div>\n\t\t\t\t<\/div>\n\t\t\t\t<\/article>\n\t\t\t\t<article class=\"elementor-post elementor-grid-item post-92786 post type-post status-publish format-standard has-post-thumbnail hentry category-conrad-lc30r category-esperienza\" role=\"listitem\">\n\t\t\t\t<a class=\"elementor-post__thumbnail__link\" href=\"https:\/\/cannoni-conrad.com\/fr\/stories\/prove-su-campo-per-conrad-lc30r-polveri-di-silice\/\" tabindex=\"-1\" >\n\t\t\t<div class=\"elementor-post__thumbnail\"><img decoding=\"async\" width=\"600\" height=\"600\" src=\"https:\/\/cannoni-conrad.com\/wp-content\/uploads\/2023\/10\/LC30R-sibelco.jpg\" class=\"attachment-1536x1536 size-1536x1536 wp-image-92787\" alt=\"\" srcset=\"https:\/\/cannoni-conrad.com\/wp-content\/uploads\/2023\/10\/LC30R-sibelco.jpg 600w, https:\/\/cannoni-conrad.com\/wp-content\/uploads\/2023\/10\/LC30R-sibelco-500x500.jpg 500w, https:\/\/cannoni-conrad.com\/wp-content\/uploads\/2023\/10\/LC30R-sibelco-100x100.jpg 100w, https:\/\/cannoni-conrad.com\/wp-content\/uploads\/2023\/10\/LC30R-sibelco-12x12.jpg 12w\" sizes=\"(max-width: 600px) 100vw, 600px\" \/><\/div>\n\t\t<\/a>\n\t\t\t\t<div class=\"elementor-post__text\">\n\t\t\t\t<h3 class=\"elementor-post__title\">\n\t\t\t<a href=\"https:\/\/cannoni-conrad.com\/fr\/stories\/prove-su-campo-per-conrad-lc30r-polveri-di-silice\/\" >\n\t\t\t\tEssais sur le terrain pour Conrad LC30R - poussi\u00e8res de silice\t\t\t<\/a>\n\t\t<\/h3>\n\t\t\t\t<div class=\"elementor-post__meta-data\">\n\t\t\t\t\t<span class=\"elementor-post-date\">\n\t\t\t23 mai 2023\t\t<\/span>\n\t\t\t\t<\/div>\n\t\t\t\t<\/div>\n\t\t\t\t<\/article>\n\t\t\t\t<article class=\"elementor-post elementor-grid-item post-91102 post type-post status-publish format-standard has-post-thumbnail hentry category-conrad-lc30r category-esperienza tag-abbattimento-polvere tag-abbattimento-polveri-per-demolizione tag-polveri-da-demolizione tag-polveri-da-passaggio-mezzi\" role=\"listitem\">\n\t\t\t\t<a class=\"elementor-post__thumbnail__link\" href=\"https:\/\/cannoni-conrad.com\/fr\/stories\/controllo-polveri-con-conrad-lc30r\/\" tabindex=\"-1\" >\n\t\t\t<div class=\"elementor-post__thumbnail\"><img decoding=\"async\" width=\"600\" height=\"450\" src=\"https:\/\/cannoni-conrad.com\/wp-content\/uploads\/2022\/10\/LC30R-Mascotto-impianto-low.jpg\" class=\"attachment-1536x1536 size-1536x1536 wp-image-91112\" alt=\"\" srcset=\"https:\/\/cannoni-conrad.com\/wp-content\/uploads\/2022\/10\/LC30R-Mascotto-impianto-low.jpg 600w, https:\/\/cannoni-conrad.com\/wp-content\/uploads\/2022\/10\/LC30R-Mascotto-impianto-low-16x12.jpg 16w\" sizes=\"(max-width: 600px) 100vw, 600px\" \/><\/div>\n\t\t<\/a>\n\t\t\t\t<div class=\"elementor-post__text\">\n\t\t\t\t<h3 class=\"elementor-post__title\">\n\t\t\t<a href=\"https:\/\/cannoni-conrad.com\/fr\/stories\/controllo-polveri-con-conrad-lc30r\/\" >\n\t\t\t\tContr\u00f4le des poussi\u00e8res avec Conrad LC30R\t\t\t<\/a>\n\t\t<\/h3>\n\t\t\t\t<div class=\"elementor-post__meta-data\">\n\t\t\t\t\t<span class=\"elementor-post-date\">\n\t\t\t17 octobre 2022\t\t<\/span>\n\t\t\t\t<\/div>\n\t\t\t\t<\/div>\n\t\t\t\t<\/article>\n\t\t\t\t<article class=\"elementor-post elementor-grid-item post-88524 post type-post status-publish format-standard has-post-thumbnail hentry category-conrad-lc30r tag-abbattimento-polveri-in-cava-a-brescia tag-riciclo-inerti-polvere-nebulizzazione\" role=\"listitem\">\n\t\t\t\t<a class=\"elementor-post__thumbnail__link\" href=\"https:\/\/cannoni-conrad.com\/fr\/stories\/conrad-lc30r-e-phoenix-al-lavoro-in-cava\/\" tabindex=\"-1\" >\n\t\t\t<div class=\"elementor-post__thumbnail\"><img decoding=\"async\" width=\"1024\" height=\"768\" src=\"https:\/\/cannoni-conrad.com\/wp-content\/uploads\/2022\/01\/IMG_0308-Media.jpeg\" class=\"attachment-1536x1536 size-1536x1536 wp-image-88526\" alt=\"\" srcset=\"https:\/\/cannoni-conrad.com\/wp-content\/uploads\/2022\/01\/IMG_0308-Media.jpeg 1024w, https:\/\/cannoni-conrad.com\/wp-content\/uploads\/2022\/01\/IMG_0308-Media-800x600.jpeg 800w, https:\/\/cannoni-conrad.com\/wp-content\/uploads\/2022\/01\/IMG_0308-Media-768x576.jpeg 768w, https:\/\/cannoni-conrad.com\/wp-content\/uploads\/2022\/01\/IMG_0308-Media-16x12.jpeg 16w\" sizes=\"(max-width: 1024px) 100vw, 1024px\" \/><\/div>\n\t\t<\/a>\n\t\t\t\t<div class=\"elementor-post__text\">\n\t\t\t\t<h3 class=\"elementor-post__title\">\n\t\t\t<a href=\"https:\/\/cannoni-conrad.com\/fr\/stories\/conrad-lc30r-e-phoenix-al-lavoro-in-cava\/\" >\n\t\t\t\tConrad LC30R et Phoenix au travail dans la carri\u00e8re\t\t\t<\/a>\n\t\t<\/h3>\n\t\t\t\t<div class=\"elementor-post__meta-data\">\n\t\t\t\t\t<span class=\"elementor-post-date\">\n\t\t\t18 janvier 2022\t\t<\/span>\n\t\t\t\t<\/div>\n\t\t\t\t<\/div>\n\t\t\t\t<\/article>\n\t\t\t\t<article class=\"elementor-post elementor-grid-item post-88511 post type-post status-publish format-standard has-post-thumbnail hentry category-conrad-lc30r category-sistemi-manuali tag-controllo-odori-in-discarica\" role=\"listitem\">\n\t\t\t\t<a class=\"elementor-post__thumbnail__link\" href=\"https:\/\/cannoni-conrad.com\/fr\/stories\/conrad-lc30r-per-abbattere-polvere-e-odori-in-discarica\/\" tabindex=\"-1\" >\n\t\t\t<div class=\"elementor-post__thumbnail\"><img decoding=\"async\" width=\"1024\" height=\"768\" src=\"https:\/\/cannoni-conrad.com\/wp-content\/uploads\/2022\/01\/conrad-lc30r-green.jpeg\" class=\"attachment-1536x1536 size-1536x1536 wp-image-88512\" alt=\"\" srcset=\"https:\/\/cannoni-conrad.com\/wp-content\/uploads\/2022\/01\/conrad-lc30r-green.jpeg 1024w, https:\/\/cannoni-conrad.com\/wp-content\/uploads\/2022\/01\/conrad-lc30r-green-800x600.jpeg 800w, https:\/\/cannoni-conrad.com\/wp-content\/uploads\/2022\/01\/conrad-lc30r-green-768x576.jpeg 768w, https:\/\/cannoni-conrad.com\/wp-content\/uploads\/2022\/01\/conrad-lc30r-green-16x12.jpeg 16w\" sizes=\"(max-width: 1024px) 100vw, 1024px\" \/><\/div>\n\t\t<\/a>\n\t\t\t\t<div class=\"elementor-post__text\">\n\t\t\t\t<h3 class=\"elementor-post__title\">\n\t\t\t<a href=\"https:\/\/cannoni-conrad.com\/fr\/stories\/conrad-lc30r-per-abbattere-polvere-e-odori-in-discarica\/\" >\n\t\t\t\tConrad LC30R au travail dans une d\u00e9charge\t\t\t<\/a>\n\t\t<\/h3>\n\t\t\t\t<div class=\"elementor-post__meta-data\">\n\t\t\t\t\t<span class=\"elementor-post-date\">\n\t\t\t22 d\u00e9cembre 2021\t\t<\/span>\n\t\t\t\t<\/div>\n\t\t\t\t<\/div>\n\t\t\t\t<\/article>\n\t\t\t\t<\/div>\n\t\t\n\t\t\t\t\t\t<\/div>\n\t\t\t\t<\/div>\n\t\t\t\t\t<\/div>\n\t\t\t\t<\/div>\n\t\t\t\t<\/div>","protected":false},"excerpt":{"rendered":"<p>Le CONRAD LC30R est le pistolet de 30 m con\u00e7u pour le secteur de la d\u00e9molition et de la location.<br \/>\nLe LC30R est \u00e9quip\u00e9 d'un automate programmable int\u00e9gr\u00e9 pour le contr\u00f4le automatique et r\u00e9glable de la rotation, le r\u00e9glage de la pause et la minuterie journali\u00e8re et hebdomadaire, des automatismes de base qui sont tr\u00e8s appr\u00e9ci\u00e9s dans l'industrie.<\/p>\n<p>Les configurations disponibles sont les suivantes : tour fixe avec couronne d'orientation, chariot avec trois roues pneumatiques ou notre version bikini, qui convient aux installations du canon en hauteur et de l'unit\u00e9 de contr\u00f4le au sol pour l'acc\u00e8s et la gestion machine-machine.<\/p>","protected":false},"featured_media":94655,"template":"","meta":{"_acf_changed":false},"product_brand":[],"product_cat":[1341,945],"product_tag":[1275,1260],"class_list":{"0":"post-86234","1":"product","2":"type-product","3":"status-publish","4":"has-post-thumbnail","6":"product_cat-cannoni-nebulizzatori","7":"product_cat-gamma-semi-automatica","8":"product_tag-cannone-30-metri","9":"product_tag-cannone-abbattimento-polveri-e-odori","11":"first","12":"instock","13":"taxable","14":"shipping-taxable","15":"product-type-simple"},"acf":[],"_links":{"self":[{"href":"https:\/\/cannoni-conrad.com\/fr\/wp-json\/wp\/v2\/product\/86234","targetHints":{"allow":["GET"]}}],"collection":[{"href":"https:\/\/cannoni-conrad.com\/fr\/wp-json\/wp\/v2\/product"}],"about":[{"href":"https:\/\/cannoni-conrad.com\/fr\/wp-json\/wp\/v2\/types\/product"}],"version-history":[{"count":0,"href":"https:\/\/cannoni-conrad.com\/fr\/wp-json\/wp\/v2\/product\/86234\/revisions"}],"wp:featuredmedia":[{"embeddable":true,"href":"https:\/\/cannoni-conrad.com\/fr\/wp-json\/wp\/v2\/media\/94655"}],"wp:attachment":[{"href":"https:\/\/cannoni-conrad.com\/fr\/wp-json\/wp\/v2\/media?parent=86234"}],"wp:term":[{"taxonomy":"product_brand","embeddable":true,"href":"https:\/\/cannoni-conrad.com\/fr\/wp-json\/wp\/v2\/product_brand?post=86234"},{"taxonomy":"product_cat","embeddable":true,"href":"https:\/\/cannoni-conrad.com\/fr\/wp-json\/wp\/v2\/product_cat?post=86234"},{"taxonomy":"product_tag","embeddable":true,"href":"https:\/\/cannoni-conrad.com\/fr\/wp-json\/wp\/v2\/product_tag?post=86234"}],"curies":[{"name":"wp","href":"https:\/\/api.w.org\/{rel}","templated":true}]}}