{"id":89173,"date":"2022-03-23T11:26:15","date_gmt":"2022-03-23T10:26:15","guid":{"rendered":"http:\/\/cannoni-conrad.com\/?page_id=89173"},"modified":"2025-05-09T17:47:24","modified_gmt":"2025-05-09T15:47:24","slug":"industrie-4-0-et-systemes-nebuliseurs","status":"publish","type":"page","link":"https:\/\/cannoni-conrad.com\/fr\/industria-4-0-e-impianti-nebulizzatori\/","title":{"rendered":"L'industrie 4.0 et les pulv\u00e9risateurs"},"content":{"rendered":"<div data-elementor-type=\"wp-page\" data-elementor-id=\"89173\" class=\"elementor elementor-89173\" data-elementor-post-type=\"page\">\n\t\t\t\t<div class=\"elementor-element elementor-element-6e39380 e-flex e-con-boxed e-con e-parent\" data-id=\"6e39380\" data-element_type=\"container\" data-e-type=\"container\" data-settings=\"{&quot;background_background&quot;:&quot;classic&quot;}\">\n\t\t\t\t\t<div class=\"e-con-inner\">\n\t\t\t\t<div class=\"elementor-element elementor-element-a34378e elementor-widget elementor-widget-heading\" data-id=\"a34378e\" data-element_type=\"widget\" data-e-type=\"widget\" data-widget_type=\"heading.default\">\n\t\t\t\t<div class=\"elementor-widget-container\">\n\t\t\t\t\t<h1 class=\"elementor-heading-title elementor-size-default\">Industrie 4.0<\/h1>\t\t\t\t<\/div>\n\t\t\t\t<\/div>\n\t\t\t\t<div class=\"elementor-element elementor-element-3f32198 elementor-widget__width-initial elementor-widget elementor-widget-text-editor\" data-id=\"3f32198\" data-element_type=\"widget\" data-e-type=\"widget\" data-widget_type=\"text-editor.default\">\n\t\t\t\t<div class=\"elementor-widget-container\">\n\t\t\t\t\t\t\t\t\t<p><span style=\"font-weight: 400;\">Pour les immobilisations corporelles 4.0 (immobilisations comprises dans l'annexe A annex\u00e9e \u00e0 la loi de finances 2021), pour les nouveaux investissements r\u00e9alis\u00e9s \u00e0 partir du 1er janvier 2022, <\/span><b>le cr\u00e9dit d'imp\u00f4t sera \u00e9gal \u00e0 40% .<\/b><\/p>\t\t\t\t\t\t\t\t<\/div>\n\t\t\t\t<\/div>\n\t\t\t\t<div class=\"elementor-element elementor-element-93c5483 elementor-align-left elementor-tablet-align-center elementor-widget elementor-widget-global elementor-global-91817 elementor-widget-button\" data-id=\"93c5483\" data-element_type=\"widget\" data-e-type=\"widget\" data-widget_type=\"button.default\">\n\t\t\t\t<div class=\"elementor-widget-container\">\n\t\t\t\t\t\t\t\t\t<div class=\"elementor-button-wrapper\">\n\t\t\t\t\t<a class=\"elementor-button elementor-button-link elementor-size-md\" href=\"#elementor-action%3Aaction%3Dpopup%3Aopen%26settings%3DeyJpZCI6Ijg1MjY2IiwidG9nZ2xlIjpmYWxzZX0%3D\" target=\"_blank\">\n\t\t\t\t\t\t<span class=\"elementor-button-content-wrapper\">\n\t\t\t\t\t\t\t\t\t<span class=\"elementor-button-text\">Demander un devis<\/span>\n\t\t\t\t\t<\/span>\n\t\t\t\t\t<\/a>\n\t\t\t\t<\/div>\n\t\t\t\t\t\t\t\t<\/div>\n\t\t\t\t<\/div>\n\t\t\t\t\t<\/div>\n\t\t\t\t<\/div>\n\t\t<div class=\"elementor-element elementor-element-d96e5f7 e-flex e-con-boxed e-con e-parent\" data-id=\"d96e5f7\" data-element_type=\"container\" data-e-type=\"container\">\n\t\t\t\t\t<div class=\"e-con-inner\">\n\t\t<div class=\"elementor-element elementor-element-ada7a85 e-flex e-con-boxed e-con e-child\" data-id=\"ada7a85\" data-element_type=\"container\" data-e-type=\"container\" data-settings=\"{&quot;background_background&quot;:&quot;classic&quot;}\">\n\t\t\t\t\t<div class=\"e-con-inner\">\n\t\t\t\t\t<\/div>\n\t\t\t\t<\/div>\n\t\t<div class=\"elementor-element elementor-element-0757c32 e-flex e-con-boxed e-con e-child\" data-id=\"0757c32\" data-element_type=\"container\" data-e-type=\"container\">\n\t\t\t\t\t<div class=\"e-con-inner\">\n\t\t\t\t<div class=\"elementor-element elementor-element-8ac7160 elementor-widget elementor-widget-heading\" data-id=\"8ac7160\" data-element_type=\"widget\" data-e-type=\"widget\" data-widget_type=\"heading.default\">\n\t\t\t\t<div class=\"elementor-widget-container\">\n\t\t\t\t\t<h3 class=\"elementor-heading-title elementor-size-default\">Les syst\u00e8mes de l'industrie 4.0 sur un syst\u00e8me de suppression des poussi\u00e8res ?<\/h3>\t\t\t\t<\/div>\n\t\t\t\t<\/div>\n\t\t\t\t<div class=\"elementor-element elementor-element-6602bbd elementor-widget elementor-widget-text-editor\" data-id=\"6602bbd\" data-element_type=\"widget\" data-e-type=\"widget\" data-widget_type=\"text-editor.default\">\n\t\t\t\t<div class=\"elementor-widget-container\">\n\t\t\t\t\t\t\t\t\t<p>La r\u00e9ponse est oui, Cannoni-Conrad a con\u00e7u le bon syst\u00e8me et l'a certifi\u00e9 selon les crit\u00e8res requis par la norme Industrie 4.0.<\/p><p>Les canons \u00e0 pulv\u00e9risation de la marque Cannoni-Conrad pourront donc \u00eatre \u00e9quip\u00e9s d'un syst\u00e8me Industrie 4.0 qui sera connect\u00e9 \u00e0 l'automate de la machine, ce qui leur permettra de b\u00e9n\u00e9ficier des avantages fiscaux pr\u00e9vus par la loi de finances 2021.<\/p><p><span style=\"font-weight: 400;\">Le syst\u00e8me d'interconnexion CANNONI-CONRAD est \u00e9galement \u00e9quip\u00e9 d'un \u00e9cran pour faciliter l'interface homme\/machine et a pass\u00e9 les tests les plus rigoureux.<\/span><\/p>\t\t\t\t\t\t\t\t<\/div>\n\t\t\t\t<\/div>\n\t\t\t\t\t<\/div>\n\t\t\t\t<\/div>\n\t\t\t\t\t<\/div>\n\t\t\t\t<\/div>\n\t\t<div class=\"elementor-element elementor-element-56f1f58 e-flex e-con-boxed e-con e-parent\" data-id=\"56f1f58\" data-element_type=\"container\" data-e-type=\"container\" data-settings=\"{&quot;background_background&quot;:&quot;classic&quot;}\">\n\t\t\t\t\t<div class=\"e-con-inner\">\n\t\t\t\t<div class=\"elementor-element elementor-element-32b3d40 elementor-widget elementor-widget-heading\" data-id=\"32b3d40\" data-element_type=\"widget\" data-e-type=\"widget\" data-widget_type=\"heading.default\">\n\t\t\t\t<div class=\"elementor-widget-container\">\n\t\t\t\t\t<h2 class=\"elementor-heading-title elementor-size-default\">Le syst\u00e8me certifi\u00e9 CANNONI-CONRAD :<\/h2>\t\t\t\t<\/div>\n\t\t\t\t<\/div>\n\t\t\t\t\t<\/div>\n\t\t\t\t<\/div>\n\t\t<div class=\"elementor-element elementor-element-529df2f e-flex e-con-boxed e-con e-parent\" data-id=\"529df2f\" data-element_type=\"container\" data-e-type=\"container\" data-settings=\"{&quot;background_background&quot;:&quot;classic&quot;}\">\n\t\t\t\t\t<div class=\"e-con-inner\">\n\t\t<div class=\"elementor-element elementor-element-7b54f4f e-flex e-con-boxed e-con e-child\" data-id=\"7b54f4f\" data-element_type=\"container\" data-e-type=\"container\">\n\t\t\t\t\t<div class=\"e-con-inner\">\n\t\t\t\t<div class=\"elementor-element elementor-element-c015613 elementor-widget elementor-widget-image\" data-id=\"c015613\" data-element_type=\"widget\" data-e-type=\"widget\" data-widget_type=\"image.default\">\n\t\t\t\t<div class=\"elementor-widget-container\">\n\t\t\t\t\t\t\t\t\t\t\t\t\t\t\t<img decoding=\"async\" width=\"411\" height=\"298\" src=\"https:\/\/cannoni-conrad.com\/wp-content\/uploads\/2022\/03\/MONITOR-DISPLAY-4.0-CANNONI-CONRAD.jpg\" class=\"attachment-large size-large wp-image-89210\" alt=\"\" srcset=\"https:\/\/cannoni-conrad.com\/wp-content\/uploads\/2022\/03\/MONITOR-DISPLAY-4.0-CANNONI-CONRAD.jpg 411w, https:\/\/cannoni-conrad.com\/wp-content\/uploads\/2022\/03\/MONITOR-DISPLAY-4.0-CANNONI-CONRAD-18x12.jpg 18w\" sizes=\"(max-width: 411px) 100vw, 411px\" \/>\t\t\t\t\t\t\t\t\t\t\t\t\t\t\t<\/div>\n\t\t\t\t<\/div>\n\t\t\t\t<div class=\"elementor-element elementor-element-083445e elementor-widget elementor-widget-heading\" data-id=\"083445e\" data-element_type=\"widget\" data-e-type=\"widget\" data-widget_type=\"heading.default\">\n\t\t\t\t<div class=\"elementor-widget-container\">\n\t\t\t\t\t<h3 class=\"elementor-heading-title elementor-size-default\">Affichage de l'interface utilisateur\/machine<\/h3>\t\t\t\t<\/div>\n\t\t\t\t<\/div>\n\t\t\t\t<div class=\"elementor-element elementor-element-4cea12f elementor-widget elementor-widget-text-editor\" data-id=\"4cea12f\" data-element_type=\"widget\" data-e-type=\"widget\" data-widget_type=\"text-editor.default\">\n\t\t\t\t<div class=\"elementor-widget-container\">\n\t\t\t\t\t\t\t\t\t<p>Le syst\u00e8me de bo\u00eetier t\u00e9l\u00e9matique Industrie 4.0 de CANNONI-CONRAD est toujours int\u00e9gr\u00e9 \u00e0 l'\u00e9cran et constitue l'accessoire essentiel qui relie le bo\u00eetier t\u00e9l\u00e9matique et met en \u0153uvre l'interface homme-machine sur le canon :<\/p><ul><li aria-level=\"1\" aria-checked=\"false\">Envoi et navigation des travaux \u00e0 effectuer (Jobs) synchronis\u00e9s avec le Cloud en temps r\u00e9el<\/li><li aria-level=\"1\" aria-checked=\"false\">No. 3 Activateurs programmables \u00e0 distance de dispositifs\/accessoires embarqu\u00e9s<\/li><li aria-level=\"1\" aria-checked=\"false\">Indicateur de charge de la batterie principale<\/li><li aria-level=\"1\" aria-checked=\"false\">Indicateur d'autorisation de d\u00e9marrage - indique l'autorisation de d\u00e9marrage \u00e0 l'op\u00e9rateur.<\/li><li aria-level=\"1\" aria-checked=\"false\">Type de moniteur : 4.3\u2033 TFT Colour Graphic LCD avec LED<\/li><li aria-level=\"1\" aria-checked=\"false\">Couleurs : 16.7 M<\/li><li aria-level=\"1\" aria-checked=\"false\">Dimensions : 14 x 10 x 5 cm<\/li><li aria-level=\"1\" aria-checked=\"false\">IP : 65<\/li><\/ul>\t\t\t\t\t\t\t\t<\/div>\n\t\t\t\t<\/div>\n\t\t\t\t\t<\/div>\n\t\t\t\t<\/div>\n\t\t<div class=\"elementor-element elementor-element-93f8cbb e-flex e-con-boxed e-con e-child\" data-id=\"93f8cbb\" data-element_type=\"container\" data-e-type=\"container\">\n\t\t\t\t\t<div class=\"e-con-inner\">\n\t\t\t\t<div class=\"elementor-element elementor-element-357a623 elementor-widget elementor-widget-image\" data-id=\"357a623\" data-element_type=\"widget\" data-e-type=\"widget\" data-widget_type=\"image.default\">\n\t\t\t\t<div class=\"elementor-widget-container\">\n\t\t\t\t\t\t\t\t\t\t\t\t\t\t\t<img decoding=\"async\" width=\"411\" height=\"298\" src=\"https:\/\/cannoni-conrad.com\/wp-content\/uploads\/2022\/03\/box-telematico-4.0-Conrad.jpg\" class=\"attachment-large size-large wp-image-89206\" alt=\"\" srcset=\"https:\/\/cannoni-conrad.com\/wp-content\/uploads\/2022\/03\/box-telematico-4.0-Conrad.jpg 411w, https:\/\/cannoni-conrad.com\/wp-content\/uploads\/2022\/03\/box-telematico-4.0-Conrad-18x12.jpg 18w\" sizes=\"(max-width: 411px) 100vw, 411px\" \/>\t\t\t\t\t\t\t\t\t\t\t\t\t\t\t<\/div>\n\t\t\t\t<\/div>\n\t\t\t\t<div class=\"elementor-element elementor-element-d7ead0e elementor-widget elementor-widget-heading\" data-id=\"d7ead0e\" data-element_type=\"widget\" data-e-type=\"widget\" data-widget_type=\"heading.default\">\n\t\t\t\t<div class=\"elementor-widget-container\">\n\t\t\t\t\t<h3 class=\"elementor-heading-title elementor-size-default\">Dispositifs de suivi<\/h3>\t\t\t\t<\/div>\n\t\t\t\t<\/div>\n\t\t\t\t<div class=\"elementor-element elementor-element-7a34ea7 elementor-widget elementor-widget-text-editor\" data-id=\"7a34ea7\" data-element_type=\"widget\" data-e-type=\"widget\" data-widget_type=\"text-editor.default\">\n\t\t\t\t<div class=\"elementor-widget-container\">\n\t\t\t\t\t\t\t\t\t<ul><li aria-level=\"1\" aria-checked=\"false\">Assure l'interconnexion avec le nuage\u00a0<\/li><li aria-level=\"1\" aria-checked=\"false\">Gr\u00e2ce \u00e0 la SIM int\u00e9gr\u00e9e, il fonctionne dans le monde entier<\/li><li aria-level=\"1\" aria-checked=\"false\">Identifie l'op\u00e9rateur et permet le d\u00e9marrage<\/li><li aria-level=\"1\" aria-checked=\"false\">Verrouillez la machine en cas de besoin<\/li><li aria-level=\"1\" aria-checked=\"false\">Transmet les donn\u00e9es de travail au nuage<\/li><li aria-level=\"1\" aria-checked=\"false\">Transmet les donn\u00e9es du moteur au nuage<\/li><li aria-level=\"1\" aria-checked=\"false\">Envoyer des notifications et des alertes \u00e0 la direction<\/li><\/ul><p>\u00a0<\/p><p><span style=\"font-weight: 400;\">Inclus dans le package Industrie 4.0 CANNONI-CONRAD :\u00a0<\/span><\/p><p><span style=\"font-weight: 400;\">Gestion des moyens et des \u00e9quipements via un portail web et une application pendant 5 ans<\/span><\/p>\t\t\t\t\t\t\t\t<\/div>\n\t\t\t\t<\/div>\n\t\t\t\t\t<\/div>\n\t\t\t\t<\/div>\n\t\t\t\t\t<\/div>\n\t\t\t\t<\/div>\n\t\t<div class=\"elementor-element elementor-element-5c9ca60 e-flex e-con-boxed e-con e-parent\" data-id=\"5c9ca60\" data-element_type=\"container\" data-e-type=\"container\">\n\t\t\t\t\t<div class=\"e-con-inner\">\n\t\t<div class=\"elementor-element elementor-element-077ef6d e-con-full e-flex e-con e-child\" data-id=\"077ef6d\" data-element_type=\"container\" data-e-type=\"container\">\n\t\t\t\t<div class=\"elementor-element elementor-element-437d070 elementor-widget elementor-widget-heading\" data-id=\"437d070\" data-element_type=\"widget\" data-e-type=\"widget\" data-widget_type=\"heading.default\">\n\t\t\t\t<div class=\"elementor-widget-container\">\n\t\t\t\t\t<h2 class=\"elementor-heading-title elementor-size-default\">INSTALLATION<\/h2>\t\t\t\t<\/div>\n\t\t\t\t<\/div>\n\t\t\t\t<div class=\"elementor-element elementor-element-74fb054 elementor-widget elementor-widget-text-editor\" data-id=\"74fb054\" data-element_type=\"widget\" data-e-type=\"widget\" data-widget_type=\"text-editor.default\">\n\t\t\t\t<div class=\"elementor-widget-container\">\n\t\t\t\t\t\t\t\t\t<p>Nous r\u00e9alisons l'installation du dispositif Industrie 4.0 sur l'automate de la machine dans notre atelier.<\/p><p>Nos techniciens exp\u00e9riment\u00e9s ont \u00e9t\u00e9 form\u00e9s par le centre d'op\u00e9rations qui activera la connectivit\u00e9 pendant 5 ans \u00e0 compter de la date d'achat.<\/p><p>Sur l'automate de la machine <strong>le dispositif sera install\u00e9<\/strong> et l'\u00e9cran connect\u00e9 pour assurer l'interface homme-machine la plus fluide et la plus simplifi\u00e9e.<\/p>\t\t\t\t\t\t\t\t<\/div>\n\t\t\t\t<\/div>\n\t\t\t\t<\/div>\n\t\t<div class=\"elementor-element elementor-element-c00267e e-con-full e-flex e-con e-child\" data-id=\"c00267e\" data-element_type=\"container\" data-e-type=\"container\" data-settings=\"{&quot;background_background&quot;:&quot;classic&quot;}\">\n\t\t\t\t<\/div>\n\t\t\t\t\t<\/div>\n\t\t\t\t<\/div>\n\t\t<div class=\"elementor-element elementor-element-f17d3a1 e-flex e-con-boxed e-con e-parent\" data-id=\"f17d3a1\" data-element_type=\"container\" data-e-type=\"container\" data-settings=\"{&quot;background_background&quot;:&quot;classic&quot;}\">\n\t\t\t\t\t<div class=\"e-con-inner\">\n\t\t<div class=\"elementor-element elementor-element-fcbfae5 e-con-full e-flex e-con e-child\" data-id=\"fcbfae5\" data-element_type=\"container\" data-e-type=\"container\" data-settings=\"{&quot;background_background&quot;:&quot;classic&quot;}\">\n\t\t\t\t<\/div>\n\t\t<div class=\"elementor-element elementor-element-7a779ce e-con-full e-flex e-con e-child\" data-id=\"7a779ce\" data-element_type=\"container\" data-e-type=\"container\">\n\t\t\t\t<div class=\"elementor-element elementor-element-9ae887b elementor-widget elementor-widget-heading\" data-id=\"9ae887b\" data-element_type=\"widget\" data-e-type=\"widget\" data-widget_type=\"heading.default\">\n\t\t\t\t<div class=\"elementor-widget-container\">\n\t\t\t\t\t<h2 class=\"elementor-heading-title elementor-size-default\">ACTIVATION<\/h2>\t\t\t\t<\/div>\n\t\t\t\t<\/div>\n\t\t\t\t<div class=\"elementor-element elementor-element-61ae2a7 elementor-widget elementor-widget-text-editor\" data-id=\"61ae2a7\" data-element_type=\"widget\" data-e-type=\"widget\" data-widget_type=\"text-editor.default\">\n\t\t\t\t<div class=\"elementor-widget-container\">\n\t\t\t\t\t\t\t\t\t<p>Depuis le bureau, la machine sera <strong>contr\u00f4lable<\/strong> pourquoi <strong>interconnect\u00e9<\/strong>.<\/p><p>Le portail auquel le client aura acc\u00e8s contr\u00f4lera sa position, ses donn\u00e9es de travail et ses op\u00e9rations.<\/p>\t\t\t\t\t\t\t\t<\/div>\n\t\t\t\t<\/div>\n\t\t\t\t<div class=\"elementor-element elementor-element-1523d53 elementor-align-left elementor-widget elementor-widget-button\" data-id=\"1523d53\" data-element_type=\"widget\" data-e-type=\"widget\" data-widget_type=\"button.default\">\n\t\t\t\t<div class=\"elementor-widget-container\">\n\t\t\t\t\t\t\t\t\t<div class=\"elementor-button-wrapper\">\n\t\t\t\t\t<a class=\"elementor-button elementor-button-link elementor-size-md\" href=\"#elementor-action%3Aaction%3Dpopup%3Aopen%26settings%3DeyJpZCI6Ijg4NzY0IiwidG9nZ2xlIjpmYWxzZX0%3D\">\n\t\t\t\t\t\t<span class=\"elementor-button-content-wrapper\">\n\t\t\t\t\t\t\t\t\t<span class=\"elementor-button-text\">Nous contacter<\/span>\n\t\t\t\t\t<\/span>\n\t\t\t\t\t<\/a>\n\t\t\t\t<\/div>\n\t\t\t\t\t\t\t\t<\/div>\n\t\t\t\t<\/div>\n\t\t\t\t<\/div>\n\t\t\t\t\t<\/div>\n\t\t\t\t<\/div>\n\t\t<div class=\"elementor-element elementor-element-29f4cff e-flex e-con-boxed e-con e-parent\" data-id=\"29f4cff\" data-element_type=\"container\" data-e-type=\"container\">\n\t\t\t\t\t<div class=\"e-con-inner\">\n\t\t<div class=\"elementor-element elementor-element-7d2770d e-con-full e-flex e-con e-child\" data-id=\"7d2770d\" data-element_type=\"container\" data-e-type=\"container\">\n\t\t\t\t<div class=\"elementor-element elementor-element-06e7be8 elementor-widget elementor-widget-heading\" data-id=\"06e7be8\" data-element_type=\"widget\" data-e-type=\"widget\" data-widget_type=\"heading.default\">\n\t\t\t\t<div class=\"elementor-widget-container\">\n\t\t\t\t\t<h2 class=\"elementor-heading-title elementor-size-default\">TESTING <\/h2>\t\t\t\t<\/div>\n\t\t\t\t<\/div>\n\t\t\t\t<div class=\"elementor-element elementor-element-3459b09 elementor-widget elementor-widget-text-editor\" data-id=\"3459b09\" data-element_type=\"widget\" data-e-type=\"widget\" data-widget_type=\"text-editor.default\">\n\t\t\t\t<div class=\"elementor-widget-container\">\n\t\t\t\t\t\t\t\t\t<p>Pendant le test de r\u00e9ception, nous veillons au bon fonctionnement de la machine. Nos techniciens effectuent<strong> tests<\/strong> dans diff\u00e9rentes situations de travail pour v\u00e9rifier que toutes les fonctions sont actives et pleinement op\u00e9rationnelles.<\/p><p>Nous ne laissons rien au hasard !<\/p>\t\t\t\t\t\t\t\t<\/div>\n\t\t\t\t<\/div>\n\t\t\t\t<div class=\"elementor-element elementor-element-7cd1d69 elementor-align-left elementor-widget elementor-widget-button\" data-id=\"7cd1d69\" data-element_type=\"widget\" data-e-type=\"widget\" data-widget_type=\"button.default\">\n\t\t\t\t<div class=\"elementor-widget-container\">\n\t\t\t\t\t\t\t\t\t<div class=\"elementor-button-wrapper\">\n\t\t\t\t\t<a class=\"elementor-button elementor-button-link elementor-size-md\" href=\"#elementor-action%3Aaction%3Dpopup%3Aopen%26settings%3DeyJpZCI6Ijg4NzY0IiwidG9nZ2xlIjpmYWxzZX0%3D\">\n\t\t\t\t\t\t<span class=\"elementor-button-content-wrapper\">\n\t\t\t\t\t\t\t\t\t<span class=\"elementor-button-text\">Nous contacter<\/span>\n\t\t\t\t\t<\/span>\n\t\t\t\t\t<\/a>\n\t\t\t\t<\/div>\n\t\t\t\t\t\t\t\t<\/div>\n\t\t\t\t<\/div>\n\t\t\t\t<\/div>\n\t\t<div class=\"elementor-element elementor-element-3c66ca9 e-con-full e-flex e-con e-child\" data-id=\"3c66ca9\" data-element_type=\"container\" data-e-type=\"container\" data-settings=\"{&quot;background_background&quot;:&quot;classic&quot;}\">\n\t\t\t\t<\/div>\n\t\t\t\t\t<\/div>\n\t\t\t\t<\/div>\n\t\t<div class=\"elementor-element elementor-element-e6c3faa e-flex e-con-boxed e-con e-parent\" data-id=\"e6c3faa\" data-element_type=\"container\" data-e-type=\"container\">\n\t\t\t\t\t<div class=\"e-con-inner\">\n\t\t<div class=\"elementor-element elementor-element-1d123a8 e-con-full e-flex e-con e-child\" data-id=\"1d123a8\" data-element_type=\"container\" data-e-type=\"container\" data-settings=\"{&quot;background_background&quot;:&quot;classic&quot;}\">\n\t\t\t\t<\/div>\n\t\t<div class=\"elementor-element elementor-element-a082a6b e-con-full e-flex e-con e-child\" data-id=\"a082a6b\" data-element_type=\"container\" data-e-type=\"container\">\n\t\t\t\t<div class=\"elementor-element elementor-element-a533ac3 elementor-widget elementor-widget-heading\" data-id=\"a533ac3\" data-element_type=\"widget\" data-e-type=\"widget\" data-widget_type=\"heading.default\">\n\t\t\t\t<div class=\"elementor-widget-container\">\n\t\t\t\t\t<h2 class=\"elementor-heading-title elementor-size-default\">FORMATION<\/h2>\t\t\t\t<\/div>\n\t\t\t\t<\/div>\n\t\t\t\t<div class=\"elementor-element elementor-element-f35415e elementor-widget elementor-widget-text-editor\" data-id=\"f35415e\" data-element_type=\"widget\" data-e-type=\"widget\" data-widget_type=\"text-editor.default\">\n\t\t\t\t<div class=\"elementor-widget-container\">\n\t\t\t\t\t\t\t\t\t<p>Pendant la livraison, nos techniciens effectuent <strong>un cours de formation pratique<\/strong>.<\/p><p>De cette fa\u00e7on, les op\u00e9rateurs apprendront \u00e0 utiliser le pistolet de pulv\u00e9risation en quelques minutes seulement.<\/p>\t\t\t\t\t\t\t\t<\/div>\n\t\t\t\t<\/div>\n\t\t\t\t<\/div>\n\t\t\t\t\t<\/div>\n\t\t\t\t<\/div>\n\t\t\t\t<\/div>","protected":false},"excerpt":{"rendered":"<p>Industria 4.0 Per i beni materiali 4.0 (beni ricompresi nell&#8217;allegato A annesso alla legge di Bilancio 2021), per i nuovi investimenti effettuati dal 1\u00b0 gennaio 2022, il credito d\u2019imposta sar\u00e0 pari al 40% . Richiedi un preventivo Sistemi Industria 4.0 su un sistema di abbattimento polveri? La risposta \u00e8 s\u00ec, Cannoni-Conrad ha studiamo il sistema [&hellip;]<\/p>\n","protected":false},"author":1,"featured_media":0,"parent":0,"menu_order":0,"comment_status":"closed","ping_status":"closed","template":"","meta":{"_acf_changed":false,"footnotes":""},"class_list":["post-89173","page","type-page","status-publish","hentry"],"acf":[],"_links":{"self":[{"href":"https:\/\/cannoni-conrad.com\/fr\/wp-json\/wp\/v2\/pages\/89173","targetHints":{"allow":["GET"]}}],"collection":[{"href":"https:\/\/cannoni-conrad.com\/fr\/wp-json\/wp\/v2\/pages"}],"about":[{"href":"https:\/\/cannoni-conrad.com\/fr\/wp-json\/wp\/v2\/types\/page"}],"author":[{"embeddable":true,"href":"https:\/\/cannoni-conrad.com\/fr\/wp-json\/wp\/v2\/users\/1"}],"replies":[{"embeddable":true,"href":"https:\/\/cannoni-conrad.com\/fr\/wp-json\/wp\/v2\/comments?post=89173"}],"version-history":[{"count":0,"href":"https:\/\/cannoni-conrad.com\/fr\/wp-json\/wp\/v2\/pages\/89173\/revisions"}],"wp:attachment":[{"href":"https:\/\/cannoni-conrad.com\/fr\/wp-json\/wp\/v2\/media?parent=89173"}],"curies":[{"name":"wp","href":"https:\/\/api.w.org\/{rel}","templated":true}]}}