{"id":88739,"date":"2022-02-26T17:49:32","date_gmt":"2022-02-26T16:49:32","guid":{"rendered":"http:\/\/cannoni-conrad.com\/?page_id=88739"},"modified":"2025-07-23T08:45:55","modified_gmt":"2025-07-23T06:45:55","slug":"accessoires-pour-canons-de-pulverisation","status":"publish","type":"page","link":"https:\/\/cannoni-conrad.com\/fr\/accessori-per-cannoni-nebulizzatori\/","title":{"rendered":"Accessoires pour pistolets de pulv\u00e9risation"},"content":{"rendered":"<div data-elementor-type=\"wp-page\" data-elementor-id=\"88739\" class=\"elementor elementor-88739\" data-elementor-post-type=\"page\">\n\t\t\t\t<div class=\"elementor-element elementor-element-02e54fc e-flex e-con-boxed e-con e-parent\" data-id=\"02e54fc\" data-element_type=\"container\" data-e-type=\"container\" data-settings=\"{&quot;background_background&quot;:&quot;classic&quot;}\">\n\t\t\t\t\t<div class=\"e-con-inner\">\n\t\t\t\t\t<\/div>\n\t\t\t\t<\/div>\n\t\t<div class=\"elementor-element elementor-element-2133e66 e-grid e-con-boxed e-con e-parent\" data-id=\"2133e66\" data-element_type=\"container\" data-e-type=\"container\">\n\t\t\t\t\t<div class=\"e-con-inner\">\n\t\t<div class=\"elementor-element elementor-element-dc450ee e-flex e-con-boxed e-con e-child\" data-id=\"dc450ee\" data-element_type=\"container\" data-e-type=\"container\">\n\t\t\t\t\t<div class=\"e-con-inner\">\n\t\t\t\t<div class=\"elementor-element elementor-element-1626f45 elementor-widget elementor-widget-heading\" data-id=\"1626f45\" data-element_type=\"widget\" data-e-type=\"widget\" data-widget_type=\"heading.default\">\n\t\t\t\t<div class=\"elementor-widget-container\">\n\t\t\t\t\t<h2 class=\"elementor-heading-title elementor-size-default\">Pompe \u00e0 haute pression<\/h2>\t\t\t\t<\/div>\n\t\t\t\t<\/div>\n\t\t\t\t<div class=\"elementor-element elementor-element-ea11584 elementor-widget elementor-widget-text-editor\" data-id=\"ea11584\" data-element_type=\"widget\" data-e-type=\"widget\" data-widget_type=\"text-editor.default\">\n\t\t\t\t<div class=\"elementor-widget-container\">\n\t\t\t\t\t\t\t\t\t<p>Une pompe haute pression de 50 bars permet \u00e0 notre pistolet de pulv\u00e9risation <strong>id\u00e9al pour travailler avec des mat\u00e9riaux qui ne doivent pas \u00eatre trop mouill\u00e9s<\/strong> et augmente ses performances.<\/p><p><strong>Id\u00e9al pour :<\/strong> le recyclage des d\u00e9chets, les parcs de production de compost, le traitement de la ferraille et le d\u00e9chiquetage du bois.<\/p>\t\t\t\t\t\t\t\t<\/div>\n\t\t\t\t<\/div>\n\t\t\t\t\t<\/div>\n\t\t\t\t<\/div>\n\t\t<div class=\"elementor-element elementor-element-7322ff4 e-flex e-con-boxed e-con e-child\" data-id=\"7322ff4\" data-element_type=\"container\" data-e-type=\"container\">\n\t\t\t\t\t<div class=\"e-con-inner\">\n\t\t\t\t<div class=\"elementor-element elementor-element-c6345e4 elementor-widget elementor-widget-heading\" data-id=\"c6345e4\" data-element_type=\"widget\" data-e-type=\"widget\" data-widget_type=\"heading.default\">\n\t\t\t\t<div class=\"elementor-widget-container\">\n\t\t\t\t\t<h2 class=\"elementor-heading-title elementor-size-default\">Pompe doseuse pour la r\u00e9duction des odeurs<\/h2>\t\t\t\t<\/div>\n\t\t\t\t<\/div>\n\t\t\t\t<div class=\"elementor-element elementor-element-e703b2a elementor-widget elementor-widget-text-editor\" data-id=\"e703b2a\" data-element_type=\"widget\" data-e-type=\"widget\" data-widget_type=\"text-editor.default\">\n\t\t\t\t<div class=\"elementor-widget-container\">\n\t\t\t\t\t\t\t\t\t<p><br \/>Gr\u00e2ce \u00e0 notre qualit\u00e9 de production, nous pouvons construire des canons de d\u00e9poussi\u00e9rage et d'abattement des odeurs tr\u00e8s performants et durables avec peu d'entretien.<\/p>\t\t\t\t\t\t\t\t<\/div>\n\t\t\t\t<\/div>\n\t\t\t\t\t<\/div>\n\t\t\t\t<\/div>\n\t\t<div class=\"elementor-element elementor-element-098b379 e-flex e-con-boxed e-con e-child\" data-id=\"098b379\" data-element_type=\"container\" data-e-type=\"container\">\n\t\t\t\t\t<div class=\"e-con-inner\">\n\t\t\t\t<div class=\"elementor-element elementor-element-6ec9d28 elementor-widget elementor-widget-heading\" data-id=\"6ec9d28\" data-element_type=\"widget\" data-e-type=\"widget\" data-widget_type=\"heading.default\">\n\t\t\t\t<div class=\"elementor-widget-container\">\n\t\t\t\t\t<h2 class=\"elementor-heading-title elementor-size-default\">Radiocommande<\/h2>\t\t\t\t<\/div>\n\t\t\t\t<\/div>\n\t\t\t\t<div class=\"elementor-element elementor-element-87c851c elementor-widget elementor-widget-text-editor\" data-id=\"87c851c\" data-element_type=\"widget\" data-e-type=\"widget\" data-widget_type=\"text-editor.default\">\n\t\t\t\t<div class=\"elementor-widget-container\">\n\t\t\t\t\t\t\t\t\t<p>Les mod\u00e8les automatis\u00e9s Cannoni-Conrad peuvent \u00eatre fournis avec une radiocommande \u00e0 12 canaux pour la commande \u00e0 distance du pistolet de pulv\u00e9risation.<\/p><p><strong>Nous disposons de l'une des marques les meilleures et les plus fiables du march\u00e9.<\/strong>S\u00e9curit\u00e9 : AUTEC Safety.<\/p><p>D'une port\u00e9e de 100 m\u00e8tres, la radiocommande Autec est un accessoire qui facilite le contr\u00f4le et le fonctionnement des canons de pulv\u00e9risation. Cet accessoire peut \u00e9galement \u00eatre int\u00e9gr\u00e9 ult\u00e9rieurement, car il est tr\u00e8s facile \u00e0 installer puisqu'il arrive d\u00e9j\u00e0 c\u00e2bl\u00e9, qu'il est toujours disponible en stock et qu'il peut \u00eatre exp\u00e9di\u00e9 dans les 24 heures,<\/p><p>Gr\u00e2ce \u00e0 la t\u00e9l\u00e9commande, nous pouvons :\u00a0<\/p><ul><li>la mise en marche et l'arr\u00eat du canon<\/li><li>contr\u00f4ler l'inclinaison, la rotation du canon, la mont\u00e9e et la descente du bras articul\u00e9.<\/li><li>v\u00e9rifier l'ouverture et la fermeture des vannes<\/li><li>m\u00e9morisation des r\u00e9glages<\/li><\/ul><p>\u00a0<\/p><p><strong>Chargeur de batterie inclus.<\/strong><\/p>\t\t\t\t\t\t\t\t<\/div>\n\t\t\t\t<\/div>\n\t\t\t\t\t<\/div>\n\t\t\t\t<\/div>\n\t\t<div class=\"elementor-element elementor-element-0cdbf3a e-flex e-con-boxed e-con e-child\" data-id=\"0cdbf3a\" data-element_type=\"container\" data-e-type=\"container\">\n\t\t\t\t\t<div class=\"e-con-inner\">\n\t\t\t\t<div class=\"elementor-element elementor-element-12de92e elementor-widget elementor-widget-heading\" data-id=\"12de92e\" data-element_type=\"widget\" data-e-type=\"widget\" data-widget_type=\"heading.default\">\n\t\t\t\t<div class=\"elementor-widget-container\">\n\t\t\t\t\t<h2 class=\"elementor-heading-title elementor-size-default\">Kit industrie 4.0<\/h2>\t\t\t\t<\/div>\n\t\t\t\t<\/div>\n\t\t\t\t<div class=\"elementor-element elementor-element-c4cd3b5 elementor-widget elementor-widget-text-editor\" data-id=\"c4cd3b5\" data-element_type=\"widget\" data-e-type=\"widget\" data-widget_type=\"text-editor.default\">\n\t\t\t\t<div class=\"elementor-widget-container\">\n\t\t\t\t\t\t\t\t\t<p><strong>Qui n'aime pas faire des \u00e9conomies ?<\/strong><\/p><p>Tous nos canons de pulv\u00e9risation sont \u00e9quip\u00e9s de PLC <strong>ont droit \u00e0 des prestations au titre du r\u00e9gime Transition 4.0<\/strong>.<\/p><p>Cannoni-Conrad a certifi\u00e9 notre kit Industrie 4.0 qui peut \u00eatre appliqu\u00e9 sur les syst\u00e8mes de d\u00e9poussi\u00e9rage permettant \u00e0 nos clients de b\u00e9n\u00e9ficier d'un cr\u00e9dit d'imp\u00f4t 40%, <strong>d'o\u00f9 une \u00e9conomie finale consid\u00e9rable<\/strong>.<\/p><p><strong>Vous voulez en savoir plus ?<\/strong> Plus d'informations ici.<\/p>\t\t\t\t\t\t\t\t<\/div>\n\t\t\t\t<\/div>\n\t\t\t\t\t<\/div>\n\t\t\t\t<\/div>\n\t\t\t\t\t<\/div>\n\t\t\t\t<\/div>\n\t\t\t\t<\/div>","protected":false},"excerpt":{"rendered":"<p>Pompa ad Alta Pressione Una pompa ad alta pressione da 50 bar che rende il nostro cannone nebulizzatore ideale per il lavoro con materiali che non devono essere eccessivamente bagnati e ne aumenta le performance. Ideale per: riciclaggio dei rifiuti, piazzali di produzione del Compost, trattamento rottami e triturazione del legno. Pompa Dosatrice abbatti odori [&hellip;]<\/p>\n","protected":false},"author":1,"featured_media":86783,"parent":0,"menu_order":0,"comment_status":"closed","ping_status":"closed","template":"","meta":{"_acf_changed":false,"footnotes":""},"class_list":["post-88739","page","type-page","status-publish","has-post-thumbnail","hentry"],"acf":[],"_links":{"self":[{"href":"https:\/\/cannoni-conrad.com\/fr\/wp-json\/wp\/v2\/pages\/88739","targetHints":{"allow":["GET"]}}],"collection":[{"href":"https:\/\/cannoni-conrad.com\/fr\/wp-json\/wp\/v2\/pages"}],"about":[{"href":"https:\/\/cannoni-conrad.com\/fr\/wp-json\/wp\/v2\/types\/page"}],"author":[{"embeddable":true,"href":"https:\/\/cannoni-conrad.com\/fr\/wp-json\/wp\/v2\/users\/1"}],"replies":[{"embeddable":true,"href":"https:\/\/cannoni-conrad.com\/fr\/wp-json\/wp\/v2\/comments?post=88739"}],"version-history":[{"count":0,"href":"https:\/\/cannoni-conrad.com\/fr\/wp-json\/wp\/v2\/pages\/88739\/revisions"}],"wp:featuredmedia":[{"embeddable":true,"href":"https:\/\/cannoni-conrad.com\/fr\/wp-json\/wp\/v2\/media\/86783"}],"wp:attachment":[{"href":"https:\/\/cannoni-conrad.com\/fr\/wp-json\/wp\/v2\/media?parent=88739"}],"curies":[{"name":"wp","href":"https:\/\/api.w.org\/{rel}","templated":true}]}}