{"id":88676,"date":"2022-02-14T13:55:34","date_gmt":"2022-02-14T12:55:34","guid":{"rendered":"http:\/\/cannoni-conrad.com\/?page_id=88676"},"modified":"2022-02-14T14:03:49","modified_gmt":"2022-02-14T13:03:49","slug":"politique-en-matiere-de-cookies","status":"publish","type":"page","link":"https:\/\/cannoni-conrad.com\/fr\/cookie-policy\/","title":{"rendered":"Politique en mati\u00e8re de cookies"},"content":{"rendered":"<div data-elementor-type=\"wp-page\" data-elementor-id=\"88676\" class=\"elementor elementor-88676\" data-elementor-post-type=\"page\">\n\t\t\t\t\t\t<section class=\"elementor-section elementor-top-section elementor-element elementor-element-17306c6 elementor-section-boxed elementor-section-height-default elementor-section-height-default\" data-id=\"17306c6\" data-element_type=\"section\" data-e-type=\"section\">\n\t\t\t\t\t\t<div class=\"elementor-container elementor-column-gap-default\">\n\t\t\t\t\t<div class=\"elementor-column elementor-col-100 elementor-top-column elementor-element elementor-element-77cb3af\" data-id=\"77cb3af\" data-element_type=\"column\" data-e-type=\"column\">\n\t\t\t<div class=\"elementor-widget-wrap elementor-element-populated\">\n\t\t\t\t\t\t<div class=\"elementor-element elementor-element-21b6a35 elementor-widget elementor-widget-heading\" data-id=\"21b6a35\" data-element_type=\"widget\" data-e-type=\"widget\" data-widget_type=\"heading.default\">\n\t\t\t\t<div class=\"elementor-widget-container\">\n\t\t\t\t\t<h2 class=\"elementor-heading-title elementor-size-default\">Politique en mati\u00e8re de cookies<\/h2>\t\t\t\t<\/div>\n\t\t\t\t<\/div>\n\t\t\t\t<div class=\"elementor-element elementor-element-7ed2f0f elementor-widget elementor-widget-text-editor\" data-id=\"7ed2f0f\" data-element_type=\"widget\" data-e-type=\"widget\" data-widget_type=\"text-editor.default\">\n\t\t\t\t<div class=\"elementor-widget-container\">\n\t\t\t\t\t\t\t\t\t<p><strong>CE QUE SONT LES COOKIES<\/strong><br \/>Les cookies sont de courts fichiers texte qui sont t\u00e9l\u00e9charg\u00e9s sur l'appareil de l'utilisateur lorsqu'il visite un site web. Lors de chaque visite ult\u00e9rieure, le<br \/>les cookies sont renvoy\u00e9s au site web qui en est \u00e0 l'origine (cookies de premi\u00e8re partie) ou \u00e0 un autre site web qui les reconna\u00eet (cookies de tierce partie). I<br \/>Les cookies sont utiles car ils permettent \u00e0 un site web de reconna\u00eetre l'appareil de l'utilisateur. Ils ont diff\u00e9rents objectifs tels que<br \/>par exemple pour vous permettre de naviguer efficacement entre les pages, de m\u00e9moriser vos sites pr\u00e9f\u00e9r\u00e9s et, d'une mani\u00e8re g\u00e9n\u00e9rale, d'am\u00e9liorer l'exp\u00e9rience de l'utilisateur.<br \/>la navigation.<br \/>Selon la fonction et le but de leur utilisation, les cookies peuvent \u00eatre divis\u00e9s en cookies techniques, cookies de profilage et cookies de tiers.<\/p><p><strong>COOKIES TECHNIQUES<\/strong><br \/>L'objectif des cookies techniques est de permettre des fonctions sans lesquelles il ne serait pas possible d'utiliser pleinement le site.<br \/>Ces cookies permettent le fonctionnement de proc\u00e9dures en plusieurs \u00e9tapes (plusieurs pages successives, comme une requ\u00eate<br \/>de contact), de suivre les choix de l'utilisateur sur le contenu du site \u00e0 afficher et les fonctionnalit\u00e9s \u00e0 activer ou \u00e0 d\u00e9sactiver.<br \/>Un cookie de ce type est \u00e9galement utilis\u00e9 pour enregistrer la d\u00e9cision de l'utilisateur d'utiliser des cookies sur notre site web.<br \/>Les fonctions du site ne permettent pas de d\u00e9sactiver les cookies essentiels.<br \/>Les cookies techniques comprennent \u00e9galement ceux utilis\u00e9s pour analyser statistiquement l'acc\u00e8s ou les visites sur le site, \u00e9galement appel\u00e9s<br \/>les \"analyses\", qui servent exclusivement \u00e0 des fins statistiques et collectent des informations sous forme agr\u00e9g\u00e9e sans possibilit\u00e9 de tra\u00e7abilit\u00e9<br \/>\u00e0 l'identification de l'utilisateur individuel.<br \/>Les cookies analytiques peuvent \u00e9galement \u00eatre des cookies de tiers (Google Analytics), pour lesquels veuillez vous r\u00e9f\u00e9rer \u00e0 ce qui suit pour plus de d\u00e9tails,<br \/>la vie priv\u00e9e du titulaire respectif.<\/p><p><strong>LES COOKIES DE PROFILAGE<\/strong><br \/>Les cookies de profilage ont pour but d'am\u00e9liorer l'exp\u00e9rience de l'utilisateur du site en sugg\u00e9rant un contenu li\u00e9 aux pr\u00e9f\u00e9rences exprim\u00e9es.<br \/>par l'utilisateur au cours de la navigation, en fonction du contenu affich\u00e9 et d'autres param\u00e8tres comportementaux.<br \/>L'utilisateur peut d\u00e9cider de d\u00e9sactiver l'utilisation de cookies individuels sur le site au moyen des options appropri\u00e9es de son navigateur.<br \/>Dans ce cas, certaines fonctions du site peuvent ne pas \u00eatre disponibles.<\/p><p><strong>LES COOKIES DE TIERS<\/strong><br \/>Le site utilise certaines fonctionnalit\u00e9s externes ou contient certains liens externes dans le but d'am\u00e9liorer l'int\u00e9gration avec des sites tiers de<br \/>l'utilisation courante et la socialit\u00e9 du site lui-m\u00eame (par exemple, les boutons de partage de Facebook, Google, Twitter, etc.)<br \/>Ces fonctions et ces liens peuvent entra\u00eener l'utilisation de cookies de tiers, pour lesquels veuillez vous r\u00e9f\u00e9rer \u00e0 la d\u00e9claration de confidentialit\u00e9 sp\u00e9cifique publi\u00e9e sur le site web de la Commission europ\u00e9enne.<br \/>des sites individuels.<br \/>Comment modifier les param\u00e8tres des cookies<br \/>La plupart des navigateurs acceptent automatiquement les cookies, mais l'utilisateur peut normalement modifier les param\u00e8tres pour<br \/>d\u00e9sactiver cette fonction. Il est possible de bloquer tous les types de cookies ou d'accepter de n'en recevoir que certains et de les d\u00e9sactiver.<br \/>d'autres. La section \"Options\" ou \"Pr\u00e9f\u00e9rences\" du menu du navigateur vous permet de refuser de recevoir des cookies et d'autres informations.<br \/>le suivi de l'utilisateur, et la mani\u00e8re d'obtenir une notification du navigateur concernant l'activation de ces technologies. Vous pouvez \u00e9galement<br \/>consultez la section \"Aide\" de la barre d'outils de la plupart des navigateurs.<br \/>Vous pouvez \u00e9galement s\u00e9lectionner le navigateur que vous utilisez dans la liste ci-dessous et suivre les instructions : - Internet Explorer ; - Chrome ; - Safari ;<br \/>- Firefox ; - Opera. Depuis les appareils mobiles : - Android ; - Safari ; - Windows Phone ; - Blackberry.<br \/>Pour plus d'informations sur les cookies et pour g\u00e9rer les pr\u00e9f\u00e9rences en mati\u00e8re de cookies (premi\u00e8re et\/ou tierce partie), les utilisateurs sont \u00e9galement invit\u00e9s \u00e0 se rendre sur le site suivant<br \/>la plateforme www.youronlinechoices.com. Veuillez toutefois noter que la d\u00e9sactivation des cookies de navigation ou des cookies fonctionnels peut<br \/>provoquer un dysfonctionnement du Site et\/ou limiter le service offert.<br \/>Pour toute question, veuillez vous r\u00e9f\u00e9rer \u00e0 la section Contact de notre site web et \u00e0 la politique de confidentialit\u00e9 correspondante.<br \/>En vous remerciant de votre attention et en restant \u00e0 votre disposition pour tout \u00e9claircissement, nous vous adressons nos plus cordiales salutations.<\/p>\t\t\t\t\t\t\t\t<\/div>\n\t\t\t\t<\/div>\n\t\t\t\t\t<\/div>\n\t\t<\/div>\n\t\t\t\t\t<\/div>\n\t\t<\/section>\n\t\t\t\t<\/div>","protected":false},"excerpt":{"rendered":"<p>Cookie Policy COSA SONO I COOKIEI cookie sono brevi file di testo che vengono scaricati sul dispositivo dell\u2019Utente quando si visita un sito web. Ad ogni visita successiva icookie sono rimandati al sito web che li ha originati (cookie di prime parti) o a un altro sito che li riconosce (cookie di terze parti). Icookie [&hellip;]<\/p>\n","protected":false},"author":1,"featured_media":0,"parent":0,"menu_order":0,"comment_status":"closed","ping_status":"closed","template":"","meta":{"_acf_changed":false,"footnotes":""},"class_list":["post-88676","page","type-page","status-publish","hentry"],"acf":[],"_links":{"self":[{"href":"https:\/\/cannoni-conrad.com\/fr\/wp-json\/wp\/v2\/pages\/88676","targetHints":{"allow":["GET"]}}],"collection":[{"href":"https:\/\/cannoni-conrad.com\/fr\/wp-json\/wp\/v2\/pages"}],"about":[{"href":"https:\/\/cannoni-conrad.com\/fr\/wp-json\/wp\/v2\/types\/page"}],"author":[{"embeddable":true,"href":"https:\/\/cannoni-conrad.com\/fr\/wp-json\/wp\/v2\/users\/1"}],"replies":[{"embeddable":true,"href":"https:\/\/cannoni-conrad.com\/fr\/wp-json\/wp\/v2\/comments?post=88676"}],"version-history":[{"count":0,"href":"https:\/\/cannoni-conrad.com\/fr\/wp-json\/wp\/v2\/pages\/88676\/revisions"}],"wp:attachment":[{"href":"https:\/\/cannoni-conrad.com\/fr\/wp-json\/wp\/v2\/media?parent=88676"}],"curies":[{"name":"wp","href":"https:\/\/api.w.org\/{rel}","templated":true}]}}