{"id":96156,"date":"2025-06-16T13:05:04","date_gmt":"2025-06-16T11:05:04","guid":{"rendered":"https:\/\/cannoni-conrad.com\/?post_type=product&#038;p=96156"},"modified":"2025-06-16T13:20:46","modified_gmt":"2025-06-16T11:20:46","slug":"estacion-autonoma-37","status":"publish","type":"product","link":"https:\/\/cannoni-conrad.com\/es\/abbattimento-polveri\/stazioni-autonome\/stazione-autonoma-37\/","title":{"rendered":"Estaci\u00f3n aut\u00f3noma #37"},"content":{"rendered":"<div data-elementor-type=\"product-post\" data-elementor-id=\"96156\" class=\"elementor elementor-96156\" data-elementor-post-type=\"product\">\n\t\t\t\t<div class=\"elementor-element elementor-element-6a1496d e-flex e-con-boxed e-con e-parent\" data-id=\"6a1496d\" data-element_type=\"container\" data-e-type=\"container\">\n\t\t\t\t\t<div class=\"e-con-inner\">\n\t\t<div class=\"elementor-element elementor-element-02ef626 e-grid e-con-full e-con e-child\" data-id=\"02ef626\" data-element_type=\"container\" data-e-type=\"container\">\n\t\t<div class=\"elementor-element elementor-element-082e5b3 e-flex e-con-boxed e-con e-child\" data-id=\"082e5b3\" data-element_type=\"container\" data-e-type=\"container\" data-settings=\"{&quot;background_background&quot;:&quot;classic&quot;}\">\n\t\t\t\t\t<div class=\"e-con-inner\">\n\t\t\t\t<div class=\"elementor-element elementor-element-61c6fc8 elementor-widget elementor-widget-image\" data-id=\"61c6fc8\" data-element_type=\"widget\" data-e-type=\"widget\" data-widget_type=\"image.default\">\n\t\t\t\t<div class=\"elementor-widget-container\">\n\t\t\t\t\t\t\t\t\t\t\t\t\t\t\t<img decoding=\"async\" width=\"650\" height=\"488\" src=\"https:\/\/cannoni-conrad.com\/wp-content\/uploads\/2022\/04\/C42-promisa-Media.jpg\" class=\"attachment-medium size-medium wp-image-89300\" alt=\"\" srcset=\"https:\/\/cannoni-conrad.com\/wp-content\/uploads\/2022\/04\/C42-promisa-Media.jpg 1024w, https:\/\/cannoni-conrad.com\/wp-content\/uploads\/2022\/04\/C42-promisa-Media-800x600.jpg 800w, https:\/\/cannoni-conrad.com\/wp-content\/uploads\/2022\/04\/C42-promisa-Media-768x576.jpg 768w, https:\/\/cannoni-conrad.com\/wp-content\/uploads\/2022\/04\/C42-promisa-Media-16x12.jpg 16w\" sizes=\"(max-width: 650px) 100vw, 650px\" \/>\t\t\t\t\t\t\t\t\t\t\t\t\t\t\t<\/div>\n\t\t\t\t<\/div>\n\t\t\t\t<div class=\"elementor-element elementor-element-f148532 elementor-widget elementor-widget-heading\" data-id=\"f148532\" data-element_type=\"widget\" data-e-type=\"widget\" data-widget_type=\"heading.default\">\n\t\t\t\t<div class=\"elementor-widget-container\">\n\t\t\t\t\t<h2 class=\"elementor-heading-title elementor-size-default\">A CADA TRABAJO SU ESTACI\u00d3N CONRAD<\/h2>\t\t\t\t<\/div>\n\t\t\t\t<\/div>\n\t\t\t\t<div class=\"elementor-element elementor-element-7425363 elementor-widget elementor-widget-text-editor\" data-id=\"7425363\" data-element_type=\"widget\" data-e-type=\"widget\" data-widget_type=\"text-editor.default\">\n\t\t\t\t<div class=\"elementor-widget-container\">\n\t\t\t\t\t\t\t\t\t<p>La estaci\u00f3n de desempolvado Conrad montada sobre una base transportable es una soluci\u00f3n aut\u00f3noma para el control profesional del polvo con <strong>herrajes a medida<\/strong> y dise\u00f1ado junto con el cliente.\u00a0<\/p><p>La versi\u00f3n para carretillas elevadoras es adecuada en contextos en los que el punto de origen y de polvo u olores es conocido y concentrado, como maquinaria estacionaria y zonas definidas de almacenamiento de materiales.<\/p>\t\t\t\t\t\t\t\t<\/div>\n\t\t\t\t<\/div>\n\t\t\t\t\t<\/div>\n\t\t\t\t<\/div>\n\t\t<div class=\"elementor-element elementor-element-c2bc299 e-flex e-con-boxed e-con e-child\" data-id=\"c2bc299\" data-element_type=\"container\" data-e-type=\"container\" data-settings=\"{&quot;background_background&quot;:&quot;classic&quot;}\">\n\t\t\t\t\t<div class=\"e-con-inner\">\n\t\t\t\t<div class=\"elementor-element elementor-element-82c21ef elementor-widget elementor-widget-image\" data-id=\"82c21ef\" data-element_type=\"widget\" data-e-type=\"widget\" data-widget_type=\"image.default\">\n\t\t\t\t<div class=\"elementor-widget-container\">\n\t\t\t\t\t\t\t\t\t\t\t\t\t\t\t<img decoding=\"async\" width=\"650\" height=\"488\" src=\"https:\/\/cannoni-conrad.com\/wp-content\/uploads\/2023\/05\/C32-AS-braccio-aricolato-Media.jpg\" class=\"attachment-medium size-medium wp-image-92171\" alt=\"\" srcset=\"https:\/\/cannoni-conrad.com\/wp-content\/uploads\/2023\/05\/C32-AS-braccio-aricolato-Media.jpg 1024w, https:\/\/cannoni-conrad.com\/wp-content\/uploads\/2023\/05\/C32-AS-braccio-aricolato-Media-800x600.jpg 800w, https:\/\/cannoni-conrad.com\/wp-content\/uploads\/2023\/05\/C32-AS-braccio-aricolato-Media-768x576.jpg 768w, https:\/\/cannoni-conrad.com\/wp-content\/uploads\/2023\/05\/C32-AS-braccio-aricolato-Media-16x12.jpg 16w\" sizes=\"(max-width: 650px) 100vw, 650px\" \/>\t\t\t\t\t\t\t\t\t\t\t\t\t\t\t<\/div>\n\t\t\t\t<\/div>\n\t\t\t\t<div class=\"elementor-element elementor-element-5330ecd elementor-widget elementor-widget-heading\" data-id=\"5330ecd\" data-element_type=\"widget\" data-e-type=\"widget\" data-widget_type=\"heading.default\">\n\t\t\t\t<div class=\"elementor-widget-container\">\n\t\t\t\t\t<h2 class=\"elementor-heading-title elementor-size-default\">BRAZO ARTICULADO<\/h2>\t\t\t\t<\/div>\n\t\t\t\t<\/div>\n\t\t\t\t<div class=\"elementor-element elementor-element-5e7c139 elementor-widget elementor-widget-text-editor\" data-id=\"5e7c139\" data-element_type=\"widget\" data-e-type=\"widget\" data-widget_type=\"text-editor.default\">\n\t\t\t\t<div class=\"elementor-widget-container\">\n\t\t\t\t\t\t\t\t\t<p>Nuestro equipo de pulverizaci\u00f3n con brazo articulado se encuentra entre los mejor equipados del sector, tiene un alcance que permite a la turbina alcanzar una altura de aproximadamente 5,5 m. En la parte superior, la corona giratoria se encarga de la rotaci\u00f3n para orientar la pulverizaci\u00f3n con precisi\u00f3n y el motor de inclinaci\u00f3n permite inclinar la pulverizaci\u00f3n de -10\u00b0 a + 45\u00b0.\u00a0\u00a0<\/p><p>El equipamiento previsto del pulverizador sobre un brazo articulado\/pan\u00f3grafo permite que la pistola se eleve por encima de maquinaria como cribas, trituradoras, cintas transportadoras y tolvas de descarga que generan polvo y olores, actuando de arriba hacia abajo y reduciendo a\u00fan m\u00e1s f\u00e1cilmente las emisiones que se quieren controlar y reducir.<\/p>\t\t\t\t\t\t\t\t<\/div>\n\t\t\t\t<\/div>\n\t\t\t\t\t<\/div>\n\t\t\t\t<\/div>\n\t\t<div class=\"elementor-element elementor-element-79d86ce e-flex e-con-boxed e-con e-child\" data-id=\"79d86ce\" data-element_type=\"container\" data-e-type=\"container\" data-settings=\"{&quot;background_background&quot;:&quot;classic&quot;}\">\n\t\t\t\t\t<div class=\"e-con-inner\">\n\t\t\t\t<div class=\"elementor-element elementor-element-bd51ad6 elementor-widget elementor-widget-image\" data-id=\"bd51ad6\" data-element_type=\"widget\" data-e-type=\"widget\" data-widget_type=\"image.default\">\n\t\t\t\t<div class=\"elementor-widget-container\">\n\t\t\t\t\t\t\t\t\t\t\t\t\t\t\t<img decoding=\"async\" width=\"650\" height=\"488\" src=\"https:\/\/cannoni-conrad.com\/wp-content\/uploads\/2021\/11\/IMG_20171010_165746-Medium.jpg\" class=\"attachment-medium size-medium wp-image-87918\" alt=\"\" srcset=\"https:\/\/cannoni-conrad.com\/wp-content\/uploads\/2021\/11\/IMG_20171010_165746-Medium.jpg 1024w, https:\/\/cannoni-conrad.com\/wp-content\/uploads\/2021\/11\/IMG_20171010_165746-Medium-800x600.jpg 800w, https:\/\/cannoni-conrad.com\/wp-content\/uploads\/2021\/11\/IMG_20171010_165746-Medium-768x576.jpg 768w, https:\/\/cannoni-conrad.com\/wp-content\/uploads\/2021\/11\/IMG_20171010_165746-Medium-16x12.jpg 16w\" sizes=\"(max-width: 650px) 100vw, 650px\" \/>\t\t\t\t\t\t\t\t\t\t\t\t\t\t\t<\/div>\n\t\t\t\t<\/div>\n\t\t\t\t<div class=\"elementor-element elementor-element-6d96c49 elementor-widget elementor-widget-heading\" data-id=\"6d96c49\" data-element_type=\"widget\" data-e-type=\"widget\" data-widget_type=\"heading.default\">\n\t\t\t\t<div class=\"elementor-widget-container\">\n\t\t\t\t\t<h2 class=\"elementor-heading-title elementor-size-default\">PLC integrado<\/h2>\t\t\t\t<\/div>\n\t\t\t\t<\/div>\n\t\t\t\t<div class=\"elementor-element elementor-element-c9fc17b elementor-widget elementor-widget-text-editor\" data-id=\"c9fc17b\" data-element_type=\"widget\" data-e-type=\"widget\" data-widget_type=\"text-editor.default\">\n\t\t\t\t<div class=\"elementor-widget-container\">\n\t\t\t\t\t\t\t\t\t<ul><li>Control de rotaci\u00f3n de 0\u00b0 a 340<\/li><li>Control de inclinaci\u00f3n de -20\u00b0 a + 45\u00b0.<\/li><li>Movimiento arriba\/abajo en el modelo de brazo articulado<\/li><li>Ajuste del \u00e1ngulo de trabajo Inicio<\/li><li>Suministro de agua de arranque del ventilador (motobomba\/v\u00e1lvulas solenoides)<\/li><li>Programaci\u00f3n semanal del trabajo (3 ciclos diarios de arranque\/parada)<\/li><li>Selecci\u00f3n activa de boquillas<\/li><li>Encender o apagar el calentador de corona<\/li><li>Encender o apagar la calefacci\u00f3n del faro<\/li><li>Encender o apagar el calefactor por radiocontrol<\/li><\/ul>\t\t\t\t\t\t\t\t<\/div>\n\t\t\t\t<\/div>\n\t\t\t\t\t<\/div>\n\t\t\t\t<\/div>\n\t\t\t\t<\/div>\n\t\t\t\t\t<\/div>\n\t\t\t\t<\/div>\n\t\t\t\t<\/div>","protected":false},"excerpt":{"rendered":"<p class=\"p1\"><b>Estaci\u00f3n aut\u00f3noma de reducci\u00f3n de polvo, montada sobre un pat\u00edn con pistola pulverizadora, dep\u00f3sito de agua y generador di\u00e9sel.<\/b><b><\/b><\/p>\n<p class=\"p3\">Personalizable con accesorios como radiocontrol, bomba de reducci\u00f3n de olores y kit Industria 4.0.<\/p>\n<p class=\"p3\">Ideal para el control del polvo y los olores en plantas de compostaje y de gesti\u00f3n de residuos no peligrosos.<\/p>","protected":false},"featured_media":96018,"template":"","meta":{"_acf_changed":false},"product_brand":[],"product_cat":[947],"product_tag":[1294],"class_list":{"0":"post-96156","1":"product","2":"type-product","3":"status-publish","4":"has-post-thumbnail","6":"product_cat-stazioni-autonome","7":"product_tag-cannone-nebulizzatore-30-metri","9":"first","10":"instock","11":"taxable","12":"shipping-taxable","13":"product-type-simple"},"acf":[],"_links":{"self":[{"href":"https:\/\/cannoni-conrad.com\/es\/wp-json\/wp\/v2\/product\/96156","targetHints":{"allow":["GET"]}}],"collection":[{"href":"https:\/\/cannoni-conrad.com\/es\/wp-json\/wp\/v2\/product"}],"about":[{"href":"https:\/\/cannoni-conrad.com\/es\/wp-json\/wp\/v2\/types\/product"}],"version-history":[{"count":0,"href":"https:\/\/cannoni-conrad.com\/es\/wp-json\/wp\/v2\/product\/96156\/revisions"}],"wp:featuredmedia":[{"embeddable":true,"href":"https:\/\/cannoni-conrad.com\/es\/wp-json\/wp\/v2\/media\/96018"}],"wp:attachment":[{"href":"https:\/\/cannoni-conrad.com\/es\/wp-json\/wp\/v2\/media?parent=96156"}],"wp:term":[{"taxonomy":"product_brand","embeddable":true,"href":"https:\/\/cannoni-conrad.com\/es\/wp-json\/wp\/v2\/product_brand?post=96156"},{"taxonomy":"product_cat","embeddable":true,"href":"https:\/\/cannoni-conrad.com\/es\/wp-json\/wp\/v2\/product_cat?post=96156"},{"taxonomy":"product_tag","embeddable":true,"href":"https:\/\/cannoni-conrad.com\/es\/wp-json\/wp\/v2\/product_tag?post=96156"}],"curies":[{"name":"wp","href":"https:\/\/api.w.org\/{rel}","templated":true}]}}