{"id":96125,"date":"2025-06-15T23:45:20","date_gmt":"2025-06-15T21:45:20","guid":{"rendered":"https:\/\/cannoni-conrad.com\/?post_type=product&#038;p=96125"},"modified":"2025-06-15T23:59:45","modified_gmt":"2025-06-15T21:59:45","slug":"estacion-autonoma-30","status":"publish","type":"product","link":"https:\/\/cannoni-conrad.com\/es\/abbattimento-polveri\/stazioni-autonome\/stazione-autonoma-30\/","title":{"rendered":"Estaci\u00f3n aut\u00f3noma #30"},"content":{"rendered":"<div data-elementor-type=\"product-post\" data-elementor-id=\"96125\" class=\"elementor elementor-96125\" data-elementor-post-type=\"product\">\n\t\t\t\t<div class=\"elementor-element elementor-element-bf0bb03 e-flex e-con-boxed e-con e-parent\" data-id=\"bf0bb03\" data-element_type=\"container\" data-e-type=\"container\">\n\t\t\t\t\t<div class=\"e-con-inner\">\n\t\t\t\t<div class=\"elementor-element elementor-element-c4aab47 elementor-position-left elementor-vertical-align-middle elementor-widget elementor-widget-image-box\" data-id=\"c4aab47\" data-element_type=\"widget\" data-e-type=\"widget\" data-widget_type=\"image-box.default\">\n\t\t\t\t<div class=\"elementor-widget-container\">\n\t\t\t\t\t<div class=\"elementor-image-box-wrapper\"><figure class=\"elementor-image-box-img\"><img decoding=\"async\" width=\"468\" height=\"337\" src=\"https:\/\/cannoni-conrad.com\/wp-content\/uploads\/2020\/12\/plc-cannoni.jpg\" class=\"attachment-full size-full wp-image-93353\" alt=\"\" srcset=\"https:\/\/cannoni-conrad.com\/wp-content\/uploads\/2020\/12\/plc-cannoni.jpg 468w, https:\/\/cannoni-conrad.com\/wp-content\/uploads\/2020\/12\/plc-cannoni-18x12.jpg 18w\" sizes=\"(max-width: 468px) 100vw, 468px\" \/><\/figure><div class=\"elementor-image-box-content\"><h3 class=\"elementor-image-box-title\">PLC<\/h3><p class=\"elementor-image-box-description\">La pistola de supresi\u00f3n de polvo Conrad LC50R est\u00e1 equipada con un sistema electr\u00f3nico de pantalla t\u00e1ctil PLC f\u00e1cil de usar para cualquier operario.<br>\n<br>\nEl uso del PLC es esencial para ajustar con precisi\u00f3n la rotaci\u00f3n de 0\u00b0 a 340\u00b0 del ca\u00f1\u00f3n con el fin de aprovechar al m\u00e1ximo el alcance de la pulverizaci\u00f3n y actuar con mayor precisi\u00f3n sobre las zonas a tratar.<br>\n<br>\nY con el KIT INDUSTRIA 4.0 de CANNONI-CONRAD, la pistola antipolvo recibir\u00e1 20% en forma de cr\u00e9dito fiscal.<br><\/p><\/div><\/div>\t\t\t\t<\/div>\n\t\t\t\t<\/div>\n\t\t<div class=\"elementor-element elementor-element-8ba16d8 e-grid e-con-full e-con e-child\" data-id=\"8ba16d8\" data-element_type=\"container\" data-e-type=\"container\">\n\t\t<div class=\"elementor-element elementor-element-b128827 e-flex e-con-boxed e-con e-child\" data-id=\"b128827\" data-element_type=\"container\" data-e-type=\"container\" data-settings=\"{&quot;background_background&quot;:&quot;classic&quot;}\">\n\t\t\t\t\t<div class=\"e-con-inner\">\n\t\t\t\t<div class=\"elementor-element elementor-element-11de15a elementor-widget elementor-widget-heading\" data-id=\"11de15a\" data-element_type=\"widget\" data-e-type=\"widget\" data-widget_type=\"heading.default\">\n\t\t\t\t<div class=\"elementor-widget-container\">\n\t\t\t\t\t<h2 class=\"elementor-heading-title elementor-size-default\">Sectores de utilizaci\u00f3n<\/h2>\t\t\t\t<\/div>\n\t\t\t\t<\/div>\n\t\t\t\t<div class=\"elementor-element elementor-element-2281bb0 elementor-widget elementor-widget-text-editor\" data-id=\"2281bb0\" data-element_type=\"widget\" data-e-type=\"widget\" data-widget_type=\"text-editor.default\">\n\t\t\t\t<div class=\"elementor-widget-container\">\n\t\t\t\t\t\t\t\t\t<p>Realizamos estos proyectos en camiones de carga rodada con mucha frecuencia, los sectores con mayor demanda son sin duda la demolici\u00f3n, la gesti\u00f3n de residuos y el saneamiento de suelos.<\/p><p>En estas zonas, ser aut\u00f3nomo con el agua y la electricidad es esencial para reducir el despilfarro de tiempo y recursos.<\/p>\t\t\t\t\t\t\t\t<\/div>\n\t\t\t\t<\/div>\n\t\t\t\t\t<\/div>\n\t\t\t\t<\/div>\n\t\t<div class=\"elementor-element elementor-element-ca8693c e-flex e-con-boxed e-con e-child\" data-id=\"ca8693c\" data-element_type=\"container\" data-e-type=\"container\" data-settings=\"{&quot;background_background&quot;:&quot;classic&quot;}\">\n\t\t\t\t\t<div class=\"e-con-inner\">\n\t\t\t\t<div class=\"elementor-element elementor-element-9c21d22 elementor-widget elementor-widget-heading\" data-id=\"9c21d22\" data-element_type=\"widget\" data-e-type=\"widget\" data-widget_type=\"heading.default\">\n\t\t\t\t<div class=\"elementor-widget-container\">\n\t\t\t\t\t<h2 class=\"elementor-heading-title elementor-size-default\">La silla de montar escasa<\/h2>\t\t\t\t<\/div>\n\t\t\t\t<\/div>\n\t\t\t\t<div class=\"elementor-element elementor-element-8188ada elementor-widget elementor-widget-text-editor\" data-id=\"8188ada\" data-element_type=\"widget\" data-e-type=\"widget\" data-widget_type=\"text-editor.default\">\n\t\t\t\t<div class=\"elementor-widget-container\">\n\t\t\t\t\t\t\t\t\t<p>El sill\u00edn est\u00e1 hecho a medida para el cami\u00f3n en el que se va a cargar. En este caso, el dise\u00f1o se bas\u00f3 en un sill\u00edn de 4 metros de largo porque el cami\u00f3n que se iba a montar era un cami\u00f3n de dos ejes con gr\u00faa.<\/p><p>La silla estaba equipada con el ca\u00f1\u00f3n de supresi\u00f3n de polvo LC50R, el generador de energ\u00eda di\u00e9sel y un dep\u00f3sito de acero con una capacidad de 3.000 litros, hecho a medida para ajustarse a las dimensiones compactas de la silla.<\/p>\t\t\t\t\t\t\t\t<\/div>\n\t\t\t\t<\/div>\n\t\t\t\t\t<\/div>\n\t\t\t\t<\/div>\n\t\t<div class=\"elementor-element elementor-element-c934d3f e-flex e-con-boxed e-con e-child\" data-id=\"c934d3f\" data-element_type=\"container\" data-e-type=\"container\" data-settings=\"{&quot;background_background&quot;:&quot;classic&quot;}\">\n\t\t\t\t\t<div class=\"e-con-inner\">\n\t\t\t\t<div class=\"elementor-element elementor-element-6f27d90 elementor-widget elementor-widget-heading\" data-id=\"6f27d90\" data-element_type=\"widget\" data-e-type=\"widget\" data-widget_type=\"heading.default\">\n\t\t\t\t<div class=\"elementor-widget-container\">\n\t\t\t\t\t<h2 class=\"elementor-heading-title elementor-size-default\">Kit Industria 4.0<\/h2>\t\t\t\t<\/div>\n\t\t\t\t<\/div>\n\t\t\t\t<div class=\"elementor-element elementor-element-41b139c elementor-widget elementor-widget-text-editor\" data-id=\"41b139c\" data-element_type=\"widget\" data-e-type=\"widget\" data-widget_type=\"text-editor.default\">\n\t\t\t\t<div class=\"elementor-widget-container\">\n\t\t\t\t\t\t\t\t\t<p>Esta estaci\u00f3n aut\u00f3noma de desempolvado estaba equipada con\u00a0<a href=\"https:\/\/cannoni-conrad.com\/es\/noticias\/industria-4-0-para-un-sistema-de-abastecimiento-de-polvo-con-canones-que-pueden\/\">kit industria 4.0<\/a>\u00a0para el control remoto de la productividad.<\/p>\t\t\t\t\t\t\t\t<\/div>\n\t\t\t\t<\/div>\n\t\t\t\t\t<\/div>\n\t\t\t\t<\/div>\n\t\t\t\t<\/div>\n\t\t\t\t\t<\/div>\n\t\t\t\t<\/div>\n\t\t<div class=\"elementor-element elementor-element-f6049c2 e-flex e-con-boxed e-con e-parent\" data-id=\"f6049c2\" data-element_type=\"container\" data-e-type=\"container\" data-settings=\"{&quot;background_background&quot;:&quot;classic&quot;}\">\n\t\t\t\t\t<div class=\"e-con-inner\">\n\t\t\t\t<div class=\"elementor-element elementor-element-c5e29ed elementor-widget elementor-widget-heading\" data-id=\"c5e29ed\" data-element_type=\"widget\" data-e-type=\"widget\" data-widget_type=\"heading.default\">\n\t\t\t\t<div class=\"elementor-widget-container\">\n\t\t\t\t\t<h2 class=\"elementor-heading-title elementor-size-default\">Estaci\u00f3n en acci\u00f3n<\/h2>\t\t\t\t<\/div>\n\t\t\t\t<\/div>\n\t\t\t\t<div class=\"elementor-element elementor-element-bd32fa7 elementor-widget elementor-widget-video\" data-id=\"bd32fa7\" data-element_type=\"widget\" data-e-type=\"widget\" data-settings=\"{&quot;youtube_url&quot;:&quot;https:\\\/\\\/www.youtube.com\\\/watch?v=nok7Kypq_KM&quot;,&quot;loop&quot;:&quot;yes&quot;,&quot;video_type&quot;:&quot;youtube&quot;,&quot;controls&quot;:&quot;yes&quot;}\" data-widget_type=\"video.default\">\n\t\t\t\t<div class=\"elementor-widget-container\">\n\t\t\t\t\t\t\t<div class=\"elementor-wrapper elementor-open-inline\">\n\t\t\t<div class=\"elementor-video\"><\/div>\t\t<\/div>\n\t\t\t\t\t\t<\/div>\n\t\t\t\t<\/div>\n\t\t<div class=\"elementor-element elementor-element-3f9d840 e-grid e-con-full e-con e-child\" data-id=\"3f9d840\" data-element_type=\"container\" data-e-type=\"container\">\n\t\t\t\t<div class=\"elementor-element elementor-element-023ea80 elementor-widget elementor-widget-image\" data-id=\"023ea80\" data-element_type=\"widget\" data-e-type=\"widget\" data-widget_type=\"image.default\">\n\t\t\t\t<div class=\"elementor-widget-container\">\n\t\t\t\t\t\t\t\t\t\t\t\t\t\t\t<img decoding=\"async\" width=\"800\" height=\"600\" src=\"https:\/\/cannoni-conrad.com\/wp-content\/uploads\/2022\/09\/LC50R-scarrabile-Cavit-5-no-name.jpg\" class=\"attachment-large size-large wp-image-90811\" alt=\"\" srcset=\"https:\/\/cannoni-conrad.com\/wp-content\/uploads\/2022\/09\/LC50R-scarrabile-Cavit-5-no-name.jpg 2000w, https:\/\/cannoni-conrad.com\/wp-content\/uploads\/2022\/09\/LC50R-scarrabile-Cavit-5-no-name-800x600.jpg 800w, https:\/\/cannoni-conrad.com\/wp-content\/uploads\/2022\/09\/LC50R-scarrabile-Cavit-5-no-name-768x576.jpg 768w, https:\/\/cannoni-conrad.com\/wp-content\/uploads\/2022\/09\/LC50R-scarrabile-Cavit-5-no-name-1536x1152.jpg 1536w, https:\/\/cannoni-conrad.com\/wp-content\/uploads\/2022\/09\/LC50R-scarrabile-Cavit-5-no-name-16x12.jpg 16w\" sizes=\"(max-width: 800px) 100vw, 800px\" \/>\t\t\t\t\t\t\t\t\t\t\t\t\t\t\t<\/div>\n\t\t\t\t<\/div>\n\t\t\t\t<div class=\"elementor-element elementor-element-5381753 elementor-widget elementor-widget-image\" data-id=\"5381753\" data-element_type=\"widget\" data-e-type=\"widget\" data-widget_type=\"image.default\">\n\t\t\t\t<div class=\"elementor-widget-container\">\n\t\t\t\t\t\t\t\t\t\t\t\t\t\t\t<img decoding=\"async\" width=\"768\" height=\"576\" src=\"https:\/\/cannoni-conrad.com\/wp-content\/uploads\/2022\/09\/LC50R-scarrabile-Cavit-4-768x576.jpeg\" class=\"attachment-medium_large size-medium_large wp-image-90809\" alt=\"\" srcset=\"https:\/\/cannoni-conrad.com\/wp-content\/uploads\/2022\/09\/LC50R-scarrabile-Cavit-4-768x576.jpeg 768w, https:\/\/cannoni-conrad.com\/wp-content\/uploads\/2022\/09\/LC50R-scarrabile-Cavit-4-800x600.jpeg 800w, https:\/\/cannoni-conrad.com\/wp-content\/uploads\/2022\/09\/LC50R-scarrabile-Cavit-4-1536x1152.jpeg 1536w, https:\/\/cannoni-conrad.com\/wp-content\/uploads\/2022\/09\/LC50R-scarrabile-Cavit-4-16x12.jpeg 16w, https:\/\/cannoni-conrad.com\/wp-content\/uploads\/2022\/09\/LC50R-scarrabile-Cavit-4.jpeg 2000w\" sizes=\"(max-width: 768px) 100vw, 768px\" \/>\t\t\t\t\t\t\t\t\t\t\t\t\t\t\t<\/div>\n\t\t\t\t<\/div>\n\t\t\t\t<\/div>\n\t\t\t\t\t<\/div>\n\t\t\t\t<\/div>\n\t\t\t\t<\/div>","protected":false},"excerpt":{"rendered":"<p>Esta estaci\u00f3n aut\u00f3noma sobre una carretilla CONRAD LC50R es una versi\u00f3n compacta, hecha a medida para este peque\u00f1o cami\u00f3n de dos ejes.<\/p>","protected":false},"featured_media":96127,"template":"","meta":{"_acf_changed":false},"product_brand":[],"product_cat":[947],"product_tag":[1257,1259,1258],"class_list":{"0":"post-96125","1":"product","2":"type-product","3":"status-publish","4":"has-post-thumbnail","6":"product_cat-stazioni-autonome","7":"product_tag-cannone-50-m","8":"product_tag-cannone-nebulizzatore-per-demolire","9":"product_tag-nebulizzatore-ad-acqua","11":"first","12":"instock","13":"taxable","14":"shipping-taxable","15":"product-type-simple"},"acf":[],"_links":{"self":[{"href":"https:\/\/cannoni-conrad.com\/es\/wp-json\/wp\/v2\/product\/96125","targetHints":{"allow":["GET"]}}],"collection":[{"href":"https:\/\/cannoni-conrad.com\/es\/wp-json\/wp\/v2\/product"}],"about":[{"href":"https:\/\/cannoni-conrad.com\/es\/wp-json\/wp\/v2\/types\/product"}],"version-history":[{"count":0,"href":"https:\/\/cannoni-conrad.com\/es\/wp-json\/wp\/v2\/product\/96125\/revisions"}],"wp:featuredmedia":[{"embeddable":true,"href":"https:\/\/cannoni-conrad.com\/es\/wp-json\/wp\/v2\/media\/96127"}],"wp:attachment":[{"href":"https:\/\/cannoni-conrad.com\/es\/wp-json\/wp\/v2\/media?parent=96125"}],"wp:term":[{"taxonomy":"product_brand","embeddable":true,"href":"https:\/\/cannoni-conrad.com\/es\/wp-json\/wp\/v2\/product_brand?post=96125"},{"taxonomy":"product_cat","embeddable":true,"href":"https:\/\/cannoni-conrad.com\/es\/wp-json\/wp\/v2\/product_cat?post=96125"},{"taxonomy":"product_tag","embeddable":true,"href":"https:\/\/cannoni-conrad.com\/es\/wp-json\/wp\/v2\/product_tag?post=96125"}],"curies":[{"name":"wp","href":"https:\/\/api.w.org\/{rel}","templated":true}]}}