{"id":96038,"date":"2025-06-15T16:15:03","date_gmt":"2025-06-15T14:15:03","guid":{"rendered":"https:\/\/cannoni-conrad.com\/?post_type=product&#038;p=96038"},"modified":"2025-06-15T16:27:23","modified_gmt":"2025-06-15T14:27:23","slug":"estacion-autonoma-21","status":"publish","type":"product","link":"https:\/\/cannoni-conrad.com\/es\/abbattimento-polveri\/stazioni-autonome\/stazione-autonoma-21\/","title":{"rendered":"Estaci\u00f3n aut\u00f3noma #21"},"content":{"rendered":"<div data-elementor-type=\"product-post\" data-elementor-id=\"96038\" class=\"elementor elementor-96038\" data-elementor-post-type=\"product\">\n\t\t\t\t<div class=\"elementor-element elementor-element-727fb0e e-flex e-con-boxed e-con e-parent\" data-id=\"727fb0e\" data-element_type=\"container\" data-e-type=\"container\">\n\t\t\t\t\t<div class=\"e-con-inner\">\n\t\t<div class=\"elementor-element elementor-element-5bd167d e-grid e-con-full e-con e-child\" data-id=\"5bd167d\" data-element_type=\"container\" data-e-type=\"container\">\n\t\t<div class=\"elementor-element elementor-element-dc4c288 e-flex e-con-boxed e-con e-child\" data-id=\"dc4c288\" data-element_type=\"container\" data-e-type=\"container\" data-settings=\"{&quot;background_background&quot;:&quot;classic&quot;}\">\n\t\t\t\t\t<div class=\"e-con-inner\">\n\t\t\t\t<div class=\"elementor-element elementor-element-acb0ec5 elementor-widget elementor-widget-heading\" data-id=\"acb0ec5\" data-element_type=\"widget\" data-e-type=\"widget\" data-widget_type=\"heading.default\">\n\t\t\t\t<div class=\"elementor-widget-container\">\n\t\t\t\t\t<h2 class=\"elementor-heading-title elementor-size-default\">\u00c1REAS DE USO<\/h2>\t\t\t\t<\/div>\n\t\t\t\t<\/div>\n\t\t\t\t<div class=\"elementor-element elementor-element-162c42c elementor-widget elementor-widget-text-editor\" data-id=\"162c42c\" data-element_type=\"widget\" data-e-type=\"widget\" data-widget_type=\"text-editor.default\">\n\t\t\t\t<div class=\"elementor-widget-container\">\n\t\t\t\t\t\t\t\t\t<p>Realizamos estos proyectos en camiones de carga rodada con mucha frecuencia, los sectores con mayor demanda son sin duda la demolici\u00f3n, la gesti\u00f3n de residuos y el saneamiento de suelos.<\/p><p>En estas zonas, ser aut\u00f3nomo con el agua y la electricidad es esencial para reducir el despilfarro de tiempo y recursos.<\/p>\t\t\t\t\t\t\t\t<\/div>\n\t\t\t\t<\/div>\n\t\t\t\t\t<\/div>\n\t\t\t\t<\/div>\n\t\t<div class=\"elementor-element elementor-element-2274d13 e-flex e-con-boxed e-con e-child\" data-id=\"2274d13\" data-element_type=\"container\" data-e-type=\"container\" data-settings=\"{&quot;background_background&quot;:&quot;classic&quot;}\">\n\t\t\t\t\t<div class=\"e-con-inner\">\n\t\t\t\t<div class=\"elementor-element elementor-element-8a0bb97 elementor-widget elementor-widget-heading\" data-id=\"8a0bb97\" data-element_type=\"widget\" data-e-type=\"widget\" data-widget_type=\"heading.default\">\n\t\t\t\t<div class=\"elementor-widget-container\">\n\t\t\t\t\t<h2 class=\"elementor-heading-title elementor-size-default\">La silla de montar descargable<\/h2>\t\t\t\t<\/div>\n\t\t\t\t<\/div>\n\t\t\t\t<div class=\"elementor-element elementor-element-38370d2 elementor-widget elementor-widget-text-editor\" data-id=\"38370d2\" data-element_type=\"widget\" data-e-type=\"widget\" data-widget_type=\"text-editor.default\">\n\t\t\t\t<div class=\"elementor-widget-container\">\n\t\t\t\t\t\t\t\t\t<p>La silla est\u00e1 hecha a medida para el cami\u00f3n en el que se va a cargar.<\/p><p>La montura estar\u00e1 equipada con el ca\u00f1\u00f3n de supresi\u00f3n de polvo, el generador de energ\u00eda y el tanque de acero totalmente transportable.<\/p>\t\t\t\t\t\t\t\t<\/div>\n\t\t\t\t<\/div>\n\t\t\t\t\t<\/div>\n\t\t\t\t<\/div>\n\t\t<div class=\"elementor-element elementor-element-a5c59e2 e-flex e-con-boxed e-con e-child\" data-id=\"a5c59e2\" data-element_type=\"container\" data-e-type=\"container\" data-settings=\"{&quot;background_background&quot;:&quot;classic&quot;}\">\n\t\t\t\t\t<div class=\"e-con-inner\">\n\t\t\t\t<div class=\"elementor-element elementor-element-76b05bd elementor-widget elementor-widget-heading\" data-id=\"76b05bd\" data-element_type=\"widget\" data-e-type=\"widget\" data-widget_type=\"heading.default\">\n\t\t\t\t<div class=\"elementor-widget-container\">\n\t\t\t\t\t<h2 class=\"elementor-heading-title elementor-size-default\">PLC<\/h2>\t\t\t\t<\/div>\n\t\t\t\t<\/div>\n\t\t\t\t<div class=\"elementor-element elementor-element-358285c elementor-widget elementor-widget-text-editor\" data-id=\"358285c\" data-element_type=\"widget\" data-e-type=\"widget\" data-widget_type=\"text-editor.default\">\n\t\t\t\t<div class=\"elementor-widget-container\">\n\t\t\t\t\t\t\t\t\t<ul>\n \t<li>Control de rotaci\u00f3n de 0\u00b0 a 340<\/li>\n \t<li>Control de inclinaci\u00f3n de -20\u00b0 a + 45\u00b0.<\/li>\n \t<li>Movimiento arriba\/abajo en el modelo de brazo articulado<\/li>\n \t<li>Ajuste del \u00e1ngulo de trabajo Inicio<\/li>\n \t<li>Suministro de agua de arranque del ventilador (motobomba\/v\u00e1lvulas solenoides)<\/li>\n \t<li>Programaci\u00f3n semanal del trabajo (3 ciclos diarios de arranque\/parada)<\/li>\n \t<li>Selecci\u00f3n activa de boquillas<\/li>\n \t<li>Encender o apagar el calentador de corona<\/li>\n \t<li>Encender o apagar la luz<\/li>\n \t<li>Encender o apagar el radiomando<\/li>\n<\/ul>\t\t\t\t\t\t\t\t<\/div>\n\t\t\t\t<\/div>\n\t\t\t\t\t<\/div>\n\t\t\t\t<\/div>\n\t\t\t\t<\/div>\n\t\t\t\t\t<\/div>\n\t\t\t\t<\/div>\n\t\t<div class=\"elementor-element elementor-element-1848a71 e-flex e-con-boxed e-con e-parent\" data-id=\"1848a71\" data-element_type=\"container\" data-e-type=\"container\" data-settings=\"{&quot;background_background&quot;:&quot;classic&quot;}\">\n\t\t\t\t\t<div class=\"e-con-inner\">\n\t\t\t\t<div class=\"elementor-element elementor-element-7cc4961 elementor-widget elementor-widget-heading\" data-id=\"7cc4961\" data-element_type=\"widget\" data-e-type=\"widget\" data-widget_type=\"heading.default\">\n\t\t\t\t<div class=\"elementor-widget-container\">\n\t\t\t\t\t<h3 class=\"elementor-heading-title elementor-size-default\">Estaci\u00f3n aut\u00f3noma en acci\u00f3n<\/h3>\t\t\t\t<\/div>\n\t\t\t\t<\/div>\n\t\t\t\t<div class=\"elementor-element elementor-element-cdb4f4c elementor-widget elementor-widget-video\" data-id=\"cdb4f4c\" data-element_type=\"widget\" data-e-type=\"widget\" data-settings=\"{&quot;youtube_url&quot;:&quot;https:\\\/\\\/www.youtube.com\\\/watch?v=noxs9WSSzFQ&quot;,&quot;loop&quot;:&quot;yes&quot;,&quot;video_type&quot;:&quot;youtube&quot;,&quot;controls&quot;:&quot;yes&quot;}\" data-widget_type=\"video.default\">\n\t\t\t\t<div class=\"elementor-widget-container\">\n\t\t\t\t\t\t\t<div class=\"elementor-wrapper elementor-open-inline\">\n\t\t\t<div class=\"elementor-video\"><\/div>\t\t<\/div>\n\t\t\t\t\t\t<\/div>\n\t\t\t\t<\/div>\n\t\t\t\t\t<\/div>\n\t\t\t\t<\/div>\n\t\t\t\t<\/div>","protected":false},"excerpt":{"rendered":"<p>Esta estaci\u00f3n aut\u00f3noma sobre una silla de ruedas es la m\u00e1s grande de su clase, dep\u00f3sito de acero de 8000 litros, generador diesel y pistola de pulverizaci\u00f3n C62 con montaje de brazo articulado.<\/p>\n<p>Un montaje a medida solicitado espec\u00edficamente por la empresa para tratar el polvo procedente de la explotaci\u00f3n de canteras.<\/p>","protected":false},"featured_media":96016,"template":"","meta":{"_acf_changed":false},"product_brand":[],"product_cat":[947],"product_tag":[],"class_list":{"0":"post-96038","1":"product","2":"type-product","3":"status-publish","4":"has-post-thumbnail","6":"product_cat-stazioni-autonome","8":"first","9":"instock","10":"taxable","11":"shipping-taxable","12":"product-type-simple"},"acf":[],"_links":{"self":[{"href":"https:\/\/cannoni-conrad.com\/es\/wp-json\/wp\/v2\/product\/96038","targetHints":{"allow":["GET"]}}],"collection":[{"href":"https:\/\/cannoni-conrad.com\/es\/wp-json\/wp\/v2\/product"}],"about":[{"href":"https:\/\/cannoni-conrad.com\/es\/wp-json\/wp\/v2\/types\/product"}],"version-history":[{"count":0,"href":"https:\/\/cannoni-conrad.com\/es\/wp-json\/wp\/v2\/product\/96038\/revisions"}],"wp:featuredmedia":[{"embeddable":true,"href":"https:\/\/cannoni-conrad.com\/es\/wp-json\/wp\/v2\/media\/96016"}],"wp:attachment":[{"href":"https:\/\/cannoni-conrad.com\/es\/wp-json\/wp\/v2\/media?parent=96038"}],"wp:term":[{"taxonomy":"product_brand","embeddable":true,"href":"https:\/\/cannoni-conrad.com\/es\/wp-json\/wp\/v2\/product_brand?post=96038"},{"taxonomy":"product_cat","embeddable":true,"href":"https:\/\/cannoni-conrad.com\/es\/wp-json\/wp\/v2\/product_cat?post=96038"},{"taxonomy":"product_tag","embeddable":true,"href":"https:\/\/cannoni-conrad.com\/es\/wp-json\/wp\/v2\/product_tag?post=96038"}],"curies":[{"name":"wp","href":"https:\/\/api.w.org\/{rel}","templated":true}]}}