{"id":96013,"date":"2025-06-15T15:19:11","date_gmt":"2025-06-15T13:19:11","guid":{"rendered":"https:\/\/cannoni-conrad.com\/?post_type=product&#038;p=96013"},"modified":"2025-06-15T15:53:24","modified_gmt":"2025-06-15T13:53:24","slug":"estacion-autonoma-15","status":"publish","type":"product","link":"https:\/\/cannoni-conrad.com\/es\/abbattimento-polveri\/stazioni-autonome\/stazione-autonoma-15\/","title":{"rendered":"Estaci\u00f3n aut\u00f3noma #15"},"content":{"rendered":"<div data-elementor-type=\"product-post\" data-elementor-id=\"96013\" class=\"elementor elementor-96013\" data-elementor-post-type=\"product\">\n\t\t\t\t<div class=\"elementor-element elementor-element-b39d362 e-flex e-con-boxed e-con e-parent\" data-id=\"b39d362\" data-element_type=\"container\" data-e-type=\"container\" data-settings=\"{&quot;background_background&quot;:&quot;classic&quot;}\">\n\t\t\t\t\t<div class=\"e-con-inner\">\n\t\t\t\t<div class=\"elementor-element elementor-element-132b238 elementor-widget elementor-widget-image\" data-id=\"132b238\" data-element_type=\"widget\" data-e-type=\"widget\" data-widget_type=\"image.default\">\n\t\t\t\t<div class=\"elementor-widget-container\">\n\t\t\t\t\t\t\t\t\t\t\t\t\t\t\t<img decoding=\"async\" width=\"1024\" height=\"768\" src=\"https:\/\/cannoni-conrad.com\/wp-content\/uploads\/2022\/04\/C42-promisa-Media.jpg\" class=\"attachment-full size-full wp-image-89300\" alt=\"\" srcset=\"https:\/\/cannoni-conrad.com\/wp-content\/uploads\/2022\/04\/C42-promisa-Media.jpg 1024w, https:\/\/cannoni-conrad.com\/wp-content\/uploads\/2022\/04\/C42-promisa-Media-800x600.jpg 800w, https:\/\/cannoni-conrad.com\/wp-content\/uploads\/2022\/04\/C42-promisa-Media-768x576.jpg 768w, https:\/\/cannoni-conrad.com\/wp-content\/uploads\/2022\/04\/C42-promisa-Media-16x12.jpg 16w\" sizes=\"(max-width: 1024px) 100vw, 1024px\" \/>\t\t\t\t\t\t\t\t\t\t\t\t\t\t\t<\/div>\n\t\t\t\t<\/div>\n\t\t\t\t<div class=\"elementor-element elementor-element-cd0ef88 elementor-widget elementor-widget-heading\" data-id=\"cd0ef88\" data-element_type=\"widget\" data-e-type=\"widget\" data-widget_type=\"heading.default\">\n\t\t\t\t<div class=\"elementor-widget-container\">\n\t\t\t\t\t<h3 class=\"elementor-heading-title elementor-size-default\">ESTACI\u00d3N DE SUPRESI\u00d3N DE POLVO A MEDIDA<\/h3>\t\t\t\t<\/div>\n\t\t\t\t<\/div>\n\t\t\t\t<div class=\"elementor-element elementor-element-eaf5349 elementor-widget elementor-widget-text-editor\" data-id=\"eaf5349\" data-element_type=\"widget\" data-e-type=\"widget\" data-widget_type=\"text-editor.default\">\n\t\t\t\t<div class=\"elementor-widget-container\">\n\t\t\t\t\t\t\t\t\t<p>Las estaciones de reducci\u00f3n de polvo CONRAD montadas sobre patines galvanizados son sistemas avanzados de control de polvo capaces de resolver los problemas de emisiones polvorientas y olores desagradables de las obras de construcci\u00f3n, vertederos, zonas de recuperaci\u00f3n, vertederos de residuos y compostaje.<\/p><p>La estaci\u00f3n de desempolvado aut\u00f3noma puede transportarse f\u00e1cilmente gracias a los bolsillos para carretillas elevadoras.<\/p>\t\t\t\t\t\t\t\t<\/div>\n\t\t\t\t<\/div>\n\t\t<div class=\"elementor-element elementor-element-663d943 e-grid e-con-full e-con e-child\" data-id=\"663d943\" data-element_type=\"container\" data-e-type=\"container\">\n\t\t<div class=\"elementor-element elementor-element-cd79c53 e-flex e-con-boxed e-con e-child\" data-id=\"cd79c53\" data-element_type=\"container\" data-e-type=\"container\" data-settings=\"{&quot;background_background&quot;:&quot;classic&quot;}\">\n\t\t\t\t\t<div class=\"e-con-inner\">\n\t\t\t\t<div class=\"elementor-element elementor-element-21a56ed elementor-widget elementor-widget-image\" data-id=\"21a56ed\" data-element_type=\"widget\" data-e-type=\"widget\" data-widget_type=\"image.default\">\n\t\t\t\t<div class=\"elementor-widget-container\">\n\t\t\t\t\t\t\t\t\t\t\t\t\t\t\t<img decoding=\"async\" width=\"650\" height=\"488\" src=\"https:\/\/cannoni-conrad.com\/wp-content\/uploads\/2021\/11\/IMG_20171010_165746-Medium.jpg\" class=\"attachment-medium size-medium wp-image-87918\" alt=\"\" srcset=\"https:\/\/cannoni-conrad.com\/wp-content\/uploads\/2021\/11\/IMG_20171010_165746-Medium.jpg 1024w, https:\/\/cannoni-conrad.com\/wp-content\/uploads\/2021\/11\/IMG_20171010_165746-Medium-800x600.jpg 800w, https:\/\/cannoni-conrad.com\/wp-content\/uploads\/2021\/11\/IMG_20171010_165746-Medium-768x576.jpg 768w, https:\/\/cannoni-conrad.com\/wp-content\/uploads\/2021\/11\/IMG_20171010_165746-Medium-16x12.jpg 16w\" sizes=\"(max-width: 650px) 100vw, 650px\" \/>\t\t\t\t\t\t\t\t\t\t\t\t\t\t\t<\/div>\n\t\t\t\t<\/div>\n\t\t\t\t<div class=\"elementor-element elementor-element-3bf5c63 elementor-widget elementor-widget-heading\" data-id=\"3bf5c63\" data-element_type=\"widget\" data-e-type=\"widget\" data-widget_type=\"heading.default\">\n\t\t\t\t<div class=\"elementor-widget-container\">\n\t\t\t\t\t<h2 class=\"elementor-heading-title elementor-size-default\">PISTOLA DE PULVERIZACI\u00d3N CONTROLADA POR PLC<\/h2>\t\t\t\t<\/div>\n\t\t\t\t<\/div>\n\t\t\t\t<div class=\"elementor-element elementor-element-d6b2c24 elementor-widget elementor-widget-text-editor\" data-id=\"d6b2c24\" data-element_type=\"widget\" data-e-type=\"widget\" data-widget_type=\"text-editor.default\">\n\t\t\t\t<div class=\"elementor-widget-container\">\n\t\t\t\t\t\t\t\t\t<ul>\n \t<li>Control de rotaci\u00f3n de 0\u00b0 a 340<\/li>\n \t<li>Control de inclinaci\u00f3n de -20\u00b0 a + 45\u00b0.<\/li>\n \t<li>Movimiento arriba\/abajo en el modelo de brazo articulado<\/li>\n \t<li>Ajuste del \u00e1ngulo de trabajo Inicio<\/li>\n \t<li>Suministro de agua de arranque del ventilador (motobomba\/v\u00e1lvulas solenoides)<\/li>\n \t<li>Programaci\u00f3n semanal del trabajo (3 ciclos diarios de arranque\/parada)<\/li>\n \t<li>Selecci\u00f3n activa de boquillas<\/li>\n \t<li>Encender o apagar el calentador de corona<\/li>\n \t<li>Encender o apagar la calefacci\u00f3n del faro<\/li>\n \t<li>Encender o apagar el calefactor por radiocontrol<\/li>\n<\/ul>\t\t\t\t\t\t\t\t<\/div>\n\t\t\t\t<\/div>\n\t\t\t\t\t<\/div>\n\t\t\t\t<\/div>\n\t\t<div class=\"elementor-element elementor-element-5885cf6 e-flex e-con-boxed e-con e-child\" data-id=\"5885cf6\" data-element_type=\"container\" data-e-type=\"container\" data-settings=\"{&quot;background_background&quot;:&quot;classic&quot;}\">\n\t\t\t\t\t<div class=\"e-con-inner\">\n\t\t\t\t<div class=\"elementor-element elementor-element-8c741e6 elementor-widget elementor-widget-image\" data-id=\"8c741e6\" data-element_type=\"widget\" data-e-type=\"widget\" data-widget_type=\"image.default\">\n\t\t\t\t<div class=\"elementor-widget-container\">\n\t\t\t\t\t\t\t\t\t\t\t\t\t\t\t<img decoding=\"async\" width=\"600\" height=\"600\" src=\"https:\/\/cannoni-conrad.com\/wp-content\/uploads\/2022\/04\/c42-stazione-abbattimento-polveri-Promisa.jpg\" class=\"attachment-large size-large wp-image-92190\" alt=\"\" srcset=\"https:\/\/cannoni-conrad.com\/wp-content\/uploads\/2022\/04\/c42-stazione-abbattimento-polveri-Promisa.jpg 600w, https:\/\/cannoni-conrad.com\/wp-content\/uploads\/2022\/04\/c42-stazione-abbattimento-polveri-Promisa-500x500.jpg 500w, https:\/\/cannoni-conrad.com\/wp-content\/uploads\/2022\/04\/c42-stazione-abbattimento-polveri-Promisa-100x100.jpg 100w, https:\/\/cannoni-conrad.com\/wp-content\/uploads\/2022\/04\/c42-stazione-abbattimento-polveri-Promisa-12x12.jpg 12w\" sizes=\"(max-width: 600px) 100vw, 600px\" \/>\t\t\t\t\t\t\t\t\t\t\t\t\t\t\t<\/div>\n\t\t\t\t<\/div>\n\t\t\t\t<div class=\"elementor-element elementor-element-6148bdd elementor-widget elementor-widget-heading\" data-id=\"6148bdd\" data-element_type=\"widget\" data-e-type=\"widget\" data-widget_type=\"heading.default\">\n\t\t\t\t<div class=\"elementor-widget-container\">\n\t\t\t\t\t<h2 class=\"elementor-heading-title elementor-size-default\">CA\u00d1\u00d3N CONRAD CON BRAZO ARTICULADO<\/h2>\t\t\t\t<\/div>\n\t\t\t\t<\/div>\n\t\t\t\t<div class=\"elementor-element elementor-element-8cd0a16 elementor-widget elementor-widget-text-editor\" data-id=\"8cd0a16\" data-element_type=\"widget\" data-e-type=\"widget\" data-widget_type=\"text-editor.default\">\n\t\t\t\t<div class=\"elementor-widget-container\">\n\t\t\t\t\t\t\t\t\t<p>Nuestro equipo de pulverizaci\u00f3n con brazo articulado se encuentra entre los mejor equipados del sector, tiene un alcance que permite a la turbina alcanzar una altura de aproximadamente 5,5 m. En la parte superior, la corona giratoria se encarga de la rotaci\u00f3n para orientar la pulverizaci\u00f3n con precisi\u00f3n y el motor de inclinaci\u00f3n permite inclinar la pulverizaci\u00f3n de -10\u00b0 a + 45\u00b0.\u00a0\u00a0<\/p><p>El equipamiento previsto del pulverizador sobre un brazo articulado\/pan\u00f3grafo permite que la pistola se eleve por encima de maquinaria como cribas, trituradoras, cintas transportadoras y tolvas de descarga que generan polvo y olores, actuando de arriba hacia abajo y reduciendo a\u00fan m\u00e1s f\u00e1cilmente las emisiones que se quieren controlar y reducir.<\/p>\t\t\t\t\t\t\t\t<\/div>\n\t\t\t\t<\/div>\n\t\t\t\t\t<\/div>\n\t\t\t\t<\/div>\n\t\t\t\t<\/div>\n\t\t\t\t\t<\/div>\n\t\t\t\t<\/div>\n\t\t<div class=\"elementor-element elementor-element-6a0d97b e-flex e-con-boxed e-con e-parent\" data-id=\"6a0d97b\" data-element_type=\"container\" data-e-type=\"container\" data-settings=\"{&quot;background_background&quot;:&quot;classic&quot;}\">\n\t\t\t\t\t<div class=\"e-con-inner\">\n\t\t\t\t<div class=\"elementor-element elementor-element-2c8947d elementor-widget elementor-widget-heading\" data-id=\"2c8947d\" data-element_type=\"widget\" data-e-type=\"widget\" data-widget_type=\"heading.default\">\n\t\t\t\t<div class=\"elementor-widget-container\">\n\t\t\t\t\t<h2 class=\"elementor-heading-title elementor-size-default\">Estaci\u00f3n en acci\u00f3n:<\/h2>\t\t\t\t<\/div>\n\t\t\t\t<\/div>\n\t\t\t\t<div class=\"elementor-element elementor-element-2bad00f elementor-widget elementor-widget-video\" data-id=\"2bad00f\" data-element_type=\"widget\" data-e-type=\"widget\" data-settings=\"{&quot;youtube_url&quot;:&quot;https:\\\/\\\/www.youtube.com\\\/watch?v=y_rrKamXhLo&quot;,&quot;video_type&quot;:&quot;youtube&quot;,&quot;controls&quot;:&quot;yes&quot;}\" data-widget_type=\"video.default\">\n\t\t\t\t<div class=\"elementor-widget-container\">\n\t\t\t\t\t\t\t<div class=\"elementor-wrapper elementor-open-inline\">\n\t\t\t<div class=\"elementor-video\"><\/div>\t\t<\/div>\n\t\t\t\t\t\t<\/div>\n\t\t\t\t<\/div>\n\t\t\t\t\t<\/div>\n\t\t\t\t<\/div>\n\t\t\t\t<\/div>","protected":false},"excerpt":{"rendered":"<p>La mejor soluci\u00f3n para la supresi\u00f3n de polvo y olores en vertederos y plantas de reciclaje de residuos, minimizando el consumo de agua<\/p>\n<p>M\u00e1s de 40 m de chorro impulsado por una bomba de alta presi\u00f3n de gran calidad.<\/p>","protected":false},"featured_media":96019,"template":"","meta":{"_acf_changed":false},"product_brand":[],"product_cat":[947],"product_tag":[],"class_list":{"0":"post-96013","1":"product","2":"type-product","3":"status-publish","4":"has-post-thumbnail","6":"product_cat-stazioni-autonome","8":"first","9":"instock","10":"taxable","11":"shipping-taxable","12":"product-type-simple"},"acf":[],"_links":{"self":[{"href":"https:\/\/cannoni-conrad.com\/es\/wp-json\/wp\/v2\/product\/96013","targetHints":{"allow":["GET"]}}],"collection":[{"href":"https:\/\/cannoni-conrad.com\/es\/wp-json\/wp\/v2\/product"}],"about":[{"href":"https:\/\/cannoni-conrad.com\/es\/wp-json\/wp\/v2\/types\/product"}],"version-history":[{"count":0,"href":"https:\/\/cannoni-conrad.com\/es\/wp-json\/wp\/v2\/product\/96013\/revisions"}],"wp:featuredmedia":[{"embeddable":true,"href":"https:\/\/cannoni-conrad.com\/es\/wp-json\/wp\/v2\/media\/96019"}],"wp:attachment":[{"href":"https:\/\/cannoni-conrad.com\/es\/wp-json\/wp\/v2\/media?parent=96013"}],"wp:term":[{"taxonomy":"product_brand","embeddable":true,"href":"https:\/\/cannoni-conrad.com\/es\/wp-json\/wp\/v2\/product_brand?post=96013"},{"taxonomy":"product_cat","embeddable":true,"href":"https:\/\/cannoni-conrad.com\/es\/wp-json\/wp\/v2\/product_cat?post=96013"},{"taxonomy":"product_tag","embeddable":true,"href":"https:\/\/cannoni-conrad.com\/es\/wp-json\/wp\/v2\/product_tag?post=96013"}],"curies":[{"name":"wp","href":"https:\/\/api.w.org\/{rel}","templated":true}]}}