{"id":95977,"date":"2025-06-15T10:20:16","date_gmt":"2025-06-15T08:20:16","guid":{"rendered":"https:\/\/cannoni-conrad.com\/?post_type=product&#038;p=95977"},"modified":"2025-06-15T10:31:08","modified_gmt":"2025-06-15T08:31:08","slug":"estacion-autonoma-07","status":"publish","type":"product","link":"https:\/\/cannoni-conrad.com\/es\/abbattimento-polveri\/stazioni-autonome\/stazione-autonoma-07\/","title":{"rendered":"Estaci\u00f3n aut\u00f3noma #07"},"content":{"rendered":"<div data-elementor-type=\"product-post\" data-elementor-id=\"95977\" class=\"elementor elementor-95977\" data-elementor-post-type=\"product\">\n\t\t\t\t<div class=\"elementor-element elementor-element-ec8d868 e-flex e-con-boxed e-con e-parent\" data-id=\"ec8d868\" data-element_type=\"container\" data-e-type=\"container\" data-settings=\"{&quot;background_background&quot;:&quot;classic&quot;}\">\n\t\t\t\t\t<div class=\"e-con-inner\">\n\t\t\t\t<div class=\"elementor-element elementor-element-3a0a46a animated-fast elementor-invisible elementor-widget elementor-widget-heading\" data-id=\"3a0a46a\" data-element_type=\"widget\" data-e-type=\"widget\" data-settings=\"{&quot;_animation&quot;:&quot;fadeInLeft&quot;,&quot;_animation_delay&quot;:200}\" data-widget_type=\"heading.default\">\n\t\t\t\t<div class=\"elementor-widget-container\">\n\t\t\t\t\t<h2 class=\"elementor-heading-title elementor-size-default\">Montajes<\/h2>\t\t\t\t<\/div>\n\t\t\t\t<\/div>\n\t\t<div class=\"elementor-element elementor-element-25317d2 e-grid e-con-full e-con e-child\" data-id=\"25317d2\" data-element_type=\"container\" data-e-type=\"container\">\n\t\t<div class=\"elementor-element elementor-element-b88c244 e-flex e-con-boxed e-con e-child\" data-id=\"b88c244\" data-element_type=\"container\" data-e-type=\"container\" data-settings=\"{&quot;background_background&quot;:&quot;classic&quot;}\">\n\t\t\t\t\t<div class=\"e-con-inner\">\n\t\t\t\t<div class=\"elementor-element elementor-element-9181bc6 elementor-widget elementor-widget-image\" data-id=\"9181bc6\" data-element_type=\"widget\" data-e-type=\"widget\" data-widget_type=\"image.default\">\n\t\t\t\t<div class=\"elementor-widget-container\">\n\t\t\t\t\t\t\t\t\t\t\t\t\t\t\t<img decoding=\"async\" width=\"600\" height=\"600\" src=\"https:\/\/cannoni-conrad.com\/wp-content\/uploads\/2020\/07\/c62-su-palo-scontorno.jpg\" class=\"attachment-medium size-medium wp-image-85094\" alt=\"\" srcset=\"https:\/\/cannoni-conrad.com\/wp-content\/uploads\/2020\/07\/c62-su-palo-scontorno.jpg 600w, https:\/\/cannoni-conrad.com\/wp-content\/uploads\/2020\/07\/c62-su-palo-scontorno-500x500.jpg 500w, https:\/\/cannoni-conrad.com\/wp-content\/uploads\/2020\/07\/c62-su-palo-scontorno-100x100.jpg 100w, https:\/\/cannoni-conrad.com\/wp-content\/uploads\/2020\/07\/c62-su-palo-scontorno-12x12.jpg 12w\" sizes=\"(max-width: 600px) 100vw, 600px\" \/>\t\t\t\t\t\t\t\t\t\t\t\t\t\t\t<\/div>\n\t\t\t\t<\/div>\n\t\t\t\t<div class=\"elementor-element elementor-element-6eb3408 elementor-widget elementor-widget-heading\" data-id=\"6eb3408\" data-element_type=\"widget\" data-e-type=\"widget\" data-widget_type=\"heading.default\">\n\t\t\t\t<div class=\"elementor-widget-container\">\n\t\t\t\t\t<h4 class=\"elementor-heading-title elementor-size-large\">SOBRE POSTE GALVANIZADO<\/h4>\t\t\t\t<\/div>\n\t\t\t\t<\/div>\n\t\t\t\t<div class=\"elementor-element elementor-element-e668fa3 elementor-widget elementor-widget-text-editor\" data-id=\"e668fa3\" data-element_type=\"widget\" data-e-type=\"widget\" data-widget_type=\"text-editor.default\">\n\t\t\t\t<div class=\"elementor-widget-container\">\n\t\t\t\t\t\t\t\t\t<p>Pulverizador CONRAD C62 montado sobre poste galvanizado con corona giratoria motorizada con ajuste programable mediante PLC, adecuado para trabajos de reducci\u00f3n de polvo en emplazamientos fijos y\/o de larga duraci\u00f3n.\u00a0<\/p><p>En esta versi\u00f3n, el ca\u00f1\u00f3n tambi\u00e9n se puede separar para colocarlo sobre z\u00f3calos preexistentes, sobre barreras o sujeto con abrazaderas en paredes. La unidad de control se instalar\u00e1 en una zona accesible para el personal de control.<\/p><p><strong>Dimensiones<\/strong>150 x 120 x 220 cm<\/p><p><strong>Peso:<\/strong> 450 kg<\/p>\t\t\t\t\t\t\t\t<\/div>\n\t\t\t\t<\/div>\n\t\t\t\t\t<\/div>\n\t\t\t\t<\/div>\n\t\t<div class=\"elementor-element elementor-element-c6112e9 e-flex e-con-boxed e-con e-child\" data-id=\"c6112e9\" data-element_type=\"container\" data-e-type=\"container\" data-settings=\"{&quot;background_background&quot;:&quot;classic&quot;}\">\n\t\t\t\t\t<div class=\"e-con-inner\">\n\t\t\t\t<div class=\"elementor-element elementor-element-401b60c elementor-widget elementor-widget-image\" data-id=\"401b60c\" data-element_type=\"widget\" data-e-type=\"widget\" data-widget_type=\"image.default\">\n\t\t\t\t<div class=\"elementor-widget-container\">\n\t\t\t\t\t\t\t\t\t\t\t\t\t\t\t<img decoding=\"async\" width=\"600\" height=\"600\" src=\"https:\/\/cannoni-conrad.com\/wp-content\/uploads\/2020\/07\/c62-su-carrello-scontorno.jpg\" class=\"attachment-medium size-medium wp-image-85096\" alt=\"\" srcset=\"https:\/\/cannoni-conrad.com\/wp-content\/uploads\/2020\/07\/c62-su-carrello-scontorno.jpg 600w, https:\/\/cannoni-conrad.com\/wp-content\/uploads\/2020\/07\/c62-su-carrello-scontorno-500x500.jpg 500w, https:\/\/cannoni-conrad.com\/wp-content\/uploads\/2020\/07\/c62-su-carrello-scontorno-100x100.jpg 100w, https:\/\/cannoni-conrad.com\/wp-content\/uploads\/2020\/07\/c62-su-carrello-scontorno-12x12.jpg 12w\" sizes=\"(max-width: 600px) 100vw, 600px\" \/>\t\t\t\t\t\t\t\t\t\t\t\t\t\t\t<\/div>\n\t\t\t\t<\/div>\n\t\t\t\t<div class=\"elementor-element elementor-element-2f61475 elementor-widget elementor-widget-heading\" data-id=\"2f61475\" data-element_type=\"widget\" data-e-type=\"widget\" data-widget_type=\"heading.default\">\n\t\t\t\t<div class=\"elementor-widget-container\">\n\t\t\t\t\t<h4 class=\"elementor-heading-title elementor-size-large\">EN CARRITO<\/h4>\t\t\t\t<\/div>\n\t\t\t\t<\/div>\n\t\t\t\t<div class=\"elementor-element elementor-element-ac475f8 elementor-widget elementor-widget-text-editor\" data-id=\"ac475f8\" data-element_type=\"widget\" data-e-type=\"widget\" data-widget_type=\"text-editor.default\">\n\t\t\t\t<div class=\"elementor-widget-container\">\n\t\t\t\t\t\t\t\t\t<p>El sistema de supresi\u00f3n de polvo sobre ruedas CONRAD C62 es adecuado para situaciones en las que el lugar de origen del polvo es variable, por ejemplo en trabajos de demolici\u00f3n, canteras o t\u00faneles. Los pulverizadores sobre ruedas se encuentran entre los m\u00e1s populares en las flotas de alquiler. Cannons Conrad dispone de dos modelos con 2 \u00f3 3 ruedas neum\u00e1ticas, y en ambos casos siempre hay bolsillos para elevarlos con una carretilla elevadora.<\/p><p><strong>Dimensiones compactas del carro:<\/strong> 155 x 210 x 240 cm - kg 620<\/p><p><strong>Dimensiones del carro ancho:<\/strong> 325 x 210 x 240 cm - kg 620<\/p>\t\t\t\t\t\t\t\t<\/div>\n\t\t\t\t<\/div>\n\t\t\t\t\t<\/div>\n\t\t\t\t<\/div>\n\t\t<div class=\"elementor-element elementor-element-833bac0 e-flex e-con-boxed e-con e-child\" data-id=\"833bac0\" data-element_type=\"container\" data-e-type=\"container\" data-settings=\"{&quot;background_background&quot;:&quot;classic&quot;}\">\n\t\t\t\t\t<div class=\"e-con-inner\">\n\t\t\t\t<div class=\"elementor-element elementor-element-9bba2d6 elementor-widget elementor-widget-image\" data-id=\"9bba2d6\" data-element_type=\"widget\" data-e-type=\"widget\" data-widget_type=\"image.default\">\n\t\t\t\t<div class=\"elementor-widget-container\">\n\t\t\t\t\t\t\t\t\t\t\t\t\t\t\t<img decoding=\"async\" width=\"650\" height=\"488\" src=\"https:\/\/cannoni-conrad.com\/wp-content\/uploads\/2020\/12\/C62-articolato-scontorno.jpg\" class=\"attachment-medium size-medium wp-image-87856\" alt=\"\" srcset=\"https:\/\/cannoni-conrad.com\/wp-content\/uploads\/2020\/12\/C62-articolato-scontorno.jpg 1600w, https:\/\/cannoni-conrad.com\/wp-content\/uploads\/2020\/12\/C62-articolato-scontorno-800x600.jpg 800w, https:\/\/cannoni-conrad.com\/wp-content\/uploads\/2020\/12\/C62-articolato-scontorno-768x576.jpg 768w, https:\/\/cannoni-conrad.com\/wp-content\/uploads\/2020\/12\/C62-articolato-scontorno-1536x1152.jpg 1536w, https:\/\/cannoni-conrad.com\/wp-content\/uploads\/2020\/12\/C62-articolato-scontorno-16x12.jpg 16w\" sizes=\"(max-width: 650px) 100vw, 650px\" \/>\t\t\t\t\t\t\t\t\t\t\t\t\t\t\t<\/div>\n\t\t\t\t<\/div>\n\t\t\t\t<div class=\"elementor-element elementor-element-b4f5b75 elementor-widget elementor-widget-heading\" data-id=\"b4f5b75\" data-element_type=\"widget\" data-e-type=\"widget\" data-widget_type=\"heading.default\">\n\t\t\t\t<div class=\"elementor-widget-container\">\n\t\t\t\t\t<h4 class=\"elementor-heading-title elementor-size-large\">EN BRAZO ARTICULADO<\/h4>\t\t\t\t<\/div>\n\t\t\t\t<\/div>\n\t\t\t\t<div class=\"elementor-element elementor-element-67c7e69 elementor-widget elementor-widget-text-editor\" data-id=\"67c7e69\" data-element_type=\"widget\" data-e-type=\"widget\" data-widget_type=\"text-editor.default\">\n\t\t\t\t<div class=\"elementor-widget-container\">\n\t\t\t\t\t\t\t\t\t<p>La pistola CONRAD C62 tambi\u00e9n est\u00e1 montada sobre un brazo articulado y es capaz de alcanzar hasta 5,5 metros de altura para situarse en una posici\u00f3n favorable con respecto al punto de origen del polvo, golpe\u00e1ndolo desde arriba y haciendo que caiga r\u00e1pidamente.<\/p><p><strong>Dimensiones:<\/strong> 120 x 260 x 212 cm - 700 kg<\/p>\t\t\t\t\t\t\t\t<\/div>\n\t\t\t\t<\/div>\n\t\t\t\t\t<\/div>\n\t\t\t\t<\/div>\n\t\t\t\t<\/div>\n\t\t\t\t\t<\/div>\n\t\t\t\t<\/div>\n\t\t<div class=\"elementor-element elementor-element-727fb0e e-flex e-con-boxed e-con e-parent\" data-id=\"727fb0e\" data-element_type=\"container\" data-e-type=\"container\">\n\t\t\t\t\t<div class=\"e-con-inner\">\n\t\t\t\t<div class=\"elementor-element elementor-element-c423229 elementor-widget elementor-widget-heading\" data-id=\"c423229\" data-element_type=\"widget\" data-e-type=\"widget\" data-widget_type=\"heading.default\">\n\t\t\t\t<div class=\"elementor-widget-container\">\n\t\t\t\t\t<h3 class=\"elementor-heading-title elementor-size-default\">Automatizaciones y opciones<\/h3>\t\t\t\t<\/div>\n\t\t\t\t<\/div>\n\t\t<div class=\"elementor-element elementor-element-5bd167d e-grid e-con-full e-con e-child\" data-id=\"5bd167d\" data-element_type=\"container\" data-e-type=\"container\">\n\t\t<div class=\"elementor-element elementor-element-dc4c288 e-flex e-con-boxed e-con e-child\" data-id=\"dc4c288\" data-element_type=\"container\" data-e-type=\"container\" data-settings=\"{&quot;background_background&quot;:&quot;classic&quot;}\">\n\t\t\t\t\t<div class=\"e-con-inner\">\n\t\t\t\t<div class=\"elementor-element elementor-element-acb0ec5 elementor-widget elementor-widget-heading\" data-id=\"acb0ec5\" data-element_type=\"widget\" data-e-type=\"widget\" data-widget_type=\"heading.default\">\n\t\t\t\t<div class=\"elementor-widget-container\">\n\t\t\t\t\t<h2 class=\"elementor-heading-title elementor-size-default\">Automatizaciones<\/h2>\t\t\t\t<\/div>\n\t\t\t\t<\/div>\n\t\t\t\t<div class=\"elementor-element elementor-element-162c42c elementor-widget elementor-widget-text-editor\" data-id=\"162c42c\" data-element_type=\"widget\" data-e-type=\"widget\" data-widget_type=\"text-editor.default\">\n\t\t\t\t<div class=\"elementor-widget-container\">\n\t\t\t\t\t\t\t\t\t<ul><li><strong>Pi\u00f1\u00f3n de aluminio calentado<\/strong> con resistencia el\u00e9ctrica para un funcionamiento bajo cero.<\/li><li><b>Panel PLC integrado con pantalla t\u00e1ctil<\/b><ul><li>control de rotaci\u00f3n de 0\u00b0 a 340\u00b0;<\/li><li>\u00e1ngulo de trabajo de -20\u00b0 a + 45\u00b0;<\/li><li>boquillas activas seleccionables;<\/li><li>Brazo articulado con movimiento arriba\/abajo;<\/li><li>Programaci\u00f3n semanal del trabajo (3 ciclos diarios de arranque\/parada)<\/li><\/ul><\/li><li><strong>Drenaje autom\u00e1tico del agua<\/strong> (funci\u00f3n excluible)<\/li><li><strong>Tipo de atomizaci\u00f3n<\/strong><ul><li>atomizaci\u00f3n fina de alta presi\u00f3n (para polvo de madera o similar)<\/li><li>spray m\u00e1s grueso (perfecto para la demolici\u00f3n)<\/li><\/ul><\/li><\/ul>\t\t\t\t\t\t\t\t<\/div>\n\t\t\t\t<\/div>\n\t\t\t\t\t<\/div>\n\t\t\t\t<\/div>\n\t\t<div class=\"elementor-element elementor-element-2274d13 e-flex e-con-boxed e-con e-child\" data-id=\"2274d13\" data-element_type=\"container\" data-e-type=\"container\" data-settings=\"{&quot;background_background&quot;:&quot;classic&quot;}\">\n\t\t\t\t\t<div class=\"e-con-inner\">\n\t\t\t\t<div class=\"elementor-element elementor-element-8a0bb97 elementor-widget elementor-widget-heading\" data-id=\"8a0bb97\" data-element_type=\"widget\" data-e-type=\"widget\" data-widget_type=\"heading.default\">\n\t\t\t\t<div class=\"elementor-widget-container\">\n\t\t\t\t\t<h2 class=\"elementor-heading-title elementor-size-default\">Ca\u00f1ones y agua de Conrad<\/h2>\t\t\t\t<\/div>\n\t\t\t\t<\/div>\n\t\t\t\t<div class=\"elementor-element elementor-element-38370d2 elementor-widget elementor-widget-text-editor\" data-id=\"38370d2\" data-element_type=\"widget\" data-e-type=\"widget\" data-widget_type=\"text-editor.default\">\n\t\t\t\t<div class=\"elementor-widget-container\">\n\t\t\t\t\t\t\t\t\t<ul><li><p id=\"tw-target-text\" dir=\"ltr\" data-placeholder=\"Traduzione\">El sistema de filtraci\u00f3n CONRAD para el agua entrante es el mejor del mercado y utiliza un\u00a0<strong class=\"rich-node rich-node1\" data-toggle=\"tooltip\" data-placement=\"top\" data-original-title=\"Mark up: strong\"><span class=\"rich-node rich-node2\" data-toggle=\"tooltip\" data-placement=\"top\" data-original-title=\"Mark up: span\">Cartucho filtrante de acero inoxidable, longitud 500 mm x di\u00e1metro 80 mm. Filtro inspeccionable de triple malla de acero inoxidable.<\/span><\/strong><\/p><p dir=\"ltr\" data-placeholder=\"Traduzione\"><span lang=\"en\">Esto le permite utilizar cualquier tipo de agua para alimentar el ca\u00f1\u00f3n: industrial, de pozo, de anillo VVF, de depuradora, de acueducto, de recogida de lluvia...<\/span><\/p><p dir=\"ltr\" data-placeholder=\"Traduzione\"><span lang=\"en\">Todos los ca\u00f1ones CONRAD est\u00e1n equipados con una bomba vertical y autocebante para la alimentaci\u00f3n por gravedad, por lo que no necesitan presi\u00f3n de entrada de agua.<\/span><\/p><\/li><\/ul>\t\t\t\t\t\t\t\t<\/div>\n\t\t\t\t<\/div>\n\t\t\t\t\t<\/div>\n\t\t\t\t<\/div>\n\t\t<div class=\"elementor-element elementor-element-a5c59e2 e-flex e-con-boxed e-con e-child\" data-id=\"a5c59e2\" data-element_type=\"container\" data-e-type=\"container\" data-settings=\"{&quot;background_background&quot;:&quot;classic&quot;}\">\n\t\t\t\t\t<div class=\"e-con-inner\">\n\t\t\t\t<div class=\"elementor-element elementor-element-76b05bd elementor-widget elementor-widget-heading\" data-id=\"76b05bd\" data-element_type=\"widget\" data-e-type=\"widget\" data-widget_type=\"heading.default\">\n\t\t\t\t<div class=\"elementor-widget-container\">\n\t\t\t\t\t<h2 class=\"elementor-heading-title elementor-size-default\">Opcional<\/h2>\t\t\t\t<\/div>\n\t\t\t\t<\/div>\n\t\t\t\t<div class=\"elementor-element elementor-element-358285c elementor-widget elementor-widget-text-editor\" data-id=\"358285c\" data-element_type=\"widget\" data-e-type=\"widget\" data-widget_type=\"text-editor.default\">\n\t\t\t\t<div class=\"elementor-widget-container\">\n\t\t\t\t\t\t\t\t\t<ul><li><strong>Supresi\u00f3n de olores<\/strong>: bomba dosificadora el\u00e9ctrica para mezclar el producto qu\u00edmico de control de olores (producto qu\u00edmico no incluido)<\/li><li><strong>Mando a distancia por radio ON-OFF<\/strong> con 12 teclas de funci\u00f3n, cargador de bater\u00eda. Alcance 100 m.<\/li><li>Anem\u00f3metro integrado con PLC.<\/li><li><strong>Color de turbina personalizado.<\/strong><\/li><li><strong>Componentes Atex a petici\u00f3n seg\u00fan el nivel requerido.<\/strong><\/li><\/ul>\t\t\t\t\t\t\t\t<\/div>\n\t\t\t\t<\/div>\n\t\t\t\t\t<\/div>\n\t\t\t\t<\/div>\n\t\t\t\t<\/div>\n\t\t\t\t\t<\/div>\n\t\t\t\t<\/div>\n\t\t<div class=\"elementor-element elementor-element-376f98c e-flex e-con-boxed e-con e-parent\" data-id=\"376f98c\" data-element_type=\"container\" data-e-type=\"container\">\n\t\t\t\t\t<div class=\"e-con-inner\">\n\t\t\t\t<div class=\"elementor-element elementor-element-a32946f elementor-widget elementor-widget-heading\" data-id=\"a32946f\" data-element_type=\"widget\" data-e-type=\"widget\" data-widget_type=\"heading.default\">\n\t\t\t\t<div class=\"elementor-widget-container\">\n\t\t\t\t\t<h3 class=\"elementor-heading-title elementor-size-default\">Aplicaciones reales\n<\/h3>\t\t\t\t<\/div>\n\t\t\t\t<\/div>\n\t\t\t\t<div class=\"elementor-element elementor-element-e8b880f elementor-posts--align-left elementor-grid-widescreen-4 elementor-grid-3 elementor-grid-tablet-2 elementor-grid-mobile-1 elementor-posts--thumbnail-top elementor-widget elementor-widget-posts\" data-id=\"e8b880f\" data-element_type=\"widget\" data-e-type=\"widget\" data-settings=\"{&quot;classic_row_gap&quot;:{&quot;unit&quot;:&quot;px&quot;,&quot;size&quot;:20,&quot;sizes&quot;:[]},&quot;classic_columns_widescreen&quot;:&quot;4&quot;,&quot;classic_columns&quot;:&quot;3&quot;,&quot;classic_columns_tablet&quot;:&quot;2&quot;,&quot;classic_columns_mobile&quot;:&quot;1&quot;,&quot;classic_row_gap_widescreen&quot;:{&quot;unit&quot;:&quot;px&quot;,&quot;size&quot;:&quot;&quot;,&quot;sizes&quot;:[]},&quot;classic_row_gap_tablet&quot;:{&quot;unit&quot;:&quot;px&quot;,&quot;size&quot;:&quot;&quot;,&quot;sizes&quot;:[]},&quot;classic_row_gap_mobile&quot;:{&quot;unit&quot;:&quot;px&quot;,&quot;size&quot;:&quot;&quot;,&quot;sizes&quot;:[]}}\" data-widget_type=\"posts.classic\">\n\t\t\t\t<div class=\"elementor-widget-container\">\n\t\t\t\t\t\t\t<div class=\"elementor-posts-container elementor-posts elementor-posts--skin-classic elementor-grid\" role=\"list\">\n\t\t\t\t<article class=\"elementor-post elementor-grid-item post-86532 post type-post status-publish format-standard has-post-thumbnail hentry category-conrad-c62 category-sistemi-elettronici\" role=\"listitem\">\n\t\t\t\t<a class=\"elementor-post__thumbnail__link\" href=\"https:\/\/cannoni-conrad.com\/es\/stories\/lavorazione-del-legno-con-conrad-c62-urbania\/\" tabindex=\"-1\" >\n\t\t\t<div class=\"elementor-post__thumbnail\"><img decoding=\"async\" width=\"927\" height=\"620\" src=\"https:\/\/cannoni-conrad.com\/wp-content\/uploads\/2020\/12\/Lavorazione-del-Legno-con-CONRAD-C62---Urbania.jpg\" class=\"attachment-full size-full wp-image-86546\" alt=\"\" srcset=\"\" sizes=\"(max-width: 927px) 100vw, 927px\" data-srcset=\"\" \/><\/div>\n\t\t<\/a>\n\t\t\t\t<div class=\"elementor-post__text\">\n\t\t\t\t<h2 class=\"elementor-post__title\">\n\t\t\t<a href=\"https:\/\/cannoni-conrad.com\/es\/stories\/lavorazione-del-legno-con-conrad-c62-urbania\/\" >\n\t\t\t\tTrabajo de la madera con CONRAD C62 - Urbania\t\t\t<\/a>\n\t\t<\/h2>\n\t\t\t\t<\/div>\n\t\t\t\t<\/article>\n\t\t\t\t<article class=\"elementor-post elementor-grid-item post-86516 post type-post status-publish format-standard has-post-thumbnail hentry category-conrad-c62 category-sistemi-elettronici\" role=\"listitem\">\n\t\t\t\t<a class=\"elementor-post__thumbnail__link\" href=\"https:\/\/cannoni-conrad.com\/es\/stories\/gestione-dei-rifiuti-a-ferrara-con-conrad-c62\/\" tabindex=\"-1\" >\n\t\t\t<div class=\"elementor-post__thumbnail\"><img decoding=\"async\" width=\"1101\" height=\"607\" src=\"https:\/\/cannoni-conrad.com\/wp-content\/uploads\/2020\/12\/Gestione-dei-Rifiuti-a-Ferrara-con-CONRAD-C62.jpg\" class=\"attachment-full size-full wp-image-86524\" alt=\"\" srcset=\"https:\/\/cannoni-conrad.com\/wp-content\/uploads\/2020\/12\/Gestione-dei-Rifiuti-a-Ferrara-con-CONRAD-C62.jpg 1101w, https:\/\/cannoni-conrad.com\/wp-content\/uploads\/2020\/12\/Gestione-dei-Rifiuti-a-Ferrara-con-CONRAD-C62-800x441.jpg 800w, https:\/\/cannoni-conrad.com\/wp-content\/uploads\/2020\/12\/Gestione-dei-Rifiuti-a-Ferrara-con-CONRAD-C62-768x423.jpg 768w, https:\/\/cannoni-conrad.com\/wp-content\/uploads\/2020\/12\/Gestione-dei-Rifiuti-a-Ferrara-con-CONRAD-C62-18x10.jpg 18w\" sizes=\"(max-width: 1101px) 100vw, 1101px\" \/><\/div>\n\t\t<\/a>\n\t\t\t\t<div class=\"elementor-post__text\">\n\t\t\t\t<h2 class=\"elementor-post__title\">\n\t\t\t<a href=\"https:\/\/cannoni-conrad.com\/es\/stories\/gestione-dei-rifiuti-a-ferrara-con-conrad-c62\/\" >\n\t\t\t\tGesti\u00f3n de residuos en Ferrara con CONRAD C62\t\t\t<\/a>\n\t\t<\/h2>\n\t\t\t\t<\/div>\n\t\t\t\t<\/article>\n\t\t\t\t<article class=\"elementor-post elementor-grid-item post-86493 post type-post status-publish format-standard has-post-thumbnail hentry category-conrad-c62 category-sistemi-elettronici tag-abbattimento-polvere tag-c62 tag-discarica tag-prato\" role=\"listitem\">\n\t\t\t\t<a class=\"elementor-post__thumbnail__link\" href=\"https:\/\/cannoni-conrad.com\/es\/stories\/conrad-c62-in-discarica-a-prato-italia\/\" tabindex=\"-1\" >\n\t\t\t<div class=\"elementor-post__thumbnail\"><img decoding=\"async\" width=\"1093\" height=\"617\" src=\"https:\/\/cannoni-conrad.com\/wp-content\/uploads\/2020\/12\/C62-in-discarica-a-PRATO.png\" class=\"attachment-full size-full wp-image-86507\" alt=\"\" srcset=\"https:\/\/cannoni-conrad.com\/wp-content\/uploads\/2020\/12\/C62-in-discarica-a-PRATO.png 1093w, https:\/\/cannoni-conrad.com\/wp-content\/uploads\/2020\/12\/C62-in-discarica-a-PRATO-800x452.png 800w, https:\/\/cannoni-conrad.com\/wp-content\/uploads\/2020\/12\/C62-in-discarica-a-PRATO-768x434.png 768w, https:\/\/cannoni-conrad.com\/wp-content\/uploads\/2020\/12\/C62-in-discarica-a-PRATO-18x10.png 18w\" sizes=\"(max-width: 1093px) 100vw, 1093px\" \/><\/div>\n\t\t<\/a>\n\t\t\t\t<div class=\"elementor-post__text\">\n\t\t\t\t<h2 class=\"elementor-post__title\">\n\t\t\t<a href=\"https:\/\/cannoni-conrad.com\/es\/stories\/conrad-c62-in-discarica-a-prato-italia\/\" >\n\t\t\t\tCONRAD C62 en el vertedero de Prato - Italia\t\t\t<\/a>\n\t\t<\/h2>\n\t\t\t\t<\/div>\n\t\t\t\t<\/article>\n\t\t\t\t<article class=\"elementor-post elementor-grid-item post-84532 post type-post status-publish format-standard hentry category-conrad-c62 category-esperienza category-sistemi-elettronici\" role=\"listitem\">\n\t\t\t\t<div class=\"elementor-post__text\">\n\t\t\t\t<h2 class=\"elementor-post__title\">\n\t\t\t<a href=\"https:\/\/cannoni-conrad.com\/es\/stories\/cannoni-conrad-promotes-a-new-independent-system\/\" >\n\t\t\t\tCANNONI-CONRAD promueve un sistema de pulverizaci\u00f3n independiente\t\t\t<\/a>\n\t\t<\/h2>\n\t\t\t\t<\/div>\n\t\t\t\t<\/article>\n\t\t\t\t<\/div>\n\t\t\n\t\t\t\t\t\t<\/div>\n\t\t\t\t<\/div>\n\t\t\t\t\t<\/div>\n\t\t\t\t<\/div>\n\t\t\t\t<\/div>","protected":false},"excerpt":{"rendered":"<p>La pistola Conrad C62 puede suprimir el polvo y los olores en todo tipo de entornos hostiles sin dificultad.<\/p>\n<p>El colector de polvo Conrad C62 ofrece la posibilidad de seleccionar el n\u00famero de boquillas activas, en funci\u00f3n del tipo de intensidad de pulverizaci\u00f3n deseada.<\/p>","protected":false},"featured_media":95980,"template":"","meta":{"_acf_changed":false},"product_brand":[],"product_cat":[947],"product_tag":[],"class_list":{"0":"post-95977","1":"product","2":"type-product","3":"status-publish","4":"has-post-thumbnail","6":"product_cat-stazioni-autonome","8":"first","9":"instock","10":"taxable","11":"shipping-taxable","12":"product-type-simple"},"acf":[],"_links":{"self":[{"href":"https:\/\/cannoni-conrad.com\/es\/wp-json\/wp\/v2\/product\/95977","targetHints":{"allow":["GET"]}}],"collection":[{"href":"https:\/\/cannoni-conrad.com\/es\/wp-json\/wp\/v2\/product"}],"about":[{"href":"https:\/\/cannoni-conrad.com\/es\/wp-json\/wp\/v2\/types\/product"}],"version-history":[{"count":0,"href":"https:\/\/cannoni-conrad.com\/es\/wp-json\/wp\/v2\/product\/95977\/revisions"}],"wp:featuredmedia":[{"embeddable":true,"href":"https:\/\/cannoni-conrad.com\/es\/wp-json\/wp\/v2\/media\/95980"}],"wp:attachment":[{"href":"https:\/\/cannoni-conrad.com\/es\/wp-json\/wp\/v2\/media?parent=95977"}],"wp:term":[{"taxonomy":"product_brand","embeddable":true,"href":"https:\/\/cannoni-conrad.com\/es\/wp-json\/wp\/v2\/product_brand?post=95977"},{"taxonomy":"product_cat","embeddable":true,"href":"https:\/\/cannoni-conrad.com\/es\/wp-json\/wp\/v2\/product_cat?post=95977"},{"taxonomy":"product_tag","embeddable":true,"href":"https:\/\/cannoni-conrad.com\/es\/wp-json\/wp\/v2\/product_tag?post=95977"}],"curies":[{"name":"wp","href":"https:\/\/api.w.org\/{rel}","templated":true}]}}