{"id":87049,"date":"2020-12-20T09:54:49","date_gmt":"2020-12-20T08:54:49","guid":{"rendered":"http:\/\/cannoni-conrad.com\/?post_type=product&#038;p=87049"},"modified":"2025-06-16T18:58:43","modified_gmt":"2025-06-16T16:58:43","slug":"conrad-c72","status":"publish","type":"product","link":"https:\/\/cannoni-conrad.com\/es\/abbattimento-polveri\/cannoni-nebulizzatori\/gamma-automatica\/conrad-c72\/","title":{"rendered":"Conrad C72"},"content":{"rendered":"<div data-elementor-type=\"product-post\" data-elementor-id=\"87049\" class=\"elementor elementor-87049\" data-elementor-post-type=\"product\">\n\t\t\t\t<div class=\"elementor-element elementor-element-5214dc0 e-flex e-con-boxed e-con e-parent\" data-id=\"5214dc0\" data-element_type=\"container\" data-e-type=\"container\" data-settings=\"{&quot;background_background&quot;:&quot;classic&quot;}\">\n\t\t\t\t\t<div class=\"e-con-inner\">\n\t\t\t\t<div class=\"elementor-element elementor-element-7625302 elementor-widget elementor-widget-heading\" data-id=\"7625302\" data-element_type=\"widget\" data-e-type=\"widget\" data-widget_type=\"heading.default\">\n\t\t\t\t<div class=\"elementor-widget-container\">\n\t\t\t\t\t<h2 class=\"elementor-heading-title elementor-size-default\">Montajes<\/h2>\t\t\t\t<\/div>\n\t\t\t\t<\/div>\n\t\t<div class=\"elementor-element elementor-element-f6551ef e-grid e-con-full e-con e-child\" data-id=\"f6551ef\" data-element_type=\"container\" data-e-type=\"container\">\n\t\t\t\t<div class=\"elementor-element elementor-element-c7e1c4c elementor-position-top elementor-widget elementor-widget-image-box\" data-id=\"c7e1c4c\" data-element_type=\"widget\" data-e-type=\"widget\" data-widget_type=\"image-box.default\">\n\t\t\t\t<div class=\"elementor-widget-container\">\n\t\t\t\t\t<div class=\"elementor-image-box-wrapper\"><figure class=\"elementor-image-box-img\"><img decoding=\"async\" width=\"600\" height=\"600\" src=\"https:\/\/cannoni-conrad.com\/wp-content\/uploads\/2020\/07\/C32-SU-carrelo-SCONTORNO.jpg\" class=\"attachment-full size-full wp-image-90209\" alt=\"\" srcset=\"https:\/\/cannoni-conrad.com\/wp-content\/uploads\/2020\/07\/C32-SU-carrelo-SCONTORNO.jpg 600w, https:\/\/cannoni-conrad.com\/wp-content\/uploads\/2020\/07\/C32-SU-carrelo-SCONTORNO-500x500.jpg 500w, https:\/\/cannoni-conrad.com\/wp-content\/uploads\/2020\/07\/C32-SU-carrelo-SCONTORNO-100x100.jpg 100w, https:\/\/cannoni-conrad.com\/wp-content\/uploads\/2020\/07\/C32-SU-carrelo-SCONTORNO-12x12.jpg 12w\" sizes=\"(max-width: 600px) 100vw, 600px\" \/><\/figure><div class=\"elementor-image-box-content\"><h3 class=\"elementor-image-box-title\">Montado en un carro de tres ruedas<\/h3><\/div><\/div>\t\t\t\t<\/div>\n\t\t\t\t<\/div>\n\t\t\t\t<div class=\"elementor-element elementor-element-2178ea2 elementor-position-top elementor-widget elementor-widget-image-box\" data-id=\"2178ea2\" data-element_type=\"widget\" data-e-type=\"widget\" data-widget_type=\"image-box.default\">\n\t\t\t\t<div class=\"elementor-widget-container\">\n\t\t\t\t\t<div class=\"elementor-image-box-wrapper\"><figure class=\"elementor-image-box-img\"><img decoding=\"async\" width=\"600\" height=\"600\" src=\"https:\/\/cannoni-conrad.com\/wp-content\/uploads\/2020\/07\/c32-su-braccio-articolato-scontorno.jpg\" class=\"attachment-full size-full wp-image-90210\" alt=\"\" srcset=\"https:\/\/cannoni-conrad.com\/wp-content\/uploads\/2020\/07\/c32-su-braccio-articolato-scontorno.jpg 600w, https:\/\/cannoni-conrad.com\/wp-content\/uploads\/2020\/07\/c32-su-braccio-articolato-scontorno-500x500.jpg 500w, https:\/\/cannoni-conrad.com\/wp-content\/uploads\/2020\/07\/c32-su-braccio-articolato-scontorno-100x100.jpg 100w, https:\/\/cannoni-conrad.com\/wp-content\/uploads\/2020\/07\/c32-su-braccio-articolato-scontorno-12x12.jpg 12w\" sizes=\"(max-width: 600px) 100vw, 600px\" \/><\/figure><div class=\"elementor-image-box-content\"><h3 class=\"elementor-image-box-title\">Equipamiento en brazo articulado<\/h3><\/div><\/div>\t\t\t\t<\/div>\n\t\t\t\t<\/div>\n\t\t\t\t<div class=\"elementor-element elementor-element-be2294b elementor-position-top elementor-widget elementor-widget-image-box\" data-id=\"be2294b\" data-element_type=\"widget\" data-e-type=\"widget\" data-widget_type=\"image-box.default\">\n\t\t\t\t<div class=\"elementor-widget-container\">\n\t\t\t\t\t<div class=\"elementor-image-box-wrapper\"><figure class=\"elementor-image-box-img\"><img decoding=\"async\" width=\"600\" height=\"600\" src=\"https:\/\/cannoni-conrad.com\/wp-content\/uploads\/2020\/07\/c32-su-braccio-articolato-scontorno.jpg\" class=\"attachment-full size-full wp-image-90210\" alt=\"\" srcset=\"https:\/\/cannoni-conrad.com\/wp-content\/uploads\/2020\/07\/c32-su-braccio-articolato-scontorno.jpg 600w, https:\/\/cannoni-conrad.com\/wp-content\/uploads\/2020\/07\/c32-su-braccio-articolato-scontorno-500x500.jpg 500w, https:\/\/cannoni-conrad.com\/wp-content\/uploads\/2020\/07\/c32-su-braccio-articolato-scontorno-100x100.jpg 100w, https:\/\/cannoni-conrad.com\/wp-content\/uploads\/2020\/07\/c32-su-braccio-articolato-scontorno-12x12.jpg 12w\" sizes=\"(max-width: 600px) 100vw, 600px\" \/><\/figure><div class=\"elementor-image-box-content\"><h3 class=\"elementor-image-box-title\">Colocaci\u00f3n en un poste fijo<\/h3><\/div><\/div>\t\t\t\t<\/div>\n\t\t\t\t<\/div>\n\t\t\t\t<\/div>\n\t\t\t\t\t<\/div>\n\t\t\t\t<\/div>\n\t\t<div class=\"elementor-element elementor-element-411accf e-flex e-con-boxed e-con e-parent\" data-id=\"411accf\" data-element_type=\"container\" data-e-type=\"container\" data-settings=\"{&quot;background_background&quot;:&quot;classic&quot;}\">\n\t\t\t\t\t<div class=\"e-con-inner\">\n\t\t\t\t<div class=\"elementor-element elementor-element-26ab081 elementor-widget elementor-widget-heading\" data-id=\"26ab081\" data-element_type=\"widget\" data-e-type=\"widget\" data-widget_type=\"heading.default\">\n\t\t\t\t<div class=\"elementor-widget-container\">\n\t\t\t\t\t<h3 class=\"elementor-heading-title elementor-size-default\">Automatizaciones y opciones<\/h3>\t\t\t\t<\/div>\n\t\t\t\t<\/div>\n\t\t<div class=\"elementor-element elementor-element-10c6bce e-grid e-con-full e-con e-child\" data-id=\"10c6bce\" data-element_type=\"container\" data-e-type=\"container\">\n\t\t<div class=\"elementor-element elementor-element-ef8f9fb e-flex e-con-boxed e-con e-child\" data-id=\"ef8f9fb\" data-element_type=\"container\" data-e-type=\"container\" data-settings=\"{&quot;background_background&quot;:&quot;classic&quot;}\">\n\t\t\t\t\t<div class=\"e-con-inner\">\n\t\t\t\t<div class=\"elementor-element elementor-element-f861a40 elementor-widget elementor-widget-heading\" data-id=\"f861a40\" data-element_type=\"widget\" data-e-type=\"widget\" data-widget_type=\"heading.default\">\n\t\t\t\t<div class=\"elementor-widget-container\">\n\t\t\t\t\t<h2 class=\"elementor-heading-title elementor-size-default\">Automatizaciones<\/h2>\t\t\t\t<\/div>\n\t\t\t\t<\/div>\n\t\t\t\t<div class=\"elementor-element elementor-element-a5e6516 elementor-widget elementor-widget-text-editor\" data-id=\"a5e6516\" data-element_type=\"widget\" data-e-type=\"widget\" data-widget_type=\"text-editor.default\">\n\t\t\t\t<div class=\"elementor-widget-container\">\n\t\t\t\t\t\t\t\t\t<ul><li><strong>Pi\u00f1\u00f3n de aluminio calentado<\/strong> con resistencia el\u00e9ctrica para un funcionamiento bajo cero.<\/li><li><b>Panel PLC integrado con pantalla t\u00e1ctil<\/b><ul><li>control de rotaci\u00f3n de 0\u00b0 a 340\u00b0;<\/li><li>\u00e1ngulo de trabajo de -20\u00b0 a + 45\u00b0;<\/li><li>boquillas activas seleccionables;<\/li><li>Brazo articulado con movimiento arriba\/abajo;<\/li><li>Programaci\u00f3n semanal del trabajo (3 ciclos diarios de arranque\/parada)<\/li><\/ul><\/li><li><strong>Drenaje autom\u00e1tico del agua<\/strong> (funci\u00f3n excluible)<\/li><li><strong>Tipo de atomizaci\u00f3n<\/strong><ul><li>atomizaci\u00f3n fina de alta presi\u00f3n (para polvo de madera o similar)<\/li><li>spray m\u00e1s grueso (perfecto para la demolici\u00f3n)<\/li><\/ul><\/li><\/ul>\t\t\t\t\t\t\t\t<\/div>\n\t\t\t\t<\/div>\n\t\t\t\t\t<\/div>\n\t\t\t\t<\/div>\n\t\t<div class=\"elementor-element elementor-element-7f59684 e-flex e-con-boxed e-con e-child\" data-id=\"7f59684\" data-element_type=\"container\" data-e-type=\"container\" data-settings=\"{&quot;background_background&quot;:&quot;classic&quot;}\">\n\t\t\t\t\t<div class=\"e-con-inner\">\n\t\t\t\t<div class=\"elementor-element elementor-element-3ec333c elementor-widget elementor-widget-heading\" data-id=\"3ec333c\" data-element_type=\"widget\" data-e-type=\"widget\" data-widget_type=\"heading.default\">\n\t\t\t\t<div class=\"elementor-widget-container\">\n\t\t\t\t\t<h2 class=\"elementor-heading-title elementor-size-default\">Ca\u00f1ones y agua de Conrad<\/h2>\t\t\t\t<\/div>\n\t\t\t\t<\/div>\n\t\t\t\t<div class=\"elementor-element elementor-element-15c95aa elementor-widget elementor-widget-text-editor\" data-id=\"15c95aa\" data-element_type=\"widget\" data-e-type=\"widget\" data-widget_type=\"text-editor.default\">\n\t\t\t\t<div class=\"elementor-widget-container\">\n\t\t\t\t\t\t\t\t\t<ul><li><p id=\"tw-target-text\" dir=\"ltr\" data-placeholder=\"Traduzione\">El sistema de filtraci\u00f3n CONRAD para el agua entrante es el mejor del mercado y utiliza un\u00a0<strong class=\"rich-node rich-node1\" data-toggle=\"tooltip\" data-placement=\"top\" data-original-title=\"Mark up: strong\"><span class=\"rich-node rich-node2\" data-toggle=\"tooltip\" data-placement=\"top\" data-original-title=\"Mark up: span\">Cartucho filtrante de acero inoxidable, longitud 500 mm x di\u00e1metro 80 mm. Filtro inspeccionable de triple malla de acero inoxidable.<\/span><\/strong><\/p><p dir=\"ltr\" data-placeholder=\"Traduzione\"><span lang=\"en\">Esto le permite utilizar cualquier tipo de agua para alimentar el ca\u00f1\u00f3n: industrial, de pozo, de anillo VVF, de depuradora, de acueducto, de recogida de lluvia...<\/span><\/p><p dir=\"ltr\" data-placeholder=\"Traduzione\"><span lang=\"en\">Todos los ca\u00f1ones CONRAD est\u00e1n equipados con una bomba vertical y autocebante para la alimentaci\u00f3n por gravedad, por lo que no necesitan presi\u00f3n de entrada de agua.<\/span><\/p><\/li><\/ul>\t\t\t\t\t\t\t\t<\/div>\n\t\t\t\t<\/div>\n\t\t\t\t\t<\/div>\n\t\t\t\t<\/div>\n\t\t<div class=\"elementor-element elementor-element-d4ffe9f e-flex e-con-boxed e-con e-child\" data-id=\"d4ffe9f\" data-element_type=\"container\" data-e-type=\"container\" data-settings=\"{&quot;background_background&quot;:&quot;classic&quot;}\">\n\t\t\t\t\t<div class=\"e-con-inner\">\n\t\t\t\t<div class=\"elementor-element elementor-element-fd63a47 elementor-widget elementor-widget-heading\" data-id=\"fd63a47\" data-element_type=\"widget\" data-e-type=\"widget\" data-widget_type=\"heading.default\">\n\t\t\t\t<div class=\"elementor-widget-container\">\n\t\t\t\t\t<h2 class=\"elementor-heading-title elementor-size-default\">Opcional<\/h2>\t\t\t\t<\/div>\n\t\t\t\t<\/div>\n\t\t\t\t<div class=\"elementor-element elementor-element-5c9ad2e elementor-widget elementor-widget-text-editor\" data-id=\"5c9ad2e\" data-element_type=\"widget\" data-e-type=\"widget\" data-widget_type=\"text-editor.default\">\n\t\t\t\t<div class=\"elementor-widget-container\">\n\t\t\t\t\t\t\t\t\t<ul><li><strong>Supresi\u00f3n de olores<\/strong>: bomba dosificadora el\u00e9ctrica para mezclar el producto qu\u00edmico de control de olores (producto qu\u00edmico no incluido)<\/li><li><strong>Mando a distancia por radio ON-OFF<\/strong> con 12 teclas de funci\u00f3n, cargador de bater\u00eda. Alcance 100 m.<\/li><li>Anem\u00f3metro integrado con PLC.<\/li><li><strong>Color de turbina personalizado.<\/strong><\/li><li><strong>Componentes Atex a petici\u00f3n seg\u00fan el nivel requerido.<\/strong><\/li><\/ul>\t\t\t\t\t\t\t\t<\/div>\n\t\t\t\t<\/div>\n\t\t\t\t\t<\/div>\n\t\t\t\t<\/div>\n\t\t\t\t<\/div>\n\t\t\t\t\t<\/div>\n\t\t\t\t<\/div>\n\t\t<div class=\"elementor-element elementor-element-8750d71 e-flex e-con-boxed e-con e-parent\" data-id=\"8750d71\" data-element_type=\"container\" data-e-type=\"container\">\n\t\t\t\t\t<div class=\"e-con-inner\">\n\t\t\t\t<div class=\"elementor-element elementor-element-e176921 elementor-widget elementor-widget-heading\" data-id=\"e176921\" data-element_type=\"widget\" data-e-type=\"widget\" data-widget_type=\"heading.default\">\n\t\t\t\t<div class=\"elementor-widget-container\">\n\t\t\t\t\t<h3 class=\"elementor-heading-title elementor-size-default\">Aplicaciones reales\n<\/h3>\t\t\t\t<\/div>\n\t\t\t\t<\/div>\n\t\t\t\t<div class=\"elementor-element elementor-element-648f180 elementor-posts--align-left elementor-grid-widescreen-4 elementor-grid-3 elementor-grid-tablet-2 elementor-grid-mobile-1 elementor-posts--thumbnail-top elementor-widget elementor-widget-posts\" data-id=\"648f180\" data-element_type=\"widget\" data-e-type=\"widget\" data-settings=\"{&quot;classic_row_gap&quot;:{&quot;unit&quot;:&quot;px&quot;,&quot;size&quot;:20,&quot;sizes&quot;:[]},&quot;classic_columns_widescreen&quot;:&quot;4&quot;,&quot;classic_columns&quot;:&quot;3&quot;,&quot;classic_columns_tablet&quot;:&quot;2&quot;,&quot;classic_columns_mobile&quot;:&quot;1&quot;,&quot;classic_row_gap_widescreen&quot;:{&quot;unit&quot;:&quot;px&quot;,&quot;size&quot;:&quot;&quot;,&quot;sizes&quot;:[]},&quot;classic_row_gap_tablet&quot;:{&quot;unit&quot;:&quot;px&quot;,&quot;size&quot;:&quot;&quot;,&quot;sizes&quot;:[]},&quot;classic_row_gap_mobile&quot;:{&quot;unit&quot;:&quot;px&quot;,&quot;size&quot;:&quot;&quot;,&quot;sizes&quot;:[]}}\" data-widget_type=\"posts.classic\">\n\t\t\t\t<div class=\"elementor-widget-container\">\n\t\t\t\t\t\t\t<div class=\"elementor-posts-container elementor-posts elementor-posts--skin-classic elementor-grid\" role=\"list\">\n\t\t\t\t<article class=\"elementor-post elementor-grid-item post-96318 post type-post status-publish format-standard has-post-thumbnail hentry category-conrad-c72 category-conrad-phoenix category-esperienza tag-abbattimento-odori tag-abbattimento-polvere tag-giubileo-dei-giovani-2025 tag-nebulizzazione tag-raffrescamento-eventi tag-sistema-abbattimento-polveri tag-sistema-di-fraffrescamento tag-sistema-di-nebulizzazione\" role=\"listitem\">\n\t\t\t\t<a class=\"elementor-post__thumbnail__link\" href=\"https:\/\/cannoni-conrad.com\/es\/stories\/sos-roma-soccorso-sceglie-conrad-per-raffrescare-il-percorso-dei-fedeli-a-tor-vergata\/\" tabindex=\"-1\" >\n\t\t\t<div class=\"elementor-post__thumbnail\"><img decoding=\"async\" width=\"1313\" height=\"690\" src=\"https:\/\/cannoni-conrad.com\/wp-content\/uploads\/2025\/08\/giubileo-phoenix.jpg\" class=\"attachment-full size-full wp-image-96328\" alt=\"\" srcset=\"https:\/\/cannoni-conrad.com\/wp-content\/uploads\/2025\/08\/giubileo-phoenix.jpg 1313w, https:\/\/cannoni-conrad.com\/wp-content\/uploads\/2025\/08\/giubileo-phoenix-650x342.jpg 650w, https:\/\/cannoni-conrad.com\/wp-content\/uploads\/2025\/08\/giubileo-phoenix-1200x631.jpg 1200w, https:\/\/cannoni-conrad.com\/wp-content\/uploads\/2025\/08\/giubileo-phoenix-768x404.jpg 768w, https:\/\/cannoni-conrad.com\/wp-content\/uploads\/2025\/08\/giubileo-phoenix-18x9.jpg 18w, https:\/\/cannoni-conrad.com\/wp-content\/uploads\/2025\/08\/giubileo-phoenix-800x420.jpg 800w\" sizes=\"(max-width: 1313px) 100vw, 1313px\" \/><\/div>\n\t\t<\/a>\n\t\t\t\t<div class=\"elementor-post__text\">\n\t\t\t\t<h2 class=\"elementor-post__title\">\n\t\t\t<a href=\"https:\/\/cannoni-conrad.com\/es\/stories\/sos-roma-soccorso-sceglie-conrad-per-raffrescare-il-percorso-dei-fedeli-a-tor-vergata\/\" >\n\t\t\t\tSOS Roma Soccorso nos eligi\u00f3 para enfriar el Jubileo de los J\u00f3venes 2025\t\t\t<\/a>\n\t\t<\/h2>\n\t\t\t\t<\/div>\n\t\t\t\t<\/article>\n\t\t\t\t<article class=\"elementor-post elementor-grid-item post-92778 post type-post status-publish format-standard has-post-thumbnail hentry category-conrad-c72\" role=\"listitem\">\n\t\t\t\t<a class=\"elementor-post__thumbnail__link\" href=\"https:\/\/cannoni-conrad.com\/es\/stories\/alla-centrale-termoelettrica-si-abbattono-le-polveri-con-conrad-c72\/\" tabindex=\"-1\" >\n\t\t\t<div class=\"elementor-post__thumbnail\"><img decoding=\"async\" width=\"1200\" height=\"1200\" src=\"https:\/\/cannoni-conrad.com\/wp-content\/uploads\/2023\/06\/Conrad-C72.jpg\" class=\"attachment-full size-full wp-image-96236\" alt=\"\" srcset=\"https:\/\/cannoni-conrad.com\/wp-content\/uploads\/2023\/06\/Conrad-C72.jpg 1200w, https:\/\/cannoni-conrad.com\/wp-content\/uploads\/2023\/06\/Conrad-C72-650x650.jpg 650w, https:\/\/cannoni-conrad.com\/wp-content\/uploads\/2023\/06\/Conrad-C72-300x300.jpg 300w, https:\/\/cannoni-conrad.com\/wp-content\/uploads\/2023\/06\/Conrad-C72-768x768.jpg 768w, https:\/\/cannoni-conrad.com\/wp-content\/uploads\/2023\/06\/Conrad-C72-12x12.jpg 12w, https:\/\/cannoni-conrad.com\/wp-content\/uploads\/2023\/06\/Conrad-C72-500x500.jpg 500w, https:\/\/cannoni-conrad.com\/wp-content\/uploads\/2023\/06\/Conrad-C72-800x800.jpg 800w, https:\/\/cannoni-conrad.com\/wp-content\/uploads\/2023\/06\/Conrad-C72-100x100.jpg 100w\" sizes=\"(max-width: 1200px) 100vw, 1200px\" \/><\/div>\n\t\t<\/a>\n\t\t\t\t<div class=\"elementor-post__text\">\n\t\t\t\t<h2 class=\"elementor-post__title\">\n\t\t\t<a href=\"https:\/\/cannoni-conrad.com\/es\/stories\/alla-centrale-termoelettrica-si-abbattono-le-polveri-con-conrad-c72\/\" >\n\t\t\t\tConrad C72 supresi\u00f3n de polvo en central t\u00e9rmica\t\t\t<\/a>\n\t\t<\/h2>\n\t\t\t\t<\/div>\n\t\t\t\t<\/article>\n\t\t\t\t<article class=\"elementor-post elementor-grid-item post-87062 post type-post status-publish format-standard has-post-thumbnail hentry category-conrad-c72 category-esperienza category-sistemi-elettronici\" role=\"listitem\">\n\t\t\t\t<a class=\"elementor-post__thumbnail__link\" href=\"https:\/\/cannoni-conrad.com\/es\/stories\/conrad-c72-in-azione-contro-la-polvere-ad-avellino\/\" tabindex=\"-1\" >\n\t\t\t<div class=\"elementor-post__thumbnail\"><img decoding=\"async\" width=\"1280\" height=\"960\" src=\"https:\/\/cannoni-conrad.com\/wp-content\/uploads\/2020\/12\/c72-AVELLINO-3.jpg\" class=\"attachment-full size-full wp-image-87304\" alt=\"\" srcset=\"https:\/\/cannoni-conrad.com\/wp-content\/uploads\/2020\/12\/c72-AVELLINO-3.jpg 1280w, https:\/\/cannoni-conrad.com\/wp-content\/uploads\/2020\/12\/c72-AVELLINO-3-800x600.jpg 800w, https:\/\/cannoni-conrad.com\/wp-content\/uploads\/2020\/12\/c72-AVELLINO-3-768x576.jpg 768w, https:\/\/cannoni-conrad.com\/wp-content\/uploads\/2020\/12\/c72-AVELLINO-3-16x12.jpg 16w\" sizes=\"(max-width: 1280px) 100vw, 1280px\" \/><\/div>\n\t\t<\/a>\n\t\t\t\t<div class=\"elementor-post__text\">\n\t\t\t\t<h2 class=\"elementor-post__title\">\n\t\t\t<a href=\"https:\/\/cannoni-conrad.com\/es\/stories\/conrad-c72-in-azione-contro-la-polvere-ad-avellino\/\" >\n\t\t\t\tConrad C72 en acci\u00f3n contra el polvo en Avellino\t\t\t<\/a>\n\t\t<\/h2>\n\t\t\t\t<\/div>\n\t\t\t\t<\/article>\n\t\t\t\t<\/div>\n\t\t\n\t\t\t\t\t\t<\/div>\n\t\t\t\t<\/div>\n\t\t\t\t\t<\/div>\n\t\t\t\t<\/div>\n\t\t\t\t<\/div>","protected":false},"excerpt":{"rendered":"<p>Un pulverizador de gran potencia, equipado con un motor de 15 kW para un alcance de m\u00e1s de 70 metros, \u00e9stas son las caracter\u00edsticas de rendimiento del Conrad C72.<\/p>\n<p>Automatizaci\u00f3n total, pivotante, inclinaci\u00f3n vertical, temporizador, corona calefactada y mucho m\u00e1s.<\/p>","protected":false},"featured_media":96236,"template":"","meta":{"_acf_changed":false},"product_brand":[],"product_cat":[1341,946],"product_tag":[1287],"class_list":{"0":"post-87049","1":"product","2":"type-product","3":"status-publish","4":"has-post-thumbnail","6":"product_cat-cannoni-nebulizzatori","7":"product_cat-gamma-automatica","8":"product_tag-cannone-nebulizzatore-grande-gittata","10":"first","11":"instock","12":"taxable","13":"shipping-taxable","14":"product-type-simple"},"acf":[],"_links":{"self":[{"href":"https:\/\/cannoni-conrad.com\/es\/wp-json\/wp\/v2\/product\/87049","targetHints":{"allow":["GET"]}}],"collection":[{"href":"https:\/\/cannoni-conrad.com\/es\/wp-json\/wp\/v2\/product"}],"about":[{"href":"https:\/\/cannoni-conrad.com\/es\/wp-json\/wp\/v2\/types\/product"}],"version-history":[{"count":0,"href":"https:\/\/cannoni-conrad.com\/es\/wp-json\/wp\/v2\/product\/87049\/revisions"}],"wp:featuredmedia":[{"embeddable":true,"href":"https:\/\/cannoni-conrad.com\/es\/wp-json\/wp\/v2\/media\/96236"}],"wp:attachment":[{"href":"https:\/\/cannoni-conrad.com\/es\/wp-json\/wp\/v2\/media?parent=87049"}],"wp:term":[{"taxonomy":"product_brand","embeddable":true,"href":"https:\/\/cannoni-conrad.com\/es\/wp-json\/wp\/v2\/product_brand?post=87049"},{"taxonomy":"product_cat","embeddable":true,"href":"https:\/\/cannoni-conrad.com\/es\/wp-json\/wp\/v2\/product_cat?post=87049"},{"taxonomy":"product_tag","embeddable":true,"href":"https:\/\/cannoni-conrad.com\/es\/wp-json\/wp\/v2\/product_tag?post=87049"}],"curies":[{"name":"wp","href":"https:\/\/api.w.org\/{rel}","templated":true}]}}