{"id":86384,"date":"2020-12-11T11:00:28","date_gmt":"2020-12-11T10:00:28","guid":{"rendered":"http:\/\/cannoni-conrad.com\/?post_type=product&#038;p=86384"},"modified":"2025-06-16T18:55:25","modified_gmt":"2025-06-16T16:55:25","slug":"conrad-c42","status":"publish","type":"product","link":"https:\/\/cannoni-conrad.com\/es\/abbattimento-polveri\/cannoni-nebulizzatori\/gamma-automatica\/conrad-c42\/","title":{"rendered":"Conrad C42"},"content":{"rendered":"<div data-elementor-type=\"product-post\" data-elementor-id=\"86384\" class=\"elementor elementor-86384\" data-elementor-post-type=\"product\">\n\t\t\t\t<div class=\"elementor-element elementor-element-0cbc6f1 e-flex e-con-boxed e-con e-parent\" data-id=\"0cbc6f1\" data-element_type=\"container\" data-e-type=\"container\" data-settings=\"{&quot;background_background&quot;:&quot;classic&quot;}\">\n\t\t\t\t\t<div class=\"e-con-inner\">\n\t\t<div class=\"elementor-element elementor-element-fbfe133 e-grid e-con-full e-con e-child\" data-id=\"fbfe133\" data-element_type=\"container\" data-e-type=\"container\">\n\t\t\t\t<div class=\"elementor-element elementor-element-59d7875 elementor-position-top elementor-widget elementor-widget-image-box\" data-id=\"59d7875\" data-element_type=\"widget\" data-e-type=\"widget\" data-widget_type=\"image-box.default\">\n\t\t\t\t<div class=\"elementor-widget-container\">\n\t\t\t\t\t<div class=\"elementor-image-box-wrapper\"><figure class=\"elementor-image-box-img\"><img decoding=\"async\" width=\"600\" height=\"600\" src=\"https:\/\/cannoni-conrad.com\/wp-content\/uploads\/2020\/07\/C32-SU-carrelo-SCONTORNO.jpg\" class=\"attachment-full size-full wp-image-90209\" alt=\"\" srcset=\"https:\/\/cannoni-conrad.com\/wp-content\/uploads\/2020\/07\/C32-SU-carrelo-SCONTORNO.jpg 600w, https:\/\/cannoni-conrad.com\/wp-content\/uploads\/2020\/07\/C32-SU-carrelo-SCONTORNO-500x500.jpg 500w, https:\/\/cannoni-conrad.com\/wp-content\/uploads\/2020\/07\/C32-SU-carrelo-SCONTORNO-100x100.jpg 100w, https:\/\/cannoni-conrad.com\/wp-content\/uploads\/2020\/07\/C32-SU-carrelo-SCONTORNO-12x12.jpg 12w\" sizes=\"(max-width: 600px) 100vw, 600px\" \/><\/figure><div class=\"elementor-image-box-content\"><h3 class=\"elementor-image-box-title\">Montado en un carro de tres ruedas<\/h3><p class=\"elementor-image-box-description\">El ca\u00f1\u00f3n atomizador m\u00f3vil CONRAD C42, montado sobre un CARRO para permitir la supresi\u00f3n del polvo en obras temporales o en lugares de actividad donde el origen del polvo puede variar con el tiempo.<br>\n<br>\nEl ca\u00f1\u00f3n Conrad C42 tiene un alcance de 40 metros, y el montaje en carro lo convierte en el producto ideal para alquilar durante periodos medios o largos.<br>\n<br><\/p><\/div><\/div>\t\t\t\t<\/div>\n\t\t\t\t<\/div>\n\t\t\t\t<div class=\"elementor-element elementor-element-39ee5d3 elementor-position-top elementor-widget elementor-widget-image-box\" data-id=\"39ee5d3\" data-element_type=\"widget\" data-e-type=\"widget\" data-widget_type=\"image-box.default\">\n\t\t\t\t<div class=\"elementor-widget-container\">\n\t\t\t\t\t<div class=\"elementor-image-box-wrapper\"><figure class=\"elementor-image-box-img\"><img decoding=\"async\" width=\"600\" height=\"600\" src=\"https:\/\/cannoni-conrad.com\/wp-content\/uploads\/2020\/07\/c32-su-braccio-articolato-scontorno.jpg\" class=\"attachment-full size-full wp-image-90210\" alt=\"\" srcset=\"https:\/\/cannoni-conrad.com\/wp-content\/uploads\/2020\/07\/c32-su-braccio-articolato-scontorno.jpg 600w, https:\/\/cannoni-conrad.com\/wp-content\/uploads\/2020\/07\/c32-su-braccio-articolato-scontorno-500x500.jpg 500w, https:\/\/cannoni-conrad.com\/wp-content\/uploads\/2020\/07\/c32-su-braccio-articolato-scontorno-100x100.jpg 100w, https:\/\/cannoni-conrad.com\/wp-content\/uploads\/2020\/07\/c32-su-braccio-articolato-scontorno-12x12.jpg 12w\" sizes=\"(max-width: 600px) 100vw, 600px\" \/><\/figure><div class=\"elementor-image-box-content\"><h3 class=\"elementor-image-box-title\">Equipamiento en brazo articulado<\/h3><p class=\"elementor-image-box-description\">La pistola CONRAD C42 es sin duda el buque insignia de nuestra gama, ya que el brazo pant\u00f3grafo permite al pulverizador alcanzar puntos precisos para una supresi\u00f3n eficaz del polvo.\u00a0<br>\n<br>\nPerfecto en cualquier situaci\u00f3n, pero sin duda adecuado para: vertederos y recuperaci\u00f3n.<br>\n<\/p><\/div><\/div>\t\t\t\t<\/div>\n\t\t\t\t<\/div>\n\t\t\t\t<div class=\"elementor-element elementor-element-d366676 elementor-position-top elementor-widget elementor-widget-image-box\" data-id=\"d366676\" data-element_type=\"widget\" data-e-type=\"widget\" data-widget_type=\"image-box.default\">\n\t\t\t\t<div class=\"elementor-widget-container\">\n\t\t\t\t\t<div class=\"elementor-image-box-wrapper\"><figure class=\"elementor-image-box-img\"><img decoding=\"async\" width=\"600\" height=\"600\" src=\"https:\/\/cannoni-conrad.com\/wp-content\/uploads\/2020\/07\/c32-su-braccio-articolato-scontorno.jpg\" class=\"attachment-full size-full wp-image-90210\" alt=\"\" srcset=\"https:\/\/cannoni-conrad.com\/wp-content\/uploads\/2020\/07\/c32-su-braccio-articolato-scontorno.jpg 600w, https:\/\/cannoni-conrad.com\/wp-content\/uploads\/2020\/07\/c32-su-braccio-articolato-scontorno-500x500.jpg 500w, https:\/\/cannoni-conrad.com\/wp-content\/uploads\/2020\/07\/c32-su-braccio-articolato-scontorno-100x100.jpg 100w, https:\/\/cannoni-conrad.com\/wp-content\/uploads\/2020\/07\/c32-su-braccio-articolato-scontorno-12x12.jpg 12w\" sizes=\"(max-width: 600px) 100vw, 600px\" \/><\/figure><div class=\"elementor-image-box-content\"><h3 class=\"elementor-image-box-title\">Colocaci\u00f3n en un poste fijo<\/h3><p class=\"elementor-image-box-description\">El ca\u00f1\u00f3n pulverizador CONRAD C42 es adecuado para obras de construcci\u00f3n y lugares de trabajo fijos, donde el levantamiento de polvo se localiza en zonas precisas, como la carga y descarga de \u00e1ridos.\n<br>\nEl modelo montado en torre est\u00e1 equipado con compartimentos para su elevaci\u00f3n con una carretilla elevadora, por lo que es f\u00e1cilmente transportable si se cambia la posici\u00f3n de producci\u00f3n de polvo.\n<\/p><\/div><\/div>\t\t\t\t<\/div>\n\t\t\t\t<\/div>\n\t\t\t\t<\/div>\n\t\t\t\t\t<\/div>\n\t\t\t\t<\/div>\n\t\t<div class=\"elementor-element elementor-element-b39d362 e-flex e-con-boxed e-con e-parent\" data-id=\"b39d362\" data-element_type=\"container\" data-e-type=\"container\" data-settings=\"{&quot;background_background&quot;:&quot;classic&quot;}\">\n\t\t\t\t\t<div class=\"e-con-inner\">\n\t\t\t\t<div class=\"elementor-element elementor-element-cd0ef88 elementor-widget elementor-widget-heading\" data-id=\"cd0ef88\" data-element_type=\"widget\" data-e-type=\"widget\" data-widget_type=\"heading.default\">\n\t\t\t\t<div class=\"elementor-widget-container\">\n\t\t\t\t\t<h3 class=\"elementor-heading-title elementor-size-default\">Automatizaciones y opciones<\/h3>\t\t\t\t<\/div>\n\t\t\t\t<\/div>\n\t\t<div class=\"elementor-element elementor-element-663d943 e-grid e-con-full e-con e-child\" data-id=\"663d943\" data-element_type=\"container\" data-e-type=\"container\">\n\t\t<div class=\"elementor-element elementor-element-19bbf76 e-flex e-con-boxed e-con e-child\" data-id=\"19bbf76\" data-element_type=\"container\" data-e-type=\"container\" data-settings=\"{&quot;background_background&quot;:&quot;classic&quot;}\">\n\t\t\t\t\t<div class=\"e-con-inner\">\n\t\t\t\t<div class=\"elementor-element elementor-element-b8506d8 elementor-widget elementor-widget-heading\" data-id=\"b8506d8\" data-element_type=\"widget\" data-e-type=\"widget\" data-widget_type=\"heading.default\">\n\t\t\t\t<div class=\"elementor-widget-container\">\n\t\t\t\t\t<h2 class=\"elementor-heading-title elementor-size-default\">Automatizaciones<\/h2>\t\t\t\t<\/div>\n\t\t\t\t<\/div>\n\t\t\t\t<div class=\"elementor-element elementor-element-eaf5349 elementor-widget elementor-widget-text-editor\" data-id=\"eaf5349\" data-element_type=\"widget\" data-e-type=\"widget\" data-widget_type=\"text-editor.default\">\n\t\t\t\t<div class=\"elementor-widget-container\">\n\t\t\t\t\t\t\t\t\t<ul><li><strong>Pi\u00f1\u00f3n de aluminio calentado<\/strong> con resistencia el\u00e9ctrica para un funcionamiento bajo cero.<\/li><li><b>Panel PLC integrado con pantalla t\u00e1ctil<\/b><ul><li>control de rotaci\u00f3n de 0\u00b0 a 340\u00b0;<\/li><li>\u00e1ngulo de trabajo de -20\u00b0 a + 45\u00b0;<\/li><li>boquillas activas seleccionables;<\/li><li>Brazo articulado con movimiento arriba\/abajo;<\/li><li>Programaci\u00f3n semanal del trabajo (3 ciclos diarios de arranque\/parada)<\/li><\/ul><\/li><li><strong>Drenaje autom\u00e1tico del agua<\/strong> (funci\u00f3n excluible)<\/li><li><strong>Tipo de atomizaci\u00f3n<\/strong><ul><li>atomizaci\u00f3n fina de alta presi\u00f3n (para polvo de madera o similar)<\/li><li>spray m\u00e1s grueso (perfecto para la demolici\u00f3n)<\/li><\/ul><\/li><\/ul>\t\t\t\t\t\t\t\t<\/div>\n\t\t\t\t<\/div>\n\t\t\t\t\t<\/div>\n\t\t\t\t<\/div>\n\t\t<div class=\"elementor-element elementor-element-cd79c53 e-flex e-con-boxed e-con e-child\" data-id=\"cd79c53\" data-element_type=\"container\" data-e-type=\"container\" data-settings=\"{&quot;background_background&quot;:&quot;classic&quot;}\">\n\t\t\t\t\t<div class=\"e-con-inner\">\n\t\t\t\t<div class=\"elementor-element elementor-element-3bf5c63 elementor-widget elementor-widget-heading\" data-id=\"3bf5c63\" data-element_type=\"widget\" data-e-type=\"widget\" data-widget_type=\"heading.default\">\n\t\t\t\t<div class=\"elementor-widget-container\">\n\t\t\t\t\t<h2 class=\"elementor-heading-title elementor-size-default\">Ca\u00f1ones y agua de Conrad<\/h2>\t\t\t\t<\/div>\n\t\t\t\t<\/div>\n\t\t\t\t<div class=\"elementor-element elementor-element-d6b2c24 elementor-widget elementor-widget-text-editor\" data-id=\"d6b2c24\" data-element_type=\"widget\" data-e-type=\"widget\" data-widget_type=\"text-editor.default\">\n\t\t\t\t<div class=\"elementor-widget-container\">\n\t\t\t\t\t\t\t\t\t<ul><li><p id=\"tw-target-text\" dir=\"ltr\" data-placeholder=\"Traduzione\">El sistema de filtraci\u00f3n CONRAD para el agua entrante es el mejor del mercado y utiliza un\u00a0<strong class=\"rich-node rich-node1\" data-toggle=\"tooltip\" data-placement=\"top\" data-original-title=\"Mark up: strong\"><span class=\"rich-node rich-node2\" data-toggle=\"tooltip\" data-placement=\"top\" data-original-title=\"Mark up: span\">Cartucho filtrante de acero inoxidable, longitud 500 mm x di\u00e1metro 80 mm. Filtro inspeccionable de triple malla de acero inoxidable.<\/span><\/strong><\/p><p dir=\"ltr\" data-placeholder=\"Traduzione\"><span lang=\"en\">Esto le permite utilizar cualquier tipo de agua para alimentar el ca\u00f1\u00f3n: industrial, de pozo, de anillo VVF, de depuradora, de acueducto, de recogida de lluvia...<\/span><\/p><p dir=\"ltr\" data-placeholder=\"Traduzione\"><span lang=\"en\">Todos los ca\u00f1ones CONRAD est\u00e1n equipados con una bomba vertical y autocebante para la alimentaci\u00f3n por gravedad, por lo que no necesitan presi\u00f3n de entrada de agua.<\/span><\/p><\/li><\/ul>\t\t\t\t\t\t\t\t<\/div>\n\t\t\t\t<\/div>\n\t\t\t\t\t<\/div>\n\t\t\t\t<\/div>\n\t\t<div class=\"elementor-element elementor-element-5885cf6 e-flex e-con-boxed e-con e-child\" data-id=\"5885cf6\" data-element_type=\"container\" data-e-type=\"container\" data-settings=\"{&quot;background_background&quot;:&quot;classic&quot;}\">\n\t\t\t\t\t<div class=\"e-con-inner\">\n\t\t\t\t<div class=\"elementor-element elementor-element-6148bdd elementor-widget elementor-widget-heading\" data-id=\"6148bdd\" data-element_type=\"widget\" data-e-type=\"widget\" data-widget_type=\"heading.default\">\n\t\t\t\t<div class=\"elementor-widget-container\">\n\t\t\t\t\t<h2 class=\"elementor-heading-title elementor-size-default\">Opcional<\/h2>\t\t\t\t<\/div>\n\t\t\t\t<\/div>\n\t\t\t\t<div class=\"elementor-element elementor-element-8cd0a16 elementor-widget elementor-widget-text-editor\" data-id=\"8cd0a16\" data-element_type=\"widget\" data-e-type=\"widget\" data-widget_type=\"text-editor.default\">\n\t\t\t\t<div class=\"elementor-widget-container\">\n\t\t\t\t\t\t\t\t\t<ul><li><strong>Supresi\u00f3n de olores<\/strong>: bomba dosificadora el\u00e9ctrica para mezclar el producto qu\u00edmico de control de olores (producto qu\u00edmico no incluido)<\/li><li><strong>Mando a distancia por radio ON-OFF<\/strong> con 12 teclas de funci\u00f3n, cargador de bater\u00eda. Alcance 100 m.<\/li><li>Anem\u00f3metro integrado con PLC.<\/li><li><strong>Color de turbina personalizado.<\/strong><\/li><li><strong>Componentes Atex a petici\u00f3n seg\u00fan el nivel requerido.<\/strong><\/li><\/ul>\t\t\t\t\t\t\t\t<\/div>\n\t\t\t\t<\/div>\n\t\t\t\t\t<\/div>\n\t\t\t\t<\/div>\n\t\t\t\t<\/div>\n\t\t\t\t\t<\/div>\n\t\t\t\t<\/div>\n\t\t<div class=\"elementor-element elementor-element-86b988a e-flex e-con-boxed e-con e-parent\" data-id=\"86b988a\" data-element_type=\"container\" data-e-type=\"container\">\n\t\t\t\t\t<div class=\"e-con-inner\">\n\t\t\t\t<div class=\"elementor-element elementor-element-621dbde elementor-widget elementor-widget-heading\" data-id=\"621dbde\" data-element_type=\"widget\" data-e-type=\"widget\" data-widget_type=\"heading.default\">\n\t\t\t\t<div class=\"elementor-widget-container\">\n\t\t\t\t\t<h3 class=\"elementor-heading-title elementor-size-default\">Aplicaciones reales\n<\/h3>\t\t\t\t<\/div>\n\t\t\t\t<\/div>\n\t\t\t\t<div class=\"elementor-element elementor-element-0ba77dd elementor-posts--align-left elementor-grid-widescreen-4 elementor-grid-3 elementor-grid-tablet-2 elementor-grid-mobile-1 elementor-posts--thumbnail-top elementor-widget elementor-widget-posts\" data-id=\"0ba77dd\" data-element_type=\"widget\" data-e-type=\"widget\" data-settings=\"{&quot;classic_row_gap&quot;:{&quot;unit&quot;:&quot;px&quot;,&quot;size&quot;:20,&quot;sizes&quot;:[]},&quot;classic_columns_widescreen&quot;:&quot;4&quot;,&quot;classic_columns&quot;:&quot;3&quot;,&quot;classic_columns_tablet&quot;:&quot;2&quot;,&quot;classic_columns_mobile&quot;:&quot;1&quot;,&quot;classic_row_gap_widescreen&quot;:{&quot;unit&quot;:&quot;px&quot;,&quot;size&quot;:&quot;&quot;,&quot;sizes&quot;:[]},&quot;classic_row_gap_tablet&quot;:{&quot;unit&quot;:&quot;px&quot;,&quot;size&quot;:&quot;&quot;,&quot;sizes&quot;:[]},&quot;classic_row_gap_mobile&quot;:{&quot;unit&quot;:&quot;px&quot;,&quot;size&quot;:&quot;&quot;,&quot;sizes&quot;:[]}}\" data-widget_type=\"posts.classic\">\n\t\t\t\t<div class=\"elementor-widget-container\">\n\t\t\t\t\t\t\t<div class=\"elementor-posts-container elementor-posts elementor-posts--skin-classic elementor-grid\" role=\"list\">\n\t\t\t\t<article class=\"elementor-post elementor-grid-item post-91352 post type-post status-publish format-standard has-post-thumbnail hentry category-conrad-c42 category-esperienza tag-abbattimento-odori tag-abbattimento-polvere tag-discarica tag-sistema-abbattimento-polveri\" role=\"listitem\">\n\t\t\t\t<a class=\"elementor-post__thumbnail__link\" href=\"https:\/\/cannoni-conrad.com\/es\/stories\/cannone-conrad-c42-applicato-al-soffitto\/\" tabindex=\"-1\" >\n\t\t\t<div class=\"elementor-post__thumbnail\"><img decoding=\"async\" width=\"2048\" height=\"1152\" src=\"https:\/\/cannoni-conrad.com\/wp-content\/uploads\/2022\/11\/applicazione-C42-Ecosystem.jpg\" class=\"attachment-full size-full wp-image-91353\" alt=\"\" srcset=\"https:\/\/cannoni-conrad.com\/wp-content\/uploads\/2022\/11\/applicazione-C42-Ecosystem.jpg 2048w, https:\/\/cannoni-conrad.com\/wp-content\/uploads\/2022\/11\/applicazione-C42-Ecosystem-800x450.jpg 800w, https:\/\/cannoni-conrad.com\/wp-content\/uploads\/2022\/11\/applicazione-C42-Ecosystem-768x432.jpg 768w, https:\/\/cannoni-conrad.com\/wp-content\/uploads\/2022\/11\/applicazione-C42-Ecosystem-1536x864.jpg 1536w, https:\/\/cannoni-conrad.com\/wp-content\/uploads\/2022\/11\/applicazione-C42-Ecosystem-18x10.jpg 18w\" sizes=\"(max-width: 2048px) 100vw, 2048px\" \/><\/div>\n\t\t<\/a>\n\t\t\t\t<div class=\"elementor-post__text\">\n\t\t\t\t<h2 class=\"elementor-post__title\">\n\t\t\t<a href=\"https:\/\/cannoni-conrad.com\/es\/stories\/cannone-conrad-c42-applicato-al-soffitto\/\" >\n\t\t\t\tCa\u00f1\u00f3n CONRAD C42 montado en el techo\t\t\t<\/a>\n\t\t<\/h2>\n\t\t\t\t<\/div>\n\t\t\t\t<\/article>\n\t\t\t\t<article class=\"elementor-post elementor-grid-item post-86742 post type-post status-publish format-standard has-post-thumbnail hentry category-conrad-c42 category-sistemi-elettronici\" role=\"listitem\">\n\t\t\t\t<a class=\"elementor-post__thumbnail__link\" href=\"https:\/\/cannoni-conrad.com\/es\/stories\/conrad-c42-installato-in-un-sito-di-riciclaggio\/\" tabindex=\"-1\" >\n\t\t\t<div class=\"elementor-post__thumbnail\"><img decoding=\"async\" width=\"1277\" height=\"725\" src=\"https:\/\/cannoni-conrad.com\/wp-content\/uploads\/2020\/12\/2020-12-15-19_15_25-CONRAD-C42-abbattimento-polveri-a-Novate-Milanese-MI-YouTube.png\" class=\"attachment-full size-full wp-image-86740\" alt=\"\" srcset=\"https:\/\/cannoni-conrad.com\/wp-content\/uploads\/2020\/12\/2020-12-15-19_15_25-CONRAD-C42-abbattimento-polveri-a-Novate-Milanese-MI-YouTube.png 1277w, https:\/\/cannoni-conrad.com\/wp-content\/uploads\/2020\/12\/2020-12-15-19_15_25-CONRAD-C42-abbattimento-polveri-a-Novate-Milanese-MI-YouTube-800x454.png 800w, https:\/\/cannoni-conrad.com\/wp-content\/uploads\/2020\/12\/2020-12-15-19_15_25-CONRAD-C42-abbattimento-polveri-a-Novate-Milanese-MI-YouTube-768x436.png 768w, https:\/\/cannoni-conrad.com\/wp-content\/uploads\/2020\/12\/2020-12-15-19_15_25-CONRAD-C42-abbattimento-polveri-a-Novate-Milanese-MI-YouTube-18x10.png 18w\" sizes=\"(max-width: 1277px) 100vw, 1277px\" \/><\/div>\n\t\t<\/a>\n\t\t\t\t<div class=\"elementor-post__text\">\n\t\t\t\t<h2 class=\"elementor-post__title\">\n\t\t\t<a href=\"https:\/\/cannoni-conrad.com\/es\/stories\/conrad-c42-installato-in-un-sito-di-riciclaggio\/\" >\n\t\t\t\tConrad C42 instalado en un centro de reciclaje\t\t\t<\/a>\n\t\t<\/h2>\n\t\t\t\t<\/div>\n\t\t\t\t<\/article>\n\t\t\t\t<article class=\"elementor-post elementor-grid-item post-86726 post type-post status-publish format-standard has-post-thumbnail hentry category-conrad-c42 category-sistemi-elettronici\" role=\"listitem\">\n\t\t\t\t<a class=\"elementor-post__thumbnail__link\" href=\"https:\/\/cannoni-conrad.com\/es\/stories\/conrad-c42-installato-in-uno-stabilimento-di-ceramica-a-modena\/\" tabindex=\"-1\" >\n\t\t\t<div class=\"elementor-post__thumbnail\"><img decoding=\"async\" width=\"1279\" height=\"718\" src=\"https:\/\/cannoni-conrad.com\/wp-content\/uploads\/2020\/12\/CONRAD-C42-ad-alta-pressione-per-le-polveri-del-settore-ceramica-YouTube-2.png\" class=\"attachment-full size-full wp-image-86739\" alt=\"\" srcset=\"https:\/\/cannoni-conrad.com\/wp-content\/uploads\/2020\/12\/CONRAD-C42-ad-alta-pressione-per-le-polveri-del-settore-ceramica-YouTube-2.png 1279w, https:\/\/cannoni-conrad.com\/wp-content\/uploads\/2020\/12\/CONRAD-C42-ad-alta-pressione-per-le-polveri-del-settore-ceramica-YouTube-2-800x449.png 800w, https:\/\/cannoni-conrad.com\/wp-content\/uploads\/2020\/12\/CONRAD-C42-ad-alta-pressione-per-le-polveri-del-settore-ceramica-YouTube-2-768x431.png 768w, https:\/\/cannoni-conrad.com\/wp-content\/uploads\/2020\/12\/CONRAD-C42-ad-alta-pressione-per-le-polveri-del-settore-ceramica-YouTube-2-18x10.png 18w\" sizes=\"(max-width: 1279px) 100vw, 1279px\" \/><\/div>\n\t\t<\/a>\n\t\t\t\t<div class=\"elementor-post__text\">\n\t\t\t\t<h2 class=\"elementor-post__title\">\n\t\t\t<a href=\"https:\/\/cannoni-conrad.com\/es\/stories\/conrad-c42-installato-in-uno-stabilimento-di-ceramica-a-modena\/\" >\n\t\t\t\tConrad C42 instalado en una cer\u00e1mica de M\u00f3dena\t\t\t<\/a>\n\t\t<\/h2>\n\t\t\t\t<\/div>\n\t\t\t\t<\/article>\n\t\t\t\t<article class=\"elementor-post elementor-grid-item post-86718 post type-post status-publish format-standard has-post-thumbnail hentry category-conrad-c42 category-sistemi-elettronici\" role=\"listitem\">\n\t\t\t\t<a class=\"elementor-post__thumbnail__link\" href=\"https:\/\/cannoni-conrad.com\/es\/stories\/conrad-c42-installato-in-un-tunnel-in-svizzera\/\" tabindex=\"-1\" >\n\t\t\t<div class=\"elementor-post__thumbnail\"><img decoding=\"async\" width=\"1278\" height=\"703\" src=\"https:\/\/cannoni-conrad.com\/wp-content\/uploads\/2020\/12\/CONRAD-C42-abbattimento-polveri-in-galleria-Losanna-Svizzera-YouTube.png\" class=\"attachment-full size-full wp-image-86723\" alt=\"\" srcset=\"https:\/\/cannoni-conrad.com\/wp-content\/uploads\/2020\/12\/CONRAD-C42-abbattimento-polveri-in-galleria-Losanna-Svizzera-YouTube.png 1278w, https:\/\/cannoni-conrad.com\/wp-content\/uploads\/2020\/12\/CONRAD-C42-abbattimento-polveri-in-galleria-Losanna-Svizzera-YouTube-800x440.png 800w, https:\/\/cannoni-conrad.com\/wp-content\/uploads\/2020\/12\/CONRAD-C42-abbattimento-polveri-in-galleria-Losanna-Svizzera-YouTube-768x422.png 768w, https:\/\/cannoni-conrad.com\/wp-content\/uploads\/2020\/12\/CONRAD-C42-abbattimento-polveri-in-galleria-Losanna-Svizzera-YouTube-18x10.png 18w\" sizes=\"(max-width: 1278px) 100vw, 1278px\" \/><\/div>\n\t\t<\/a>\n\t\t\t\t<div class=\"elementor-post__text\">\n\t\t\t\t<h2 class=\"elementor-post__title\">\n\t\t\t<a href=\"https:\/\/cannoni-conrad.com\/es\/stories\/conrad-c42-installato-in-un-tunnel-in-svizzera\/\" >\n\t\t\t\tConrad C42 instalado en un t\u00fanel en Suiza\t\t\t<\/a>\n\t\t<\/h2>\n\t\t\t\t<\/div>\n\t\t\t\t<\/article>\n\t\t\t\t<\/div>\n\t\t\n\t\t\t\t\t\t<\/div>\n\t\t\t\t<\/div>\n\t\t\t\t\t<\/div>\n\t\t\t\t<\/div>\n\t\t\t\t<\/div>","protected":false},"excerpt":{"rendered":"<p>La mejor soluci\u00f3n para la supresi\u00f3n de polvo y olores en vertederos y plantas de reciclaje de residuos, minimizando el consumo de agua<\/p>\n<p>M\u00e1s de 40 m de chorro impulsado por una bomba de alta presi\u00f3n de gran calidad.<\/p>\n<p>&nbsp;<\/p>","protected":false},"featured_media":96235,"template":"","meta":{"_acf_changed":false},"product_brand":[],"product_cat":[1341,946],"product_tag":[],"class_list":{"0":"post-86384","1":"product","2":"type-product","3":"status-publish","4":"has-post-thumbnail","6":"product_cat-cannoni-nebulizzatori","7":"product_cat-gamma-automatica","9":"first","10":"instock","11":"taxable","12":"shipping-taxable","13":"product-type-simple"},"acf":[],"_links":{"self":[{"href":"https:\/\/cannoni-conrad.com\/es\/wp-json\/wp\/v2\/product\/86384","targetHints":{"allow":["GET"]}}],"collection":[{"href":"https:\/\/cannoni-conrad.com\/es\/wp-json\/wp\/v2\/product"}],"about":[{"href":"https:\/\/cannoni-conrad.com\/es\/wp-json\/wp\/v2\/types\/product"}],"version-history":[{"count":0,"href":"https:\/\/cannoni-conrad.com\/es\/wp-json\/wp\/v2\/product\/86384\/revisions"}],"wp:featuredmedia":[{"embeddable":true,"href":"https:\/\/cannoni-conrad.com\/es\/wp-json\/wp\/v2\/media\/96235"}],"wp:attachment":[{"href":"https:\/\/cannoni-conrad.com\/es\/wp-json\/wp\/v2\/media?parent=86384"}],"wp:term":[{"taxonomy":"product_brand","embeddable":true,"href":"https:\/\/cannoni-conrad.com\/es\/wp-json\/wp\/v2\/product_brand?post=86384"},{"taxonomy":"product_cat","embeddable":true,"href":"https:\/\/cannoni-conrad.com\/es\/wp-json\/wp\/v2\/product_cat?post=86384"},{"taxonomy":"product_tag","embeddable":true,"href":"https:\/\/cannoni-conrad.com\/es\/wp-json\/wp\/v2\/product_tag?post=86384"}],"curies":[{"name":"wp","href":"https:\/\/api.w.org\/{rel}","templated":true}]}}