{"id":86289,"date":"2020-12-07T09:53:09","date_gmt":"2020-12-07T08:53:09","guid":{"rendered":"http:\/\/cannoni-conrad.com\/?post_type=product&#038;p=86289"},"modified":"2025-06-16T18:53:22","modified_gmt":"2025-06-16T16:53:22","slug":"conrad-c50","status":"publish","type":"product","link":"https:\/\/cannoni-conrad.com\/es\/abbattimento-polveri\/cannoni-nebulizzatori\/gamma-automatica\/conrad-c50\/","title":{"rendered":"Conrad C50"},"content":{"rendered":"<div data-elementor-type=\"product-post\" data-elementor-id=\"86289\" class=\"elementor elementor-86289\" data-elementor-post-type=\"product\">\n\t\t\t\t<div class=\"elementor-element elementor-element-4551547 e-flex e-con-boxed e-con e-parent\" data-id=\"4551547\" data-element_type=\"container\" data-e-type=\"container\" data-settings=\"{&quot;background_background&quot;:&quot;classic&quot;}\">\n\t\t\t\t\t<div class=\"e-con-inner\">\n\t\t\t\t<div class=\"elementor-element elementor-element-a3f1dce elementor-widget elementor-widget-heading\" data-id=\"a3f1dce\" data-element_type=\"widget\" data-e-type=\"widget\" data-widget_type=\"heading.default\">\n\t\t\t\t<div class=\"elementor-widget-container\">\n\t\t\t\t\t<h2 class=\"elementor-heading-title elementor-size-default\">Montajes<\/h2>\t\t\t\t<\/div>\n\t\t\t\t<\/div>\n\t\t<div class=\"elementor-element elementor-element-5d687b5 e-grid e-con-full e-con e-child\" data-id=\"5d687b5\" data-element_type=\"container\" data-e-type=\"container\">\n\t\t<div class=\"elementor-element elementor-element-66a1f85 e-flex e-con-boxed e-con e-child\" data-id=\"66a1f85\" data-element_type=\"container\" data-e-type=\"container\" data-settings=\"{&quot;background_background&quot;:&quot;classic&quot;}\">\n\t\t\t\t\t<div class=\"e-con-inner\">\n\t\t\t\t<div class=\"elementor-element elementor-element-ba8f5c9 elementor-widget elementor-widget-image\" data-id=\"ba8f5c9\" data-element_type=\"widget\" data-e-type=\"widget\" data-widget_type=\"image.default\">\n\t\t\t\t<div class=\"elementor-widget-container\">\n\t\t\t\t\t\t\t\t\t\t\t\t\t\t\t<img decoding=\"async\" width=\"600\" height=\"600\" src=\"https:\/\/cannoni-conrad.com\/wp-content\/uploads\/2020\/07\/CONRAD-C50-SU-PALO.jpg\" class=\"attachment-large size-large wp-image-85085\" alt=\"\" srcset=\"https:\/\/cannoni-conrad.com\/wp-content\/uploads\/2020\/07\/CONRAD-C50-SU-PALO.jpg 600w, https:\/\/cannoni-conrad.com\/wp-content\/uploads\/2020\/07\/CONRAD-C50-SU-PALO-500x500.jpg 500w, https:\/\/cannoni-conrad.com\/wp-content\/uploads\/2020\/07\/CONRAD-C50-SU-PALO-100x100.jpg 100w, https:\/\/cannoni-conrad.com\/wp-content\/uploads\/2020\/07\/CONRAD-C50-SU-PALO-12x12.jpg 12w\" sizes=\"(max-width: 600px) 100vw, 600px\" \/>\t\t\t\t\t\t\t\t\t\t\t\t\t\t\t<\/div>\n\t\t\t\t<\/div>\n\t\t\t\t<div class=\"elementor-element elementor-element-65a7a57 elementor-widget elementor-widget-text-editor\" data-id=\"65a7a57\" data-element_type=\"widget\" data-e-type=\"widget\" data-widget_type=\"text-editor.default\">\n\t\t\t\t<div class=\"elementor-widget-container\">\n\t\t\t\t\t\t\t\t\t<p>CONRAD C50 equipado sobre un poste galvanizado, alimentado por una bomba de alta presi\u00f3n.<\/p>\t\t\t\t\t\t\t\t<\/div>\n\t\t\t\t<\/div>\n\t\t\t\t\t<\/div>\n\t\t\t\t<\/div>\n\t\t<div class=\"elementor-element elementor-element-cef6702 e-flex e-con-boxed e-con e-child\" data-id=\"cef6702\" data-element_type=\"container\" data-e-type=\"container\" data-settings=\"{&quot;background_background&quot;:&quot;classic&quot;}\">\n\t\t\t\t\t<div class=\"e-con-inner\">\n\t\t\t\t<div class=\"elementor-element elementor-element-556c75f elementor-widget elementor-widget-image\" data-id=\"556c75f\" data-element_type=\"widget\" data-e-type=\"widget\" data-widget_type=\"image.default\">\n\t\t\t\t<div class=\"elementor-widget-container\">\n\t\t\t\t\t\t\t\t\t\t\t\t\t\t\t<img decoding=\"async\" width=\"600\" height=\"600\" src=\"https:\/\/cannoni-conrad.com\/wp-content\/uploads\/2020\/07\/CONRAD-C50-BRACCIO-ARTICOLATO.jpg\" class=\"attachment-large size-large wp-image-85086\" alt=\"\" srcset=\"https:\/\/cannoni-conrad.com\/wp-content\/uploads\/2020\/07\/CONRAD-C50-BRACCIO-ARTICOLATO.jpg 600w, https:\/\/cannoni-conrad.com\/wp-content\/uploads\/2020\/07\/CONRAD-C50-BRACCIO-ARTICOLATO-500x500.jpg 500w, https:\/\/cannoni-conrad.com\/wp-content\/uploads\/2020\/07\/CONRAD-C50-BRACCIO-ARTICOLATO-100x100.jpg 100w, https:\/\/cannoni-conrad.com\/wp-content\/uploads\/2020\/07\/CONRAD-C50-BRACCIO-ARTICOLATO-12x12.jpg 12w\" sizes=\"(max-width: 600px) 100vw, 600px\" \/>\t\t\t\t\t\t\t\t\t\t\t\t\t\t\t<\/div>\n\t\t\t\t<\/div>\n\t\t\t\t<div class=\"elementor-element elementor-element-8e37542 elementor-widget elementor-widget-text-editor\" data-id=\"8e37542\" data-element_type=\"widget\" data-e-type=\"widget\" data-widget_type=\"text-editor.default\">\n\t\t\t\t<div class=\"elementor-widget-container\">\n\t\t\t\t\t\t\t\t\t<p>CONRAD C50 en un brazo articulado instalado en un sistema aut\u00f3nomo de supresi\u00f3n de polvo.<\/p>\t\t\t\t\t\t\t\t<\/div>\n\t\t\t\t<\/div>\n\t\t\t\t\t<\/div>\n\t\t\t\t<\/div>\n\t\t<div class=\"elementor-element elementor-element-198b998 e-flex e-con-boxed e-con e-child\" data-id=\"198b998\" data-element_type=\"container\" data-e-type=\"container\" data-settings=\"{&quot;background_background&quot;:&quot;classic&quot;}\">\n\t\t\t\t\t<div class=\"e-con-inner\">\n\t\t\t\t<div class=\"elementor-element elementor-element-17e6210 elementor-widget elementor-widget-image\" data-id=\"17e6210\" data-element_type=\"widget\" data-e-type=\"widget\" data-widget_type=\"image.default\">\n\t\t\t\t<div class=\"elementor-widget-container\">\n\t\t\t\t\t\t\t\t\t\t\t\t\t\t\t<img decoding=\"async\" width=\"600\" height=\"600\" src=\"https:\/\/cannoni-conrad.com\/wp-content\/uploads\/2020\/07\/CORAD-C50-SU-BRACCIO-ARTICOLATO-2.jpg\" class=\"attachment-large size-large wp-image-85087\" alt=\"\" srcset=\"https:\/\/cannoni-conrad.com\/wp-content\/uploads\/2020\/07\/CORAD-C50-SU-BRACCIO-ARTICOLATO-2.jpg 600w, https:\/\/cannoni-conrad.com\/wp-content\/uploads\/2020\/07\/CORAD-C50-SU-BRACCIO-ARTICOLATO-2-500x500.jpg 500w, https:\/\/cannoni-conrad.com\/wp-content\/uploads\/2020\/07\/CORAD-C50-SU-BRACCIO-ARTICOLATO-2-100x100.jpg 100w, https:\/\/cannoni-conrad.com\/wp-content\/uploads\/2020\/07\/CORAD-C50-SU-BRACCIO-ARTICOLATO-2-12x12.jpg 12w\" sizes=\"(max-width: 600px) 100vw, 600px\" \/>\t\t\t\t\t\t\t\t\t\t\t\t\t\t\t<\/div>\n\t\t\t\t<\/div>\n\t\t\t\t<div class=\"elementor-element elementor-element-564b24b elementor-widget elementor-widget-text-editor\" data-id=\"564b24b\" data-element_type=\"widget\" data-e-type=\"widget\" data-widget_type=\"text-editor.default\">\n\t\t\t\t<div class=\"elementor-widget-container\">\n\t\t\t\t\t\t\t\t\t<p>CONRAD C50 sobre pluma articulada: altura de trabajo alcanzable hasta 550 cm<\/p>\t\t\t\t\t\t\t\t<\/div>\n\t\t\t\t<\/div>\n\t\t\t\t\t<\/div>\n\t\t\t\t<\/div>\n\t\t\t\t<\/div>\n\t\t\t\t\t<\/div>\n\t\t\t\t<\/div>\n\t\t<div class=\"elementor-element elementor-element-4edb981 e-flex e-con-boxed e-con e-parent\" data-id=\"4edb981\" data-element_type=\"container\" data-e-type=\"container\" data-settings=\"{&quot;background_background&quot;:&quot;classic&quot;}\">\n\t\t\t\t\t<div class=\"e-con-inner\">\n\t\t\t\t<div class=\"elementor-element elementor-element-69d3073 elementor-widget elementor-widget-heading\" data-id=\"69d3073\" data-element_type=\"widget\" data-e-type=\"widget\" data-widget_type=\"heading.default\">\n\t\t\t\t<div class=\"elementor-widget-container\">\n\t\t\t\t\t<h3 class=\"elementor-heading-title elementor-size-default\">Automatizaciones y opciones<\/h3>\t\t\t\t<\/div>\n\t\t\t\t<\/div>\n\t\t<div class=\"elementor-element elementor-element-1005c86 e-grid e-con-full e-con e-child\" data-id=\"1005c86\" data-element_type=\"container\" data-e-type=\"container\">\n\t\t<div class=\"elementor-element elementor-element-26569eb e-flex e-con-boxed e-con e-child\" data-id=\"26569eb\" data-element_type=\"container\" data-e-type=\"container\" data-settings=\"{&quot;background_background&quot;:&quot;classic&quot;}\">\n\t\t\t\t\t<div class=\"e-con-inner\">\n\t\t\t\t<div class=\"elementor-element elementor-element-efa98bb elementor-widget elementor-widget-heading\" data-id=\"efa98bb\" data-element_type=\"widget\" data-e-type=\"widget\" data-widget_type=\"heading.default\">\n\t\t\t\t<div class=\"elementor-widget-container\">\n\t\t\t\t\t<h2 class=\"elementor-heading-title elementor-size-default\">Automatizaciones<\/h2>\t\t\t\t<\/div>\n\t\t\t\t<\/div>\n\t\t\t\t<div class=\"elementor-element elementor-element-22ed99d elementor-widget elementor-widget-text-editor\" data-id=\"22ed99d\" data-element_type=\"widget\" data-e-type=\"widget\" data-widget_type=\"text-editor.default\">\n\t\t\t\t<div class=\"elementor-widget-container\">\n\t\t\t\t\t\t\t\t\t<ul><li><strong>Pi\u00f1\u00f3n de aluminio calentado<\/strong> con resistencia el\u00e9ctrica para un funcionamiento bajo cero.<\/li><li><b>Panel PLC integrado con pantalla t\u00e1ctil<\/b><ul><li>control de rotaci\u00f3n de 0\u00b0 a 340\u00b0;<\/li><li>\u00e1ngulo de trabajo de -20\u00b0 a + 45\u00b0;<\/li><li>boquillas activas seleccionables;<\/li><li>Brazo articulado con movimiento arriba\/abajo;<\/li><li>Programaci\u00f3n semanal del trabajo (3 ciclos diarios de arranque\/parada)<\/li><\/ul><\/li><li><strong>Drenaje autom\u00e1tico del agua<\/strong> (funci\u00f3n excluible)<\/li><li><strong>Tipo de atomizaci\u00f3n<\/strong><ul><li>atomizaci\u00f3n fina de alta presi\u00f3n (para polvo de madera o similar)<\/li><li>spray m\u00e1s grueso (perfecto para la demolici\u00f3n)<\/li><\/ul><\/li><\/ul>\t\t\t\t\t\t\t\t<\/div>\n\t\t\t\t<\/div>\n\t\t\t\t\t<\/div>\n\t\t\t\t<\/div>\n\t\t<div class=\"elementor-element elementor-element-f38a5a7 e-flex e-con-boxed e-con e-child\" data-id=\"f38a5a7\" data-element_type=\"container\" data-e-type=\"container\" data-settings=\"{&quot;background_background&quot;:&quot;classic&quot;}\">\n\t\t\t\t\t<div class=\"e-con-inner\">\n\t\t\t\t<div class=\"elementor-element elementor-element-230fafe elementor-widget elementor-widget-heading\" data-id=\"230fafe\" data-element_type=\"widget\" data-e-type=\"widget\" data-widget_type=\"heading.default\">\n\t\t\t\t<div class=\"elementor-widget-container\">\n\t\t\t\t\t<h2 class=\"elementor-heading-title elementor-size-default\">Ca\u00f1ones y agua de Conrad<\/h2>\t\t\t\t<\/div>\n\t\t\t\t<\/div>\n\t\t\t\t<div class=\"elementor-element elementor-element-960b368 elementor-widget elementor-widget-text-editor\" data-id=\"960b368\" data-element_type=\"widget\" data-e-type=\"widget\" data-widget_type=\"text-editor.default\">\n\t\t\t\t<div class=\"elementor-widget-container\">\n\t\t\t\t\t\t\t\t\t<ul><li><p id=\"tw-target-text\" dir=\"ltr\" data-placeholder=\"Traduzione\">El sistema de filtraci\u00f3n CONRAD para el agua entrante es el mejor del mercado y utiliza un\u00a0<strong class=\"rich-node rich-node1\" data-toggle=\"tooltip\" data-placement=\"top\" data-original-title=\"Mark up: strong\"><span class=\"rich-node rich-node2\" data-toggle=\"tooltip\" data-placement=\"top\" data-original-title=\"Mark up: span\">Cartucho filtrante de acero inoxidable, longitud 500 mm x di\u00e1metro 80 mm. Filtro inspeccionable de triple malla de acero inoxidable.<\/span><\/strong><\/p><p dir=\"ltr\" data-placeholder=\"Traduzione\"><span lang=\"en\">Esto le permite utilizar cualquier tipo de agua para alimentar el ca\u00f1\u00f3n: industrial, de pozo, de anillo VVF, de depuradora, de acueducto, de recogida de lluvia...<\/span><\/p><p dir=\"ltr\" data-placeholder=\"Traduzione\"><span lang=\"en\">Todos los ca\u00f1ones CONRAD est\u00e1n equipados con una bomba vertical y autocebante para la alimentaci\u00f3n por gravedad, por lo que no necesitan presi\u00f3n de entrada de agua.<\/span><\/p><\/li><\/ul>\t\t\t\t\t\t\t\t<\/div>\n\t\t\t\t<\/div>\n\t\t\t\t\t<\/div>\n\t\t\t\t<\/div>\n\t\t<div class=\"elementor-element elementor-element-300df90 e-flex e-con-boxed e-con e-child\" data-id=\"300df90\" data-element_type=\"container\" data-e-type=\"container\" data-settings=\"{&quot;background_background&quot;:&quot;classic&quot;}\">\n\t\t\t\t\t<div class=\"e-con-inner\">\n\t\t\t\t<div class=\"elementor-element elementor-element-b7f5902 elementor-widget elementor-widget-heading\" data-id=\"b7f5902\" data-element_type=\"widget\" data-e-type=\"widget\" data-widget_type=\"heading.default\">\n\t\t\t\t<div class=\"elementor-widget-container\">\n\t\t\t\t\t<h2 class=\"elementor-heading-title elementor-size-default\">Opcional<\/h2>\t\t\t\t<\/div>\n\t\t\t\t<\/div>\n\t\t\t\t<div class=\"elementor-element elementor-element-cd8ad09 elementor-widget elementor-widget-text-editor\" data-id=\"cd8ad09\" data-element_type=\"widget\" data-e-type=\"widget\" data-widget_type=\"text-editor.default\">\n\t\t\t\t<div class=\"elementor-widget-container\">\n\t\t\t\t\t\t\t\t\t<ul><li><strong>Supresi\u00f3n de olores<\/strong>: bomba dosificadora el\u00e9ctrica para mezclar el producto qu\u00edmico de control de olores (producto qu\u00edmico no incluido)<\/li><li><strong>Mando a distancia por radio ON-OFF<\/strong> con 12 teclas de funci\u00f3n, cargador de bater\u00eda. Alcance 100 m.<\/li><li>Anem\u00f3metro integrado con PLC.<\/li><li><strong>Color de turbina personalizado.<\/strong><\/li><li><strong>Componentes Atex a petici\u00f3n seg\u00fan el nivel requerido.<\/strong><\/li><\/ul>\t\t\t\t\t\t\t\t<\/div>\n\t\t\t\t<\/div>\n\t\t\t\t\t<\/div>\n\t\t\t\t<\/div>\n\t\t\t\t<\/div>\n\t\t\t\t\t<\/div>\n\t\t\t\t<\/div>\n\t\t<div class=\"elementor-element elementor-element-dc3983e e-flex e-con-boxed e-con e-parent\" data-id=\"dc3983e\" data-element_type=\"container\" data-e-type=\"container\">\n\t\t\t\t\t<div class=\"e-con-inner\">\n\t\t\t\t<div class=\"elementor-element elementor-element-bf46d79 elementor-widget elementor-widget-heading\" data-id=\"bf46d79\" data-element_type=\"widget\" data-e-type=\"widget\" data-widget_type=\"heading.default\">\n\t\t\t\t<div class=\"elementor-widget-container\">\n\t\t\t\t\t<h3 class=\"elementor-heading-title elementor-size-default\">Aplicaciones reales\n<\/h3>\t\t\t\t<\/div>\n\t\t\t\t<\/div>\n\t\t\t\t<div class=\"elementor-element elementor-element-853b11c elementor-posts--align-left elementor-grid-widescreen-4 elementor-grid-3 elementor-grid-tablet-2 elementor-grid-mobile-1 elementor-posts--thumbnail-top elementor-widget elementor-widget-posts\" data-id=\"853b11c\" data-element_type=\"widget\" data-e-type=\"widget\" data-settings=\"{&quot;classic_row_gap&quot;:{&quot;unit&quot;:&quot;px&quot;,&quot;size&quot;:20,&quot;sizes&quot;:[]},&quot;classic_columns_widescreen&quot;:&quot;4&quot;,&quot;classic_columns&quot;:&quot;3&quot;,&quot;classic_columns_tablet&quot;:&quot;2&quot;,&quot;classic_columns_mobile&quot;:&quot;1&quot;,&quot;classic_row_gap_widescreen&quot;:{&quot;unit&quot;:&quot;px&quot;,&quot;size&quot;:&quot;&quot;,&quot;sizes&quot;:[]},&quot;classic_row_gap_tablet&quot;:{&quot;unit&quot;:&quot;px&quot;,&quot;size&quot;:&quot;&quot;,&quot;sizes&quot;:[]},&quot;classic_row_gap_mobile&quot;:{&quot;unit&quot;:&quot;px&quot;,&quot;size&quot;:&quot;&quot;,&quot;sizes&quot;:[]}}\" data-widget_type=\"posts.classic\">\n\t\t\t\t<div class=\"elementor-widget-container\">\n\t\t\t\t\t\t\t<div class=\"elementor-posts-container elementor-posts elementor-posts--skin-classic elementor-grid\" role=\"list\">\n\t\t\t\t<article class=\"elementor-post elementor-grid-item post-86771 post type-post status-publish format-standard has-post-thumbnail hentry category-conrad-c50 category-sistemi-elettronici\" role=\"listitem\">\n\t\t\t\t<a class=\"elementor-post__thumbnail__link\" href=\"https:\/\/cannoni-conrad.com\/es\/stories\/conrad-c50-riduce-le-polvere-di-una-demolizione-a-roma\/\" tabindex=\"-1\" >\n\t\t\t<div class=\"elementor-post__thumbnail\"><img decoding=\"async\" width=\"1279\" height=\"704\" src=\"https:\/\/cannoni-conrad.com\/wp-content\/uploads\/2020\/12\/2020-12-15-19_38_49-2-Conrad-C50-in-uso-per-labbattimento-polveri-da-demolizione-YouTube.png\" class=\"attachment-full size-full wp-image-86783\" alt=\"\" srcset=\"https:\/\/cannoni-conrad.com\/wp-content\/uploads\/2020\/12\/2020-12-15-19_38_49-2-Conrad-C50-in-uso-per-labbattimento-polveri-da-demolizione-YouTube.png 1279w, https:\/\/cannoni-conrad.com\/wp-content\/uploads\/2020\/12\/2020-12-15-19_38_49-2-Conrad-C50-in-uso-per-labbattimento-polveri-da-demolizione-YouTube-800x440.png 800w, https:\/\/cannoni-conrad.com\/wp-content\/uploads\/2020\/12\/2020-12-15-19_38_49-2-Conrad-C50-in-uso-per-labbattimento-polveri-da-demolizione-YouTube-768x423.png 768w, https:\/\/cannoni-conrad.com\/wp-content\/uploads\/2020\/12\/2020-12-15-19_38_49-2-Conrad-C50-in-uso-per-labbattimento-polveri-da-demolizione-YouTube-18x10.png 18w\" sizes=\"(max-width: 1279px) 100vw, 1279px\" \/><\/div>\n\t\t<\/a>\n\t\t\t\t<div class=\"elementor-post__text\">\n\t\t\t\t<h2 class=\"elementor-post__title\">\n\t\t\t<a href=\"https:\/\/cannoni-conrad.com\/es\/stories\/conrad-c50-riduce-le-polvere-di-una-demolizione-a-roma\/\" >\n\t\t\t\tConrad C50 reduce el polvo de demolici\u00f3n en Roma\t\t\t<\/a>\n\t\t<\/h2>\n\t\t\t\t<\/div>\n\t\t\t\t<\/article>\n\t\t\t\t<\/div>\n\t\t\n\t\t\t\t\t\t<\/div>\n\t\t\t\t<\/div>\n\t\t\t\t\t<\/div>\n\t\t\t\t<\/div>\n\t\t\t\t<\/div>","protected":false},"excerpt":{"rendered":"<p>La Conrad C50 es una pistola pulverizadora con un alcance de 50 metros, dise\u00f1ada para resolver el problema de la producci\u00f3n de polvo en obras de construcci\u00f3n, canteras, acer\u00edas y f\u00e1bricas de cemento.<\/p>\n<p>Equipado con una bomba dosificadora, es un valioso aliado para la reducci\u00f3n de olores en vertederos, plantas de digesti\u00f3n anaerobia, pilas de compostaje y el sector de los residuos en general.<\/p>","protected":false},"featured_media":96234,"template":"","meta":{"_acf_changed":false},"product_brand":[],"product_cat":[1341,946],"product_tag":[],"class_list":{"0":"post-86289","1":"product","2":"type-product","3":"status-publish","4":"has-post-thumbnail","6":"product_cat-cannoni-nebulizzatori","7":"product_cat-gamma-automatica","9":"first","10":"instock","11":"taxable","12":"shipping-taxable","13":"product-type-simple"},"acf":[],"_links":{"self":[{"href":"https:\/\/cannoni-conrad.com\/es\/wp-json\/wp\/v2\/product\/86289","targetHints":{"allow":["GET"]}}],"collection":[{"href":"https:\/\/cannoni-conrad.com\/es\/wp-json\/wp\/v2\/product"}],"about":[{"href":"https:\/\/cannoni-conrad.com\/es\/wp-json\/wp\/v2\/types\/product"}],"version-history":[{"count":0,"href":"https:\/\/cannoni-conrad.com\/es\/wp-json\/wp\/v2\/product\/86289\/revisions"}],"wp:featuredmedia":[{"embeddable":true,"href":"https:\/\/cannoni-conrad.com\/es\/wp-json\/wp\/v2\/media\/96234"}],"wp:attachment":[{"href":"https:\/\/cannoni-conrad.com\/es\/wp-json\/wp\/v2\/media?parent=86289"}],"wp:term":[{"taxonomy":"product_brand","embeddable":true,"href":"https:\/\/cannoni-conrad.com\/es\/wp-json\/wp\/v2\/product_brand?post=86289"},{"taxonomy":"product_cat","embeddable":true,"href":"https:\/\/cannoni-conrad.com\/es\/wp-json\/wp\/v2\/product_cat?post=86289"},{"taxonomy":"product_tag","embeddable":true,"href":"https:\/\/cannoni-conrad.com\/es\/wp-json\/wp\/v2\/product_tag?post=86289"}],"curies":[{"name":"wp","href":"https:\/\/api.w.org\/{rel}","templated":true}]}}