{"id":86264,"date":"2020-12-04T17:41:55","date_gmt":"2020-12-04T16:41:55","guid":{"rendered":"http:\/\/cannoni-conrad.com\/?post_type=product&#038;p=86264"},"modified":"2025-09-05T17:01:38","modified_gmt":"2025-09-05T15:01:38","slug":"conrad-lc50-r","status":"publish","type":"product","link":"https:\/\/cannoni-conrad.com\/es\/abbattimento-polveri\/cannoni-nebulizzatori\/gamma-semi-automatica\/conrad-lc50-r\/","title":{"rendered":"Conrad LC50R"},"content":{"rendered":"<div data-elementor-type=\"product-post\" data-elementor-id=\"86264\" class=\"elementor elementor-86264\" data-elementor-post-type=\"product\">\n\t\t\t\t<div class=\"elementor-element elementor-element-5800965 e-flex e-con-boxed e-con e-parent\" data-id=\"5800965\" data-element_type=\"container\" data-e-type=\"container\" data-settings=\"{&quot;background_background&quot;:&quot;classic&quot;}\">\n\t\t\t\t\t<div class=\"e-con-inner\">\n\t\t\t\t<div class=\"elementor-element elementor-element-0e5dd78 animated-fast elementor-invisible elementor-widget elementor-widget-heading\" data-id=\"0e5dd78\" data-element_type=\"widget\" data-e-type=\"widget\" data-settings=\"{&quot;_animation&quot;:&quot;fadeInLeft&quot;,&quot;_animation_delay&quot;:200}\" data-widget_type=\"heading.default\">\n\t\t\t\t<div class=\"elementor-widget-container\">\n\t\t\t\t\t<h2 class=\"elementor-heading-title elementor-size-default\">Dise\u00f1o y caracter\u00edsticas<\/h2>\t\t\t\t<\/div>\n\t\t\t\t<\/div>\n\t\t\t\t<div class=\"elementor-element elementor-element-59adfd2 elementor-widget elementor-widget-video\" data-id=\"59adfd2\" data-element_type=\"widget\" data-e-type=\"widget\" data-settings=\"{&quot;youtube_url&quot;:&quot;https:\\\/\\\/youtu.be\\\/bcN4vxs9yQY&quot;,&quot;yt_privacy&quot;:&quot;yes&quot;,&quot;show_image_overlay&quot;:&quot;yes&quot;,&quot;image_overlay&quot;:{&quot;url&quot;:&quot;http:\\\/\\\/cannoni-conrad.com\\\/wp-content\\\/uploads\\\/2022\\\/06\\\/Conrad-LC50R_1.3.2.jpg&quot;,&quot;id&quot;:89523,&quot;size&quot;:&quot;&quot;,&quot;alt&quot;:&quot;&quot;,&quot;source&quot;:&quot;library&quot;},&quot;video_type&quot;:&quot;youtube&quot;,&quot;controls&quot;:&quot;yes&quot;}\" data-widget_type=\"video.default\">\n\t\t\t\t<div class=\"elementor-widget-container\">\n\t\t\t\t\t\t\t<div class=\"elementor-wrapper elementor-open-inline\">\n\t\t\t<div class=\"elementor-video\"><\/div>\t\t\t\t<div class=\"elementor-custom-embed-image-overlay\" style=\"background-image: url(https:\/\/cannoni-conrad.com\/wp-content\/uploads\/2022\/06\/Conrad-LC50R_1.3.2.jpg);\">\n\t\t\t\t\t\t\t\t\t\t\t\t\t\t\t\t<div class=\"elementor-custom-embed-play\" role=\"button\" aria-label=\"Reproducir v\u00eddeo\" tabindex=\"0\">\n\t\t\t\t\t\t\t<svg aria-hidden=\"true\" class=\"e-font-icon-svg e-eicon-play\" viewbox=\"0 0 1000 1000\" xmlns=\"http:\/\/www.w3.org\/2000\/svg\"><path d=\"M838 162C746 71 633 25 500 25 371 25 258 71 163 162 71 254 25 367 25 500 25 633 71 746 163 837 254 929 367 979 500 979 633 979 746 933 838 837 929 746 975 633 975 500 975 367 929 254 838 162M808 192C892 279 933 379 933 500 933 621 892 725 808 808 725 892 621 938 500 938 379 938 279 896 196 808 113 725 67 621 67 500 67 379 108 279 196 192 279 108 383 62 500 62 621 62 721 108 808 192M438 392V642L642 517 438 392Z\"><\/path><\/svg>\t\t\t\t\t\t<\/div>\n\t\t\t\t\t\t\t\t\t<\/div>\n\t\t\t\t\t<\/div>\n\t\t\t\t\t\t<\/div>\n\t\t\t\t<\/div>\n\t\t\t\t\t<\/div>\n\t\t\t\t<\/div>\n\t\t<div class=\"elementor-element elementor-element-bf0bb03 e-flex e-con-boxed e-con e-parent\" data-id=\"bf0bb03\" data-element_type=\"container\" data-e-type=\"container\">\n\t\t\t\t\t<div class=\"e-con-inner\">\n\t\t\t\t<div class=\"elementor-element elementor-element-c4aab47 elementor-position-left elementor-vertical-align-middle elementor-widget elementor-widget-image-box\" data-id=\"c4aab47\" data-element_type=\"widget\" data-e-type=\"widget\" data-widget_type=\"image-box.default\">\n\t\t\t\t<div class=\"elementor-widget-container\">\n\t\t\t\t\t<div class=\"elementor-image-box-wrapper\"><figure class=\"elementor-image-box-img\"><img decoding=\"async\" width=\"468\" height=\"337\" src=\"https:\/\/cannoni-conrad.com\/wp-content\/uploads\/2020\/12\/plc-cannoni.jpg\" class=\"attachment-full size-full wp-image-93353\" alt=\"\" srcset=\"https:\/\/cannoni-conrad.com\/wp-content\/uploads\/2020\/12\/plc-cannoni.jpg 468w, https:\/\/cannoni-conrad.com\/wp-content\/uploads\/2020\/12\/plc-cannoni-18x12.jpg 18w\" sizes=\"(max-width: 468px) 100vw, 468px\" \/><\/figure><div class=\"elementor-image-box-content\"><h3 class=\"elementor-image-box-title\">PLC<\/h3><p class=\"elementor-image-box-description\">La pistola de supresi\u00f3n de polvo Conrad LC50R est\u00e1 equipada con un sistema electr\u00f3nico de pantalla t\u00e1ctil PLC f\u00e1cil de usar para cualquier operario.<br>\n<br>\nEl uso del PLC es esencial para ajustar con precisi\u00f3n la rotaci\u00f3n de 0\u00b0 a 340\u00b0 del ca\u00f1\u00f3n con el fin de aprovechar al m\u00e1ximo el alcance de la pulverizaci\u00f3n y actuar con mayor precisi\u00f3n sobre las zonas a tratar.<br>\n<br>\nY con el KIT INDUSTRIA 4.0 de CANNONI-CONRAD, la pistola antipolvo recibir\u00e1 20% en forma de cr\u00e9dito fiscal.<br><\/p><\/div><\/div>\t\t\t\t<\/div>\n\t\t\t\t<\/div>\n\t\t<div class=\"elementor-element elementor-element-8ba16d8 e-grid e-con-full e-con e-child\" data-id=\"8ba16d8\" data-element_type=\"container\" data-e-type=\"container\">\n\t\t<div class=\"elementor-element elementor-element-b128827 e-flex e-con-boxed e-con e-child\" data-id=\"b128827\" data-element_type=\"container\" data-e-type=\"container\" data-settings=\"{&quot;background_background&quot;:&quot;classic&quot;}\">\n\t\t\t\t\t<div class=\"e-con-inner\">\n\t\t\t\t<div class=\"elementor-element elementor-element-11de15a elementor-widget elementor-widget-heading\" data-id=\"11de15a\" data-element_type=\"widget\" data-e-type=\"widget\" data-widget_type=\"heading.default\">\n\t\t\t\t<div class=\"elementor-widget-container\">\n\t\t\t\t\t<h2 class=\"elementor-heading-title elementor-size-default\">NEBULIZADOR SEMIAUTOM\u00c1TICO<\/h2>\t\t\t\t<\/div>\n\t\t\t\t<\/div>\n\t\t\t\t<div class=\"elementor-element elementor-element-2281bb0 elementor-widget elementor-widget-text-editor\" data-id=\"2281bb0\" data-element_type=\"widget\" data-e-type=\"widget\" data-widget_type=\"text-editor.default\">\n\t\t\t\t<div class=\"elementor-widget-container\">\n\t\t\t\t\t\t\t\t\t<ul><li>45 boquillas en una corona;<\/li><li>Alcance de pulverizaci\u00f3n de 50 m;<\/li><li><span style=\"color: #000000;\"><strong>ROTACI\u00d3N AUTOM\u00c1TICA<\/strong><\/span> ajustable de 0 a 340\u00b0 con PLC integrado;<\/li><li>Equipamiento:<ul><li>sobre torre galvanizada con corona giratoria;<\/li><li>montada sobre un carro galvanizado con tres ruedas neum\u00e1ticas, dos estabilizadores y una barra de tracci\u00f3n lenta;\u00a0<\/li><li>bikini, con el ca\u00f1\u00f3n situado en altura y la unidad de control en tierra.<\/li><\/ul><\/li><\/ul>\t\t\t\t\t\t\t\t<\/div>\n\t\t\t\t<\/div>\n\t\t\t\t\t<\/div>\n\t\t\t\t<\/div>\n\t\t<div class=\"elementor-element elementor-element-ca8693c e-flex e-con-boxed e-con e-child\" data-id=\"ca8693c\" data-element_type=\"container\" data-e-type=\"container\" data-settings=\"{&quot;background_background&quot;:&quot;classic&quot;}\">\n\t\t\t\t\t<div class=\"e-con-inner\">\n\t\t\t\t<div class=\"elementor-element elementor-element-9c21d22 elementor-widget elementor-widget-heading\" data-id=\"9c21d22\" data-element_type=\"widget\" data-e-type=\"widget\" data-widget_type=\"heading.default\">\n\t\t\t\t<div class=\"elementor-widget-container\">\n\t\t\t\t\t<h2 class=\"elementor-heading-title elementor-size-default\">Ca\u00f1ones y agua de Conrad<\/h2>\t\t\t\t<\/div>\n\t\t\t\t<\/div>\n\t\t\t\t<div class=\"elementor-element elementor-element-8188ada elementor-widget elementor-widget-text-editor\" data-id=\"8188ada\" data-element_type=\"widget\" data-e-type=\"widget\" data-widget_type=\"text-editor.default\">\n\t\t\t\t<div class=\"elementor-widget-container\">\n\t\t\t\t\t\t\t\t\t<ul><li><p id=\"tw-target-text\" dir=\"ltr\" data-placeholder=\"Traduzione\">El sistema de filtraci\u00f3n CONRAD para el agua entrante es el mejor del mercado y utiliza un\u00a0<strong class=\"rich-node rich-node1\" data-toggle=\"tooltip\" data-placement=\"top\" data-original-title=\"Mark up: strong\"><span class=\"rich-node rich-node2\" data-toggle=\"tooltip\" data-placement=\"top\" data-original-title=\"Mark up: span\">Cartucho filtrante de acero inoxidable, longitud 500 mm x di\u00e1metro 80 mm. Filtro inspeccionable de triple malla de acero inoxidable.<\/span><\/strong><\/p><p dir=\"ltr\" data-placeholder=\"Traduzione\"><span lang=\"en\">Esto le permite utilizar cualquier tipo de agua para alimentar el ca\u00f1\u00f3n: industrial, de pozo, de anillo VVF, de depuradora, de acueducto, de recogida de lluvia...<\/span><\/p><p dir=\"ltr\" data-placeholder=\"Traduzione\"><span lang=\"en\">Todos los ca\u00f1ones CONRAD est\u00e1n equipados con una bomba vertical y autocebante para la alimentaci\u00f3n por gravedad, por lo que no necesitan presi\u00f3n de entrada de agua.<\/span><\/p><\/li><\/ul>\t\t\t\t\t\t\t\t<\/div>\n\t\t\t\t<\/div>\n\t\t\t\t\t<\/div>\n\t\t\t\t<\/div>\n\t\t<div class=\"elementor-element elementor-element-c934d3f e-flex e-con-boxed e-con e-child\" data-id=\"c934d3f\" data-element_type=\"container\" data-e-type=\"container\" data-settings=\"{&quot;background_background&quot;:&quot;classic&quot;}\">\n\t\t\t\t\t<div class=\"e-con-inner\">\n\t\t\t\t<div class=\"elementor-element elementor-element-6f27d90 elementor-widget elementor-widget-heading\" data-id=\"6f27d90\" data-element_type=\"widget\" data-e-type=\"widget\" data-widget_type=\"heading.default\">\n\t\t\t\t<div class=\"elementor-widget-container\">\n\t\t\t\t\t<h2 class=\"elementor-heading-title elementor-size-default\">Ventajas<\/h2>\t\t\t\t<\/div>\n\t\t\t\t<\/div>\n\t\t\t\t<div class=\"elementor-element elementor-element-41b139c elementor-widget elementor-widget-text-editor\" data-id=\"41b139c\" data-element_type=\"widget\" data-e-type=\"widget\" data-widget_type=\"text-editor.default\">\n\t\t\t\t<div class=\"elementor-widget-container\">\n\t\t\t\t\t\t\t\t\t<ul><li>montajes dise\u00f1ados para satisfacer las necesidades y los requisitos de los emplazamientos temporales y los emplazamientos permanentes;<\/li><li>gran alcance: no hay duda de que alcanzar\u00e1 la p\u00f3lvora;<\/li><li>Panel de pantalla t\u00e1ctil PLC: botones intuitivos para un manejo r\u00e1pido y sencillo;<\/li><li>Materiales robustos: hechos para la obra;<\/li><li>puede implementarse con el radiomando de 8 botones: trabaje a distancia por su cuenta;<\/li><li>Bienes subvencionables con Industria 4.o: cr\u00e9dito fiscal de 20% en ca\u00f1ones (<a href=\"http:\/\/cannoni-conrad.com\/es\/noticias\/industria-4-0-para-un-sistema-de-abastecimiento-de-polvo-con-canones-que-pueden\/\">pulse aqu\u00ed para leer m\u00e1s<\/a>).<\/li><\/ul>\t\t\t\t\t\t\t\t<\/div>\n\t\t\t\t<\/div>\n\t\t\t\t\t<\/div>\n\t\t\t\t<\/div>\n\t\t\t\t<\/div>\n\t\t\t\t\t<\/div>\n\t\t\t\t<\/div>\n\t\t<div class=\"elementor-element elementor-element-71eb1d6 e-flex e-con-boxed e-con e-parent\" data-id=\"71eb1d6\" data-element_type=\"container\" data-e-type=\"container\" data-settings=\"{&quot;background_background&quot;:&quot;classic&quot;}\">\n\t\t\t\t\t<div class=\"e-con-inner\">\n\t\t\t\t<div class=\"elementor-element elementor-element-f6f1a5a elementor-widget elementor-widget-heading\" data-id=\"f6f1a5a\" data-element_type=\"widget\" data-e-type=\"widget\" data-widget_type=\"heading.default\">\n\t\t\t\t<div class=\"elementor-widget-container\">\n\t\t\t\t\t<h2 class=\"elementor-heading-title elementor-size-default\">Otras dos versiones<\/h2>\t\t\t\t<\/div>\n\t\t\t\t<\/div>\n\t\t<div class=\"elementor-element elementor-element-6408c7e e-grid e-con-full e-con e-child\" data-id=\"6408c7e\" data-element_type=\"container\" data-e-type=\"container\" data-settings=\"{&quot;background_background&quot;:&quot;classic&quot;}\">\n\t\t\t\t<div class=\"elementor-element elementor-element-fad2cd4 elementor-position-top elementor-widget elementor-widget-image-box\" data-id=\"fad2cd4\" data-element_type=\"widget\" data-e-type=\"widget\" data-widget_type=\"image-box.default\">\n\t\t\t\t<div class=\"elementor-widget-container\">\n\t\t\t\t\t<div class=\"elementor-image-box-wrapper\"><figure class=\"elementor-image-box-img\"><img decoding=\"async\" width=\"2368\" height=\"2528\" src=\"https:\/\/cannoni-conrad.com\/wp-content\/uploads\/2020\/12\/scontorno-LC50R-grigio-bikini_bollo.png\" class=\"attachment-full size-full wp-image-93348\" alt=\"\" srcset=\"https:\/\/cannoni-conrad.com\/wp-content\/uploads\/2020\/12\/scontorno-LC50R-grigio-bikini_bollo.png 2368w, https:\/\/cannoni-conrad.com\/wp-content\/uploads\/2020\/12\/scontorno-LC50R-grigio-bikini_bollo-800x854.png 800w, https:\/\/cannoni-conrad.com\/wp-content\/uploads\/2020\/12\/scontorno-LC50R-grigio-bikini_bollo-768x820.png 768w, https:\/\/cannoni-conrad.com\/wp-content\/uploads\/2020\/12\/scontorno-LC50R-grigio-bikini_bollo-1439x1536.png 1439w, https:\/\/cannoni-conrad.com\/wp-content\/uploads\/2020\/12\/scontorno-LC50R-grigio-bikini_bollo-1918x2048.png 1918w, https:\/\/cannoni-conrad.com\/wp-content\/uploads\/2020\/12\/scontorno-LC50R-grigio-bikini_bollo-11x12.png 11w\" sizes=\"(max-width: 2368px) 100vw, 2368px\" \/><\/figure><div class=\"elementor-image-box-content\"><h3 class=\"elementor-image-box-title\">versi\u00f3n bikini<\/h3><p class=\"elementor-image-box-description\">La versi\u00f3n bikini tiene un montaje del ca\u00f1\u00f3n dividido en dos\nel ca\u00f1\u00f3n con quinta rueda instalado en altura y el bloque de control con PLC y bomba colocado en tierra.\n<\/p><\/div><\/div>\t\t\t\t<\/div>\n\t\t\t\t<\/div>\n\t\t\t\t<div class=\"elementor-element elementor-element-2cafe36 elementor-position-top elementor-widget elementor-widget-image-box\" data-id=\"2cafe36\" data-element_type=\"widget\" data-e-type=\"widget\" data-widget_type=\"image-box.default\">\n\t\t\t\t<div class=\"elementor-widget-container\">\n\t\t\t\t\t<div class=\"elementor-image-box-wrapper\"><figure class=\"elementor-image-box-img\"><img decoding=\"async\" width=\"2252\" height=\"2560\" src=\"https:\/\/cannoni-conrad.com\/wp-content\/uploads\/2020\/12\/LC50R-A70-malta-scontorno.png\" class=\"attachment-full size-full wp-image-93349\" alt=\"\" srcset=\"https:\/\/cannoni-conrad.com\/wp-content\/uploads\/2020\/12\/LC50R-A70-malta-scontorno.png 2252w, https:\/\/cannoni-conrad.com\/wp-content\/uploads\/2020\/12\/LC50R-A70-malta-scontorno-800x910.png 800w, https:\/\/cannoni-conrad.com\/wp-content\/uploads\/2020\/12\/LC50R-A70-malta-scontorno-768x873.png 768w, https:\/\/cannoni-conrad.com\/wp-content\/uploads\/2020\/12\/LC50R-A70-malta-scontorno-1351x1536.png 1351w, https:\/\/cannoni-conrad.com\/wp-content\/uploads\/2020\/12\/LC50R-A70-malta-scontorno-1801x2048.png 1801w, https:\/\/cannoni-conrad.com\/wp-content\/uploads\/2020\/12\/LC50R-A70-malta-scontorno-11x12.png 11w\" sizes=\"(max-width: 2252px) 100vw, 2252px\" \/><\/figure><div class=\"elementor-image-box-content\"><h3 class=\"elementor-image-box-title\">versi\u00f3n de brazo articulado<\/h3><p class=\"elementor-image-box-description\">La versi\u00f3n de brazo articulado de nuestros ca\u00f1ones de pulverizaci\u00f3n es vers\u00e1til y popular tanto en el sector de la demolici\u00f3n como en el de la gesti\u00f3n de residuos.\n\nLa pluma articulada permite una altura de 5,5 metros, lo que hace posible alcanzar y acercarse a la fuente del polvo.\nEl ca\u00f1\u00f3n pulverizador de brazo articulado puede utilizarse en muchos casos para aprovechar una posici\u00f3n m\u00e1s elevada con respecto a la generaci\u00f3n de polvo y actuar as\u00ed con mayor eficacia y rapidez en la contenci\u00f3n y reducci\u00f3n.\n<\/p><\/div><\/div>\t\t\t\t<\/div>\n\t\t\t\t<\/div>\n\t\t\t\t<\/div>\n\t\t\t\t\t<\/div>\n\t\t\t\t<\/div>\n\t\t<div class=\"elementor-element elementor-element-bfed9b7 e-flex e-con-boxed e-con e-parent\" data-id=\"bfed9b7\" data-element_type=\"container\" data-e-type=\"container\">\n\t\t\t\t\t<div class=\"e-con-inner\">\n\t\t\t\t<div class=\"elementor-element elementor-element-5eace0d elementor-widget elementor-widget-heading\" data-id=\"5eace0d\" data-element_type=\"widget\" data-e-type=\"widget\" data-widget_type=\"heading.default\">\n\t\t\t\t<div class=\"elementor-widget-container\">\n\t\t\t\t\t<h2 class=\"elementor-heading-title elementor-size-default\">Aplicaciones reales<\/h2>\t\t\t\t<\/div>\n\t\t\t\t<\/div>\n\t\t\t\t<div class=\"elementor-element elementor-element-c0497db elementor-grid-4 elementor-grid-tablet-1 elementor-posts--align-left elementor-grid-mobile-1 elementor-posts--thumbnail-top elementor-widget elementor-widget-posts\" data-id=\"c0497db\" data-element_type=\"widget\" data-e-type=\"widget\" data-settings=\"{&quot;classic_columns&quot;:&quot;4&quot;,&quot;classic_columns_tablet&quot;:&quot;1&quot;,&quot;classic_row_gap&quot;:{&quot;unit&quot;:&quot;px&quot;,&quot;size&quot;:&quot;60&quot;,&quot;sizes&quot;:[]},&quot;classic_columns_mobile&quot;:&quot;1&quot;,&quot;classic_row_gap_widescreen&quot;:{&quot;unit&quot;:&quot;px&quot;,&quot;size&quot;:&quot;&quot;,&quot;sizes&quot;:[]},&quot;classic_row_gap_tablet&quot;:{&quot;unit&quot;:&quot;px&quot;,&quot;size&quot;:&quot;&quot;,&quot;sizes&quot;:[]},&quot;classic_row_gap_mobile&quot;:{&quot;unit&quot;:&quot;px&quot;,&quot;size&quot;:&quot;&quot;,&quot;sizes&quot;:[]}}\" data-widget_type=\"posts.classic\">\n\t\t\t\t<div class=\"elementor-widget-container\">\n\t\t\t\t\t\t\t<div class=\"elementor-posts-container elementor-posts elementor-posts--skin-classic elementor-grid\" role=\"list\">\n\t\t\t\t<article class=\"elementor-post elementor-grid-item post-93371 post type-post status-publish format-standard has-post-thumbnail hentry category-conrad-lc50r category-esperienza\" role=\"listitem\">\n\t\t\t\t<a class=\"elementor-post__thumbnail__link\" href=\"https:\/\/cannoni-conrad.com\/es\/stories\/un-nebulizzatore-su-misura-si-puo\/\" tabindex=\"-1\" >\n\t\t\t<div class=\"elementor-post__thumbnail\"><img decoding=\"async\" width=\"583\" height=\"668\" src=\"https:\/\/cannoni-conrad.com\/wp-content\/uploads\/2023\/12\/lc50r-a70.jpg\" class=\"attachment-2048x2048 size-2048x2048 wp-image-93377\" alt=\"\" srcset=\"https:\/\/cannoni-conrad.com\/wp-content\/uploads\/2023\/12\/lc50r-a70.jpg 583w, https:\/\/cannoni-conrad.com\/wp-content\/uploads\/2023\/12\/lc50r-a70-10x12.jpg 10w\" sizes=\"(max-width: 583px) 100vw, 583px\" \/><\/div>\n\t\t<\/a>\n\t\t\t\t<div class=\"elementor-post__text\">\n\t\t\t\t<h2 class=\"elementor-post__title\">\n\t\t\t<a href=\"https:\/\/cannoni-conrad.com\/es\/stories\/un-nebulizzatore-su-misura-si-puo\/\" >\n\t\t\t\t\u00bfUn nebulizador a medida? Puede hacerlo.\t\t\t<\/a>\n\t\t<\/h2>\n\t\t\t\t<div class=\"elementor-post__meta-data\">\n\t\t\t\t\t<span class=\"elementor-post-date\">\n\t\t\t20 de diciembre de 2023\t\t<\/span>\n\t\t\t\t<\/div>\n\t\t\t\t<\/div>\n\t\t\t\t<\/article>\n\t\t\t\t<article class=\"elementor-post elementor-grid-item post-93337 post type-post status-publish format-standard has-post-thumbnail hentry category-conrad-lc50r category-esperienza tag-cannone-posizionato-su-mensola tag-installazione-cannone\" role=\"listitem\">\n\t\t\t\t<a class=\"elementor-post__thumbnail__link\" href=\"https:\/\/cannoni-conrad.com\/es\/stories\/lc50r-versione-bikini\/\" tabindex=\"-1\" >\n\t\t\t<div class=\"elementor-post__thumbnail\"><img decoding=\"async\" width=\"1600\" height=\"774\" src=\"https:\/\/cannoni-conrad.com\/wp-content\/uploads\/2023\/12\/Immagine-WhatsApp-2023-11-29-ore-13.57.26_c6b527a2.jpg\" class=\"attachment-2048x2048 size-2048x2048 wp-image-93357\" alt=\"\" srcset=\"https:\/\/cannoni-conrad.com\/wp-content\/uploads\/2023\/12\/Immagine-WhatsApp-2023-11-29-ore-13.57.26_c6b527a2.jpg 1600w, https:\/\/cannoni-conrad.com\/wp-content\/uploads\/2023\/12\/Immagine-WhatsApp-2023-11-29-ore-13.57.26_c6b527a2-800x387.jpg 800w, https:\/\/cannoni-conrad.com\/wp-content\/uploads\/2023\/12\/Immagine-WhatsApp-2023-11-29-ore-13.57.26_c6b527a2-768x372.jpg 768w, https:\/\/cannoni-conrad.com\/wp-content\/uploads\/2023\/12\/Immagine-WhatsApp-2023-11-29-ore-13.57.26_c6b527a2-1536x743.jpg 1536w, https:\/\/cannoni-conrad.com\/wp-content\/uploads\/2023\/12\/Immagine-WhatsApp-2023-11-29-ore-13.57.26_c6b527a2-18x9.jpg 18w\" sizes=\"(max-width: 1600px) 100vw, 1600px\" \/><\/div>\n\t\t<\/a>\n\t\t\t\t<div class=\"elementor-post__text\">\n\t\t\t\t<h2 class=\"elementor-post__title\">\n\t\t\t<a href=\"https:\/\/cannoni-conrad.com\/es\/stories\/lc50r-versione-bikini\/\" >\n\t\t\t\tLC50R versi\u00f3n BIKINI\t\t\t<\/a>\n\t\t<\/h2>\n\t\t\t\t<div class=\"elementor-post__meta-data\">\n\t\t\t\t\t<span class=\"elementor-post-date\">\n\t\t\t5 de diciembre de 2023\t\t<\/span>\n\t\t\t\t<\/div>\n\t\t\t\t<\/div>\n\t\t\t\t<\/article>\n\t\t\t\t<article class=\"elementor-post elementor-grid-item post-89915 post type-post status-publish format-standard has-post-thumbnail hentry category-conrad-lc50r category-esperienza category-sistemi-indipendenti tag-cannone-nebulizzatore-su-camion tag-cannone-nebulizzatore-trasportabile-su-camion tag-cannone-spara-acqua-per-camion-scarrabile tag-sistema-abbattimento-polveri-su-camion-piccolo\" role=\"listitem\">\n\t\t\t\t<a class=\"elementor-post__thumbnail__link\" href=\"https:\/\/cannoni-conrad.com\/es\/stories\/sistema-abbatti-polvere-su-sella-scarrabile-da-4-metri\/\" tabindex=\"-1\" >\n\t\t\t<div class=\"elementor-post__thumbnail\"><img decoding=\"async\" width=\"1024\" height=\"768\" src=\"https:\/\/cannoni-conrad.com\/wp-content\/uploads\/2022\/06\/LC50R-scarrabile-Cavit-6-no-name-Media.jpg\" class=\"attachment-2048x2048 size-2048x2048 wp-image-89916\" alt=\"\" srcset=\"https:\/\/cannoni-conrad.com\/wp-content\/uploads\/2022\/06\/LC50R-scarrabile-Cavit-6-no-name-Media.jpg 1024w, https:\/\/cannoni-conrad.com\/wp-content\/uploads\/2022\/06\/LC50R-scarrabile-Cavit-6-no-name-Media-800x600.jpg 800w, https:\/\/cannoni-conrad.com\/wp-content\/uploads\/2022\/06\/LC50R-scarrabile-Cavit-6-no-name-Media-768x576.jpg 768w, https:\/\/cannoni-conrad.com\/wp-content\/uploads\/2022\/06\/LC50R-scarrabile-Cavit-6-no-name-Media-16x12.jpg 16w\" sizes=\"(max-width: 1024px) 100vw, 1024px\" \/><\/div>\n\t\t<\/a>\n\t\t\t\t<div class=\"elementor-post__text\">\n\t\t\t\t<h2 class=\"elementor-post__title\">\n\t\t\t<a href=\"https:\/\/cannoni-conrad.com\/es\/stories\/sistema-abbatti-polvere-su-sella-scarrabile-da-4-metri\/\" >\n\t\t\t\tSistema de supresi\u00f3n de polvo en el sill\u00edn rodante de 4 metros\t\t\t<\/a>\n\t\t<\/h2>\n\t\t\t\t<div class=\"elementor-post__meta-data\">\n\t\t\t\t\t<span class=\"elementor-post-date\">\n\t\t\t20 de junio de 2022\t\t<\/span>\n\t\t\t\t<\/div>\n\t\t\t\t<\/div>\n\t\t\t\t<\/article>\n\t\t\t\t<article class=\"elementor-post elementor-grid-item post-88719 post type-post status-publish format-standard has-post-thumbnail hentry category-conrad-lc50r category-esperienza tag-polvere-da-riciclo-inerti\" role=\"listitem\">\n\t\t\t\t<a class=\"elementor-post__thumbnail__link\" href=\"https:\/\/cannoni-conrad.com\/es\/stories\/nebulizzatore-conrad-lc50r-impianto-di-riciclo-inerti-teramo\/\" tabindex=\"-1\" >\n\t\t\t<div class=\"elementor-post__thumbnail\"><img decoding=\"async\" width=\"1165\" height=\"947\" src=\"https:\/\/cannoni-conrad.com\/wp-content\/uploads\/2022\/02\/LC50R-impianto-riciclo-inerti.jpeg\" class=\"attachment-2048x2048 size-2048x2048 wp-image-92083\" alt=\"\" srcset=\"https:\/\/cannoni-conrad.com\/wp-content\/uploads\/2022\/02\/LC50R-impianto-riciclo-inerti.jpeg 1165w, https:\/\/cannoni-conrad.com\/wp-content\/uploads\/2022\/02\/LC50R-impianto-riciclo-inerti-800x650.jpeg 800w, https:\/\/cannoni-conrad.com\/wp-content\/uploads\/2022\/02\/LC50R-impianto-riciclo-inerti-768x624.jpeg 768w, https:\/\/cannoni-conrad.com\/wp-content\/uploads\/2022\/02\/LC50R-impianto-riciclo-inerti-15x12.jpeg 15w\" sizes=\"(max-width: 1165px) 100vw, 1165px\" \/><\/div>\n\t\t<\/a>\n\t\t\t\t<div class=\"elementor-post__text\">\n\t\t\t\t<h2 class=\"elementor-post__title\">\n\t\t\t<a href=\"https:\/\/cannoni-conrad.com\/es\/stories\/nebulizzatore-conrad-lc50r-impianto-di-riciclo-inerti-teramo\/\" >\n\t\t\t\tPulverizador Conrad LC50R - planta de reciclaje de inertes - Teramo\t\t\t<\/a>\n\t\t<\/h2>\n\t\t\t\t<div class=\"elementor-post__meta-data\">\n\t\t\t\t\t<span class=\"elementor-post-date\">\n\t\t\t22 febrero 2022\t\t<\/span>\n\t\t\t\t<\/div>\n\t\t\t\t<\/div>\n\t\t\t\t<\/article>\n\t\t\t\t<\/div>\n\t\t\n\t\t\t\t\t\t<\/div>\n\t\t\t\t<\/div>\n\t\t\t\t\t<\/div>\n\t\t\t\t<\/div>\n\t\t\t\t<\/div>","protected":false},"excerpt":{"rendered":"<p style=\"text-align: left;\">La LC50R de CONRAD es una pistola de 50 m ideal para reducir el polvo durante las actividades de demolici\u00f3n, tambi\u00e9n apreciada como apoyo en las plantas de reciclaje de \u00e1ridos para controlar el polvo que sale de las cintas transportadoras y las cribas para separar los materiales inertes.<\/p>\n<p style=\"text-align: left;\">La LC50R tiene un alcance de 50 m y una cobertura de aproximadamente 7.500 m\u00b2, gracias a su PLC para el control autom\u00e1tico de la rotaci\u00f3n programable hasta 340\u00b0.<\/p>\n<p>La carretilla equipada con 3 ruedas neum\u00e1ticas, 2 estabilizadores y una lanza hace que la CONRAD LC50R sea muy maniobrable incluso en los terrenos m\u00e1s accidentados.<\/p>","protected":false},"featured_media":93154,"template":"","meta":{"_acf_changed":false},"product_brand":[],"product_cat":[1341,945],"product_tag":[1257,1259,1258],"class_list":{"0":"post-86264","1":"product","2":"type-product","3":"status-publish","4":"has-post-thumbnail","6":"product_cat-cannoni-nebulizzatori","7":"product_cat-gamma-semi-automatica","8":"product_tag-cannone-50-m","9":"product_tag-cannone-nebulizzatore-per-demolire","10":"product_tag-nebulizzatore-ad-acqua","12":"first","13":"instock","14":"taxable","15":"shipping-taxable","16":"product-type-simple"},"acf":[],"_links":{"self":[{"href":"https:\/\/cannoni-conrad.com\/es\/wp-json\/wp\/v2\/product\/86264","targetHints":{"allow":["GET"]}}],"collection":[{"href":"https:\/\/cannoni-conrad.com\/es\/wp-json\/wp\/v2\/product"}],"about":[{"href":"https:\/\/cannoni-conrad.com\/es\/wp-json\/wp\/v2\/types\/product"}],"version-history":[{"count":0,"href":"https:\/\/cannoni-conrad.com\/es\/wp-json\/wp\/v2\/product\/86264\/revisions"}],"wp:featuredmedia":[{"embeddable":true,"href":"https:\/\/cannoni-conrad.com\/es\/wp-json\/wp\/v2\/media\/93154"}],"wp:attachment":[{"href":"https:\/\/cannoni-conrad.com\/es\/wp-json\/wp\/v2\/media?parent=86264"}],"wp:term":[{"taxonomy":"product_brand","embeddable":true,"href":"https:\/\/cannoni-conrad.com\/es\/wp-json\/wp\/v2\/product_brand?post=86264"},{"taxonomy":"product_cat","embeddable":true,"href":"https:\/\/cannoni-conrad.com\/es\/wp-json\/wp\/v2\/product_cat?post=86264"},{"taxonomy":"product_tag","embeddable":true,"href":"https:\/\/cannoni-conrad.com\/es\/wp-json\/wp\/v2\/product_tag?post=86264"}],"curies":[{"name":"wp","href":"https:\/\/api.w.org\/{rel}","templated":true}]}}