{"id":89173,"date":"2022-03-23T11:26:15","date_gmt":"2022-03-23T10:26:15","guid":{"rendered":"http:\/\/cannoni-conrad.com\/?page_id=89173"},"modified":"2025-05-09T17:47:24","modified_gmt":"2025-05-09T15:47:24","slug":"industria-4-0-y-sistemas-nebulizadores","status":"publish","type":"page","link":"https:\/\/cannoni-conrad.com\/es\/industria-4-0-e-impianti-nebulizzatori\/","title":{"rendered":"Industria 4.0 y pulverizadores"},"content":{"rendered":"<div data-elementor-type=\"wp-page\" data-elementor-id=\"89173\" class=\"elementor elementor-89173\" data-elementor-post-type=\"page\">\n\t\t\t\t<div class=\"elementor-element elementor-element-6e39380 e-flex e-con-boxed e-con e-parent\" data-id=\"6e39380\" data-element_type=\"container\" data-e-type=\"container\" data-settings=\"{&quot;background_background&quot;:&quot;classic&quot;}\">\n\t\t\t\t\t<div class=\"e-con-inner\">\n\t\t\t\t<div class=\"elementor-element elementor-element-a34378e elementor-widget elementor-widget-heading\" data-id=\"a34378e\" data-element_type=\"widget\" data-e-type=\"widget\" data-widget_type=\"heading.default\">\n\t\t\t\t<div class=\"elementor-widget-container\">\n\t\t\t\t\t<h1 class=\"elementor-heading-title elementor-size-default\">Industria 4.0<\/h1>\t\t\t\t<\/div>\n\t\t\t\t<\/div>\n\t\t\t\t<div class=\"elementor-element elementor-element-3f32198 elementor-widget__width-initial elementor-widget elementor-widget-text-editor\" data-id=\"3f32198\" data-element_type=\"widget\" data-e-type=\"widget\" data-widget_type=\"text-editor.default\">\n\t\t\t\t<div class=\"elementor-widget-container\">\n\t\t\t\t\t\t\t\t\t<p><span style=\"font-weight: 400;\">Para los activos materiales 4.0 (activos incluidos en el Anexo A anejo a la Ley de Presupuestos 2021), para las nuevas inversiones realizadas a partir del 1 de enero de 2022, <\/span><b>el cr\u00e9dito fiscal ser\u00e1 igual a 40% .<\/b><\/p>\t\t\t\t\t\t\t\t<\/div>\n\t\t\t\t<\/div>\n\t\t\t\t<div class=\"elementor-element elementor-element-93c5483 elementor-align-left elementor-tablet-align-center elementor-widget elementor-widget-global elementor-global-91817 elementor-widget-button\" data-id=\"93c5483\" data-element_type=\"widget\" data-e-type=\"widget\" data-widget_type=\"button.default\">\n\t\t\t\t<div class=\"elementor-widget-container\">\n\t\t\t\t\t\t\t\t\t<div class=\"elementor-button-wrapper\">\n\t\t\t\t\t<a class=\"elementor-button elementor-button-link elementor-size-md\" href=\"#elementor-action%3Aaction%3Dpopup%3Aopen%26settings%3DeyJpZCI6Ijg1MjY2IiwidG9nZ2xlIjpmYWxzZX0%3D\" target=\"_blank\">\n\t\t\t\t\t\t<span class=\"elementor-button-content-wrapper\">\n\t\t\t\t\t\t\t\t\t<span class=\"elementor-button-text\">Solicitar un presupuesto<\/span>\n\t\t\t\t\t<\/span>\n\t\t\t\t\t<\/a>\n\t\t\t\t<\/div>\n\t\t\t\t\t\t\t\t<\/div>\n\t\t\t\t<\/div>\n\t\t\t\t\t<\/div>\n\t\t\t\t<\/div>\n\t\t<div class=\"elementor-element elementor-element-d96e5f7 e-flex e-con-boxed e-con e-parent\" data-id=\"d96e5f7\" data-element_type=\"container\" data-e-type=\"container\">\n\t\t\t\t\t<div class=\"e-con-inner\">\n\t\t<div class=\"elementor-element elementor-element-ada7a85 e-flex e-con-boxed e-con e-child\" data-id=\"ada7a85\" data-element_type=\"container\" data-e-type=\"container\" data-settings=\"{&quot;background_background&quot;:&quot;classic&quot;}\">\n\t\t\t\t\t<div class=\"e-con-inner\">\n\t\t\t\t\t<\/div>\n\t\t\t\t<\/div>\n\t\t<div class=\"elementor-element elementor-element-0757c32 e-flex e-con-boxed e-con e-child\" data-id=\"0757c32\" data-element_type=\"container\" data-e-type=\"container\">\n\t\t\t\t\t<div class=\"e-con-inner\">\n\t\t\t\t<div class=\"elementor-element elementor-element-8ac7160 elementor-widget elementor-widget-heading\" data-id=\"8ac7160\" data-element_type=\"widget\" data-e-type=\"widget\" data-widget_type=\"heading.default\">\n\t\t\t\t<div class=\"elementor-widget-container\">\n\t\t\t\t\t<h3 class=\"elementor-heading-title elementor-size-default\">\u00bfSistemas de Industria 4.0 en un sistema de supresi\u00f3n de polvo?<\/h3>\t\t\t\t<\/div>\n\t\t\t\t<\/div>\n\t\t\t\t<div class=\"elementor-element elementor-element-6602bbd elementor-widget elementor-widget-text-editor\" data-id=\"6602bbd\" data-element_type=\"widget\" data-e-type=\"widget\" data-widget_type=\"text-editor.default\">\n\t\t\t\t<div class=\"elementor-widget-container\">\n\t\t\t\t\t\t\t\t\t<p>La respuesta es s\u00ed, Cannoni-Conrad ha dise\u00f1ado el sistema adecuado y lo ha certificado conforme a los criterios exigidos por la norma Industria 4.0.<\/p><p>As\u00ed, los ca\u00f1ones de pulverizaci\u00f3n de la marca Cannoni-Conrad podr\u00e1n equiparse con un sistema Industria 4.0 que se conectar\u00e1 al PLC de la m\u00e1quina y que les permitir\u00e1 beneficiarse de las ventajas fiscales previstas por la ley presupuestaria de 2021.<\/p><p><span style=\"font-weight: 400;\">El sistema de interconexi\u00f3n CANNONI-CONRAD tambi\u00e9n est\u00e1 equipado con una pantalla para facilitar la interfaz hombre\/m\u00e1quina y ha superado las pruebas m\u00e1s exigentes.<\/span><\/p>\t\t\t\t\t\t\t\t<\/div>\n\t\t\t\t<\/div>\n\t\t\t\t\t<\/div>\n\t\t\t\t<\/div>\n\t\t\t\t\t<\/div>\n\t\t\t\t<\/div>\n\t\t<div class=\"elementor-element elementor-element-56f1f58 e-flex e-con-boxed e-con e-parent\" data-id=\"56f1f58\" data-element_type=\"container\" data-e-type=\"container\" data-settings=\"{&quot;background_background&quot;:&quot;classic&quot;}\">\n\t\t\t\t\t<div class=\"e-con-inner\">\n\t\t\t\t<div class=\"elementor-element elementor-element-32b3d40 elementor-widget elementor-widget-heading\" data-id=\"32b3d40\" data-element_type=\"widget\" data-e-type=\"widget\" data-widget_type=\"heading.default\">\n\t\t\t\t<div class=\"elementor-widget-container\">\n\t\t\t\t\t<h2 class=\"elementor-heading-title elementor-size-default\">El sistema CANNONI-CONRAD certificado:<\/h2>\t\t\t\t<\/div>\n\t\t\t\t<\/div>\n\t\t\t\t\t<\/div>\n\t\t\t\t<\/div>\n\t\t<div class=\"elementor-element elementor-element-529df2f e-flex e-con-boxed e-con e-parent\" data-id=\"529df2f\" data-element_type=\"container\" data-e-type=\"container\" data-settings=\"{&quot;background_background&quot;:&quot;classic&quot;}\">\n\t\t\t\t\t<div class=\"e-con-inner\">\n\t\t<div class=\"elementor-element elementor-element-7b54f4f e-flex e-con-boxed e-con e-child\" data-id=\"7b54f4f\" data-element_type=\"container\" data-e-type=\"container\">\n\t\t\t\t\t<div class=\"e-con-inner\">\n\t\t\t\t<div class=\"elementor-element elementor-element-c015613 elementor-widget elementor-widget-image\" data-id=\"c015613\" data-element_type=\"widget\" data-e-type=\"widget\" data-widget_type=\"image.default\">\n\t\t\t\t<div class=\"elementor-widget-container\">\n\t\t\t\t\t\t\t\t\t\t\t\t\t\t\t<img decoding=\"async\" width=\"411\" height=\"298\" src=\"https:\/\/cannoni-conrad.com\/wp-content\/uploads\/2022\/03\/MONITOR-DISPLAY-4.0-CANNONI-CONRAD.jpg\" class=\"attachment-large size-large wp-image-89210\" alt=\"\" srcset=\"https:\/\/cannoni-conrad.com\/wp-content\/uploads\/2022\/03\/MONITOR-DISPLAY-4.0-CANNONI-CONRAD.jpg 411w, https:\/\/cannoni-conrad.com\/wp-content\/uploads\/2022\/03\/MONITOR-DISPLAY-4.0-CANNONI-CONRAD-18x12.jpg 18w\" sizes=\"(max-width: 411px) 100vw, 411px\" \/>\t\t\t\t\t\t\t\t\t\t\t\t\t\t\t<\/div>\n\t\t\t\t<\/div>\n\t\t\t\t<div class=\"elementor-element elementor-element-083445e elementor-widget elementor-widget-heading\" data-id=\"083445e\" data-element_type=\"widget\" data-e-type=\"widget\" data-widget_type=\"heading.default\">\n\t\t\t\t<div class=\"elementor-widget-container\">\n\t\t\t\t\t<h3 class=\"elementor-heading-title elementor-size-default\">Visualizaci\u00f3n de la interfaz usuario\/m\u00e1quina<\/h3>\t\t\t\t<\/div>\n\t\t\t\t<\/div>\n\t\t\t\t<div class=\"elementor-element elementor-element-4cea12f elementor-widget elementor-widget-text-editor\" data-id=\"4cea12f\" data-element_type=\"widget\" data-e-type=\"widget\" data-widget_type=\"text-editor.default\">\n\t\t\t\t<div class=\"elementor-widget-container\">\n\t\t\t\t\t\t\t\t\t<p>El sistema de caja telem\u00e1tica Industria 4.0 de CANNONI-CONRAD est\u00e1 siempre integrado con la pantalla y es el accesorio esencial que conecta la caja telem\u00e1tica e implementa la interfaz hombre-m\u00e1quina en el ca\u00f1\u00f3n:<\/p><ul><li aria-level=\"1\" aria-checked=\"false\">Env\u00edo y b\u00fasqueda de trabajos por realizar (Jobs) sincronizados con la nube en tiempo real<\/li><li aria-level=\"1\" aria-checked=\"false\">N\u00ba 3 Activadores remotos programables de dispositivos\/accesorios de a bordo<\/li><li aria-level=\"1\" aria-checked=\"false\">Indicador de carga de la bater\u00eda principal<\/li><li aria-level=\"1\" aria-checked=\"false\">Indicador de habilitaci\u00f3n de arranque - indica la habilitaci\u00f3n de arranque al operador<\/li><li aria-level=\"1\" aria-checked=\"false\">Tipo de monitor: LCD gr\u00e1fico en color TFT de 4,3\u2033 con LED<\/li><li aria-level=\"1\" aria-checked=\"false\">Colores: 16,7 M<\/li><li aria-level=\"1\" aria-checked=\"false\">Dimensiones: 14 x 10 x 5 cm<\/li><li aria-level=\"1\" aria-checked=\"false\">IP: 65<\/li><\/ul>\t\t\t\t\t\t\t\t<\/div>\n\t\t\t\t<\/div>\n\t\t\t\t\t<\/div>\n\t\t\t\t<\/div>\n\t\t<div class=\"elementor-element elementor-element-93f8cbb e-flex e-con-boxed e-con e-child\" data-id=\"93f8cbb\" data-element_type=\"container\" data-e-type=\"container\">\n\t\t\t\t\t<div class=\"e-con-inner\">\n\t\t\t\t<div class=\"elementor-element elementor-element-357a623 elementor-widget elementor-widget-image\" data-id=\"357a623\" data-element_type=\"widget\" data-e-type=\"widget\" data-widget_type=\"image.default\">\n\t\t\t\t<div class=\"elementor-widget-container\">\n\t\t\t\t\t\t\t\t\t\t\t\t\t\t\t<img decoding=\"async\" width=\"411\" height=\"298\" src=\"https:\/\/cannoni-conrad.com\/wp-content\/uploads\/2022\/03\/box-telematico-4.0-Conrad.jpg\" class=\"attachment-large size-large wp-image-89206\" alt=\"\" srcset=\"https:\/\/cannoni-conrad.com\/wp-content\/uploads\/2022\/03\/box-telematico-4.0-Conrad.jpg 411w, https:\/\/cannoni-conrad.com\/wp-content\/uploads\/2022\/03\/box-telematico-4.0-Conrad-18x12.jpg 18w\" sizes=\"(max-width: 411px) 100vw, 411px\" \/>\t\t\t\t\t\t\t\t\t\t\t\t\t\t\t<\/div>\n\t\t\t\t<\/div>\n\t\t\t\t<div class=\"elementor-element elementor-element-d7ead0e elementor-widget elementor-widget-heading\" data-id=\"d7ead0e\" data-element_type=\"widget\" data-e-type=\"widget\" data-widget_type=\"heading.default\">\n\t\t\t\t<div class=\"elementor-widget-container\">\n\t\t\t\t\t<h3 class=\"elementor-heading-title elementor-size-default\">Dispositivos de seguimiento<\/h3>\t\t\t\t<\/div>\n\t\t\t\t<\/div>\n\t\t\t\t<div class=\"elementor-element elementor-element-7a34ea7 elementor-widget elementor-widget-text-editor\" data-id=\"7a34ea7\" data-element_type=\"widget\" data-e-type=\"widget\" data-widget_type=\"text-editor.default\">\n\t\t\t\t<div class=\"elementor-widget-container\">\n\t\t\t\t\t\t\t\t\t<ul><li aria-level=\"1\" aria-checked=\"false\">Garantiza la interconexi\u00f3n con la nube\u00a0<\/li><li aria-level=\"1\" aria-checked=\"false\">Gracias a la SIM integrada, funciona en todo el mundo<\/li><li aria-level=\"1\" aria-checked=\"false\">Identifica al operador y permite la puesta en marcha<\/li><li aria-level=\"1\" aria-checked=\"false\">Bloquee la m\u00e1quina en caso de necesidad<\/li><li aria-level=\"1\" aria-checked=\"false\">Transmite los datos de trabajo a la nube<\/li><li aria-level=\"1\" aria-checked=\"false\">Transmite los datos del motor a la nube<\/li><li aria-level=\"1\" aria-checked=\"false\">Enviar notificaciones y alertas a la direcci\u00f3n<\/li><\/ul><p>\u00a0<\/p><p><span style=\"font-weight: 400;\">Incluido en el paquete Industria 4.0 CANNONI-CONRAD :\u00a0<\/span><\/p><p><span style=\"font-weight: 400;\">Gesti\u00f3n de medios y equipos a trav\u00e9s de portal web y app durante 5 a\u00f1os<\/span><\/p>\t\t\t\t\t\t\t\t<\/div>\n\t\t\t\t<\/div>\n\t\t\t\t\t<\/div>\n\t\t\t\t<\/div>\n\t\t\t\t\t<\/div>\n\t\t\t\t<\/div>\n\t\t<div class=\"elementor-element elementor-element-5c9ca60 e-flex e-con-boxed e-con e-parent\" data-id=\"5c9ca60\" data-element_type=\"container\" data-e-type=\"container\">\n\t\t\t\t\t<div class=\"e-con-inner\">\n\t\t<div class=\"elementor-element elementor-element-077ef6d e-con-full e-flex e-con e-child\" data-id=\"077ef6d\" data-element_type=\"container\" data-e-type=\"container\">\n\t\t\t\t<div class=\"elementor-element elementor-element-437d070 elementor-widget elementor-widget-heading\" data-id=\"437d070\" data-element_type=\"widget\" data-e-type=\"widget\" data-widget_type=\"heading.default\">\n\t\t\t\t<div class=\"elementor-widget-container\">\n\t\t\t\t\t<h2 class=\"elementor-heading-title elementor-size-default\">INSTALACI\u00d3N<\/h2>\t\t\t\t<\/div>\n\t\t\t\t<\/div>\n\t\t\t\t<div class=\"elementor-element elementor-element-74fb054 elementor-widget elementor-widget-text-editor\" data-id=\"74fb054\" data-element_type=\"widget\" data-e-type=\"widget\" data-widget_type=\"text-editor.default\">\n\t\t\t\t<div class=\"elementor-widget-container\">\n\t\t\t\t\t\t\t\t\t<p>Realizamos la instalaci\u00f3n del dispositivo Industria 4.0 en el PLC de la m\u00e1quina en nuestro taller.<\/p><p>Nuestros experimentados t\u00e9cnicos han sido formados por el centro de operaciones que activar\u00e1 la conectividad durante 5 a\u00f1os a partir de la fecha de compra.<\/p><p>En el PLC de la m\u00e1quina <strong>se instalar\u00e1 el dispositivo<\/strong> seguimiento y la pantalla conectada para garantizar la interfaz hombre-m\u00e1quina m\u00e1s fluida y simplificada.<\/p>\t\t\t\t\t\t\t\t<\/div>\n\t\t\t\t<\/div>\n\t\t\t\t<\/div>\n\t\t<div class=\"elementor-element elementor-element-c00267e e-con-full e-flex e-con e-child\" data-id=\"c00267e\" data-element_type=\"container\" data-e-type=\"container\" data-settings=\"{&quot;background_background&quot;:&quot;classic&quot;}\">\n\t\t\t\t<\/div>\n\t\t\t\t\t<\/div>\n\t\t\t\t<\/div>\n\t\t<div class=\"elementor-element elementor-element-f17d3a1 e-flex e-con-boxed e-con e-parent\" data-id=\"f17d3a1\" data-element_type=\"container\" data-e-type=\"container\" data-settings=\"{&quot;background_background&quot;:&quot;classic&quot;}\">\n\t\t\t\t\t<div class=\"e-con-inner\">\n\t\t<div class=\"elementor-element elementor-element-fcbfae5 e-con-full e-flex e-con e-child\" data-id=\"fcbfae5\" data-element_type=\"container\" data-e-type=\"container\" data-settings=\"{&quot;background_background&quot;:&quot;classic&quot;}\">\n\t\t\t\t<\/div>\n\t\t<div class=\"elementor-element elementor-element-7a779ce e-con-full e-flex e-con e-child\" data-id=\"7a779ce\" data-element_type=\"container\" data-e-type=\"container\">\n\t\t\t\t<div class=\"elementor-element elementor-element-9ae887b elementor-widget elementor-widget-heading\" data-id=\"9ae887b\" data-element_type=\"widget\" data-e-type=\"widget\" data-widget_type=\"heading.default\">\n\t\t\t\t<div class=\"elementor-widget-container\">\n\t\t\t\t\t<h2 class=\"elementor-heading-title elementor-size-default\">ACTIVACI\u00d3N<\/h2>\t\t\t\t<\/div>\n\t\t\t\t<\/div>\n\t\t\t\t<div class=\"elementor-element elementor-element-61ae2a7 elementor-widget elementor-widget-text-editor\" data-id=\"61ae2a7\" data-element_type=\"widget\" data-e-type=\"widget\" data-widget_type=\"text-editor.default\">\n\t\t\t\t<div class=\"elementor-widget-container\">\n\t\t\t\t\t\t\t\t\t<p>Desde la oficina la m\u00e1quina se <strong>controlable<\/strong> por qu\u00e9 <strong>interconectado<\/strong>.<\/p><p>El portal al que tendr\u00e1 acceso el cliente controlar\u00e1 su posici\u00f3n, los datos de trabajo y las operaciones.<\/p>\t\t\t\t\t\t\t\t<\/div>\n\t\t\t\t<\/div>\n\t\t\t\t<div class=\"elementor-element elementor-element-1523d53 elementor-align-left elementor-widget elementor-widget-button\" data-id=\"1523d53\" data-element_type=\"widget\" data-e-type=\"widget\" data-widget_type=\"button.default\">\n\t\t\t\t<div class=\"elementor-widget-container\">\n\t\t\t\t\t\t\t\t\t<div class=\"elementor-button-wrapper\">\n\t\t\t\t\t<a class=\"elementor-button elementor-button-link elementor-size-md\" href=\"#elementor-action%3Aaction%3Dpopup%3Aopen%26settings%3DeyJpZCI6Ijg4NzY0IiwidG9nZ2xlIjpmYWxzZX0%3D\">\n\t\t\t\t\t\t<span class=\"elementor-button-content-wrapper\">\n\t\t\t\t\t\t\t\t\t<span class=\"elementor-button-text\">Contacte con nosotros<\/span>\n\t\t\t\t\t<\/span>\n\t\t\t\t\t<\/a>\n\t\t\t\t<\/div>\n\t\t\t\t\t\t\t\t<\/div>\n\t\t\t\t<\/div>\n\t\t\t\t<\/div>\n\t\t\t\t\t<\/div>\n\t\t\t\t<\/div>\n\t\t<div class=\"elementor-element elementor-element-29f4cff e-flex e-con-boxed e-con e-parent\" data-id=\"29f4cff\" data-element_type=\"container\" data-e-type=\"container\">\n\t\t\t\t\t<div class=\"e-con-inner\">\n\t\t<div class=\"elementor-element elementor-element-7d2770d e-con-full e-flex e-con e-child\" data-id=\"7d2770d\" data-element_type=\"container\" data-e-type=\"container\">\n\t\t\t\t<div class=\"elementor-element elementor-element-06e7be8 elementor-widget elementor-widget-heading\" data-id=\"06e7be8\" data-element_type=\"widget\" data-e-type=\"widget\" data-widget_type=\"heading.default\">\n\t\t\t\t<div class=\"elementor-widget-container\">\n\t\t\t\t\t<h2 class=\"elementor-heading-title elementor-size-default\">PRUEBA <\/h2>\t\t\t\t<\/div>\n\t\t\t\t<\/div>\n\t\t\t\t<div class=\"elementor-element elementor-element-3459b09 elementor-widget elementor-widget-text-editor\" data-id=\"3459b09\" data-element_type=\"widget\" data-e-type=\"widget\" data-widget_type=\"text-editor.default\">\n\t\t\t\t<div class=\"elementor-widget-container\">\n\t\t\t\t\t\t\t\t\t<p>Durante la inspecci\u00f3n, nos aseguramos de que la m\u00e1quina funciona correctamente. Nuestros t\u00e9cnicos realizan<strong> pruebas<\/strong> en diferentes situaciones de trabajo para comprobar que todas las funciones est\u00e1n activas y plenamente operativas.<\/p><p>No dejamos nada al azar<\/p>\t\t\t\t\t\t\t\t<\/div>\n\t\t\t\t<\/div>\n\t\t\t\t<div class=\"elementor-element elementor-element-7cd1d69 elementor-align-left elementor-widget elementor-widget-button\" data-id=\"7cd1d69\" data-element_type=\"widget\" data-e-type=\"widget\" data-widget_type=\"button.default\">\n\t\t\t\t<div class=\"elementor-widget-container\">\n\t\t\t\t\t\t\t\t\t<div class=\"elementor-button-wrapper\">\n\t\t\t\t\t<a class=\"elementor-button elementor-button-link elementor-size-md\" href=\"#elementor-action%3Aaction%3Dpopup%3Aopen%26settings%3DeyJpZCI6Ijg4NzY0IiwidG9nZ2xlIjpmYWxzZX0%3D\">\n\t\t\t\t\t\t<span class=\"elementor-button-content-wrapper\">\n\t\t\t\t\t\t\t\t\t<span class=\"elementor-button-text\">Contacte con nosotros<\/span>\n\t\t\t\t\t<\/span>\n\t\t\t\t\t<\/a>\n\t\t\t\t<\/div>\n\t\t\t\t\t\t\t\t<\/div>\n\t\t\t\t<\/div>\n\t\t\t\t<\/div>\n\t\t<div class=\"elementor-element elementor-element-3c66ca9 e-con-full e-flex e-con e-child\" data-id=\"3c66ca9\" data-element_type=\"container\" data-e-type=\"container\" data-settings=\"{&quot;background_background&quot;:&quot;classic&quot;}\">\n\t\t\t\t<\/div>\n\t\t\t\t\t<\/div>\n\t\t\t\t<\/div>\n\t\t<div class=\"elementor-element elementor-element-e6c3faa e-flex e-con-boxed e-con e-parent\" data-id=\"e6c3faa\" data-element_type=\"container\" data-e-type=\"container\">\n\t\t\t\t\t<div class=\"e-con-inner\">\n\t\t<div class=\"elementor-element elementor-element-1d123a8 e-con-full e-flex e-con e-child\" data-id=\"1d123a8\" data-element_type=\"container\" data-e-type=\"container\" data-settings=\"{&quot;background_background&quot;:&quot;classic&quot;}\">\n\t\t\t\t<\/div>\n\t\t<div class=\"elementor-element elementor-element-a082a6b e-con-full e-flex e-con e-child\" data-id=\"a082a6b\" data-element_type=\"container\" data-e-type=\"container\">\n\t\t\t\t<div class=\"elementor-element elementor-element-a533ac3 elementor-widget elementor-widget-heading\" data-id=\"a533ac3\" data-element_type=\"widget\" data-e-type=\"widget\" data-widget_type=\"heading.default\">\n\t\t\t\t<div class=\"elementor-widget-container\">\n\t\t\t\t\t<h2 class=\"elementor-heading-title elementor-size-default\">FORMACI\u00d3N<\/h2>\t\t\t\t<\/div>\n\t\t\t\t<\/div>\n\t\t\t\t<div class=\"elementor-element elementor-element-f35415e elementor-widget elementor-widget-text-editor\" data-id=\"f35415e\" data-element_type=\"widget\" data-e-type=\"widget\" data-widget_type=\"text-editor.default\">\n\t\t\t\t<div class=\"elementor-widget-container\">\n\t\t\t\t\t\t\t\t\t<p>Durante la entrega, nuestros t\u00e9cnicos llevan a cabo <strong>un curso de formaci\u00f3n pr\u00e1ctica<\/strong>.<\/p><p>De este modo, los operarios aprender\u00e1n a utilizar la pistola pulverizadora en s\u00f3lo unos minutos.<\/p>\t\t\t\t\t\t\t\t<\/div>\n\t\t\t\t<\/div>\n\t\t\t\t<\/div>\n\t\t\t\t\t<\/div>\n\t\t\t\t<\/div>\n\t\t\t\t<\/div>","protected":false},"excerpt":{"rendered":"<p>Industria 4.0 Per i beni materiali 4.0 (beni ricompresi nell&#8217;allegato A annesso alla legge di Bilancio 2021), per i nuovi investimenti effettuati dal 1\u00b0 gennaio 2022, il credito d\u2019imposta sar\u00e0 pari al 40% . Richiedi un preventivo Sistemi Industria 4.0 su un sistema di abbattimento polveri? La risposta \u00e8 s\u00ec, Cannoni-Conrad ha studiamo il sistema [&hellip;]<\/p>\n","protected":false},"author":1,"featured_media":0,"parent":0,"menu_order":0,"comment_status":"closed","ping_status":"closed","template":"","meta":{"_acf_changed":false,"footnotes":""},"class_list":["post-89173","page","type-page","status-publish","hentry"],"acf":[],"_links":{"self":[{"href":"https:\/\/cannoni-conrad.com\/es\/wp-json\/wp\/v2\/pages\/89173","targetHints":{"allow":["GET"]}}],"collection":[{"href":"https:\/\/cannoni-conrad.com\/es\/wp-json\/wp\/v2\/pages"}],"about":[{"href":"https:\/\/cannoni-conrad.com\/es\/wp-json\/wp\/v2\/types\/page"}],"author":[{"embeddable":true,"href":"https:\/\/cannoni-conrad.com\/es\/wp-json\/wp\/v2\/users\/1"}],"replies":[{"embeddable":true,"href":"https:\/\/cannoni-conrad.com\/es\/wp-json\/wp\/v2\/comments?post=89173"}],"version-history":[{"count":0,"href":"https:\/\/cannoni-conrad.com\/es\/wp-json\/wp\/v2\/pages\/89173\/revisions"}],"wp:attachment":[{"href":"https:\/\/cannoni-conrad.com\/es\/wp-json\/wp\/v2\/media?parent=89173"}],"curies":[{"name":"wp","href":"https:\/\/api.w.org\/{rel}","templated":true}]}}