{"id":88739,"date":"2022-02-26T17:49:32","date_gmt":"2022-02-26T16:49:32","guid":{"rendered":"http:\/\/cannoni-conrad.com\/?page_id=88739"},"modified":"2025-07-23T08:45:55","modified_gmt":"2025-07-23T06:45:55","slug":"accesorios-para-canones-nebulizadores","status":"publish","type":"page","link":"https:\/\/cannoni-conrad.com\/es\/accessori-per-cannoni-nebulizzatori\/","title":{"rendered":"Accesorios para pistolas pulverizadoras"},"content":{"rendered":"<div data-elementor-type=\"wp-page\" data-elementor-id=\"88739\" class=\"elementor elementor-88739\" data-elementor-post-type=\"page\">\n\t\t\t\t<div class=\"elementor-element elementor-element-02e54fc e-flex e-con-boxed e-con e-parent\" data-id=\"02e54fc\" data-element_type=\"container\" data-e-type=\"container\" data-settings=\"{&quot;background_background&quot;:&quot;classic&quot;}\">\n\t\t\t\t\t<div class=\"e-con-inner\">\n\t\t\t\t\t<\/div>\n\t\t\t\t<\/div>\n\t\t<div class=\"elementor-element elementor-element-2133e66 e-grid e-con-boxed e-con e-parent\" data-id=\"2133e66\" data-element_type=\"container\" data-e-type=\"container\">\n\t\t\t\t\t<div class=\"e-con-inner\">\n\t\t<div class=\"elementor-element elementor-element-dc450ee e-flex e-con-boxed e-con e-child\" data-id=\"dc450ee\" data-element_type=\"container\" data-e-type=\"container\">\n\t\t\t\t\t<div class=\"e-con-inner\">\n\t\t\t\t<div class=\"elementor-element elementor-element-1626f45 elementor-widget elementor-widget-heading\" data-id=\"1626f45\" data-element_type=\"widget\" data-e-type=\"widget\" data-widget_type=\"heading.default\">\n\t\t\t\t<div class=\"elementor-widget-container\">\n\t\t\t\t\t<h2 class=\"elementor-heading-title elementor-size-default\">Bomba de alta presi\u00f3n<\/h2>\t\t\t\t<\/div>\n\t\t\t\t<\/div>\n\t\t\t\t<div class=\"elementor-element elementor-element-ea11584 elementor-widget elementor-widget-text-editor\" data-id=\"ea11584\" data-element_type=\"widget\" data-e-type=\"widget\" data-widget_type=\"text-editor.default\">\n\t\t\t\t<div class=\"elementor-widget-container\">\n\t\t\t\t\t\t\t\t\t<p>Una bomba de alta presi\u00f3n de 50 bares hace que nuestra pistola pulverizadora <strong>ideal para trabajar con materiales que no deben estar excesivamente h\u00famedos<\/strong> y aumenta su rendimiento.<\/p><p><strong>Ideal para:<\/strong> reciclaje de residuos, plantas de producci\u00f3n de compost, tratamiento de chatarra y trituraci\u00f3n de madera.<\/p>\t\t\t\t\t\t\t\t<\/div>\n\t\t\t\t<\/div>\n\t\t\t\t\t<\/div>\n\t\t\t\t<\/div>\n\t\t<div class=\"elementor-element elementor-element-7322ff4 e-flex e-con-boxed e-con e-child\" data-id=\"7322ff4\" data-element_type=\"container\" data-e-type=\"container\">\n\t\t\t\t\t<div class=\"e-con-inner\">\n\t\t\t\t<div class=\"elementor-element elementor-element-c6345e4 elementor-widget elementor-widget-heading\" data-id=\"c6345e4\" data-element_type=\"widget\" data-e-type=\"widget\" data-widget_type=\"heading.default\">\n\t\t\t\t<div class=\"elementor-widget-container\">\n\t\t\t\t\t<h2 class=\"elementor-heading-title elementor-size-default\">Bomba dosificadora para la reducci\u00f3n de olores<\/h2>\t\t\t\t<\/div>\n\t\t\t\t<\/div>\n\t\t\t\t<div class=\"elementor-element elementor-element-e703b2a elementor-widget elementor-widget-text-editor\" data-id=\"e703b2a\" data-element_type=\"widget\" data-e-type=\"widget\" data-widget_type=\"text-editor.default\">\n\t\t\t\t<div class=\"elementor-widget-container\">\n\t\t\t\t\t\t\t\t\t<p><br \/>Gracias a nuestra calidad de producci\u00f3n, podemos construir ca\u00f1ones de reducci\u00f3n de polvo y olores de alto rendimiento que duran con un mantenimiento reducido.<\/p>\t\t\t\t\t\t\t\t<\/div>\n\t\t\t\t<\/div>\n\t\t\t\t\t<\/div>\n\t\t\t\t<\/div>\n\t\t<div class=\"elementor-element elementor-element-098b379 e-flex e-con-boxed e-con e-child\" data-id=\"098b379\" data-element_type=\"container\" data-e-type=\"container\">\n\t\t\t\t\t<div class=\"e-con-inner\">\n\t\t\t\t<div class=\"elementor-element elementor-element-6ec9d28 elementor-widget elementor-widget-heading\" data-id=\"6ec9d28\" data-element_type=\"widget\" data-e-type=\"widget\" data-widget_type=\"heading.default\">\n\t\t\t\t<div class=\"elementor-widget-container\">\n\t\t\t\t\t<h2 class=\"elementor-heading-title elementor-size-default\">Radiocontrol<\/h2>\t\t\t\t<\/div>\n\t\t\t\t<\/div>\n\t\t\t\t<div class=\"elementor-element elementor-element-87c851c elementor-widget elementor-widget-text-editor\" data-id=\"87c851c\" data-element_type=\"widget\" data-e-type=\"widget\" data-widget_type=\"text-editor.default\">\n\t\t\t\t<div class=\"elementor-widget-container\">\n\t\t\t\t\t\t\t\t\t<p>Los modelos automatizados de Cannoni-Conrad pueden suministrarse con un radiomando de 12 canales para el control remoto de la pistola pulverizadora.<\/p><p><strong>Tenemos una de las mejores y m\u00e1s fiables marcas del mercado<\/strong>: Seguridad AUTEC.<\/p><p>Con un alcance de 100 metros, el radiocontrol Autec es un accesorio que facilita el control y el manejo de los ca\u00f1ones de pulverizaci\u00f3n. Este accesorio tambi\u00e9n puede integrarse posteriormente, ya que es muy f\u00e1cil de instalar porque llega ya cableado, est\u00e1 siempre disponible en nuestras existencias y puede enviarse en 24 horas,<\/p><p>Gracias al mando a distancia podemos:\u00a0<\/p><ul><li>encender y apagar el ca\u00f1\u00f3n<\/li><li>controlan la inclinaci\u00f3n, la rotaci\u00f3n del ca\u00f1\u00f3n, el ascenso y el descenso del brazo articulado.<\/li><li>compruebe la apertura y el cierre de las v\u00e1lvulas<\/li><li>almacenamiento de ajustes<\/li><\/ul><p>\u00a0<\/p><p><strong>Cargador de pilas incluido.<\/strong><\/p>\t\t\t\t\t\t\t\t<\/div>\n\t\t\t\t<\/div>\n\t\t\t\t\t<\/div>\n\t\t\t\t<\/div>\n\t\t<div class=\"elementor-element elementor-element-0cdbf3a e-flex e-con-boxed e-con e-child\" data-id=\"0cdbf3a\" data-element_type=\"container\" data-e-type=\"container\">\n\t\t\t\t\t<div class=\"e-con-inner\">\n\t\t\t\t<div class=\"elementor-element elementor-element-12de92e elementor-widget elementor-widget-heading\" data-id=\"12de92e\" data-element_type=\"widget\" data-e-type=\"widget\" data-widget_type=\"heading.default\">\n\t\t\t\t<div class=\"elementor-widget-container\">\n\t\t\t\t\t<h2 class=\"elementor-heading-title elementor-size-default\">Kit Industria 4.0<\/h2>\t\t\t\t<\/div>\n\t\t\t\t<\/div>\n\t\t\t\t<div class=\"elementor-element elementor-element-c4cd3b5 elementor-widget elementor-widget-text-editor\" data-id=\"c4cd3b5\" data-element_type=\"widget\" data-e-type=\"widget\" data-widget_type=\"text-editor.default\">\n\t\t\t\t<div class=\"elementor-widget-container\">\n\t\t\t\t\t\t\t\t\t<p><strong>\u00bfA qui\u00e9n no le gusta ahorrar dinero?<\/strong><\/p><p>Todos nuestros ca\u00f1ones de pulverizaci\u00f3n est\u00e1n equipados con PLC <strong>tienen derecho a las prestaciones del Plan de Transici\u00f3n 4.0<\/strong>.<\/p><p>Cannoni-Conrad certific\u00f3 nuestro kit Industria 4.0 que puede aplicarse en sistemas de supresi\u00f3n de polvo permitiendo a nuestros clientes un cr\u00e9dito fiscal 40%, <strong>lo que supone un ahorro final considerable<\/strong>.<\/p><p><strong>\u00bfQuiere saber m\u00e1s?<\/strong> Lea m\u00e1s aqu\u00ed.<\/p>\t\t\t\t\t\t\t\t<\/div>\n\t\t\t\t<\/div>\n\t\t\t\t\t<\/div>\n\t\t\t\t<\/div>\n\t\t\t\t\t<\/div>\n\t\t\t\t<\/div>\n\t\t\t\t<\/div>","protected":false},"excerpt":{"rendered":"<p>Pompa ad Alta Pressione Una pompa ad alta pressione da 50 bar che rende il nostro cannone nebulizzatore ideale per il lavoro con materiali che non devono essere eccessivamente bagnati e ne aumenta le performance. Ideale per: riciclaggio dei rifiuti, piazzali di produzione del Compost, trattamento rottami e triturazione del legno. Pompa Dosatrice abbatti odori [&hellip;]<\/p>\n","protected":false},"author":1,"featured_media":86783,"parent":0,"menu_order":0,"comment_status":"closed","ping_status":"closed","template":"","meta":{"_acf_changed":false,"footnotes":""},"class_list":["post-88739","page","type-page","status-publish","has-post-thumbnail","hentry"],"acf":[],"_links":{"self":[{"href":"https:\/\/cannoni-conrad.com\/es\/wp-json\/wp\/v2\/pages\/88739","targetHints":{"allow":["GET"]}}],"collection":[{"href":"https:\/\/cannoni-conrad.com\/es\/wp-json\/wp\/v2\/pages"}],"about":[{"href":"https:\/\/cannoni-conrad.com\/es\/wp-json\/wp\/v2\/types\/page"}],"author":[{"embeddable":true,"href":"https:\/\/cannoni-conrad.com\/es\/wp-json\/wp\/v2\/users\/1"}],"replies":[{"embeddable":true,"href":"https:\/\/cannoni-conrad.com\/es\/wp-json\/wp\/v2\/comments?post=88739"}],"version-history":[{"count":0,"href":"https:\/\/cannoni-conrad.com\/es\/wp-json\/wp\/v2\/pages\/88739\/revisions"}],"wp:featuredmedia":[{"embeddable":true,"href":"https:\/\/cannoni-conrad.com\/es\/wp-json\/wp\/v2\/media\/86783"}],"wp:attachment":[{"href":"https:\/\/cannoni-conrad.com\/es\/wp-json\/wp\/v2\/media?parent=88739"}],"curies":[{"name":"wp","href":"https:\/\/api.w.org\/{rel}","templated":true}]}}