{"id":88676,"date":"2022-02-14T13:55:34","date_gmt":"2022-02-14T12:55:34","guid":{"rendered":"http:\/\/cannoni-conrad.com\/?page_id=88676"},"modified":"2022-02-14T14:03:49","modified_gmt":"2022-02-14T13:03:49","slug":"politica-de-cookies","status":"publish","type":"page","link":"https:\/\/cannoni-conrad.com\/es\/cookie-policy\/","title":{"rendered":"Pol\u00edtica de cookies"},"content":{"rendered":"<div data-elementor-type=\"wp-page\" data-elementor-id=\"88676\" class=\"elementor elementor-88676\" data-elementor-post-type=\"page\">\n\t\t\t\t\t\t<section class=\"elementor-section elementor-top-section elementor-element elementor-element-17306c6 elementor-section-boxed elementor-section-height-default elementor-section-height-default\" data-id=\"17306c6\" data-element_type=\"section\" data-e-type=\"section\">\n\t\t\t\t\t\t<div class=\"elementor-container elementor-column-gap-default\">\n\t\t\t\t\t<div class=\"elementor-column elementor-col-100 elementor-top-column elementor-element elementor-element-77cb3af\" data-id=\"77cb3af\" data-element_type=\"column\" data-e-type=\"column\">\n\t\t\t<div class=\"elementor-widget-wrap elementor-element-populated\">\n\t\t\t\t\t\t<div class=\"elementor-element elementor-element-21b6a35 elementor-widget elementor-widget-heading\" data-id=\"21b6a35\" data-element_type=\"widget\" data-e-type=\"widget\" data-widget_type=\"heading.default\">\n\t\t\t\t<div class=\"elementor-widget-container\">\n\t\t\t\t\t<h2 class=\"elementor-heading-title elementor-size-default\">Pol\u00edtica de cookies<\/h2>\t\t\t\t<\/div>\n\t\t\t\t<\/div>\n\t\t\t\t<div class=\"elementor-element elementor-element-7ed2f0f elementor-widget elementor-widget-text-editor\" data-id=\"7ed2f0f\" data-element_type=\"widget\" data-e-type=\"widget\" data-widget_type=\"text-editor.default\">\n\t\t\t\t<div class=\"elementor-widget-container\">\n\t\t\t\t\t\t\t\t\t<p><strong>QU\u00c9 SON LAS COOKIES<\/strong><br \/>Las cookies son breves archivos de texto que se descargan en el dispositivo del usuario cuando visita un sitio web. En cada visita posterior, las<br \/>Las cookies se env\u00edan al sitio web que las origin\u00f3 (cookies de origen) o a otro sitio web que las reconoce (cookies de terceros). I<br \/>Las cookies son \u00fatiles porque permiten que un sitio web reconozca el dispositivo del usuario. Tienen diferentes finalidades como<br \/>Por ejemplo, permitirle navegar eficazmente entre p\u00e1ginas, recordar sus sitios favoritos y, en general, mejorar la experiencia de<br \/>navegaci\u00f3n.<br \/>Dependiendo de la funci\u00f3n y la finalidad de uso, las cookies pueden dividirse en cookies t\u00e9cnicas, cookies de elaboraci\u00f3n de perfiles y cookies de terceros.<\/p><p><strong>COOKIES T\u00c9CNICAS<\/strong><br \/>La finalidad de las cookies t\u00e9cnicas es permitir funciones sin las cuales no ser\u00eda posible hacer un uso completo del Sitio.<br \/>Estas cookies permiten el funcionamiento de procedimientos de varios pasos (varias p\u00e1ginas sucesivas, como una solicitud<br \/>de contacto), para realizar un seguimiento de las elecciones del usuario sobre el contenido del Sitio que se mostrar\u00e1 y las funcionalidades que se activar\u00e1n o desactivar\u00e1n.<br \/>Una cookie de este tipo tambi\u00e9n se utiliza para almacenar la decisi\u00f3n del usuario de utilizar cookies en nuestro sitio web.<br \/>Las cookies esenciales no pueden desactivarse utilizando las funciones del Sitio.<br \/>Las cookies t\u00e9cnicas tambi\u00e9n incluyen las utilizadas para analizar estad\u00edsticamente el acceso o las visitas al sitio, tambi\u00e9n denominadas<br \/>\"anal\u00edticas\", que sirven exclusivamente para fines estad\u00edsticos y recogen informaci\u00f3n de forma agregada sin posibilidad de seguimiento<br \/>a la identificaci\u00f3n del usuario individual.<br \/>Las cookies anal\u00edticas tambi\u00e9n pueden ser cookies de terceros (Google Analytics), sobre las que le rogamos consulte lo siguiente para obtener m\u00e1s informaci\u00f3n,<br \/>la intimidad del titular respectivo.<\/p><p><strong>COOKIES DE PERFIL<\/strong><br \/>Las cookies de perfil tienen como finalidad mejorar la experiencia del usuario del Sitio sugiri\u00e9ndole contenidos relacionados con las preferencias expresadas<br \/>por el usuario durante la navegaci\u00f3n, en funci\u00f3n del contenido mostrado y de otros par\u00e1metros de comportamiento.<br \/>El usuario puede decidir desactivar el uso de cookies individuales en el Sitio mediante las opciones adecuadas de su navegador.<br \/>En este caso, algunas funciones del Sitio pueden no estar disponibles.<\/p><p><strong>COOKIES DE TERCEROS<\/strong><br \/>El Sitio utiliza algunas funcionalidades externas o contiene algunos enlaces externos con el fin de mejorar la integraci\u00f3n con sitios de terceros de<br \/>uso com\u00fan y socialidad del propio Sitio (por ejemplo, botones para compartir de Facebook, Google, Twitter, etc.).<br \/>Estas funciones y enlaces pueden dar lugar al uso de cookies de terceros, para lo cual consulte la declaraci\u00f3n de privacidad espec\u00edfica publicada en el<br \/>sitios individuales.<br \/>C\u00f3mo cambiar la configuraci\u00f3n de las cookies<br \/>La mayor\u00eda de los navegadores aceptan autom\u00e1ticamente las cookies, pero normalmente el usuario puede cambiar la configuraci\u00f3n para<br \/>desactivar esta funci\u00f3n. Es posible bloquear todo tipo de cookies, o aceptar recibir s\u00f3lo algunas y desactivarlas.<br \/>otros. La secci\u00f3n \"Opciones\" o \"Preferencias\" del men\u00fa del navegador le permite optar por no recibir cookies y otras<br \/>seguimiento del usuario, y c\u00f3mo obtener una notificaci\u00f3n del navegador sobre la activaci\u00f3n de estas tecnolog\u00edas. Tambi\u00e9n puede<br \/>consulte la secci\u00f3n \"Ayuda\" de la barra de herramientas de la mayor\u00eda de los navegadores.<br \/>Tambi\u00e9n puede seleccionar el navegador que utiliza de la siguiente lista y seguir las instrucciones: - Internet Explorer; - Chrome; - Safari;<br \/>- Firefox; - Opera. Desde dispositivos m\u00f3viles: - Android; - Safari; - Windows Phone; - Blackberry.<br \/>Para obtener m\u00e1s informaci\u00f3n sobre las cookies y para gestionar las preferencias de cookies (de origen y\/o de terceros) tambi\u00e9n se invita a los usuarios a visitar<br \/>la plataforma www.youronlinechoices.com. No obstante, tenga en cuenta que desactivar las cookies de navegaci\u00f3n o funcionales puede<br \/>provocar el mal funcionamiento del Sitio y\/o limitar el servicio ofrecido.<br \/>Para cualquier consulta, consulte la secci\u00f3n Contacto de nuestro sitio web y la pol\u00edtica de privacidad correspondiente.<br \/>Agradeci\u00e9ndole su amable atenci\u00f3n y quedando a su disposici\u00f3n para cualquier aclaraci\u00f3n, le saludamos atentamente<\/p>\t\t\t\t\t\t\t\t<\/div>\n\t\t\t\t<\/div>\n\t\t\t\t\t<\/div>\n\t\t<\/div>\n\t\t\t\t\t<\/div>\n\t\t<\/section>\n\t\t\t\t<\/div>","protected":false},"excerpt":{"rendered":"<p>Cookie Policy COSA SONO I COOKIEI cookie sono brevi file di testo che vengono scaricati sul dispositivo dell\u2019Utente quando si visita un sito web. Ad ogni visita successiva icookie sono rimandati al sito web che li ha originati (cookie di prime parti) o a un altro sito che li riconosce (cookie di terze parti). Icookie [&hellip;]<\/p>\n","protected":false},"author":1,"featured_media":0,"parent":0,"menu_order":0,"comment_status":"closed","ping_status":"closed","template":"","meta":{"_acf_changed":false,"footnotes":""},"class_list":["post-88676","page","type-page","status-publish","hentry"],"acf":[],"_links":{"self":[{"href":"https:\/\/cannoni-conrad.com\/es\/wp-json\/wp\/v2\/pages\/88676","targetHints":{"allow":["GET"]}}],"collection":[{"href":"https:\/\/cannoni-conrad.com\/es\/wp-json\/wp\/v2\/pages"}],"about":[{"href":"https:\/\/cannoni-conrad.com\/es\/wp-json\/wp\/v2\/types\/page"}],"author":[{"embeddable":true,"href":"https:\/\/cannoni-conrad.com\/es\/wp-json\/wp\/v2\/users\/1"}],"replies":[{"embeddable":true,"href":"https:\/\/cannoni-conrad.com\/es\/wp-json\/wp\/v2\/comments?post=88676"}],"version-history":[{"count":0,"href":"https:\/\/cannoni-conrad.com\/es\/wp-json\/wp\/v2\/pages\/88676\/revisions"}],"wp:attachment":[{"href":"https:\/\/cannoni-conrad.com\/es\/wp-json\/wp\/v2\/media?parent=88676"}],"curies":[{"name":"wp","href":"https:\/\/api.w.org\/{rel}","templated":true}]}}