{"id":87517,"date":"2021-02-15T15:08:15","date_gmt":"2021-02-15T14:08:15","guid":{"rendered":"http:\/\/cannoni-conrad.com\/?page_id=87517"},"modified":"2021-02-17T09:46:46","modified_gmt":"2021-02-17T08:46:46","slug":"politica-de-privacidad","status":"publish","type":"page","link":"https:\/\/cannoni-conrad.com\/es\/privacy-policy\/","title":{"rendered":"Pol\u00edtica de privacidad"},"content":{"rendered":"<div data-elementor-type=\"wp-page\" data-elementor-id=\"87517\" class=\"elementor elementor-87517\" data-elementor-post-type=\"page\">\n\t\t\t\t\t\t<section class=\"elementor-section elementor-top-section elementor-element elementor-element-2be8767 elementor-section-boxed elementor-section-height-default elementor-section-height-default\" data-id=\"2be8767\" data-element_type=\"section\" data-e-type=\"section\" data-settings=\"{&quot;background_background&quot;:&quot;classic&quot;}\">\n\t\t\t\t\t\t<div class=\"elementor-container elementor-column-gap-default\">\n\t\t\t\t\t<div class=\"elementor-column elementor-col-100 elementor-top-column elementor-element elementor-element-8911b93\" data-id=\"8911b93\" data-element_type=\"column\" data-e-type=\"column\">\n\t\t\t<div class=\"elementor-widget-wrap elementor-element-populated\">\n\t\t\t\t\t\t<div class=\"elementor-element elementor-element-727bf4b elementor-widget elementor-widget-heading\" data-id=\"727bf4b\" data-element_type=\"widget\" data-e-type=\"widget\" data-widget_type=\"heading.default\">\n\t\t\t\t<div class=\"elementor-widget-container\">\n\t\t\t\t\t<h1 class=\"elementor-heading-title elementor-size-default\">Pol\u00edtica de privacidad<\/h1>\t\t\t\t<\/div>\n\t\t\t\t<\/div>\n\t\t\t\t<div class=\"elementor-element elementor-element-a1a88a0 elementor-widget elementor-widget-text-editor\" data-id=\"a1a88a0\" data-element_type=\"widget\" data-e-type=\"widget\" data-widget_type=\"text-editor.default\">\n\t\t\t\t<div class=\"elementor-widget-container\">\n\t\t\t\t\t\t\t\t\t<p style=\"text-align: center;\">Cannoni-Conrad es la divisi\u00f3n ecol\u00f3gica de Mantovana Macchedil s.a.s.<\/p><p style=\"text-align: center;\">AVISO SOBRE EL TRATAMIENTO DE DATOS PERSONALES - CLIENTES\/PROVEEDORES<br \/><strong>de conformidad y a efectos del art\u00edculo 13 del Reglamento UE 2016\/679<br \/><\/strong><strong>(Reglamento General de Protecci\u00f3n de Datos)<\/strong><\/p>\t\t\t\t\t\t\t\t<\/div>\n\t\t\t\t<\/div>\n\t\t\t\t\t<\/div>\n\t\t<\/div>\n\t\t\t\t\t<\/div>\n\t\t<\/section>\n\t\t\t\t<section class=\"elementor-section elementor-top-section elementor-element elementor-element-0d513fb elementor-section-boxed elementor-section-height-default elementor-section-height-default\" data-id=\"0d513fb\" data-element_type=\"section\" data-e-type=\"section\">\n\t\t\t\t\t\t<div class=\"elementor-container elementor-column-gap-default\">\n\t\t\t\t\t<div class=\"elementor-column elementor-col-100 elementor-top-column elementor-element elementor-element-9f988fc\" data-id=\"9f988fc\" data-element_type=\"column\" data-e-type=\"column\">\n\t\t\t<div class=\"elementor-widget-wrap elementor-element-populated\">\n\t\t\t\t\t\t<div class=\"elementor-element elementor-element-ff7fc30 elementor-widget elementor-widget-text-editor\" data-id=\"ff7fc30\" data-element_type=\"widget\" data-e-type=\"widget\" data-widget_type=\"text-editor.default\">\n\t\t\t\t<div class=\"elementor-widget-container\">\n\t\t\t\t\t\t\t\t\t<p>Estimado cliente\/proveedor, De conformidad con el art\u00edculo 13 del Reglamento de la UE 2016\/679 en lo sucesivo el \"Reglamento\" y en relaci\u00f3n con los datos personales que le conciernen, nuestra empresa, como responsable del tratamiento, como consecuencia de los contratos existentes desea proporcionarle la siguiente informaci\u00f3n.<\/p><p><strong>1.<\/strong><strong style=\"background-color: transparent; color: var( --e-global-color-text ); font-family: var( --e-global-typography-text-font-family ), Sans-serif;\">Datos de identificaci\u00f3n del responsable del tratamiento<\/strong><\/p><p>El responsable del tratamiento de los datos es Mantovana Macchedil di Rentstore srls s.a.s. con domicilio social y operativo en Via Novellara, 1 - 46100 Mantova (MN). Los datos de contacto son los siguientes Tel\u00e9fono (+39) 391294 Fax. (+39) 0376 391307 Correo electr\u00f3nico: info@macchedil.it. Tenga en cuenta que, dado que el responsable del tratamiento de datos est\u00e1 establecido en la Uni\u00f3n Europea, no es necesario designar a un representante del mismo.<\/p><p><strong>2.Datos de contacto del responsable de la protecci\u00f3n de datos<\/strong><\/p><p>Tras verificar la aplicabilidad de las disposiciones del art\u00edculo 37 del Reglamento, se descart\u00f3 el nombramiento de un responsable de la protecci\u00f3n de datos, ya que la empresa no se encuentra en ninguno de los casos contemplados.<\/p><p><strong>Finalidad del tratamiento a que se destinan los datos y fundamento jur\u00eddico<\/strong><\/p><p>El tratamiento est\u00e1 dirigido a la realizaci\u00f3n de las siguientes actividades: - Cumplimiento de obligaciones legales y\/o contractuales, cumplimiento de usos y costumbres, relativas a las actividades empresariales de la empresa; - Tratamiento contable y administrativo; - Gesti\u00f3n de cumplimientos legales y litigios; Cumplimientos relacionados con la legislaci\u00f3n vigente en materia de seguridad y salud en el trabajo; - Cumplimientos relacionados con la aplicaci\u00f3n del Sistema de Gesti\u00f3n interno de la empresa; - Env\u00edo de comunicaciones relativas a ofertas y promociones; - Registro de usuarios con fines de comercio electr\u00f3nico; - Geolocalizaci\u00f3n y registro de los par\u00e1metros de conducci\u00f3n de los veh\u00edculos alquilados o cedidos en pr\u00e9stamo, cuyos datos ser\u00e1n utilizados por el Arrendador en caso de robo, no devoluci\u00f3n del veh\u00edculo, accidentes u otras conductas il\u00edcitas relacionadas con el veh\u00edculo alquilado o cedido en pr\u00e9stamo. La base legal para el tratamiento ser\u00e1 la siguiente: contrato de adquisici\u00f3n\/prestaci\u00f3n de bienes o servicios, Decreto Legislativo 81\/2008 modificado y complementado con respecto a la legislaci\u00f3n vigente en materia de salud y seguridad en el trabajo y normativa relacionada con la aplicaci\u00f3n del C\u00f3digo Civil y C\u00f3digo Penal.  El tratamiento se lleva a cabo mediante operaciones o series de operaciones y en particular: recogida, registro, organizaci\u00f3n, almacenamiento, elaboraci\u00f3n, modificaci\u00f3n, comparaci\u00f3n, interconexi\u00f3n; selecci\u00f3n, extracci\u00f3n, consulta, comunicaci\u00f3n, bloqueo, supresi\u00f3n y destrucci\u00f3n; se realiza con o sin ayuda de medios electr\u00f3nicos; lo lleva a cabo la organizaci\u00f3n del Responsable del tratamiento y empresas de confianza, cuya lista est\u00e1 disponible en la oficina del Responsable del tratamiento, que son nuestros colaboradores directos y que operan con total autonom\u00eda como responsables externos del tratamiento, obligados a cumplir por su cuenta y seg\u00fan un contrato con nuestra empresa la normativa sobre protecci\u00f3n de datos personales. empresa a la normativa sobre protecci\u00f3n de datos. Los datos personales no son objeto de difusi\u00f3n.<\/p><p><strong>4.Intereses leg\u00edtimos del responsable del tratamiento de datos<\/strong><\/p><p>Cuando se lleve a cabo un tratamiento en el sentido de la letra f) del apartado 1 del art\u00edculo 6, se realizar\u00e1 \u00fanicamente con el fin de satisfacer los intereses leg\u00edtimos del responsable del tratamiento.<\/p><p><strong>5.Destinatarios de los datos personales<\/strong><\/p><p>Los datos personales recogidos podr\u00e1n ser comunicados a - todos los sujetos cuyo derecho de acceso a dichos datos est\u00e9 reconocido en virtud de disposiciones reglamentarias; - nuestros colaboradores en el \u00e1mbito de sus respectivas funciones; - todas aquellas personas f\u00edsicas y\/o jur\u00eddicas, p\u00fablicas y\/o privadas cuando la comunicaci\u00f3n sea necesaria o funcional para el desempe\u00f1o de nuestra actividad y en la forma y para los fines ilustrados.<\/p><p><strong>6.Transferencia de datos personales al extranjero<\/strong><\/p><p>El responsable del tratamiento no tiene intenci\u00f3n de transferir datos personales a terceros pa\u00edses u organizaciones internacionales fuera de la Uni\u00f3n Europea.<\/p><p><strong>7.Periodo de conservaci\u00f3n de los datos personales<\/strong><\/p><p>Se toma como par\u00e1metro el plazo de conservaci\u00f3n de datos a efectos fiscales actualmente en vigor (10 a\u00f1os).<\/p><p><strong>8.<\/strong><strong>Derechos del interesado<\/strong><\/p><p>El interesado tiene derecho (Cap\u00edtulo III Derechos del interesado) a solicitar al responsable del tratamiento el acceso y la rectificaci\u00f3n o supresi\u00f3n de sus datos personales, as\u00ed como la limitaci\u00f3n u oposici\u00f3n a su tratamiento y la portabilidad de los datos. Para ejercer estos derechos, dir\u00edjase a los datos de contacto mencionados anteriormente.<\/p><p><strong>9.Retirada del consentimiento<\/strong><\/p><p>El interesado tiene derecho a revocar el consentimiento otorgado en virtud del art\u00edculo 6, apartado 1, letra a), y del art\u00edculo 9, apartado 2, letra a).<\/p><p><strong>10.<\/strong><strong>Derecho a reclamar ante la autoridad de control<\/strong><\/p><p>El interesado tiene derecho a presentar una reclamaci\u00f3n ante la Autoridad de Control, a la que puede dirigirse en las siguientes direcciones Garante per la protezione dei dati personali - Piazza di Monte Citorio n. 121 00186 ROMA Fax: (+39) 06.69677.3785 Centralita telef\u00f3nica: (+39) 06.696771 Correo electr\u00f3nico: garante@gpdp.it Correo certificado: <a href=\"mailto:protocollo@pec.gpdp.it\u00a0\">protocollo@pec.gpdp.it\u00a0<\/a>. Las referencias y procedimientos para ejercer el derecho a reclamar se encuentran en la p\u00e1gina web del Garante della Privacy http:\/\/www.garanteprivacy.it.<\/p><p><strong>11.Divulgaci\u00f3n de datos personales<\/strong><\/p><p>La comunicaci\u00f3n y posterior tratamiento de los datos personales es una condici\u00f3n necesaria para la celebraci\u00f3n del contrato con nuestra empresa. La no comunicaci\u00f3n de dichos datos dar\u00e1 lugar a que el contrato no sea ejecutable.<\/p><p><strong>Proceso automatizado de toma de decisiones<\/strong><\/p><p>Los datos personales recogidos no estar\u00e1n sujetos a procesos automatizados de toma de decisiones, incluida la elaboraci\u00f3n de perfiles.<\/p>\t\t\t\t\t\t\t\t<\/div>\n\t\t\t\t<\/div>\n\t\t\t\t\t<\/div>\n\t\t<\/div>\n\t\t\t\t\t<\/div>\n\t\t<\/section>\n\t\t\t\t<\/div>","protected":false},"excerpt":{"rendered":"<p>Privacy Policy Cannoni-Conrad \u00e8 la divisione Ecologica di Mantovana Macchedil s.a.s. INFORMATIVA AL TRATTAMENTO DEI DATI PERSONALI \u2013 CLIENTI\/FORNITORIai sensi e per gli effetti di cui all\u2019 art. 13 \u00a0del Regolamento UE 2016\/679(Regolamento generale sulla protezione dei dati personali) Gentile Cliente\/Fornitore, ai sensi dell\u2019art.13 del Regolamento UE 2016\/679 nel seguito \u201cRegolamento\u201d ed in relazione ai [&hellip;]<\/p>\n","protected":false},"author":1,"featured_media":0,"parent":0,"menu_order":0,"comment_status":"closed","ping_status":"closed","template":"","meta":{"_acf_changed":false,"footnotes":""},"class_list":["post-87517","page","type-page","status-publish","hentry"],"acf":[],"_links":{"self":[{"href":"https:\/\/cannoni-conrad.com\/es\/wp-json\/wp\/v2\/pages\/87517","targetHints":{"allow":["GET"]}}],"collection":[{"href":"https:\/\/cannoni-conrad.com\/es\/wp-json\/wp\/v2\/pages"}],"about":[{"href":"https:\/\/cannoni-conrad.com\/es\/wp-json\/wp\/v2\/types\/page"}],"author":[{"embeddable":true,"href":"https:\/\/cannoni-conrad.com\/es\/wp-json\/wp\/v2\/users\/1"}],"replies":[{"embeddable":true,"href":"https:\/\/cannoni-conrad.com\/es\/wp-json\/wp\/v2\/comments?post=87517"}],"version-history":[{"count":0,"href":"https:\/\/cannoni-conrad.com\/es\/wp-json\/wp\/v2\/pages\/87517\/revisions"}],"wp:attachment":[{"href":"https:\/\/cannoni-conrad.com\/es\/wp-json\/wp\/v2\/media?parent=87517"}],"curies":[{"name":"wp","href":"https:\/\/api.w.org\/{rel}","templated":true}]}}