{"id":89173,"date":"2022-03-23T11:26:15","date_gmt":"2022-03-23T10:26:15","guid":{"rendered":"http:\/\/cannoni-conrad.com\/?page_id=89173"},"modified":"2025-05-09T17:47:24","modified_gmt":"2025-05-09T15:47:24","slug":"industry-4-0-and-systems-nebulizers","status":"publish","type":"page","link":"https:\/\/cannoni-conrad.com\/en\/industria-4-0-e-impianti-nebulizzatori\/","title":{"rendered":"Industry 4.0 and Sprayers"},"content":{"rendered":"<div data-elementor-type=\"wp-page\" data-elementor-id=\"89173\" class=\"elementor elementor-89173\" data-elementor-post-type=\"page\">\n\t\t\t\t<div class=\"elementor-element elementor-element-6e39380 e-flex e-con-boxed e-con e-parent\" data-id=\"6e39380\" data-element_type=\"container\" data-e-type=\"container\" data-settings=\"{&quot;background_background&quot;:&quot;classic&quot;}\">\n\t\t\t\t\t<div class=\"e-con-inner\">\n\t\t\t\t<div class=\"elementor-element elementor-element-a34378e elementor-widget elementor-widget-heading\" data-id=\"a34378e\" data-element_type=\"widget\" data-e-type=\"widget\" data-widget_type=\"heading.default\">\n\t\t\t\t<div class=\"elementor-widget-container\">\n\t\t\t\t\t<h1 class=\"elementor-heading-title elementor-size-default\">Industry 4.0<\/h1>\t\t\t\t<\/div>\n\t\t\t\t<\/div>\n\t\t\t\t<div class=\"elementor-element elementor-element-3f32198 elementor-widget__width-initial elementor-widget elementor-widget-text-editor\" data-id=\"3f32198\" data-element_type=\"widget\" data-e-type=\"widget\" data-widget_type=\"text-editor.default\">\n\t\t\t\t<div class=\"elementor-widget-container\">\n\t\t\t\t\t\t\t\t\t<p><span style=\"font-weight: 400;\">For tangible assets 4.0 (assets included in Annex A annexed to the Budget Law 2021), for new investments made from 1 January 2022, <\/span><b>the tax credit will be equal to 40% .<\/b><\/p>\t\t\t\t\t\t\t\t<\/div>\n\t\t\t\t<\/div>\n\t\t\t\t<div class=\"elementor-element elementor-element-93c5483 elementor-align-left elementor-tablet-align-center elementor-widget elementor-widget-global elementor-global-91817 elementor-widget-button\" data-id=\"93c5483\" data-element_type=\"widget\" data-e-type=\"widget\" data-widget_type=\"button.default\">\n\t\t\t\t<div class=\"elementor-widget-container\">\n\t\t\t\t\t\t\t\t\t<div class=\"elementor-button-wrapper\">\n\t\t\t\t\t<a class=\"elementor-button elementor-button-link elementor-size-md\" href=\"#elementor-action%3Aaction%3Dpopup%3Aopen%26settings%3DeyJpZCI6Ijg1MjY2IiwidG9nZ2xlIjpmYWxzZX0%3D\" target=\"_blank\">\n\t\t\t\t\t\t<span class=\"elementor-button-content-wrapper\">\n\t\t\t\t\t\t\t\t\t<span class=\"elementor-button-text\">Request a quote<\/span>\n\t\t\t\t\t<\/span>\n\t\t\t\t\t<\/a>\n\t\t\t\t<\/div>\n\t\t\t\t\t\t\t\t<\/div>\n\t\t\t\t<\/div>\n\t\t\t\t\t<\/div>\n\t\t\t\t<\/div>\n\t\t<div class=\"elementor-element elementor-element-d96e5f7 e-flex e-con-boxed e-con e-parent\" data-id=\"d96e5f7\" data-element_type=\"container\" data-e-type=\"container\">\n\t\t\t\t\t<div class=\"e-con-inner\">\n\t\t<div class=\"elementor-element elementor-element-ada7a85 e-flex e-con-boxed e-con e-child\" data-id=\"ada7a85\" data-element_type=\"container\" data-e-type=\"container\" data-settings=\"{&quot;background_background&quot;:&quot;classic&quot;}\">\n\t\t\t\t\t<div class=\"e-con-inner\">\n\t\t\t\t\t<\/div>\n\t\t\t\t<\/div>\n\t\t<div class=\"elementor-element elementor-element-0757c32 e-flex e-con-boxed e-con e-child\" data-id=\"0757c32\" data-element_type=\"container\" data-e-type=\"container\">\n\t\t\t\t\t<div class=\"e-con-inner\">\n\t\t\t\t<div class=\"elementor-element elementor-element-8ac7160 elementor-widget elementor-widget-heading\" data-id=\"8ac7160\" data-element_type=\"widget\" data-e-type=\"widget\" data-widget_type=\"heading.default\">\n\t\t\t\t<div class=\"elementor-widget-container\">\n\t\t\t\t\t<h3 class=\"elementor-heading-title elementor-size-default\">Industry 4.0 systems on a dust suppression system?<\/h3>\t\t\t\t<\/div>\n\t\t\t\t<\/div>\n\t\t\t\t<div class=\"elementor-element elementor-element-6602bbd elementor-widget elementor-widget-text-editor\" data-id=\"6602bbd\" data-element_type=\"widget\" data-e-type=\"widget\" data-widget_type=\"text-editor.default\">\n\t\t\t\t<div class=\"elementor-widget-container\">\n\t\t\t\t\t\t\t\t\t<p>The answer is yes, Cannoni-Conrad has designed the right system and certified it according to the criteria required by the Industry 4.0 standard.<\/p><p>The Cannoni-Conrad brand spray cannons can therefore be equipped with an Industry 4.0 system that will be connected to the machine's PLC and this will allow them to take advantage of the tax benefits provided by the 2021 budget law.<\/p><p><span style=\"font-weight: 400;\">The CANNONI-CONRAD interconnection system is also equipped with a display to facilitate the man\/machine interface and has passed the most stringent tests.<\/span><\/p>\t\t\t\t\t\t\t\t<\/div>\n\t\t\t\t<\/div>\n\t\t\t\t\t<\/div>\n\t\t\t\t<\/div>\n\t\t\t\t\t<\/div>\n\t\t\t\t<\/div>\n\t\t<div class=\"elementor-element elementor-element-56f1f58 e-flex e-con-boxed e-con e-parent\" data-id=\"56f1f58\" data-element_type=\"container\" data-e-type=\"container\" data-settings=\"{&quot;background_background&quot;:&quot;classic&quot;}\">\n\t\t\t\t\t<div class=\"e-con-inner\">\n\t\t\t\t<div class=\"elementor-element elementor-element-32b3d40 elementor-widget elementor-widget-heading\" data-id=\"32b3d40\" data-element_type=\"widget\" data-e-type=\"widget\" data-widget_type=\"heading.default\">\n\t\t\t\t<div class=\"elementor-widget-container\">\n\t\t\t\t\t<h2 class=\"elementor-heading-title elementor-size-default\">The certified CANNONI-CONRAD system:<\/h2>\t\t\t\t<\/div>\n\t\t\t\t<\/div>\n\t\t\t\t\t<\/div>\n\t\t\t\t<\/div>\n\t\t<div class=\"elementor-element elementor-element-529df2f e-flex e-con-boxed e-con e-parent\" data-id=\"529df2f\" data-element_type=\"container\" data-e-type=\"container\" data-settings=\"{&quot;background_background&quot;:&quot;classic&quot;}\">\n\t\t\t\t\t<div class=\"e-con-inner\">\n\t\t<div class=\"elementor-element elementor-element-7b54f4f e-flex e-con-boxed e-con e-child\" data-id=\"7b54f4f\" data-element_type=\"container\" data-e-type=\"container\">\n\t\t\t\t\t<div class=\"e-con-inner\">\n\t\t\t\t<div class=\"elementor-element elementor-element-c015613 elementor-widget elementor-widget-image\" data-id=\"c015613\" data-element_type=\"widget\" data-e-type=\"widget\" data-widget_type=\"image.default\">\n\t\t\t\t<div class=\"elementor-widget-container\">\n\t\t\t\t\t\t\t\t\t\t\t\t\t\t\t<img decoding=\"async\" width=\"411\" height=\"298\" src=\"https:\/\/cannoni-conrad.com\/wp-content\/uploads\/2022\/03\/MONITOR-DISPLAY-4.0-CANNONI-CONRAD.jpg\" class=\"attachment-large size-large wp-image-89210\" alt=\"\" srcset=\"https:\/\/cannoni-conrad.com\/wp-content\/uploads\/2022\/03\/MONITOR-DISPLAY-4.0-CANNONI-CONRAD.jpg 411w, https:\/\/cannoni-conrad.com\/wp-content\/uploads\/2022\/03\/MONITOR-DISPLAY-4.0-CANNONI-CONRAD-18x12.jpg 18w\" sizes=\"(max-width: 411px) 100vw, 411px\" \/>\t\t\t\t\t\t\t\t\t\t\t\t\t\t\t<\/div>\n\t\t\t\t<\/div>\n\t\t\t\t<div class=\"elementor-element elementor-element-083445e elementor-widget elementor-widget-heading\" data-id=\"083445e\" data-element_type=\"widget\" data-e-type=\"widget\" data-widget_type=\"heading.default\">\n\t\t\t\t<div class=\"elementor-widget-container\">\n\t\t\t\t\t<h3 class=\"elementor-heading-title elementor-size-default\">User\/machine interface display<\/h3>\t\t\t\t<\/div>\n\t\t\t\t<\/div>\n\t\t\t\t<div class=\"elementor-element elementor-element-4cea12f elementor-widget elementor-widget-text-editor\" data-id=\"4cea12f\" data-element_type=\"widget\" data-e-type=\"widget\" data-widget_type=\"text-editor.default\">\n\t\t\t\t<div class=\"elementor-widget-container\">\n\t\t\t\t\t\t\t\t\t<p>CANNONI-CONRAD's Industry 4.0 telematics box system is always integrated with the display and is the essential accessory that connects the telematics box and implements the Man-Machine Interface on the cannon:<\/p><ul><li aria-level=\"1\" aria-checked=\"false\">Dispatching and Browsing of Jobs to be performed (Jobs) synchronised with the Cloud in real time<\/li><li aria-level=\"1\" aria-checked=\"false\">No. 3 Remote Programmable Activators of On-Board Devices\/Accessories<\/li><li aria-level=\"1\" aria-checked=\"false\">Main Battery Charge Indicator<\/li><li aria-level=\"1\" aria-checked=\"false\">Start Enable Indicator - indicates start enable to the operator<\/li><li aria-level=\"1\" aria-checked=\"false\">Monitor type: 4.3\u2033 TFT Colour Graphic LCD with LED<\/li><li aria-level=\"1\" aria-checked=\"false\">Colours: 16.7 M<\/li><li aria-level=\"1\" aria-checked=\"false\">Dimensions: 14 x 10 x 5 cm<\/li><li aria-level=\"1\" aria-checked=\"false\">IP: 65<\/li><\/ul>\t\t\t\t\t\t\t\t<\/div>\n\t\t\t\t<\/div>\n\t\t\t\t\t<\/div>\n\t\t\t\t<\/div>\n\t\t<div class=\"elementor-element elementor-element-93f8cbb e-flex e-con-boxed e-con e-child\" data-id=\"93f8cbb\" data-element_type=\"container\" data-e-type=\"container\">\n\t\t\t\t\t<div class=\"e-con-inner\">\n\t\t\t\t<div class=\"elementor-element elementor-element-357a623 elementor-widget elementor-widget-image\" data-id=\"357a623\" data-element_type=\"widget\" data-e-type=\"widget\" data-widget_type=\"image.default\">\n\t\t\t\t<div class=\"elementor-widget-container\">\n\t\t\t\t\t\t\t\t\t\t\t\t\t\t\t<img decoding=\"async\" width=\"411\" height=\"298\" src=\"https:\/\/cannoni-conrad.com\/wp-content\/uploads\/2022\/03\/box-telematico-4.0-Conrad.jpg\" class=\"attachment-large size-large wp-image-89206\" alt=\"\" srcset=\"https:\/\/cannoni-conrad.com\/wp-content\/uploads\/2022\/03\/box-telematico-4.0-Conrad.jpg 411w, https:\/\/cannoni-conrad.com\/wp-content\/uploads\/2022\/03\/box-telematico-4.0-Conrad-18x12.jpg 18w\" sizes=\"(max-width: 411px) 100vw, 411px\" \/>\t\t\t\t\t\t\t\t\t\t\t\t\t\t\t<\/div>\n\t\t\t\t<\/div>\n\t\t\t\t<div class=\"elementor-element elementor-element-d7ead0e elementor-widget elementor-widget-heading\" data-id=\"d7ead0e\" data-element_type=\"widget\" data-e-type=\"widget\" data-widget_type=\"heading.default\">\n\t\t\t\t<div class=\"elementor-widget-container\">\n\t\t\t\t\t<h3 class=\"elementor-heading-title elementor-size-default\">Tracking devices<\/h3>\t\t\t\t<\/div>\n\t\t\t\t<\/div>\n\t\t\t\t<div class=\"elementor-element elementor-element-7a34ea7 elementor-widget elementor-widget-text-editor\" data-id=\"7a34ea7\" data-element_type=\"widget\" data-e-type=\"widget\" data-widget_type=\"text-editor.default\">\n\t\t\t\t<div class=\"elementor-widget-container\">\n\t\t\t\t\t\t\t\t\t<ul><li aria-level=\"1\" aria-checked=\"false\">Ensures Interconnection with the Cloud\u00a0<\/li><li aria-level=\"1\" aria-checked=\"false\">Thanks to the integrated SIM, it works worldwide<\/li><li aria-level=\"1\" aria-checked=\"false\">Identifies the operator and enables start-up<\/li><li aria-level=\"1\" aria-checked=\"false\">Lock the machine in case of need<\/li><li aria-level=\"1\" aria-checked=\"false\">Transmits Work Data to the Cloud<\/li><li aria-level=\"1\" aria-checked=\"false\">Transmits Engine Data to the Cloud<\/li><li aria-level=\"1\" aria-checked=\"false\">Send Notifications and Alerts to Management<\/li><\/ul><p>\u00a0<\/p><p><span style=\"font-weight: 400;\">Included in the Industry 4.0 package CANNONI-CONRAD :\u00a0<\/span><\/p><p><span style=\"font-weight: 400;\">Management of Means and Equipment via Web Portal and App for 5 Years<\/span><\/p>\t\t\t\t\t\t\t\t<\/div>\n\t\t\t\t<\/div>\n\t\t\t\t\t<\/div>\n\t\t\t\t<\/div>\n\t\t\t\t\t<\/div>\n\t\t\t\t<\/div>\n\t\t<div class=\"elementor-element elementor-element-5c9ca60 e-flex e-con-boxed e-con e-parent\" data-id=\"5c9ca60\" data-element_type=\"container\" data-e-type=\"container\">\n\t\t\t\t\t<div class=\"e-con-inner\">\n\t\t<div class=\"elementor-element elementor-element-077ef6d e-con-full e-flex e-con e-child\" data-id=\"077ef6d\" data-element_type=\"container\" data-e-type=\"container\">\n\t\t\t\t<div class=\"elementor-element elementor-element-437d070 elementor-widget elementor-widget-heading\" data-id=\"437d070\" data-element_type=\"widget\" data-e-type=\"widget\" data-widget_type=\"heading.default\">\n\t\t\t\t<div class=\"elementor-widget-container\">\n\t\t\t\t\t<h2 class=\"elementor-heading-title elementor-size-default\">INSTALLATION<\/h2>\t\t\t\t<\/div>\n\t\t\t\t<\/div>\n\t\t\t\t<div class=\"elementor-element elementor-element-74fb054 elementor-widget elementor-widget-text-editor\" data-id=\"74fb054\" data-element_type=\"widget\" data-e-type=\"widget\" data-widget_type=\"text-editor.default\">\n\t\t\t\t<div class=\"elementor-widget-container\">\n\t\t\t\t\t\t\t\t\t<p>We carry out the installation of the Industry 4.0 device on the machine PLC at our workshop.<\/p><p>Our experienced technicians have been trained by the operations centre that will activate connectivity for 5 years from the date of purchase.<\/p><p>On the machine's PLC <strong>device will be installed<\/strong> tracking and the connected display to ensure the smoothest and most simplified human-machine interface.<\/p>\t\t\t\t\t\t\t\t<\/div>\n\t\t\t\t<\/div>\n\t\t\t\t<\/div>\n\t\t<div class=\"elementor-element elementor-element-c00267e e-con-full e-flex e-con e-child\" data-id=\"c00267e\" data-element_type=\"container\" data-e-type=\"container\" data-settings=\"{&quot;background_background&quot;:&quot;classic&quot;}\">\n\t\t\t\t<\/div>\n\t\t\t\t\t<\/div>\n\t\t\t\t<\/div>\n\t\t<div class=\"elementor-element elementor-element-f17d3a1 e-flex e-con-boxed e-con e-parent\" data-id=\"f17d3a1\" data-element_type=\"container\" data-e-type=\"container\" data-settings=\"{&quot;background_background&quot;:&quot;classic&quot;}\">\n\t\t\t\t\t<div class=\"e-con-inner\">\n\t\t<div class=\"elementor-element elementor-element-fcbfae5 e-con-full e-flex e-con e-child\" data-id=\"fcbfae5\" data-element_type=\"container\" data-e-type=\"container\" data-settings=\"{&quot;background_background&quot;:&quot;classic&quot;}\">\n\t\t\t\t<\/div>\n\t\t<div class=\"elementor-element elementor-element-7a779ce e-con-full e-flex e-con e-child\" data-id=\"7a779ce\" data-element_type=\"container\" data-e-type=\"container\">\n\t\t\t\t<div class=\"elementor-element elementor-element-9ae887b elementor-widget elementor-widget-heading\" data-id=\"9ae887b\" data-element_type=\"widget\" data-e-type=\"widget\" data-widget_type=\"heading.default\">\n\t\t\t\t<div class=\"elementor-widget-container\">\n\t\t\t\t\t<h2 class=\"elementor-heading-title elementor-size-default\">ACTIVATION<\/h2>\t\t\t\t<\/div>\n\t\t\t\t<\/div>\n\t\t\t\t<div class=\"elementor-element elementor-element-61ae2a7 elementor-widget elementor-widget-text-editor\" data-id=\"61ae2a7\" data-element_type=\"widget\" data-e-type=\"widget\" data-widget_type=\"text-editor.default\">\n\t\t\t\t<div class=\"elementor-widget-container\">\n\t\t\t\t\t\t\t\t\t<p>From the office the machine will be <strong>controllable<\/strong> why <strong>interconnected<\/strong>.<\/p><p>The portal to which the customer will have access will control his position, work data and operations.<\/p>\t\t\t\t\t\t\t\t<\/div>\n\t\t\t\t<\/div>\n\t\t\t\t<div class=\"elementor-element elementor-element-1523d53 elementor-align-left elementor-widget elementor-widget-button\" data-id=\"1523d53\" data-element_type=\"widget\" data-e-type=\"widget\" data-widget_type=\"button.default\">\n\t\t\t\t<div class=\"elementor-widget-container\">\n\t\t\t\t\t\t\t\t\t<div class=\"elementor-button-wrapper\">\n\t\t\t\t\t<a class=\"elementor-button elementor-button-link elementor-size-md\" href=\"#elementor-action%3Aaction%3Dpopup%3Aopen%26settings%3DeyJpZCI6Ijg4NzY0IiwidG9nZ2xlIjpmYWxzZX0%3D\">\n\t\t\t\t\t\t<span class=\"elementor-button-content-wrapper\">\n\t\t\t\t\t\t\t\t\t<span class=\"elementor-button-text\">Contact us<\/span>\n\t\t\t\t\t<\/span>\n\t\t\t\t\t<\/a>\n\t\t\t\t<\/div>\n\t\t\t\t\t\t\t\t<\/div>\n\t\t\t\t<\/div>\n\t\t\t\t<\/div>\n\t\t\t\t\t<\/div>\n\t\t\t\t<\/div>\n\t\t<div class=\"elementor-element elementor-element-29f4cff e-flex e-con-boxed e-con e-parent\" data-id=\"29f4cff\" data-element_type=\"container\" data-e-type=\"container\">\n\t\t\t\t\t<div class=\"e-con-inner\">\n\t\t<div class=\"elementor-element elementor-element-7d2770d e-con-full e-flex e-con e-child\" data-id=\"7d2770d\" data-element_type=\"container\" data-e-type=\"container\">\n\t\t\t\t<div class=\"elementor-element elementor-element-06e7be8 elementor-widget elementor-widget-heading\" data-id=\"06e7be8\" data-element_type=\"widget\" data-e-type=\"widget\" data-widget_type=\"heading.default\">\n\t\t\t\t<div class=\"elementor-widget-container\">\n\t\t\t\t\t<h2 class=\"elementor-heading-title elementor-size-default\">TESTING <\/h2>\t\t\t\t<\/div>\n\t\t\t\t<\/div>\n\t\t\t\t<div class=\"elementor-element elementor-element-3459b09 elementor-widget elementor-widget-text-editor\" data-id=\"3459b09\" data-element_type=\"widget\" data-e-type=\"widget\" data-widget_type=\"text-editor.default\">\n\t\t\t\t<div class=\"elementor-widget-container\">\n\t\t\t\t\t\t\t\t\t<p>During the acceptance test, we take care of the correct functioning of the machine. Our technicians perform<strong> tests<\/strong> in different working situations to check that all functions are active and fully operational.<\/p><p>We leave nothing to chance!<\/p>\t\t\t\t\t\t\t\t<\/div>\n\t\t\t\t<\/div>\n\t\t\t\t<div class=\"elementor-element elementor-element-7cd1d69 elementor-align-left elementor-widget elementor-widget-button\" data-id=\"7cd1d69\" data-element_type=\"widget\" data-e-type=\"widget\" data-widget_type=\"button.default\">\n\t\t\t\t<div class=\"elementor-widget-container\">\n\t\t\t\t\t\t\t\t\t<div class=\"elementor-button-wrapper\">\n\t\t\t\t\t<a class=\"elementor-button elementor-button-link elementor-size-md\" href=\"#elementor-action%3Aaction%3Dpopup%3Aopen%26settings%3DeyJpZCI6Ijg4NzY0IiwidG9nZ2xlIjpmYWxzZX0%3D\">\n\t\t\t\t\t\t<span class=\"elementor-button-content-wrapper\">\n\t\t\t\t\t\t\t\t\t<span class=\"elementor-button-text\">Contact us<\/span>\n\t\t\t\t\t<\/span>\n\t\t\t\t\t<\/a>\n\t\t\t\t<\/div>\n\t\t\t\t\t\t\t\t<\/div>\n\t\t\t\t<\/div>\n\t\t\t\t<\/div>\n\t\t<div class=\"elementor-element elementor-element-3c66ca9 e-con-full e-flex e-con e-child\" data-id=\"3c66ca9\" data-element_type=\"container\" data-e-type=\"container\" data-settings=\"{&quot;background_background&quot;:&quot;classic&quot;}\">\n\t\t\t\t<\/div>\n\t\t\t\t\t<\/div>\n\t\t\t\t<\/div>\n\t\t<div class=\"elementor-element elementor-element-e6c3faa e-flex e-con-boxed e-con e-parent\" data-id=\"e6c3faa\" data-element_type=\"container\" data-e-type=\"container\">\n\t\t\t\t\t<div class=\"e-con-inner\">\n\t\t<div class=\"elementor-element elementor-element-1d123a8 e-con-full e-flex e-con e-child\" data-id=\"1d123a8\" data-element_type=\"container\" data-e-type=\"container\" data-settings=\"{&quot;background_background&quot;:&quot;classic&quot;}\">\n\t\t\t\t<\/div>\n\t\t<div class=\"elementor-element elementor-element-a082a6b e-con-full e-flex e-con e-child\" data-id=\"a082a6b\" data-element_type=\"container\" data-e-type=\"container\">\n\t\t\t\t<div class=\"elementor-element elementor-element-a533ac3 elementor-widget elementor-widget-heading\" data-id=\"a533ac3\" data-element_type=\"widget\" data-e-type=\"widget\" data-widget_type=\"heading.default\">\n\t\t\t\t<div class=\"elementor-widget-container\">\n\t\t\t\t\t<h2 class=\"elementor-heading-title elementor-size-default\">TRAINING<\/h2>\t\t\t\t<\/div>\n\t\t\t\t<\/div>\n\t\t\t\t<div class=\"elementor-element elementor-element-f35415e elementor-widget elementor-widget-text-editor\" data-id=\"f35415e\" data-element_type=\"widget\" data-e-type=\"widget\" data-widget_type=\"text-editor.default\">\n\t\t\t\t<div class=\"elementor-widget-container\">\n\t\t\t\t\t\t\t\t\t<p>During delivery, our technicians carry out <strong>a practical training course<\/strong>.<\/p><p>In this way, operators will learn how to use the spray gun in just a few minutes.<\/p>\t\t\t\t\t\t\t\t<\/div>\n\t\t\t\t<\/div>\n\t\t\t\t<\/div>\n\t\t\t\t\t<\/div>\n\t\t\t\t<\/div>\n\t\t\t\t<\/div>","protected":false},"excerpt":{"rendered":"<p>Industria 4.0 Per i beni materiali 4.0 (beni ricompresi nell&#8217;allegato A annesso alla legge di Bilancio 2021), per i nuovi investimenti effettuati dal 1\u00b0 gennaio 2022, il credito d\u2019imposta sar\u00e0 pari al 40% . Richiedi un preventivo Sistemi Industria 4.0 su un sistema di abbattimento polveri? La risposta \u00e8 s\u00ec, Cannoni-Conrad ha studiamo il sistema [&hellip;]<\/p>\n","protected":false},"author":1,"featured_media":0,"parent":0,"menu_order":0,"comment_status":"closed","ping_status":"closed","template":"","meta":{"_acf_changed":false,"footnotes":""},"class_list":["post-89173","page","type-page","status-publish","hentry"],"acf":[],"_links":{"self":[{"href":"https:\/\/cannoni-conrad.com\/en\/wp-json\/wp\/v2\/pages\/89173","targetHints":{"allow":["GET"]}}],"collection":[{"href":"https:\/\/cannoni-conrad.com\/en\/wp-json\/wp\/v2\/pages"}],"about":[{"href":"https:\/\/cannoni-conrad.com\/en\/wp-json\/wp\/v2\/types\/page"}],"author":[{"embeddable":true,"href":"https:\/\/cannoni-conrad.com\/en\/wp-json\/wp\/v2\/users\/1"}],"replies":[{"embeddable":true,"href":"https:\/\/cannoni-conrad.com\/en\/wp-json\/wp\/v2\/comments?post=89173"}],"version-history":[{"count":0,"href":"https:\/\/cannoni-conrad.com\/en\/wp-json\/wp\/v2\/pages\/89173\/revisions"}],"wp:attachment":[{"href":"https:\/\/cannoni-conrad.com\/en\/wp-json\/wp\/v2\/media?parent=89173"}],"curies":[{"name":"wp","href":"https:\/\/api.w.org\/{rel}","templated":true}]}}