{"id":96167,"date":"2025-06-16T13:30:30","date_gmt":"2025-06-16T11:30:30","guid":{"rendered":"https:\/\/cannoni-conrad.com\/?post_type=product&#038;p=96167"},"modified":"2026-01-07T12:01:43","modified_gmt":"2026-01-07T11:01:43","slug":"autonomer-bahnhof-39","status":"publish","type":"product","link":"https:\/\/cannoni-conrad.com\/de\/abbattimento-polveri\/stazioni-autonome\/stazione-autonoma-39\/","title":{"rendered":"Autonome Station #39"},"content":{"rendered":"<div data-elementor-type=\"product-post\" data-elementor-id=\"96167\" class=\"elementor elementor-96167\" data-elementor-post-type=\"product\">\n\t\t\t\t<div class=\"elementor-element elementor-element-711c0ac e-grid e-con-boxed e-con e-child\" data-id=\"711c0ac\" data-element_type=\"container\" data-e-type=\"container\">\n\t\t\t\t\t<div class=\"e-con-inner\">\n\t\t<div class=\"elementor-element elementor-element-d14262f e-con-full e-flex e-con e-child\" data-id=\"d14262f\" data-element_type=\"container\" data-e-type=\"container\" data-settings=\"{&quot;background_background&quot;:&quot;classic&quot;}\">\n\t\t\t\t<div class=\"elementor-element elementor-element-1eab237 elementor-widget elementor-widget-image\" data-id=\"1eab237\" data-element_type=\"widget\" data-e-type=\"widget\" data-widget_type=\"image.default\">\n\t\t\t\t<div class=\"elementor-widget-container\">\n\t\t\t\t\t\t\t\t\t\t\t\t\t\t\t<img decoding=\"async\" width=\"1600\" height=\"1200\" src=\"https:\/\/cannoni-conrad.com\/wp-content\/uploads\/2024\/04\/collaudo-Garc-876-03-24_3.jpg\" class=\"attachment-full size-full wp-image-93507\" alt=\"\" srcset=\"https:\/\/cannoni-conrad.com\/wp-content\/uploads\/2024\/04\/collaudo-Garc-876-03-24_3.jpg 1600w, https:\/\/cannoni-conrad.com\/wp-content\/uploads\/2024\/04\/collaudo-Garc-876-03-24_3-768x576.jpg 768w, https:\/\/cannoni-conrad.com\/wp-content\/uploads\/2024\/04\/collaudo-Garc-876-03-24_3-1536x1152.jpg 1536w, https:\/\/cannoni-conrad.com\/wp-content\/uploads\/2024\/04\/collaudo-Garc-876-03-24_3-16x12.jpg 16w, https:\/\/cannoni-conrad.com\/wp-content\/uploads\/2024\/04\/collaudo-Garc-876-03-24_3-800x600.jpg 800w\" sizes=\"(max-width: 1600px) 100vw, 1600px\" \/>\t\t\t\t\t\t\t\t\t\t\t\t\t\t\t<\/div>\n\t\t\t\t<\/div>\n\t\t\t\t<div class=\"elementor-element elementor-element-f4736c7 elementor-widget elementor-widget-heading\" data-id=\"f4736c7\" data-element_type=\"widget\" data-e-type=\"widget\" data-widget_type=\"heading.default\">\n\t\t\t\t<div class=\"elementor-widget-container\">\n\t\t\t\t\t<h2 class=\"elementor-heading-title elementor-size-default\">Einrichten<\/h2>\t\t\t\t<\/div>\n\t\t\t\t<\/div>\n\t\t\t\t<div class=\"elementor-element elementor-element-d1cdd07 elementor-widget elementor-widget-text-editor\" data-id=\"d1cdd07\" data-element_type=\"widget\" data-e-type=\"widget\" data-widget_type=\"text-editor.default\">\n\t\t\t\t<div class=\"elementor-widget-container\">\n\t\t\t\t\t\t\t\t\t<p>Autonomer Bahnhof komplett mit:<\/p><ul><li><a href=\"http:\/\/cannoni-conrad.com\/de\/staubunterdruckung\/system-elektronik-2\/conrad-c32\/\">CONRAD C32 KANONE<\/a><\/li><li>KNICKARM<\/li><li>-PLC INTEGRIERT\u00a0<\/li><li>-STAHLTANK 5000 L. TAILOR-MADE<\/li><li>-GENERATOR F\u00dcR DIESELMOTOREN<\/li><li>-PERSONALISIERTER 4,40 METER LANGER LKW-SATTEL MIT ANH\u00c4NGERKUPPLUNG<\/li><li>-12-TASTEN-FERNBEDIENUNG<\/li><li>-INDUSTRIE 4.0-BAUSATZ<\/li><\/ul>\t\t\t\t\t\t\t\t<\/div>\n\t\t\t\t<\/div>\n\t\t\t\t<\/div>\n\t\t<div class=\"elementor-element elementor-element-017c8e4 e-con-full e-flex e-con e-child\" data-id=\"017c8e4\" data-element_type=\"container\" data-e-type=\"container\" data-settings=\"{&quot;background_background&quot;:&quot;classic&quot;}\">\n\t\t\t\t<div class=\"elementor-element elementor-element-adc9f4f elementor-widget elementor-widget-image\" data-id=\"adc9f4f\" data-element_type=\"widget\" data-e-type=\"widget\" data-widget_type=\"image.default\">\n\t\t\t\t<div class=\"elementor-widget-container\">\n\t\t\t\t\t\t\t\t\t\t\t\t\t\t\t<img decoding=\"async\" width=\"800\" height=\"651\" src=\"https:\/\/cannoni-conrad.com\/wp-content\/uploads\/2024\/04\/collaudo-Garc-876-03-24_4-cut_.jpg\" class=\"attachment-large size-large wp-image-93530\" alt=\"\" srcset=\"https:\/\/cannoni-conrad.com\/wp-content\/uploads\/2024\/04\/collaudo-Garc-876-03-24_4-cut_.jpg 1285w, https:\/\/cannoni-conrad.com\/wp-content\/uploads\/2024\/04\/collaudo-Garc-876-03-24_4-cut_-768x625.jpg 768w, https:\/\/cannoni-conrad.com\/wp-content\/uploads\/2024\/04\/collaudo-Garc-876-03-24_4-cut_-15x12.jpg 15w, https:\/\/cannoni-conrad.com\/wp-content\/uploads\/2024\/04\/collaudo-Garc-876-03-24_4-cut_-800x651.jpg 800w\" sizes=\"(max-width: 800px) 100vw, 800px\" \/>\t\t\t\t\t\t\t\t\t\t\t\t\t\t\t<\/div>\n\t\t\t\t<\/div>\n\t\t\t\t<div class=\"elementor-element elementor-element-cf7b40c elementor-widget elementor-widget-heading\" data-id=\"cf7b40c\" data-element_type=\"widget\" data-e-type=\"widget\" data-widget_type=\"heading.default\">\n\t\t\t\t<div class=\"elementor-widget-container\">\n\t\t\t\t\t<h2 class=\"elementor-heading-title elementor-size-default\">DER UNBELASTBARE SATTEL<\/h2>\t\t\t\t<\/div>\n\t\t\t\t<\/div>\n\t\t\t\t<div class=\"elementor-element elementor-element-775c962 elementor-widget elementor-widget-text-editor\" data-id=\"775c962\" data-element_type=\"widget\" data-e-type=\"widget\" data-widget_type=\"text-editor.default\">\n\t\t\t\t<div class=\"elementor-widget-container\">\n\t\t\t\t\t\t\t\t\t<p>Der Sattel wird f\u00fcr den Lkw, auf den er geladen werden soll, ma\u00dfgeschneidert. In diesem Fall basierte der Entwurf auf einem 4,40 Meter langen Sattel, da der auszustattende Lkw ein Zweiachser war.<\/p><p>Der Sattel wurde mit der Staubschutzkanone C32, einer kompletten SPS zur Steuerung aller Automatismen, dem Dieselgenerator und einem Stahltank mit einem Fassungsverm\u00f6gen von 5000 Litern ausgestattet, der nach Ma\u00df gefertigt wurde, um die Abmessungen des Sattels zu ber\u00fccksichtigen.<\/p>\t\t\t\t\t\t\t\t<\/div>\n\t\t\t\t<\/div>\n\t\t\t\t<\/div>\n\t\t<div class=\"elementor-element elementor-element-5d765fc e-con-full e-flex e-con e-child\" data-id=\"5d765fc\" data-element_type=\"container\" data-e-type=\"container\" data-settings=\"{&quot;background_background&quot;:&quot;classic&quot;}\">\n\t\t\t\t<div class=\"elementor-element elementor-element-e4c5a99 elementor-widget elementor-widget-image\" data-id=\"e4c5a99\" data-element_type=\"widget\" data-e-type=\"widget\" data-widget_type=\"image.default\">\n\t\t\t\t<div class=\"elementor-widget-container\">\n\t\t\t\t\t\t\t\t\t\t\t\t\t\t\t<img decoding=\"async\" width=\"468\" height=\"337\" src=\"https:\/\/cannoni-conrad.com\/wp-content\/uploads\/2020\/12\/plc-cannoni.jpg\" class=\"attachment-full size-full wp-image-93353\" alt=\"\" srcset=\"https:\/\/cannoni-conrad.com\/wp-content\/uploads\/2020\/12\/plc-cannoni.jpg 468w, https:\/\/cannoni-conrad.com\/wp-content\/uploads\/2020\/12\/plc-cannoni-18x12.jpg 18w\" sizes=\"(max-width: 468px) 100vw, 468px\" \/>\t\t\t\t\t\t\t\t\t\t\t\t\t\t\t<\/div>\n\t\t\t\t<\/div>\n\t\t\t\t<div class=\"elementor-element elementor-element-a3bd123 elementor-widget elementor-widget-heading\" data-id=\"a3bd123\" data-element_type=\"widget\" data-e-type=\"widget\" data-widget_type=\"heading.default\">\n\t\t\t\t<div class=\"elementor-widget-container\">\n\t\t\t\t\t<h2 class=\"elementor-heading-title elementor-size-default\">DIE AG<\/h2>\t\t\t\t<\/div>\n\t\t\t\t<\/div>\n\t\t\t\t<div class=\"elementor-element elementor-element-281a78d elementor-widget elementor-widget-text-editor\" data-id=\"281a78d\" data-element_type=\"widget\" data-e-type=\"widget\" data-widget_type=\"text-editor.default\">\n\t\t\t\t<div class=\"elementor-widget-container\">\n\t\t\t\t\t\t\t\t\t<p>Die in dieser Maschine installierte SPS ist das Nonplusultra, da sie alle Automatismen der Maschine steuern kann.<\/p><p>Ein- und Ausschalten des Ventilators<\/p><p>Aktivierung der Magnetventile und Auswahl der Arbeitsd\u00fcsen (32+32)<\/p><p>Aktivierung der Kronenheizung bei Minustemperaturen<\/p><p>Rotationseinstellung von 0\u00b0 bis 340*.<\/p><p>Einstellung der vertikalen Neigung der Kanone<\/p><p>Bewegung des Gelenksarms<\/p><p>Arbeitspausen-Timer<\/p><p>W\u00f6chentliche und t\u00e4gliche Terminplanung mit Zeitfenstern<\/p><p>\u00a0<\/p>\t\t\t\t\t\t\t\t<\/div>\n\t\t\t\t<\/div>\n\t\t\t\t<\/div>\n\t\t\t\t\t<\/div>\n\t\t\t\t<\/div>\n\t\t<div class=\"elementor-element elementor-element-6a1496d e-flex e-con-boxed e-con e-parent\" data-id=\"6a1496d\" data-element_type=\"container\" data-e-type=\"container\" data-settings=\"{&quot;background_background&quot;:&quot;classic&quot;}\">\n\t\t\t\t\t<div class=\"e-con-inner\">\n\t\t\t\t<div class=\"elementor-element elementor-element-2d3a8bd elementor-widget elementor-widget-heading\" data-id=\"2d3a8bd\" data-element_type=\"widget\" data-e-type=\"widget\" data-widget_type=\"heading.default\">\n\t\t\t\t<div class=\"elementor-widget-container\">\n\t\t\t\t\t<h3 class=\"elementor-heading-title elementor-size-default\">EINSATZBEREICHE<\/h3>\t\t\t\t<\/div>\n\t\t\t\t<\/div>\n\t\t\t\t<div class=\"elementor-element elementor-element-35d34ca elementor-widget elementor-widget-text-editor\" data-id=\"35d34ca\" data-element_type=\"widget\" data-e-type=\"widget\" data-widget_type=\"text-editor.default\">\n\t\t\t\t<div class=\"elementor-widget-container\">\n\t\t\t\t\t\t\t\t\t<p>Diese Abbruchstation ist eine hervorragende L\u00f6sung f\u00fcr den Abbruchbereich und eignet sich f\u00fcr den Einsatz mit Baggern, die mit einem Abbruchgreifer ausgestattet sind. Der Gelenkausleger, der auf \u00fcber 7 Meter ansteigt (5,5 m + die H\u00f6he des Lkw-Aufbaus), erm\u00f6glicht es der Kanone, den Staub von oben abzufangen und ihn schneller auf den Boden zu bringen.<\/p>\t\t\t\t\t\t\t\t<\/div>\n\t\t\t\t<\/div>\n\t\t\t\t<div class=\"elementor-element elementor-element-63a3812 elementor-widget elementor-widget-video\" data-id=\"63a3812\" data-element_type=\"widget\" data-e-type=\"widget\" data-settings=\"{&quot;youtube_url&quot;:&quot;https:\\\/\\\/www.youtube.com\\\/watch?v=COmqCGBjKa0&quot;,&quot;video_type&quot;:&quot;youtube&quot;,&quot;controls&quot;:&quot;yes&quot;}\" data-widget_type=\"video.default\">\n\t\t\t\t<div class=\"elementor-widget-container\">\n\t\t\t\t\t\t\t<div class=\"elementor-wrapper elementor-open-inline\">\n\t\t\t<div class=\"elementor-video\"><\/div>\t\t<\/div>\n\t\t\t\t\t\t<\/div>\n\t\t\t\t<\/div>\n\t\t\t\t\t<\/div>\n\t\t\t\t<\/div>\n\t\t\t\t<\/div>","protected":false},"excerpt":{"rendered":"<p>Die Autonomous Station #39 ist eine komplette, in sich geschlossene Staubbek\u00e4mpfungsl\u00f6sung mit einer Spritzpistole, einem 5000-Liter-Tank und einem Dieselgenerator. Die Station ist auf einem speziell angefertigten LKW-Sattel mit Anh\u00e4ngerkupplung installiert und verf\u00fcgt \u00fcber eine fortschrittliche SPS f\u00fcr die Automatisierung und Programmierung.<\/p>","protected":false},"featured_media":96168,"template":"","meta":{"_acf_changed":false},"product_brand":[],"product_cat":[947],"product_tag":[1294],"class_list":{"0":"post-96167","1":"product","2":"type-product","3":"status-publish","4":"has-post-thumbnail","6":"product_cat-stazioni-autonome","7":"product_tag-cannone-nebulizzatore-30-metri","9":"first","10":"instock","11":"taxable","12":"shipping-taxable","13":"product-type-simple"},"acf":[],"_links":{"self":[{"href":"https:\/\/cannoni-conrad.com\/de\/wp-json\/wp\/v2\/product\/96167","targetHints":{"allow":["GET"]}}],"collection":[{"href":"https:\/\/cannoni-conrad.com\/de\/wp-json\/wp\/v2\/product"}],"about":[{"href":"https:\/\/cannoni-conrad.com\/de\/wp-json\/wp\/v2\/types\/product"}],"version-history":[{"count":0,"href":"https:\/\/cannoni-conrad.com\/de\/wp-json\/wp\/v2\/product\/96167\/revisions"}],"wp:featuredmedia":[{"embeddable":true,"href":"https:\/\/cannoni-conrad.com\/de\/wp-json\/wp\/v2\/media\/96168"}],"wp:attachment":[{"href":"https:\/\/cannoni-conrad.com\/de\/wp-json\/wp\/v2\/media?parent=96167"}],"wp:term":[{"taxonomy":"product_brand","embeddable":true,"href":"https:\/\/cannoni-conrad.com\/de\/wp-json\/wp\/v2\/product_brand?post=96167"},{"taxonomy":"product_cat","embeddable":true,"href":"https:\/\/cannoni-conrad.com\/de\/wp-json\/wp\/v2\/product_cat?post=96167"},{"taxonomy":"product_tag","embeddable":true,"href":"https:\/\/cannoni-conrad.com\/de\/wp-json\/wp\/v2\/product_tag?post=96167"}],"curies":[{"name":"wp","href":"https:\/\/api.w.org\/{rel}","templated":true}]}}