{"id":96140,"date":"2025-06-16T00:01:56","date_gmt":"2025-06-15T22:01:56","guid":{"rendered":"https:\/\/cannoni-conrad.com\/?post_type=product&#038;p=96140"},"modified":"2025-06-16T00:06:58","modified_gmt":"2025-06-15T22:06:58","slug":"autonomer-bahnhof-34","status":"publish","type":"product","link":"https:\/\/cannoni-conrad.com\/de\/abbattimento-polveri\/stazioni-autonome\/stazione-autonoma-34\/","title":{"rendered":"Autonome Station #34"},"content":{"rendered":"","protected":false},"excerpt":{"rendered":"<p>Diese abschleppbare Staubminderungsstation ist auf einem langsam fahrenden Anh\u00e4nger aufgebaut und eignet sich f\u00fcr Baustellen, Steinbr\u00fcche, M\u00fclldeponien, \u00f6kologische Gebiete, Bergbaustandorte und Deponien f\u00fcr das Recycling von Inertstoffen.<\/p>\n<p>In diesem Fall wurde der LKW mit der Conrad C50 Pistole mit Hochdruckpumpe und einem 3000-Liter-PE-Tank ausgestattet.<\/p>\n<p>Geringer Verbrauch und hervorragende Leistung.<\/p>","protected":false},"featured_media":96017,"template":"","meta":{"_acf_changed":false},"product_brand":[],"product_cat":[947],"product_tag":[],"class_list":{"0":"post-96140","1":"product","2":"type-product","3":"status-publish","4":"has-post-thumbnail","6":"product_cat-stazioni-autonome","8":"first","9":"instock","10":"taxable","11":"shipping-taxable","12":"product-type-simple"},"acf":[],"_links":{"self":[{"href":"https:\/\/cannoni-conrad.com\/de\/wp-json\/wp\/v2\/product\/96140","targetHints":{"allow":["GET"]}}],"collection":[{"href":"https:\/\/cannoni-conrad.com\/de\/wp-json\/wp\/v2\/product"}],"about":[{"href":"https:\/\/cannoni-conrad.com\/de\/wp-json\/wp\/v2\/types\/product"}],"version-history":[{"count":0,"href":"https:\/\/cannoni-conrad.com\/de\/wp-json\/wp\/v2\/product\/96140\/revisions"}],"wp:featuredmedia":[{"embeddable":true,"href":"https:\/\/cannoni-conrad.com\/de\/wp-json\/wp\/v2\/media\/96017"}],"wp:attachment":[{"href":"https:\/\/cannoni-conrad.com\/de\/wp-json\/wp\/v2\/media?parent=96140"}],"wp:term":[{"taxonomy":"product_brand","embeddable":true,"href":"https:\/\/cannoni-conrad.com\/de\/wp-json\/wp\/v2\/product_brand?post=96140"},{"taxonomy":"product_cat","embeddable":true,"href":"https:\/\/cannoni-conrad.com\/de\/wp-json\/wp\/v2\/product_cat?post=96140"},{"taxonomy":"product_tag","embeddable":true,"href":"https:\/\/cannoni-conrad.com\/de\/wp-json\/wp\/v2\/product_tag?post=96140"}],"curies":[{"name":"wp","href":"https:\/\/api.w.org\/{rel}","templated":true}]}}