{"id":96038,"date":"2025-06-15T16:15:03","date_gmt":"2025-06-15T14:15:03","guid":{"rendered":"https:\/\/cannoni-conrad.com\/?post_type=product&#038;p=96038"},"modified":"2025-06-15T16:27:23","modified_gmt":"2025-06-15T14:27:23","slug":"autonomer-bahnhof-21","status":"publish","type":"product","link":"https:\/\/cannoni-conrad.com\/de\/abbattimento-polveri\/stazioni-autonome\/stazione-autonoma-21\/","title":{"rendered":"Autonome Station #21"},"content":{"rendered":"<div data-elementor-type=\"product-post\" data-elementor-id=\"96038\" class=\"elementor elementor-96038\" data-elementor-post-type=\"product\">\n\t\t\t\t<div class=\"elementor-element elementor-element-727fb0e e-flex e-con-boxed e-con e-parent\" data-id=\"727fb0e\" data-element_type=\"container\" data-e-type=\"container\">\n\t\t\t\t\t<div class=\"e-con-inner\">\n\t\t<div class=\"elementor-element elementor-element-5bd167d e-grid e-con-full e-con e-child\" data-id=\"5bd167d\" data-element_type=\"container\" data-e-type=\"container\">\n\t\t<div class=\"elementor-element elementor-element-dc4c288 e-flex e-con-boxed e-con e-child\" data-id=\"dc4c288\" data-element_type=\"container\" data-e-type=\"container\" data-settings=\"{&quot;background_background&quot;:&quot;classic&quot;}\">\n\t\t\t\t\t<div class=\"e-con-inner\">\n\t\t\t\t<div class=\"elementor-element elementor-element-acb0ec5 elementor-widget elementor-widget-heading\" data-id=\"acb0ec5\" data-element_type=\"widget\" data-e-type=\"widget\" data-widget_type=\"heading.default\">\n\t\t\t\t<div class=\"elementor-widget-container\">\n\t\t\t\t\t<h2 class=\"elementor-heading-title elementor-size-default\">EINSATZBEREICHE<\/h2>\t\t\t\t<\/div>\n\t\t\t\t<\/div>\n\t\t\t\t<div class=\"elementor-element elementor-element-162c42c elementor-widget elementor-widget-text-editor\" data-id=\"162c42c\" data-element_type=\"widget\" data-e-type=\"widget\" data-widget_type=\"text-editor.default\">\n\t\t\t\t<div class=\"elementor-widget-container\">\n\t\t\t\t\t\t\t\t\t<p>Wir f\u00fchren diese Projekte sehr h\u00e4ufig mit Abrollkippern durch. Die am st\u00e4rksten nachgefragten Bereiche sind sicherlich Abbrucharbeiten, Abfallwirtschaft und Bodensanierung.<\/p><p>In diesen Gebieten ist es wichtig, unabh\u00e4ngig mit Wasser und Strom zu sein, um die Verschwendung von Zeit und Ressourcen zu reduzieren.<\/p>\t\t\t\t\t\t\t\t<\/div>\n\t\t\t\t<\/div>\n\t\t\t\t\t<\/div>\n\t\t\t\t<\/div>\n\t\t<div class=\"elementor-element elementor-element-2274d13 e-flex e-con-boxed e-con e-child\" data-id=\"2274d13\" data-element_type=\"container\" data-e-type=\"container\" data-settings=\"{&quot;background_background&quot;:&quot;classic&quot;}\">\n\t\t\t\t\t<div class=\"e-con-inner\">\n\t\t\t\t<div class=\"elementor-element elementor-element-8a0bb97 elementor-widget elementor-widget-heading\" data-id=\"8a0bb97\" data-element_type=\"widget\" data-e-type=\"widget\" data-widget_type=\"heading.default\">\n\t\t\t\t<div class=\"elementor-widget-container\">\n\t\t\t\t\t<h2 class=\"elementor-heading-title elementor-size-default\">Der unbelastbare Sattel<\/h2>\t\t\t\t<\/div>\n\t\t\t\t<\/div>\n\t\t\t\t<div class=\"elementor-element elementor-element-38370d2 elementor-widget elementor-widget-text-editor\" data-id=\"38370d2\" data-element_type=\"widget\" data-e-type=\"widget\" data-widget_type=\"text-editor.default\">\n\t\t\t\t<div class=\"elementor-widget-container\">\n\t\t\t\t\t\t\t\t\t<p>Der Sattel ist ma\u00dfgeschneidert f\u00fcr den Lkw, auf den er geladen werden soll.<\/p><p>Der Sattel wird mit der Staubbek\u00e4mpfungskanone, dem Stromgenerator und dem vollst\u00e4ndig transportablen Stahltank ausgestattet sein.<\/p>\t\t\t\t\t\t\t\t<\/div>\n\t\t\t\t<\/div>\n\t\t\t\t\t<\/div>\n\t\t\t\t<\/div>\n\t\t<div class=\"elementor-element elementor-element-a5c59e2 e-flex e-con-boxed e-con e-child\" data-id=\"a5c59e2\" data-element_type=\"container\" data-e-type=\"container\" data-settings=\"{&quot;background_background&quot;:&quot;classic&quot;}\">\n\t\t\t\t\t<div class=\"e-con-inner\">\n\t\t\t\t<div class=\"elementor-element elementor-element-76b05bd elementor-widget elementor-widget-heading\" data-id=\"76b05bd\" data-element_type=\"widget\" data-e-type=\"widget\" data-widget_type=\"heading.default\">\n\t\t\t\t<div class=\"elementor-widget-container\">\n\t\t\t\t\t<h2 class=\"elementor-heading-title elementor-size-default\">PLC<\/h2>\t\t\t\t<\/div>\n\t\t\t\t<\/div>\n\t\t\t\t<div class=\"elementor-element elementor-element-358285c elementor-widget elementor-widget-text-editor\" data-id=\"358285c\" data-element_type=\"widget\" data-e-type=\"widget\" data-widget_type=\"text-editor.default\">\n\t\t\t\t<div class=\"elementor-widget-container\">\n\t\t\t\t\t\t\t\t\t<ul>\n \t<li>Steuerung der Drehung von 0\u00b0 bis 340\u00b0<\/li>\n \t<li>Neigungssteuerung von -20\u00b0 bis + 45\u00b0.<\/li>\n \t<li>Auf-\/Abw\u00e4rtsbewegung im Gelenkarmmodell<\/li>\n \t<li>Einstellung des Arbeitswinkels Start<\/li>\n \t<li>Ventilator Start Wasserversorgung (Motorpumpe\/Magnetventile)<\/li>\n \t<li>W\u00f6chentliche Arbeitsplanung (3 t\u00e4gliche Start\/Stop-Zyklen)<\/li>\n \t<li>Aktive D\u00fcsenauswahl<\/li>\n \t<li>Ein- und Ausschalten der Kronenheizung<\/li>\n \t<li>Das Licht ein- oder ausschalten<\/li>\n \t<li>Ein- und Ausschalten der Funksteuerung<\/li>\n<\/ul>\t\t\t\t\t\t\t\t<\/div>\n\t\t\t\t<\/div>\n\t\t\t\t\t<\/div>\n\t\t\t\t<\/div>\n\t\t\t\t<\/div>\n\t\t\t\t\t<\/div>\n\t\t\t\t<\/div>\n\t\t<div class=\"elementor-element elementor-element-1848a71 e-flex e-con-boxed e-con e-parent\" data-id=\"1848a71\" data-element_type=\"container\" data-e-type=\"container\" data-settings=\"{&quot;background_background&quot;:&quot;classic&quot;}\">\n\t\t\t\t\t<div class=\"e-con-inner\">\n\t\t\t\t<div class=\"elementor-element elementor-element-7cc4961 elementor-widget elementor-widget-heading\" data-id=\"7cc4961\" data-element_type=\"widget\" data-e-type=\"widget\" data-widget_type=\"heading.default\">\n\t\t\t\t<div class=\"elementor-widget-container\">\n\t\t\t\t\t<h3 class=\"elementor-heading-title elementor-size-default\">Autonome Station in Aktion<\/h3>\t\t\t\t<\/div>\n\t\t\t\t<\/div>\n\t\t\t\t<div class=\"elementor-element elementor-element-cdb4f4c elementor-widget elementor-widget-video\" data-id=\"cdb4f4c\" data-element_type=\"widget\" data-e-type=\"widget\" data-settings=\"{&quot;youtube_url&quot;:&quot;https:\\\/\\\/www.youtube.com\\\/watch?v=noxs9WSSzFQ&quot;,&quot;loop&quot;:&quot;yes&quot;,&quot;video_type&quot;:&quot;youtube&quot;,&quot;controls&quot;:&quot;yes&quot;}\" data-widget_type=\"video.default\">\n\t\t\t\t<div class=\"elementor-widget-container\">\n\t\t\t\t\t\t\t<div class=\"elementor-wrapper elementor-open-inline\">\n\t\t\t<div class=\"elementor-video\"><\/div>\t\t<\/div>\n\t\t\t\t\t\t<\/div>\n\t\t\t\t<\/div>\n\t\t\t\t\t<\/div>\n\t\t\t\t<\/div>\n\t\t\t\t<\/div>","protected":false},"excerpt":{"rendered":"<p>Diese autonome Station auf einem Abrollsattel ist die gr\u00f6\u00dfte ihrer Klasse, mit einem Stahltank von 8000 Litern, einem Dieselgenerator und einer C62-Spritzpistole mit Knickarmaufh\u00e4ngung.<\/p>\n<p>Eine ma\u00dfgeschneiderte Anlage, die von dem Unternehmen speziell f\u00fcr die Behandlung von Staub aus dem Steinbruch angefordert wurde.<\/p>","protected":false},"featured_media":96016,"template":"","meta":{"_acf_changed":false},"product_brand":[],"product_cat":[947],"product_tag":[],"class_list":{"0":"post-96038","1":"product","2":"type-product","3":"status-publish","4":"has-post-thumbnail","6":"product_cat-stazioni-autonome","8":"first","9":"instock","10":"taxable","11":"shipping-taxable","12":"product-type-simple"},"acf":[],"_links":{"self":[{"href":"https:\/\/cannoni-conrad.com\/de\/wp-json\/wp\/v2\/product\/96038","targetHints":{"allow":["GET"]}}],"collection":[{"href":"https:\/\/cannoni-conrad.com\/de\/wp-json\/wp\/v2\/product"}],"about":[{"href":"https:\/\/cannoni-conrad.com\/de\/wp-json\/wp\/v2\/types\/product"}],"version-history":[{"count":0,"href":"https:\/\/cannoni-conrad.com\/de\/wp-json\/wp\/v2\/product\/96038\/revisions"}],"wp:featuredmedia":[{"embeddable":true,"href":"https:\/\/cannoni-conrad.com\/de\/wp-json\/wp\/v2\/media\/96016"}],"wp:attachment":[{"href":"https:\/\/cannoni-conrad.com\/de\/wp-json\/wp\/v2\/media?parent=96038"}],"wp:term":[{"taxonomy":"product_brand","embeddable":true,"href":"https:\/\/cannoni-conrad.com\/de\/wp-json\/wp\/v2\/product_brand?post=96038"},{"taxonomy":"product_cat","embeddable":true,"href":"https:\/\/cannoni-conrad.com\/de\/wp-json\/wp\/v2\/product_cat?post=96038"},{"taxonomy":"product_tag","embeddable":true,"href":"https:\/\/cannoni-conrad.com\/de\/wp-json\/wp\/v2\/product_tag?post=96038"}],"curies":[{"name":"wp","href":"https:\/\/api.w.org\/{rel}","templated":true}]}}