{"id":96013,"date":"2025-06-15T15:19:11","date_gmt":"2025-06-15T13:19:11","guid":{"rendered":"https:\/\/cannoni-conrad.com\/?post_type=product&#038;p=96013"},"modified":"2025-06-15T15:53:24","modified_gmt":"2025-06-15T13:53:24","slug":"autonomer-bahnhof-15","status":"publish","type":"product","link":"https:\/\/cannoni-conrad.com\/de\/abbattimento-polveri\/stazioni-autonome\/stazione-autonoma-15\/","title":{"rendered":"Autonome Station #15"},"content":{"rendered":"<div data-elementor-type=\"product-post\" data-elementor-id=\"96013\" class=\"elementor elementor-96013\" data-elementor-post-type=\"product\">\n\t\t\t\t<div class=\"elementor-element elementor-element-b39d362 e-flex e-con-boxed e-con e-parent\" data-id=\"b39d362\" data-element_type=\"container\" data-e-type=\"container\" data-settings=\"{&quot;background_background&quot;:&quot;classic&quot;}\">\n\t\t\t\t\t<div class=\"e-con-inner\">\n\t\t\t\t<div class=\"elementor-element elementor-element-132b238 elementor-widget elementor-widget-image\" data-id=\"132b238\" data-element_type=\"widget\" data-e-type=\"widget\" data-widget_type=\"image.default\">\n\t\t\t\t<div class=\"elementor-widget-container\">\n\t\t\t\t\t\t\t\t\t\t\t\t\t\t\t<img decoding=\"async\" width=\"1024\" height=\"768\" src=\"https:\/\/cannoni-conrad.com\/wp-content\/uploads\/2022\/04\/C42-promisa-Media.jpg\" class=\"attachment-full size-full wp-image-89300\" alt=\"\" srcset=\"https:\/\/cannoni-conrad.com\/wp-content\/uploads\/2022\/04\/C42-promisa-Media.jpg 1024w, https:\/\/cannoni-conrad.com\/wp-content\/uploads\/2022\/04\/C42-promisa-Media-800x600.jpg 800w, https:\/\/cannoni-conrad.com\/wp-content\/uploads\/2022\/04\/C42-promisa-Media-768x576.jpg 768w, https:\/\/cannoni-conrad.com\/wp-content\/uploads\/2022\/04\/C42-promisa-Media-16x12.jpg 16w\" sizes=\"(max-width: 1024px) 100vw, 1024px\" \/>\t\t\t\t\t\t\t\t\t\t\t\t\t\t\t<\/div>\n\t\t\t\t<\/div>\n\t\t\t\t<div class=\"elementor-element elementor-element-cd0ef88 elementor-widget elementor-widget-heading\" data-id=\"cd0ef88\" data-element_type=\"widget\" data-e-type=\"widget\" data-widget_type=\"heading.default\">\n\t\t\t\t<div class=\"elementor-widget-container\">\n\t\t\t\t\t<h3 class=\"elementor-heading-title elementor-size-default\">MASSGESCHNEIDERTE STAUBBEK\u00c4MPFUNGSSTATION<\/h3>\t\t\t\t<\/div>\n\t\t\t\t<\/div>\n\t\t\t\t<div class=\"elementor-element elementor-element-eaf5349 elementor-widget elementor-widget-text-editor\" data-id=\"eaf5349\" data-element_type=\"widget\" data-e-type=\"widget\" data-widget_type=\"text-editor.default\">\n\t\t\t\t<div class=\"elementor-widget-container\">\n\t\t\t\t\t\t\t\t\t<p>CONRAD Entstaubungsstationen, die auf verzinkten Kufen montiert sind, sind fortschrittliche Entstaubungssysteme, die das Problem der staubigen Emissionen und unangenehmen Ger\u00fcche auf Baustellen, Deponien, Rekultivierungsfl\u00e4chen, M\u00fclldeponien und Kompostierungsanlagen l\u00f6sen k\u00f6nnen.<\/p><p>Die in sich geschlossene Gabelstapler-Staubablagestation l\u00e4sst sich dank der Staplertaschen leicht transportieren.<\/p>\t\t\t\t\t\t\t\t<\/div>\n\t\t\t\t<\/div>\n\t\t<div class=\"elementor-element elementor-element-663d943 e-grid e-con-full e-con e-child\" data-id=\"663d943\" data-element_type=\"container\" data-e-type=\"container\">\n\t\t<div class=\"elementor-element elementor-element-cd79c53 e-flex e-con-boxed e-con e-child\" data-id=\"cd79c53\" data-element_type=\"container\" data-e-type=\"container\" data-settings=\"{&quot;background_background&quot;:&quot;classic&quot;}\">\n\t\t\t\t\t<div class=\"e-con-inner\">\n\t\t\t\t<div class=\"elementor-element elementor-element-21a56ed elementor-widget elementor-widget-image\" data-id=\"21a56ed\" data-element_type=\"widget\" data-e-type=\"widget\" data-widget_type=\"image.default\">\n\t\t\t\t<div class=\"elementor-widget-container\">\n\t\t\t\t\t\t\t\t\t\t\t\t\t\t\t<img decoding=\"async\" width=\"650\" height=\"488\" src=\"https:\/\/cannoni-conrad.com\/wp-content\/uploads\/2021\/11\/IMG_20171010_165746-Medium.jpg\" class=\"attachment-medium size-medium wp-image-87918\" alt=\"\" srcset=\"https:\/\/cannoni-conrad.com\/wp-content\/uploads\/2021\/11\/IMG_20171010_165746-Medium.jpg 1024w, https:\/\/cannoni-conrad.com\/wp-content\/uploads\/2021\/11\/IMG_20171010_165746-Medium-800x600.jpg 800w, https:\/\/cannoni-conrad.com\/wp-content\/uploads\/2021\/11\/IMG_20171010_165746-Medium-768x576.jpg 768w, https:\/\/cannoni-conrad.com\/wp-content\/uploads\/2021\/11\/IMG_20171010_165746-Medium-16x12.jpg 16w\" sizes=\"(max-width: 650px) 100vw, 650px\" \/>\t\t\t\t\t\t\t\t\t\t\t\t\t\t\t<\/div>\n\t\t\t\t<\/div>\n\t\t\t\t<div class=\"elementor-element elementor-element-3bf5c63 elementor-widget elementor-widget-heading\" data-id=\"3bf5c63\" data-element_type=\"widget\" data-e-type=\"widget\" data-widget_type=\"heading.default\">\n\t\t\t\t<div class=\"elementor-widget-container\">\n\t\t\t\t\t<h2 class=\"elementor-heading-title elementor-size-default\">PLC-GESTEUERTE SPRITZPISTOLE<\/h2>\t\t\t\t<\/div>\n\t\t\t\t<\/div>\n\t\t\t\t<div class=\"elementor-element elementor-element-d6b2c24 elementor-widget elementor-widget-text-editor\" data-id=\"d6b2c24\" data-element_type=\"widget\" data-e-type=\"widget\" data-widget_type=\"text-editor.default\">\n\t\t\t\t<div class=\"elementor-widget-container\">\n\t\t\t\t\t\t\t\t\t<ul>\n \t<li>Steuerung der Drehung von 0\u00b0 bis 340\u00b0<\/li>\n \t<li>Neigungssteuerung von -20\u00b0 bis + 45\u00b0.<\/li>\n \t<li>Auf-\/Abw\u00e4rtsbewegung im Gelenkarmmodell<\/li>\n \t<li>Einstellung des Arbeitswinkels Start<\/li>\n \t<li>Ventilator Start Wasserversorgung (Motorpumpe\/Magnetventile)<\/li>\n \t<li>W\u00f6chentliche Arbeitsplanung (3 t\u00e4gliche Start\/Stop-Zyklen)<\/li>\n \t<li>Aktive D\u00fcsenauswahl<\/li>\n \t<li>Ein- und Ausschalten der Kronenheizung<\/li>\n \t<li>Ein- und Ausschalten der Heizung des Leuchtturms<\/li>\n \t<li>Ein- und Ausschalten der Funkheizung<\/li>\n<\/ul>\t\t\t\t\t\t\t\t<\/div>\n\t\t\t\t<\/div>\n\t\t\t\t\t<\/div>\n\t\t\t\t<\/div>\n\t\t<div class=\"elementor-element elementor-element-5885cf6 e-flex e-con-boxed e-con e-child\" data-id=\"5885cf6\" data-element_type=\"container\" data-e-type=\"container\" data-settings=\"{&quot;background_background&quot;:&quot;classic&quot;}\">\n\t\t\t\t\t<div class=\"e-con-inner\">\n\t\t\t\t<div class=\"elementor-element elementor-element-8c741e6 elementor-widget elementor-widget-image\" data-id=\"8c741e6\" data-element_type=\"widget\" data-e-type=\"widget\" data-widget_type=\"image.default\">\n\t\t\t\t<div class=\"elementor-widget-container\">\n\t\t\t\t\t\t\t\t\t\t\t\t\t\t\t<img decoding=\"async\" width=\"600\" height=\"600\" src=\"https:\/\/cannoni-conrad.com\/wp-content\/uploads\/2022\/04\/c42-stazione-abbattimento-polveri-Promisa.jpg\" class=\"attachment-large size-large wp-image-92190\" alt=\"\" srcset=\"https:\/\/cannoni-conrad.com\/wp-content\/uploads\/2022\/04\/c42-stazione-abbattimento-polveri-Promisa.jpg 600w, https:\/\/cannoni-conrad.com\/wp-content\/uploads\/2022\/04\/c42-stazione-abbattimento-polveri-Promisa-500x500.jpg 500w, https:\/\/cannoni-conrad.com\/wp-content\/uploads\/2022\/04\/c42-stazione-abbattimento-polveri-Promisa-100x100.jpg 100w, https:\/\/cannoni-conrad.com\/wp-content\/uploads\/2022\/04\/c42-stazione-abbattimento-polveri-Promisa-12x12.jpg 12w\" sizes=\"(max-width: 600px) 100vw, 600px\" \/>\t\t\t\t\t\t\t\t\t\t\t\t\t\t\t<\/div>\n\t\t\t\t<\/div>\n\t\t\t\t<div class=\"elementor-element elementor-element-6148bdd elementor-widget elementor-widget-heading\" data-id=\"6148bdd\" data-element_type=\"widget\" data-e-type=\"widget\" data-widget_type=\"heading.default\">\n\t\t\t\t<div class=\"elementor-widget-container\">\n\t\t\t\t\t<h2 class=\"elementor-heading-title elementor-size-default\">CONRAD KANONE MIT GELENKARM<\/h2>\t\t\t\t<\/div>\n\t\t\t\t<\/div>\n\t\t\t\t<div class=\"elementor-element elementor-element-8cd0a16 elementor-widget elementor-widget-text-editor\" data-id=\"8cd0a16\" data-element_type=\"widget\" data-e-type=\"widget\" data-widget_type=\"text-editor.default\">\n\t\t\t\t<div class=\"elementor-widget-container\">\n\t\t\t\t\t\t\t\t\t<p>Unsere Gelenkarm-Spritzpistole geh\u00f6rt zu den am besten ausgestatteten in der Branche. Sie hat eine Reichweite, mit der die Turbine eine H\u00f6he von etwa 5,5 m erreichen kann. Oben sorgt der Drehkranz f\u00fcr die Drehung, um den Spr\u00fchstrahl pr\u00e4zise auszurichten, und der Kippmotor erm\u00f6glicht eine Neigung des Spr\u00fchstrahls von -10\u00b0 bis + 45\u00b0.\u00a0\u00a0<\/p><p>Die geplante Ausstattung des Spr\u00fchger\u00e4ts an einem Gelenkarm\/Pantographen erm\u00f6glicht es, dass sich die Pistole \u00fcber Maschinen wie Siebmaschinen, Schredder, F\u00f6rderb\u00e4nder und Entladetrichter erhebt, die Staub und Geruch erzeugen, und so von oben nach unten wirkt und die zu kontrollierenden und zu reduzierenden Emissionen noch leichter reduziert.<\/p>\t\t\t\t\t\t\t\t<\/div>\n\t\t\t\t<\/div>\n\t\t\t\t\t<\/div>\n\t\t\t\t<\/div>\n\t\t\t\t<\/div>\n\t\t\t\t\t<\/div>\n\t\t\t\t<\/div>\n\t\t<div class=\"elementor-element elementor-element-6a0d97b e-flex e-con-boxed e-con e-parent\" data-id=\"6a0d97b\" data-element_type=\"container\" data-e-type=\"container\" data-settings=\"{&quot;background_background&quot;:&quot;classic&quot;}\">\n\t\t\t\t\t<div class=\"e-con-inner\">\n\t\t\t\t<div class=\"elementor-element elementor-element-2c8947d elementor-widget elementor-widget-heading\" data-id=\"2c8947d\" data-element_type=\"widget\" data-e-type=\"widget\" data-widget_type=\"heading.default\">\n\t\t\t\t<div class=\"elementor-widget-container\">\n\t\t\t\t\t<h2 class=\"elementor-heading-title elementor-size-default\">Station in Aktion:<\/h2>\t\t\t\t<\/div>\n\t\t\t\t<\/div>\n\t\t\t\t<div class=\"elementor-element elementor-element-2bad00f elementor-widget elementor-widget-video\" data-id=\"2bad00f\" data-element_type=\"widget\" data-e-type=\"widget\" data-settings=\"{&quot;youtube_url&quot;:&quot;https:\\\/\\\/www.youtube.com\\\/watch?v=y_rrKamXhLo&quot;,&quot;video_type&quot;:&quot;youtube&quot;,&quot;controls&quot;:&quot;yes&quot;}\" data-widget_type=\"video.default\">\n\t\t\t\t<div class=\"elementor-widget-container\">\n\t\t\t\t\t\t\t<div class=\"elementor-wrapper elementor-open-inline\">\n\t\t\t<div class=\"elementor-video\"><\/div>\t\t<\/div>\n\t\t\t\t\t\t<\/div>\n\t\t\t\t<\/div>\n\t\t\t\t\t<\/div>\n\t\t\t\t<\/div>\n\t\t\t\t<\/div>","protected":false},"excerpt":{"rendered":"<p>Die beste L\u00f6sung zur Staub- und Geruchsunterdr\u00fcckung auf M\u00fclldeponien und Abfallverwertungsanlagen, die den Wasserverbrauch minimiert<\/p>\n<p>Mehr als 40 m Strahl, angetrieben von einer hochwertigen Hochdruckpumpe.<\/p>","protected":false},"featured_media":96019,"template":"","meta":{"_acf_changed":false},"product_brand":[],"product_cat":[947],"product_tag":[],"class_list":{"0":"post-96013","1":"product","2":"type-product","3":"status-publish","4":"has-post-thumbnail","6":"product_cat-stazioni-autonome","8":"first","9":"instock","10":"taxable","11":"shipping-taxable","12":"product-type-simple"},"acf":[],"_links":{"self":[{"href":"https:\/\/cannoni-conrad.com\/de\/wp-json\/wp\/v2\/product\/96013","targetHints":{"allow":["GET"]}}],"collection":[{"href":"https:\/\/cannoni-conrad.com\/de\/wp-json\/wp\/v2\/product"}],"about":[{"href":"https:\/\/cannoni-conrad.com\/de\/wp-json\/wp\/v2\/types\/product"}],"version-history":[{"count":0,"href":"https:\/\/cannoni-conrad.com\/de\/wp-json\/wp\/v2\/product\/96013\/revisions"}],"wp:featuredmedia":[{"embeddable":true,"href":"https:\/\/cannoni-conrad.com\/de\/wp-json\/wp\/v2\/media\/96019"}],"wp:attachment":[{"href":"https:\/\/cannoni-conrad.com\/de\/wp-json\/wp\/v2\/media?parent=96013"}],"wp:term":[{"taxonomy":"product_brand","embeddable":true,"href":"https:\/\/cannoni-conrad.com\/de\/wp-json\/wp\/v2\/product_brand?post=96013"},{"taxonomy":"product_cat","embeddable":true,"href":"https:\/\/cannoni-conrad.com\/de\/wp-json\/wp\/v2\/product_cat?post=96013"},{"taxonomy":"product_tag","embeddable":true,"href":"https:\/\/cannoni-conrad.com\/de\/wp-json\/wp\/v2\/product_tag?post=96013"}],"curies":[{"name":"wp","href":"https:\/\/api.w.org\/{rel}","templated":true}]}}