{"id":95977,"date":"2025-06-15T10:20:16","date_gmt":"2025-06-15T08:20:16","guid":{"rendered":"https:\/\/cannoni-conrad.com\/?post_type=product&#038;p=95977"},"modified":"2025-06-15T10:31:08","modified_gmt":"2025-06-15T08:31:08","slug":"autonomer-bahnhof-07","status":"publish","type":"product","link":"https:\/\/cannoni-conrad.com\/de\/abbattimento-polveri\/stazioni-autonome\/stazione-autonoma-07\/","title":{"rendered":"Autonome Station #07"},"content":{"rendered":"<div data-elementor-type=\"product-post\" data-elementor-id=\"95977\" class=\"elementor elementor-95977\" data-elementor-post-type=\"product\">\n\t\t\t\t<div class=\"elementor-element elementor-element-ec8d868 e-flex e-con-boxed e-con e-parent\" data-id=\"ec8d868\" data-element_type=\"container\" data-e-type=\"container\" data-settings=\"{&quot;background_background&quot;:&quot;classic&quot;}\">\n\t\t\t\t\t<div class=\"e-con-inner\">\n\t\t\t\t<div class=\"elementor-element elementor-element-3a0a46a animated-fast elementor-invisible elementor-widget elementor-widget-heading\" data-id=\"3a0a46a\" data-element_type=\"widget\" data-e-type=\"widget\" data-settings=\"{&quot;_animation&quot;:&quot;fadeInLeft&quot;,&quot;_animation_delay&quot;:200}\" data-widget_type=\"heading.default\">\n\t\t\t\t<div class=\"elementor-widget-container\">\n\t\t\t\t\t<h2 class=\"elementor-heading-title elementor-size-default\">Setups<\/h2>\t\t\t\t<\/div>\n\t\t\t\t<\/div>\n\t\t<div class=\"elementor-element elementor-element-25317d2 e-grid e-con-full e-con e-child\" data-id=\"25317d2\" data-element_type=\"container\" data-e-type=\"container\">\n\t\t<div class=\"elementor-element elementor-element-b88c244 e-flex e-con-boxed e-con e-child\" data-id=\"b88c244\" data-element_type=\"container\" data-e-type=\"container\" data-settings=\"{&quot;background_background&quot;:&quot;classic&quot;}\">\n\t\t\t\t\t<div class=\"e-con-inner\">\n\t\t\t\t<div class=\"elementor-element elementor-element-9181bc6 elementor-widget elementor-widget-image\" data-id=\"9181bc6\" data-element_type=\"widget\" data-e-type=\"widget\" data-widget_type=\"image.default\">\n\t\t\t\t<div class=\"elementor-widget-container\">\n\t\t\t\t\t\t\t\t\t\t\t\t\t\t\t<img decoding=\"async\" width=\"600\" height=\"600\" src=\"https:\/\/cannoni-conrad.com\/wp-content\/uploads\/2020\/07\/c62-su-palo-scontorno.jpg\" class=\"attachment-medium size-medium wp-image-85094\" alt=\"\" srcset=\"https:\/\/cannoni-conrad.com\/wp-content\/uploads\/2020\/07\/c62-su-palo-scontorno.jpg 600w, https:\/\/cannoni-conrad.com\/wp-content\/uploads\/2020\/07\/c62-su-palo-scontorno-500x500.jpg 500w, https:\/\/cannoni-conrad.com\/wp-content\/uploads\/2020\/07\/c62-su-palo-scontorno-100x100.jpg 100w, https:\/\/cannoni-conrad.com\/wp-content\/uploads\/2020\/07\/c62-su-palo-scontorno-12x12.jpg 12w\" sizes=\"(max-width: 600px) 100vw, 600px\" \/>\t\t\t\t\t\t\t\t\t\t\t\t\t\t\t<\/div>\n\t\t\t\t<\/div>\n\t\t\t\t<div class=\"elementor-element elementor-element-6eb3408 elementor-widget elementor-widget-heading\" data-id=\"6eb3408\" data-element_type=\"widget\" data-e-type=\"widget\" data-widget_type=\"heading.default\">\n\t\t\t\t<div class=\"elementor-widget-container\">\n\t\t\t\t\t<h4 class=\"elementor-heading-title elementor-size-large\">AUF VERZINKTEM MAST<\/h4>\t\t\t\t<\/div>\n\t\t\t\t<\/div>\n\t\t\t\t<div class=\"elementor-element elementor-element-e668fa3 elementor-widget elementor-widget-text-editor\" data-id=\"e668fa3\" data-element_type=\"widget\" data-e-type=\"widget\" data-widget_type=\"text-editor.default\">\n\t\t\t\t<div class=\"elementor-widget-container\">\n\t\t\t\t\t\t\t\t\t<p>CONRAD C62 Pulverisierer auf verzinktem Mast mit motorisiertem Drehkranz mit SPS-programmierbarer Einstellung, geeignet f\u00fcr Staubbek\u00e4mpfungsarbeiten an festen und\/oder langfristigen Standorten.\u00a0<\/p><p>In dieser Version kann die Kanone auch geteilt werden, so dass sie auf bereits vorhandenen Sockeln, auf Absperrungen oder mit Klemmen an W\u00e4nden befestigt werden kann. Die Steuereinheit wird in einem Bereich aufgestellt, der f\u00fcr das Kontrollpersonal zug\u00e4nglich ist.<\/p><p><strong>Abmessungen<\/strong>150 x 120 x 220 cm<\/p><p><strong>Gewicht:<\/strong> 450 kg<\/p>\t\t\t\t\t\t\t\t<\/div>\n\t\t\t\t<\/div>\n\t\t\t\t\t<\/div>\n\t\t\t\t<\/div>\n\t\t<div class=\"elementor-element elementor-element-c6112e9 e-flex e-con-boxed e-con e-child\" data-id=\"c6112e9\" data-element_type=\"container\" data-e-type=\"container\" data-settings=\"{&quot;background_background&quot;:&quot;classic&quot;}\">\n\t\t\t\t\t<div class=\"e-con-inner\">\n\t\t\t\t<div class=\"elementor-element elementor-element-401b60c elementor-widget elementor-widget-image\" data-id=\"401b60c\" data-element_type=\"widget\" data-e-type=\"widget\" data-widget_type=\"image.default\">\n\t\t\t\t<div class=\"elementor-widget-container\">\n\t\t\t\t\t\t\t\t\t\t\t\t\t\t\t<img decoding=\"async\" width=\"600\" height=\"600\" src=\"https:\/\/cannoni-conrad.com\/wp-content\/uploads\/2020\/07\/c62-su-carrello-scontorno.jpg\" class=\"attachment-medium size-medium wp-image-85096\" alt=\"\" srcset=\"https:\/\/cannoni-conrad.com\/wp-content\/uploads\/2020\/07\/c62-su-carrello-scontorno.jpg 600w, https:\/\/cannoni-conrad.com\/wp-content\/uploads\/2020\/07\/c62-su-carrello-scontorno-500x500.jpg 500w, https:\/\/cannoni-conrad.com\/wp-content\/uploads\/2020\/07\/c62-su-carrello-scontorno-100x100.jpg 100w, https:\/\/cannoni-conrad.com\/wp-content\/uploads\/2020\/07\/c62-su-carrello-scontorno-12x12.jpg 12w\" sizes=\"(max-width: 600px) 100vw, 600px\" \/>\t\t\t\t\t\t\t\t\t\t\t\t\t\t\t<\/div>\n\t\t\t\t<\/div>\n\t\t\t\t<div class=\"elementor-element elementor-element-2f61475 elementor-widget elementor-widget-heading\" data-id=\"2f61475\" data-element_type=\"widget\" data-e-type=\"widget\" data-widget_type=\"heading.default\">\n\t\t\t\t<div class=\"elementor-widget-container\">\n\t\t\t\t\t<h4 class=\"elementor-heading-title elementor-size-large\">IM WARENKORB<\/h4>\t\t\t\t<\/div>\n\t\t\t\t<\/div>\n\t\t\t\t<div class=\"elementor-element elementor-element-ac475f8 elementor-widget elementor-widget-text-editor\" data-id=\"ac475f8\" data-element_type=\"widget\" data-e-type=\"widget\" data-widget_type=\"text-editor.default\">\n\t\t\t\t<div class=\"elementor-widget-container\">\n\t\t\t\t\t\t\t\t\t<p>Das CONRAD C62 Staubbek\u00e4mpfungssystem auf R\u00e4dern eignet sich f\u00fcr Situationen, in denen der Entstehungsort des Staubs variabel ist, zum Beispiel bei Abbrucharbeiten, in Steinbr\u00fcchen und Tunneln. Spr\u00fchger\u00e4te auf R\u00e4dern geh\u00f6ren zu den beliebtesten in Mietflotten. Cannons Conrad hat zwei Modelle mit 2 oder 3 Luftr\u00e4dern im Angebot, und in beiden F\u00e4llen gibt es immer Taschen zum Anheben mit einem Gabelstapler.<\/p><p><strong>Kompakte Abmessungen des Wagens:<\/strong> 155 x 210 x 240 cm - kg 620<\/p><p><strong>Breite Wagenabmessungen:<\/strong> 325 x 210 x 240 cm - kg 620<\/p>\t\t\t\t\t\t\t\t<\/div>\n\t\t\t\t<\/div>\n\t\t\t\t\t<\/div>\n\t\t\t\t<\/div>\n\t\t<div class=\"elementor-element elementor-element-833bac0 e-flex e-con-boxed e-con e-child\" data-id=\"833bac0\" data-element_type=\"container\" data-e-type=\"container\" data-settings=\"{&quot;background_background&quot;:&quot;classic&quot;}\">\n\t\t\t\t\t<div class=\"e-con-inner\">\n\t\t\t\t<div class=\"elementor-element elementor-element-9bba2d6 elementor-widget elementor-widget-image\" data-id=\"9bba2d6\" data-element_type=\"widget\" data-e-type=\"widget\" data-widget_type=\"image.default\">\n\t\t\t\t<div class=\"elementor-widget-container\">\n\t\t\t\t\t\t\t\t\t\t\t\t\t\t\t<img decoding=\"async\" width=\"650\" height=\"488\" src=\"https:\/\/cannoni-conrad.com\/wp-content\/uploads\/2020\/12\/C62-articolato-scontorno.jpg\" class=\"attachment-medium size-medium wp-image-87856\" alt=\"\" srcset=\"https:\/\/cannoni-conrad.com\/wp-content\/uploads\/2020\/12\/C62-articolato-scontorno.jpg 1600w, https:\/\/cannoni-conrad.com\/wp-content\/uploads\/2020\/12\/C62-articolato-scontorno-800x600.jpg 800w, https:\/\/cannoni-conrad.com\/wp-content\/uploads\/2020\/12\/C62-articolato-scontorno-768x576.jpg 768w, https:\/\/cannoni-conrad.com\/wp-content\/uploads\/2020\/12\/C62-articolato-scontorno-1536x1152.jpg 1536w, https:\/\/cannoni-conrad.com\/wp-content\/uploads\/2020\/12\/C62-articolato-scontorno-16x12.jpg 16w\" sizes=\"(max-width: 650px) 100vw, 650px\" \/>\t\t\t\t\t\t\t\t\t\t\t\t\t\t\t<\/div>\n\t\t\t\t<\/div>\n\t\t\t\t<div class=\"elementor-element elementor-element-b4f5b75 elementor-widget elementor-widget-heading\" data-id=\"b4f5b75\" data-element_type=\"widget\" data-e-type=\"widget\" data-widget_type=\"heading.default\">\n\t\t\t\t<div class=\"elementor-widget-container\">\n\t\t\t\t\t<h4 class=\"elementor-heading-title elementor-size-large\">AM GELENKARM<\/h4>\t\t\t\t<\/div>\n\t\t\t\t<\/div>\n\t\t\t\t<div class=\"elementor-element elementor-element-67c7e69 elementor-widget elementor-widget-text-editor\" data-id=\"67c7e69\" data-element_type=\"widget\" data-e-type=\"widget\" data-widget_type=\"text-editor.default\">\n\t\t\t\t<div class=\"elementor-widget-container\">\n\t\t\t\t\t\t\t\t\t<p>Die CONRAD C62-Spritzpistole ist ebenfalls an einem Gelenkarm montiert und kann bis zu 5,5 Meter hoch reichen, so dass sie sich in einer g\u00fcnstigen Position zum Entstehungsort des Staubs befindet, ihn von oben trifft und ihn schnell zu Boden fallen l\u00e4sst.<\/p><p><strong>Abmessungen:<\/strong> 120 x 260 x 212 cm - 700 kg<\/p>\t\t\t\t\t\t\t\t<\/div>\n\t\t\t\t<\/div>\n\t\t\t\t\t<\/div>\n\t\t\t\t<\/div>\n\t\t\t\t<\/div>\n\t\t\t\t\t<\/div>\n\t\t\t\t<\/div>\n\t\t<div class=\"elementor-element elementor-element-727fb0e e-flex e-con-boxed e-con e-parent\" data-id=\"727fb0e\" data-element_type=\"container\" data-e-type=\"container\">\n\t\t\t\t\t<div class=\"e-con-inner\">\n\t\t\t\t<div class=\"elementor-element elementor-element-c423229 elementor-widget elementor-widget-heading\" data-id=\"c423229\" data-element_type=\"widget\" data-e-type=\"widget\" data-widget_type=\"heading.default\">\n\t\t\t\t<div class=\"elementor-widget-container\">\n\t\t\t\t\t<h3 class=\"elementor-heading-title elementor-size-default\">Automatisierungen und Optionen<\/h3>\t\t\t\t<\/div>\n\t\t\t\t<\/div>\n\t\t<div class=\"elementor-element elementor-element-5bd167d e-grid e-con-full e-con e-child\" data-id=\"5bd167d\" data-element_type=\"container\" data-e-type=\"container\">\n\t\t<div class=\"elementor-element elementor-element-dc4c288 e-flex e-con-boxed e-con e-child\" data-id=\"dc4c288\" data-element_type=\"container\" data-e-type=\"container\" data-settings=\"{&quot;background_background&quot;:&quot;classic&quot;}\">\n\t\t\t\t\t<div class=\"e-con-inner\">\n\t\t\t\t<div class=\"elementor-element elementor-element-acb0ec5 elementor-widget elementor-widget-heading\" data-id=\"acb0ec5\" data-element_type=\"widget\" data-e-type=\"widget\" data-widget_type=\"heading.default\">\n\t\t\t\t<div class=\"elementor-widget-container\">\n\t\t\t\t\t<h2 class=\"elementor-heading-title elementor-size-default\">Automatisierungen<\/h2>\t\t\t\t<\/div>\n\t\t\t\t<\/div>\n\t\t\t\t<div class=\"elementor-element elementor-element-162c42c elementor-widget elementor-widget-text-editor\" data-id=\"162c42c\" data-element_type=\"widget\" data-e-type=\"widget\" data-widget_type=\"text-editor.default\">\n\t\t\t\t<div class=\"elementor-widget-container\">\n\t\t\t\t\t\t\t\t\t<ul><li><strong>Beheiztes Aluminium-Ritzel<\/strong> mit elektrischem Widerstand f\u00fcr den Betrieb bei Minusgraden.<\/li><li><b>Integriertes PLC-Panel mit Touchscreen-Panel<\/b><ul><li>Rotationskontrolle 0\u00b0 bis 340\u00b0;<\/li><li>Arbeitswinkel von -20\u00b0 bis + 45\u00b0;<\/li><li>w\u00e4hlbare aktive D\u00fcsen;<\/li><li>Gelenkarm mit Auf-\/Abbewegung;<\/li><li>W\u00f6chentliche Arbeitsplanung (3 t\u00e4gliche Start\/Stop-Zyklen)<\/li><\/ul><\/li><li><strong>Automatischer Wasserabfluss<\/strong> (ausschlie\u00dfbare Funktion)<\/li><li><strong>Art der Zerst\u00e4ubung<\/strong><ul><li>Hochdruck-Feinzerst\u00e4ubung (f\u00fcr Holzstaub oder \u00e4hnliches)<\/li><li>Dickeres Spray (perfekt f\u00fcr Abrissarbeiten)<\/li><\/ul><\/li><\/ul>\t\t\t\t\t\t\t\t<\/div>\n\t\t\t\t<\/div>\n\t\t\t\t\t<\/div>\n\t\t\t\t<\/div>\n\t\t<div class=\"elementor-element elementor-element-2274d13 e-flex e-con-boxed e-con e-child\" data-id=\"2274d13\" data-element_type=\"container\" data-e-type=\"container\" data-settings=\"{&quot;background_background&quot;:&quot;classic&quot;}\">\n\t\t\t\t\t<div class=\"e-con-inner\">\n\t\t\t\t<div class=\"elementor-element elementor-element-8a0bb97 elementor-widget elementor-widget-heading\" data-id=\"8a0bb97\" data-element_type=\"widget\" data-e-type=\"widget\" data-widget_type=\"heading.default\">\n\t\t\t\t<div class=\"elementor-widget-container\">\n\t\t\t\t\t<h2 class=\"elementor-heading-title elementor-size-default\">Conrad Kanonen und Wasser<\/h2>\t\t\t\t<\/div>\n\t\t\t\t<\/div>\n\t\t\t\t<div class=\"elementor-element elementor-element-38370d2 elementor-widget elementor-widget-text-editor\" data-id=\"38370d2\" data-element_type=\"widget\" data-e-type=\"widget\" data-widget_type=\"text-editor.default\">\n\t\t\t\t<div class=\"elementor-widget-container\">\n\t\t\t\t\t\t\t\t\t<ul><li><p id=\"tw-target-text\" dir=\"ltr\" data-placeholder=\"Traduzione\">Das CONRAD-Filtersystem f\u00fcr den Wasserzulauf ist das beste auf dem Markt und verwendet ein\u00a0<strong class=\"rich-node rich-node1\" data-toggle=\"tooltip\" data-placement=\"top\" data-original-title=\"Mark up: strong\"><span class=\"rich-node rich-node2\" data-toggle=\"tooltip\" data-placement=\"top\" data-original-title=\"Mark up: span\">Filterpatrone aus rostfreiem Stahl, L\u00e4nge 500 mm x 80 mm Durchmesser. Inspizierbarer dreifachmaschiger Filter aus Edelstahl.<\/span><\/strong><\/p><p dir=\"ltr\" data-placeholder=\"Traduzione\"><span lang=\"en\">So k\u00f6nnen Sie jede Art von Wasser zur Speisung der Kanone verwenden: Brauchwasser, Brunnen, VVF-Ring, Kl\u00e4ranlage, Aqu\u00e4dukt, Regensammlung...<\/span><\/p><p dir=\"ltr\" data-placeholder=\"Traduzione\"><span lang=\"en\">Alle CONRAD-Kanonen sind mit einer vertikalen und selbstansaugenden Pumpe f\u00fcr die Schwerkraftzufuhr ausgestattet, so dass kein Wasserdruck erforderlich ist.<\/span><\/p><\/li><\/ul>\t\t\t\t\t\t\t\t<\/div>\n\t\t\t\t<\/div>\n\t\t\t\t\t<\/div>\n\t\t\t\t<\/div>\n\t\t<div class=\"elementor-element elementor-element-a5c59e2 e-flex e-con-boxed e-con e-child\" data-id=\"a5c59e2\" data-element_type=\"container\" data-e-type=\"container\" data-settings=\"{&quot;background_background&quot;:&quot;classic&quot;}\">\n\t\t\t\t\t<div class=\"e-con-inner\">\n\t\t\t\t<div class=\"elementor-element elementor-element-76b05bd elementor-widget elementor-widget-heading\" data-id=\"76b05bd\" data-element_type=\"widget\" data-e-type=\"widget\" data-widget_type=\"heading.default\">\n\t\t\t\t<div class=\"elementor-widget-container\">\n\t\t\t\t\t<h2 class=\"elementor-heading-title elementor-size-default\">Optional<\/h2>\t\t\t\t<\/div>\n\t\t\t\t<\/div>\n\t\t\t\t<div class=\"elementor-element elementor-element-358285c elementor-widget elementor-widget-text-editor\" data-id=\"358285c\" data-element_type=\"widget\" data-e-type=\"widget\" data-widget_type=\"text-editor.default\">\n\t\t\t\t<div class=\"elementor-widget-container\">\n\t\t\t\t\t\t\t\t\t<ul><li><strong>Geruchsunterdr\u00fcckung<\/strong>: elektrische Dosierpumpe zum Mischen der Geruchsbek\u00e4mpfungs-Chemikalie (Chemikalie nicht enthalten)<\/li><li><strong>ON-OFF-Funkfernbedienung<\/strong> mit 12 Funktionstasten, Batterieladeger\u00e4t. Reichweite 100 m.<\/li><li>Integriertes Anemometer mit PLC.<\/li><li><strong>Ma\u00dfgeschneiderte Turbinenfarbe.<\/strong><\/li><li><strong>Atex-Komponenten auf Anfrage je nach gew\u00fcnschtem Niveau.<\/strong><\/li><\/ul>\t\t\t\t\t\t\t\t<\/div>\n\t\t\t\t<\/div>\n\t\t\t\t\t<\/div>\n\t\t\t\t<\/div>\n\t\t\t\t<\/div>\n\t\t\t\t\t<\/div>\n\t\t\t\t<\/div>\n\t\t<div class=\"elementor-element elementor-element-376f98c e-flex e-con-boxed e-con e-parent\" data-id=\"376f98c\" data-element_type=\"container\" data-e-type=\"container\">\n\t\t\t\t\t<div class=\"e-con-inner\">\n\t\t\t\t<div class=\"elementor-element elementor-element-a32946f elementor-widget elementor-widget-heading\" data-id=\"a32946f\" data-element_type=\"widget\" data-e-type=\"widget\" data-widget_type=\"heading.default\">\n\t\t\t\t<div class=\"elementor-widget-container\">\n\t\t\t\t\t<h3 class=\"elementor-heading-title elementor-size-default\">Echte Anwendungen\n<\/h3>\t\t\t\t<\/div>\n\t\t\t\t<\/div>\n\t\t\t\t<div class=\"elementor-element elementor-element-e8b880f elementor-posts--align-left elementor-grid-widescreen-4 elementor-grid-3 elementor-grid-tablet-2 elementor-grid-mobile-1 elementor-posts--thumbnail-top elementor-widget elementor-widget-posts\" data-id=\"e8b880f\" data-element_type=\"widget\" data-e-type=\"widget\" data-settings=\"{&quot;classic_row_gap&quot;:{&quot;unit&quot;:&quot;px&quot;,&quot;size&quot;:20,&quot;sizes&quot;:[]},&quot;classic_columns_widescreen&quot;:&quot;4&quot;,&quot;classic_columns&quot;:&quot;3&quot;,&quot;classic_columns_tablet&quot;:&quot;2&quot;,&quot;classic_columns_mobile&quot;:&quot;1&quot;,&quot;classic_row_gap_widescreen&quot;:{&quot;unit&quot;:&quot;px&quot;,&quot;size&quot;:&quot;&quot;,&quot;sizes&quot;:[]},&quot;classic_row_gap_tablet&quot;:{&quot;unit&quot;:&quot;px&quot;,&quot;size&quot;:&quot;&quot;,&quot;sizes&quot;:[]},&quot;classic_row_gap_mobile&quot;:{&quot;unit&quot;:&quot;px&quot;,&quot;size&quot;:&quot;&quot;,&quot;sizes&quot;:[]}}\" data-widget_type=\"posts.classic\">\n\t\t\t\t<div class=\"elementor-widget-container\">\n\t\t\t\t\t\t\t<div class=\"elementor-posts-container elementor-posts elementor-posts--skin-classic elementor-grid\" role=\"list\">\n\t\t\t\t<article class=\"elementor-post elementor-grid-item post-86532 post type-post status-publish format-standard has-post-thumbnail hentry category-conrad-c62 category-sistemi-elettronici\" role=\"listitem\">\n\t\t\t\t<a class=\"elementor-post__thumbnail__link\" href=\"https:\/\/cannoni-conrad.com\/de\/stories\/lavorazione-del-legno-con-conrad-c62-urbania\/\" tabindex=\"-1\" >\n\t\t\t<div class=\"elementor-post__thumbnail\"><img decoding=\"async\" width=\"927\" height=\"620\" src=\"https:\/\/cannoni-conrad.com\/wp-content\/uploads\/2020\/12\/Lavorazione-del-Legno-con-CONRAD-C62---Urbania.jpg\" class=\"attachment-full size-full wp-image-86546\" alt=\"\" srcset=\"\" sizes=\"(max-width: 927px) 100vw, 927px\" data-srcset=\"\" \/><\/div>\n\t\t<\/a>\n\t\t\t\t<div class=\"elementor-post__text\">\n\t\t\t\t<h2 class=\"elementor-post__title\">\n\t\t\t<a href=\"https:\/\/cannoni-conrad.com\/de\/stories\/lavorazione-del-legno-con-conrad-c62-urbania\/\" >\n\t\t\t\tHolzbearbeitung mit CONRAD C62 - Urbania\t\t\t<\/a>\n\t\t<\/h2>\n\t\t\t\t<\/div>\n\t\t\t\t<\/article>\n\t\t\t\t<article class=\"elementor-post elementor-grid-item post-86516 post type-post status-publish format-standard has-post-thumbnail hentry category-conrad-c62 category-sistemi-elettronici\" role=\"listitem\">\n\t\t\t\t<a class=\"elementor-post__thumbnail__link\" href=\"https:\/\/cannoni-conrad.com\/de\/stories\/gestione-dei-rifiuti-a-ferrara-con-conrad-c62\/\" tabindex=\"-1\" >\n\t\t\t<div class=\"elementor-post__thumbnail\"><img decoding=\"async\" width=\"1101\" height=\"607\" src=\"https:\/\/cannoni-conrad.com\/wp-content\/uploads\/2020\/12\/Gestione-dei-Rifiuti-a-Ferrara-con-CONRAD-C62.jpg\" class=\"attachment-full size-full wp-image-86524\" alt=\"\" srcset=\"https:\/\/cannoni-conrad.com\/wp-content\/uploads\/2020\/12\/Gestione-dei-Rifiuti-a-Ferrara-con-CONRAD-C62.jpg 1101w, https:\/\/cannoni-conrad.com\/wp-content\/uploads\/2020\/12\/Gestione-dei-Rifiuti-a-Ferrara-con-CONRAD-C62-800x441.jpg 800w, https:\/\/cannoni-conrad.com\/wp-content\/uploads\/2020\/12\/Gestione-dei-Rifiuti-a-Ferrara-con-CONRAD-C62-768x423.jpg 768w, https:\/\/cannoni-conrad.com\/wp-content\/uploads\/2020\/12\/Gestione-dei-Rifiuti-a-Ferrara-con-CONRAD-C62-18x10.jpg 18w\" sizes=\"(max-width: 1101px) 100vw, 1101px\" \/><\/div>\n\t\t<\/a>\n\t\t\t\t<div class=\"elementor-post__text\">\n\t\t\t\t<h2 class=\"elementor-post__title\">\n\t\t\t<a href=\"https:\/\/cannoni-conrad.com\/de\/stories\/gestione-dei-rifiuti-a-ferrara-con-conrad-c62\/\" >\n\t\t\t\tAbfallentsorgung in Ferrara mit CONRAD C62\t\t\t<\/a>\n\t\t<\/h2>\n\t\t\t\t<\/div>\n\t\t\t\t<\/article>\n\t\t\t\t<article class=\"elementor-post elementor-grid-item post-86493 post type-post status-publish format-standard has-post-thumbnail hentry category-conrad-c62 category-sistemi-elettronici tag-abbattimento-polvere tag-c62 tag-discarica tag-prato\" role=\"listitem\">\n\t\t\t\t<a class=\"elementor-post__thumbnail__link\" href=\"https:\/\/cannoni-conrad.com\/de\/stories\/conrad-c62-in-discarica-a-prato-italia\/\" tabindex=\"-1\" >\n\t\t\t<div class=\"elementor-post__thumbnail\"><img decoding=\"async\" width=\"1093\" height=\"617\" src=\"https:\/\/cannoni-conrad.com\/wp-content\/uploads\/2020\/12\/C62-in-discarica-a-PRATO.png\" class=\"attachment-full size-full wp-image-86507\" alt=\"\" srcset=\"https:\/\/cannoni-conrad.com\/wp-content\/uploads\/2020\/12\/C62-in-discarica-a-PRATO.png 1093w, https:\/\/cannoni-conrad.com\/wp-content\/uploads\/2020\/12\/C62-in-discarica-a-PRATO-800x452.png 800w, https:\/\/cannoni-conrad.com\/wp-content\/uploads\/2020\/12\/C62-in-discarica-a-PRATO-768x434.png 768w, https:\/\/cannoni-conrad.com\/wp-content\/uploads\/2020\/12\/C62-in-discarica-a-PRATO-18x10.png 18w\" sizes=\"(max-width: 1093px) 100vw, 1093px\" \/><\/div>\n\t\t<\/a>\n\t\t\t\t<div class=\"elementor-post__text\">\n\t\t\t\t<h2 class=\"elementor-post__title\">\n\t\t\t<a href=\"https:\/\/cannoni-conrad.com\/de\/stories\/conrad-c62-in-discarica-a-prato-italia\/\" >\n\t\t\t\tCONRAD C62 in einer M\u00fclldeponie in Prato - Italien\t\t\t<\/a>\n\t\t<\/h2>\n\t\t\t\t<\/div>\n\t\t\t\t<\/article>\n\t\t\t\t<article class=\"elementor-post elementor-grid-item post-84532 post type-post status-publish format-standard hentry category-conrad-c62 category-esperienza category-sistemi-elettronici\" role=\"listitem\">\n\t\t\t\t<div class=\"elementor-post__text\">\n\t\t\t\t<h2 class=\"elementor-post__title\">\n\t\t\t<a href=\"https:\/\/cannoni-conrad.com\/de\/stories\/cannoni-conrad-promotes-a-new-independent-system\/\" >\n\t\t\t\tCANNONI-CONRAD f\u00f6rdert unabh\u00e4ngiges Spr\u00fchsystem\t\t\t<\/a>\n\t\t<\/h2>\n\t\t\t\t<\/div>\n\t\t\t\t<\/article>\n\t\t\t\t<\/div>\n\t\t\n\t\t\t\t\t\t<\/div>\n\t\t\t\t<\/div>\n\t\t\t\t\t<\/div>\n\t\t\t\t<\/div>\n\t\t\t\t<\/div>","protected":false},"excerpt":{"rendered":"<p>Die Conrad C62 Spritzpistole kann Staub und Ger\u00fcche in allen Arten von feindlichen Umgebungen problemlos unterdr\u00fccken.<\/p>\n<p>Der Conrad C62 Staubabscheider bietet die M\u00f6glichkeit, die Anzahl der aktiven D\u00fcsen zu w\u00e4hlen, je nach gew\u00fcnschter Spr\u00fchintensit\u00e4t.<\/p>","protected":false},"featured_media":95980,"template":"","meta":{"_acf_changed":false},"product_brand":[],"product_cat":[947],"product_tag":[],"class_list":{"0":"post-95977","1":"product","2":"type-product","3":"status-publish","4":"has-post-thumbnail","6":"product_cat-stazioni-autonome","8":"first","9":"instock","10":"taxable","11":"shipping-taxable","12":"product-type-simple"},"acf":[],"_links":{"self":[{"href":"https:\/\/cannoni-conrad.com\/de\/wp-json\/wp\/v2\/product\/95977","targetHints":{"allow":["GET"]}}],"collection":[{"href":"https:\/\/cannoni-conrad.com\/de\/wp-json\/wp\/v2\/product"}],"about":[{"href":"https:\/\/cannoni-conrad.com\/de\/wp-json\/wp\/v2\/types\/product"}],"version-history":[{"count":0,"href":"https:\/\/cannoni-conrad.com\/de\/wp-json\/wp\/v2\/product\/95977\/revisions"}],"wp:featuredmedia":[{"embeddable":true,"href":"https:\/\/cannoni-conrad.com\/de\/wp-json\/wp\/v2\/media\/95980"}],"wp:attachment":[{"href":"https:\/\/cannoni-conrad.com\/de\/wp-json\/wp\/v2\/media?parent=95977"}],"wp:term":[{"taxonomy":"product_brand","embeddable":true,"href":"https:\/\/cannoni-conrad.com\/de\/wp-json\/wp\/v2\/product_brand?post=95977"},{"taxonomy":"product_cat","embeddable":true,"href":"https:\/\/cannoni-conrad.com\/de\/wp-json\/wp\/v2\/product_cat?post=95977"},{"taxonomy":"product_tag","embeddable":true,"href":"https:\/\/cannoni-conrad.com\/de\/wp-json\/wp\/v2\/product_tag?post=95977"}],"curies":[{"name":"wp","href":"https:\/\/api.w.org\/{rel}","templated":true}]}}