{"id":95935,"date":"2025-06-15T09:33:33","date_gmt":"2025-06-15T07:33:33","guid":{"rendered":"https:\/\/cannoni-conrad.com\/?post_type=product&#038;p=95935"},"modified":"2025-06-15T09:52:38","modified_gmt":"2025-06-15T07:52:38","slug":"autonomer-bahnhof-05","status":"publish","type":"product","link":"https:\/\/cannoni-conrad.com\/de\/abbattimento-polveri\/stazioni-autonome\/stazione-autonoma-05\/","title":{"rendered":"Autonome Station #05"},"content":{"rendered":"<div data-elementor-type=\"product-post\" data-elementor-id=\"95935\" class=\"elementor elementor-95935\" data-elementor-post-type=\"product\">\n\t\t\t\t<div class=\"elementor-element elementor-element-6a1496d e-flex e-con-boxed e-con e-parent\" data-id=\"6a1496d\" data-element_type=\"container\" data-e-type=\"container\">\n\t\t\t\t\t<div class=\"e-con-inner\">\n\t\t\t\t<div class=\"elementor-element elementor-element-2d3a8bd elementor-widget elementor-widget-heading\" data-id=\"2d3a8bd\" data-element_type=\"widget\" data-e-type=\"widget\" data-widget_type=\"heading.default\">\n\t\t\t\t<div class=\"elementor-widget-container\">\n\t\t\t\t\t<h3 class=\"elementor-heading-title elementor-size-default\">CONRAD C32<\/h3>\t\t\t\t<\/div>\n\t\t\t\t<\/div>\n\t\t<div class=\"elementor-element elementor-element-02ef626 e-grid e-con-full e-con e-child\" data-id=\"02ef626\" data-element_type=\"container\" data-e-type=\"container\">\n\t\t<div class=\"elementor-element elementor-element-082e5b3 e-flex e-con-boxed e-con e-child\" data-id=\"082e5b3\" data-element_type=\"container\" data-e-type=\"container\" data-settings=\"{&quot;background_background&quot;:&quot;classic&quot;}\">\n\t\t\t\t\t<div class=\"e-con-inner\">\n\t\t\t\t<div class=\"elementor-element elementor-element-f148532 elementor-widget elementor-widget-heading\" data-id=\"f148532\" data-element_type=\"widget\" data-e-type=\"widget\" data-widget_type=\"heading.default\">\n\t\t\t\t<div class=\"elementor-widget-container\">\n\t\t\t\t\t<h2 class=\"elementor-heading-title elementor-size-default\">Automatisierungen<\/h2>\t\t\t\t<\/div>\n\t\t\t\t<\/div>\n\t\t\t\t<div class=\"elementor-element elementor-element-7425363 elementor-widget elementor-widget-text-editor\" data-id=\"7425363\" data-element_type=\"widget\" data-e-type=\"widget\" data-widget_type=\"text-editor.default\">\n\t\t\t\t<div class=\"elementor-widget-container\">\n\t\t\t\t\t\t\t\t\t<ul><li><strong>Beheiztes Aluminium-Ritzel<\/strong> mit elektrischem Widerstand f\u00fcr den Betrieb bei Minusgraden.<\/li><li><b>Integriertes PLC-Panel mit Touchscreen-Panel<\/b><ul><li>Rotationskontrolle 0\u00b0 bis 340\u00b0;<\/li><li>Arbeitswinkel von -20\u00b0 bis + 45\u00b0;<\/li><li>w\u00e4hlbare aktive D\u00fcsen;<\/li><li>Gelenkarm mit Auf-\/Abbewegung;<\/li><li>W\u00f6chentliche Arbeitsplanung (3 t\u00e4gliche Start\/Stop-Zyklen)<\/li><\/ul><\/li><li><strong>Automatischer Wasserabfluss<\/strong> (ausschlie\u00dfbare Funktion)<\/li><li><strong>Art der Zerst\u00e4ubung<\/strong><ul><li>Hochdruck-Feinzerst\u00e4ubung (f\u00fcr Holzstaub oder \u00e4hnliches)<\/li><li>Dickeres Spray (perfekt f\u00fcr Abrissarbeiten)<\/li><\/ul><\/li><\/ul>\t\t\t\t\t\t\t\t<\/div>\n\t\t\t\t<\/div>\n\t\t\t\t\t<\/div>\n\t\t\t\t<\/div>\n\t\t<div class=\"elementor-element elementor-element-c2bc299 e-flex e-con-boxed e-con e-child\" data-id=\"c2bc299\" data-element_type=\"container\" data-e-type=\"container\" data-settings=\"{&quot;background_background&quot;:&quot;classic&quot;}\">\n\t\t\t\t\t<div class=\"e-con-inner\">\n\t\t\t\t<div class=\"elementor-element elementor-element-5330ecd elementor-widget elementor-widget-heading\" data-id=\"5330ecd\" data-element_type=\"widget\" data-e-type=\"widget\" data-widget_type=\"heading.default\">\n\t\t\t\t<div class=\"elementor-widget-container\">\n\t\t\t\t\t<h2 class=\"elementor-heading-title elementor-size-default\">Conrad Kanonen und Wasser<\/h2>\t\t\t\t<\/div>\n\t\t\t\t<\/div>\n\t\t\t\t<div class=\"elementor-element elementor-element-5e7c139 elementor-widget elementor-widget-text-editor\" data-id=\"5e7c139\" data-element_type=\"widget\" data-e-type=\"widget\" data-widget_type=\"text-editor.default\">\n\t\t\t\t<div class=\"elementor-widget-container\">\n\t\t\t\t\t\t\t\t\t<ul><li><p id=\"tw-target-text\" dir=\"ltr\" data-placeholder=\"Traduzione\">Das CONRAD-Filtersystem f\u00fcr den Wasserzulauf ist das beste auf dem Markt und verwendet ein\u00a0<strong class=\"rich-node rich-node1\" data-toggle=\"tooltip\" data-placement=\"top\" data-original-title=\"Mark up: strong\"><span class=\"rich-node rich-node2\" data-toggle=\"tooltip\" data-placement=\"top\" data-original-title=\"Mark up: span\">Filterpatrone aus rostfreiem Stahl, L\u00e4nge 500 mm x 80 mm Durchmesser. Inspizierbarer dreifachmaschiger Filter aus Edelstahl.<\/span><\/strong><\/p><p dir=\"ltr\" data-placeholder=\"Traduzione\"><span lang=\"en\">So k\u00f6nnen Sie jede Art von Wasser zur Speisung der Kanone verwenden: Brauchwasser, Brunnen, VVF-Ring, Kl\u00e4ranlage, Aqu\u00e4dukt, Regensammlung...<\/span><\/p><p dir=\"ltr\" data-placeholder=\"Traduzione\"><span lang=\"en\">Alle CONRAD-Kanonen sind mit einer vertikalen und selbstansaugenden Pumpe f\u00fcr die Schwerkraftzufuhr ausgestattet, so dass kein Wasserdruck erforderlich ist.<\/span><\/p><\/li><\/ul>\t\t\t\t\t\t\t\t<\/div>\n\t\t\t\t<\/div>\n\t\t\t\t\t<\/div>\n\t\t\t\t<\/div>\n\t\t<div class=\"elementor-element elementor-element-79d86ce e-flex e-con-boxed e-con e-child\" data-id=\"79d86ce\" data-element_type=\"container\" data-e-type=\"container\" data-settings=\"{&quot;background_background&quot;:&quot;classic&quot;}\">\n\t\t\t\t\t<div class=\"e-con-inner\">\n\t\t\t\t<div class=\"elementor-element elementor-element-6d96c49 elementor-widget elementor-widget-heading\" data-id=\"6d96c49\" data-element_type=\"widget\" data-e-type=\"widget\" data-widget_type=\"heading.default\">\n\t\t\t\t<div class=\"elementor-widget-container\">\n\t\t\t\t\t<h2 class=\"elementor-heading-title elementor-size-default\">Optional<\/h2>\t\t\t\t<\/div>\n\t\t\t\t<\/div>\n\t\t\t\t<div class=\"elementor-element elementor-element-c9fc17b elementor-widget elementor-widget-text-editor\" data-id=\"c9fc17b\" data-element_type=\"widget\" data-e-type=\"widget\" data-widget_type=\"text-editor.default\">\n\t\t\t\t<div class=\"elementor-widget-container\">\n\t\t\t\t\t\t\t\t\t<ul><li><strong>Geruchsunterdr\u00fcckung<\/strong>: elektrische Dosierpumpe zum Mischen der Geruchsbek\u00e4mpfungs-Chemikalie (Chemikalie nicht enthalten)<\/li><li><strong>ON-OFF-Funkfernbedienung<\/strong> mit 12 Funktionstasten, Batterieladeger\u00e4t. Reichweite 100 m.<\/li><li>Integriertes Anemometer mit PLC.<\/li><li><strong>Ma\u00dfgeschneiderte Turbinenfarbe.<\/strong><\/li><li><strong>Atex-Komponenten auf Anfrage je nach gew\u00fcnschtem Niveau.<\/strong><\/li><\/ul>\t\t\t\t\t\t\t\t<\/div>\n\t\t\t\t<\/div>\n\t\t\t\t\t<\/div>\n\t\t\t\t<\/div>\n\t\t\t\t<\/div>\n\t\t\t\t\t<\/div>\n\t\t\t\t<\/div>\n\t\t<div class=\"elementor-element elementor-element-f12b18b e-flex e-con-boxed e-con e-parent\" data-id=\"f12b18b\" data-element_type=\"container\" data-e-type=\"container\" data-settings=\"{&quot;background_background&quot;:&quot;classic&quot;}\">\n\t\t\t\t\t<div class=\"e-con-inner\">\n\t\t\t\t<div class=\"elementor-element elementor-element-0670816 animated-fast elementor-invisible elementor-widget elementor-widget-heading\" data-id=\"0670816\" data-element_type=\"widget\" data-e-type=\"widget\" data-settings=\"{&quot;_animation&quot;:&quot;fadeInLeft&quot;,&quot;_animation_delay&quot;:200}\" data-widget_type=\"heading.default\">\n\t\t\t\t<div class=\"elementor-widget-container\">\n\t\t\t\t\t<h2 class=\"elementor-heading-title elementor-size-default\">Station in Aktion<\/h2>\t\t\t\t<\/div>\n\t\t\t\t<\/div>\n\t\t\t\t<div class=\"elementor-element elementor-element-9a2e36f elementor-widget elementor-widget-video\" data-id=\"9a2e36f\" data-element_type=\"widget\" data-e-type=\"widget\" data-settings=\"{&quot;youtube_url&quot;:&quot;https:\\\/\\\/youtu.be\\\/HD0LgSxgabc&quot;,&quot;loop&quot;:&quot;yes&quot;,&quot;video_type&quot;:&quot;youtube&quot;,&quot;controls&quot;:&quot;yes&quot;}\" data-widget_type=\"video.default\">\n\t\t\t\t<div class=\"elementor-widget-container\">\n\t\t\t\t\t\t\t<div class=\"elementor-wrapper elementor-open-inline\">\n\t\t\t<div class=\"elementor-video\"><\/div>\t\t<\/div>\n\t\t\t\t\t\t<\/div>\n\t\t\t\t<\/div>\n\t\t\t\t\t<\/div>\n\t\t\t\t<\/div>\n\t\t\t\t<\/div>","protected":false},"excerpt":{"rendered":"<p>Autonome Abbruchstation mit 5000L Tank, Generator und Teleskopstange. Komplett mit Funksteuerung.<\/p>","protected":false},"featured_media":95936,"template":"","meta":{"_acf_changed":false},"product_brand":[],"product_cat":[947],"product_tag":[1294],"class_list":{"0":"post-95935","1":"product","2":"type-product","3":"status-publish","4":"has-post-thumbnail","6":"product_cat-stazioni-autonome","7":"product_tag-cannone-nebulizzatore-30-metri","9":"first","10":"instock","11":"taxable","12":"shipping-taxable","13":"product-type-simple"},"acf":[],"_links":{"self":[{"href":"https:\/\/cannoni-conrad.com\/de\/wp-json\/wp\/v2\/product\/95935","targetHints":{"allow":["GET"]}}],"collection":[{"href":"https:\/\/cannoni-conrad.com\/de\/wp-json\/wp\/v2\/product"}],"about":[{"href":"https:\/\/cannoni-conrad.com\/de\/wp-json\/wp\/v2\/types\/product"}],"version-history":[{"count":0,"href":"https:\/\/cannoni-conrad.com\/de\/wp-json\/wp\/v2\/product\/95935\/revisions"}],"wp:featuredmedia":[{"embeddable":true,"href":"https:\/\/cannoni-conrad.com\/de\/wp-json\/wp\/v2\/media\/95936"}],"wp:attachment":[{"href":"https:\/\/cannoni-conrad.com\/de\/wp-json\/wp\/v2\/media?parent=95935"}],"wp:term":[{"taxonomy":"product_brand","embeddable":true,"href":"https:\/\/cannoni-conrad.com\/de\/wp-json\/wp\/v2\/product_brand?post=95935"},{"taxonomy":"product_cat","embeddable":true,"href":"https:\/\/cannoni-conrad.com\/de\/wp-json\/wp\/v2\/product_cat?post=95935"},{"taxonomy":"product_tag","embeddable":true,"href":"https:\/\/cannoni-conrad.com\/de\/wp-json\/wp\/v2\/product_tag?post=95935"}],"curies":[{"name":"wp","href":"https:\/\/api.w.org\/{rel}","templated":true}]}}