{"id":94480,"date":"2024-11-14T15:37:44","date_gmt":"2024-11-14T14:37:44","guid":{"rendered":"http:\/\/cannoni-conrad.com\/?post_type=product&#038;p=94480"},"modified":"2026-01-21T13:58:55","modified_gmt":"2026-01-21T12:58:55","slug":"station-autonomer-rad-phoenix-3","status":"publish","type":"product","link":"https:\/\/cannoni-conrad.com\/de\/abbattimento-polveri\/stazioni-autonome\/stazione-autonoma-conrad-hydra\/","title":{"rendered":"Autonome Station HYDRA"},"content":{"rendered":"<div data-elementor-type=\"product-post\" data-elementor-id=\"94480\" class=\"elementor elementor-94480\" data-elementor-post-type=\"product\">\n\t\t\t\t<div class=\"elementor-element elementor-element-ce3ea0b e-flex e-con-boxed e-con e-parent\" data-id=\"ce3ea0b\" data-element_type=\"container\" data-e-type=\"container\">\n\t\t\t\t\t<div class=\"e-con-inner\">\n\t\t\t\t<div class=\"elementor-element elementor-element-d8a6c8b elementor-widget elementor-widget-heading\" data-id=\"d8a6c8b\" data-element_type=\"widget\" data-e-type=\"widget\" data-widget_type=\"heading.default\">\n\t\t\t\t<div class=\"elementor-widget-container\">\n\t\t\t\t\t<h2 class=\"elementor-heading-title elementor-size-default\">HYDRA BEI DER ARBEIT<\/h2>\t\t\t\t<\/div>\n\t\t\t\t<\/div>\n\t\t\t\t<div class=\"elementor-element elementor-element-54987b2 elementor-widget elementor-widget-video\" data-id=\"54987b2\" data-element_type=\"widget\" data-e-type=\"widget\" data-settings=\"{&quot;youtube_url&quot;:&quot;https:\\\/\\\/youtu.be\\\/w7jj_uYwHFg&quot;,&quot;video_type&quot;:&quot;youtube&quot;,&quot;controls&quot;:&quot;yes&quot;}\" data-widget_type=\"video.default\">\n\t\t\t\t<div class=\"elementor-widget-container\">\n\t\t\t\t\t\t\t<div class=\"elementor-wrapper elementor-open-inline\">\n\t\t\t<div class=\"elementor-video\"><\/div>\t\t<\/div>\n\t\t\t\t\t\t<\/div>\n\t\t\t\t<\/div>\n\t\t<div class=\"elementor-element elementor-element-38cce2c e-grid e-con-full e-con e-child\" data-id=\"38cce2c\" data-element_type=\"container\" data-e-type=\"container\">\n\t\t\t\t<div class=\"elementor-element elementor-element-ee45849 elementor-widget elementor-widget-video\" data-id=\"ee45849\" data-element_type=\"widget\" data-e-type=\"widget\" data-settings=\"{&quot;youtube_url&quot;:&quot;https:\\\/\\\/www.youtube.com\\\/watch?v=-GOix0hmvps&quot;,&quot;video_type&quot;:&quot;youtube&quot;,&quot;controls&quot;:&quot;yes&quot;}\" data-widget_type=\"video.default\">\n\t\t\t\t<div class=\"elementor-widget-container\">\n\t\t\t\t\t\t\t<div class=\"elementor-wrapper elementor-open-inline\">\n\t\t\t<div class=\"elementor-video\"><\/div>\t\t<\/div>\n\t\t\t\t\t\t<\/div>\n\t\t\t\t<\/div>\n\t\t\t\t<div class=\"elementor-element elementor-element-6fb1524 elementor-widget elementor-widget-video\" data-id=\"6fb1524\" data-element_type=\"widget\" data-e-type=\"widget\" data-settings=\"{&quot;youtube_url&quot;:&quot;https:\\\/\\\/www.youtube.com\\\/watch?v=tt0CAYUlWVs&quot;,&quot;video_type&quot;:&quot;youtube&quot;,&quot;controls&quot;:&quot;yes&quot;}\" data-widget_type=\"video.default\">\n\t\t\t\t<div class=\"elementor-widget-container\">\n\t\t\t\t\t\t\t<div class=\"elementor-wrapper elementor-open-inline\">\n\t\t\t<div class=\"elementor-video\"><\/div>\t\t<\/div>\n\t\t\t\t\t\t<\/div>\n\t\t\t\t<\/div>\n\t\t\t\t<\/div>\n\t\t\t\t\t<\/div>\n\t\t\t\t<\/div>\n\t\t<div class=\"elementor-element elementor-element-601045c e-flex e-con-boxed e-con e-parent\" data-id=\"601045c\" data-element_type=\"container\" data-e-type=\"container\">\n\t\t\t\t\t<div class=\"e-con-inner\">\n\t\t\t\t<div class=\"elementor-element elementor-element-baa10bb elementor-widget elementor-widget-heading\" data-id=\"baa10bb\" data-element_type=\"widget\" data-e-type=\"widget\" data-widget_type=\"heading.default\">\n\t\t\t\t<div class=\"elementor-widget-container\">\n\t\t\t\t\t<h2 class=\"elementor-heading-title elementor-size-default\">FOCUS <\/h2>\t\t\t\t<\/div>\n\t\t\t\t<\/div>\n\t\t\t\t<div class=\"elementor-element elementor-element-46e4adf elementor-widget elementor-widget-video\" data-id=\"46e4adf\" data-element_type=\"widget\" data-e-type=\"widget\" data-settings=\"{&quot;youtube_url&quot;:&quot;https:\\\/\\\/www.youtube.com\\\/watch?v=LsPSd2LIDD4&quot;,&quot;video_type&quot;:&quot;youtube&quot;,&quot;controls&quot;:&quot;yes&quot;}\" data-widget_type=\"video.default\">\n\t\t\t\t<div class=\"elementor-widget-container\">\n\t\t\t\t\t\t\t<div class=\"elementor-wrapper elementor-open-inline\">\n\t\t\t<div class=\"elementor-video\"><\/div>\t\t<\/div>\n\t\t\t\t\t\t<\/div>\n\t\t\t\t<\/div>\n\t\t\t\t<div class=\"elementor-element elementor-element-71458c7 elementor-widget elementor-widget-heading\" data-id=\"71458c7\" data-element_type=\"widget\" data-e-type=\"widget\" data-widget_type=\"heading.default\">\n\t\t\t\t<div class=\"elementor-widget-container\">\n\t\t\t\t\t<h2 class=\"elementor-heading-title elementor-size-default\"> ECOMONDO 24<\/h2>\t\t\t\t<\/div>\n\t\t\t\t<\/div>\n\t\t\t\t<div class=\"elementor-element elementor-element-666a3fe elementor-widget elementor-widget-video\" data-id=\"666a3fe\" data-element_type=\"widget\" data-e-type=\"widget\" data-settings=\"{&quot;youtube_url&quot;:&quot;https:\\\/\\\/youtu.be\\\/RvAi5LyjeHk&quot;,&quot;video_type&quot;:&quot;youtube&quot;,&quot;controls&quot;:&quot;yes&quot;}\" data-widget_type=\"video.default\">\n\t\t\t\t<div class=\"elementor-widget-container\">\n\t\t\t\t\t\t\t<div class=\"elementor-wrapper elementor-open-inline\">\n\t\t\t<div class=\"elementor-video\"><\/div>\t\t<\/div>\n\t\t\t\t\t\t<\/div>\n\t\t\t\t<\/div>\n\t\t\t\t\t<\/div>\n\t\t\t\t<\/div>\n\t\t\t\t<\/div>","protected":false},"excerpt":{"rendered":"<p>Hier ist die neue <strong>Autonome Staubbek\u00e4mpfungsstation<\/strong> um alles, was Sie auf Ihrer Baustelle brauchen, in einem Zug zu haben: Spritzpistole mit Wasser und Strom auf einem einzigen Schlitten, der geschwenkt oder mit Haken angehoben werden kann.<\/p>\n<p>Verbessert, weil es mit einem <strong>Teleskopturm mit Verl\u00e4ngerung bis zu 5 Metern<\/strong> um den Staub genauer zu treffen und den Punkt zu erreichen, an dem der Staub leichter erzeugt wird.<\/p>\n<p><strong>Die Reichweite des Strahls betr\u00e4gt \u00fcber 40 Meter<\/strong> und der Gebl\u00e4semotor ist mit einem Potentiometer ausgestattet, mit dem Sie die L\u00e4nge des Spr\u00fchstrahls einstellen k\u00f6nnen. Eine sehr n\u00fctzliche Funktion, um St\u00f6rungen im Garten und unbefugtes Betreten zu vermeiden.<\/p>\n<p>Die <strong>Der Wasserverbrauch ist sehr niedrig<\/strong> und erm\u00f6glicht einen Non-Stop-Betrieb von 2,5 Stunden, dank der Hochdruckpumpe, die eine nachhaltige Nutzung der Wasserreserve erm\u00f6glicht.<\/p>\n<p>Die Kanone hat auch eine <strong>IP67 LED-Scheinwerfer zur Beleuchtung der D\u00fcse<\/strong> bei schlechten Lichtverh\u00e4ltnissen oder bei Abbrucharbeiten in der Nacht.<\/p>","protected":false},"featured_media":95954,"template":"","meta":{"_acf_changed":false},"product_brand":[],"product_cat":[947],"product_tag":[993,994,975,992,991],"class_list":{"0":"post-94480","1":"product","2":"type-product","3":"status-publish","4":"has-post-thumbnail","6":"product_cat-stazioni-autonome","7":"product_tag-cannone-abbattimento-polveri-con-serbatoio","8":"product_tag-cannone-acqua-con-serbatoio-e-generatore","9":"product_tag-cannone-nebulizzatore-smart-per-demolizioni","10":"product_tag-piccola-stazione-abbattimento-polveri","11":"product_tag-stazione-autonoma-abbattimento-polveri","13":"first","14":"instock","15":"taxable","16":"shipping-taxable","17":"product-type-simple"},"acf":[],"_links":{"self":[{"href":"https:\/\/cannoni-conrad.com\/de\/wp-json\/wp\/v2\/product\/94480","targetHints":{"allow":["GET"]}}],"collection":[{"href":"https:\/\/cannoni-conrad.com\/de\/wp-json\/wp\/v2\/product"}],"about":[{"href":"https:\/\/cannoni-conrad.com\/de\/wp-json\/wp\/v2\/types\/product"}],"version-history":[{"count":0,"href":"https:\/\/cannoni-conrad.com\/de\/wp-json\/wp\/v2\/product\/94480\/revisions"}],"wp:featuredmedia":[{"embeddable":true,"href":"https:\/\/cannoni-conrad.com\/de\/wp-json\/wp\/v2\/media\/95954"}],"wp:attachment":[{"href":"https:\/\/cannoni-conrad.com\/de\/wp-json\/wp\/v2\/media?parent=94480"}],"wp:term":[{"taxonomy":"product_brand","embeddable":true,"href":"https:\/\/cannoni-conrad.com\/de\/wp-json\/wp\/v2\/product_brand?post=94480"},{"taxonomy":"product_cat","embeddable":true,"href":"https:\/\/cannoni-conrad.com\/de\/wp-json\/wp\/v2\/product_cat?post=94480"},{"taxonomy":"product_tag","embeddable":true,"href":"https:\/\/cannoni-conrad.com\/de\/wp-json\/wp\/v2\/product_tag?post=94480"}],"curies":[{"name":"wp","href":"https:\/\/api.w.org\/{rel}","templated":true}]}}