{"id":86264,"date":"2020-12-04T17:41:55","date_gmt":"2020-12-04T16:41:55","guid":{"rendered":"http:\/\/cannoni-conrad.com\/?post_type=product&#038;p=86264"},"modified":"2025-09-05T17:01:38","modified_gmt":"2025-09-05T15:01:38","slug":"conrad-lc50-r","status":"publish","type":"product","link":"https:\/\/cannoni-conrad.com\/de\/abbattimento-polveri\/cannoni-nebulizzatori\/gamma-semi-automatica\/conrad-lc50-r\/","title":{"rendered":"Conrad LC50R"},"content":{"rendered":"<div data-elementor-type=\"product-post\" data-elementor-id=\"86264\" class=\"elementor elementor-86264\" data-elementor-post-type=\"product\">\n\t\t\t\t<div class=\"elementor-element elementor-element-5800965 e-flex e-con-boxed e-con e-parent\" data-id=\"5800965\" data-element_type=\"container\" data-e-type=\"container\" data-settings=\"{&quot;background_background&quot;:&quot;classic&quot;}\">\n\t\t\t\t\t<div class=\"e-con-inner\">\n\t\t\t\t<div class=\"elementor-element elementor-element-0e5dd78 animated-fast elementor-invisible elementor-widget elementor-widget-heading\" data-id=\"0e5dd78\" data-element_type=\"widget\" data-e-type=\"widget\" data-settings=\"{&quot;_animation&quot;:&quot;fadeInLeft&quot;,&quot;_animation_delay&quot;:200}\" data-widget_type=\"heading.default\">\n\t\t\t\t<div class=\"elementor-widget-container\">\n\t\t\t\t\t<h2 class=\"elementor-heading-title elementor-size-default\">Design und Eigenschaften<\/h2>\t\t\t\t<\/div>\n\t\t\t\t<\/div>\n\t\t\t\t<div class=\"elementor-element elementor-element-59adfd2 elementor-widget elementor-widget-video\" data-id=\"59adfd2\" data-element_type=\"widget\" data-e-type=\"widget\" data-settings=\"{&quot;youtube_url&quot;:&quot;https:\\\/\\\/youtu.be\\\/bcN4vxs9yQY&quot;,&quot;yt_privacy&quot;:&quot;yes&quot;,&quot;show_image_overlay&quot;:&quot;yes&quot;,&quot;image_overlay&quot;:{&quot;url&quot;:&quot;http:\\\/\\\/cannoni-conrad.com\\\/wp-content\\\/uploads\\\/2022\\\/06\\\/Conrad-LC50R_1.3.2.jpg&quot;,&quot;id&quot;:89523,&quot;size&quot;:&quot;&quot;,&quot;alt&quot;:&quot;&quot;,&quot;source&quot;:&quot;library&quot;},&quot;video_type&quot;:&quot;youtube&quot;,&quot;controls&quot;:&quot;yes&quot;}\" data-widget_type=\"video.default\">\n\t\t\t\t<div class=\"elementor-widget-container\">\n\t\t\t\t\t\t\t<div class=\"elementor-wrapper elementor-open-inline\">\n\t\t\t<div class=\"elementor-video\"><\/div>\t\t\t\t<div class=\"elementor-custom-embed-image-overlay\" style=\"background-image: url(https:\/\/cannoni-conrad.com\/wp-content\/uploads\/2022\/06\/Conrad-LC50R_1.3.2.jpg);\">\n\t\t\t\t\t\t\t\t\t\t\t\t\t\t\t\t<div class=\"elementor-custom-embed-play\" role=\"button\" aria-label=\"Video abspielen\" tabindex=\"0\">\n\t\t\t\t\t\t\t<svg aria-hidden=\"true\" class=\"e-font-icon-svg e-eicon-play\" viewbox=\"0 0 1000 1000\" xmlns=\"http:\/\/www.w3.org\/2000\/svg\"><path d=\"M838 162C746 71 633 25 500 25 371 25 258 71 163 162 71 254 25 367 25 500 25 633 71 746 163 837 254 929 367 979 500 979 633 979 746 933 838 837 929 746 975 633 975 500 975 367 929 254 838 162M808 192C892 279 933 379 933 500 933 621 892 725 808 808 725 892 621 938 500 938 379 938 279 896 196 808 113 725 67 621 67 500 67 379 108 279 196 192 279 108 383 62 500 62 621 62 721 108 808 192M438 392V642L642 517 438 392Z\"><\/path><\/svg>\t\t\t\t\t\t<\/div>\n\t\t\t\t\t\t\t\t\t<\/div>\n\t\t\t\t\t<\/div>\n\t\t\t\t\t\t<\/div>\n\t\t\t\t<\/div>\n\t\t\t\t\t<\/div>\n\t\t\t\t<\/div>\n\t\t<div class=\"elementor-element elementor-element-bf0bb03 e-flex e-con-boxed e-con e-parent\" data-id=\"bf0bb03\" data-element_type=\"container\" data-e-type=\"container\">\n\t\t\t\t\t<div class=\"e-con-inner\">\n\t\t\t\t<div class=\"elementor-element elementor-element-c4aab47 elementor-position-left elementor-vertical-align-middle elementor-widget elementor-widget-image-box\" data-id=\"c4aab47\" data-element_type=\"widget\" data-e-type=\"widget\" data-widget_type=\"image-box.default\">\n\t\t\t\t<div class=\"elementor-widget-container\">\n\t\t\t\t\t<div class=\"elementor-image-box-wrapper\"><figure class=\"elementor-image-box-img\"><img decoding=\"async\" width=\"468\" height=\"337\" src=\"https:\/\/cannoni-conrad.com\/wp-content\/uploads\/2020\/12\/plc-cannoni.jpg\" class=\"attachment-full size-full wp-image-93353\" alt=\"\" srcset=\"https:\/\/cannoni-conrad.com\/wp-content\/uploads\/2020\/12\/plc-cannoni.jpg 468w, https:\/\/cannoni-conrad.com\/wp-content\/uploads\/2020\/12\/plc-cannoni-18x12.jpg 18w\" sizes=\"(max-width: 468px) 100vw, 468px\" \/><\/figure><div class=\"elementor-image-box-content\"><h3 class=\"elementor-image-box-title\">PLC<\/h3><p class=\"elementor-image-box-description\">Die Conrad LC50R Staubbek\u00e4mpfungspistole ist mit einer SPS-Touchscreen-Elektronik ausgestattet, die f\u00fcr jeden Bediener leicht zu handhaben ist.<br>\n<br>\nDer Einsatz der SPS ist unerl\u00e4sslich, um die Drehung der Kanone von 0\u00b0 bis 340\u00b0 pr\u00e4zise einzustellen, um den Spr\u00fchbereich optimal zu nutzen und pr\u00e4ziser auf die zu behandelnden Bereiche einzuwirken.<br>\n<br>\nUnd mit dem INDUSTRIA 4.0 KIT von CANNONI-CONRAD erh\u00e4lt die Staubbek\u00e4mpfungspistole 20% in Form einer Steuergutschrift.<br><\/p><\/div><\/div>\t\t\t\t<\/div>\n\t\t\t\t<\/div>\n\t\t<div class=\"elementor-element elementor-element-8ba16d8 e-grid e-con-full e-con e-child\" data-id=\"8ba16d8\" data-element_type=\"container\" data-e-type=\"container\">\n\t\t<div class=\"elementor-element elementor-element-b128827 e-flex e-con-boxed e-con e-child\" data-id=\"b128827\" data-element_type=\"container\" data-e-type=\"container\" data-settings=\"{&quot;background_background&quot;:&quot;classic&quot;}\">\n\t\t\t\t\t<div class=\"e-con-inner\">\n\t\t\t\t<div class=\"elementor-element elementor-element-11de15a elementor-widget elementor-widget-heading\" data-id=\"11de15a\" data-element_type=\"widget\" data-e-type=\"widget\" data-widget_type=\"heading.default\">\n\t\t\t\t<div class=\"elementor-widget-container\">\n\t\t\t\t\t<h2 class=\"elementor-heading-title elementor-size-default\">HALBAUTOMATISCHER VERNEBLER<\/h2>\t\t\t\t<\/div>\n\t\t\t\t<\/div>\n\t\t\t\t<div class=\"elementor-element elementor-element-2281bb0 elementor-widget elementor-widget-text-editor\" data-id=\"2281bb0\" data-element_type=\"widget\" data-e-type=\"widget\" data-widget_type=\"text-editor.default\">\n\t\t\t\t<div class=\"elementor-widget-container\">\n\t\t\t\t\t\t\t\t\t<ul><li>45 D\u00fcsen auf einer Krone;<\/li><li>50 m Spr\u00fchreichweite;<\/li><li><span style=\"color: #000000;\"><strong>AUTOMATISCHE DREHUNG<\/strong><\/span> einstellbar von 0 bis 340\u00b0 mit integrierter SPS;<\/li><li>Ausr\u00fcstung:<ul><li>auf verzinktem Turm mit Drehkranz;<\/li><li>montiert auf einem verzinkten Wagen mit drei Luftr\u00e4dern, zwei Stabilisatoren und einer langsamen Deichsel;\u00a0<\/li><li>Bikini, wobei sich die Kanone in der H\u00f6he befindet und die Steuereinheit am Boden.<\/li><\/ul><\/li><\/ul>\t\t\t\t\t\t\t\t<\/div>\n\t\t\t\t<\/div>\n\t\t\t\t\t<\/div>\n\t\t\t\t<\/div>\n\t\t<div class=\"elementor-element elementor-element-ca8693c e-flex e-con-boxed e-con e-child\" data-id=\"ca8693c\" data-element_type=\"container\" data-e-type=\"container\" data-settings=\"{&quot;background_background&quot;:&quot;classic&quot;}\">\n\t\t\t\t\t<div class=\"e-con-inner\">\n\t\t\t\t<div class=\"elementor-element elementor-element-9c21d22 elementor-widget elementor-widget-heading\" data-id=\"9c21d22\" data-element_type=\"widget\" data-e-type=\"widget\" data-widget_type=\"heading.default\">\n\t\t\t\t<div class=\"elementor-widget-container\">\n\t\t\t\t\t<h2 class=\"elementor-heading-title elementor-size-default\">Conrad Kanonen und Wasser<\/h2>\t\t\t\t<\/div>\n\t\t\t\t<\/div>\n\t\t\t\t<div class=\"elementor-element elementor-element-8188ada elementor-widget elementor-widget-text-editor\" data-id=\"8188ada\" data-element_type=\"widget\" data-e-type=\"widget\" data-widget_type=\"text-editor.default\">\n\t\t\t\t<div class=\"elementor-widget-container\">\n\t\t\t\t\t\t\t\t\t<ul><li><p id=\"tw-target-text\" dir=\"ltr\" data-placeholder=\"Traduzione\">Das CONRAD-Filtersystem f\u00fcr den Wasserzulauf ist das beste auf dem Markt und verwendet ein\u00a0<strong class=\"rich-node rich-node1\" data-toggle=\"tooltip\" data-placement=\"top\" data-original-title=\"Mark up: strong\"><span class=\"rich-node rich-node2\" data-toggle=\"tooltip\" data-placement=\"top\" data-original-title=\"Mark up: span\">Filterpatrone aus rostfreiem Stahl, L\u00e4nge 500 mm x 80 mm Durchmesser. Inspizierbarer dreifachmaschiger Filter aus Edelstahl.<\/span><\/strong><\/p><p dir=\"ltr\" data-placeholder=\"Traduzione\"><span lang=\"en\">So k\u00f6nnen Sie jede Art von Wasser zur Speisung der Kanone verwenden: Brauchwasser, Brunnen, VVF-Ring, Kl\u00e4ranlage, Aqu\u00e4dukt, Regensammlung...<\/span><\/p><p dir=\"ltr\" data-placeholder=\"Traduzione\"><span lang=\"en\">Alle CONRAD-Kanonen sind mit einer vertikalen und selbstansaugenden Pumpe f\u00fcr die Schwerkraftzufuhr ausgestattet, so dass kein Wasserdruck erforderlich ist.<\/span><\/p><\/li><\/ul>\t\t\t\t\t\t\t\t<\/div>\n\t\t\t\t<\/div>\n\t\t\t\t\t<\/div>\n\t\t\t\t<\/div>\n\t\t<div class=\"elementor-element elementor-element-c934d3f e-flex e-con-boxed e-con e-child\" data-id=\"c934d3f\" data-element_type=\"container\" data-e-type=\"container\" data-settings=\"{&quot;background_background&quot;:&quot;classic&quot;}\">\n\t\t\t\t\t<div class=\"e-con-inner\">\n\t\t\t\t<div class=\"elementor-element elementor-element-6f27d90 elementor-widget elementor-widget-heading\" data-id=\"6f27d90\" data-element_type=\"widget\" data-e-type=\"widget\" data-widget_type=\"heading.default\">\n\t\t\t\t<div class=\"elementor-widget-container\">\n\t\t\t\t\t<h2 class=\"elementor-heading-title elementor-size-default\">Vorteile<\/h2>\t\t\t\t<\/div>\n\t\t\t\t<\/div>\n\t\t\t\t<div class=\"elementor-element elementor-element-41b139c elementor-widget elementor-widget-text-editor\" data-id=\"41b139c\" data-element_type=\"widget\" data-e-type=\"widget\" data-widget_type=\"text-editor.default\">\n\t\t\t\t<div class=\"elementor-widget-container\">\n\t\t\t\t\t\t\t\t\t<ul><li>Aufstellungen, die den Bed\u00fcrfnissen und Anforderungen von tempor\u00e4ren und permanenten Standorten entsprechen;<\/li><li>gro\u00dfe Reichweite: Sie werden das Pulver zweifellos erreichen;<\/li><li>PLC-Touchscreen-Panel: intuitive Tasten f\u00fcr eine schnelle und einfache Bedienung;<\/li><li>robuste Materialien: wie gemacht f\u00fcr die Baustelle;<\/li><li>kann mit der 8-Tasten-Funksteuerung eingesetzt werden: arbeiten Sie selbst aus der Ferne;<\/li><li>Subventionierbare G\u00fcter mit Industrie 4.o: Steuergutschrift f\u00fcr Kanonen im Wert von 20% (<a href=\"http:\/\/cannoni-conrad.com\/de\/nachrichten\/industrie-4-0-fur-ein-abatement-system-staub-mit-kanonen-sie-konnen\/\">Klicken Sie hier, um mehr zu lesen<\/a>).<\/li><\/ul>\t\t\t\t\t\t\t\t<\/div>\n\t\t\t\t<\/div>\n\t\t\t\t\t<\/div>\n\t\t\t\t<\/div>\n\t\t\t\t<\/div>\n\t\t\t\t\t<\/div>\n\t\t\t\t<\/div>\n\t\t<div class=\"elementor-element elementor-element-71eb1d6 e-flex e-con-boxed e-con e-parent\" data-id=\"71eb1d6\" data-element_type=\"container\" data-e-type=\"container\" data-settings=\"{&quot;background_background&quot;:&quot;classic&quot;}\">\n\t\t\t\t\t<div class=\"e-con-inner\">\n\t\t\t\t<div class=\"elementor-element elementor-element-f6f1a5a elementor-widget elementor-widget-heading\" data-id=\"f6f1a5a\" data-element_type=\"widget\" data-e-type=\"widget\" data-widget_type=\"heading.default\">\n\t\t\t\t<div class=\"elementor-widget-container\">\n\t\t\t\t\t<h2 class=\"elementor-heading-title elementor-size-default\">Zwei weitere Versionen<\/h2>\t\t\t\t<\/div>\n\t\t\t\t<\/div>\n\t\t<div class=\"elementor-element elementor-element-6408c7e e-grid e-con-full e-con e-child\" data-id=\"6408c7e\" data-element_type=\"container\" data-e-type=\"container\" data-settings=\"{&quot;background_background&quot;:&quot;classic&quot;}\">\n\t\t\t\t<div class=\"elementor-element elementor-element-fad2cd4 elementor-position-top elementor-widget elementor-widget-image-box\" data-id=\"fad2cd4\" data-element_type=\"widget\" data-e-type=\"widget\" data-widget_type=\"image-box.default\">\n\t\t\t\t<div class=\"elementor-widget-container\">\n\t\t\t\t\t<div class=\"elementor-image-box-wrapper\"><figure class=\"elementor-image-box-img\"><img decoding=\"async\" width=\"2368\" height=\"2528\" src=\"https:\/\/cannoni-conrad.com\/wp-content\/uploads\/2020\/12\/scontorno-LC50R-grigio-bikini_bollo.png\" class=\"attachment-full size-full wp-image-93348\" alt=\"\" srcset=\"https:\/\/cannoni-conrad.com\/wp-content\/uploads\/2020\/12\/scontorno-LC50R-grigio-bikini_bollo.png 2368w, https:\/\/cannoni-conrad.com\/wp-content\/uploads\/2020\/12\/scontorno-LC50R-grigio-bikini_bollo-800x854.png 800w, https:\/\/cannoni-conrad.com\/wp-content\/uploads\/2020\/12\/scontorno-LC50R-grigio-bikini_bollo-768x820.png 768w, https:\/\/cannoni-conrad.com\/wp-content\/uploads\/2020\/12\/scontorno-LC50R-grigio-bikini_bollo-1439x1536.png 1439w, https:\/\/cannoni-conrad.com\/wp-content\/uploads\/2020\/12\/scontorno-LC50R-grigio-bikini_bollo-1918x2048.png 1918w, https:\/\/cannoni-conrad.com\/wp-content\/uploads\/2020\/12\/scontorno-LC50R-grigio-bikini_bollo-11x12.png 11w\" sizes=\"(max-width: 2368px) 100vw, 2368px\" \/><\/figure><div class=\"elementor-image-box-content\"><h3 class=\"elementor-image-box-title\">Bikini-Version<\/h3><p class=\"elementor-image-box-description\">Die Bikini-Version verf\u00fcgt \u00fcber eine zweigeteilte Kanonenanlage:\ndie Kanone mit dem f\u00fcnften Rad, das in der H\u00f6he installiert ist, und der Steuerblock mit SPS und Pumpe, der am Boden positioniert ist.\n<\/p><\/div><\/div>\t\t\t\t<\/div>\n\t\t\t\t<\/div>\n\t\t\t\t<div class=\"elementor-element elementor-element-2cafe36 elementor-position-top elementor-widget elementor-widget-image-box\" data-id=\"2cafe36\" data-element_type=\"widget\" data-e-type=\"widget\" data-widget_type=\"image-box.default\">\n\t\t\t\t<div class=\"elementor-widget-container\">\n\t\t\t\t\t<div class=\"elementor-image-box-wrapper\"><figure class=\"elementor-image-box-img\"><img decoding=\"async\" width=\"2252\" height=\"2560\" src=\"https:\/\/cannoni-conrad.com\/wp-content\/uploads\/2020\/12\/LC50R-A70-malta-scontorno.png\" class=\"attachment-full size-full wp-image-93349\" alt=\"\" srcset=\"https:\/\/cannoni-conrad.com\/wp-content\/uploads\/2020\/12\/LC50R-A70-malta-scontorno.png 2252w, https:\/\/cannoni-conrad.com\/wp-content\/uploads\/2020\/12\/LC50R-A70-malta-scontorno-800x910.png 800w, https:\/\/cannoni-conrad.com\/wp-content\/uploads\/2020\/12\/LC50R-A70-malta-scontorno-768x873.png 768w, https:\/\/cannoni-conrad.com\/wp-content\/uploads\/2020\/12\/LC50R-A70-malta-scontorno-1351x1536.png 1351w, https:\/\/cannoni-conrad.com\/wp-content\/uploads\/2020\/12\/LC50R-A70-malta-scontorno-1801x2048.png 1801w, https:\/\/cannoni-conrad.com\/wp-content\/uploads\/2020\/12\/LC50R-A70-malta-scontorno-11x12.png 11w\" sizes=\"(max-width: 2252px) 100vw, 2252px\" \/><\/figure><div class=\"elementor-image-box-content\"><h3 class=\"elementor-image-box-title\">Version mit Knickarm<\/h3><p class=\"elementor-image-box-description\">Die Knickarmversion unserer Spr\u00fchkanonen ist vielseitig und sowohl im Abbruch- als auch im Entsorgungssektor beliebt.\n\nDer Gelenkausleger erm\u00f6glicht eine H\u00f6he von 5,5 Metern, so dass Sie die Staubquelle erreichen und sich ihr n\u00e4hern k\u00f6nnen.\nMit dem Gelenkausleger kann man sich in vielen F\u00e4llen eine h\u00f6here Position in Bezug auf die Staubentwicklung zunutze machen und so effektiver und schneller auf die Eind\u00e4mmung und Reduzierung einwirken.\n<\/p><\/div><\/div>\t\t\t\t<\/div>\n\t\t\t\t<\/div>\n\t\t\t\t<\/div>\n\t\t\t\t\t<\/div>\n\t\t\t\t<\/div>\n\t\t<div class=\"elementor-element elementor-element-bfed9b7 e-flex e-con-boxed e-con e-parent\" data-id=\"bfed9b7\" data-element_type=\"container\" data-e-type=\"container\">\n\t\t\t\t\t<div class=\"e-con-inner\">\n\t\t\t\t<div class=\"elementor-element elementor-element-5eace0d elementor-widget elementor-widget-heading\" data-id=\"5eace0d\" data-element_type=\"widget\" data-e-type=\"widget\" data-widget_type=\"heading.default\">\n\t\t\t\t<div class=\"elementor-widget-container\">\n\t\t\t\t\t<h2 class=\"elementor-heading-title elementor-size-default\">Echte Anwendungen<\/h2>\t\t\t\t<\/div>\n\t\t\t\t<\/div>\n\t\t\t\t<div class=\"elementor-element elementor-element-c0497db elementor-grid-4 elementor-grid-tablet-1 elementor-posts--align-left elementor-grid-mobile-1 elementor-posts--thumbnail-top elementor-widget elementor-widget-posts\" data-id=\"c0497db\" data-element_type=\"widget\" data-e-type=\"widget\" data-settings=\"{&quot;classic_columns&quot;:&quot;4&quot;,&quot;classic_columns_tablet&quot;:&quot;1&quot;,&quot;classic_row_gap&quot;:{&quot;unit&quot;:&quot;px&quot;,&quot;size&quot;:&quot;60&quot;,&quot;sizes&quot;:[]},&quot;classic_columns_mobile&quot;:&quot;1&quot;,&quot;classic_row_gap_widescreen&quot;:{&quot;unit&quot;:&quot;px&quot;,&quot;size&quot;:&quot;&quot;,&quot;sizes&quot;:[]},&quot;classic_row_gap_tablet&quot;:{&quot;unit&quot;:&quot;px&quot;,&quot;size&quot;:&quot;&quot;,&quot;sizes&quot;:[]},&quot;classic_row_gap_mobile&quot;:{&quot;unit&quot;:&quot;px&quot;,&quot;size&quot;:&quot;&quot;,&quot;sizes&quot;:[]}}\" data-widget_type=\"posts.classic\">\n\t\t\t\t<div class=\"elementor-widget-container\">\n\t\t\t\t\t\t\t<div class=\"elementor-posts-container elementor-posts elementor-posts--skin-classic elementor-grid\" role=\"list\">\n\t\t\t\t<article class=\"elementor-post elementor-grid-item post-93371 post type-post status-publish format-standard has-post-thumbnail hentry category-conrad-lc50r category-esperienza\" role=\"listitem\">\n\t\t\t\t<a class=\"elementor-post__thumbnail__link\" href=\"https:\/\/cannoni-conrad.com\/de\/stories\/un-nebulizzatore-su-misura-si-puo\/\" tabindex=\"-1\" >\n\t\t\t<div class=\"elementor-post__thumbnail\"><img decoding=\"async\" width=\"583\" height=\"668\" src=\"https:\/\/cannoni-conrad.com\/wp-content\/uploads\/2023\/12\/lc50r-a70.jpg\" class=\"attachment-2048x2048 size-2048x2048 wp-image-93377\" alt=\"\" srcset=\"https:\/\/cannoni-conrad.com\/wp-content\/uploads\/2023\/12\/lc50r-a70.jpg 583w, https:\/\/cannoni-conrad.com\/wp-content\/uploads\/2023\/12\/lc50r-a70-10x12.jpg 10w\" sizes=\"(max-width: 583px) 100vw, 583px\" \/><\/div>\n\t\t<\/a>\n\t\t\t\t<div class=\"elementor-post__text\">\n\t\t\t\t<h2 class=\"elementor-post__title\">\n\t\t\t<a href=\"https:\/\/cannoni-conrad.com\/de\/stories\/un-nebulizzatore-su-misura-si-puo\/\" >\n\t\t\t\tEin ma\u00dfgeschneiderter Vernebler? Das k\u00f6nnen Sie.\t\t\t<\/a>\n\t\t<\/h2>\n\t\t\t\t<div class=\"elementor-post__meta-data\">\n\t\t\t\t\t<span class=\"elementor-post-date\">\n\t\t\t20 Dezember 2023\t\t<\/span>\n\t\t\t\t<\/div>\n\t\t\t\t<\/div>\n\t\t\t\t<\/article>\n\t\t\t\t<article class=\"elementor-post elementor-grid-item post-93337 post type-post status-publish format-standard has-post-thumbnail hentry category-conrad-lc50r category-esperienza tag-cannone-posizionato-su-mensola tag-installazione-cannone\" role=\"listitem\">\n\t\t\t\t<a class=\"elementor-post__thumbnail__link\" href=\"https:\/\/cannoni-conrad.com\/de\/stories\/lc50r-versione-bikini\/\" tabindex=\"-1\" >\n\t\t\t<div class=\"elementor-post__thumbnail\"><img decoding=\"async\" width=\"1600\" height=\"774\" src=\"https:\/\/cannoni-conrad.com\/wp-content\/uploads\/2023\/12\/Immagine-WhatsApp-2023-11-29-ore-13.57.26_c6b527a2.jpg\" class=\"attachment-2048x2048 size-2048x2048 wp-image-93357\" alt=\"\" srcset=\"https:\/\/cannoni-conrad.com\/wp-content\/uploads\/2023\/12\/Immagine-WhatsApp-2023-11-29-ore-13.57.26_c6b527a2.jpg 1600w, https:\/\/cannoni-conrad.com\/wp-content\/uploads\/2023\/12\/Immagine-WhatsApp-2023-11-29-ore-13.57.26_c6b527a2-800x387.jpg 800w, https:\/\/cannoni-conrad.com\/wp-content\/uploads\/2023\/12\/Immagine-WhatsApp-2023-11-29-ore-13.57.26_c6b527a2-768x372.jpg 768w, https:\/\/cannoni-conrad.com\/wp-content\/uploads\/2023\/12\/Immagine-WhatsApp-2023-11-29-ore-13.57.26_c6b527a2-1536x743.jpg 1536w, https:\/\/cannoni-conrad.com\/wp-content\/uploads\/2023\/12\/Immagine-WhatsApp-2023-11-29-ore-13.57.26_c6b527a2-18x9.jpg 18w\" sizes=\"(max-width: 1600px) 100vw, 1600px\" \/><\/div>\n\t\t<\/a>\n\t\t\t\t<div class=\"elementor-post__text\">\n\t\t\t\t<h2 class=\"elementor-post__title\">\n\t\t\t<a href=\"https:\/\/cannoni-conrad.com\/de\/stories\/lc50r-versione-bikini\/\" >\n\t\t\t\tLC50R BIKINI Version\t\t\t<\/a>\n\t\t<\/h2>\n\t\t\t\t<div class=\"elementor-post__meta-data\">\n\t\t\t\t\t<span class=\"elementor-post-date\">\n\t\t\t5 Dezember 2023\t\t<\/span>\n\t\t\t\t<\/div>\n\t\t\t\t<\/div>\n\t\t\t\t<\/article>\n\t\t\t\t<article class=\"elementor-post elementor-grid-item post-89915 post type-post status-publish format-standard has-post-thumbnail hentry category-conrad-lc50r category-esperienza category-sistemi-indipendenti tag-cannone-nebulizzatore-su-camion tag-cannone-nebulizzatore-trasportabile-su-camion tag-cannone-spara-acqua-per-camion-scarrabile tag-sistema-abbattimento-polveri-su-camion-piccolo\" role=\"listitem\">\n\t\t\t\t<a class=\"elementor-post__thumbnail__link\" href=\"https:\/\/cannoni-conrad.com\/de\/stories\/sistema-abbatti-polvere-su-sella-scarrabile-da-4-metri\/\" tabindex=\"-1\" >\n\t\t\t<div class=\"elementor-post__thumbnail\"><img decoding=\"async\" width=\"1024\" height=\"768\" src=\"https:\/\/cannoni-conrad.com\/wp-content\/uploads\/2022\/06\/LC50R-scarrabile-Cavit-6-no-name-Media.jpg\" class=\"attachment-2048x2048 size-2048x2048 wp-image-89916\" alt=\"\" srcset=\"https:\/\/cannoni-conrad.com\/wp-content\/uploads\/2022\/06\/LC50R-scarrabile-Cavit-6-no-name-Media.jpg 1024w, https:\/\/cannoni-conrad.com\/wp-content\/uploads\/2022\/06\/LC50R-scarrabile-Cavit-6-no-name-Media-800x600.jpg 800w, https:\/\/cannoni-conrad.com\/wp-content\/uploads\/2022\/06\/LC50R-scarrabile-Cavit-6-no-name-Media-768x576.jpg 768w, https:\/\/cannoni-conrad.com\/wp-content\/uploads\/2022\/06\/LC50R-scarrabile-Cavit-6-no-name-Media-16x12.jpg 16w\" sizes=\"(max-width: 1024px) 100vw, 1024px\" \/><\/div>\n\t\t<\/a>\n\t\t\t\t<div class=\"elementor-post__text\">\n\t\t\t\t<h2 class=\"elementor-post__title\">\n\t\t\t<a href=\"https:\/\/cannoni-conrad.com\/de\/stories\/sistema-abbatti-polvere-su-sella-scarrabile-da-4-metri\/\" >\n\t\t\t\tStaubunterdr\u00fcckungssystem auf 4-Meter-Abrollsattel\t\t\t<\/a>\n\t\t<\/h2>\n\t\t\t\t<div class=\"elementor-post__meta-data\">\n\t\t\t\t\t<span class=\"elementor-post-date\">\n\t\t\t20 Juni 2022\t\t<\/span>\n\t\t\t\t<\/div>\n\t\t\t\t<\/div>\n\t\t\t\t<\/article>\n\t\t\t\t<article class=\"elementor-post elementor-grid-item post-88719 post type-post status-publish format-standard has-post-thumbnail hentry category-conrad-lc50r category-esperienza tag-polvere-da-riciclo-inerti\" role=\"listitem\">\n\t\t\t\t<a class=\"elementor-post__thumbnail__link\" href=\"https:\/\/cannoni-conrad.com\/de\/stories\/nebulizzatore-conrad-lc50r-impianto-di-riciclo-inerti-teramo\/\" tabindex=\"-1\" >\n\t\t\t<div class=\"elementor-post__thumbnail\"><img decoding=\"async\" width=\"1165\" height=\"947\" src=\"https:\/\/cannoni-conrad.com\/wp-content\/uploads\/2022\/02\/LC50R-impianto-riciclo-inerti.jpeg\" class=\"attachment-2048x2048 size-2048x2048 wp-image-92083\" alt=\"\" srcset=\"https:\/\/cannoni-conrad.com\/wp-content\/uploads\/2022\/02\/LC50R-impianto-riciclo-inerti.jpeg 1165w, https:\/\/cannoni-conrad.com\/wp-content\/uploads\/2022\/02\/LC50R-impianto-riciclo-inerti-800x650.jpeg 800w, https:\/\/cannoni-conrad.com\/wp-content\/uploads\/2022\/02\/LC50R-impianto-riciclo-inerti-768x624.jpeg 768w, https:\/\/cannoni-conrad.com\/wp-content\/uploads\/2022\/02\/LC50R-impianto-riciclo-inerti-15x12.jpeg 15w\" sizes=\"(max-width: 1165px) 100vw, 1165px\" \/><\/div>\n\t\t<\/a>\n\t\t\t\t<div class=\"elementor-post__text\">\n\t\t\t\t<h2 class=\"elementor-post__title\">\n\t\t\t<a href=\"https:\/\/cannoni-conrad.com\/de\/stories\/nebulizzatore-conrad-lc50r-impianto-di-riciclo-inerti-teramo\/\" >\n\t\t\t\tConrad LC50R Pulverisierer - Inertes Recyclingwerk - Teramo\t\t\t<\/a>\n\t\t<\/h2>\n\t\t\t\t<div class=\"elementor-post__meta-data\">\n\t\t\t\t\t<span class=\"elementor-post-date\">\n\t\t\t22. Februar 2022\t\t<\/span>\n\t\t\t\t<\/div>\n\t\t\t\t<\/div>\n\t\t\t\t<\/article>\n\t\t\t\t<\/div>\n\t\t\n\t\t\t\t\t\t<\/div>\n\t\t\t\t<\/div>\n\t\t\t\t\t<\/div>\n\t\t\t\t<\/div>\n\t\t\t\t<\/div>","protected":false},"excerpt":{"rendered":"<p style=\"text-align: left;\">Die CONRAD LC50R ist eine 50-Meter-Spr\u00fchpistole, die sich ideal f\u00fcr die Staubbek\u00e4mpfung bei Abbrucharbeiten eignet. Sie wird auch als Hilfsmittel in Recyclinganlagen f\u00fcr Zuschlagstoffe gesch\u00e4tzt, um den Staub zu kontrollieren, der aus F\u00f6rderb\u00e4ndern und Sieben zur Abtrennung von Inertstoffen austritt.<\/p>\n<p style=\"text-align: left;\">Das LC50R hat eine Reichweite von 50 m und eine Abdeckung von ca. 7.500 m\u00b2, dank seiner SPS f\u00fcr die automatische Rotationskontrolle, die bis zu 340\u00b0 programmierbar ist.<\/p>\n<p>Der mit 3 Luftr\u00e4dern, 2 Stabilisatoren und einer Deichsel ausgestattete Stapler macht den CONRAD LC50R auch auf unwegsamem Gel\u00e4nde sehr wendig.<\/p>","protected":false},"featured_media":93154,"template":"","meta":{"_acf_changed":false},"product_brand":[],"product_cat":[1341,945],"product_tag":[1257,1259,1258],"class_list":{"0":"post-86264","1":"product","2":"type-product","3":"status-publish","4":"has-post-thumbnail","6":"product_cat-cannoni-nebulizzatori","7":"product_cat-gamma-semi-automatica","8":"product_tag-cannone-50-m","9":"product_tag-cannone-nebulizzatore-per-demolire","10":"product_tag-nebulizzatore-ad-acqua","12":"first","13":"instock","14":"taxable","15":"shipping-taxable","16":"product-type-simple"},"acf":[],"_links":{"self":[{"href":"https:\/\/cannoni-conrad.com\/de\/wp-json\/wp\/v2\/product\/86264","targetHints":{"allow":["GET"]}}],"collection":[{"href":"https:\/\/cannoni-conrad.com\/de\/wp-json\/wp\/v2\/product"}],"about":[{"href":"https:\/\/cannoni-conrad.com\/de\/wp-json\/wp\/v2\/types\/product"}],"version-history":[{"count":0,"href":"https:\/\/cannoni-conrad.com\/de\/wp-json\/wp\/v2\/product\/86264\/revisions"}],"wp:featuredmedia":[{"embeddable":true,"href":"https:\/\/cannoni-conrad.com\/de\/wp-json\/wp\/v2\/media\/93154"}],"wp:attachment":[{"href":"https:\/\/cannoni-conrad.com\/de\/wp-json\/wp\/v2\/media?parent=86264"}],"wp:term":[{"taxonomy":"product_brand","embeddable":true,"href":"https:\/\/cannoni-conrad.com\/de\/wp-json\/wp\/v2\/product_brand?post=86264"},{"taxonomy":"product_cat","embeddable":true,"href":"https:\/\/cannoni-conrad.com\/de\/wp-json\/wp\/v2\/product_cat?post=86264"},{"taxonomy":"product_tag","embeddable":true,"href":"https:\/\/cannoni-conrad.com\/de\/wp-json\/wp\/v2\/product_tag?post=86264"}],"curies":[{"name":"wp","href":"https:\/\/api.w.org\/{rel}","templated":true}]}}