{"id":85521,"date":"2020-11-04T11:10:34","date_gmt":"2020-11-04T10:10:34","guid":{"rendered":"http:\/\/cannoni-conrad.com\/?post_type=product&#038;p=85521"},"modified":"2025-06-15T12:18:47","modified_gmt":"2025-06-15T10:18:47","slug":"conrad-c32","status":"publish","type":"product","link":"https:\/\/cannoni-conrad.com\/de\/abbattimento-polveri\/cannoni-nebulizzatori\/gamma-automatica\/conrad-c32\/","title":{"rendered":"Conrad C32"},"content":{"rendered":"<div data-elementor-type=\"product-post\" data-elementor-id=\"85521\" class=\"elementor elementor-85521\" data-elementor-post-type=\"product\">\n\t\t\t\t<div class=\"elementor-element elementor-element-f12b18b e-flex e-con-boxed e-con e-parent\" data-id=\"f12b18b\" data-element_type=\"container\" data-e-type=\"container\" data-settings=\"{&quot;background_background&quot;:&quot;classic&quot;}\">\n\t\t\t\t\t<div class=\"e-con-inner\">\n\t\t\t\t<div class=\"elementor-element elementor-element-0670816 animated-fast elementor-invisible elementor-widget elementor-widget-heading\" data-id=\"0670816\" data-element_type=\"widget\" data-e-type=\"widget\" data-settings=\"{&quot;_animation&quot;:&quot;fadeInLeft&quot;,&quot;_animation_delay&quot;:200}\" data-widget_type=\"heading.default\">\n\t\t\t\t<div class=\"elementor-widget-container\">\n\t\t\t\t\t<h2 class=\"elementor-heading-title elementor-size-default\">Conrad C32 in Aktion<\/h2>\t\t\t\t<\/div>\n\t\t\t\t<\/div>\n\t\t\t\t<div class=\"elementor-element elementor-element-9a2e36f elementor-widget elementor-widget-video\" data-id=\"9a2e36f\" data-element_type=\"widget\" data-e-type=\"widget\" data-settings=\"{&quot;youtube_url&quot;:&quot;https:\\\/\\\/youtu.be\\\/HD0LgSxgabc&quot;,&quot;loop&quot;:&quot;yes&quot;,&quot;video_type&quot;:&quot;youtube&quot;,&quot;controls&quot;:&quot;yes&quot;}\" data-widget_type=\"video.default\">\n\t\t\t\t<div class=\"elementor-widget-container\">\n\t\t\t\t\t\t\t<div class=\"elementor-wrapper elementor-open-inline\">\n\t\t\t<div class=\"elementor-video\"><\/div>\t\t<\/div>\n\t\t\t\t\t\t<\/div>\n\t\t\t\t<\/div>\n\t\t\t\t\t<\/div>\n\t\t\t\t<\/div>\n\t\t<div class=\"elementor-element elementor-element-6a1496d e-flex e-con-boxed e-con e-parent\" data-id=\"6a1496d\" data-element_type=\"container\" data-e-type=\"container\">\n\t\t\t\t\t<div class=\"e-con-inner\">\n\t\t\t\t<div class=\"elementor-element elementor-element-2d3a8bd elementor-widget elementor-widget-heading\" data-id=\"2d3a8bd\" data-element_type=\"widget\" data-e-type=\"widget\" data-widget_type=\"heading.default\">\n\t\t\t\t<div class=\"elementor-widget-container\">\n\t\t\t\t\t<h3 class=\"elementor-heading-title elementor-size-default\">Automatisierungen und Optionen<\/h3>\t\t\t\t<\/div>\n\t\t\t\t<\/div>\n\t\t<div class=\"elementor-element elementor-element-02ef626 e-grid e-con-full e-con e-child\" data-id=\"02ef626\" data-element_type=\"container\" data-e-type=\"container\">\n\t\t<div class=\"elementor-element elementor-element-082e5b3 e-flex e-con-boxed e-con e-child\" data-id=\"082e5b3\" data-element_type=\"container\" data-e-type=\"container\" data-settings=\"{&quot;background_background&quot;:&quot;classic&quot;}\">\n\t\t\t\t\t<div class=\"e-con-inner\">\n\t\t\t\t<div class=\"elementor-element elementor-element-f148532 elementor-widget elementor-widget-heading\" data-id=\"f148532\" data-element_type=\"widget\" data-e-type=\"widget\" data-widget_type=\"heading.default\">\n\t\t\t\t<div class=\"elementor-widget-container\">\n\t\t\t\t\t<h2 class=\"elementor-heading-title elementor-size-default\">Automatisierungen<\/h2>\t\t\t\t<\/div>\n\t\t\t\t<\/div>\n\t\t\t\t<div class=\"elementor-element elementor-element-7425363 elementor-widget elementor-widget-text-editor\" data-id=\"7425363\" data-element_type=\"widget\" data-e-type=\"widget\" data-widget_type=\"text-editor.default\">\n\t\t\t\t<div class=\"elementor-widget-container\">\n\t\t\t\t\t\t\t\t\t<ul><li><strong>Beheiztes Aluminium-Ritzel<\/strong> mit elektrischem Widerstand f\u00fcr den Betrieb bei Minusgraden.<\/li><li><b>Integriertes PLC-Panel mit Touchscreen-Panel<\/b><ul><li>Rotationskontrolle 0\u00b0 bis 340\u00b0;<\/li><li>Arbeitswinkel von -20\u00b0 bis + 45\u00b0;<\/li><li>w\u00e4hlbare aktive D\u00fcsen;<\/li><li>Gelenkarm mit Auf-\/Abbewegung;<\/li><li>W\u00f6chentliche Arbeitsplanung (3 t\u00e4gliche Start\/Stop-Zyklen)<\/li><\/ul><\/li><li><strong>Automatischer Wasserabfluss<\/strong> (ausschlie\u00dfbare Funktion)<\/li><li><strong>Art der Zerst\u00e4ubung<\/strong><ul><li>Hochdruck-Feinzerst\u00e4ubung (f\u00fcr Holzstaub oder \u00e4hnliches)<\/li><li>Dickeres Spray (perfekt f\u00fcr Abrissarbeiten)<\/li><\/ul><\/li><\/ul>\t\t\t\t\t\t\t\t<\/div>\n\t\t\t\t<\/div>\n\t\t\t\t\t<\/div>\n\t\t\t\t<\/div>\n\t\t<div class=\"elementor-element elementor-element-c2bc299 e-flex e-con-boxed e-con e-child\" data-id=\"c2bc299\" data-element_type=\"container\" data-e-type=\"container\" data-settings=\"{&quot;background_background&quot;:&quot;classic&quot;}\">\n\t\t\t\t\t<div class=\"e-con-inner\">\n\t\t\t\t<div class=\"elementor-element elementor-element-5330ecd elementor-widget elementor-widget-heading\" data-id=\"5330ecd\" data-element_type=\"widget\" data-e-type=\"widget\" data-widget_type=\"heading.default\">\n\t\t\t\t<div class=\"elementor-widget-container\">\n\t\t\t\t\t<h2 class=\"elementor-heading-title elementor-size-default\">Conrad Kanonen und Wasser<\/h2>\t\t\t\t<\/div>\n\t\t\t\t<\/div>\n\t\t\t\t<div class=\"elementor-element elementor-element-5e7c139 elementor-widget elementor-widget-text-editor\" data-id=\"5e7c139\" data-element_type=\"widget\" data-e-type=\"widget\" data-widget_type=\"text-editor.default\">\n\t\t\t\t<div class=\"elementor-widget-container\">\n\t\t\t\t\t\t\t\t\t<ul><li><p id=\"tw-target-text\" dir=\"ltr\" data-placeholder=\"Traduzione\">Das CONRAD-Filtersystem f\u00fcr den Wasserzulauf ist das beste auf dem Markt und verwendet ein\u00a0<strong class=\"rich-node rich-node1\" data-toggle=\"tooltip\" data-placement=\"top\" data-original-title=\"Mark up: strong\"><span class=\"rich-node rich-node2\" data-toggle=\"tooltip\" data-placement=\"top\" data-original-title=\"Mark up: span\">Filterpatrone aus rostfreiem Stahl, L\u00e4nge 500 mm x 80 mm Durchmesser. Inspizierbarer dreifachmaschiger Filter aus Edelstahl.<\/span><\/strong><\/p><p dir=\"ltr\" data-placeholder=\"Traduzione\"><span lang=\"en\">So k\u00f6nnen Sie jede Art von Wasser zur Speisung der Kanone verwenden: Brauchwasser, Brunnen, VVF-Ring, Kl\u00e4ranlage, Aqu\u00e4dukt, Regensammlung...<\/span><\/p><p dir=\"ltr\" data-placeholder=\"Traduzione\"><span lang=\"en\">Alle CONRAD-Kanonen sind mit einer vertikalen und selbstansaugenden Pumpe f\u00fcr die Schwerkraftzufuhr ausgestattet, so dass kein Wasserdruck erforderlich ist.<\/span><\/p><\/li><\/ul>\t\t\t\t\t\t\t\t<\/div>\n\t\t\t\t<\/div>\n\t\t\t\t\t<\/div>\n\t\t\t\t<\/div>\n\t\t<div class=\"elementor-element elementor-element-79d86ce e-flex e-con-boxed e-con e-child\" data-id=\"79d86ce\" data-element_type=\"container\" data-e-type=\"container\" data-settings=\"{&quot;background_background&quot;:&quot;classic&quot;}\">\n\t\t\t\t\t<div class=\"e-con-inner\">\n\t\t\t\t<div class=\"elementor-element elementor-element-6d96c49 elementor-widget elementor-widget-heading\" data-id=\"6d96c49\" data-element_type=\"widget\" data-e-type=\"widget\" data-widget_type=\"heading.default\">\n\t\t\t\t<div class=\"elementor-widget-container\">\n\t\t\t\t\t<h2 class=\"elementor-heading-title elementor-size-default\">Optional<\/h2>\t\t\t\t<\/div>\n\t\t\t\t<\/div>\n\t\t\t\t<div class=\"elementor-element elementor-element-c9fc17b elementor-widget elementor-widget-text-editor\" data-id=\"c9fc17b\" data-element_type=\"widget\" data-e-type=\"widget\" data-widget_type=\"text-editor.default\">\n\t\t\t\t<div class=\"elementor-widget-container\">\n\t\t\t\t\t\t\t\t\t<ul><li><strong>Geruchsunterdr\u00fcckung<\/strong>: elektrische Dosierpumpe zum Mischen der Geruchsbek\u00e4mpfungs-Chemikalie (Chemikalie nicht enthalten)<\/li><li><strong>ON-OFF-Funkfernbedienung<\/strong> mit 12 Funktionstasten, Batterieladeger\u00e4t. Reichweite 100 m.<\/li><li>Integriertes Anemometer mit PLC.<\/li><li><strong>Ma\u00dfgeschneiderte Turbinenfarbe.<\/strong><\/li><li><strong>Atex-Komponenten auf Anfrage je nach gew\u00fcnschtem Niveau.<\/strong><\/li><\/ul>\t\t\t\t\t\t\t\t<\/div>\n\t\t\t\t<\/div>\n\t\t\t\t\t<\/div>\n\t\t\t\t<\/div>\n\t\t\t\t<\/div>\n\t\t\t\t\t<\/div>\n\t\t\t\t<\/div>\n\t\t<div class=\"elementor-element elementor-element-3c5ab8b e-flex e-con-boxed e-con e-parent\" data-id=\"3c5ab8b\" data-element_type=\"container\" data-e-type=\"container\" data-settings=\"{&quot;background_background&quot;:&quot;classic&quot;}\">\n\t\t\t\t\t<div class=\"e-con-inner\">\n\t\t\t\t<div class=\"elementor-element elementor-element-574d870 elementor-widget elementor-widget-heading\" data-id=\"574d870\" data-element_type=\"widget\" data-e-type=\"widget\" data-widget_type=\"heading.default\">\n\t\t\t\t<div class=\"elementor-widget-container\">\n\t\t\t\t\t<h2 class=\"elementor-heading-title elementor-size-default\">Setups<\/h2>\t\t\t\t<\/div>\n\t\t\t\t<\/div>\n\t\t<div class=\"elementor-element elementor-element-0341c05 e-grid e-con-full e-con e-child\" data-id=\"0341c05\" data-element_type=\"container\" data-e-type=\"container\">\n\t\t\t\t<div class=\"elementor-element elementor-element-a5898ae elementor-position-top elementor-widget elementor-widget-image-box\" data-id=\"a5898ae\" data-element_type=\"widget\" data-e-type=\"widget\" data-widget_type=\"image-box.default\">\n\t\t\t\t<div class=\"elementor-widget-container\">\n\t\t\t\t\t<div class=\"elementor-image-box-wrapper\"><figure class=\"elementor-image-box-img\"><img decoding=\"async\" width=\"600\" height=\"600\" src=\"https:\/\/cannoni-conrad.com\/wp-content\/uploads\/2020\/07\/C32-SU-carrelo-SCONTORNO.jpg\" class=\"attachment-full size-full wp-image-90209\" alt=\"\" srcset=\"https:\/\/cannoni-conrad.com\/wp-content\/uploads\/2020\/07\/C32-SU-carrelo-SCONTORNO.jpg 600w, https:\/\/cannoni-conrad.com\/wp-content\/uploads\/2020\/07\/C32-SU-carrelo-SCONTORNO-500x500.jpg 500w, https:\/\/cannoni-conrad.com\/wp-content\/uploads\/2020\/07\/C32-SU-carrelo-SCONTORNO-100x100.jpg 100w, https:\/\/cannoni-conrad.com\/wp-content\/uploads\/2020\/07\/C32-SU-carrelo-SCONTORNO-12x12.jpg 12w\" sizes=\"(max-width: 600px) 100vw, 600px\" \/><\/figure><div class=\"elementor-image-box-content\"><h3 class=\"elementor-image-box-title\">Aufstellen auf einem dreir\u00e4drigen Wagen<\/h3><p class=\"elementor-image-box-description\">Die mobile CONRAD C32 Zerst\u00e4uberkanone, die auf einem TROLLEY montiert ist, erm\u00f6glicht die Staubbek\u00e4mpfung auf tempor\u00e4ren Baustellen oder an Orten, an denen die Staubentstehung im Laufe der Zeit variieren kann.<br>\n<br>\nDie Conrad C32 Kanone hat eine Reichweite von 30 Metern und ist mit dem Trolley-Setup das ideale Produkt, um es f\u00fcr mittlere bis lange Zeitr\u00e4ume zu mieten.<br>\n<br>\n- Abmessungen: 192 x 210 x 273 cm<br>\n- Gewicht: kg. 400<br><\/p><\/div><\/div>\t\t\t\t<\/div>\n\t\t\t\t<\/div>\n\t\t\t\t<div class=\"elementor-element elementor-element-d20be1b elementor-position-top elementor-widget elementor-widget-image-box\" data-id=\"d20be1b\" data-element_type=\"widget\" data-e-type=\"widget\" data-widget_type=\"image-box.default\">\n\t\t\t\t<div class=\"elementor-widget-container\">\n\t\t\t\t\t<div class=\"elementor-image-box-wrapper\"><figure class=\"elementor-image-box-img\"><img decoding=\"async\" width=\"600\" height=\"600\" src=\"https:\/\/cannoni-conrad.com\/wp-content\/uploads\/2020\/07\/c32-su-braccio-articolato-scontorno.jpg\" class=\"attachment-full size-full wp-image-90210\" alt=\"\" srcset=\"https:\/\/cannoni-conrad.com\/wp-content\/uploads\/2020\/07\/c32-su-braccio-articolato-scontorno.jpg 600w, https:\/\/cannoni-conrad.com\/wp-content\/uploads\/2020\/07\/c32-su-braccio-articolato-scontorno-500x500.jpg 500w, https:\/\/cannoni-conrad.com\/wp-content\/uploads\/2020\/07\/c32-su-braccio-articolato-scontorno-100x100.jpg 100w, https:\/\/cannoni-conrad.com\/wp-content\/uploads\/2020\/07\/c32-su-braccio-articolato-scontorno-12x12.jpg 12w\" sizes=\"(max-width: 600px) 100vw, 600px\" \/><\/figure><div class=\"elementor-image-box-content\"><h3 class=\"elementor-image-box-title\">Ausstattung am Gelenkarm<\/h3><p class=\"elementor-image-box-description\">Die CONRAD C32 Spr\u00fchpistole ist sicherlich das Flaggschiff unseres Sortiments, denn mit dem Pantographenarm kann das Spr\u00fchger\u00e4t pr\u00e4zise Punkte f\u00fcr eine effektive Staubbek\u00e4mpfung erreichen.\u00a0<br>\n<br>\nPerfekt f\u00fcr jede Situation, aber ganz sicher geeignet f\u00fcr: Deponien und Rekultivierung.<br>\n<br>\n- Abmessungen: 192 x 210 x 273 cm<br>\n- Gewicht: kg. 400<br><\/p><\/div><\/div>\t\t\t\t<\/div>\n\t\t\t\t<\/div>\n\t\t\t\t<div class=\"elementor-element elementor-element-f61a5ea elementor-position-top elementor-widget elementor-widget-image-box\" data-id=\"f61a5ea\" data-element_type=\"widget\" data-e-type=\"widget\" data-widget_type=\"image-box.default\">\n\t\t\t\t<div class=\"elementor-widget-container\">\n\t\t\t\t\t<div class=\"elementor-image-box-wrapper\"><figure class=\"elementor-image-box-img\"><img decoding=\"async\" width=\"600\" height=\"600\" src=\"https:\/\/cannoni-conrad.com\/wp-content\/uploads\/2020\/07\/c32-su-braccio-articolato-scontorno.jpg\" class=\"attachment-full size-full wp-image-90210\" alt=\"\" srcset=\"https:\/\/cannoni-conrad.com\/wp-content\/uploads\/2020\/07\/c32-su-braccio-articolato-scontorno.jpg 600w, https:\/\/cannoni-conrad.com\/wp-content\/uploads\/2020\/07\/c32-su-braccio-articolato-scontorno-500x500.jpg 500w, https:\/\/cannoni-conrad.com\/wp-content\/uploads\/2020\/07\/c32-su-braccio-articolato-scontorno-100x100.jpg 100w, https:\/\/cannoni-conrad.com\/wp-content\/uploads\/2020\/07\/c32-su-braccio-articolato-scontorno-12x12.jpg 12w\" sizes=\"(max-width: 600px) 100vw, 600px\" \/><\/figure><div class=\"elementor-image-box-content\"><h3 class=\"elementor-image-box-title\">Aufstellen an einem festen Mast<\/h3><p class=\"elementor-image-box-description\">Die CONRAD C32 Spr\u00fchkanone eignet sich f\u00fcr Baustellen und ortsfeste Arbeitspl\u00e4tze, wo die Staubentwicklung auf bestimmte Bereiche begrenzt ist, wie z.B. beim Be- und Entladen von Zuschlagstoffen.\n<br>\nDas auf einem Turm montierte Modell ist mit F\u00e4chern zum Heben mit einem Gabelstapler ausgestattet, so dass es leicht transportiert werden kann, wenn die Position der Pulverproduktion ge\u00e4ndert wird.\n<br>\nAbmessungen: 80 x 100 x 230\nGewicht: kg. 210<\/p><\/div><\/div>\t\t\t\t<\/div>\n\t\t\t\t<\/div>\n\t\t\t\t<\/div>\n\t\t\t\t\t<\/div>\n\t\t\t\t<\/div>\n\t\t<div class=\"elementor-element elementor-element-d4aa71e e-flex e-con-boxed e-con e-parent\" data-id=\"d4aa71e\" data-element_type=\"container\" data-e-type=\"container\">\n\t\t\t\t\t<div class=\"e-con-inner\">\n\t\t\t\t<div class=\"elementor-element elementor-element-a8fda06 elementor-widget elementor-widget-heading\" data-id=\"a8fda06\" data-element_type=\"widget\" data-e-type=\"widget\" data-widget_type=\"heading.default\">\n\t\t\t\t<div class=\"elementor-widget-container\">\n\t\t\t\t\t<h3 class=\"elementor-heading-title elementor-size-default\">Echte Anwendungen\n<\/h3>\t\t\t\t<\/div>\n\t\t\t\t<\/div>\n\t\t\t\t<div class=\"elementor-element elementor-element-311db21 elementor-posts--align-left elementor-grid-widescreen-4 elementor-grid-3 elementor-grid-tablet-2 elementor-grid-mobile-1 elementor-posts--thumbnail-top elementor-widget elementor-widget-posts\" data-id=\"311db21\" data-element_type=\"widget\" data-e-type=\"widget\" data-settings=\"{&quot;classic_row_gap&quot;:{&quot;unit&quot;:&quot;px&quot;,&quot;size&quot;:20,&quot;sizes&quot;:[]},&quot;classic_columns_widescreen&quot;:&quot;4&quot;,&quot;classic_columns&quot;:&quot;3&quot;,&quot;classic_columns_tablet&quot;:&quot;2&quot;,&quot;classic_columns_mobile&quot;:&quot;1&quot;,&quot;classic_row_gap_widescreen&quot;:{&quot;unit&quot;:&quot;px&quot;,&quot;size&quot;:&quot;&quot;,&quot;sizes&quot;:[]},&quot;classic_row_gap_tablet&quot;:{&quot;unit&quot;:&quot;px&quot;,&quot;size&quot;:&quot;&quot;,&quot;sizes&quot;:[]},&quot;classic_row_gap_mobile&quot;:{&quot;unit&quot;:&quot;px&quot;,&quot;size&quot;:&quot;&quot;,&quot;sizes&quot;:[]}}\" data-widget_type=\"posts.classic\">\n\t\t\t\t<div class=\"elementor-widget-container\">\n\t\t\t\t\t\t\t<div class=\"elementor-posts-container elementor-posts elementor-posts--skin-classic elementor-grid\" role=\"list\">\n\t\t\t\t<article class=\"elementor-post elementor-grid-item post-93505 post type-post status-publish format-standard has-post-thumbnail hentry category-conrad-c32 category-esperienza category-sistemi-indipendenti tag-sistema-di-abbattimento-su-camion-scarrabile tag-sistemi-autonomi-di-abbattimento-polveri tag-stazioni-abbattimento-polveri\" role=\"listitem\">\n\t\t\t\t<a class=\"elementor-post__thumbnail__link\" href=\"https:\/\/cannoni-conrad.com\/de\/stories\/demolire-controllando-le-polveri\/\" tabindex=\"-1\" >\n\t\t\t<div class=\"elementor-post__thumbnail\"><img decoding=\"async\" width=\"1600\" height=\"1200\" src=\"https:\/\/cannoni-conrad.com\/wp-content\/uploads\/2024\/04\/collaudo-Garc-876-03-24_3.jpg\" class=\"attachment-full size-full wp-image-93507\" alt=\"\" srcset=\"https:\/\/cannoni-conrad.com\/wp-content\/uploads\/2024\/04\/collaudo-Garc-876-03-24_3.jpg 1600w, https:\/\/cannoni-conrad.com\/wp-content\/uploads\/2024\/04\/collaudo-Garc-876-03-24_3-768x576.jpg 768w, https:\/\/cannoni-conrad.com\/wp-content\/uploads\/2024\/04\/collaudo-Garc-876-03-24_3-1536x1152.jpg 1536w, https:\/\/cannoni-conrad.com\/wp-content\/uploads\/2024\/04\/collaudo-Garc-876-03-24_3-16x12.jpg 16w, https:\/\/cannoni-conrad.com\/wp-content\/uploads\/2024\/04\/collaudo-Garc-876-03-24_3-800x600.jpg 800w\" sizes=\"(max-width: 1600px) 100vw, 1600px\" \/><\/div>\n\t\t<\/a>\n\t\t\t\t<div class=\"elementor-post__text\">\n\t\t\t\t<h2 class=\"elementor-post__title\">\n\t\t\t<a href=\"https:\/\/cannoni-conrad.com\/de\/stories\/demolire-controllando-le-polveri\/\" >\n\t\t\t\tAbbrucharbeiten durch Staubkontrolle\t\t\t<\/a>\n\t\t<\/h2>\n\t\t\t\t<\/div>\n\t\t\t\t<\/article>\n\t\t\t\t<article class=\"elementor-post elementor-grid-item post-88626 post type-post status-publish format-standard has-post-thumbnail hentry category-conrad-c32 category-esperienza category-experience category-sistemi-indipendenti\" role=\"listitem\">\n\t\t\t\t<a class=\"elementor-post__thumbnail__link\" href=\"https:\/\/cannoni-conrad.com\/de\/stories\/sistema-autonomi-di-abbattimento-polveri-scarrabile-impresa-bogoni-scavi\/\" tabindex=\"-1\" >\n\t\t\t<div class=\"elementor-post__thumbnail\"><img decoding=\"async\" width=\"600\" height=\"453\" src=\"https:\/\/cannoni-conrad.com\/wp-content\/uploads\/2022\/01\/scarrabile-bogoni.jpg\" class=\"attachment-full size-full wp-image-88627\" alt=\"\" srcset=\"https:\/\/cannoni-conrad.com\/wp-content\/uploads\/2022\/01\/scarrabile-bogoni.jpg 600w, https:\/\/cannoni-conrad.com\/wp-content\/uploads\/2022\/01\/scarrabile-bogoni-16x12.jpg 16w\" sizes=\"(max-width: 600px) 100vw, 600px\" \/><\/div>\n\t\t<\/a>\n\t\t\t\t<div class=\"elementor-post__text\">\n\t\t\t\t<h2 class=\"elementor-post__title\">\n\t\t\t<a href=\"https:\/\/cannoni-conrad.com\/de\/stories\/sistema-autonomi-di-abbattimento-polveri-scarrabile-impresa-bogoni-scavi\/\" >\n\t\t\t\tAutonomes Abroll-Staubbek\u00e4mpfungssystem: Impresa Bogoni Scavi\t\t\t<\/a>\n\t\t<\/h2>\n\t\t\t\t<\/div>\n\t\t\t\t<\/article>\n\t\t\t\t<article class=\"elementor-post elementor-grid-item post-87483 post type-post status-publish format-standard has-post-thumbnail hentry category-conrad-c32 category-esperienza category-sistemi-elettronici tag-cannone-nebulizzatore-conrad-c32-abbattimento-polveri-per-binotto-s-a-s\" role=\"listitem\">\n\t\t\t\t<a class=\"elementor-post__thumbnail__link\" href=\"https:\/\/cannoni-conrad.com\/de\/stories\/conrad-c32-abbatte-la-polvere-da-demolizione\/\" tabindex=\"-1\" >\n\t\t\t<div class=\"elementor-post__thumbnail\"><img decoding=\"async\" width=\"2000\" height=\"1331\" src=\"https:\/\/cannoni-conrad.com\/wp-content\/uploads\/2020\/11\/Cannoni-Conrad_01-Demolizione-Binotto__NLB4032_4k-scaled.jpg\" class=\"attachment-full size-full wp-image-85562\" alt=\"\" srcset=\"https:\/\/cannoni-conrad.com\/wp-content\/uploads\/2020\/11\/Cannoni-Conrad_01-Demolizione-Binotto__NLB4032_4k-scaled.jpg 2000w, https:\/\/cannoni-conrad.com\/wp-content\/uploads\/2020\/11\/Cannoni-Conrad_01-Demolizione-Binotto__NLB4032_4k-scaled-800x532.jpg 800w, https:\/\/cannoni-conrad.com\/wp-content\/uploads\/2020\/11\/Cannoni-Conrad_01-Demolizione-Binotto__NLB4032_4k-scaled-768x511.jpg 768w, https:\/\/cannoni-conrad.com\/wp-content\/uploads\/2020\/11\/Cannoni-Conrad_01-Demolizione-Binotto__NLB4032_4k-scaled-1536x1022.jpg 1536w, https:\/\/cannoni-conrad.com\/wp-content\/uploads\/2020\/11\/Cannoni-Conrad_01-Demolizione-Binotto__NLB4032_4k-scaled-18x12.jpg 18w\" sizes=\"(max-width: 2000px) 100vw, 2000px\" \/><\/div>\n\t\t<\/a>\n\t\t\t\t<div class=\"elementor-post__text\">\n\t\t\t\t<h2 class=\"elementor-post__title\">\n\t\t\t<a href=\"https:\/\/cannoni-conrad.com\/de\/stories\/conrad-c32-abbatte-la-polvere-da-demolizione\/\" >\n\t\t\t\tCONRAD C32 baut Abbruchstaub ab\t\t\t<\/a>\n\t\t<\/h2>\n\t\t\t\t<\/div>\n\t\t\t\t<\/article>\n\t\t\t\t<article class=\"elementor-post elementor-grid-item post-87106 post type-post status-publish format-standard has-post-thumbnail hentry category-conrad-c32 category-sistemi-elettronici\" role=\"listitem\">\n\t\t\t\t<a class=\"elementor-post__thumbnail__link\" href=\"https:\/\/cannoni-conrad.com\/de\/stories\/conrad-c32-abbatte-la-polvere-in-una-demolizione-a-villorba\/\" tabindex=\"-1\" >\n\t\t\t<div class=\"elementor-post__thumbnail\"><img decoding=\"async\" width=\"1600\" height=\"1200\" src=\"https:\/\/cannoni-conrad.com\/wp-content\/uploads\/2020\/12\/WhatsApp-Image-2020-12-14-at-13.59.44.jpeg\" class=\"attachment-full size-full wp-image-87024\" alt=\"\" srcset=\"https:\/\/cannoni-conrad.com\/wp-content\/uploads\/2020\/12\/WhatsApp-Image-2020-12-14-at-13.59.44.jpeg 1600w, https:\/\/cannoni-conrad.com\/wp-content\/uploads\/2020\/12\/WhatsApp-Image-2020-12-14-at-13.59.44-800x600.jpeg 800w, https:\/\/cannoni-conrad.com\/wp-content\/uploads\/2020\/12\/WhatsApp-Image-2020-12-14-at-13.59.44-768x576.jpeg 768w, https:\/\/cannoni-conrad.com\/wp-content\/uploads\/2020\/12\/WhatsApp-Image-2020-12-14-at-13.59.44-1536x1152.jpeg 1536w, https:\/\/cannoni-conrad.com\/wp-content\/uploads\/2020\/12\/WhatsApp-Image-2020-12-14-at-13.59.44-16x12.jpeg 16w\" sizes=\"(max-width: 1600px) 100vw, 1600px\" \/><\/div>\n\t\t<\/a>\n\t\t\t\t<div class=\"elementor-post__text\">\n\t\t\t\t<h2 class=\"elementor-post__title\">\n\t\t\t<a href=\"https:\/\/cannoni-conrad.com\/de\/stories\/conrad-c32-abbatte-la-polvere-in-una-demolizione-a-villorba\/\" >\n\t\t\t\tCONRAD C32 wirbelt Staub auf einer Abbruchbaustelle in Villorba auf\t\t\t<\/a>\n\t\t<\/h2>\n\t\t\t\t<\/div>\n\t\t\t\t<\/article>\n\t\t\t\t<\/div>\n\t\t\n\t\t\t\t\t\t<\/div>\n\t\t\t\t<\/div>\n\t\t\t\t\t<\/div>\n\t\t\t\t<\/div>\n\t\t<div class=\"elementor-element elementor-element-30e51ec e-flex e-con-boxed e-con e-parent\" data-id=\"30e51ec\" data-element_type=\"container\" data-e-type=\"container\">\n\t\t\t\t\t<div class=\"e-con-inner\">\n\t\t\t\t<div class=\"elementor-element elementor-element-02933dd elementor-widget elementor-widget-video\" data-id=\"02933dd\" data-element_type=\"widget\" data-e-type=\"widget\" data-settings=\"{&quot;youtube_url&quot;:&quot;https:\\\/\\\/youtu.be\\\/CZv5dnnKSRU&quot;,&quot;loop&quot;:&quot;yes&quot;,&quot;video_type&quot;:&quot;youtube&quot;,&quot;controls&quot;:&quot;yes&quot;}\" data-widget_type=\"video.default\">\n\t\t\t\t<div class=\"elementor-widget-container\">\n\t\t\t\t\t\t\t<div class=\"elementor-wrapper elementor-open-inline\">\n\t\t\t<div class=\"elementor-video\"><\/div>\t\t<\/div>\n\t\t\t\t\t\t<\/div>\n\t\t\t\t<\/div>\n\t\t\t\t\t<\/div>\n\t\t\t\t<\/div>\n\t\t\t\t<\/div>","protected":false},"excerpt":{"rendered":"<p>Der CONRAD C32 Vernebler ist sicherlich das beliebteste Produkt, weil er zwei wichtige Eigenschaften vereint: Vielseitigkeit und Leistung.<\/p>","protected":false},"featured_media":95822,"template":"","meta":{"_acf_changed":false},"product_brand":[],"product_cat":[1341,946],"product_tag":[1294],"class_list":{"0":"post-85521","1":"product","2":"type-product","3":"status-publish","4":"has-post-thumbnail","6":"product_cat-cannoni-nebulizzatori","7":"product_cat-gamma-automatica","8":"product_tag-cannone-nebulizzatore-30-metri","10":"first","11":"instock","12":"taxable","13":"shipping-taxable","14":"product-type-simple"},"acf":[],"_links":{"self":[{"href":"https:\/\/cannoni-conrad.com\/de\/wp-json\/wp\/v2\/product\/85521","targetHints":{"allow":["GET"]}}],"collection":[{"href":"https:\/\/cannoni-conrad.com\/de\/wp-json\/wp\/v2\/product"}],"about":[{"href":"https:\/\/cannoni-conrad.com\/de\/wp-json\/wp\/v2\/types\/product"}],"version-history":[{"count":0,"href":"https:\/\/cannoni-conrad.com\/de\/wp-json\/wp\/v2\/product\/85521\/revisions"}],"wp:featuredmedia":[{"embeddable":true,"href":"https:\/\/cannoni-conrad.com\/de\/wp-json\/wp\/v2\/media\/95822"}],"wp:attachment":[{"href":"https:\/\/cannoni-conrad.com\/de\/wp-json\/wp\/v2\/media?parent=85521"}],"wp:term":[{"taxonomy":"product_brand","embeddable":true,"href":"https:\/\/cannoni-conrad.com\/de\/wp-json\/wp\/v2\/product_brand?post=85521"},{"taxonomy":"product_cat","embeddable":true,"href":"https:\/\/cannoni-conrad.com\/de\/wp-json\/wp\/v2\/product_cat?post=85521"},{"taxonomy":"product_tag","embeddable":true,"href":"https:\/\/cannoni-conrad.com\/de\/wp-json\/wp\/v2\/product_tag?post=85521"}],"curies":[{"name":"wp","href":"https:\/\/api.w.org\/{rel}","templated":true}]}}