{"id":89173,"date":"2022-03-23T11:26:15","date_gmt":"2022-03-23T10:26:15","guid":{"rendered":"http:\/\/cannoni-conrad.com\/?page_id=89173"},"modified":"2025-05-09T17:47:24","modified_gmt":"2025-05-09T15:47:24","slug":"industrie-4-0-und-systeme-vernebler","status":"publish","type":"page","link":"https:\/\/cannoni-conrad.com\/de\/industria-4-0-e-impianti-nebulizzatori\/","title":{"rendered":"Industrie 4.0 und Spr\u00fchger\u00e4te"},"content":{"rendered":"<div data-elementor-type=\"wp-page\" data-elementor-id=\"89173\" class=\"elementor elementor-89173\" data-elementor-post-type=\"page\">\n\t\t\t\t<div class=\"elementor-element elementor-element-6e39380 e-flex e-con-boxed e-con e-parent\" data-id=\"6e39380\" data-element_type=\"container\" data-e-type=\"container\" data-settings=\"{&quot;background_background&quot;:&quot;classic&quot;}\">\n\t\t\t\t\t<div class=\"e-con-inner\">\n\t\t\t\t<div class=\"elementor-element elementor-element-a34378e elementor-widget elementor-widget-heading\" data-id=\"a34378e\" data-element_type=\"widget\" data-e-type=\"widget\" data-widget_type=\"heading.default\">\n\t\t\t\t<div class=\"elementor-widget-container\">\n\t\t\t\t\t<h1 class=\"elementor-heading-title elementor-size-default\">Industrie 4.0<\/h1>\t\t\t\t<\/div>\n\t\t\t\t<\/div>\n\t\t\t\t<div class=\"elementor-element elementor-element-3f32198 elementor-widget__width-initial elementor-widget elementor-widget-text-editor\" data-id=\"3f32198\" data-element_type=\"widget\" data-e-type=\"widget\" data-widget_type=\"text-editor.default\">\n\t\t\t\t<div class=\"elementor-widget-container\">\n\t\t\t\t\t\t\t\t\t<p><span style=\"font-weight: 400;\">F\u00fcr Sachanlagen 4.0 (Verm\u00f6genswerte, die in Anhang A zum Haushaltsgesetz 2021 enthalten sind), f\u00fcr neue Investitionen ab dem 1. Januar 2022, <\/span><b>die Steuergutschrift entspricht 40% .<\/b><\/p>\t\t\t\t\t\t\t\t<\/div>\n\t\t\t\t<\/div>\n\t\t\t\t<div class=\"elementor-element elementor-element-93c5483 elementor-align-left elementor-tablet-align-center elementor-widget elementor-widget-global elementor-global-91817 elementor-widget-button\" data-id=\"93c5483\" data-element_type=\"widget\" data-e-type=\"widget\" data-widget_type=\"button.default\">\n\t\t\t\t<div class=\"elementor-widget-container\">\n\t\t\t\t\t\t\t\t\t<div class=\"elementor-button-wrapper\">\n\t\t\t\t\t<a class=\"elementor-button elementor-button-link elementor-size-md\" href=\"#elementor-action%3Aaction%3Dpopup%3Aopen%26settings%3DeyJpZCI6Ijg1MjY2IiwidG9nZ2xlIjpmYWxzZX0%3D\" target=\"_blank\">\n\t\t\t\t\t\t<span class=\"elementor-button-content-wrapper\">\n\t\t\t\t\t\t\t\t\t<span class=\"elementor-button-text\">Angebot anfordern<\/span>\n\t\t\t\t\t<\/span>\n\t\t\t\t\t<\/a>\n\t\t\t\t<\/div>\n\t\t\t\t\t\t\t\t<\/div>\n\t\t\t\t<\/div>\n\t\t\t\t\t<\/div>\n\t\t\t\t<\/div>\n\t\t<div class=\"elementor-element elementor-element-d96e5f7 e-flex e-con-boxed e-con e-parent\" data-id=\"d96e5f7\" data-element_type=\"container\" data-e-type=\"container\">\n\t\t\t\t\t<div class=\"e-con-inner\">\n\t\t<div class=\"elementor-element elementor-element-ada7a85 e-flex e-con-boxed e-con e-child\" data-id=\"ada7a85\" data-element_type=\"container\" data-e-type=\"container\" data-settings=\"{&quot;background_background&quot;:&quot;classic&quot;}\">\n\t\t\t\t\t<div class=\"e-con-inner\">\n\t\t\t\t\t<\/div>\n\t\t\t\t<\/div>\n\t\t<div class=\"elementor-element elementor-element-0757c32 e-flex e-con-boxed e-con e-child\" data-id=\"0757c32\" data-element_type=\"container\" data-e-type=\"container\">\n\t\t\t\t\t<div class=\"e-con-inner\">\n\t\t\t\t<div class=\"elementor-element elementor-element-8ac7160 elementor-widget elementor-widget-heading\" data-id=\"8ac7160\" data-element_type=\"widget\" data-e-type=\"widget\" data-widget_type=\"heading.default\">\n\t\t\t\t<div class=\"elementor-widget-container\">\n\t\t\t\t\t<h3 class=\"elementor-heading-title elementor-size-default\">Industrie 4.0-Systeme auf einer Staubbek\u00e4mpfungsanlage?<\/h3>\t\t\t\t<\/div>\n\t\t\t\t<\/div>\n\t\t\t\t<div class=\"elementor-element elementor-element-6602bbd elementor-widget elementor-widget-text-editor\" data-id=\"6602bbd\" data-element_type=\"widget\" data-e-type=\"widget\" data-widget_type=\"text-editor.default\">\n\t\t\t\t<div class=\"elementor-widget-container\">\n\t\t\t\t\t\t\t\t\t<p>Die Antwort lautet: Ja, Cannoni-Conrad hat das richtige System entwickelt und es nach den Kriterien der Norm Industrie 4.0 zertifiziert.<\/p><p>Die Spr\u00fchkanonen der Marke Cannoni-Conrad k\u00f6nnen daher mit einem Industrie 4.0-System ausgestattet werden, das an die SPS der Maschine angeschlossen wird und es ihnen erm\u00f6glicht, die im Haushaltsgesetz 2021 vorgesehenen Steuervorteile zu nutzen.<\/p><p><span style=\"font-weight: 400;\">Das CANNONI-CONRAD-Verbindungssystem ist au\u00dferdem mit einem Display ausgestattet, um die Schnittstelle zwischen Mensch und Maschine zu erleichtern, und hat die strengsten Tests bestanden.<\/span><\/p>\t\t\t\t\t\t\t\t<\/div>\n\t\t\t\t<\/div>\n\t\t\t\t\t<\/div>\n\t\t\t\t<\/div>\n\t\t\t\t\t<\/div>\n\t\t\t\t<\/div>\n\t\t<div class=\"elementor-element elementor-element-56f1f58 e-flex e-con-boxed e-con e-parent\" data-id=\"56f1f58\" data-element_type=\"container\" data-e-type=\"container\" data-settings=\"{&quot;background_background&quot;:&quot;classic&quot;}\">\n\t\t\t\t\t<div class=\"e-con-inner\">\n\t\t\t\t<div class=\"elementor-element elementor-element-32b3d40 elementor-widget elementor-widget-heading\" data-id=\"32b3d40\" data-element_type=\"widget\" data-e-type=\"widget\" data-widget_type=\"heading.default\">\n\t\t\t\t<div class=\"elementor-widget-container\">\n\t\t\t\t\t<h2 class=\"elementor-heading-title elementor-size-default\">Das zertifizierte CANNONI-CONRAD-System:<\/h2>\t\t\t\t<\/div>\n\t\t\t\t<\/div>\n\t\t\t\t\t<\/div>\n\t\t\t\t<\/div>\n\t\t<div class=\"elementor-element elementor-element-529df2f e-flex e-con-boxed e-con e-parent\" data-id=\"529df2f\" data-element_type=\"container\" data-e-type=\"container\" data-settings=\"{&quot;background_background&quot;:&quot;classic&quot;}\">\n\t\t\t\t\t<div class=\"e-con-inner\">\n\t\t<div class=\"elementor-element elementor-element-7b54f4f e-flex e-con-boxed e-con e-child\" data-id=\"7b54f4f\" data-element_type=\"container\" data-e-type=\"container\">\n\t\t\t\t\t<div class=\"e-con-inner\">\n\t\t\t\t<div class=\"elementor-element elementor-element-c015613 elementor-widget elementor-widget-image\" data-id=\"c015613\" data-element_type=\"widget\" data-e-type=\"widget\" data-widget_type=\"image.default\">\n\t\t\t\t<div class=\"elementor-widget-container\">\n\t\t\t\t\t\t\t\t\t\t\t\t\t\t\t<img decoding=\"async\" width=\"411\" height=\"298\" src=\"https:\/\/cannoni-conrad.com\/wp-content\/uploads\/2022\/03\/MONITOR-DISPLAY-4.0-CANNONI-CONRAD.jpg\" class=\"attachment-large size-large wp-image-89210\" alt=\"\" srcset=\"https:\/\/cannoni-conrad.com\/wp-content\/uploads\/2022\/03\/MONITOR-DISPLAY-4.0-CANNONI-CONRAD.jpg 411w, https:\/\/cannoni-conrad.com\/wp-content\/uploads\/2022\/03\/MONITOR-DISPLAY-4.0-CANNONI-CONRAD-18x12.jpg 18w\" sizes=\"(max-width: 411px) 100vw, 411px\" \/>\t\t\t\t\t\t\t\t\t\t\t\t\t\t\t<\/div>\n\t\t\t\t<\/div>\n\t\t\t\t<div class=\"elementor-element elementor-element-083445e elementor-widget elementor-widget-heading\" data-id=\"083445e\" data-element_type=\"widget\" data-e-type=\"widget\" data-widget_type=\"heading.default\">\n\t\t\t\t<div class=\"elementor-widget-container\">\n\t\t\t\t\t<h3 class=\"elementor-heading-title elementor-size-default\">Anzeige der Benutzer-\/Maschinenschnittstelle<\/h3>\t\t\t\t<\/div>\n\t\t\t\t<\/div>\n\t\t\t\t<div class=\"elementor-element elementor-element-4cea12f elementor-widget elementor-widget-text-editor\" data-id=\"4cea12f\" data-element_type=\"widget\" data-e-type=\"widget\" data-widget_type=\"text-editor.default\">\n\t\t\t\t<div class=\"elementor-widget-container\">\n\t\t\t\t\t\t\t\t\t<p>Das Telematikboxsystem Industrie 4.0 von CANNONI-CONRAD ist immer mit dem Display integriert und ist das wesentliche Zubeh\u00f6r, das die Telematikbox verbindet und die Mensch-Maschine-Schnittstelle an der Kanone implementiert:<\/p><ul><li aria-level=\"1\" aria-checked=\"false\">Dispatching und Browsing von auszuf\u00fchrenden Auftr\u00e4gen (Jobs) synchronisiert mit der Cloud in Echtzeit<\/li><li aria-level=\"1\" aria-checked=\"false\">Nr. 3 Fernprogrammierbare Aktivatoren von Bordger\u00e4ten\/Zubeh\u00f6r<\/li><li aria-level=\"1\" aria-checked=\"false\">Anzeige f\u00fcr den Ladezustand des Hauptakkus<\/li><li aria-level=\"1\" aria-checked=\"false\">Startfreigabe-Indikator - zeigt dem Bediener die Startfreigabe an<\/li><li aria-level=\"1\" aria-checked=\"false\">Monitortyp: 4,3\u2033 TFT-Farbgrafik-LCD mit LED<\/li><li aria-level=\"1\" aria-checked=\"false\">Farben: 16.7 M<\/li><li aria-level=\"1\" aria-checked=\"false\">Ma\u00dfe: 14 x 10 x 5 cm<\/li><li aria-level=\"1\" aria-checked=\"false\">IP: 65<\/li><\/ul>\t\t\t\t\t\t\t\t<\/div>\n\t\t\t\t<\/div>\n\t\t\t\t\t<\/div>\n\t\t\t\t<\/div>\n\t\t<div class=\"elementor-element elementor-element-93f8cbb e-flex e-con-boxed e-con e-child\" data-id=\"93f8cbb\" data-element_type=\"container\" data-e-type=\"container\">\n\t\t\t\t\t<div class=\"e-con-inner\">\n\t\t\t\t<div class=\"elementor-element elementor-element-357a623 elementor-widget elementor-widget-image\" data-id=\"357a623\" data-element_type=\"widget\" data-e-type=\"widget\" data-widget_type=\"image.default\">\n\t\t\t\t<div class=\"elementor-widget-container\">\n\t\t\t\t\t\t\t\t\t\t\t\t\t\t\t<img decoding=\"async\" width=\"411\" height=\"298\" src=\"https:\/\/cannoni-conrad.com\/wp-content\/uploads\/2022\/03\/box-telematico-4.0-Conrad.jpg\" class=\"attachment-large size-large wp-image-89206\" alt=\"\" srcset=\"https:\/\/cannoni-conrad.com\/wp-content\/uploads\/2022\/03\/box-telematico-4.0-Conrad.jpg 411w, https:\/\/cannoni-conrad.com\/wp-content\/uploads\/2022\/03\/box-telematico-4.0-Conrad-18x12.jpg 18w\" sizes=\"(max-width: 411px) 100vw, 411px\" \/>\t\t\t\t\t\t\t\t\t\t\t\t\t\t\t<\/div>\n\t\t\t\t<\/div>\n\t\t\t\t<div class=\"elementor-element elementor-element-d7ead0e elementor-widget elementor-widget-heading\" data-id=\"d7ead0e\" data-element_type=\"widget\" data-e-type=\"widget\" data-widget_type=\"heading.default\">\n\t\t\t\t<div class=\"elementor-widget-container\">\n\t\t\t\t\t<h3 class=\"elementor-heading-title elementor-size-default\">Ortungsger\u00e4te<\/h3>\t\t\t\t<\/div>\n\t\t\t\t<\/div>\n\t\t\t\t<div class=\"elementor-element elementor-element-7a34ea7 elementor-widget elementor-widget-text-editor\" data-id=\"7a34ea7\" data-element_type=\"widget\" data-e-type=\"widget\" data-widget_type=\"text-editor.default\">\n\t\t\t\t<div class=\"elementor-widget-container\">\n\t\t\t\t\t\t\t\t\t<ul><li aria-level=\"1\" aria-checked=\"false\">Gew\u00e4hrleistet die Verbindung mit der Cloud\u00a0<\/li><li aria-level=\"1\" aria-checked=\"false\">Dank der integrierten SIM-Karte funktioniert es weltweit.<\/li><li aria-level=\"1\" aria-checked=\"false\">Identifiziert den Bediener und erm\u00f6glicht die Inbetriebnahme<\/li><li aria-level=\"1\" aria-checked=\"false\">Sperren Sie die Maschine im Bedarfsfall<\/li><li aria-level=\"1\" aria-checked=\"false\">\u00dcbertr\u00e4gt Arbeitsdaten in die Cloud<\/li><li aria-level=\"1\" aria-checked=\"false\">\u00dcbertr\u00e4gt Motordaten in die Cloud<\/li><li aria-level=\"1\" aria-checked=\"false\">Benachrichtigungen und Alarme an das Management senden<\/li><\/ul><p>\u00a0<\/p><p><span style=\"font-weight: 400;\">Enthalten im Industrie 4.0-Paket CANNONI-CONRAD :\u00a0<\/span><\/p><p><span style=\"font-weight: 400;\">Verwaltung von Mitteln und Ausr\u00fcstung \u00fcber Webportal und App f\u00fcr 5 Jahre<\/span><\/p>\t\t\t\t\t\t\t\t<\/div>\n\t\t\t\t<\/div>\n\t\t\t\t\t<\/div>\n\t\t\t\t<\/div>\n\t\t\t\t\t<\/div>\n\t\t\t\t<\/div>\n\t\t<div class=\"elementor-element elementor-element-5c9ca60 e-flex e-con-boxed e-con e-parent\" data-id=\"5c9ca60\" data-element_type=\"container\" data-e-type=\"container\">\n\t\t\t\t\t<div class=\"e-con-inner\">\n\t\t<div class=\"elementor-element elementor-element-077ef6d e-con-full e-flex e-con e-child\" data-id=\"077ef6d\" data-element_type=\"container\" data-e-type=\"container\">\n\t\t\t\t<div class=\"elementor-element elementor-element-437d070 elementor-widget elementor-widget-heading\" data-id=\"437d070\" data-element_type=\"widget\" data-e-type=\"widget\" data-widget_type=\"heading.default\">\n\t\t\t\t<div class=\"elementor-widget-container\">\n\t\t\t\t\t<h2 class=\"elementor-heading-title elementor-size-default\">INSTALLATION<\/h2>\t\t\t\t<\/div>\n\t\t\t\t<\/div>\n\t\t\t\t<div class=\"elementor-element elementor-element-74fb054 elementor-widget elementor-widget-text-editor\" data-id=\"74fb054\" data-element_type=\"widget\" data-e-type=\"widget\" data-widget_type=\"text-editor.default\">\n\t\t\t\t<div class=\"elementor-widget-container\">\n\t\t\t\t\t\t\t\t\t<p>Wir f\u00fchren die Installation des Industrie 4.0-Ger\u00e4ts auf der Maschinen-SPS in unserer Werkstatt durch.<\/p><p>Unsere erfahrenen Techniker wurden von der Einsatzzentrale geschult, die die Konnektivit\u00e4t f\u00fcr 5 Jahre ab dem Kaufdatum aktiviert.<\/p><p>Auf der SPS der Maschine <strong>Ger\u00e4t wird installiert<\/strong> Tracking und das angeschlossene Display, um eine m\u00f6glichst reibungslose und vereinfachte Mensch-Maschine-Schnittstelle zu gew\u00e4hrleisten.<\/p>\t\t\t\t\t\t\t\t<\/div>\n\t\t\t\t<\/div>\n\t\t\t\t<\/div>\n\t\t<div class=\"elementor-element elementor-element-c00267e e-con-full e-flex e-con e-child\" data-id=\"c00267e\" data-element_type=\"container\" data-e-type=\"container\" data-settings=\"{&quot;background_background&quot;:&quot;classic&quot;}\">\n\t\t\t\t<\/div>\n\t\t\t\t\t<\/div>\n\t\t\t\t<\/div>\n\t\t<div class=\"elementor-element elementor-element-f17d3a1 e-flex e-con-boxed e-con e-parent\" data-id=\"f17d3a1\" data-element_type=\"container\" data-e-type=\"container\" data-settings=\"{&quot;background_background&quot;:&quot;classic&quot;}\">\n\t\t\t\t\t<div class=\"e-con-inner\">\n\t\t<div class=\"elementor-element elementor-element-fcbfae5 e-con-full e-flex e-con e-child\" data-id=\"fcbfae5\" data-element_type=\"container\" data-e-type=\"container\" data-settings=\"{&quot;background_background&quot;:&quot;classic&quot;}\">\n\t\t\t\t<\/div>\n\t\t<div class=\"elementor-element elementor-element-7a779ce e-con-full e-flex e-con e-child\" data-id=\"7a779ce\" data-element_type=\"container\" data-e-type=\"container\">\n\t\t\t\t<div class=\"elementor-element elementor-element-9ae887b elementor-widget elementor-widget-heading\" data-id=\"9ae887b\" data-element_type=\"widget\" data-e-type=\"widget\" data-widget_type=\"heading.default\">\n\t\t\t\t<div class=\"elementor-widget-container\">\n\t\t\t\t\t<h2 class=\"elementor-heading-title elementor-size-default\">AKTIVIERUNG<\/h2>\t\t\t\t<\/div>\n\t\t\t\t<\/div>\n\t\t\t\t<div class=\"elementor-element elementor-element-61ae2a7 elementor-widget elementor-widget-text-editor\" data-id=\"61ae2a7\" data-element_type=\"widget\" data-e-type=\"widget\" data-widget_type=\"text-editor.default\">\n\t\t\t\t<div class=\"elementor-widget-container\">\n\t\t\t\t\t\t\t\t\t<p>Vom B\u00fcro aus wird die Maschine <strong>steuerbar<\/strong> warum <strong>vernetzt<\/strong>.<\/p><p>Das Portal, auf das der Kunde Zugriff hat, steuert seine Position, Arbeitsdaten und Operationen.<\/p>\t\t\t\t\t\t\t\t<\/div>\n\t\t\t\t<\/div>\n\t\t\t\t<div class=\"elementor-element elementor-element-1523d53 elementor-align-left elementor-widget elementor-widget-button\" data-id=\"1523d53\" data-element_type=\"widget\" data-e-type=\"widget\" data-widget_type=\"button.default\">\n\t\t\t\t<div class=\"elementor-widget-container\">\n\t\t\t\t\t\t\t\t\t<div class=\"elementor-button-wrapper\">\n\t\t\t\t\t<a class=\"elementor-button elementor-button-link elementor-size-md\" href=\"#elementor-action%3Aaction%3Dpopup%3Aopen%26settings%3DeyJpZCI6Ijg4NzY0IiwidG9nZ2xlIjpmYWxzZX0%3D\">\n\t\t\t\t\t\t<span class=\"elementor-button-content-wrapper\">\n\t\t\t\t\t\t\t\t\t<span class=\"elementor-button-text\">Kontaktieren Sie uns<\/span>\n\t\t\t\t\t<\/span>\n\t\t\t\t\t<\/a>\n\t\t\t\t<\/div>\n\t\t\t\t\t\t\t\t<\/div>\n\t\t\t\t<\/div>\n\t\t\t\t<\/div>\n\t\t\t\t\t<\/div>\n\t\t\t\t<\/div>\n\t\t<div class=\"elementor-element elementor-element-29f4cff e-flex e-con-boxed e-con e-parent\" data-id=\"29f4cff\" data-element_type=\"container\" data-e-type=\"container\">\n\t\t\t\t\t<div class=\"e-con-inner\">\n\t\t<div class=\"elementor-element elementor-element-7d2770d e-con-full e-flex e-con e-child\" data-id=\"7d2770d\" data-element_type=\"container\" data-e-type=\"container\">\n\t\t\t\t<div class=\"elementor-element elementor-element-06e7be8 elementor-widget elementor-widget-heading\" data-id=\"06e7be8\" data-element_type=\"widget\" data-e-type=\"widget\" data-widget_type=\"heading.default\">\n\t\t\t\t<div class=\"elementor-widget-container\">\n\t\t\t\t\t<h2 class=\"elementor-heading-title elementor-size-default\">TESTEN <\/h2>\t\t\t\t<\/div>\n\t\t\t\t<\/div>\n\t\t\t\t<div class=\"elementor-element elementor-element-3459b09 elementor-widget elementor-widget-text-editor\" data-id=\"3459b09\" data-element_type=\"widget\" data-e-type=\"widget\" data-widget_type=\"text-editor.default\">\n\t\t\t\t<div class=\"elementor-widget-container\">\n\t\t\t\t\t\t\t\t\t<p>W\u00e4hrend der Inspektion stellen wir sicher, dass die Maschine ordnungsgem\u00e4\u00df funktioniert. Unsere Techniker f\u00fchren durch<strong> Tests<\/strong> in verschiedenen Arbeitssituationen, um zu pr\u00fcfen, ob alle Funktionen aktiv und voll funktionsf\u00e4hig sind.<\/p><p>Wir \u00fcberlassen nichts dem Zufall!<\/p>\t\t\t\t\t\t\t\t<\/div>\n\t\t\t\t<\/div>\n\t\t\t\t<div class=\"elementor-element elementor-element-7cd1d69 elementor-align-left elementor-widget elementor-widget-button\" data-id=\"7cd1d69\" data-element_type=\"widget\" data-e-type=\"widget\" data-widget_type=\"button.default\">\n\t\t\t\t<div class=\"elementor-widget-container\">\n\t\t\t\t\t\t\t\t\t<div class=\"elementor-button-wrapper\">\n\t\t\t\t\t<a class=\"elementor-button elementor-button-link elementor-size-md\" href=\"#elementor-action%3Aaction%3Dpopup%3Aopen%26settings%3DeyJpZCI6Ijg4NzY0IiwidG9nZ2xlIjpmYWxzZX0%3D\">\n\t\t\t\t\t\t<span class=\"elementor-button-content-wrapper\">\n\t\t\t\t\t\t\t\t\t<span class=\"elementor-button-text\">Kontaktieren Sie uns<\/span>\n\t\t\t\t\t<\/span>\n\t\t\t\t\t<\/a>\n\t\t\t\t<\/div>\n\t\t\t\t\t\t\t\t<\/div>\n\t\t\t\t<\/div>\n\t\t\t\t<\/div>\n\t\t<div class=\"elementor-element elementor-element-3c66ca9 e-con-full e-flex e-con e-child\" data-id=\"3c66ca9\" data-element_type=\"container\" data-e-type=\"container\" data-settings=\"{&quot;background_background&quot;:&quot;classic&quot;}\">\n\t\t\t\t<\/div>\n\t\t\t\t\t<\/div>\n\t\t\t\t<\/div>\n\t\t<div class=\"elementor-element elementor-element-e6c3faa e-flex e-con-boxed e-con e-parent\" data-id=\"e6c3faa\" data-element_type=\"container\" data-e-type=\"container\">\n\t\t\t\t\t<div class=\"e-con-inner\">\n\t\t<div class=\"elementor-element elementor-element-1d123a8 e-con-full e-flex e-con e-child\" data-id=\"1d123a8\" data-element_type=\"container\" data-e-type=\"container\" data-settings=\"{&quot;background_background&quot;:&quot;classic&quot;}\">\n\t\t\t\t<\/div>\n\t\t<div class=\"elementor-element elementor-element-a082a6b e-con-full e-flex e-con e-child\" data-id=\"a082a6b\" data-element_type=\"container\" data-e-type=\"container\">\n\t\t\t\t<div class=\"elementor-element elementor-element-a533ac3 elementor-widget elementor-widget-heading\" data-id=\"a533ac3\" data-element_type=\"widget\" data-e-type=\"widget\" data-widget_type=\"heading.default\">\n\t\t\t\t<div class=\"elementor-widget-container\">\n\t\t\t\t\t<h2 class=\"elementor-heading-title elementor-size-default\">AUSBILDUNG<\/h2>\t\t\t\t<\/div>\n\t\t\t\t<\/div>\n\t\t\t\t<div class=\"elementor-element elementor-element-f35415e elementor-widget elementor-widget-text-editor\" data-id=\"f35415e\" data-element_type=\"widget\" data-e-type=\"widget\" data-widget_type=\"text-editor.default\">\n\t\t\t\t<div class=\"elementor-widget-container\">\n\t\t\t\t\t\t\t\t\t<p>W\u00e4hrend der Lieferung f\u00fchren unsere Techniker folgende Arbeiten durch <strong>ein praktischer Lehrgang<\/strong>.<\/p><p>Auf diese Weise lernen die Bediener in nur wenigen Minuten, die Spritzpistole zu benutzen.<\/p>\t\t\t\t\t\t\t\t<\/div>\n\t\t\t\t<\/div>\n\t\t\t\t<\/div>\n\t\t\t\t\t<\/div>\n\t\t\t\t<\/div>\n\t\t\t\t<\/div>","protected":false},"excerpt":{"rendered":"<p>Industria 4.0 Per i beni materiali 4.0 (beni ricompresi nell&#8217;allegato A annesso alla legge di Bilancio 2021), per i nuovi investimenti effettuati dal 1\u00b0 gennaio 2022, il credito d\u2019imposta sar\u00e0 pari al 40% . Richiedi un preventivo Sistemi Industria 4.0 su un sistema di abbattimento polveri? La risposta \u00e8 s\u00ec, Cannoni-Conrad ha studiamo il sistema [&hellip;]<\/p>\n","protected":false},"author":1,"featured_media":0,"parent":0,"menu_order":0,"comment_status":"closed","ping_status":"closed","template":"","meta":{"_acf_changed":false,"footnotes":""},"class_list":["post-89173","page","type-page","status-publish","hentry"],"acf":[],"_links":{"self":[{"href":"https:\/\/cannoni-conrad.com\/de\/wp-json\/wp\/v2\/pages\/89173","targetHints":{"allow":["GET"]}}],"collection":[{"href":"https:\/\/cannoni-conrad.com\/de\/wp-json\/wp\/v2\/pages"}],"about":[{"href":"https:\/\/cannoni-conrad.com\/de\/wp-json\/wp\/v2\/types\/page"}],"author":[{"embeddable":true,"href":"https:\/\/cannoni-conrad.com\/de\/wp-json\/wp\/v2\/users\/1"}],"replies":[{"embeddable":true,"href":"https:\/\/cannoni-conrad.com\/de\/wp-json\/wp\/v2\/comments?post=89173"}],"version-history":[{"count":0,"href":"https:\/\/cannoni-conrad.com\/de\/wp-json\/wp\/v2\/pages\/89173\/revisions"}],"wp:attachment":[{"href":"https:\/\/cannoni-conrad.com\/de\/wp-json\/wp\/v2\/media?parent=89173"}],"curies":[{"name":"wp","href":"https:\/\/api.w.org\/{rel}","templated":true}]}}