{"id":88739,"date":"2022-02-26T17:49:32","date_gmt":"2022-02-26T16:49:32","guid":{"rendered":"http:\/\/cannoni-conrad.com\/?page_id=88739"},"modified":"2025-07-23T08:45:55","modified_gmt":"2025-07-23T06:45:55","slug":"zubehor-fur-kanonenvernebler","status":"publish","type":"page","link":"https:\/\/cannoni-conrad.com\/de\/accessori-per-cannoni-nebulizzatori\/","title":{"rendered":"Zubeh\u00f6r f\u00fcr Spritzpistolen"},"content":{"rendered":"<div data-elementor-type=\"wp-page\" data-elementor-id=\"88739\" class=\"elementor elementor-88739\" data-elementor-post-type=\"page\">\n\t\t\t\t<div class=\"elementor-element elementor-element-02e54fc e-flex e-con-boxed e-con e-parent\" data-id=\"02e54fc\" data-element_type=\"container\" data-e-type=\"container\" data-settings=\"{&quot;background_background&quot;:&quot;classic&quot;}\">\n\t\t\t\t\t<div class=\"e-con-inner\">\n\t\t\t\t\t<\/div>\n\t\t\t\t<\/div>\n\t\t<div class=\"elementor-element elementor-element-2133e66 e-grid e-con-boxed e-con e-parent\" data-id=\"2133e66\" data-element_type=\"container\" data-e-type=\"container\">\n\t\t\t\t\t<div class=\"e-con-inner\">\n\t\t<div class=\"elementor-element elementor-element-dc450ee e-flex e-con-boxed e-con e-child\" data-id=\"dc450ee\" data-element_type=\"container\" data-e-type=\"container\">\n\t\t\t\t\t<div class=\"e-con-inner\">\n\t\t\t\t<div class=\"elementor-element elementor-element-1626f45 elementor-widget elementor-widget-heading\" data-id=\"1626f45\" data-element_type=\"widget\" data-e-type=\"widget\" data-widget_type=\"heading.default\">\n\t\t\t\t<div class=\"elementor-widget-container\">\n\t\t\t\t\t<h2 class=\"elementor-heading-title elementor-size-default\">Hochdruckpumpe<\/h2>\t\t\t\t<\/div>\n\t\t\t\t<\/div>\n\t\t\t\t<div class=\"elementor-element elementor-element-ea11584 elementor-widget elementor-widget-text-editor\" data-id=\"ea11584\" data-element_type=\"widget\" data-e-type=\"widget\" data-widget_type=\"text-editor.default\">\n\t\t\t\t<div class=\"elementor-widget-container\">\n\t\t\t\t\t\t\t\t\t<p>Eine 50-bar-Hochdruckpumpe macht unsere Spritzpistole <strong>ideal f\u00fcr die Arbeit mit Materialien, die nicht \u00fcberm\u00e4\u00dfig nass sein d\u00fcrfen<\/strong> und erh\u00f6ht seine Leistung.<\/p><p><strong>Ideal f\u00fcr:<\/strong> Abfallrecycling, Kompostieranlagen, Schrottaufbereitung und Holzzerkleinerung.<\/p>\t\t\t\t\t\t\t\t<\/div>\n\t\t\t\t<\/div>\n\t\t\t\t\t<\/div>\n\t\t\t\t<\/div>\n\t\t<div class=\"elementor-element elementor-element-7322ff4 e-flex e-con-boxed e-con e-child\" data-id=\"7322ff4\" data-element_type=\"container\" data-e-type=\"container\">\n\t\t\t\t\t<div class=\"e-con-inner\">\n\t\t\t\t<div class=\"elementor-element elementor-element-c6345e4 elementor-widget elementor-widget-heading\" data-id=\"c6345e4\" data-element_type=\"widget\" data-e-type=\"widget\" data-widget_type=\"heading.default\">\n\t\t\t\t<div class=\"elementor-widget-container\">\n\t\t\t\t\t<h2 class=\"elementor-heading-title elementor-size-default\">Dosierpumpe zur Geruchsbek\u00e4mpfung<\/h2>\t\t\t\t<\/div>\n\t\t\t\t<\/div>\n\t\t\t\t<div class=\"elementor-element elementor-element-e703b2a elementor-widget elementor-widget-text-editor\" data-id=\"e703b2a\" data-element_type=\"widget\" data-e-type=\"widget\" data-widget_type=\"text-editor.default\">\n\t\t\t\t<div class=\"elementor-widget-container\">\n\t\t\t\t\t\t\t\t\t<p><br \/>Dank unserer Produktionsqualit\u00e4t k\u00f6nnen wir leistungsstarke Staub- und Geruchsbek\u00e4mpfungskanonen bauen, die langlebig und wartungsarm sind.<\/p>\t\t\t\t\t\t\t\t<\/div>\n\t\t\t\t<\/div>\n\t\t\t\t\t<\/div>\n\t\t\t\t<\/div>\n\t\t<div class=\"elementor-element elementor-element-098b379 e-flex e-con-boxed e-con e-child\" data-id=\"098b379\" data-element_type=\"container\" data-e-type=\"container\">\n\t\t\t\t\t<div class=\"e-con-inner\">\n\t\t\t\t<div class=\"elementor-element elementor-element-6ec9d28 elementor-widget elementor-widget-heading\" data-id=\"6ec9d28\" data-element_type=\"widget\" data-e-type=\"widget\" data-widget_type=\"heading.default\">\n\t\t\t\t<div class=\"elementor-widget-container\">\n\t\t\t\t\t<h2 class=\"elementor-heading-title elementor-size-default\">Funksteuerung<\/h2>\t\t\t\t<\/div>\n\t\t\t\t<\/div>\n\t\t\t\t<div class=\"elementor-element elementor-element-87c851c elementor-widget elementor-widget-text-editor\" data-id=\"87c851c\" data-element_type=\"widget\" data-e-type=\"widget\" data-widget_type=\"text-editor.default\">\n\t\t\t\t<div class=\"elementor-widget-container\">\n\t\t\t\t\t\t\t\t\t<p>Die automatisierten Modelle von Cannoni-Conrad k\u00f6nnen mit einer 12-Kanal-Funksteuerung f\u00fcr die Fernsteuerung der Spritzpistole geliefert werden.<\/p><p><strong>Wir haben eine der besten und zuverl\u00e4ssigsten Marken auf dem Markt<\/strong>: AUTEC Sicherheit.<\/p><p>Mit einer Reichweite von 100 Metern ist die Autec-Funksteuerung ein Zubeh\u00f6r, das die Steuerung und Bedienung von Spr\u00fchkanonen erleichtert. Dieses Zubeh\u00f6r kann auch nachtr\u00e4glich eingebaut werden, denn es ist sehr einfach zu installieren, da es bereits verkabelt geliefert wird, immer in unserem Lager verf\u00fcgbar ist und innerhalb von 24 Stunden versandt werden kann,<\/p><p>Dank der Fernbedienung k\u00f6nnen wir das:\u00a0<\/p><ul><li>Ein- und Ausschalten der Kanone<\/li><li>steuern die Neigung, die Drehung der Kanone sowie das Auf- und Absteigen des Gelenkarms.<\/li><li>Pr\u00fcfen Sie das \u00d6ffnen und Schlie\u00dfen der Ventile<\/li><li>Einstellungen speichern<\/li><\/ul><p>\u00a0<\/p><p><strong>Inklusive Batterieladeger\u00e4t.<\/strong><\/p>\t\t\t\t\t\t\t\t<\/div>\n\t\t\t\t<\/div>\n\t\t\t\t\t<\/div>\n\t\t\t\t<\/div>\n\t\t<div class=\"elementor-element elementor-element-0cdbf3a e-flex e-con-boxed e-con e-child\" data-id=\"0cdbf3a\" data-element_type=\"container\" data-e-type=\"container\">\n\t\t\t\t\t<div class=\"e-con-inner\">\n\t\t\t\t<div class=\"elementor-element elementor-element-12de92e elementor-widget elementor-widget-heading\" data-id=\"12de92e\" data-element_type=\"widget\" data-e-type=\"widget\" data-widget_type=\"heading.default\">\n\t\t\t\t<div class=\"elementor-widget-container\">\n\t\t\t\t\t<h2 class=\"elementor-heading-title elementor-size-default\">Industrie 4.0 Bausatz<\/h2>\t\t\t\t<\/div>\n\t\t\t\t<\/div>\n\t\t\t\t<div class=\"elementor-element elementor-element-c4cd3b5 elementor-widget elementor-widget-text-editor\" data-id=\"c4cd3b5\" data-element_type=\"widget\" data-e-type=\"widget\" data-widget_type=\"text-editor.default\">\n\t\t\t\t<div class=\"elementor-widget-container\">\n\t\t\t\t\t\t\t\t\t<p><strong>Wer spart nicht gerne Geld?<\/strong><\/p><p>Alle unsere Spr\u00fchkanonen sind mit PLC ausgestattet <strong>Anspruch auf Leistungen im Rahmen des Transition 4.0 Plans haben<\/strong>.<\/p><p>Cannoni-Conrad hat unser Industrie 4.0-Kit zertifiziert, das auf Staubunterdr\u00fcckungssysteme angewendet werden kann und unseren Kunden eine Steuergutschrift von 40% erm\u00f6glicht, <strong>also eine betr\u00e4chtliche endg\u00fcltige Einsparung<\/strong>.<\/p><p><strong>M\u00f6chten Sie mehr erfahren?<\/strong> Lesen Sie hier mehr.<\/p>\t\t\t\t\t\t\t\t<\/div>\n\t\t\t\t<\/div>\n\t\t\t\t\t<\/div>\n\t\t\t\t<\/div>\n\t\t\t\t\t<\/div>\n\t\t\t\t<\/div>\n\t\t\t\t<\/div>","protected":false},"excerpt":{"rendered":"<p>Pompa ad Alta Pressione Una pompa ad alta pressione da 50 bar che rende il nostro cannone nebulizzatore ideale per il lavoro con materiali che non devono essere eccessivamente bagnati e ne aumenta le performance. Ideale per: riciclaggio dei rifiuti, piazzali di produzione del Compost, trattamento rottami e triturazione del legno. Pompa Dosatrice abbatti odori [&hellip;]<\/p>\n","protected":false},"author":1,"featured_media":86783,"parent":0,"menu_order":0,"comment_status":"closed","ping_status":"closed","template":"","meta":{"_acf_changed":false,"footnotes":""},"class_list":["post-88739","page","type-page","status-publish","has-post-thumbnail","hentry"],"acf":[],"_links":{"self":[{"href":"https:\/\/cannoni-conrad.com\/de\/wp-json\/wp\/v2\/pages\/88739","targetHints":{"allow":["GET"]}}],"collection":[{"href":"https:\/\/cannoni-conrad.com\/de\/wp-json\/wp\/v2\/pages"}],"about":[{"href":"https:\/\/cannoni-conrad.com\/de\/wp-json\/wp\/v2\/types\/page"}],"author":[{"embeddable":true,"href":"https:\/\/cannoni-conrad.com\/de\/wp-json\/wp\/v2\/users\/1"}],"replies":[{"embeddable":true,"href":"https:\/\/cannoni-conrad.com\/de\/wp-json\/wp\/v2\/comments?post=88739"}],"version-history":[{"count":0,"href":"https:\/\/cannoni-conrad.com\/de\/wp-json\/wp\/v2\/pages\/88739\/revisions"}],"wp:featuredmedia":[{"embeddable":true,"href":"https:\/\/cannoni-conrad.com\/de\/wp-json\/wp\/v2\/media\/86783"}],"wp:attachment":[{"href":"https:\/\/cannoni-conrad.com\/de\/wp-json\/wp\/v2\/media?parent=88739"}],"curies":[{"name":"wp","href":"https:\/\/api.w.org\/{rel}","templated":true}]}}