{"id":88676,"date":"2022-02-14T13:55:34","date_gmt":"2022-02-14T12:55:34","guid":{"rendered":"http:\/\/cannoni-conrad.com\/?page_id=88676"},"modified":"2022-02-14T14:03:49","modified_gmt":"2022-02-14T13:03:49","slug":"cookie-richtlinie","status":"publish","type":"page","link":"https:\/\/cannoni-conrad.com\/de\/cookie-policy\/","title":{"rendered":"Cookie-Richtlinie"},"content":{"rendered":"<div data-elementor-type=\"wp-page\" data-elementor-id=\"88676\" class=\"elementor elementor-88676\" data-elementor-post-type=\"page\">\n\t\t\t\t\t\t<section class=\"elementor-section elementor-top-section elementor-element elementor-element-17306c6 elementor-section-boxed elementor-section-height-default elementor-section-height-default\" data-id=\"17306c6\" data-element_type=\"section\" data-e-type=\"section\">\n\t\t\t\t\t\t<div class=\"elementor-container elementor-column-gap-default\">\n\t\t\t\t\t<div class=\"elementor-column elementor-col-100 elementor-top-column elementor-element elementor-element-77cb3af\" data-id=\"77cb3af\" data-element_type=\"column\" data-e-type=\"column\">\n\t\t\t<div class=\"elementor-widget-wrap elementor-element-populated\">\n\t\t\t\t\t\t<div class=\"elementor-element elementor-element-21b6a35 elementor-widget elementor-widget-heading\" data-id=\"21b6a35\" data-element_type=\"widget\" data-e-type=\"widget\" data-widget_type=\"heading.default\">\n\t\t\t\t<div class=\"elementor-widget-container\">\n\t\t\t\t\t<h2 class=\"elementor-heading-title elementor-size-default\">Cookie-Richtlinie<\/h2>\t\t\t\t<\/div>\n\t\t\t\t<\/div>\n\t\t\t\t<div class=\"elementor-element elementor-element-7ed2f0f elementor-widget elementor-widget-text-editor\" data-id=\"7ed2f0f\" data-element_type=\"widget\" data-e-type=\"widget\" data-widget_type=\"text-editor.default\">\n\t\t\t\t<div class=\"elementor-widget-container\">\n\t\t\t\t\t\t\t\t\t<p><strong>WAS COOKIES SIND<\/strong><br \/>Cookies sind kurze Textdateien, die auf das Ger\u00e4t des Benutzers heruntergeladen werden, wenn dieser eine Website besucht. Bei jedem weiteren Besuch werden die<br \/>Cookies werden an die Website zur\u00fcckgeschickt, von der sie stammen (Erstanbieter-Cookies) oder an eine andere Website, die sie erkennt (Drittanbieter-Cookies). I<br \/>Cookies sind n\u00fctzlich, weil sie es einer Website erm\u00f6glichen, das Ger\u00e4t des Benutzers zu erkennen. Sie dienen verschiedenen Zwecken, wie zum Beispiel<br \/>z.B. erm\u00f6glichen es Ihnen, effizient zwischen Seiten zu navigieren, sich Ihre Lieblingsseiten zu merken und ganz allgemein die Erfahrung mit<br \/>Navigation.<br \/>Je nach Funktion und Verwendungszweck k\u00f6nnen Cookies in technische Cookies, Profilierungs-Cookies und Drittanbieter-Cookies unterteilt werden.<\/p><p><strong>TECHNISCHE COOKIES<\/strong><br \/>Der Zweck von technischen Cookies ist es, Funktionen zu erm\u00f6glichen, ohne die es nicht m\u00f6glich w\u00e4re, die Website in vollem Umfang zu nutzen.<br \/>Diese Cookies erm\u00f6glichen den Betrieb von mehrstufigen Verfahren (mehrere aufeinanderfolgende Seiten, wie z.B. eine Anfrage<br \/>der Kontaktaufnahme), um die Entscheidungen des Benutzers \u00fcber den anzuzeigenden Inhalt der Website und die zu aktivierenden oder deaktivierenden Funktionen zu verfolgen.<br \/>Ein Cookie dieser Art wird auch verwendet, um die Entscheidung des Nutzers zur Verwendung von Cookies auf unserer Website zu speichern.<br \/>Wesentliche Cookies k\u00f6nnen \u00fcber die Funktionen der Website nicht deaktiviert werden.<br \/>Zu den technischen Cookies geh\u00f6ren auch solche, die zur statistischen Analyse der Zugriffe oder Besuche auf der Website verwendet werden, auch genannt<br \/>Analysen\", die ausschlie\u00dflich statistischen Zwecken dienen und Informationen in zusammengefasster Form ohne die M\u00f6glichkeit der R\u00fcckverfolgbarkeit sammeln<br \/>zur Identifizierung des einzelnen Benutzers.<br \/>Bei den Analyse-Cookies kann es sich auch um Cookies von Drittanbietern (Google Analytics) handeln, zu denen Sie im Folgenden weitere Informationen finden,<br \/>die Privatsph\u00e4re des jeweiligen Inhabers.<\/p><p><strong>PROFILIERUNGS-COOKIES<\/strong><br \/>Profilierungs-Cookies haben den Zweck, die Benutzererfahrung auf der Website zu verbessern, indem sie Inhalte vorschlagen, die den ge\u00e4u\u00dferten Pr\u00e4ferenzen entsprechen.<br \/>des Benutzers w\u00e4hrend der Navigation, basierend auf dem angezeigten Inhalt und anderen Verhaltensparametern.<br \/>Der Benutzer kann entscheiden, die Verwendung einzelner Cookies auf der Website durch die entsprechenden Optionen in seinem Browser zu deaktivieren.<br \/>In diesem Fall k\u00f6nnen einige Funktionen der Website nicht verf\u00fcgbar sein.<\/p><p><strong>DRITTANBIETER-COOKIES<\/strong><br \/>Die Website verwendet einige externe Funktionen oder enth\u00e4lt einige externe Links, um die Integration mit Websites von Dritten zu verbessern.<br \/>die allgemeine Nutzung und die Sozialit\u00e4t der Website selbst (z. B. die Schaltfl\u00e4chen von Facebook, Google, Twitter usw.).<br \/>Diese Funktionen und Links k\u00f6nnen zur Verwendung von Cookies von Drittanbietern f\u00fchren, f\u00fcr die Sie bitte die spezifischen Datenschutzbestimmungen beachten, die auf der<br \/>einzelne Standorte.<br \/>Wie Sie die Cookie-Einstellungen \u00e4ndern<br \/>Die meisten Browser akzeptieren Cookies automatisch, aber der Benutzer kann die Einstellungen normalerweise so \u00e4ndern, dass<br \/>diese Funktion deaktivieren. Es ist m\u00f6glich, alle Arten von Cookies zu blockieren oder nur einige zuzulassen und diese zu deaktivieren.<br \/>andere. \u00dcber den Abschnitt \"Optionen\" oder \"Einstellungen\" im Browsermen\u00fc k\u00f6nnen Sie den Empfang von Cookies und anderen<br \/>Benutzer-Tracking und wie Sie vom Browser eine Benachrichtigung \u00fcber die Aktivierung dieser Technologien erhalten. Alternativ dazu k\u00f6nnen Sie auch<br \/>konsultieren Sie den Abschnitt 'Hilfe' der Symbolleiste in den meisten Browsern.<br \/>Sie k\u00f6nnen auch den von Ihnen verwendeten Browser aus der folgenden Liste ausw\u00e4hlen und den Anweisungen folgen: - Internet Explorer; - Chrome; - Safari;<br \/>- Firefox; - Opera. Von mobilen Ger\u00e4ten: - Android; - Safari; - Windows Phone; - Blackberry.<br \/>F\u00fcr weitere Informationen zu Cookies und zur Verwaltung von Cookie-Einstellungen (erste und\/oder dritte Partei) besuchen Sie bitte auch<br \/>der Plattform www.youronlinechoices.com. Bitte beachten Sie jedoch, dass die Deaktivierung von Navigations- oder Funktions-Cookies<br \/>eine Funktionsst\u00f6rung der Website und\/oder eine Einschr\u00e4nkung des angebotenen Dienstes verursachen.<br \/>F\u00fcr alle Anfragen lesen Sie bitte den Abschnitt Kontakt auf unserer Website und die entsprechende Datenschutzerkl\u00e4rung.<br \/>Wir danken Ihnen f\u00fcr Ihre freundliche Aufmerksamkeit und stehen Ihnen f\u00fcr weitere Ausk\u00fcnfte gerne zur Verf\u00fcgung und gr\u00fc\u00dfen Sie herzlich<\/p>\t\t\t\t\t\t\t\t<\/div>\n\t\t\t\t<\/div>\n\t\t\t\t\t<\/div>\n\t\t<\/div>\n\t\t\t\t\t<\/div>\n\t\t<\/section>\n\t\t\t\t<\/div>","protected":false},"excerpt":{"rendered":"<p>Cookie Policy COSA SONO I COOKIEI cookie sono brevi file di testo che vengono scaricati sul dispositivo dell\u2019Utente quando si visita un sito web. Ad ogni visita successiva icookie sono rimandati al sito web che li ha originati (cookie di prime parti) o a un altro sito che li riconosce (cookie di terze parti). Icookie [&hellip;]<\/p>\n","protected":false},"author":1,"featured_media":0,"parent":0,"menu_order":0,"comment_status":"closed","ping_status":"closed","template":"","meta":{"_acf_changed":false,"footnotes":""},"class_list":["post-88676","page","type-page","status-publish","hentry"],"acf":[],"_links":{"self":[{"href":"https:\/\/cannoni-conrad.com\/de\/wp-json\/wp\/v2\/pages\/88676","targetHints":{"allow":["GET"]}}],"collection":[{"href":"https:\/\/cannoni-conrad.com\/de\/wp-json\/wp\/v2\/pages"}],"about":[{"href":"https:\/\/cannoni-conrad.com\/de\/wp-json\/wp\/v2\/types\/page"}],"author":[{"embeddable":true,"href":"https:\/\/cannoni-conrad.com\/de\/wp-json\/wp\/v2\/users\/1"}],"replies":[{"embeddable":true,"href":"https:\/\/cannoni-conrad.com\/de\/wp-json\/wp\/v2\/comments?post=88676"}],"version-history":[{"count":0,"href":"https:\/\/cannoni-conrad.com\/de\/wp-json\/wp\/v2\/pages\/88676\/revisions"}],"wp:attachment":[{"href":"https:\/\/cannoni-conrad.com\/de\/wp-json\/wp\/v2\/media?parent=88676"}],"curies":[{"name":"wp","href":"https:\/\/api.w.org\/{rel}","templated":true}]}}