{"id":87517,"date":"2021-02-15T15:08:15","date_gmt":"2021-02-15T14:08:15","guid":{"rendered":"http:\/\/cannoni-conrad.com\/?page_id=87517"},"modified":"2021-02-17T09:46:46","modified_gmt":"2021-02-17T08:46:46","slug":"datenschutzbestimmungen","status":"publish","type":"page","link":"https:\/\/cannoni-conrad.com\/de\/privacy-policy\/","title":{"rendered":"Datenschutzbestimmungen"},"content":{"rendered":"<div data-elementor-type=\"wp-page\" data-elementor-id=\"87517\" class=\"elementor elementor-87517\" data-elementor-post-type=\"page\">\n\t\t\t\t\t\t<section class=\"elementor-section elementor-top-section elementor-element elementor-element-2be8767 elementor-section-boxed elementor-section-height-default elementor-section-height-default\" data-id=\"2be8767\" data-element_type=\"section\" data-e-type=\"section\" data-settings=\"{&quot;background_background&quot;:&quot;classic&quot;}\">\n\t\t\t\t\t\t<div class=\"elementor-container elementor-column-gap-default\">\n\t\t\t\t\t<div class=\"elementor-column elementor-col-100 elementor-top-column elementor-element elementor-element-8911b93\" data-id=\"8911b93\" data-element_type=\"column\" data-e-type=\"column\">\n\t\t\t<div class=\"elementor-widget-wrap elementor-element-populated\">\n\t\t\t\t\t\t<div class=\"elementor-element elementor-element-727bf4b elementor-widget elementor-widget-heading\" data-id=\"727bf4b\" data-element_type=\"widget\" data-e-type=\"widget\" data-widget_type=\"heading.default\">\n\t\t\t\t<div class=\"elementor-widget-container\">\n\t\t\t\t\t<h1 class=\"elementor-heading-title elementor-size-default\">Datenschutzbestimmungen<\/h1>\t\t\t\t<\/div>\n\t\t\t\t<\/div>\n\t\t\t\t<div class=\"elementor-element elementor-element-a1a88a0 elementor-widget elementor-widget-text-editor\" data-id=\"a1a88a0\" data-element_type=\"widget\" data-e-type=\"widget\" data-widget_type=\"text-editor.default\">\n\t\t\t\t<div class=\"elementor-widget-container\">\n\t\t\t\t\t\t\t\t\t<p style=\"text-align: center;\">Cannoni-Conrad ist die \u00f6kologische Abteilung von Mantovana Macchedil s.a.s.<\/p><p style=\"text-align: center;\">HINWEIS ZUR VERARBEITUNG PERSONENBEZOGENER DATEN - KUNDEN\/LIEFERANTEN<br \/><strong>gem\u00e4\u00df und f\u00fcr die Zwecke von Artikel 13 der Verordnung (EU) 2016\/679<br \/><\/strong><strong>(Allgemeine Datenschutzverordnung)<\/strong><\/p>\t\t\t\t\t\t\t\t<\/div>\n\t\t\t\t<\/div>\n\t\t\t\t\t<\/div>\n\t\t<\/div>\n\t\t\t\t\t<\/div>\n\t\t<\/section>\n\t\t\t\t<section class=\"elementor-section elementor-top-section elementor-element elementor-element-0d513fb elementor-section-boxed elementor-section-height-default elementor-section-height-default\" data-id=\"0d513fb\" data-element_type=\"section\" data-e-type=\"section\">\n\t\t\t\t\t\t<div class=\"elementor-container elementor-column-gap-default\">\n\t\t\t\t\t<div class=\"elementor-column elementor-col-100 elementor-top-column elementor-element elementor-element-9f988fc\" data-id=\"9f988fc\" data-element_type=\"column\" data-e-type=\"column\">\n\t\t\t<div class=\"elementor-widget-wrap elementor-element-populated\">\n\t\t\t\t\t\t<div class=\"elementor-element elementor-element-ff7fc30 elementor-widget elementor-widget-text-editor\" data-id=\"ff7fc30\" data-element_type=\"widget\" data-e-type=\"widget\" data-widget_type=\"text-editor.default\">\n\t\t\t\t<div class=\"elementor-widget-container\">\n\t\t\t\t\t\t\t\t\t<p>Sehr geehrter Kunde\/Lieferant, gem\u00e4\u00df Artikel 13 der Verordnung (EU) 2016\/679 (im Folgenden \"Verordnung\" genannt) und in Bezug auf die Sie betreffenden personenbezogenen Daten m\u00f6chte unser Unternehmen als f\u00fcr die Verarbeitung Verantwortlicher aufgrund bestehender Vertr\u00e4ge die folgenden Informationen an Sie weitergeben.<\/p><p><strong>1.<\/strong><strong style=\"background-color: transparent; color: var( --e-global-color-text ); font-family: var( --e-global-typography-text-font-family ), Sans-serif;\">Angaben zur Identifizierung des f\u00fcr die Datenverarbeitung Verantwortlichen<\/strong><\/p><p>Der Inhaber der Datenverarbeitung ist Mantovana Macchedil di Rentstore srls s.a.s. mit Sitz und Gesch\u00e4ftsstelle in Via Novellara, 1 - 46100 Mantova (MN). Die Kontaktangaben lauten wie folgt: Telefon (+39) 391294 Fax. (+39) 0376 391307 E-Mail: info@macchedil.it. Bitte beachten Sie, dass es in Anbetracht der Tatsache, dass der f\u00fcr die Verarbeitung Verantwortliche seinen Sitz in der Europ\u00e4ischen Union hat, nicht notwendig ist, einen Vertreter des f\u00fcr die Verarbeitung Verantwortlichen zu benennen.<\/p><p><strong>2. die Kontaktdaten des Datenschutzbeauftragten<\/strong><\/p><p>Nach Pr\u00fcfung der Anwendbarkeit der Bestimmungen von Artikel 37 der Verordnung wurde die Ernennung eines Datenschutzbeauftragten ausgeschlossen, da auf das Unternehmen keiner der genannten F\u00e4lle zutrifft.<\/p><p><strong>Zweck der Verarbeitung, f\u00fcr den die Daten bestimmt sind, und Rechtsgrundlage<\/strong><\/p><p>Die Verarbeitung ist auf die Durchf\u00fchrung der folgenden Aktivit\u00e4ten gerichtet: - Erf\u00fcllung gesetzlicher und\/oder vertraglicher Verpflichtungen, Erf\u00fcllung von Sitten und Gebr\u00e4uchen in Bezug auf die Gesch\u00e4ftst\u00e4tigkeit des Unternehmens; - buchhalterische und verwaltungstechnische Verarbeitung; - Verwaltung von rechtlichen Erf\u00fcllungen und Streitigkeiten; Erf\u00fcllung im Zusammenhang mit der geltenden Gesetzgebung zu Gesundheit und Sicherheit am Arbeitsplatz; - Erf\u00fcllungen im Zusammenhang mit der Anwendung des internen Managementsystems des Unternehmens; - Versendung von Mitteilungen \u00fcber Angebote und Werbeaktionen; - Benutzerregistrierung f\u00fcr E-Commerce-Zwecke; - Geolokalisierung und Registrierung der Fahrparameter von gemieteten oder geliehenen Fahrzeugen, deren Daten vom Vermieter im Falle von Diebstahl, Nichtr\u00fcckgabe des Fahrzeugs, Unf\u00e4llen oder anderen rechtswidrigen Handlungen im Zusammenhang mit dem gemieteten oder geliehenen Fahrzeug verwendet werden. Die Rechtsgrundlage f\u00fcr die Verarbeitung ist: Vertrag \u00fcber den Erwerb\/die Bereitstellung von Waren oder Dienstleistungen, Gesetzesdekret 81\/2008 in der ge\u00e4nderten und erg\u00e4nzten Fassung im Hinblick auf die geltenden Rechtsvorschriften \u00fcber Gesundheit und Sicherheit am Arbeitsplatz und die Vorschriften im Zusammenhang mit der Anwendung des B\u00fcrgerlichen Gesetzbuches und des Strafgesetzbuches.  Die Verarbeitung erfolgt durch Vorg\u00e4nge oder eine Reihe von Vorg\u00e4ngen, insbesondere: Erfassung, Registrierung, Organisation, Speicherung, Verarbeitung, \u00c4nderung, Vergleich, Verkn\u00fcpfung; Auswahl, Auszug, Abfrage, Mitteilung, Sperrung, L\u00f6schung und Vernichtung; sie erfolgt mit oder ohne Hilfe elektronischer Mittel; sie erfolgt durch die Organisation des Inhabers der Datenverarbeitung und durch vertrauensw\u00fcrdige Unternehmen, deren Liste im B\u00fcro des Inhabers der Datenverarbeitung verf\u00fcgbar ist, die unsere direkten Mitarbeiter sind und die in v\u00f6lliger Autonomie als getrennte externe Datenverwalter t\u00e4tig sind, die verpflichtet sind, selbst\u00e4ndig und gem\u00e4\u00df einem Vertrag mit unserem Unternehmen die Vorschriften zum Schutz der pers\u00f6nlichen Daten zu erf\u00fcllen. Unternehmen an die Datenschutzbestimmungen halten. Personenbezogene Daten unterliegen nicht der Weitergabe.<\/p><p><strong>4. berechtigte Interessen des f\u00fcr die Datenverarbeitung Verantwortlichen<\/strong><\/p><p>Erfolgt eine Verarbeitung im Sinne von Artikel 6 Absatz 1 Buchstabe f, so geschieht dies ausschlie\u00dflich zur Wahrung der berechtigten Interessen des f\u00fcr die Verarbeitung Verantwortlichen.<\/p><p><strong>5. empf\u00e4nger von pers\u00f6nlichen daten<\/strong><\/p><p>Die erhobenen personenbezogenen Daten k\u00f6nnen \u00fcbermittelt werden an - alle Personen, die aufgrund gesetzlicher Bestimmungen ein Recht auf Zugang zu diesen Daten haben; - unsere Mitarbeiter im Rahmen ihrer jeweiligen Aufgaben; - alle nat\u00fcrlichen und\/oder juristischen, \u00f6ffentlichen und\/oder privaten Personen, wenn sich die Weitergabe als notwendig oder zweckdienlich f\u00fcr die Aus\u00fcbung unserer T\u00e4tigkeit erweist, und zwar in der dargelegten Weise und zu den dargelegten Zwecken.<\/p><p><strong>6. die \u00dcbermittlung von personenbezogenen Daten ins Ausland<\/strong><\/p><p>Der f\u00fcr die Verarbeitung Verantwortliche hat nicht die Absicht, personenbezogene Daten an Drittl\u00e4nder oder internationale Organisationen au\u00dferhalb der Europ\u00e4ischen Union zu \u00fcbermitteln.<\/p><p><strong>7. die Aufbewahrungsfrist f\u00fcr personenbezogene Daten<\/strong><\/p><p>Die derzeit geltende Frist f\u00fcr die Datenaufbewahrung zu Steuerzwecken (10 Jahre) wird als Parameter verwendet.<\/p><p><strong>8.<\/strong><strong>Rechte der betroffenen Person<\/strong><\/p><p>Die betroffene Person hat das Recht (Kapitel III Rechte der betroffenen Person), von dem f\u00fcr die Datenverarbeitung Verantwortlichen Auskunft, Berichtigung oder L\u00f6schung personenbezogener Daten zu verlangen, sowie die Einschr\u00e4nkung oder den Widerspruch gegen ihre Verarbeitung und die Daten\u00fcbertragbarkeit. Um diese Rechte auszu\u00fcben, wenden Sie sich bitte an die oben genannten Kontaktinformationen.<\/p><p><strong>9Widerruf der Zustimmung<\/strong><\/p><p>Die betroffene Person hat das Recht, die gem\u00e4\u00df Artikel 6 Absatz 1 Buchstabe a und Artikel 9 Absatz 2 Buchstabe a erteilte Einwilligung zu widerrufen.<\/p><p><strong>10.<\/strong><strong>Recht auf Beschwerde bei der Kontrollstelle<\/strong><\/p><p>Die betroffene Person hat das Recht, eine Beschwerde bei der Aufsichtsbeh\u00f6rde einzureichen, die Sie unter folgenden Adressen erreichen k\u00f6nnen Garante per la protezione dei dati personali - Piazza di Monte Citorio n. 121 00186 ROMA Fax: (+39) 06.69677.3785 Telefonzentrale: (+39) 06.696771 E-Mail: garante@gpdp.it Zertifizierte Post: <a href=\"mailto:protocollo@pec.gpdp.it\u00a0\">protocollo@pec.gpdp.it\u00a0<\/a>. Die Hinweise und Verfahren zur Aus\u00fcbung des Beschwerderechts finden Sie auf der Website des Datenschutzbeauftragten http:\/\/www.garanteprivacy.it.<\/p><p><strong>11. die Offenlegung pers\u00f6nlicher Daten<\/strong><\/p><p>Die Mitteilung und anschlie\u00dfende Verarbeitung personenbezogener Daten ist eine notwendige Bedingung f\u00fcr den Abschluss des Vertrags mit unserem Unternehmen. Die Nichtbereitstellung dieser Informationen hat zur Folge, dass der Vertrag nicht durchsetzbar ist.<\/p><p><strong>Automatisierter Entscheidungsprozess<\/strong><\/p><p>Die erhobenen personenbezogenen Daten werden nicht Gegenstand automatisierter Entscheidungsprozesse, einschlie\u00dflich Profiling, sein.<\/p>\t\t\t\t\t\t\t\t<\/div>\n\t\t\t\t<\/div>\n\t\t\t\t\t<\/div>\n\t\t<\/div>\n\t\t\t\t\t<\/div>\n\t\t<\/section>\n\t\t\t\t<\/div>","protected":false},"excerpt":{"rendered":"<p>Privacy Policy Cannoni-Conrad \u00e8 la divisione Ecologica di Mantovana Macchedil s.a.s. INFORMATIVA AL TRATTAMENTO DEI DATI PERSONALI \u2013 CLIENTI\/FORNITORIai sensi e per gli effetti di cui all\u2019 art. 13 \u00a0del Regolamento UE 2016\/679(Regolamento generale sulla protezione dei dati personali) Gentile Cliente\/Fornitore, ai sensi dell\u2019art.13 del Regolamento UE 2016\/679 nel seguito \u201cRegolamento\u201d ed in relazione ai [&hellip;]<\/p>\n","protected":false},"author":1,"featured_media":0,"parent":0,"menu_order":0,"comment_status":"closed","ping_status":"closed","template":"","meta":{"_acf_changed":false,"footnotes":""},"class_list":["post-87517","page","type-page","status-publish","hentry"],"acf":[],"_links":{"self":[{"href":"https:\/\/cannoni-conrad.com\/de\/wp-json\/wp\/v2\/pages\/87517","targetHints":{"allow":["GET"]}}],"collection":[{"href":"https:\/\/cannoni-conrad.com\/de\/wp-json\/wp\/v2\/pages"}],"about":[{"href":"https:\/\/cannoni-conrad.com\/de\/wp-json\/wp\/v2\/types\/page"}],"author":[{"embeddable":true,"href":"https:\/\/cannoni-conrad.com\/de\/wp-json\/wp\/v2\/users\/1"}],"replies":[{"embeddable":true,"href":"https:\/\/cannoni-conrad.com\/de\/wp-json\/wp\/v2\/comments?post=87517"}],"version-history":[{"count":0,"href":"https:\/\/cannoni-conrad.com\/de\/wp-json\/wp\/v2\/pages\/87517\/revisions"}],"wp:attachment":[{"href":"https:\/\/cannoni-conrad.com\/de\/wp-json\/wp\/v2\/media?parent=87517"}],"curies":[{"name":"wp","href":"https:\/\/api.w.org\/{rel}","templated":true}]}}